{"id":232489,"date":"2015-11-02T11:41:48","date_gmt":"2015-11-02T09:41:48","guid":{"rendered":"https:\/\/sharks.ee\/vunder_2019\/lt\/product\/specialus-klijai-aleenes-aliphatic-wood\/"},"modified":"2015-11-02T11:41:48","modified_gmt":"2015-11-02T09:41:48","slug":"specialus-klijai-aleenes-aliphatic-wood","status":"publish","type":"product","link":"https:\/\/hobstop.ee\/lt\/produktas\/specialus-klijai-aleenes-aliphatic-wood\/","title":{"rendered":"Special\u016bs klijai Aleene&#8217;s Aliphatic Wood"},"content":{"rendered":"<p>Klijai \u201eAleene&#8217;s Aliphatic Mediena Glue\u201c yra greitai d\u017ei\u016bsta, itin tvirti, juos galima \u0161lifuoti ir da\u017eyti. Universal\u016bs klijai puikiai tinka medienai, nam\u0173 \u016bkio darbams, meno darbams ir rankdarbiams, baldams, r\u0117mams, medienos tekinimo ir bendriems remonto darbams.<\/p>\n","protected":false},"excerpt":{"rendered":"<p>Klijai \u201eAleene&#8217;s Aliphatic Mediena Glue\u201c yra greitai d\u017ei\u016bsta, itin tvirti, juos galima \u0161lifuoti ir da\u017eyti. Universal\u016bs klijai puikiai tinka medienai, nam\u0173 \u016bkio darbams, meno darbams ir rankdarbiams, baldams, r\u0117mams, medienos tekinimo ir bendriems remonto darbams.<\/p>\n","protected":false},"featured_media":233215,"comment_status":"closed","ping_status":"closed","template":"","meta":{"_acf_changed":false,"ep_exclude_from_search":false},"product_cat":[17919,19847,19856],"product_tag":[],"class_list":{"0":"post-232489","1":"product","2":"type-product","3":"status-publish","4":"has-post-thumbnail","6":"product_cat-pomegiu-prekes","7":"product_cat-rankdarbiu-klijai","8":"product_cat-specialus-klijai","10":"first","11":"instock","12":"taxable","13":"shipping-taxable","14":"purchasable","15":"product-type-simple"},"acf":[],"yoast_head":"<!-- This site is optimized with the Yoast SEO plugin v24.1 - https:\/\/yoast.com\/wordpress\/plugins\/seo\/ -->\n<title>Special\u016bs klijai Aleene&#039;s Aliphatic Wood &#8211; Skizze<\/title>\n<meta name=\"robots\" content=\"noindex, follow, max-snippet:-1, max-image-preview:large, max-video-preview:-1\" \/>\n<meta property=\"og:locale\" content=\"lt_LT\" \/>\n<meta property=\"og:type\" content=\"article\" \/>\n<meta property=\"og:title\" content=\"Special\u016bs klijai Aleene&#039;s Aliphatic Wood &#8211; Skizze\" \/>\n<meta property=\"og:description\" content=\"Klijai \u201eAleene&#8217;s Aliphatic Mediena Glue\u201c yra greitai d\u017ei\u016bsta, itin tvirti, juos galima \u0161lifuoti ir da\u017eyti. Universal\u016bs klijai puikiai tinka medienai, nam\u0173 \u016bkio darbams, meno darbams ir rankdarbiams, baldams, r\u0117mams, medienos tekinimo ir bendriems remonto darbams.\" \/>\n<meta property=\"og:url\" content=\"https:\/\/hobstop.ee\/lt\/produktas\/specialus-klijai-aleenes-aliphatic-wood\/\" \/>\n<meta property=\"og:site_name\" content=\"Skizze\" \/>\n<meta property=\"article:publisher\" content=\"http:\/\/www.facebook.com\/VunderSkizze\" \/>\n<meta property=\"og:image\" content=\"https:\/\/www.hobstop.ee\/media\/4024.jpg\" \/>\n\t<meta property=\"og:image:width\" content=\"1024\" \/>\n\t<meta property=\"og:image:height\" content=\"768\" \/>\n\t<meta property=\"og:image:type\" content=\"image\/jpeg\" \/>\n<meta name=\"twitter:card\" content=\"summary_large_image\" \/>\n<script type=\"application\/ld+json\" class=\"yoast-schema-graph\">{\"@context\":\"https:\/\/schema.org\",\"@graph\":[{\"@type\":\"WebPage\",\"@id\":\"https:\/\/hobstop.ee\/lt\/produktas\/specialus-klijai-aleenes-aliphatic-wood\/\",\"url\":\"https:\/\/hobstop.ee\/lt\/produktas\/specialus-klijai-aleenes-aliphatic-wood\/\",\"name\":\"Special\u016bs klijai Aleene's Aliphatic Wood &#8211; Skizze\",\"isPartOf\":{\"@id\":\"https:\/\/hobstop.ee\/lt\/#website\"},\"primaryImageOfPage\":{\"@id\":\"https:\/\/hobstop.ee\/lt\/produktas\/specialus-klijai-aleenes-aliphatic-wood\/#primaryimage\"},\"image\":{\"@id\":\"https:\/\/hobstop.ee\/lt\/produktas\/specialus-klijai-aleenes-aliphatic-wood\/#primaryimage\"},\"thumbnailUrl\":\"https:\/\/hobstop.ee\/media\/4024.jpg\",\"datePublished\":\"2015-11-02T09:41:48+00:00\",\"dateModified\":\"2015-11-02T09:41:48+00:00\",\"breadcrumb\":{\"@id\":\"https:\/\/hobstop.ee\/lt\/produktas\/specialus-klijai-aleenes-aliphatic-wood\/#breadcrumb\"},\"inLanguage\":\"lt\",\"potentialAction\":[{\"@type\":\"ReadAction\",\"target\":[\"https:\/\/hobstop.ee\/lt\/produktas\/specialus-klijai-aleenes-aliphatic-wood\/\"]}]},{\"@type\":\"ImageObject\",\"inLanguage\":\"lt\",\"@id\":\"https:\/\/hobstop.ee\/lt\/produktas\/specialus-klijai-aleenes-aliphatic-wood\/#primaryimage\",\"url\":\"https:\/\/hobstop.ee\/media\/4024.jpg\",\"contentUrl\":\"https:\/\/hobstop.ee\/media\/4024.jpg\",\"width\":1024,\"height\":768},{\"@type\":\"BreadcrumbList\",\"@id\":\"https:\/\/hobstop.ee\/lt\/produktas\/specialus-klijai-aleenes-aliphatic-wood\/#breadcrumb\",\"itemListElement\":[{\"@type\":\"ListItem\",\"position\":1,\"name\":\"Avaleht\",\"item\":\"https:\/\/hobstop.ee\/lt\/\"},{\"@type\":\"ListItem\",\"position\":2,\"name\":\"Parduotuv\u0117\",\"item\":\"https:\/\/hobstop.ee\/lt\/parduotuve\/\"},{\"@type\":\"ListItem\",\"position\":3,\"name\":\"Special\u016bs klijai Aleene&#8217;s Aliphatic Wood\"}]},{\"@type\":\"WebSite\",\"@id\":\"https:\/\/hobstop.ee\/lt\/#website\",\"url\":\"https:\/\/hobstop.ee\/lt\/\",\"name\":\"Skizze\",\"description\":\"Dail\u0117s, pom\u0117gi\u0173 ir mokykliniai reikm\u0117nys\",\"publisher\":{\"@id\":\"https:\/\/hobstop.ee\/lt\/#organization\"},\"potentialAction\":[{\"@type\":\"SearchAction\",\"target\":{\"@type\":\"EntryPoint\",\"urlTemplate\":\"https:\/\/hobstop.ee\/lt\/?s={search_term_string}\"},\"query-input\":{\"@type\":\"PropertyValueSpecification\",\"valueRequired\":true,\"valueName\":\"search_term_string\"}}],\"inLanguage\":\"lt\"},{\"@type\":\"Organization\",\"@id\":\"https:\/\/hobstop.ee\/lt\/#organization\",\"name\":\"Vunder AS\",\"url\":\"https:\/\/hobstop.ee\/lt\/\",\"logo\":{\"@type\":\"ImageObject\",\"inLanguage\":\"lt\",\"@id\":\"https:\/\/hobstop.ee\/lt\/#\/schema\/logo\/image\/\",\"url\":\"https:\/\/hobstop.ee\/media\/vunder-logo.png\",\"contentUrl\":\"https:\/\/hobstop.ee\/media\/vunder-logo.png\",\"width\":127,\"height\":55,\"caption\":\"Vunder AS\"},\"image\":{\"@id\":\"https:\/\/hobstop.ee\/lt\/#\/schema\/logo\/image\/\"},\"sameAs\":[\"http:\/\/www.facebook.com\/VunderSkizze\"]}]}<\/script>\n<!-- \/ Yoast SEO plugin. -->","yoast_head_json":{"title":"Special\u016bs klijai Aleene's Aliphatic Wood &#8211; Skizze","robots":{"index":"noindex","follow":"follow","max-snippet":"max-snippet:-1","max-image-preview":"max-image-preview:large","max-video-preview":"max-video-preview:-1"},"og_locale":"lt_LT","og_type":"article","og_title":"Special\u016bs klijai Aleene's Aliphatic Wood &#8211; Skizze","og_description":"Klijai \u201eAleene&#8217;s Aliphatic Mediena Glue\u201c yra greitai d\u017ei\u016bsta, itin tvirti, juos galima \u0161lifuoti ir da\u017eyti. Universal\u016bs klijai puikiai tinka medienai, nam\u0173 \u016bkio darbams, meno darbams ir rankdarbiams, baldams, r\u0117mams, medienos tekinimo ir bendriems remonto darbams.","og_url":"https:\/\/hobstop.ee\/lt\/produktas\/specialus-klijai-aleenes-aliphatic-wood\/","og_site_name":"Skizze","article_publisher":"http:\/\/www.facebook.com\/VunderSkizze","og_image":[{"width":1024,"height":768,"url":"https:\/\/www.hobstop.ee\/media\/4024.jpg","type":"image\/jpeg"}],"twitter_card":"summary_large_image","schema":{"@context":"https:\/\/schema.org","@graph":[{"@type":"WebPage","@id":"https:\/\/hobstop.ee\/lt\/produktas\/specialus-klijai-aleenes-aliphatic-wood\/","url":"https:\/\/hobstop.ee\/lt\/produktas\/specialus-klijai-aleenes-aliphatic-wood\/","name":"Special\u016bs klijai Aleene's Aliphatic Wood &#8211; Skizze","isPartOf":{"@id":"https:\/\/hobstop.ee\/lt\/#website"},"primaryImageOfPage":{"@id":"https:\/\/hobstop.ee\/lt\/produktas\/specialus-klijai-aleenes-aliphatic-wood\/#primaryimage"},"image":{"@id":"https:\/\/hobstop.ee\/lt\/produktas\/specialus-klijai-aleenes-aliphatic-wood\/#primaryimage"},"thumbnailUrl":"https:\/\/hobstop.ee\/media\/4024.jpg","datePublished":"2015-11-02T09:41:48+00:00","dateModified":"2015-11-02T09:41:48+00:00","breadcrumb":{"@id":"https:\/\/hobstop.ee\/lt\/produktas\/specialus-klijai-aleenes-aliphatic-wood\/#breadcrumb"},"inLanguage":"lt","potentialAction":[{"@type":"ReadAction","target":["https:\/\/hobstop.ee\/lt\/produktas\/specialus-klijai-aleenes-aliphatic-wood\/"]}]},{"@type":"ImageObject","inLanguage":"lt","@id":"https:\/\/hobstop.ee\/lt\/produktas\/specialus-klijai-aleenes-aliphatic-wood\/#primaryimage","url":"https:\/\/hobstop.ee\/media\/4024.jpg","contentUrl":"https:\/\/hobstop.ee\/media\/4024.jpg","width":1024,"height":768},{"@type":"BreadcrumbList","@id":"https:\/\/hobstop.ee\/lt\/produktas\/specialus-klijai-aleenes-aliphatic-wood\/#breadcrumb","itemListElement":[{"@type":"ListItem","position":1,"name":"Avaleht","item":"https:\/\/hobstop.ee\/lt\/"},{"@type":"ListItem","position":2,"name":"Parduotuv\u0117","item":"https:\/\/hobstop.ee\/lt\/parduotuve\/"},{"@type":"ListItem","position":3,"name":"Special\u016bs klijai Aleene&#8217;s Aliphatic Wood"}]},{"@type":"WebSite","@id":"https:\/\/hobstop.ee\/lt\/#website","url":"https:\/\/hobstop.ee\/lt\/","name":"Skizze","description":"Dail\u0117s, pom\u0117gi\u0173 ir mokykliniai reikm\u0117nys","publisher":{"@id":"https:\/\/hobstop.ee\/lt\/#organization"},"potentialAction":[{"@type":"SearchAction","target":{"@type":"EntryPoint","urlTemplate":"https:\/\/hobstop.ee\/lt\/?s={search_term_string}"},"query-input":{"@type":"PropertyValueSpecification","valueRequired":true,"valueName":"search_term_string"}}],"inLanguage":"lt"},{"@type":"Organization","@id":"https:\/\/hobstop.ee\/lt\/#organization","name":"Vunder AS","url":"https:\/\/hobstop.ee\/lt\/","logo":{"@type":"ImageObject","inLanguage":"lt","@id":"https:\/\/hobstop.ee\/lt\/#\/schema\/logo\/image\/","url":"https:\/\/hobstop.ee\/media\/vunder-logo.png","contentUrl":"https:\/\/hobstop.ee\/media\/vunder-logo.png","width":127,"height":55,"caption":"Vunder AS"},"image":{"@id":"https:\/\/hobstop.ee\/lt\/#\/schema\/logo\/image\/"},"sameAs":["http:\/\/www.facebook.com\/VunderSkizze"]}]}},"_links":{"self":[{"href":"https:\/\/hobstop.ee\/lt\/wp-json\/wp\/v2\/product\/232489","targetHints":{"allow":["GET"]}}],"collection":[{"href":"https:\/\/hobstop.ee\/lt\/wp-json\/wp\/v2\/product"}],"about":[{"href":"https:\/\/hobstop.ee\/lt\/wp-json\/wp\/v2\/types\/product"}],"replies":[{"embeddable":true,"href":"https:\/\/hobstop.ee\/lt\/wp-json\/wp\/v2\/comments?post=232489"}],"wp:featuredmedia":[{"embeddable":true,"href":"https:\/\/hobstop.ee\/lt\/wp-json\/wp\/v2\/media\/233215"}],"wp:attachment":[{"href":"https:\/\/hobstop.ee\/lt\/wp-json\/wp\/v2\/media?parent=232489"}],"wp:term":[{"taxonomy":"product_cat","embeddable":true,"href":"https:\/\/hobstop.ee\/lt\/wp-json\/wp\/v2\/product_cat?post=232489"},{"taxonomy":"product_tag","embeddable":true,"href":"https:\/\/hobstop.ee\/lt\/wp-json\/wp\/v2\/product_tag?post=232489"}],"curies":[{"name":"wp","href":"https:\/\/api.w.org\/{rel}","templated":true}]}}