{"id":232497,"date":"2015-11-02T11:41:52","date_gmt":"2015-11-02T09:41:52","guid":{"rendered":"https:\/\/sharks.ee\/vunder_2019\/lt\/product\/lipni-juostele-aleenes-tacky-line-rolls\/"},"modified":"2015-11-02T11:41:52","modified_gmt":"2015-11-02T09:41:52","slug":"lipni-juostele-aleenes-tacky-line-rolls","status":"publish","type":"product","link":"https:\/\/hobstop.ee\/lt\/produktas\/lipni-juostele-aleenes-tacky-line-rolls\/","title":{"rendered":"Lipni juostel\u0117 Aleene&#8217;s Tacky Line Rolls"},"content":{"rendered":"<p>I\u0161laisvinkite savo k\u016brybingum\u0105 su rutuliniais klijais \u201eAleene\u2019s Tacky Line Roll\u201c. Idealu naudoti, kai reikia greitai suklijuoti u\u017etepus juostel\u0119 klij\u0173 \u2013 \u0161ie skaidr\u016bs, nesusitraukiantys klijai u\u017etepami patogiu ir vienod\u0105 klij\u0173 sluoksn\u012f paliekan\u010diu rutuliuku, tod\u0117l klijuoti galima labai tiksliai. Nor\u0117dami priklijuoti, tiesiog nuimkite ir priklijuokite. Idealiai tinka popieriaus dekoravimui, skrebinimui, klas\u0117s u\u017esi\u0117mimams ir pan.<\/p>\n","protected":false},"excerpt":{"rendered":"<p>I\u0161laisvinkite savo k\u016brybingum\u0105 su rutuliniais klijais \u201eAleene\u2019s Tacky Line Roll\u201c. Idealu naudoti, kai reikia greitai suklijuoti u\u017etepus juostel\u0119 klij\u0173 \u2013 \u0161ie skaidr\u016bs, nesusitraukiantys klijai u\u017etepami patogiu ir vienod\u0105 klij\u0173 sluoksn\u012f paliekan\u010diu rutuliuku, tod\u0117l klijuoti galima labai tiksliai. Nor\u0117dami priklijuoti, tiesiog nuimkite ir priklijuokite. Idealiai tinka popieriaus dekoravimui, skrebinimui, klas\u0117s u\u017esi\u0117mimams ir pan.<\/p>\n","protected":false},"featured_media":233203,"comment_status":"closed","ping_status":"closed","template":"","meta":{"_acf_changed":false,"ep_exclude_from_search":false},"product_cat":[20039,19847,17919],"product_tag":[],"class_list":{"0":"post-232497","1":"product","2":"type-product","3":"status-publish","4":"has-post-thumbnail","6":"product_cat-kita-5","7":"product_cat-klijai-ir-lakai","8":"product_cat-pomegiu-prekes","10":"first","11":"instock","12":"taxable","13":"shipping-taxable","14":"product-type-simple"},"acf":[],"yoast_head":"<!-- This site is optimized with the Yoast SEO plugin v24.1 - https:\/\/yoast.com\/wordpress\/plugins\/seo\/ -->\n<title>Lipni juostel\u0117 Aleene&#039;s Tacky Line Rolls &#8211; Skizze<\/title>\n<meta name=\"robots\" content=\"noindex, follow, max-snippet:-1, max-image-preview:large, max-video-preview:-1\" \/>\n<meta property=\"og:locale\" content=\"lt_LT\" \/>\n<meta property=\"og:type\" content=\"article\" \/>\n<meta property=\"og:title\" content=\"Lipni juostel\u0117 Aleene&#039;s Tacky Line Rolls &#8211; Skizze\" \/>\n<meta property=\"og:description\" content=\"I\u0161laisvinkite savo k\u016brybingum\u0105 su rutuliniais klijais \u201eAleene\u2019s Tacky Line Roll\u201c. Idealu naudoti, kai reikia greitai suklijuoti u\u017etepus juostel\u0119 klij\u0173 \u2013 \u0161ie skaidr\u016bs, nesusitraukiantys klijai u\u017etepami patogiu ir vienod\u0105 klij\u0173 sluoksn\u012f paliekan\u010diu rutuliuku, tod\u0117l klijuoti galima labai tiksliai. Nor\u0117dami priklijuoti, tiesiog nuimkite ir priklijuokite. Idealiai tinka popieriaus dekoravimui, skrebinimui, klas\u0117s u\u017esi\u0117mimams ir pan.\" \/>\n<meta property=\"og:url\" content=\"https:\/\/hobstop.ee\/lt\/produktas\/lipni-juostele-aleenes-tacky-line-rolls\/\" \/>\n<meta property=\"og:site_name\" content=\"Skizze\" \/>\n<meta property=\"article:publisher\" content=\"http:\/\/www.facebook.com\/VunderSkizze\" \/>\n<meta property=\"og:image\" content=\"https:\/\/hobstop.ee\/media\/4026.jpg\" \/>\n\t<meta property=\"og:image:width\" content=\"1024\" \/>\n\t<meta property=\"og:image:height\" content=\"768\" \/>\n\t<meta property=\"og:image:type\" content=\"image\/jpeg\" \/>\n<meta name=\"twitter:card\" content=\"summary_large_image\" \/>\n<script type=\"application\/ld+json\" class=\"yoast-schema-graph\">{\"@context\":\"https:\/\/schema.org\",\"@graph\":[{\"@type\":\"WebPage\",\"@id\":\"https:\/\/hobstop.ee\/lt\/produktas\/lipni-juostele-aleenes-tacky-line-rolls\/\",\"url\":\"https:\/\/hobstop.ee\/lt\/produktas\/lipni-juostele-aleenes-tacky-line-rolls\/\",\"name\":\"Lipni juostel\u0117 Aleene's Tacky Line Rolls &#8211; Skizze\",\"isPartOf\":{\"@id\":\"https:\/\/hobstop.ee\/lt\/#website\"},\"primaryImageOfPage\":{\"@id\":\"https:\/\/hobstop.ee\/lt\/produktas\/lipni-juostele-aleenes-tacky-line-rolls\/#primaryimage\"},\"image\":{\"@id\":\"https:\/\/hobstop.ee\/lt\/produktas\/lipni-juostele-aleenes-tacky-line-rolls\/#primaryimage\"},\"thumbnailUrl\":\"https:\/\/hobstop.ee\/media\/4026.jpg\",\"datePublished\":\"2015-11-02T09:41:52+00:00\",\"dateModified\":\"2015-11-02T09:41:52+00:00\",\"breadcrumb\":{\"@id\":\"https:\/\/hobstop.ee\/lt\/produktas\/lipni-juostele-aleenes-tacky-line-rolls\/#breadcrumb\"},\"inLanguage\":\"lt\",\"potentialAction\":[{\"@type\":\"ReadAction\",\"target\":[\"https:\/\/hobstop.ee\/lt\/produktas\/lipni-juostele-aleenes-tacky-line-rolls\/\"]}]},{\"@type\":\"ImageObject\",\"inLanguage\":\"lt\",\"@id\":\"https:\/\/hobstop.ee\/lt\/produktas\/lipni-juostele-aleenes-tacky-line-rolls\/#primaryimage\",\"url\":\"https:\/\/hobstop.ee\/media\/4026.jpg\",\"contentUrl\":\"https:\/\/hobstop.ee\/media\/4026.jpg\",\"width\":1024,\"height\":768},{\"@type\":\"BreadcrumbList\",\"@id\":\"https:\/\/hobstop.ee\/lt\/produktas\/lipni-juostele-aleenes-tacky-line-rolls\/#breadcrumb\",\"itemListElement\":[{\"@type\":\"ListItem\",\"position\":1,\"name\":\"Avaleht\",\"item\":\"https:\/\/hobstop.ee\/lt\/\"},{\"@type\":\"ListItem\",\"position\":2,\"name\":\"Parduotuv\u0117\",\"item\":\"https:\/\/hobstop.ee\/lt\/parduotuve\/\"},{\"@type\":\"ListItem\",\"position\":3,\"name\":\"Lipni juostel\u0117 Aleene&#8217;s Tacky Line Rolls\"}]},{\"@type\":\"WebSite\",\"@id\":\"https:\/\/hobstop.ee\/lt\/#website\",\"url\":\"https:\/\/hobstop.ee\/lt\/\",\"name\":\"Skizze\",\"description\":\"Dail\u0117s, pom\u0117gi\u0173 ir mokykliniai reikm\u0117nys\",\"publisher\":{\"@id\":\"https:\/\/hobstop.ee\/lt\/#organization\"},\"potentialAction\":[{\"@type\":\"SearchAction\",\"target\":{\"@type\":\"EntryPoint\",\"urlTemplate\":\"https:\/\/hobstop.ee\/lt\/?s={search_term_string}\"},\"query-input\":{\"@type\":\"PropertyValueSpecification\",\"valueRequired\":true,\"valueName\":\"search_term_string\"}}],\"inLanguage\":\"lt\"},{\"@type\":\"Organization\",\"@id\":\"https:\/\/hobstop.ee\/lt\/#organization\",\"name\":\"Vunder AS\",\"url\":\"https:\/\/hobstop.ee\/lt\/\",\"logo\":{\"@type\":\"ImageObject\",\"inLanguage\":\"lt\",\"@id\":\"https:\/\/hobstop.ee\/lt\/#\/schema\/logo\/image\/\",\"url\":\"https:\/\/hobstop.ee\/media\/vunder-logo.png\",\"contentUrl\":\"https:\/\/hobstop.ee\/media\/vunder-logo.png\",\"width\":127,\"height\":55,\"caption\":\"Vunder AS\"},\"image\":{\"@id\":\"https:\/\/hobstop.ee\/lt\/#\/schema\/logo\/image\/\"},\"sameAs\":[\"http:\/\/www.facebook.com\/VunderSkizze\"]}]}<\/script>\n<!-- \/ Yoast SEO plugin. -->","yoast_head_json":{"title":"Lipni juostel\u0117 Aleene's Tacky Line Rolls &#8211; Skizze","robots":{"index":"noindex","follow":"follow","max-snippet":"max-snippet:-1","max-image-preview":"max-image-preview:large","max-video-preview":"max-video-preview:-1"},"og_locale":"lt_LT","og_type":"article","og_title":"Lipni juostel\u0117 Aleene's Tacky Line Rolls &#8211; Skizze","og_description":"I\u0161laisvinkite savo k\u016brybingum\u0105 su rutuliniais klijais \u201eAleene\u2019s Tacky Line Roll\u201c. Idealu naudoti, kai reikia greitai suklijuoti u\u017etepus juostel\u0119 klij\u0173 \u2013 \u0161ie skaidr\u016bs, nesusitraukiantys klijai u\u017etepami patogiu ir vienod\u0105 klij\u0173 sluoksn\u012f paliekan\u010diu rutuliuku, tod\u0117l klijuoti galima labai tiksliai. Nor\u0117dami priklijuoti, tiesiog nuimkite ir priklijuokite. Idealiai tinka popieriaus dekoravimui, skrebinimui, klas\u0117s u\u017esi\u0117mimams ir pan.","og_url":"https:\/\/hobstop.ee\/lt\/produktas\/lipni-juostele-aleenes-tacky-line-rolls\/","og_site_name":"Skizze","article_publisher":"http:\/\/www.facebook.com\/VunderSkizze","og_image":[{"width":1024,"height":768,"url":"https:\/\/hobstop.ee\/media\/4026.jpg","type":"image\/jpeg"}],"twitter_card":"summary_large_image","schema":{"@context":"https:\/\/schema.org","@graph":[{"@type":"WebPage","@id":"https:\/\/hobstop.ee\/lt\/produktas\/lipni-juostele-aleenes-tacky-line-rolls\/","url":"https:\/\/hobstop.ee\/lt\/produktas\/lipni-juostele-aleenes-tacky-line-rolls\/","name":"Lipni juostel\u0117 Aleene's Tacky Line Rolls &#8211; Skizze","isPartOf":{"@id":"https:\/\/hobstop.ee\/lt\/#website"},"primaryImageOfPage":{"@id":"https:\/\/hobstop.ee\/lt\/produktas\/lipni-juostele-aleenes-tacky-line-rolls\/#primaryimage"},"image":{"@id":"https:\/\/hobstop.ee\/lt\/produktas\/lipni-juostele-aleenes-tacky-line-rolls\/#primaryimage"},"thumbnailUrl":"https:\/\/hobstop.ee\/media\/4026.jpg","datePublished":"2015-11-02T09:41:52+00:00","dateModified":"2015-11-02T09:41:52+00:00","breadcrumb":{"@id":"https:\/\/hobstop.ee\/lt\/produktas\/lipni-juostele-aleenes-tacky-line-rolls\/#breadcrumb"},"inLanguage":"lt","potentialAction":[{"@type":"ReadAction","target":["https:\/\/hobstop.ee\/lt\/produktas\/lipni-juostele-aleenes-tacky-line-rolls\/"]}]},{"@type":"ImageObject","inLanguage":"lt","@id":"https:\/\/hobstop.ee\/lt\/produktas\/lipni-juostele-aleenes-tacky-line-rolls\/#primaryimage","url":"https:\/\/hobstop.ee\/media\/4026.jpg","contentUrl":"https:\/\/hobstop.ee\/media\/4026.jpg","width":1024,"height":768},{"@type":"BreadcrumbList","@id":"https:\/\/hobstop.ee\/lt\/produktas\/lipni-juostele-aleenes-tacky-line-rolls\/#breadcrumb","itemListElement":[{"@type":"ListItem","position":1,"name":"Avaleht","item":"https:\/\/hobstop.ee\/lt\/"},{"@type":"ListItem","position":2,"name":"Parduotuv\u0117","item":"https:\/\/hobstop.ee\/lt\/parduotuve\/"},{"@type":"ListItem","position":3,"name":"Lipni juostel\u0117 Aleene&#8217;s Tacky Line Rolls"}]},{"@type":"WebSite","@id":"https:\/\/hobstop.ee\/lt\/#website","url":"https:\/\/hobstop.ee\/lt\/","name":"Skizze","description":"Dail\u0117s, pom\u0117gi\u0173 ir mokykliniai reikm\u0117nys","publisher":{"@id":"https:\/\/hobstop.ee\/lt\/#organization"},"potentialAction":[{"@type":"SearchAction","target":{"@type":"EntryPoint","urlTemplate":"https:\/\/hobstop.ee\/lt\/?s={search_term_string}"},"query-input":{"@type":"PropertyValueSpecification","valueRequired":true,"valueName":"search_term_string"}}],"inLanguage":"lt"},{"@type":"Organization","@id":"https:\/\/hobstop.ee\/lt\/#organization","name":"Vunder AS","url":"https:\/\/hobstop.ee\/lt\/","logo":{"@type":"ImageObject","inLanguage":"lt","@id":"https:\/\/hobstop.ee\/lt\/#\/schema\/logo\/image\/","url":"https:\/\/hobstop.ee\/media\/vunder-logo.png","contentUrl":"https:\/\/hobstop.ee\/media\/vunder-logo.png","width":127,"height":55,"caption":"Vunder AS"},"image":{"@id":"https:\/\/hobstop.ee\/lt\/#\/schema\/logo\/image\/"},"sameAs":["http:\/\/www.facebook.com\/VunderSkizze"]}]}},"_links":{"self":[{"href":"https:\/\/hobstop.ee\/lt\/wp-json\/wp\/v2\/product\/232497","targetHints":{"allow":["GET"]}}],"collection":[{"href":"https:\/\/hobstop.ee\/lt\/wp-json\/wp\/v2\/product"}],"about":[{"href":"https:\/\/hobstop.ee\/lt\/wp-json\/wp\/v2\/types\/product"}],"replies":[{"embeddable":true,"href":"https:\/\/hobstop.ee\/lt\/wp-json\/wp\/v2\/comments?post=232497"}],"wp:featuredmedia":[{"embeddable":true,"href":"https:\/\/hobstop.ee\/lt\/wp-json\/wp\/v2\/media\/233203"}],"wp:attachment":[{"href":"https:\/\/hobstop.ee\/lt\/wp-json\/wp\/v2\/media?parent=232497"}],"wp:term":[{"taxonomy":"product_cat","embeddable":true,"href":"https:\/\/hobstop.ee\/lt\/wp-json\/wp\/v2\/product_cat?post=232497"},{"taxonomy":"product_tag","embeddable":true,"href":"https:\/\/hobstop.ee\/lt\/wp-json\/wp\/v2\/product_tag?post=232497"}],"curies":[{"name":"wp","href":"https:\/\/api.w.org\/{rel}","templated":true}]}}