{"id":232505,"date":"2015-11-02T11:41:56","date_gmt":"2015-11-02T09:41:56","guid":{"rendered":"https:\/\/sharks.ee\/vunder_2019\/lt\/product\/pramoniniai-klijai-liquid-fusion-clear-urethane\/"},"modified":"2015-11-02T11:41:56","modified_gmt":"2015-11-02T09:41:56","slug":"pramoniniai-klijai-liquid-fusion-clear-urethane","status":"publish","type":"product","link":"https:\/\/hobstop.ee\/lt\/produktas\/pramoniniai-klijai-liquid-fusion-clear-urethane\/","title":{"rendered":"Pramoniniai klijai Liquid Fusion Clear Urethane"},"content":{"rendered":"<p>Skysti \u201eFusion Clear\u201c uretano klijai savo  i\u0161skirtin\u0117mis savyb\u0117mis: universalumu, patvarumu, sugriauna tradicini\u0173 uretano klij\u0173 tradicijas, be to jie yra nenuodingi, nesudaro put\u0173 ir beveik bekvapiai. Unikali, skaidri sud\u0117tis u\u017etikrina, kad klijai pavir\u0161ius suklijuos tvirtai suformuodami vandeniu atsparias si\u016bles, kurios u\u017etikrina suklijuoto daikto tvirtum\u0105 ir patvarum\u0105. Nesvarbu, ar klijuojamas daiktas yra didelis ar ma\u017eas, jei reikia tvirtai suklijuoti, pasitik\u0117kite \u201eLiquid Fusion\u201c ir darbas bus tikrai padarytas. D\u017ei\u016bsta greitai, i\u0161d\u017eiuv\u0119 tampa skaidr\u016bs, galima naudoti vidaus patalpos ir lauke. Skirti poringiems, neriebiems pavir\u0161iams, pavyzd\u017eiui, medienai, neglaz\u016bruotoms plytel\u0117ms, audiniams klijuoti. Galima naudoti norint suklijuoti nedidelius, neporingus pavir\u0161ius.<\/p>\n","protected":false},"excerpt":{"rendered":"<p>Skysti \u201eFusion Clear\u201c uretano klijai savo i\u0161skirtin\u0117mis savyb\u0117mis: universalumu, patvarumu, sugriauna tradicini\u0173 uretano klij\u0173 tradicijas, be to jie yra nenuodingi, nesudaro put\u0173 ir beveik bekvapiai. Unikali, skaidri sud\u0117tis u\u017etikrina, kad klijai pavir\u0161ius suklijuos tvirtai suformuodami vandeniu atsparias si\u016bles, kurios u\u017etikrina suklijuoto daikto tvirtum\u0105 ir patvarum\u0105. Nesvarbu, ar klijuojamas daiktas yra didelis ar ma\u017eas, jei reikia tvirtai suklijuoti, pasitik\u0117kite \u201eLiquid Fusion\u201c ir darbas bus tikrai padarytas. D\u017ei\u016bsta greitai, i\u0161d\u017eiuv\u0119 tampa skaidr\u016bs, galima naudoti vidaus patalpos ir lauke. Skirti poringiems, neriebiems pavir\u0161iams, pavyzd\u017eiui, medienai, neglaz\u016bruotoms plytel\u0117ms, audiniams klijuoti. Galima naudoti norint suklijuoti nedidelius, neporingus pavir\u0161ius.<\/p>\n","protected":false},"featured_media":233212,"comment_status":"closed","ping_status":"closed","template":"","meta":{"_acf_changed":false,"ep_exclude_from_search":false},"product_cat":[17919,19859,19847],"product_tag":[],"class_list":{"0":"post-232505","1":"product","2":"type-product","3":"status-publish","4":"has-post-thumbnail","6":"product_cat-pomegiu-prekes","7":"product_cat-pramoniniai-klijai","8":"product_cat-rankdarbiu-klijai","10":"first","11":"outofstock","12":"taxable","13":"shipping-taxable","14":"purchasable","15":"product-type-simple"},"acf":[],"yoast_head":"<!-- This site is optimized with the Yoast SEO plugin v24.1 - https:\/\/yoast.com\/wordpress\/plugins\/seo\/ -->\n<title>Pramoniniai klijai Liquid Fusion Clear Urethane &#8211; Skizze<\/title>\n<meta name=\"robots\" content=\"noindex, follow, max-snippet:-1, max-image-preview:large, max-video-preview:-1\" \/>\n<meta property=\"og:locale\" content=\"lt_LT\" \/>\n<meta property=\"og:type\" content=\"article\" \/>\n<meta property=\"og:title\" content=\"Pramoniniai klijai Liquid Fusion Clear Urethane &#8211; Skizze\" \/>\n<meta property=\"og:description\" content=\"Skysti \u201eFusion Clear\u201c uretano klijai savo i\u0161skirtin\u0117mis savyb\u0117mis: universalumu, patvarumu, sugriauna tradicini\u0173 uretano klij\u0173 tradicijas, be to jie yra nenuodingi, nesudaro put\u0173 ir beveik bekvapiai. Unikali, skaidri sud\u0117tis u\u017etikrina, kad klijai pavir\u0161ius suklijuos tvirtai suformuodami vandeniu atsparias si\u016bles, kurios u\u017etikrina suklijuoto daikto tvirtum\u0105 ir patvarum\u0105. Nesvarbu, ar klijuojamas daiktas yra didelis ar ma\u017eas, jei reikia tvirtai suklijuoti, pasitik\u0117kite \u201eLiquid Fusion\u201c ir darbas bus tikrai padarytas. D\u017ei\u016bsta greitai, i\u0161d\u017eiuv\u0119 tampa skaidr\u016bs, galima naudoti vidaus patalpos ir lauke. Skirti poringiems, neriebiems pavir\u0161iams, pavyzd\u017eiui, medienai, neglaz\u016bruotoms plytel\u0117ms, audiniams klijuoti. Galima naudoti norint suklijuoti nedidelius, neporingus pavir\u0161ius.\" \/>\n<meta property=\"og:url\" content=\"https:\/\/hobstop.ee\/lt\/produktas\/pramoniniai-klijai-liquid-fusion-clear-urethane\/\" \/>\n<meta property=\"og:site_name\" content=\"Skizze\" \/>\n<meta property=\"article:publisher\" content=\"http:\/\/www.facebook.com\/VunderSkizze\" \/>\n<meta property=\"og:image\" content=\"https:\/\/hobstop.ee\/media\/4028.jpg\" \/>\n\t<meta property=\"og:image:width\" content=\"1024\" \/>\n\t<meta property=\"og:image:height\" content=\"768\" \/>\n\t<meta property=\"og:image:type\" content=\"image\/jpeg\" \/>\n<meta name=\"twitter:card\" content=\"summary_large_image\" \/>\n<meta name=\"twitter:label1\" content=\"Est. reading time\" \/>\n\t<meta name=\"twitter:data1\" content=\"1 minute\" \/>\n<script type=\"application\/ld+json\" class=\"yoast-schema-graph\">{\"@context\":\"https:\/\/schema.org\",\"@graph\":[{\"@type\":\"WebPage\",\"@id\":\"https:\/\/hobstop.ee\/lt\/produktas\/pramoniniai-klijai-liquid-fusion-clear-urethane\/\",\"url\":\"https:\/\/hobstop.ee\/lt\/produktas\/pramoniniai-klijai-liquid-fusion-clear-urethane\/\",\"name\":\"Pramoniniai klijai Liquid Fusion Clear Urethane &#8211; Skizze\",\"isPartOf\":{\"@id\":\"https:\/\/hobstop.ee\/lt\/#website\"},\"primaryImageOfPage\":{\"@id\":\"https:\/\/hobstop.ee\/lt\/produktas\/pramoniniai-klijai-liquid-fusion-clear-urethane\/#primaryimage\"},\"image\":{\"@id\":\"https:\/\/hobstop.ee\/lt\/produktas\/pramoniniai-klijai-liquid-fusion-clear-urethane\/#primaryimage\"},\"thumbnailUrl\":\"https:\/\/hobstop.ee\/media\/4028.jpg\",\"datePublished\":\"2015-11-02T09:41:56+00:00\",\"dateModified\":\"2015-11-02T09:41:56+00:00\",\"breadcrumb\":{\"@id\":\"https:\/\/hobstop.ee\/lt\/produktas\/pramoniniai-klijai-liquid-fusion-clear-urethane\/#breadcrumb\"},\"inLanguage\":\"lt\",\"potentialAction\":[{\"@type\":\"ReadAction\",\"target\":[\"https:\/\/hobstop.ee\/lt\/produktas\/pramoniniai-klijai-liquid-fusion-clear-urethane\/\"]}]},{\"@type\":\"ImageObject\",\"inLanguage\":\"lt\",\"@id\":\"https:\/\/hobstop.ee\/lt\/produktas\/pramoniniai-klijai-liquid-fusion-clear-urethane\/#primaryimage\",\"url\":\"https:\/\/hobstop.ee\/media\/4028.jpg\",\"contentUrl\":\"https:\/\/hobstop.ee\/media\/4028.jpg\",\"width\":1024,\"height\":768},{\"@type\":\"BreadcrumbList\",\"@id\":\"https:\/\/hobstop.ee\/lt\/produktas\/pramoniniai-klijai-liquid-fusion-clear-urethane\/#breadcrumb\",\"itemListElement\":[{\"@type\":\"ListItem\",\"position\":1,\"name\":\"Avaleht\",\"item\":\"https:\/\/hobstop.ee\/lt\/\"},{\"@type\":\"ListItem\",\"position\":2,\"name\":\"Parduotuv\u0117\",\"item\":\"https:\/\/hobstop.ee\/lt\/parduotuve\/\"},{\"@type\":\"ListItem\",\"position\":3,\"name\":\"Pramoniniai klijai Liquid Fusion Clear Urethane\"}]},{\"@type\":\"WebSite\",\"@id\":\"https:\/\/hobstop.ee\/lt\/#website\",\"url\":\"https:\/\/hobstop.ee\/lt\/\",\"name\":\"Skizze\",\"description\":\"Dail\u0117s, pom\u0117gi\u0173 ir mokykliniai reikm\u0117nys\",\"publisher\":{\"@id\":\"https:\/\/hobstop.ee\/lt\/#organization\"},\"potentialAction\":[{\"@type\":\"SearchAction\",\"target\":{\"@type\":\"EntryPoint\",\"urlTemplate\":\"https:\/\/hobstop.ee\/lt\/?s={search_term_string}\"},\"query-input\":{\"@type\":\"PropertyValueSpecification\",\"valueRequired\":true,\"valueName\":\"search_term_string\"}}],\"inLanguage\":\"lt\"},{\"@type\":\"Organization\",\"@id\":\"https:\/\/hobstop.ee\/lt\/#organization\",\"name\":\"Vunder AS\",\"url\":\"https:\/\/hobstop.ee\/lt\/\",\"logo\":{\"@type\":\"ImageObject\",\"inLanguage\":\"lt\",\"@id\":\"https:\/\/hobstop.ee\/lt\/#\/schema\/logo\/image\/\",\"url\":\"https:\/\/hobstop.ee\/media\/vunder-logo.png\",\"contentUrl\":\"https:\/\/hobstop.ee\/media\/vunder-logo.png\",\"width\":127,\"height\":55,\"caption\":\"Vunder AS\"},\"image\":{\"@id\":\"https:\/\/hobstop.ee\/lt\/#\/schema\/logo\/image\/\"},\"sameAs\":[\"http:\/\/www.facebook.com\/VunderSkizze\"]}]}<\/script>\n<!-- \/ Yoast SEO plugin. -->","yoast_head_json":{"title":"Pramoniniai klijai Liquid Fusion Clear Urethane &#8211; Skizze","robots":{"index":"noindex","follow":"follow","max-snippet":"max-snippet:-1","max-image-preview":"max-image-preview:large","max-video-preview":"max-video-preview:-1"},"og_locale":"lt_LT","og_type":"article","og_title":"Pramoniniai klijai Liquid Fusion Clear Urethane &#8211; Skizze","og_description":"Skysti \u201eFusion Clear\u201c uretano klijai savo i\u0161skirtin\u0117mis savyb\u0117mis: universalumu, patvarumu, sugriauna tradicini\u0173 uretano klij\u0173 tradicijas, be to jie yra nenuodingi, nesudaro put\u0173 ir beveik bekvapiai. Unikali, skaidri sud\u0117tis u\u017etikrina, kad klijai pavir\u0161ius suklijuos tvirtai suformuodami vandeniu atsparias si\u016bles, kurios u\u017etikrina suklijuoto daikto tvirtum\u0105 ir patvarum\u0105. Nesvarbu, ar klijuojamas daiktas yra didelis ar ma\u017eas, jei reikia tvirtai suklijuoti, pasitik\u0117kite \u201eLiquid Fusion\u201c ir darbas bus tikrai padarytas. D\u017ei\u016bsta greitai, i\u0161d\u017eiuv\u0119 tampa skaidr\u016bs, galima naudoti vidaus patalpos ir lauke. Skirti poringiems, neriebiems pavir\u0161iams, pavyzd\u017eiui, medienai, neglaz\u016bruotoms plytel\u0117ms, audiniams klijuoti. Galima naudoti norint suklijuoti nedidelius, neporingus pavir\u0161ius.","og_url":"https:\/\/hobstop.ee\/lt\/produktas\/pramoniniai-klijai-liquid-fusion-clear-urethane\/","og_site_name":"Skizze","article_publisher":"http:\/\/www.facebook.com\/VunderSkizze","og_image":[{"width":1024,"height":768,"url":"https:\/\/hobstop.ee\/media\/4028.jpg","type":"image\/jpeg"}],"twitter_card":"summary_large_image","twitter_misc":{"Est. reading time":"1 minute"},"schema":{"@context":"https:\/\/schema.org","@graph":[{"@type":"WebPage","@id":"https:\/\/hobstop.ee\/lt\/produktas\/pramoniniai-klijai-liquid-fusion-clear-urethane\/","url":"https:\/\/hobstop.ee\/lt\/produktas\/pramoniniai-klijai-liquid-fusion-clear-urethane\/","name":"Pramoniniai klijai Liquid Fusion Clear Urethane &#8211; Skizze","isPartOf":{"@id":"https:\/\/hobstop.ee\/lt\/#website"},"primaryImageOfPage":{"@id":"https:\/\/hobstop.ee\/lt\/produktas\/pramoniniai-klijai-liquid-fusion-clear-urethane\/#primaryimage"},"image":{"@id":"https:\/\/hobstop.ee\/lt\/produktas\/pramoniniai-klijai-liquid-fusion-clear-urethane\/#primaryimage"},"thumbnailUrl":"https:\/\/hobstop.ee\/media\/4028.jpg","datePublished":"2015-11-02T09:41:56+00:00","dateModified":"2015-11-02T09:41:56+00:00","breadcrumb":{"@id":"https:\/\/hobstop.ee\/lt\/produktas\/pramoniniai-klijai-liquid-fusion-clear-urethane\/#breadcrumb"},"inLanguage":"lt","potentialAction":[{"@type":"ReadAction","target":["https:\/\/hobstop.ee\/lt\/produktas\/pramoniniai-klijai-liquid-fusion-clear-urethane\/"]}]},{"@type":"ImageObject","inLanguage":"lt","@id":"https:\/\/hobstop.ee\/lt\/produktas\/pramoniniai-klijai-liquid-fusion-clear-urethane\/#primaryimage","url":"https:\/\/hobstop.ee\/media\/4028.jpg","contentUrl":"https:\/\/hobstop.ee\/media\/4028.jpg","width":1024,"height":768},{"@type":"BreadcrumbList","@id":"https:\/\/hobstop.ee\/lt\/produktas\/pramoniniai-klijai-liquid-fusion-clear-urethane\/#breadcrumb","itemListElement":[{"@type":"ListItem","position":1,"name":"Avaleht","item":"https:\/\/hobstop.ee\/lt\/"},{"@type":"ListItem","position":2,"name":"Parduotuv\u0117","item":"https:\/\/hobstop.ee\/lt\/parduotuve\/"},{"@type":"ListItem","position":3,"name":"Pramoniniai klijai Liquid Fusion Clear Urethane"}]},{"@type":"WebSite","@id":"https:\/\/hobstop.ee\/lt\/#website","url":"https:\/\/hobstop.ee\/lt\/","name":"Skizze","description":"Dail\u0117s, pom\u0117gi\u0173 ir mokykliniai reikm\u0117nys","publisher":{"@id":"https:\/\/hobstop.ee\/lt\/#organization"},"potentialAction":[{"@type":"SearchAction","target":{"@type":"EntryPoint","urlTemplate":"https:\/\/hobstop.ee\/lt\/?s={search_term_string}"},"query-input":{"@type":"PropertyValueSpecification","valueRequired":true,"valueName":"search_term_string"}}],"inLanguage":"lt"},{"@type":"Organization","@id":"https:\/\/hobstop.ee\/lt\/#organization","name":"Vunder AS","url":"https:\/\/hobstop.ee\/lt\/","logo":{"@type":"ImageObject","inLanguage":"lt","@id":"https:\/\/hobstop.ee\/lt\/#\/schema\/logo\/image\/","url":"https:\/\/hobstop.ee\/media\/vunder-logo.png","contentUrl":"https:\/\/hobstop.ee\/media\/vunder-logo.png","width":127,"height":55,"caption":"Vunder AS"},"image":{"@id":"https:\/\/hobstop.ee\/lt\/#\/schema\/logo\/image\/"},"sameAs":["http:\/\/www.facebook.com\/VunderSkizze"]}]}},"_links":{"self":[{"href":"https:\/\/hobstop.ee\/lt\/wp-json\/wp\/v2\/product\/232505","targetHints":{"allow":["GET"]}}],"collection":[{"href":"https:\/\/hobstop.ee\/lt\/wp-json\/wp\/v2\/product"}],"about":[{"href":"https:\/\/hobstop.ee\/lt\/wp-json\/wp\/v2\/types\/product"}],"replies":[{"embeddable":true,"href":"https:\/\/hobstop.ee\/lt\/wp-json\/wp\/v2\/comments?post=232505"}],"wp:featuredmedia":[{"embeddable":true,"href":"https:\/\/hobstop.ee\/lt\/wp-json\/wp\/v2\/media\/233212"}],"wp:attachment":[{"href":"https:\/\/hobstop.ee\/lt\/wp-json\/wp\/v2\/media?parent=232505"}],"wp:term":[{"taxonomy":"product_cat","embeddable":true,"href":"https:\/\/hobstop.ee\/lt\/wp-json\/wp\/v2\/product_cat?post=232505"},{"taxonomy":"product_tag","embeddable":true,"href":"https:\/\/hobstop.ee\/lt\/wp-json\/wp\/v2\/product_tag?post=232505"}],"curies":[{"name":"wp","href":"https:\/\/api.w.org\/{rel}","templated":true}]}}