{"id":232509,"date":"2015-11-02T11:41:58","date_gmt":"2015-11-02T09:41:58","guid":{"rendered":"https:\/\/sharks.ee\/vunder_2019\/lt\/product\/universalus-klijai-aleenes-clear-gel-tacky\/"},"modified":"2015-11-02T11:41:58","modified_gmt":"2015-11-02T09:41:58","slug":"universalus-klijai-aleenes-clear-gel-tacky","status":"publish","type":"product","link":"https:\/\/hobstop.ee\/lt\/produktas\/universalus-klijai-aleenes-clear-gel-tacky\/","title":{"rendered":"Universal\u016bs klijai Aleene&#8217;s Clear Gel Tacky"},"content":{"rendered":"<p>Klijai \u201eAleene&#8217;s Clear Gel Tacky Glue\u201c yra itin lipn\u016bs ir skaidr\u016bs. Puikiai tinkantys \u012fvairiems pavir\u0161iams universal\u016bs klijai yra nenuodingi, i\u0161d\u017eiuv\u0119 tampa visi\u0161kai skaidr\u016bs, tod\u0117l niekada nereik\u0117s jaudintis d\u0117l tamsi\u0173 d\u0117mi\u0173 ant darbo. Jei Jums reikia patvari\u0173 ir skaidri\u0173 klij\u0173, pasitik\u0117kite stebuklingu \u201eAleene&#8217;s Clear Gel Tacky Glue\u201c klij\u0173 poveikiu.<\/p>\n","protected":false},"excerpt":{"rendered":"<p>Klijai \u201eAleene&#8217;s Clear Gel Tacky Glue\u201c yra itin lipn\u016bs ir skaidr\u016bs. Puikiai tinkantys \u012fvairiems pavir\u0161iams universal\u016bs klijai yra nenuodingi, i\u0161d\u017eiuv\u0119 tampa visi\u0161kai skaidr\u016bs, tod\u0117l niekada nereik\u0117s jaudintis d\u0117l tamsi\u0173 d\u0117mi\u0173 ant darbo. Jei Jums reikia patvari\u0173 ir skaidri\u0173 klij\u0173, pasitik\u0117kite stebuklingu \u201eAleene&#8217;s Clear Gel Tacky Glue\u201c klij\u0173 poveikiu.<\/p>\n","protected":false},"featured_media":233226,"comment_status":"closed","ping_status":"closed","template":"","meta":{"_acf_changed":false,"ep_exclude_from_search":false},"product_cat":[17919,19847,19850],"product_tag":[],"class_list":{"0":"post-232509","1":"product","2":"type-product","3":"status-publish","4":"has-post-thumbnail","6":"product_cat-pomegiu-prekes","7":"product_cat-rankdarbiu-klijai","8":"product_cat-universalus-klijai","10":"first","11":"instock","12":"taxable","13":"shipping-taxable","14":"purchasable","15":"product-type-simple"},"acf":[],"yoast_head":"<!-- This site is optimized with the Yoast SEO plugin v24.1 - https:\/\/yoast.com\/wordpress\/plugins\/seo\/ -->\n<title>Universal\u016bs klijai Aleene&#039;s Clear Gel Tacky &#8211; Skizze<\/title>\n<meta name=\"robots\" content=\"noindex, follow, max-snippet:-1, max-image-preview:large, max-video-preview:-1\" \/>\n<meta property=\"og:locale\" content=\"lt_LT\" \/>\n<meta property=\"og:type\" content=\"article\" \/>\n<meta property=\"og:title\" content=\"Universal\u016bs klijai Aleene&#039;s Clear Gel Tacky &#8211; Skizze\" \/>\n<meta property=\"og:description\" content=\"Klijai \u201eAleene&#8217;s Clear Gel Tacky Glue\u201c yra itin lipn\u016bs ir skaidr\u016bs. Puikiai tinkantys \u012fvairiems pavir\u0161iams universal\u016bs klijai yra nenuodingi, i\u0161d\u017eiuv\u0119 tampa visi\u0161kai skaidr\u016bs, tod\u0117l niekada nereik\u0117s jaudintis d\u0117l tamsi\u0173 d\u0117mi\u0173 ant darbo. Jei Jums reikia patvari\u0173 ir skaidri\u0173 klij\u0173, pasitik\u0117kite stebuklingu \u201eAleene&#8217;s Clear Gel Tacky Glue\u201c klij\u0173 poveikiu.\" \/>\n<meta property=\"og:url\" content=\"https:\/\/hobstop.ee\/lt\/produktas\/universalus-klijai-aleenes-clear-gel-tacky\/\" \/>\n<meta property=\"og:site_name\" content=\"Skizze\" \/>\n<meta property=\"article:publisher\" content=\"http:\/\/www.facebook.com\/VunderSkizze\" \/>\n<meta property=\"og:image\" content=\"https:\/\/hobstop.ee\/media\/4029.jpg\" \/>\n\t<meta property=\"og:image:width\" content=\"1024\" \/>\n\t<meta property=\"og:image:height\" content=\"768\" \/>\n\t<meta property=\"og:image:type\" content=\"image\/jpeg\" \/>\n<meta name=\"twitter:card\" content=\"summary_large_image\" \/>\n<script type=\"application\/ld+json\" class=\"yoast-schema-graph\">{\"@context\":\"https:\/\/schema.org\",\"@graph\":[{\"@type\":\"WebPage\",\"@id\":\"https:\/\/hobstop.ee\/lt\/produktas\/universalus-klijai-aleenes-clear-gel-tacky\/\",\"url\":\"https:\/\/hobstop.ee\/lt\/produktas\/universalus-klijai-aleenes-clear-gel-tacky\/\",\"name\":\"Universal\u016bs klijai Aleene's Clear Gel Tacky &#8211; Skizze\",\"isPartOf\":{\"@id\":\"https:\/\/hobstop.ee\/lt\/#website\"},\"primaryImageOfPage\":{\"@id\":\"https:\/\/hobstop.ee\/lt\/produktas\/universalus-klijai-aleenes-clear-gel-tacky\/#primaryimage\"},\"image\":{\"@id\":\"https:\/\/hobstop.ee\/lt\/produktas\/universalus-klijai-aleenes-clear-gel-tacky\/#primaryimage\"},\"thumbnailUrl\":\"https:\/\/hobstop.ee\/media\/4029.jpg\",\"datePublished\":\"2015-11-02T09:41:58+00:00\",\"dateModified\":\"2015-11-02T09:41:58+00:00\",\"breadcrumb\":{\"@id\":\"https:\/\/hobstop.ee\/lt\/produktas\/universalus-klijai-aleenes-clear-gel-tacky\/#breadcrumb\"},\"inLanguage\":\"lt\",\"potentialAction\":[{\"@type\":\"ReadAction\",\"target\":[\"https:\/\/hobstop.ee\/lt\/produktas\/universalus-klijai-aleenes-clear-gel-tacky\/\"]}]},{\"@type\":\"ImageObject\",\"inLanguage\":\"lt\",\"@id\":\"https:\/\/hobstop.ee\/lt\/produktas\/universalus-klijai-aleenes-clear-gel-tacky\/#primaryimage\",\"url\":\"https:\/\/hobstop.ee\/media\/4029.jpg\",\"contentUrl\":\"https:\/\/hobstop.ee\/media\/4029.jpg\",\"width\":1024,\"height\":768},{\"@type\":\"BreadcrumbList\",\"@id\":\"https:\/\/hobstop.ee\/lt\/produktas\/universalus-klijai-aleenes-clear-gel-tacky\/#breadcrumb\",\"itemListElement\":[{\"@type\":\"ListItem\",\"position\":1,\"name\":\"Avaleht\",\"item\":\"https:\/\/hobstop.ee\/lt\/\"},{\"@type\":\"ListItem\",\"position\":2,\"name\":\"Parduotuv\u0117\",\"item\":\"https:\/\/hobstop.ee\/lt\/parduotuve\/\"},{\"@type\":\"ListItem\",\"position\":3,\"name\":\"Universal\u016bs klijai Aleene&#8217;s Clear Gel Tacky\"}]},{\"@type\":\"WebSite\",\"@id\":\"https:\/\/hobstop.ee\/lt\/#website\",\"url\":\"https:\/\/hobstop.ee\/lt\/\",\"name\":\"Skizze\",\"description\":\"Dail\u0117s, pom\u0117gi\u0173 ir mokykliniai reikm\u0117nys\",\"publisher\":{\"@id\":\"https:\/\/hobstop.ee\/lt\/#organization\"},\"potentialAction\":[{\"@type\":\"SearchAction\",\"target\":{\"@type\":\"EntryPoint\",\"urlTemplate\":\"https:\/\/hobstop.ee\/lt\/?s={search_term_string}\"},\"query-input\":{\"@type\":\"PropertyValueSpecification\",\"valueRequired\":true,\"valueName\":\"search_term_string\"}}],\"inLanguage\":\"lt\"},{\"@type\":\"Organization\",\"@id\":\"https:\/\/hobstop.ee\/lt\/#organization\",\"name\":\"Vunder AS\",\"url\":\"https:\/\/hobstop.ee\/lt\/\",\"logo\":{\"@type\":\"ImageObject\",\"inLanguage\":\"lt\",\"@id\":\"https:\/\/hobstop.ee\/lt\/#\/schema\/logo\/image\/\",\"url\":\"https:\/\/hobstop.ee\/media\/vunder-logo.png\",\"contentUrl\":\"https:\/\/hobstop.ee\/media\/vunder-logo.png\",\"width\":127,\"height\":55,\"caption\":\"Vunder AS\"},\"image\":{\"@id\":\"https:\/\/hobstop.ee\/lt\/#\/schema\/logo\/image\/\"},\"sameAs\":[\"http:\/\/www.facebook.com\/VunderSkizze\"]}]}<\/script>\n<!-- \/ Yoast SEO plugin. -->","yoast_head_json":{"title":"Universal\u016bs klijai Aleene's Clear Gel Tacky &#8211; Skizze","robots":{"index":"noindex","follow":"follow","max-snippet":"max-snippet:-1","max-image-preview":"max-image-preview:large","max-video-preview":"max-video-preview:-1"},"og_locale":"lt_LT","og_type":"article","og_title":"Universal\u016bs klijai Aleene's Clear Gel Tacky &#8211; Skizze","og_description":"Klijai \u201eAleene&#8217;s Clear Gel Tacky Glue\u201c yra itin lipn\u016bs ir skaidr\u016bs. Puikiai tinkantys \u012fvairiems pavir\u0161iams universal\u016bs klijai yra nenuodingi, i\u0161d\u017eiuv\u0119 tampa visi\u0161kai skaidr\u016bs, tod\u0117l niekada nereik\u0117s jaudintis d\u0117l tamsi\u0173 d\u0117mi\u0173 ant darbo. Jei Jums reikia patvari\u0173 ir skaidri\u0173 klij\u0173, pasitik\u0117kite stebuklingu \u201eAleene&#8217;s Clear Gel Tacky Glue\u201c klij\u0173 poveikiu.","og_url":"https:\/\/hobstop.ee\/lt\/produktas\/universalus-klijai-aleenes-clear-gel-tacky\/","og_site_name":"Skizze","article_publisher":"http:\/\/www.facebook.com\/VunderSkizze","og_image":[{"width":1024,"height":768,"url":"https:\/\/hobstop.ee\/media\/4029.jpg","type":"image\/jpeg"}],"twitter_card":"summary_large_image","schema":{"@context":"https:\/\/schema.org","@graph":[{"@type":"WebPage","@id":"https:\/\/hobstop.ee\/lt\/produktas\/universalus-klijai-aleenes-clear-gel-tacky\/","url":"https:\/\/hobstop.ee\/lt\/produktas\/universalus-klijai-aleenes-clear-gel-tacky\/","name":"Universal\u016bs klijai Aleene's Clear Gel Tacky &#8211; Skizze","isPartOf":{"@id":"https:\/\/hobstop.ee\/lt\/#website"},"primaryImageOfPage":{"@id":"https:\/\/hobstop.ee\/lt\/produktas\/universalus-klijai-aleenes-clear-gel-tacky\/#primaryimage"},"image":{"@id":"https:\/\/hobstop.ee\/lt\/produktas\/universalus-klijai-aleenes-clear-gel-tacky\/#primaryimage"},"thumbnailUrl":"https:\/\/hobstop.ee\/media\/4029.jpg","datePublished":"2015-11-02T09:41:58+00:00","dateModified":"2015-11-02T09:41:58+00:00","breadcrumb":{"@id":"https:\/\/hobstop.ee\/lt\/produktas\/universalus-klijai-aleenes-clear-gel-tacky\/#breadcrumb"},"inLanguage":"lt","potentialAction":[{"@type":"ReadAction","target":["https:\/\/hobstop.ee\/lt\/produktas\/universalus-klijai-aleenes-clear-gel-tacky\/"]}]},{"@type":"ImageObject","inLanguage":"lt","@id":"https:\/\/hobstop.ee\/lt\/produktas\/universalus-klijai-aleenes-clear-gel-tacky\/#primaryimage","url":"https:\/\/hobstop.ee\/media\/4029.jpg","contentUrl":"https:\/\/hobstop.ee\/media\/4029.jpg","width":1024,"height":768},{"@type":"BreadcrumbList","@id":"https:\/\/hobstop.ee\/lt\/produktas\/universalus-klijai-aleenes-clear-gel-tacky\/#breadcrumb","itemListElement":[{"@type":"ListItem","position":1,"name":"Avaleht","item":"https:\/\/hobstop.ee\/lt\/"},{"@type":"ListItem","position":2,"name":"Parduotuv\u0117","item":"https:\/\/hobstop.ee\/lt\/parduotuve\/"},{"@type":"ListItem","position":3,"name":"Universal\u016bs klijai Aleene&#8217;s Clear Gel Tacky"}]},{"@type":"WebSite","@id":"https:\/\/hobstop.ee\/lt\/#website","url":"https:\/\/hobstop.ee\/lt\/","name":"Skizze","description":"Dail\u0117s, pom\u0117gi\u0173 ir mokykliniai reikm\u0117nys","publisher":{"@id":"https:\/\/hobstop.ee\/lt\/#organization"},"potentialAction":[{"@type":"SearchAction","target":{"@type":"EntryPoint","urlTemplate":"https:\/\/hobstop.ee\/lt\/?s={search_term_string}"},"query-input":{"@type":"PropertyValueSpecification","valueRequired":true,"valueName":"search_term_string"}}],"inLanguage":"lt"},{"@type":"Organization","@id":"https:\/\/hobstop.ee\/lt\/#organization","name":"Vunder AS","url":"https:\/\/hobstop.ee\/lt\/","logo":{"@type":"ImageObject","inLanguage":"lt","@id":"https:\/\/hobstop.ee\/lt\/#\/schema\/logo\/image\/","url":"https:\/\/hobstop.ee\/media\/vunder-logo.png","contentUrl":"https:\/\/hobstop.ee\/media\/vunder-logo.png","width":127,"height":55,"caption":"Vunder AS"},"image":{"@id":"https:\/\/hobstop.ee\/lt\/#\/schema\/logo\/image\/"},"sameAs":["http:\/\/www.facebook.com\/VunderSkizze"]}]}},"_links":{"self":[{"href":"https:\/\/hobstop.ee\/lt\/wp-json\/wp\/v2\/product\/232509","targetHints":{"allow":["GET"]}}],"collection":[{"href":"https:\/\/hobstop.ee\/lt\/wp-json\/wp\/v2\/product"}],"about":[{"href":"https:\/\/hobstop.ee\/lt\/wp-json\/wp\/v2\/types\/product"}],"replies":[{"embeddable":true,"href":"https:\/\/hobstop.ee\/lt\/wp-json\/wp\/v2\/comments?post=232509"}],"wp:featuredmedia":[{"embeddable":true,"href":"https:\/\/hobstop.ee\/lt\/wp-json\/wp\/v2\/media\/233226"}],"wp:attachment":[{"href":"https:\/\/hobstop.ee\/lt\/wp-json\/wp\/v2\/media?parent=232509"}],"wp:term":[{"taxonomy":"product_cat","embeddable":true,"href":"https:\/\/hobstop.ee\/lt\/wp-json\/wp\/v2\/product_cat?post=232509"},{"taxonomy":"product_tag","embeddable":true,"href":"https:\/\/hobstop.ee\/lt\/wp-json\/wp\/v2\/product_tag?post=232509"}],"curies":[{"name":"wp","href":"https:\/\/api.w.org\/{rel}","templated":true}]}}