{"id":23322,"date":"2014-12-09T12:50:14","date_gmt":"2014-12-09T10:50:14","guid":{"rendered":"https:\/\/sharks.ee\/vunder_2019.klient.veebimajutus.ee\/?post_type=product&#038;p=23322"},"modified":"2014-12-09T12:50:14","modified_gmt":"2014-12-09T10:50:14","slug":"deze-tapybos-reikmenims-sudeti-mabef-m101","status":"publish","type":"product","link":"https:\/\/hobstop.ee\/lt\/produktas\/deze-tapybos-reikmenims-sudeti-mabef-m101\/","title":{"rendered":"D\u0117\u017e\u0117 tapybos reikmenims sud\u0117ti Mabef M101"},"content":{"rendered":"<p>\u201eMabef M101\u201c molberto gra\u017ei d\u0117\u017eut\u0117 eskizams yra pagaminta i\u0161 alyvuotos ber\u017eo medienos su odine rankena ir varin\u0117mis detal\u0117mis. Metaliniame skyriuje suskirstytas dalimis da\u017eams atskirti, vidinis dangtelis apsaugo drobes nuo slydimo. Kartu su \u0161ia 35x25cm d\u0117\u017eute eskizams yra ir alyvuota medin\u0117 palet\u0117. Svoris \u2013 2kg.<\/p>\n","protected":false},"excerpt":{"rendered":"<p>\u201eMabef M101\u201c molberto gra\u017ei d\u0117\u017eut\u0117 eskizams yra pagaminta i\u0161 alyvuotos ber\u017eo medienos su odine rankena ir varin\u0117mis detal\u0117mis. Metaliniame skyriuje suskirstytas dalimis da\u017eams atskirti, vidinis dangtelis apsaugo drobes nuo slydimo. Kartu su \u0161ia 35x25cm d\u0117\u017eute eskizams yra ir alyvuota medin\u0117 palet\u0117. Svoris \u2013 2kg.<\/p>\n","protected":false},"featured_media":102583,"comment_status":"closed","ping_status":"closed","template":"","meta":{"_acf_changed":false,"ep_exclude_from_search":false},"product_cat":[16124,18370,18935],"product_tag":[],"class_list":{"0":"post-23322","1":"product","2":"type-product","3":"status-publish","4":"has-post-thumbnail","6":"product_cat-dailes-prekes","7":"product_cat-deze-dazams","8":"product_cat-molbertai","9":"pa_kma-2864","11":"first","12":"instock","13":"taxable","14":"shipping-taxable","15":"purchasable","16":"product-type-variable"},"acf":[],"yoast_head":"<!-- This site is optimized with the Yoast SEO plugin v24.1 - https:\/\/yoast.com\/wordpress\/plugins\/seo\/ -->\n<title>D\u0117\u017e\u0117 tapybos reikmenims sud\u0117ti Mabef M101 &#8211; Skizze<\/title>\n<meta name=\"robots\" content=\"noindex, follow, max-snippet:-1, max-image-preview:large, max-video-preview:-1\" \/>\n<meta property=\"og:locale\" content=\"lt_LT\" \/>\n<meta property=\"og:type\" content=\"article\" \/>\n<meta property=\"og:title\" content=\"D\u0117\u017e\u0117 tapybos reikmenims sud\u0117ti Mabef M101 &#8211; Skizze\" \/>\n<meta property=\"og:description\" content=\"\u201eMabef M101\u201c molberto gra\u017ei d\u0117\u017eut\u0117 eskizams yra pagaminta i\u0161 alyvuotos ber\u017eo medienos su odine rankena ir varin\u0117mis detal\u0117mis. Metaliniame skyriuje suskirstytas dalimis da\u017eams atskirti, vidinis dangtelis apsaugo drobes nuo slydimo. Kartu su \u0161ia 35x25cm d\u0117\u017eute eskizams yra ir alyvuota medin\u0117 palet\u0117. Svoris \u2013 2kg.\" \/>\n<meta property=\"og:url\" content=\"https:\/\/hobstop.ee\/lt\/produktas\/deze-tapybos-reikmenims-sudeti-mabef-m101\/\" \/>\n<meta property=\"og:site_name\" content=\"Skizze\" \/>\n<meta property=\"article:publisher\" content=\"http:\/\/www.facebook.com\/VunderSkizze\" \/>\n<meta property=\"og:image\" content=\"https:\/\/hobstop.ee\/media\/1089.jpg\" \/>\n\t<meta property=\"og:image:width\" content=\"1024\" \/>\n\t<meta property=\"og:image:height\" content=\"768\" \/>\n\t<meta property=\"og:image:type\" content=\"image\/jpeg\" \/>\n<meta name=\"twitter:card\" content=\"summary_large_image\" \/>\n<script type=\"application\/ld+json\" class=\"yoast-schema-graph\">{\"@context\":\"https:\/\/schema.org\",\"@graph\":[{\"@type\":\"WebPage\",\"@id\":\"https:\/\/hobstop.ee\/lt\/produktas\/deze-tapybos-reikmenims-sudeti-mabef-m101\/\",\"url\":\"https:\/\/hobstop.ee\/lt\/produktas\/deze-tapybos-reikmenims-sudeti-mabef-m101\/\",\"name\":\"D\u0117\u017e\u0117 tapybos reikmenims sud\u0117ti Mabef M101 &#8211; Skizze\",\"isPartOf\":{\"@id\":\"https:\/\/hobstop.ee\/lt\/#website\"},\"primaryImageOfPage\":{\"@id\":\"https:\/\/hobstop.ee\/lt\/produktas\/deze-tapybos-reikmenims-sudeti-mabef-m101\/#primaryimage\"},\"image\":{\"@id\":\"https:\/\/hobstop.ee\/lt\/produktas\/deze-tapybos-reikmenims-sudeti-mabef-m101\/#primaryimage\"},\"thumbnailUrl\":\"https:\/\/hobstop.ee\/media\/1089.jpg\",\"datePublished\":\"2014-12-09T10:50:14+00:00\",\"dateModified\":\"2014-12-09T10:50:14+00:00\",\"breadcrumb\":{\"@id\":\"https:\/\/hobstop.ee\/lt\/produktas\/deze-tapybos-reikmenims-sudeti-mabef-m101\/#breadcrumb\"},\"inLanguage\":\"lt\",\"potentialAction\":[{\"@type\":\"ReadAction\",\"target\":[\"https:\/\/hobstop.ee\/lt\/produktas\/deze-tapybos-reikmenims-sudeti-mabef-m101\/\"]}]},{\"@type\":\"ImageObject\",\"inLanguage\":\"lt\",\"@id\":\"https:\/\/hobstop.ee\/lt\/produktas\/deze-tapybos-reikmenims-sudeti-mabef-m101\/#primaryimage\",\"url\":\"https:\/\/hobstop.ee\/media\/1089.jpg\",\"contentUrl\":\"https:\/\/hobstop.ee\/media\/1089.jpg\",\"width\":1024,\"height\":768},{\"@type\":\"BreadcrumbList\",\"@id\":\"https:\/\/hobstop.ee\/lt\/produktas\/deze-tapybos-reikmenims-sudeti-mabef-m101\/#breadcrumb\",\"itemListElement\":[{\"@type\":\"ListItem\",\"position\":1,\"name\":\"Avaleht\",\"item\":\"https:\/\/hobstop.ee\/lt\/\"},{\"@type\":\"ListItem\",\"position\":2,\"name\":\"Parduotuv\u0117\",\"item\":\"https:\/\/hobstop.ee\/lt\/parduotuve\/\"},{\"@type\":\"ListItem\",\"position\":3,\"name\":\"D\u0117\u017e\u0117 tapybos reikmenims sud\u0117ti Mabef M101\"}]},{\"@type\":\"WebSite\",\"@id\":\"https:\/\/hobstop.ee\/lt\/#website\",\"url\":\"https:\/\/hobstop.ee\/lt\/\",\"name\":\"Skizze\",\"description\":\"Dail\u0117s, pom\u0117gi\u0173 ir mokykliniai reikm\u0117nys\",\"publisher\":{\"@id\":\"https:\/\/hobstop.ee\/lt\/#organization\"},\"potentialAction\":[{\"@type\":\"SearchAction\",\"target\":{\"@type\":\"EntryPoint\",\"urlTemplate\":\"https:\/\/hobstop.ee\/lt\/?s={search_term_string}\"},\"query-input\":{\"@type\":\"PropertyValueSpecification\",\"valueRequired\":true,\"valueName\":\"search_term_string\"}}],\"inLanguage\":\"lt\"},{\"@type\":\"Organization\",\"@id\":\"https:\/\/hobstop.ee\/lt\/#organization\",\"name\":\"Vunder AS\",\"url\":\"https:\/\/hobstop.ee\/lt\/\",\"logo\":{\"@type\":\"ImageObject\",\"inLanguage\":\"lt\",\"@id\":\"https:\/\/hobstop.ee\/lt\/#\/schema\/logo\/image\/\",\"url\":\"https:\/\/hobstop.ee\/media\/vunder-logo.png\",\"contentUrl\":\"https:\/\/hobstop.ee\/media\/vunder-logo.png\",\"width\":127,\"height\":55,\"caption\":\"Vunder AS\"},\"image\":{\"@id\":\"https:\/\/hobstop.ee\/lt\/#\/schema\/logo\/image\/\"},\"sameAs\":[\"http:\/\/www.facebook.com\/VunderSkizze\"]}]}<\/script>\n<!-- \/ Yoast SEO plugin. -->","yoast_head_json":{"title":"D\u0117\u017e\u0117 tapybos reikmenims sud\u0117ti Mabef M101 &#8211; Skizze","robots":{"index":"noindex","follow":"follow","max-snippet":"max-snippet:-1","max-image-preview":"max-image-preview:large","max-video-preview":"max-video-preview:-1"},"og_locale":"lt_LT","og_type":"article","og_title":"D\u0117\u017e\u0117 tapybos reikmenims sud\u0117ti Mabef M101 &#8211; Skizze","og_description":"\u201eMabef M101\u201c molberto gra\u017ei d\u0117\u017eut\u0117 eskizams yra pagaminta i\u0161 alyvuotos ber\u017eo medienos su odine rankena ir varin\u0117mis detal\u0117mis. Metaliniame skyriuje suskirstytas dalimis da\u017eams atskirti, vidinis dangtelis apsaugo drobes nuo slydimo. Kartu su \u0161ia 35x25cm d\u0117\u017eute eskizams yra ir alyvuota medin\u0117 palet\u0117. Svoris \u2013 2kg.","og_url":"https:\/\/hobstop.ee\/lt\/produktas\/deze-tapybos-reikmenims-sudeti-mabef-m101\/","og_site_name":"Skizze","article_publisher":"http:\/\/www.facebook.com\/VunderSkizze","og_image":[{"width":1024,"height":768,"url":"https:\/\/hobstop.ee\/media\/1089.jpg","type":"image\/jpeg"}],"twitter_card":"summary_large_image","schema":{"@context":"https:\/\/schema.org","@graph":[{"@type":"WebPage","@id":"https:\/\/hobstop.ee\/lt\/produktas\/deze-tapybos-reikmenims-sudeti-mabef-m101\/","url":"https:\/\/hobstop.ee\/lt\/produktas\/deze-tapybos-reikmenims-sudeti-mabef-m101\/","name":"D\u0117\u017e\u0117 tapybos reikmenims sud\u0117ti Mabef M101 &#8211; Skizze","isPartOf":{"@id":"https:\/\/hobstop.ee\/lt\/#website"},"primaryImageOfPage":{"@id":"https:\/\/hobstop.ee\/lt\/produktas\/deze-tapybos-reikmenims-sudeti-mabef-m101\/#primaryimage"},"image":{"@id":"https:\/\/hobstop.ee\/lt\/produktas\/deze-tapybos-reikmenims-sudeti-mabef-m101\/#primaryimage"},"thumbnailUrl":"https:\/\/hobstop.ee\/media\/1089.jpg","datePublished":"2014-12-09T10:50:14+00:00","dateModified":"2014-12-09T10:50:14+00:00","breadcrumb":{"@id":"https:\/\/hobstop.ee\/lt\/produktas\/deze-tapybos-reikmenims-sudeti-mabef-m101\/#breadcrumb"},"inLanguage":"lt","potentialAction":[{"@type":"ReadAction","target":["https:\/\/hobstop.ee\/lt\/produktas\/deze-tapybos-reikmenims-sudeti-mabef-m101\/"]}]},{"@type":"ImageObject","inLanguage":"lt","@id":"https:\/\/hobstop.ee\/lt\/produktas\/deze-tapybos-reikmenims-sudeti-mabef-m101\/#primaryimage","url":"https:\/\/hobstop.ee\/media\/1089.jpg","contentUrl":"https:\/\/hobstop.ee\/media\/1089.jpg","width":1024,"height":768},{"@type":"BreadcrumbList","@id":"https:\/\/hobstop.ee\/lt\/produktas\/deze-tapybos-reikmenims-sudeti-mabef-m101\/#breadcrumb","itemListElement":[{"@type":"ListItem","position":1,"name":"Avaleht","item":"https:\/\/hobstop.ee\/lt\/"},{"@type":"ListItem","position":2,"name":"Parduotuv\u0117","item":"https:\/\/hobstop.ee\/lt\/parduotuve\/"},{"@type":"ListItem","position":3,"name":"D\u0117\u017e\u0117 tapybos reikmenims sud\u0117ti Mabef M101"}]},{"@type":"WebSite","@id":"https:\/\/hobstop.ee\/lt\/#website","url":"https:\/\/hobstop.ee\/lt\/","name":"Skizze","description":"Dail\u0117s, pom\u0117gi\u0173 ir mokykliniai reikm\u0117nys","publisher":{"@id":"https:\/\/hobstop.ee\/lt\/#organization"},"potentialAction":[{"@type":"SearchAction","target":{"@type":"EntryPoint","urlTemplate":"https:\/\/hobstop.ee\/lt\/?s={search_term_string}"},"query-input":{"@type":"PropertyValueSpecification","valueRequired":true,"valueName":"search_term_string"}}],"inLanguage":"lt"},{"@type":"Organization","@id":"https:\/\/hobstop.ee\/lt\/#organization","name":"Vunder AS","url":"https:\/\/hobstop.ee\/lt\/","logo":{"@type":"ImageObject","inLanguage":"lt","@id":"https:\/\/hobstop.ee\/lt\/#\/schema\/logo\/image\/","url":"https:\/\/hobstop.ee\/media\/vunder-logo.png","contentUrl":"https:\/\/hobstop.ee\/media\/vunder-logo.png","width":127,"height":55,"caption":"Vunder AS"},"image":{"@id":"https:\/\/hobstop.ee\/lt\/#\/schema\/logo\/image\/"},"sameAs":["http:\/\/www.facebook.com\/VunderSkizze"]}]}},"_links":{"self":[{"href":"https:\/\/hobstop.ee\/lt\/wp-json\/wp\/v2\/product\/23322","targetHints":{"allow":["GET"]}}],"collection":[{"href":"https:\/\/hobstop.ee\/lt\/wp-json\/wp\/v2\/product"}],"about":[{"href":"https:\/\/hobstop.ee\/lt\/wp-json\/wp\/v2\/types\/product"}],"replies":[{"embeddable":true,"href":"https:\/\/hobstop.ee\/lt\/wp-json\/wp\/v2\/comments?post=23322"}],"wp:featuredmedia":[{"embeddable":true,"href":"https:\/\/hobstop.ee\/lt\/wp-json\/wp\/v2\/media\/102583"}],"wp:attachment":[{"href":"https:\/\/hobstop.ee\/lt\/wp-json\/wp\/v2\/media?parent=23322"}],"wp:term":[{"taxonomy":"product_cat","embeddable":true,"href":"https:\/\/hobstop.ee\/lt\/wp-json\/wp\/v2\/product_cat?post=23322"},{"taxonomy":"product_tag","embeddable":true,"href":"https:\/\/hobstop.ee\/lt\/wp-json\/wp\/v2\/product_tag?post=23322"}],"curies":[{"name":"wp","href":"https:\/\/api.w.org\/{rel}","templated":true}]}}