{"id":233901,"date":"2015-11-03T11:22:22","date_gmt":"2015-11-03T09:22:22","guid":{"rendered":"https:\/\/sharks.ee\/vunder_2019\/lt\/product\/pagalvele-antspaudams-aladine-izink-textile\/"},"modified":"2015-11-03T11:22:22","modified_gmt":"2015-11-03T09:22:22","slug":"pagalvele-antspaudams-aladine-izink-textile","status":"publish","type":"product","link":"https:\/\/hobstop.ee\/lt\/produktas\/pagalvele-antspaudams-aladine-izink-textile\/","title":{"rendered":"Pagalv\u0117l\u0117 antspaudams Aladine Izink Textile"},"content":{"rendered":"<p>Ry\u0161ki\u0173 spalv\u0173 kempin\u0117 atspaudams, skirtiems tekstilei dekoruoti; tu\u0161e yra pigmento, kurio sud\u0117tyje n\u0117ra r\u016bg\u0161ties. I\u0161d\u017eiuvus\u012f tekstil\u0117s tu\u0161u padaryt\u0105 antspaud\u0105 reikia per audin\u012f u\u017etvirtinti lyginant lygintuvu (medviln\u0117s re\u017eimu). U\u017etvirtinus tekstil\u0117s gaminius galima skalbti i\u0161verstus \u012f blog\u0105j\u0105 pus\u0119 40 \u00b0C temperat\u016broje.<\/p>\n","protected":false},"excerpt":{"rendered":"<p>Ry\u0161ki\u0173 spalv\u0173 kempin\u0117 atspaudams, skirtiems tekstilei dekoruoti; tu\u0161e yra pigmento, kurio sud\u0117tyje n\u0117ra r\u016bg\u0161ties. I\u0161d\u017eiuvus\u012f tekstil\u0117s tu\u0161u padaryt\u0105 antspaud\u0105 reikia per audin\u012f u\u017etvirtinti lyginant lygintuvu (medviln\u0117s re\u017eimu). U\u017etvirtinus tekstil\u0117s gaminius galima skalbti i\u0161verstus \u012f blog\u0105j\u0105 pus\u0119 40 \u00b0C temperat\u016broje.<\/p>\n","protected":false},"featured_media":234718,"comment_status":"closed","ping_status":"closed","template":"","meta":{"_acf_changed":false,"ep_exclude_from_search":false},"product_cat":[18965,17919,14893],"product_tag":[],"class_list":{"0":"post-233901","1":"product","2":"type-product","3":"status-publish","4":"has-post-thumbnail","6":"product_cat-ivairus-35","7":"product_cat-pomegiu-prekes","8":"product_cat-tekstilei","10":"first","11":"instock","12":"taxable","13":"shipping-taxable","14":"purchasable","15":"product-type-simple"},"acf":[],"yoast_head":"<!-- This site is optimized with the Yoast SEO plugin v24.1 - https:\/\/yoast.com\/wordpress\/plugins\/seo\/ -->\n<title>Pagalv\u0117l\u0117 antspaudams Aladine Izink Textile &#8211; Skizze<\/title>\n<meta name=\"robots\" content=\"noindex, follow, max-snippet:-1, max-image-preview:large, max-video-preview:-1\" \/>\n<meta property=\"og:locale\" content=\"lt_LT\" \/>\n<meta property=\"og:type\" content=\"article\" \/>\n<meta property=\"og:title\" content=\"Pagalv\u0117l\u0117 antspaudams Aladine Izink Textile &#8211; Skizze\" \/>\n<meta property=\"og:description\" content=\"Ry\u0161ki\u0173 spalv\u0173 kempin\u0117 atspaudams, skirtiems tekstilei dekoruoti; tu\u0161e yra pigmento, kurio sud\u0117tyje n\u0117ra r\u016bg\u0161ties. I\u0161d\u017eiuvus\u012f tekstil\u0117s tu\u0161u padaryt\u0105 antspaud\u0105 reikia per audin\u012f u\u017etvirtinti lyginant lygintuvu (medviln\u0117s re\u017eimu). U\u017etvirtinus tekstil\u0117s gaminius galima skalbti i\u0161verstus \u012f blog\u0105j\u0105 pus\u0119 40 \u00b0C temperat\u016broje.\" \/>\n<meta property=\"og:url\" content=\"https:\/\/hobstop.ee\/lt\/produktas\/pagalvele-antspaudams-aladine-izink-textile\/\" \/>\n<meta property=\"og:site_name\" content=\"Skizze\" \/>\n<meta property=\"article:publisher\" content=\"http:\/\/www.facebook.com\/VunderSkizze\" \/>\n<meta property=\"og:image\" content=\"https:\/\/hobstop.ee\/media\/3998.jpg\" \/>\n\t<meta property=\"og:image:width\" content=\"1024\" \/>\n\t<meta property=\"og:image:height\" content=\"768\" \/>\n\t<meta property=\"og:image:type\" content=\"image\/jpeg\" \/>\n<meta name=\"twitter:card\" content=\"summary_large_image\" \/>\n<script type=\"application\/ld+json\" class=\"yoast-schema-graph\">{\"@context\":\"https:\/\/schema.org\",\"@graph\":[{\"@type\":\"WebPage\",\"@id\":\"https:\/\/hobstop.ee\/lt\/produktas\/pagalvele-antspaudams-aladine-izink-textile\/\",\"url\":\"https:\/\/hobstop.ee\/lt\/produktas\/pagalvele-antspaudams-aladine-izink-textile\/\",\"name\":\"Pagalv\u0117l\u0117 antspaudams Aladine Izink Textile &#8211; Skizze\",\"isPartOf\":{\"@id\":\"https:\/\/hobstop.ee\/lt\/#website\"},\"primaryImageOfPage\":{\"@id\":\"https:\/\/hobstop.ee\/lt\/produktas\/pagalvele-antspaudams-aladine-izink-textile\/#primaryimage\"},\"image\":{\"@id\":\"https:\/\/hobstop.ee\/lt\/produktas\/pagalvele-antspaudams-aladine-izink-textile\/#primaryimage\"},\"thumbnailUrl\":\"https:\/\/hobstop.ee\/media\/3998.jpg\",\"datePublished\":\"2015-11-03T09:22:22+00:00\",\"dateModified\":\"2015-11-03T09:22:22+00:00\",\"breadcrumb\":{\"@id\":\"https:\/\/hobstop.ee\/lt\/produktas\/pagalvele-antspaudams-aladine-izink-textile\/#breadcrumb\"},\"inLanguage\":\"lt\",\"potentialAction\":[{\"@type\":\"ReadAction\",\"target\":[\"https:\/\/hobstop.ee\/lt\/produktas\/pagalvele-antspaudams-aladine-izink-textile\/\"]}]},{\"@type\":\"ImageObject\",\"inLanguage\":\"lt\",\"@id\":\"https:\/\/hobstop.ee\/lt\/produktas\/pagalvele-antspaudams-aladine-izink-textile\/#primaryimage\",\"url\":\"https:\/\/hobstop.ee\/media\/3998.jpg\",\"contentUrl\":\"https:\/\/hobstop.ee\/media\/3998.jpg\",\"width\":1024,\"height\":768},{\"@type\":\"BreadcrumbList\",\"@id\":\"https:\/\/hobstop.ee\/lt\/produktas\/pagalvele-antspaudams-aladine-izink-textile\/#breadcrumb\",\"itemListElement\":[{\"@type\":\"ListItem\",\"position\":1,\"name\":\"Avaleht\",\"item\":\"https:\/\/hobstop.ee\/lt\/\"},{\"@type\":\"ListItem\",\"position\":2,\"name\":\"Parduotuv\u0117\",\"item\":\"https:\/\/hobstop.ee\/lt\/parduotuve\/\"},{\"@type\":\"ListItem\",\"position\":3,\"name\":\"Pagalv\u0117l\u0117 antspaudams Aladine Izink Textile\"}]},{\"@type\":\"WebSite\",\"@id\":\"https:\/\/hobstop.ee\/lt\/#website\",\"url\":\"https:\/\/hobstop.ee\/lt\/\",\"name\":\"Skizze\",\"description\":\"Dail\u0117s, pom\u0117gi\u0173 ir mokykliniai reikm\u0117nys\",\"publisher\":{\"@id\":\"https:\/\/hobstop.ee\/lt\/#organization\"},\"potentialAction\":[{\"@type\":\"SearchAction\",\"target\":{\"@type\":\"EntryPoint\",\"urlTemplate\":\"https:\/\/hobstop.ee\/lt\/?s={search_term_string}\"},\"query-input\":{\"@type\":\"PropertyValueSpecification\",\"valueRequired\":true,\"valueName\":\"search_term_string\"}}],\"inLanguage\":\"lt\"},{\"@type\":\"Organization\",\"@id\":\"https:\/\/hobstop.ee\/lt\/#organization\",\"name\":\"Vunder AS\",\"url\":\"https:\/\/hobstop.ee\/lt\/\",\"logo\":{\"@type\":\"ImageObject\",\"inLanguage\":\"lt\",\"@id\":\"https:\/\/hobstop.ee\/lt\/#\/schema\/logo\/image\/\",\"url\":\"https:\/\/hobstop.ee\/media\/vunder-logo.png\",\"contentUrl\":\"https:\/\/hobstop.ee\/media\/vunder-logo.png\",\"width\":127,\"height\":55,\"caption\":\"Vunder AS\"},\"image\":{\"@id\":\"https:\/\/hobstop.ee\/lt\/#\/schema\/logo\/image\/\"},\"sameAs\":[\"http:\/\/www.facebook.com\/VunderSkizze\"]}]}<\/script>\n<!-- \/ Yoast SEO plugin. -->","yoast_head_json":{"title":"Pagalv\u0117l\u0117 antspaudams Aladine Izink Textile &#8211; Skizze","robots":{"index":"noindex","follow":"follow","max-snippet":"max-snippet:-1","max-image-preview":"max-image-preview:large","max-video-preview":"max-video-preview:-1"},"og_locale":"lt_LT","og_type":"article","og_title":"Pagalv\u0117l\u0117 antspaudams Aladine Izink Textile &#8211; Skizze","og_description":"Ry\u0161ki\u0173 spalv\u0173 kempin\u0117 atspaudams, skirtiems tekstilei dekoruoti; tu\u0161e yra pigmento, kurio sud\u0117tyje n\u0117ra r\u016bg\u0161ties. I\u0161d\u017eiuvus\u012f tekstil\u0117s tu\u0161u padaryt\u0105 antspaud\u0105 reikia per audin\u012f u\u017etvirtinti lyginant lygintuvu (medviln\u0117s re\u017eimu). U\u017etvirtinus tekstil\u0117s gaminius galima skalbti i\u0161verstus \u012f blog\u0105j\u0105 pus\u0119 40 \u00b0C temperat\u016broje.","og_url":"https:\/\/hobstop.ee\/lt\/produktas\/pagalvele-antspaudams-aladine-izink-textile\/","og_site_name":"Skizze","article_publisher":"http:\/\/www.facebook.com\/VunderSkizze","og_image":[{"width":1024,"height":768,"url":"https:\/\/hobstop.ee\/media\/3998.jpg","type":"image\/jpeg"}],"twitter_card":"summary_large_image","schema":{"@context":"https:\/\/schema.org","@graph":[{"@type":"WebPage","@id":"https:\/\/hobstop.ee\/lt\/produktas\/pagalvele-antspaudams-aladine-izink-textile\/","url":"https:\/\/hobstop.ee\/lt\/produktas\/pagalvele-antspaudams-aladine-izink-textile\/","name":"Pagalv\u0117l\u0117 antspaudams Aladine Izink Textile &#8211; Skizze","isPartOf":{"@id":"https:\/\/hobstop.ee\/lt\/#website"},"primaryImageOfPage":{"@id":"https:\/\/hobstop.ee\/lt\/produktas\/pagalvele-antspaudams-aladine-izink-textile\/#primaryimage"},"image":{"@id":"https:\/\/hobstop.ee\/lt\/produktas\/pagalvele-antspaudams-aladine-izink-textile\/#primaryimage"},"thumbnailUrl":"https:\/\/hobstop.ee\/media\/3998.jpg","datePublished":"2015-11-03T09:22:22+00:00","dateModified":"2015-11-03T09:22:22+00:00","breadcrumb":{"@id":"https:\/\/hobstop.ee\/lt\/produktas\/pagalvele-antspaudams-aladine-izink-textile\/#breadcrumb"},"inLanguage":"lt","potentialAction":[{"@type":"ReadAction","target":["https:\/\/hobstop.ee\/lt\/produktas\/pagalvele-antspaudams-aladine-izink-textile\/"]}]},{"@type":"ImageObject","inLanguage":"lt","@id":"https:\/\/hobstop.ee\/lt\/produktas\/pagalvele-antspaudams-aladine-izink-textile\/#primaryimage","url":"https:\/\/hobstop.ee\/media\/3998.jpg","contentUrl":"https:\/\/hobstop.ee\/media\/3998.jpg","width":1024,"height":768},{"@type":"BreadcrumbList","@id":"https:\/\/hobstop.ee\/lt\/produktas\/pagalvele-antspaudams-aladine-izink-textile\/#breadcrumb","itemListElement":[{"@type":"ListItem","position":1,"name":"Avaleht","item":"https:\/\/hobstop.ee\/lt\/"},{"@type":"ListItem","position":2,"name":"Parduotuv\u0117","item":"https:\/\/hobstop.ee\/lt\/parduotuve\/"},{"@type":"ListItem","position":3,"name":"Pagalv\u0117l\u0117 antspaudams Aladine Izink Textile"}]},{"@type":"WebSite","@id":"https:\/\/hobstop.ee\/lt\/#website","url":"https:\/\/hobstop.ee\/lt\/","name":"Skizze","description":"Dail\u0117s, pom\u0117gi\u0173 ir mokykliniai reikm\u0117nys","publisher":{"@id":"https:\/\/hobstop.ee\/lt\/#organization"},"potentialAction":[{"@type":"SearchAction","target":{"@type":"EntryPoint","urlTemplate":"https:\/\/hobstop.ee\/lt\/?s={search_term_string}"},"query-input":{"@type":"PropertyValueSpecification","valueRequired":true,"valueName":"search_term_string"}}],"inLanguage":"lt"},{"@type":"Organization","@id":"https:\/\/hobstop.ee\/lt\/#organization","name":"Vunder AS","url":"https:\/\/hobstop.ee\/lt\/","logo":{"@type":"ImageObject","inLanguage":"lt","@id":"https:\/\/hobstop.ee\/lt\/#\/schema\/logo\/image\/","url":"https:\/\/hobstop.ee\/media\/vunder-logo.png","contentUrl":"https:\/\/hobstop.ee\/media\/vunder-logo.png","width":127,"height":55,"caption":"Vunder AS"},"image":{"@id":"https:\/\/hobstop.ee\/lt\/#\/schema\/logo\/image\/"},"sameAs":["http:\/\/www.facebook.com\/VunderSkizze"]}]}},"_links":{"self":[{"href":"https:\/\/hobstop.ee\/lt\/wp-json\/wp\/v2\/product\/233901","targetHints":{"allow":["GET"]}}],"collection":[{"href":"https:\/\/hobstop.ee\/lt\/wp-json\/wp\/v2\/product"}],"about":[{"href":"https:\/\/hobstop.ee\/lt\/wp-json\/wp\/v2\/types\/product"}],"replies":[{"embeddable":true,"href":"https:\/\/hobstop.ee\/lt\/wp-json\/wp\/v2\/comments?post=233901"}],"wp:featuredmedia":[{"embeddable":true,"href":"https:\/\/hobstop.ee\/lt\/wp-json\/wp\/v2\/media\/234718"}],"wp:attachment":[{"href":"https:\/\/hobstop.ee\/lt\/wp-json\/wp\/v2\/media?parent=233901"}],"wp:term":[{"taxonomy":"product_cat","embeddable":true,"href":"https:\/\/hobstop.ee\/lt\/wp-json\/wp\/v2\/product_cat?post=233901"},{"taxonomy":"product_tag","embeddable":true,"href":"https:\/\/hobstop.ee\/lt\/wp-json\/wp\/v2\/product_tag?post=233901"}],"curies":[{"name":"wp","href":"https:\/\/api.w.org\/{rel}","templated":true}]}}