{"id":233909,"date":"2015-11-03T11:22:26","date_gmt":"2015-11-03T09:22:26","guid":{"rendered":"https:\/\/sharks.ee\/vunder_2019\/lt\/product\/lipdukas-tekstilei-aladine\/"},"modified":"2015-11-03T11:22:26","modified_gmt":"2015-11-03T09:22:26","slug":"lipdukas-tekstilei-aladine","status":"publish","type":"product","link":"https:\/\/hobstop.ee\/lt\/produktas\/lipdukas-tekstilei-aladine\/","title":{"rendered":"Lipdukas tekstilei Aladine"},"content":{"rendered":"<p>Lipdukas yra greitas ir patogus b\u016bdas dekoruoti tekstilinius pavir\u0161ius. Tiesiog i\u0161kirpkite norimos formos ir dyd\u017eio lipdukus ir u\u017ed\u0117kite ant \u0161varaus audinio. Pritvirtinami lyginant, pritvirtin\u0119 atsargiai nuimkite lipduko apsaugin\u0119 pl\u0117vel\u0119. Lipduku dekoruot\u0105 audin\u012f galima skalbti.<\/p>\n","protected":false},"excerpt":{"rendered":"<p>Lipdukas yra greitas ir patogus b\u016bdas dekoruoti tekstilinius pavir\u0161ius. Tiesiog i\u0161kirpkite norimos formos ir dyd\u017eio lipdukus ir u\u017ed\u0117kite ant \u0161varaus audinio. Pritvirtinami lyginant, pritvirtin\u0119 atsargiai nuimkite lipduko apsaugin\u0119 pl\u0117vel\u0119. Lipduku dekoruot\u0105 audin\u012f galima skalbti.<\/p>\n","protected":false},"featured_media":234726,"comment_status":"closed","ping_status":"closed","template":"","meta":{"_acf_changed":false,"ep_exclude_from_search":false},"product_cat":[18965,17919,14893],"product_tag":[],"class_list":{"0":"post-233909","1":"product","2":"type-product","3":"status-publish","4":"has-post-thumbnail","6":"product_cat-ivairus-35","7":"product_cat-pomegiu-prekes","8":"product_cat-tekstilei","10":"first","11":"instock","12":"taxable","13":"shipping-taxable","14":"purchasable","15":"product-type-simple"},"acf":[],"yoast_head":"<!-- This site is optimized with the Yoast SEO plugin v24.1 - https:\/\/yoast.com\/wordpress\/plugins\/seo\/ -->\n<title>Lipdukas tekstilei Aladine &#8211; Skizze<\/title>\n<meta name=\"robots\" content=\"noindex, follow, max-snippet:-1, max-image-preview:large, max-video-preview:-1\" \/>\n<meta property=\"og:locale\" content=\"lt_LT\" \/>\n<meta property=\"og:type\" content=\"article\" \/>\n<meta property=\"og:title\" content=\"Lipdukas tekstilei Aladine &#8211; Skizze\" \/>\n<meta property=\"og:description\" content=\"Lipdukas yra greitas ir patogus b\u016bdas dekoruoti tekstilinius pavir\u0161ius. Tiesiog i\u0161kirpkite norimos formos ir dyd\u017eio lipdukus ir u\u017ed\u0117kite ant \u0161varaus audinio. Pritvirtinami lyginant, pritvirtin\u0119 atsargiai nuimkite lipduko apsaugin\u0119 pl\u0117vel\u0119. Lipduku dekoruot\u0105 audin\u012f galima skalbti.\" \/>\n<meta property=\"og:url\" content=\"https:\/\/hobstop.ee\/lt\/produktas\/lipdukas-tekstilei-aladine\/\" \/>\n<meta property=\"og:site_name\" content=\"Skizze\" \/>\n<meta property=\"article:publisher\" content=\"http:\/\/www.facebook.com\/VunderSkizze\" \/>\n<meta property=\"og:image\" content=\"https:\/\/hobstop.ee\/media\/4000.jpg\" \/>\n\t<meta property=\"og:image:width\" content=\"1024\" \/>\n\t<meta property=\"og:image:height\" content=\"768\" \/>\n\t<meta property=\"og:image:type\" content=\"image\/jpeg\" \/>\n<meta name=\"twitter:card\" content=\"summary_large_image\" \/>\n<script type=\"application\/ld+json\" class=\"yoast-schema-graph\">{\"@context\":\"https:\/\/schema.org\",\"@graph\":[{\"@type\":\"WebPage\",\"@id\":\"https:\/\/hobstop.ee\/lt\/produktas\/lipdukas-tekstilei-aladine\/\",\"url\":\"https:\/\/hobstop.ee\/lt\/produktas\/lipdukas-tekstilei-aladine\/\",\"name\":\"Lipdukas tekstilei Aladine &#8211; Skizze\",\"isPartOf\":{\"@id\":\"https:\/\/hobstop.ee\/lt\/#website\"},\"primaryImageOfPage\":{\"@id\":\"https:\/\/hobstop.ee\/lt\/produktas\/lipdukas-tekstilei-aladine\/#primaryimage\"},\"image\":{\"@id\":\"https:\/\/hobstop.ee\/lt\/produktas\/lipdukas-tekstilei-aladine\/#primaryimage\"},\"thumbnailUrl\":\"https:\/\/hobstop.ee\/media\/4000.jpg\",\"datePublished\":\"2015-11-03T09:22:26+00:00\",\"dateModified\":\"2015-11-03T09:22:26+00:00\",\"breadcrumb\":{\"@id\":\"https:\/\/hobstop.ee\/lt\/produktas\/lipdukas-tekstilei-aladine\/#breadcrumb\"},\"inLanguage\":\"lt\",\"potentialAction\":[{\"@type\":\"ReadAction\",\"target\":[\"https:\/\/hobstop.ee\/lt\/produktas\/lipdukas-tekstilei-aladine\/\"]}]},{\"@type\":\"ImageObject\",\"inLanguage\":\"lt\",\"@id\":\"https:\/\/hobstop.ee\/lt\/produktas\/lipdukas-tekstilei-aladine\/#primaryimage\",\"url\":\"https:\/\/hobstop.ee\/media\/4000.jpg\",\"contentUrl\":\"https:\/\/hobstop.ee\/media\/4000.jpg\",\"width\":1024,\"height\":768},{\"@type\":\"BreadcrumbList\",\"@id\":\"https:\/\/hobstop.ee\/lt\/produktas\/lipdukas-tekstilei-aladine\/#breadcrumb\",\"itemListElement\":[{\"@type\":\"ListItem\",\"position\":1,\"name\":\"Avaleht\",\"item\":\"https:\/\/hobstop.ee\/lt\/\"},{\"@type\":\"ListItem\",\"position\":2,\"name\":\"Parduotuv\u0117\",\"item\":\"https:\/\/hobstop.ee\/lt\/parduotuve\/\"},{\"@type\":\"ListItem\",\"position\":3,\"name\":\"Lipdukas tekstilei Aladine\"}]},{\"@type\":\"WebSite\",\"@id\":\"https:\/\/hobstop.ee\/lt\/#website\",\"url\":\"https:\/\/hobstop.ee\/lt\/\",\"name\":\"Skizze\",\"description\":\"Dail\u0117s, pom\u0117gi\u0173 ir mokykliniai reikm\u0117nys\",\"publisher\":{\"@id\":\"https:\/\/hobstop.ee\/lt\/#organization\"},\"potentialAction\":[{\"@type\":\"SearchAction\",\"target\":{\"@type\":\"EntryPoint\",\"urlTemplate\":\"https:\/\/hobstop.ee\/lt\/?s={search_term_string}\"},\"query-input\":{\"@type\":\"PropertyValueSpecification\",\"valueRequired\":true,\"valueName\":\"search_term_string\"}}],\"inLanguage\":\"lt\"},{\"@type\":\"Organization\",\"@id\":\"https:\/\/hobstop.ee\/lt\/#organization\",\"name\":\"Vunder AS\",\"url\":\"https:\/\/hobstop.ee\/lt\/\",\"logo\":{\"@type\":\"ImageObject\",\"inLanguage\":\"lt\",\"@id\":\"https:\/\/hobstop.ee\/lt\/#\/schema\/logo\/image\/\",\"url\":\"https:\/\/hobstop.ee\/media\/vunder-logo.png\",\"contentUrl\":\"https:\/\/hobstop.ee\/media\/vunder-logo.png\",\"width\":127,\"height\":55,\"caption\":\"Vunder AS\"},\"image\":{\"@id\":\"https:\/\/hobstop.ee\/lt\/#\/schema\/logo\/image\/\"},\"sameAs\":[\"http:\/\/www.facebook.com\/VunderSkizze\"]}]}<\/script>\n<!-- \/ Yoast SEO plugin. -->","yoast_head_json":{"title":"Lipdukas tekstilei Aladine &#8211; Skizze","robots":{"index":"noindex","follow":"follow","max-snippet":"max-snippet:-1","max-image-preview":"max-image-preview:large","max-video-preview":"max-video-preview:-1"},"og_locale":"lt_LT","og_type":"article","og_title":"Lipdukas tekstilei Aladine &#8211; Skizze","og_description":"Lipdukas yra greitas ir patogus b\u016bdas dekoruoti tekstilinius pavir\u0161ius. Tiesiog i\u0161kirpkite norimos formos ir dyd\u017eio lipdukus ir u\u017ed\u0117kite ant \u0161varaus audinio. Pritvirtinami lyginant, pritvirtin\u0119 atsargiai nuimkite lipduko apsaugin\u0119 pl\u0117vel\u0119. Lipduku dekoruot\u0105 audin\u012f galima skalbti.","og_url":"https:\/\/hobstop.ee\/lt\/produktas\/lipdukas-tekstilei-aladine\/","og_site_name":"Skizze","article_publisher":"http:\/\/www.facebook.com\/VunderSkizze","og_image":[{"width":1024,"height":768,"url":"https:\/\/hobstop.ee\/media\/4000.jpg","type":"image\/jpeg"}],"twitter_card":"summary_large_image","schema":{"@context":"https:\/\/schema.org","@graph":[{"@type":"WebPage","@id":"https:\/\/hobstop.ee\/lt\/produktas\/lipdukas-tekstilei-aladine\/","url":"https:\/\/hobstop.ee\/lt\/produktas\/lipdukas-tekstilei-aladine\/","name":"Lipdukas tekstilei Aladine &#8211; Skizze","isPartOf":{"@id":"https:\/\/hobstop.ee\/lt\/#website"},"primaryImageOfPage":{"@id":"https:\/\/hobstop.ee\/lt\/produktas\/lipdukas-tekstilei-aladine\/#primaryimage"},"image":{"@id":"https:\/\/hobstop.ee\/lt\/produktas\/lipdukas-tekstilei-aladine\/#primaryimage"},"thumbnailUrl":"https:\/\/hobstop.ee\/media\/4000.jpg","datePublished":"2015-11-03T09:22:26+00:00","dateModified":"2015-11-03T09:22:26+00:00","breadcrumb":{"@id":"https:\/\/hobstop.ee\/lt\/produktas\/lipdukas-tekstilei-aladine\/#breadcrumb"},"inLanguage":"lt","potentialAction":[{"@type":"ReadAction","target":["https:\/\/hobstop.ee\/lt\/produktas\/lipdukas-tekstilei-aladine\/"]}]},{"@type":"ImageObject","inLanguage":"lt","@id":"https:\/\/hobstop.ee\/lt\/produktas\/lipdukas-tekstilei-aladine\/#primaryimage","url":"https:\/\/hobstop.ee\/media\/4000.jpg","contentUrl":"https:\/\/hobstop.ee\/media\/4000.jpg","width":1024,"height":768},{"@type":"BreadcrumbList","@id":"https:\/\/hobstop.ee\/lt\/produktas\/lipdukas-tekstilei-aladine\/#breadcrumb","itemListElement":[{"@type":"ListItem","position":1,"name":"Avaleht","item":"https:\/\/hobstop.ee\/lt\/"},{"@type":"ListItem","position":2,"name":"Parduotuv\u0117","item":"https:\/\/hobstop.ee\/lt\/parduotuve\/"},{"@type":"ListItem","position":3,"name":"Lipdukas tekstilei Aladine"}]},{"@type":"WebSite","@id":"https:\/\/hobstop.ee\/lt\/#website","url":"https:\/\/hobstop.ee\/lt\/","name":"Skizze","description":"Dail\u0117s, pom\u0117gi\u0173 ir mokykliniai reikm\u0117nys","publisher":{"@id":"https:\/\/hobstop.ee\/lt\/#organization"},"potentialAction":[{"@type":"SearchAction","target":{"@type":"EntryPoint","urlTemplate":"https:\/\/hobstop.ee\/lt\/?s={search_term_string}"},"query-input":{"@type":"PropertyValueSpecification","valueRequired":true,"valueName":"search_term_string"}}],"inLanguage":"lt"},{"@type":"Organization","@id":"https:\/\/hobstop.ee\/lt\/#organization","name":"Vunder AS","url":"https:\/\/hobstop.ee\/lt\/","logo":{"@type":"ImageObject","inLanguage":"lt","@id":"https:\/\/hobstop.ee\/lt\/#\/schema\/logo\/image\/","url":"https:\/\/hobstop.ee\/media\/vunder-logo.png","contentUrl":"https:\/\/hobstop.ee\/media\/vunder-logo.png","width":127,"height":55,"caption":"Vunder AS"},"image":{"@id":"https:\/\/hobstop.ee\/lt\/#\/schema\/logo\/image\/"},"sameAs":["http:\/\/www.facebook.com\/VunderSkizze"]}]}},"_links":{"self":[{"href":"https:\/\/hobstop.ee\/lt\/wp-json\/wp\/v2\/product\/233909","targetHints":{"allow":["GET"]}}],"collection":[{"href":"https:\/\/hobstop.ee\/lt\/wp-json\/wp\/v2\/product"}],"about":[{"href":"https:\/\/hobstop.ee\/lt\/wp-json\/wp\/v2\/types\/product"}],"replies":[{"embeddable":true,"href":"https:\/\/hobstop.ee\/lt\/wp-json\/wp\/v2\/comments?post=233909"}],"wp:featuredmedia":[{"embeddable":true,"href":"https:\/\/hobstop.ee\/lt\/wp-json\/wp\/v2\/media\/234726"}],"wp:attachment":[{"href":"https:\/\/hobstop.ee\/lt\/wp-json\/wp\/v2\/media?parent=233909"}],"wp:term":[{"taxonomy":"product_cat","embeddable":true,"href":"https:\/\/hobstop.ee\/lt\/wp-json\/wp\/v2\/product_cat?post=233909"},{"taxonomy":"product_tag","embeddable":true,"href":"https:\/\/hobstop.ee\/lt\/wp-json\/wp\/v2\/product_tag?post=233909"}],"curies":[{"name":"wp","href":"https:\/\/api.w.org\/{rel}","templated":true}]}}