{"id":233917,"date":"2015-11-03T11:22:30","date_gmt":"2015-11-03T09:22:30","guid":{"rendered":"https:\/\/sharks.ee\/vunder_2019\/lt\/product\/tusas-aladine-izink-dye-15ml\/"},"modified":"2015-11-03T11:22:30","modified_gmt":"2015-11-03T09:22:30","slug":"tusas-aladine-izink-dye-15ml","status":"publish","type":"product","link":"https:\/\/hobstop.ee\/lt\/produktas\/tusas-aladine-izink-dye-15ml\/","title":{"rendered":"Tu\u0161as Aladine Izink Dye 15ml"},"content":{"rendered":"<p>Pur\u0161kiam\u0105 \u201eIzink Dye\u201c tu\u0161\u0105 lengva naudoti \u012fvairiems popieriaus darbams, itin tinka skrebinimo ir mi\u0161ria technikai atliekamiems darbams. Vandeniu skied\u017eiamas tu\u0161as, kurio sud\u0117tyje n\u0117ra r\u016bg\u0161ties; ry\u0161ki\u0173 spalv\u0173, ta\u010diau permatomas. Naudojant su vandeniu pana\u0161us \u012f akvarel\u0119. Kam\u0161telyje yra \u012ftaisytas purk\u0161tukas, tod\u0117l labai tinka naudoti su \u0161ablonais. \u012evairias spalvas galima mai\u0161yti tarpusavyje.<\/p>\n","protected":false},"excerpt":{"rendered":"<p>Pur\u0161kiam\u0105 \u201eIzink Dye\u201c tu\u0161\u0105 lengva naudoti \u012fvairiems popieriaus darbams, itin tinka skrebinimo ir mi\u0161ria technikai atliekamiems darbams. Vandeniu skied\u017eiamas tu\u0161as, kurio sud\u0117tyje n\u0117ra r\u016bg\u0161ties; ry\u0161ki\u0173 spalv\u0173, ta\u010diau permatomas. Naudojant su vandeniu pana\u0161us \u012f akvarel\u0119. Kam\u0161telyje yra \u012ftaisytas purk\u0161tukas, tod\u0117l labai tinka naudoti su \u0161ablonais. \u012evairias spalvas galima mai\u0161yti tarpusavyje.<\/p>\n","protected":false},"featured_media":234734,"comment_status":"closed","ping_status":"closed","template":"","meta":{"_acf_changed":false,"ep_exclude_from_search":false},"product_cat":[17919,19876,19844],"product_tag":[],"class_list":{"0":"post-233917","1":"product","2":"type-product","3":"status-publish","4":"has-post-thumbnail","6":"product_cat-pomegiu-prekes","7":"product_cat-popieriaus-menas","8":"product_cat-tusas","10":"first","11":"instock","12":"taxable","13":"shipping-taxable","14":"purchasable","15":"product-type-simple"},"acf":[],"yoast_head":"<!-- This site is optimized with the Yoast SEO plugin v24.1 - https:\/\/yoast.com\/wordpress\/plugins\/seo\/ -->\n<title>Tu\u0161as Aladine Izink Dye 15ml &#8211; Skizze<\/title>\n<meta name=\"robots\" content=\"noindex, follow, max-snippet:-1, max-image-preview:large, max-video-preview:-1\" \/>\n<meta property=\"og:locale\" content=\"lt_LT\" \/>\n<meta property=\"og:type\" content=\"article\" \/>\n<meta property=\"og:title\" content=\"Tu\u0161as Aladine Izink Dye 15ml &#8211; Skizze\" \/>\n<meta property=\"og:description\" content=\"Pur\u0161kiam\u0105 \u201eIzink Dye\u201c tu\u0161\u0105 lengva naudoti \u012fvairiems popieriaus darbams, itin tinka skrebinimo ir mi\u0161ria technikai atliekamiems darbams. Vandeniu skied\u017eiamas tu\u0161as, kurio sud\u0117tyje n\u0117ra r\u016bg\u0161ties; ry\u0161ki\u0173 spalv\u0173, ta\u010diau permatomas. Naudojant su vandeniu pana\u0161us \u012f akvarel\u0119. Kam\u0161telyje yra \u012ftaisytas purk\u0161tukas, tod\u0117l labai tinka naudoti su \u0161ablonais. \u012evairias spalvas galima mai\u0161yti tarpusavyje.\" \/>\n<meta property=\"og:url\" content=\"https:\/\/hobstop.ee\/lt\/produktas\/tusas-aladine-izink-dye-15ml\/\" \/>\n<meta property=\"og:site_name\" content=\"Skizze\" \/>\n<meta property=\"article:publisher\" content=\"http:\/\/www.facebook.com\/VunderSkizze\" \/>\n<meta property=\"og:image\" content=\"https:\/\/hobstop.ee\/media\/4002.jpg\" \/>\n\t<meta property=\"og:image:width\" content=\"1024\" \/>\n\t<meta property=\"og:image:height\" content=\"768\" \/>\n\t<meta property=\"og:image:type\" content=\"image\/jpeg\" \/>\n<meta name=\"twitter:card\" content=\"summary_large_image\" \/>\n<script type=\"application\/ld+json\" class=\"yoast-schema-graph\">{\"@context\":\"https:\/\/schema.org\",\"@graph\":[{\"@type\":\"WebPage\",\"@id\":\"https:\/\/hobstop.ee\/lt\/produktas\/tusas-aladine-izink-dye-15ml\/\",\"url\":\"https:\/\/hobstop.ee\/lt\/produktas\/tusas-aladine-izink-dye-15ml\/\",\"name\":\"Tu\u0161as Aladine Izink Dye 15ml &#8211; Skizze\",\"isPartOf\":{\"@id\":\"https:\/\/hobstop.ee\/lt\/#website\"},\"primaryImageOfPage\":{\"@id\":\"https:\/\/hobstop.ee\/lt\/produktas\/tusas-aladine-izink-dye-15ml\/#primaryimage\"},\"image\":{\"@id\":\"https:\/\/hobstop.ee\/lt\/produktas\/tusas-aladine-izink-dye-15ml\/#primaryimage\"},\"thumbnailUrl\":\"https:\/\/hobstop.ee\/media\/4002.jpg\",\"datePublished\":\"2015-11-03T09:22:30+00:00\",\"dateModified\":\"2015-11-03T09:22:30+00:00\",\"breadcrumb\":{\"@id\":\"https:\/\/hobstop.ee\/lt\/produktas\/tusas-aladine-izink-dye-15ml\/#breadcrumb\"},\"inLanguage\":\"lt\",\"potentialAction\":[{\"@type\":\"ReadAction\",\"target\":[\"https:\/\/hobstop.ee\/lt\/produktas\/tusas-aladine-izink-dye-15ml\/\"]}]},{\"@type\":\"ImageObject\",\"inLanguage\":\"lt\",\"@id\":\"https:\/\/hobstop.ee\/lt\/produktas\/tusas-aladine-izink-dye-15ml\/#primaryimage\",\"url\":\"https:\/\/hobstop.ee\/media\/4002.jpg\",\"contentUrl\":\"https:\/\/hobstop.ee\/media\/4002.jpg\",\"width\":1024,\"height\":768},{\"@type\":\"BreadcrumbList\",\"@id\":\"https:\/\/hobstop.ee\/lt\/produktas\/tusas-aladine-izink-dye-15ml\/#breadcrumb\",\"itemListElement\":[{\"@type\":\"ListItem\",\"position\":1,\"name\":\"Avaleht\",\"item\":\"https:\/\/hobstop.ee\/lt\/\"},{\"@type\":\"ListItem\",\"position\":2,\"name\":\"Parduotuv\u0117\",\"item\":\"https:\/\/hobstop.ee\/lt\/parduotuve\/\"},{\"@type\":\"ListItem\",\"position\":3,\"name\":\"Tu\u0161as Aladine Izink Dye 15ml\"}]},{\"@type\":\"WebSite\",\"@id\":\"https:\/\/hobstop.ee\/lt\/#website\",\"url\":\"https:\/\/hobstop.ee\/lt\/\",\"name\":\"Skizze\",\"description\":\"Dail\u0117s, pom\u0117gi\u0173 ir mokykliniai reikm\u0117nys\",\"publisher\":{\"@id\":\"https:\/\/hobstop.ee\/lt\/#organization\"},\"potentialAction\":[{\"@type\":\"SearchAction\",\"target\":{\"@type\":\"EntryPoint\",\"urlTemplate\":\"https:\/\/hobstop.ee\/lt\/?s={search_term_string}\"},\"query-input\":{\"@type\":\"PropertyValueSpecification\",\"valueRequired\":true,\"valueName\":\"search_term_string\"}}],\"inLanguage\":\"lt\"},{\"@type\":\"Organization\",\"@id\":\"https:\/\/hobstop.ee\/lt\/#organization\",\"name\":\"Vunder AS\",\"url\":\"https:\/\/hobstop.ee\/lt\/\",\"logo\":{\"@type\":\"ImageObject\",\"inLanguage\":\"lt\",\"@id\":\"https:\/\/hobstop.ee\/lt\/#\/schema\/logo\/image\/\",\"url\":\"https:\/\/hobstop.ee\/media\/vunder-logo.png\",\"contentUrl\":\"https:\/\/hobstop.ee\/media\/vunder-logo.png\",\"width\":127,\"height\":55,\"caption\":\"Vunder AS\"},\"image\":{\"@id\":\"https:\/\/hobstop.ee\/lt\/#\/schema\/logo\/image\/\"},\"sameAs\":[\"http:\/\/www.facebook.com\/VunderSkizze\"]}]}<\/script>\n<!-- \/ Yoast SEO plugin. -->","yoast_head_json":{"title":"Tu\u0161as Aladine Izink Dye 15ml &#8211; Skizze","robots":{"index":"noindex","follow":"follow","max-snippet":"max-snippet:-1","max-image-preview":"max-image-preview:large","max-video-preview":"max-video-preview:-1"},"og_locale":"lt_LT","og_type":"article","og_title":"Tu\u0161as Aladine Izink Dye 15ml &#8211; Skizze","og_description":"Pur\u0161kiam\u0105 \u201eIzink Dye\u201c tu\u0161\u0105 lengva naudoti \u012fvairiems popieriaus darbams, itin tinka skrebinimo ir mi\u0161ria technikai atliekamiems darbams. Vandeniu skied\u017eiamas tu\u0161as, kurio sud\u0117tyje n\u0117ra r\u016bg\u0161ties; ry\u0161ki\u0173 spalv\u0173, ta\u010diau permatomas. Naudojant su vandeniu pana\u0161us \u012f akvarel\u0119. Kam\u0161telyje yra \u012ftaisytas purk\u0161tukas, tod\u0117l labai tinka naudoti su \u0161ablonais. \u012evairias spalvas galima mai\u0161yti tarpusavyje.","og_url":"https:\/\/hobstop.ee\/lt\/produktas\/tusas-aladine-izink-dye-15ml\/","og_site_name":"Skizze","article_publisher":"http:\/\/www.facebook.com\/VunderSkizze","og_image":[{"width":1024,"height":768,"url":"https:\/\/hobstop.ee\/media\/4002.jpg","type":"image\/jpeg"}],"twitter_card":"summary_large_image","schema":{"@context":"https:\/\/schema.org","@graph":[{"@type":"WebPage","@id":"https:\/\/hobstop.ee\/lt\/produktas\/tusas-aladine-izink-dye-15ml\/","url":"https:\/\/hobstop.ee\/lt\/produktas\/tusas-aladine-izink-dye-15ml\/","name":"Tu\u0161as Aladine Izink Dye 15ml &#8211; Skizze","isPartOf":{"@id":"https:\/\/hobstop.ee\/lt\/#website"},"primaryImageOfPage":{"@id":"https:\/\/hobstop.ee\/lt\/produktas\/tusas-aladine-izink-dye-15ml\/#primaryimage"},"image":{"@id":"https:\/\/hobstop.ee\/lt\/produktas\/tusas-aladine-izink-dye-15ml\/#primaryimage"},"thumbnailUrl":"https:\/\/hobstop.ee\/media\/4002.jpg","datePublished":"2015-11-03T09:22:30+00:00","dateModified":"2015-11-03T09:22:30+00:00","breadcrumb":{"@id":"https:\/\/hobstop.ee\/lt\/produktas\/tusas-aladine-izink-dye-15ml\/#breadcrumb"},"inLanguage":"lt","potentialAction":[{"@type":"ReadAction","target":["https:\/\/hobstop.ee\/lt\/produktas\/tusas-aladine-izink-dye-15ml\/"]}]},{"@type":"ImageObject","inLanguage":"lt","@id":"https:\/\/hobstop.ee\/lt\/produktas\/tusas-aladine-izink-dye-15ml\/#primaryimage","url":"https:\/\/hobstop.ee\/media\/4002.jpg","contentUrl":"https:\/\/hobstop.ee\/media\/4002.jpg","width":1024,"height":768},{"@type":"BreadcrumbList","@id":"https:\/\/hobstop.ee\/lt\/produktas\/tusas-aladine-izink-dye-15ml\/#breadcrumb","itemListElement":[{"@type":"ListItem","position":1,"name":"Avaleht","item":"https:\/\/hobstop.ee\/lt\/"},{"@type":"ListItem","position":2,"name":"Parduotuv\u0117","item":"https:\/\/hobstop.ee\/lt\/parduotuve\/"},{"@type":"ListItem","position":3,"name":"Tu\u0161as Aladine Izink Dye 15ml"}]},{"@type":"WebSite","@id":"https:\/\/hobstop.ee\/lt\/#website","url":"https:\/\/hobstop.ee\/lt\/","name":"Skizze","description":"Dail\u0117s, pom\u0117gi\u0173 ir mokykliniai reikm\u0117nys","publisher":{"@id":"https:\/\/hobstop.ee\/lt\/#organization"},"potentialAction":[{"@type":"SearchAction","target":{"@type":"EntryPoint","urlTemplate":"https:\/\/hobstop.ee\/lt\/?s={search_term_string}"},"query-input":{"@type":"PropertyValueSpecification","valueRequired":true,"valueName":"search_term_string"}}],"inLanguage":"lt"},{"@type":"Organization","@id":"https:\/\/hobstop.ee\/lt\/#organization","name":"Vunder AS","url":"https:\/\/hobstop.ee\/lt\/","logo":{"@type":"ImageObject","inLanguage":"lt","@id":"https:\/\/hobstop.ee\/lt\/#\/schema\/logo\/image\/","url":"https:\/\/hobstop.ee\/media\/vunder-logo.png","contentUrl":"https:\/\/hobstop.ee\/media\/vunder-logo.png","width":127,"height":55,"caption":"Vunder AS"},"image":{"@id":"https:\/\/hobstop.ee\/lt\/#\/schema\/logo\/image\/"},"sameAs":["http:\/\/www.facebook.com\/VunderSkizze"]}]}},"_links":{"self":[{"href":"https:\/\/hobstop.ee\/lt\/wp-json\/wp\/v2\/product\/233917","targetHints":{"allow":["GET"]}}],"collection":[{"href":"https:\/\/hobstop.ee\/lt\/wp-json\/wp\/v2\/product"}],"about":[{"href":"https:\/\/hobstop.ee\/lt\/wp-json\/wp\/v2\/types\/product"}],"replies":[{"embeddable":true,"href":"https:\/\/hobstop.ee\/lt\/wp-json\/wp\/v2\/comments?post=233917"}],"wp:featuredmedia":[{"embeddable":true,"href":"https:\/\/hobstop.ee\/lt\/wp-json\/wp\/v2\/media\/234734"}],"wp:attachment":[{"href":"https:\/\/hobstop.ee\/lt\/wp-json\/wp\/v2\/media?parent=233917"}],"wp:term":[{"taxonomy":"product_cat","embeddable":true,"href":"https:\/\/hobstop.ee\/lt\/wp-json\/wp\/v2\/product_cat?post=233917"},{"taxonomy":"product_tag","embeddable":true,"href":"https:\/\/hobstop.ee\/lt\/wp-json\/wp\/v2\/product_tag?post=233917"}],"curies":[{"name":"wp","href":"https:\/\/api.w.org\/{rel}","templated":true}]}}