{"id":23408,"date":"2014-12-09T12:51:14","date_gmt":"2014-12-09T10:51:14","guid":{"rendered":"https:\/\/sharks.ee\/vunder_2019.klient.veebimajutus.ee\/?post_type=product&#038;p=23408"},"modified":"2014-12-09T12:51:14","modified_gmt":"2014-12-09T10:51:14","slug":"molbertas-mabef-m20","status":"publish","type":"product","link":"https:\/\/hobstop.ee\/lt\/produktas\/molbertas-mabef-m20\/","title":{"rendered":"Molbertas Mabef M20"},"content":{"rendered":"<p>Plonas ir eleganti\u0161kas \u201eMabef M20\u201c molbertas, pagamintas i\u0161 alyvuotos ber\u017eo medienos. Drob\u0117s auk\u0161tis reguliuojamas dvejais sparniniais var\u017etais. Sveria 5kg, tinka iki 130cm drob\u0117ms. Lengvai sudedamas. Itin tinka demonstravimui vitrinose.<br \/>\nMolbertas \u201eMabef M20 Plus\u201c su reguliuojamu drob\u0117s laikikliu. Saugiai pastatomos auk\u0161tos drob\u0117s. Apatinis stal\u010dius yra reguliuojamas dvejais sparniniais var\u017etais. Tinka 140cm auk\u0161\u010dio ir 5.4kg sverian\u010dioms drob\u0117ms.<\/p>\n","protected":false},"excerpt":{"rendered":"<p>Plonas ir eleganti\u0161kas \u201eMabef M20\u201c molbertas, pagamintas i\u0161 alyvuotos ber\u017eo medienos. Drob\u0117s auk\u0161tis reguliuojamas dvejais sparniniais var\u017etais. Sveria 5kg, tinka iki 130cm drob\u0117ms. Lengvai sudedamas. Itin tinka demonstravimui vitrinose. Molbertas \u201eMabef M20 Plus\u201c su reguliuojamu drob\u0117s laikikliu. Saugiai pastatomos auk\u0161tos drob\u0117s. Apatinis stal\u010dius yra reguliuojamas dvejais sparniniais var\u017etais. Tinka 140cm auk\u0161\u010dio ir 5.4kg sverian\u010dioms drob\u0117ms.<\/p>\n","protected":false},"featured_media":102747,"comment_status":"closed","ping_status":"closed","template":"","meta":{"_acf_changed":false,"ep_exclude_from_search":false},"product_cat":[16124,18379,18935],"product_tag":[],"class_list":{"0":"post-23408","1":"product","2":"type-product","3":"status-publish","4":"has-post-thumbnail","6":"product_cat-dailes-prekes","7":"product_cat-lyros-tipo-molbertai","8":"product_cat-molbertai","10":"first","11":"instock","12":"taxable","13":"shipping-taxable","14":"purchasable","15":"product-type-variable"},"acf":[],"yoast_head":"<!-- This site is optimized with the Yoast SEO plugin v24.1 - https:\/\/yoast.com\/wordpress\/plugins\/seo\/ -->\n<title>Molbertas Mabef M20 &#8211; Skizze<\/title>\n<meta name=\"robots\" content=\"noindex, follow, max-snippet:-1, max-image-preview:large, max-video-preview:-1\" \/>\n<meta property=\"og:locale\" content=\"lt_LT\" \/>\n<meta property=\"og:type\" content=\"article\" \/>\n<meta property=\"og:title\" content=\"Molbertas Mabef M20 &#8211; Skizze\" \/>\n<meta property=\"og:description\" content=\"Plonas ir eleganti\u0161kas \u201eMabef M20\u201c molbertas, pagamintas i\u0161 alyvuotos ber\u017eo medienos. Drob\u0117s auk\u0161tis reguliuojamas dvejais sparniniais var\u017etais. Sveria 5kg, tinka iki 130cm drob\u0117ms. Lengvai sudedamas. Itin tinka demonstravimui vitrinose. Molbertas \u201eMabef M20 Plus\u201c su reguliuojamu drob\u0117s laikikliu. Saugiai pastatomos auk\u0161tos drob\u0117s. Apatinis stal\u010dius yra reguliuojamas dvejais sparniniais var\u017etais. Tinka 140cm auk\u0161\u010dio ir 5.4kg sverian\u010dioms drob\u0117ms.\" \/>\n<meta property=\"og:url\" content=\"https:\/\/hobstop.ee\/lt\/produktas\/molbertas-mabef-m20\/\" \/>\n<meta property=\"og:site_name\" content=\"Skizze\" \/>\n<meta property=\"article:publisher\" content=\"http:\/\/www.facebook.com\/VunderSkizze\" \/>\n<meta property=\"og:image\" content=\"https:\/\/hobstop.ee\/media\/1192.jpg\" \/>\n\t<meta property=\"og:image:width\" content=\"1024\" \/>\n\t<meta property=\"og:image:height\" content=\"768\" \/>\n\t<meta property=\"og:image:type\" content=\"image\/jpeg\" \/>\n<meta name=\"twitter:card\" content=\"summary_large_image\" \/>\n<script type=\"application\/ld+json\" class=\"yoast-schema-graph\">{\"@context\":\"https:\/\/schema.org\",\"@graph\":[{\"@type\":\"WebPage\",\"@id\":\"https:\/\/hobstop.ee\/lt\/produktas\/molbertas-mabef-m20\/\",\"url\":\"https:\/\/hobstop.ee\/lt\/produktas\/molbertas-mabef-m20\/\",\"name\":\"Molbertas Mabef M20 &#8211; Skizze\",\"isPartOf\":{\"@id\":\"https:\/\/www.hobstop.ee\/lt\/#website\"},\"primaryImageOfPage\":{\"@id\":\"https:\/\/hobstop.ee\/lt\/produktas\/molbertas-mabef-m20\/#primaryimage\"},\"image\":{\"@id\":\"https:\/\/hobstop.ee\/lt\/produktas\/molbertas-mabef-m20\/#primaryimage\"},\"thumbnailUrl\":\"https:\/\/hobstop.ee\/media\/1192.jpg\",\"datePublished\":\"2014-12-09T10:51:14+00:00\",\"dateModified\":\"2014-12-09T10:51:14+00:00\",\"breadcrumb\":{\"@id\":\"https:\/\/hobstop.ee\/lt\/produktas\/molbertas-mabef-m20\/#breadcrumb\"},\"inLanguage\":\"lt\",\"potentialAction\":[{\"@type\":\"ReadAction\",\"target\":[\"https:\/\/hobstop.ee\/lt\/produktas\/molbertas-mabef-m20\/\"]}]},{\"@type\":\"ImageObject\",\"inLanguage\":\"lt\",\"@id\":\"https:\/\/hobstop.ee\/lt\/produktas\/molbertas-mabef-m20\/#primaryimage\",\"url\":\"https:\/\/hobstop.ee\/media\/1192.jpg\",\"contentUrl\":\"https:\/\/hobstop.ee\/media\/1192.jpg\",\"width\":1024,\"height\":768},{\"@type\":\"BreadcrumbList\",\"@id\":\"https:\/\/hobstop.ee\/lt\/produktas\/molbertas-mabef-m20\/#breadcrumb\",\"itemListElement\":[{\"@type\":\"ListItem\",\"position\":1,\"name\":\"Avaleht\",\"item\":\"https:\/\/hobstop.ee\/lt\/\"},{\"@type\":\"ListItem\",\"position\":2,\"name\":\"Parduotuv\u0117\",\"item\":\"https:\/\/hobstop.ee\/lt\/parduotuve\/\"},{\"@type\":\"ListItem\",\"position\":3,\"name\":\"Molbertas Mabef M20\"}]},{\"@type\":\"WebSite\",\"@id\":\"https:\/\/www.hobstop.ee\/lt\/#website\",\"url\":\"https:\/\/www.hobstop.ee\/lt\/\",\"name\":\"Skizze\",\"description\":\"Dail\u0117s, pom\u0117gi\u0173 ir mokykliniai reikm\u0117nys\",\"publisher\":{\"@id\":\"https:\/\/www.hobstop.ee\/lt\/#organization\"},\"potentialAction\":[{\"@type\":\"SearchAction\",\"target\":{\"@type\":\"EntryPoint\",\"urlTemplate\":\"https:\/\/www.hobstop.ee\/lt\/?s={search_term_string}\"},\"query-input\":{\"@type\":\"PropertyValueSpecification\",\"valueRequired\":true,\"valueName\":\"search_term_string\"}}],\"inLanguage\":\"lt\"},{\"@type\":\"Organization\",\"@id\":\"https:\/\/www.hobstop.ee\/lt\/#organization\",\"name\":\"Vunder AS\",\"url\":\"https:\/\/www.hobstop.ee\/lt\/\",\"logo\":{\"@type\":\"ImageObject\",\"inLanguage\":\"lt\",\"@id\":\"https:\/\/www.hobstop.ee\/lt\/#\/schema\/logo\/image\/\",\"url\":\"https:\/\/hobstop.ee\/media\/vunder-logo.png\",\"contentUrl\":\"https:\/\/hobstop.ee\/media\/vunder-logo.png\",\"width\":127,\"height\":55,\"caption\":\"Vunder AS\"},\"image\":{\"@id\":\"https:\/\/www.hobstop.ee\/lt\/#\/schema\/logo\/image\/\"},\"sameAs\":[\"http:\/\/www.facebook.com\/VunderSkizze\"]}]}<\/script>\n<!-- \/ Yoast SEO plugin. -->","yoast_head_json":{"title":"Molbertas Mabef M20 &#8211; Skizze","robots":{"index":"noindex","follow":"follow","max-snippet":"max-snippet:-1","max-image-preview":"max-image-preview:large","max-video-preview":"max-video-preview:-1"},"og_locale":"lt_LT","og_type":"article","og_title":"Molbertas Mabef M20 &#8211; Skizze","og_description":"Plonas ir eleganti\u0161kas \u201eMabef M20\u201c molbertas, pagamintas i\u0161 alyvuotos ber\u017eo medienos. Drob\u0117s auk\u0161tis reguliuojamas dvejais sparniniais var\u017etais. Sveria 5kg, tinka iki 130cm drob\u0117ms. Lengvai sudedamas. Itin tinka demonstravimui vitrinose. Molbertas \u201eMabef M20 Plus\u201c su reguliuojamu drob\u0117s laikikliu. Saugiai pastatomos auk\u0161tos drob\u0117s. Apatinis stal\u010dius yra reguliuojamas dvejais sparniniais var\u017etais. Tinka 140cm auk\u0161\u010dio ir 5.4kg sverian\u010dioms drob\u0117ms.","og_url":"https:\/\/hobstop.ee\/lt\/produktas\/molbertas-mabef-m20\/","og_site_name":"Skizze","article_publisher":"http:\/\/www.facebook.com\/VunderSkizze","og_image":[{"width":1024,"height":768,"url":"https:\/\/hobstop.ee\/media\/1192.jpg","type":"image\/jpeg"}],"twitter_card":"summary_large_image","schema":{"@context":"https:\/\/schema.org","@graph":[{"@type":"WebPage","@id":"https:\/\/hobstop.ee\/lt\/produktas\/molbertas-mabef-m20\/","url":"https:\/\/hobstop.ee\/lt\/produktas\/molbertas-mabef-m20\/","name":"Molbertas Mabef M20 &#8211; Skizze","isPartOf":{"@id":"https:\/\/www.hobstop.ee\/lt\/#website"},"primaryImageOfPage":{"@id":"https:\/\/hobstop.ee\/lt\/produktas\/molbertas-mabef-m20\/#primaryimage"},"image":{"@id":"https:\/\/hobstop.ee\/lt\/produktas\/molbertas-mabef-m20\/#primaryimage"},"thumbnailUrl":"https:\/\/hobstop.ee\/media\/1192.jpg","datePublished":"2014-12-09T10:51:14+00:00","dateModified":"2014-12-09T10:51:14+00:00","breadcrumb":{"@id":"https:\/\/hobstop.ee\/lt\/produktas\/molbertas-mabef-m20\/#breadcrumb"},"inLanguage":"lt","potentialAction":[{"@type":"ReadAction","target":["https:\/\/hobstop.ee\/lt\/produktas\/molbertas-mabef-m20\/"]}]},{"@type":"ImageObject","inLanguage":"lt","@id":"https:\/\/hobstop.ee\/lt\/produktas\/molbertas-mabef-m20\/#primaryimage","url":"https:\/\/hobstop.ee\/media\/1192.jpg","contentUrl":"https:\/\/hobstop.ee\/media\/1192.jpg","width":1024,"height":768},{"@type":"BreadcrumbList","@id":"https:\/\/hobstop.ee\/lt\/produktas\/molbertas-mabef-m20\/#breadcrumb","itemListElement":[{"@type":"ListItem","position":1,"name":"Avaleht","item":"https:\/\/hobstop.ee\/lt\/"},{"@type":"ListItem","position":2,"name":"Parduotuv\u0117","item":"https:\/\/hobstop.ee\/lt\/parduotuve\/"},{"@type":"ListItem","position":3,"name":"Molbertas Mabef M20"}]},{"@type":"WebSite","@id":"https:\/\/www.hobstop.ee\/lt\/#website","url":"https:\/\/www.hobstop.ee\/lt\/","name":"Skizze","description":"Dail\u0117s, pom\u0117gi\u0173 ir mokykliniai reikm\u0117nys","publisher":{"@id":"https:\/\/www.hobstop.ee\/lt\/#organization"},"potentialAction":[{"@type":"SearchAction","target":{"@type":"EntryPoint","urlTemplate":"https:\/\/www.hobstop.ee\/lt\/?s={search_term_string}"},"query-input":{"@type":"PropertyValueSpecification","valueRequired":true,"valueName":"search_term_string"}}],"inLanguage":"lt"},{"@type":"Organization","@id":"https:\/\/www.hobstop.ee\/lt\/#organization","name":"Vunder AS","url":"https:\/\/www.hobstop.ee\/lt\/","logo":{"@type":"ImageObject","inLanguage":"lt","@id":"https:\/\/www.hobstop.ee\/lt\/#\/schema\/logo\/image\/","url":"https:\/\/hobstop.ee\/media\/vunder-logo.png","contentUrl":"https:\/\/hobstop.ee\/media\/vunder-logo.png","width":127,"height":55,"caption":"Vunder AS"},"image":{"@id":"https:\/\/www.hobstop.ee\/lt\/#\/schema\/logo\/image\/"},"sameAs":["http:\/\/www.facebook.com\/VunderSkizze"]}]}},"_links":{"self":[{"href":"https:\/\/hobstop.ee\/lt\/wp-json\/wp\/v2\/product\/23408","targetHints":{"allow":["GET"]}}],"collection":[{"href":"https:\/\/hobstop.ee\/lt\/wp-json\/wp\/v2\/product"}],"about":[{"href":"https:\/\/hobstop.ee\/lt\/wp-json\/wp\/v2\/types\/product"}],"replies":[{"embeddable":true,"href":"https:\/\/hobstop.ee\/lt\/wp-json\/wp\/v2\/comments?post=23408"}],"wp:featuredmedia":[{"embeddable":true,"href":"https:\/\/hobstop.ee\/lt\/wp-json\/wp\/v2\/media\/102747"}],"wp:attachment":[{"href":"https:\/\/hobstop.ee\/lt\/wp-json\/wp\/v2\/media?parent=23408"}],"wp:term":[{"taxonomy":"product_cat","embeddable":true,"href":"https:\/\/hobstop.ee\/lt\/wp-json\/wp\/v2\/product_cat?post=23408"},{"taxonomy":"product_tag","embeddable":true,"href":"https:\/\/hobstop.ee\/lt\/wp-json\/wp\/v2\/product_tag?post=23408"}],"curies":[{"name":"wp","href":"https:\/\/api.w.org\/{rel}","templated":true}]}}