{"id":23414,"date":"2014-12-09T12:51:15","date_gmt":"2014-12-09T10:51:15","guid":{"rendered":"https:\/\/sharks.ee\/vunder_2019.klient.veebimajutus.ee\/?post_type=product&#038;p=23414"},"modified":"2014-12-09T12:51:15","modified_gmt":"2014-12-09T10:51:15","slug":"molbertas-mabef-m24","status":"publish","type":"product","link":"https:\/\/hobstop.ee\/lt\/produktas\/molbertas-mabef-m24\/","title":{"rendered":"Molbertas Mabef M24"},"content":{"rendered":"<p>I\u0161 alyvuotos ber\u017eo medienos su varine apdaila pagamintas \u201eMabef M24\u201c molbertas pasi\u017eymi auk\u0161\u010diausios kokyb\u0117s konstrukcija. Jame yra skarda i\u0161klotas stal\u010dius su keturiais skyriais da\u017eams ir teptukams laikyti ir medin\u0117 palet\u0117, kuri transportavimo metu u\u017edengia sulankstyt\u0105 molbert\u0105. Tinka iki 77cm auk\u0161\u010dio drob\u0117ms ir sveria 3kg.  Tai \u2013 puiki kelionin\u0117 studija.<\/p>\n","protected":false},"excerpt":{"rendered":"<p>I\u0161 alyvuotos ber\u017eo medienos su varine apdaila pagamintas \u201eMabef M24\u201c molbertas pasi\u017eymi auk\u0161\u010diausios kokyb\u0117s konstrukcija. Jame yra skarda i\u0161klotas stal\u010dius su keturiais skyriais da\u017eams ir teptukams laikyti ir medin\u0117 palet\u0117, kuri transportavimo metu u\u017edengia sulankstyt\u0105 molbert\u0105. Tinka iki 77cm auk\u0161\u010dio drob\u0117ms ir sveria 3kg. Tai \u2013 puiki kelionin\u0117 studija.<\/p>\n","protected":false},"featured_media":102759,"comment_status":"closed","ping_status":"closed","template":"","meta":{"_acf_changed":false,"ep_exclude_from_search":false},"product_cat":[16124,18935,18372],"product_tag":[],"class_list":{"0":"post-23414","1":"product","2":"type-product","3":"status-publish","4":"has-post-thumbnail","6":"product_cat-dailes-prekes","7":"product_cat-molbertai","8":"product_cat-molbertai-su-deze-dazams-2","9":"pa_kma-3088","11":"first","12":"outofstock","13":"taxable","14":"shipping-taxable","15":"purchasable","16":"product-type-variable"},"acf":[],"yoast_head":"<!-- This site is optimized with the Yoast SEO plugin v24.1 - https:\/\/yoast.com\/wordpress\/plugins\/seo\/ -->\n<title>Molbertas Mabef M24 &#8211; Skizze<\/title>\n<meta name=\"robots\" content=\"noindex, follow, max-snippet:-1, max-image-preview:large, max-video-preview:-1\" \/>\n<meta property=\"og:locale\" content=\"lt_LT\" \/>\n<meta property=\"og:type\" content=\"article\" \/>\n<meta property=\"og:title\" content=\"Molbertas Mabef M24 &#8211; Skizze\" \/>\n<meta property=\"og:description\" content=\"I\u0161 alyvuotos ber\u017eo medienos su varine apdaila pagamintas \u201eMabef M24\u201c molbertas pasi\u017eymi auk\u0161\u010diausios kokyb\u0117s konstrukcija. Jame yra skarda i\u0161klotas stal\u010dius su keturiais skyriais da\u017eams ir teptukams laikyti ir medin\u0117 palet\u0117, kuri transportavimo metu u\u017edengia sulankstyt\u0105 molbert\u0105. Tinka iki 77cm auk\u0161\u010dio drob\u0117ms ir sveria 3kg. Tai \u2013 puiki kelionin\u0117 studija.\" \/>\n<meta property=\"og:url\" content=\"https:\/\/hobstop.ee\/lt\/produktas\/molbertas-mabef-m24\/\" \/>\n<meta property=\"og:site_name\" content=\"Skizze\" \/>\n<meta property=\"article:publisher\" content=\"http:\/\/www.facebook.com\/VunderSkizze\" \/>\n<meta property=\"og:image\" content=\"https:\/\/hobstop.ee\/media\/1195.jpg\" \/>\n\t<meta property=\"og:image:width\" content=\"1024\" \/>\n\t<meta property=\"og:image:height\" content=\"768\" \/>\n\t<meta property=\"og:image:type\" content=\"image\/jpeg\" \/>\n<meta name=\"twitter:card\" content=\"summary_large_image\" \/>\n<script type=\"application\/ld+json\" class=\"yoast-schema-graph\">{\"@context\":\"https:\/\/schema.org\",\"@graph\":[{\"@type\":\"WebPage\",\"@id\":\"https:\/\/hobstop.ee\/lt\/produktas\/molbertas-mabef-m24\/\",\"url\":\"https:\/\/hobstop.ee\/lt\/produktas\/molbertas-mabef-m24\/\",\"name\":\"Molbertas Mabef M24 &#8211; Skizze\",\"isPartOf\":{\"@id\":\"https:\/\/hobstop.ee\/lt\/#website\"},\"primaryImageOfPage\":{\"@id\":\"https:\/\/hobstop.ee\/lt\/produktas\/molbertas-mabef-m24\/#primaryimage\"},\"image\":{\"@id\":\"https:\/\/hobstop.ee\/lt\/produktas\/molbertas-mabef-m24\/#primaryimage\"},\"thumbnailUrl\":\"https:\/\/hobstop.ee\/media\/1195.jpg\",\"datePublished\":\"2014-12-09T10:51:15+00:00\",\"dateModified\":\"2014-12-09T10:51:15+00:00\",\"breadcrumb\":{\"@id\":\"https:\/\/hobstop.ee\/lt\/produktas\/molbertas-mabef-m24\/#breadcrumb\"},\"inLanguage\":\"lt\",\"potentialAction\":[{\"@type\":\"ReadAction\",\"target\":[\"https:\/\/hobstop.ee\/lt\/produktas\/molbertas-mabef-m24\/\"]}]},{\"@type\":\"ImageObject\",\"inLanguage\":\"lt\",\"@id\":\"https:\/\/hobstop.ee\/lt\/produktas\/molbertas-mabef-m24\/#primaryimage\",\"url\":\"https:\/\/hobstop.ee\/media\/1195.jpg\",\"contentUrl\":\"https:\/\/hobstop.ee\/media\/1195.jpg\",\"width\":1024,\"height\":768},{\"@type\":\"BreadcrumbList\",\"@id\":\"https:\/\/hobstop.ee\/lt\/produktas\/molbertas-mabef-m24\/#breadcrumb\",\"itemListElement\":[{\"@type\":\"ListItem\",\"position\":1,\"name\":\"Avaleht\",\"item\":\"https:\/\/hobstop.ee\/lt\/\"},{\"@type\":\"ListItem\",\"position\":2,\"name\":\"Parduotuv\u0117\",\"item\":\"https:\/\/hobstop.ee\/lt\/parduotuve\/\"},{\"@type\":\"ListItem\",\"position\":3,\"name\":\"Molbertas Mabef M24\"}]},{\"@type\":\"WebSite\",\"@id\":\"https:\/\/hobstop.ee\/lt\/#website\",\"url\":\"https:\/\/hobstop.ee\/lt\/\",\"name\":\"Skizze\",\"description\":\"Dail\u0117s, pom\u0117gi\u0173 ir mokykliniai reikm\u0117nys\",\"publisher\":{\"@id\":\"https:\/\/hobstop.ee\/lt\/#organization\"},\"potentialAction\":[{\"@type\":\"SearchAction\",\"target\":{\"@type\":\"EntryPoint\",\"urlTemplate\":\"https:\/\/hobstop.ee\/lt\/?s={search_term_string}\"},\"query-input\":{\"@type\":\"PropertyValueSpecification\",\"valueRequired\":true,\"valueName\":\"search_term_string\"}}],\"inLanguage\":\"lt\"},{\"@type\":\"Organization\",\"@id\":\"https:\/\/hobstop.ee\/lt\/#organization\",\"name\":\"Vunder AS\",\"url\":\"https:\/\/hobstop.ee\/lt\/\",\"logo\":{\"@type\":\"ImageObject\",\"inLanguage\":\"lt\",\"@id\":\"https:\/\/hobstop.ee\/lt\/#\/schema\/logo\/image\/\",\"url\":\"https:\/\/hobstop.ee\/media\/vunder-logo.png\",\"contentUrl\":\"https:\/\/hobstop.ee\/media\/vunder-logo.png\",\"width\":127,\"height\":55,\"caption\":\"Vunder AS\"},\"image\":{\"@id\":\"https:\/\/hobstop.ee\/lt\/#\/schema\/logo\/image\/\"},\"sameAs\":[\"http:\/\/www.facebook.com\/VunderSkizze\"]}]}<\/script>\n<!-- \/ Yoast SEO plugin. -->","yoast_head_json":{"title":"Molbertas Mabef M24 &#8211; Skizze","robots":{"index":"noindex","follow":"follow","max-snippet":"max-snippet:-1","max-image-preview":"max-image-preview:large","max-video-preview":"max-video-preview:-1"},"og_locale":"lt_LT","og_type":"article","og_title":"Molbertas Mabef M24 &#8211; Skizze","og_description":"I\u0161 alyvuotos ber\u017eo medienos su varine apdaila pagamintas \u201eMabef M24\u201c molbertas pasi\u017eymi auk\u0161\u010diausios kokyb\u0117s konstrukcija. Jame yra skarda i\u0161klotas stal\u010dius su keturiais skyriais da\u017eams ir teptukams laikyti ir medin\u0117 palet\u0117, kuri transportavimo metu u\u017edengia sulankstyt\u0105 molbert\u0105. Tinka iki 77cm auk\u0161\u010dio drob\u0117ms ir sveria 3kg. Tai \u2013 puiki kelionin\u0117 studija.","og_url":"https:\/\/hobstop.ee\/lt\/produktas\/molbertas-mabef-m24\/","og_site_name":"Skizze","article_publisher":"http:\/\/www.facebook.com\/VunderSkizze","og_image":[{"width":1024,"height":768,"url":"https:\/\/hobstop.ee\/media\/1195.jpg","type":"image\/jpeg"}],"twitter_card":"summary_large_image","schema":{"@context":"https:\/\/schema.org","@graph":[{"@type":"WebPage","@id":"https:\/\/hobstop.ee\/lt\/produktas\/molbertas-mabef-m24\/","url":"https:\/\/hobstop.ee\/lt\/produktas\/molbertas-mabef-m24\/","name":"Molbertas Mabef M24 &#8211; Skizze","isPartOf":{"@id":"https:\/\/hobstop.ee\/lt\/#website"},"primaryImageOfPage":{"@id":"https:\/\/hobstop.ee\/lt\/produktas\/molbertas-mabef-m24\/#primaryimage"},"image":{"@id":"https:\/\/hobstop.ee\/lt\/produktas\/molbertas-mabef-m24\/#primaryimage"},"thumbnailUrl":"https:\/\/hobstop.ee\/media\/1195.jpg","datePublished":"2014-12-09T10:51:15+00:00","dateModified":"2014-12-09T10:51:15+00:00","breadcrumb":{"@id":"https:\/\/hobstop.ee\/lt\/produktas\/molbertas-mabef-m24\/#breadcrumb"},"inLanguage":"lt","potentialAction":[{"@type":"ReadAction","target":["https:\/\/hobstop.ee\/lt\/produktas\/molbertas-mabef-m24\/"]}]},{"@type":"ImageObject","inLanguage":"lt","@id":"https:\/\/hobstop.ee\/lt\/produktas\/molbertas-mabef-m24\/#primaryimage","url":"https:\/\/hobstop.ee\/media\/1195.jpg","contentUrl":"https:\/\/hobstop.ee\/media\/1195.jpg","width":1024,"height":768},{"@type":"BreadcrumbList","@id":"https:\/\/hobstop.ee\/lt\/produktas\/molbertas-mabef-m24\/#breadcrumb","itemListElement":[{"@type":"ListItem","position":1,"name":"Avaleht","item":"https:\/\/hobstop.ee\/lt\/"},{"@type":"ListItem","position":2,"name":"Parduotuv\u0117","item":"https:\/\/hobstop.ee\/lt\/parduotuve\/"},{"@type":"ListItem","position":3,"name":"Molbertas Mabef M24"}]},{"@type":"WebSite","@id":"https:\/\/hobstop.ee\/lt\/#website","url":"https:\/\/hobstop.ee\/lt\/","name":"Skizze","description":"Dail\u0117s, pom\u0117gi\u0173 ir mokykliniai reikm\u0117nys","publisher":{"@id":"https:\/\/hobstop.ee\/lt\/#organization"},"potentialAction":[{"@type":"SearchAction","target":{"@type":"EntryPoint","urlTemplate":"https:\/\/hobstop.ee\/lt\/?s={search_term_string}"},"query-input":{"@type":"PropertyValueSpecification","valueRequired":true,"valueName":"search_term_string"}}],"inLanguage":"lt"},{"@type":"Organization","@id":"https:\/\/hobstop.ee\/lt\/#organization","name":"Vunder AS","url":"https:\/\/hobstop.ee\/lt\/","logo":{"@type":"ImageObject","inLanguage":"lt","@id":"https:\/\/hobstop.ee\/lt\/#\/schema\/logo\/image\/","url":"https:\/\/hobstop.ee\/media\/vunder-logo.png","contentUrl":"https:\/\/hobstop.ee\/media\/vunder-logo.png","width":127,"height":55,"caption":"Vunder AS"},"image":{"@id":"https:\/\/hobstop.ee\/lt\/#\/schema\/logo\/image\/"},"sameAs":["http:\/\/www.facebook.com\/VunderSkizze"]}]}},"_links":{"self":[{"href":"https:\/\/hobstop.ee\/lt\/wp-json\/wp\/v2\/product\/23414","targetHints":{"allow":["GET"]}}],"collection":[{"href":"https:\/\/hobstop.ee\/lt\/wp-json\/wp\/v2\/product"}],"about":[{"href":"https:\/\/hobstop.ee\/lt\/wp-json\/wp\/v2\/types\/product"}],"replies":[{"embeddable":true,"href":"https:\/\/hobstop.ee\/lt\/wp-json\/wp\/v2\/comments?post=23414"}],"wp:featuredmedia":[{"embeddable":true,"href":"https:\/\/hobstop.ee\/lt\/wp-json\/wp\/v2\/media\/102759"}],"wp:attachment":[{"href":"https:\/\/hobstop.ee\/lt\/wp-json\/wp\/v2\/media?parent=23414"}],"wp:term":[{"taxonomy":"product_cat","embeddable":true,"href":"https:\/\/hobstop.ee\/lt\/wp-json\/wp\/v2\/product_cat?post=23414"},{"taxonomy":"product_tag","embeddable":true,"href":"https:\/\/hobstop.ee\/lt\/wp-json\/wp\/v2\/product_tag?post=23414"}],"curies":[{"name":"wp","href":"https:\/\/api.w.org\/{rel}","templated":true}]}}