{"id":23416,"date":"2014-12-09T12:51:16","date_gmt":"2014-12-09T10:51:16","guid":{"rendered":"https:\/\/sharks.ee\/vunder_2019.klient.veebimajutus.ee\/?post_type=product&#038;p=23416"},"modified":"2014-12-09T12:51:16","modified_gmt":"2014-12-09T10:51:16","slug":"molbertas-mabef-m25","status":"publish","type":"product","link":"https:\/\/hobstop.ee\/lt\/produktas\/molbertas-mabef-m25\/","title":{"rendered":"Molbertas Mabef M25"},"content":{"rendered":"<p>Puikus ir itin universalus molbertas \u2013 puikiai tinka \u012fvairiose meno srytyse dirbantiems menininkams. Molberto \u201eMabef M25\u201c konstrukcija yra lengva, auk\u0161tomis kojel\u0117mis, tod\u0117l jis yra lengvai pritaikomas prie asmeninio stiliaus, darbui tiek vertikalia, tiek ir horizontalia pad\u0117timi. Kruop\u0161\u010diai pagamintas Italijoje i\u0161 alyvuotos ber\u017eo medienos. Vertikalioje pad\u0117tyje tinka iki 200cm auk\u0161\u010dio drob\u0117ms, horizontalioje \u2013 iki 100cm. Vertikaliai pastatytas \u0161is universalus molbertas yra 225cm auk\u0161\u010dio (galima pakreipti 15 laipsni\u0173 kampu), horizontaliai  92cm auk\u0161\u010dio, sveria 9kg.<\/p>\n","protected":false},"excerpt":{"rendered":"<p>Puikus ir itin universalus molbertas \u2013 puikiai tinka \u012fvairiose meno srytyse dirbantiems menininkams. Molberto \u201eMabef M25\u201c konstrukcija yra lengva, auk\u0161tomis kojel\u0117mis, tod\u0117l jis yra lengvai pritaikomas prie asmeninio stiliaus, darbui tiek vertikalia, tiek ir horizontalia pad\u0117timi. Kruop\u0161\u010diai pagamintas Italijoje i\u0161 alyvuotos ber\u017eo medienos. Vertikalioje pad\u0117tyje tinka iki 200cm auk\u0161\u010dio drob\u0117ms, horizontalioje \u2013 iki 100cm. Vertikaliai pastatytas \u0161is universalus molbertas yra 225cm auk\u0161\u010dio (galima pakreipti 15 laipsni\u0173 kampu), horizontaliai 92cm auk\u0161\u010dio, sveria 9kg.<\/p>\n","protected":false},"featured_media":102763,"comment_status":"closed","ping_status":"closed","template":"","meta":{"_acf_changed":false,"ep_exclude_from_search":false},"product_cat":[16124,18379,18935],"product_tag":[],"class_list":{"0":"post-23416","1":"product","2":"type-product","3":"status-publish","4":"has-post-thumbnail","6":"product_cat-dailes-prekes","7":"product_cat-lyros-tipo-molbertai","8":"product_cat-molbertai","9":"pa_kma-3089","11":"first","12":"instock","13":"taxable","14":"shipping-taxable","15":"purchasable","16":"product-type-variable"},"acf":[],"yoast_head":"<!-- This site is optimized with the Yoast SEO plugin v24.1 - https:\/\/yoast.com\/wordpress\/plugins\/seo\/ -->\n<title>Molbertas Mabef M25 &#8211; Skizze<\/title>\n<meta name=\"robots\" content=\"noindex, follow, max-snippet:-1, max-image-preview:large, max-video-preview:-1\" \/>\n<meta property=\"og:locale\" content=\"lt_LT\" \/>\n<meta property=\"og:type\" content=\"article\" \/>\n<meta property=\"og:title\" content=\"Molbertas Mabef M25 &#8211; Skizze\" \/>\n<meta property=\"og:description\" content=\"Puikus ir itin universalus molbertas \u2013 puikiai tinka \u012fvairiose meno srytyse dirbantiems menininkams. Molberto \u201eMabef M25\u201c konstrukcija yra lengva, auk\u0161tomis kojel\u0117mis, tod\u0117l jis yra lengvai pritaikomas prie asmeninio stiliaus, darbui tiek vertikalia, tiek ir horizontalia pad\u0117timi. Kruop\u0161\u010diai pagamintas Italijoje i\u0161 alyvuotos ber\u017eo medienos. Vertikalioje pad\u0117tyje tinka iki 200cm auk\u0161\u010dio drob\u0117ms, horizontalioje \u2013 iki 100cm. Vertikaliai pastatytas \u0161is universalus molbertas yra 225cm auk\u0161\u010dio (galima pakreipti 15 laipsni\u0173 kampu), horizontaliai 92cm auk\u0161\u010dio, sveria 9kg.\" \/>\n<meta property=\"og:url\" content=\"https:\/\/hobstop.ee\/lt\/produktas\/molbertas-mabef-m25\/\" \/>\n<meta property=\"og:site_name\" content=\"Skizze\" \/>\n<meta property=\"article:publisher\" content=\"http:\/\/www.facebook.com\/VunderSkizze\" \/>\n<meta property=\"og:image\" content=\"https:\/\/hobstop.ee\/media\/1196.jpg\" \/>\n\t<meta property=\"og:image:width\" content=\"1024\" \/>\n\t<meta property=\"og:image:height\" content=\"768\" \/>\n\t<meta property=\"og:image:type\" content=\"image\/jpeg\" \/>\n<meta name=\"twitter:card\" content=\"summary_large_image\" \/>\n<script type=\"application\/ld+json\" class=\"yoast-schema-graph\">{\"@context\":\"https:\/\/schema.org\",\"@graph\":[{\"@type\":\"WebPage\",\"@id\":\"https:\/\/hobstop.ee\/lt\/produktas\/molbertas-mabef-m25\/\",\"url\":\"https:\/\/hobstop.ee\/lt\/produktas\/molbertas-mabef-m25\/\",\"name\":\"Molbertas Mabef M25 &#8211; Skizze\",\"isPartOf\":{\"@id\":\"https:\/\/hobstop.ee\/lt\/#website\"},\"primaryImageOfPage\":{\"@id\":\"https:\/\/hobstop.ee\/lt\/produktas\/molbertas-mabef-m25\/#primaryimage\"},\"image\":{\"@id\":\"https:\/\/hobstop.ee\/lt\/produktas\/molbertas-mabef-m25\/#primaryimage\"},\"thumbnailUrl\":\"https:\/\/hobstop.ee\/media\/1196.jpg\",\"datePublished\":\"2014-12-09T10:51:16+00:00\",\"dateModified\":\"2014-12-09T10:51:16+00:00\",\"breadcrumb\":{\"@id\":\"https:\/\/hobstop.ee\/lt\/produktas\/molbertas-mabef-m25\/#breadcrumb\"},\"inLanguage\":\"lt\",\"potentialAction\":[{\"@type\":\"ReadAction\",\"target\":[\"https:\/\/hobstop.ee\/lt\/produktas\/molbertas-mabef-m25\/\"]}]},{\"@type\":\"ImageObject\",\"inLanguage\":\"lt\",\"@id\":\"https:\/\/hobstop.ee\/lt\/produktas\/molbertas-mabef-m25\/#primaryimage\",\"url\":\"https:\/\/hobstop.ee\/media\/1196.jpg\",\"contentUrl\":\"https:\/\/hobstop.ee\/media\/1196.jpg\",\"width\":1024,\"height\":768},{\"@type\":\"BreadcrumbList\",\"@id\":\"https:\/\/hobstop.ee\/lt\/produktas\/molbertas-mabef-m25\/#breadcrumb\",\"itemListElement\":[{\"@type\":\"ListItem\",\"position\":1,\"name\":\"Avaleht\",\"item\":\"https:\/\/hobstop.ee\/lt\/\"},{\"@type\":\"ListItem\",\"position\":2,\"name\":\"Parduotuv\u0117\",\"item\":\"https:\/\/hobstop.ee\/lt\/parduotuve\/\"},{\"@type\":\"ListItem\",\"position\":3,\"name\":\"Molbertas Mabef M25\"}]},{\"@type\":\"WebSite\",\"@id\":\"https:\/\/hobstop.ee\/lt\/#website\",\"url\":\"https:\/\/hobstop.ee\/lt\/\",\"name\":\"Skizze\",\"description\":\"Dail\u0117s, pom\u0117gi\u0173 ir mokykliniai reikm\u0117nys\",\"publisher\":{\"@id\":\"https:\/\/hobstop.ee\/lt\/#organization\"},\"potentialAction\":[{\"@type\":\"SearchAction\",\"target\":{\"@type\":\"EntryPoint\",\"urlTemplate\":\"https:\/\/hobstop.ee\/lt\/?s={search_term_string}\"},\"query-input\":{\"@type\":\"PropertyValueSpecification\",\"valueRequired\":true,\"valueName\":\"search_term_string\"}}],\"inLanguage\":\"lt\"},{\"@type\":\"Organization\",\"@id\":\"https:\/\/hobstop.ee\/lt\/#organization\",\"name\":\"Vunder AS\",\"url\":\"https:\/\/hobstop.ee\/lt\/\",\"logo\":{\"@type\":\"ImageObject\",\"inLanguage\":\"lt\",\"@id\":\"https:\/\/hobstop.ee\/lt\/#\/schema\/logo\/image\/\",\"url\":\"https:\/\/hobstop.ee\/media\/vunder-logo.png\",\"contentUrl\":\"https:\/\/hobstop.ee\/media\/vunder-logo.png\",\"width\":127,\"height\":55,\"caption\":\"Vunder AS\"},\"image\":{\"@id\":\"https:\/\/hobstop.ee\/lt\/#\/schema\/logo\/image\/\"},\"sameAs\":[\"http:\/\/www.facebook.com\/VunderSkizze\"]}]}<\/script>\n<!-- \/ Yoast SEO plugin. -->","yoast_head_json":{"title":"Molbertas Mabef M25 &#8211; Skizze","robots":{"index":"noindex","follow":"follow","max-snippet":"max-snippet:-1","max-image-preview":"max-image-preview:large","max-video-preview":"max-video-preview:-1"},"og_locale":"lt_LT","og_type":"article","og_title":"Molbertas Mabef M25 &#8211; Skizze","og_description":"Puikus ir itin universalus molbertas \u2013 puikiai tinka \u012fvairiose meno srytyse dirbantiems menininkams. Molberto \u201eMabef M25\u201c konstrukcija yra lengva, auk\u0161tomis kojel\u0117mis, tod\u0117l jis yra lengvai pritaikomas prie asmeninio stiliaus, darbui tiek vertikalia, tiek ir horizontalia pad\u0117timi. Kruop\u0161\u010diai pagamintas Italijoje i\u0161 alyvuotos ber\u017eo medienos. Vertikalioje pad\u0117tyje tinka iki 200cm auk\u0161\u010dio drob\u0117ms, horizontalioje \u2013 iki 100cm. Vertikaliai pastatytas \u0161is universalus molbertas yra 225cm auk\u0161\u010dio (galima pakreipti 15 laipsni\u0173 kampu), horizontaliai 92cm auk\u0161\u010dio, sveria 9kg.","og_url":"https:\/\/hobstop.ee\/lt\/produktas\/molbertas-mabef-m25\/","og_site_name":"Skizze","article_publisher":"http:\/\/www.facebook.com\/VunderSkizze","og_image":[{"width":1024,"height":768,"url":"https:\/\/hobstop.ee\/media\/1196.jpg","type":"image\/jpeg"}],"twitter_card":"summary_large_image","schema":{"@context":"https:\/\/schema.org","@graph":[{"@type":"WebPage","@id":"https:\/\/hobstop.ee\/lt\/produktas\/molbertas-mabef-m25\/","url":"https:\/\/hobstop.ee\/lt\/produktas\/molbertas-mabef-m25\/","name":"Molbertas Mabef M25 &#8211; Skizze","isPartOf":{"@id":"https:\/\/hobstop.ee\/lt\/#website"},"primaryImageOfPage":{"@id":"https:\/\/hobstop.ee\/lt\/produktas\/molbertas-mabef-m25\/#primaryimage"},"image":{"@id":"https:\/\/hobstop.ee\/lt\/produktas\/molbertas-mabef-m25\/#primaryimage"},"thumbnailUrl":"https:\/\/hobstop.ee\/media\/1196.jpg","datePublished":"2014-12-09T10:51:16+00:00","dateModified":"2014-12-09T10:51:16+00:00","breadcrumb":{"@id":"https:\/\/hobstop.ee\/lt\/produktas\/molbertas-mabef-m25\/#breadcrumb"},"inLanguage":"lt","potentialAction":[{"@type":"ReadAction","target":["https:\/\/hobstop.ee\/lt\/produktas\/molbertas-mabef-m25\/"]}]},{"@type":"ImageObject","inLanguage":"lt","@id":"https:\/\/hobstop.ee\/lt\/produktas\/molbertas-mabef-m25\/#primaryimage","url":"https:\/\/hobstop.ee\/media\/1196.jpg","contentUrl":"https:\/\/hobstop.ee\/media\/1196.jpg","width":1024,"height":768},{"@type":"BreadcrumbList","@id":"https:\/\/hobstop.ee\/lt\/produktas\/molbertas-mabef-m25\/#breadcrumb","itemListElement":[{"@type":"ListItem","position":1,"name":"Avaleht","item":"https:\/\/hobstop.ee\/lt\/"},{"@type":"ListItem","position":2,"name":"Parduotuv\u0117","item":"https:\/\/hobstop.ee\/lt\/parduotuve\/"},{"@type":"ListItem","position":3,"name":"Molbertas Mabef M25"}]},{"@type":"WebSite","@id":"https:\/\/hobstop.ee\/lt\/#website","url":"https:\/\/hobstop.ee\/lt\/","name":"Skizze","description":"Dail\u0117s, pom\u0117gi\u0173 ir mokykliniai reikm\u0117nys","publisher":{"@id":"https:\/\/hobstop.ee\/lt\/#organization"},"potentialAction":[{"@type":"SearchAction","target":{"@type":"EntryPoint","urlTemplate":"https:\/\/hobstop.ee\/lt\/?s={search_term_string}"},"query-input":{"@type":"PropertyValueSpecification","valueRequired":true,"valueName":"search_term_string"}}],"inLanguage":"lt"},{"@type":"Organization","@id":"https:\/\/hobstop.ee\/lt\/#organization","name":"Vunder AS","url":"https:\/\/hobstop.ee\/lt\/","logo":{"@type":"ImageObject","inLanguage":"lt","@id":"https:\/\/hobstop.ee\/lt\/#\/schema\/logo\/image\/","url":"https:\/\/hobstop.ee\/media\/vunder-logo.png","contentUrl":"https:\/\/hobstop.ee\/media\/vunder-logo.png","width":127,"height":55,"caption":"Vunder AS"},"image":{"@id":"https:\/\/hobstop.ee\/lt\/#\/schema\/logo\/image\/"},"sameAs":["http:\/\/www.facebook.com\/VunderSkizze"]}]}},"_links":{"self":[{"href":"https:\/\/hobstop.ee\/lt\/wp-json\/wp\/v2\/product\/23416","targetHints":{"allow":["GET"]}}],"collection":[{"href":"https:\/\/hobstop.ee\/lt\/wp-json\/wp\/v2\/product"}],"about":[{"href":"https:\/\/hobstop.ee\/lt\/wp-json\/wp\/v2\/types\/product"}],"replies":[{"embeddable":true,"href":"https:\/\/hobstop.ee\/lt\/wp-json\/wp\/v2\/comments?post=23416"}],"wp:featuredmedia":[{"embeddable":true,"href":"https:\/\/hobstop.ee\/lt\/wp-json\/wp\/v2\/media\/102763"}],"wp:attachment":[{"href":"https:\/\/hobstop.ee\/lt\/wp-json\/wp\/v2\/media?parent=23416"}],"wp:term":[{"taxonomy":"product_cat","embeddable":true,"href":"https:\/\/hobstop.ee\/lt\/wp-json\/wp\/v2\/product_cat?post=23416"},{"taxonomy":"product_tag","embeddable":true,"href":"https:\/\/hobstop.ee\/lt\/wp-json\/wp\/v2\/product_tag?post=23416"}],"curies":[{"name":"wp","href":"https:\/\/api.w.org\/{rel}","templated":true}]}}