{"id":23450,"date":"2014-12-09T12:51:27","date_gmt":"2014-12-09T10:51:27","guid":{"rendered":"https:\/\/sharks.ee\/vunder_2019.klient.veebimajutus.ee\/?post_type=product&#038;p=23450"},"modified":"2014-12-09T12:51:27","modified_gmt":"2014-12-09T10:51:27","slug":"grimo-dazai-12ml-pudra","status":"publish","type":"product","link":"https:\/\/hobstop.ee\/lt\/produktas\/grimo-dazai-12ml-pudra\/","title":{"rendered":"Grimo da\u017eai 12ml pudra"},"content":{"rendered":"<p>Norint suteikti lengv\u0105 \u0161e\u0161\u0117l\u012f, grim\u0105-pudr\u0105 galima naudoti saus\u0105, o jei norite i\u0161gauti ry\u0161kias ir i\u0161skirtines linijas, mai\u0161ykite j\u0105 su vandeniu. Grimas-pudra puikiai tinka naudoti kaip grimo pagrind\u0105. Odai ji suteikia lengvo blizgumo. Galima tepti teptuku, kaip skaistalus. Jei norite naudoti sudr\u0117kint\u0105, nedidel\u012f kiek\u012f pudros \u012fberkite \u012f dangtel\u012f ir \u012fpilkite \u0161iek tiek vandens, kad pasidaryt\u0173 ko\u0161el\u0117. Gausis ry\u0161kioms ir blizgioms linijoms pie\u0161ti tinkamas nuostabus blizgantis skystis. Prie\u0161 u\u017esukdami dangtel\u012f, nepamir\u0161kite nuplauti! Jei naudojate saus\u0105, prie\u0161 tepdami \u0161epet\u0117l\u012f pastuksenkite \u012f indelio kra\u0161t\u0105 ir nukratykite pudros pertekli\u0173.<\/p>\n","protected":false},"excerpt":{"rendered":"<p>Norint suteikti lengv\u0105 \u0161e\u0161\u0117l\u012f, grim\u0105-pudr\u0105 galima naudoti saus\u0105, o jei norite i\u0161gauti ry\u0161kias ir i\u0161skirtines linijas, mai\u0161ykite j\u0105 su vandeniu. Grimas-pudra puikiai tinka naudoti kaip grimo pagrind\u0105. Odai ji suteikia lengvo blizgumo. Galima tepti teptuku, kaip skaistalus. Jei norite naudoti sudr\u0117kint\u0105, nedidel\u012f kiek\u012f pudros \u012fberkite \u012f dangtel\u012f ir \u012fpilkite \u0161iek tiek vandens, kad pasidaryt\u0173 ko\u0161el\u0117. Gausis ry\u0161kioms ir blizgioms linijoms pie\u0161ti tinkamas nuostabus blizgantis skystis. Prie\u0161 u\u017esukdami dangtel\u012f, nepamir\u0161kite nuplauti! Jei naudojate saus\u0105, prie\u0161 tepdami \u0161epet\u0117l\u012f pastuksenkite \u012f indelio kra\u0161t\u0105 ir nukratykite pudros pertekli\u0173.<\/p>\n","protected":false},"featured_media":102835,"comment_status":"closed","ping_status":"closed","template":"","meta":{"_acf_changed":false,"ep_exclude_from_search":false},"product_cat":[18929,17919,14941],"product_tag":[],"class_list":{"0":"post-23450","1":"product","2":"type-product","3":"status-publish","4":"has-post-thumbnail","6":"product_cat-dazai-kunui-dazyti","7":"product_cat-pomegiu-prekes","8":"product_cat-eriefektiga-paberid","10":"first","11":"outofstock","12":"sale","13":"taxable","14":"shipping-taxable","15":"purchasable","16":"product-type-variable"},"acf":[],"yoast_head":"<!-- This site is optimized with the Yoast SEO plugin v24.1 - https:\/\/yoast.com\/wordpress\/plugins\/seo\/ -->\n<title>Grimo da\u017eai 12ml pudra &#8211; Skizze<\/title>\n<meta name=\"robots\" content=\"noindex, follow, max-snippet:-1, max-image-preview:large, max-video-preview:-1\" \/>\n<meta property=\"og:locale\" content=\"lt_LT\" \/>\n<meta property=\"og:type\" content=\"article\" \/>\n<meta property=\"og:title\" content=\"Grimo da\u017eai 12ml pudra &#8211; Skizze\" \/>\n<meta property=\"og:description\" content=\"Norint suteikti lengv\u0105 \u0161e\u0161\u0117l\u012f, grim\u0105-pudr\u0105 galima naudoti saus\u0105, o jei norite i\u0161gauti ry\u0161kias ir i\u0161skirtines linijas, mai\u0161ykite j\u0105 su vandeniu. Grimas-pudra puikiai tinka naudoti kaip grimo pagrind\u0105. Odai ji suteikia lengvo blizgumo. Galima tepti teptuku, kaip skaistalus. Jei norite naudoti sudr\u0117kint\u0105, nedidel\u012f kiek\u012f pudros \u012fberkite \u012f dangtel\u012f ir \u012fpilkite \u0161iek tiek vandens, kad pasidaryt\u0173 ko\u0161el\u0117. Gausis ry\u0161kioms ir blizgioms linijoms pie\u0161ti tinkamas nuostabus blizgantis skystis. Prie\u0161 u\u017esukdami dangtel\u012f, nepamir\u0161kite nuplauti! Jei naudojate saus\u0105, prie\u0161 tepdami \u0161epet\u0117l\u012f pastuksenkite \u012f indelio kra\u0161t\u0105 ir nukratykite pudros pertekli\u0173.\" \/>\n<meta property=\"og:url\" content=\"https:\/\/hobstop.ee\/lt\/produktas\/grimo-dazai-12ml-pudra\/\" \/>\n<meta property=\"og:site_name\" content=\"Skizze\" \/>\n<meta property=\"article:publisher\" content=\"http:\/\/www.facebook.com\/VunderSkizze\" \/>\n<meta property=\"og:image\" content=\"https:\/\/hobstop.ee\/media\/1252.jpg\" \/>\n\t<meta property=\"og:image:width\" content=\"1024\" \/>\n\t<meta property=\"og:image:height\" content=\"768\" \/>\n\t<meta property=\"og:image:type\" content=\"image\/jpeg\" \/>\n<meta name=\"twitter:card\" content=\"summary_large_image\" \/>\n<script type=\"application\/ld+json\" class=\"yoast-schema-graph\">{\"@context\":\"https:\/\/schema.org\",\"@graph\":[{\"@type\":\"WebPage\",\"@id\":\"https:\/\/hobstop.ee\/lt\/produktas\/grimo-dazai-12ml-pudra\/\",\"url\":\"https:\/\/hobstop.ee\/lt\/produktas\/grimo-dazai-12ml-pudra\/\",\"name\":\"Grimo da\u017eai 12ml pudra &#8211; Skizze\",\"isPartOf\":{\"@id\":\"https:\/\/hobstop.ee\/lt\/#website\"},\"primaryImageOfPage\":{\"@id\":\"https:\/\/hobstop.ee\/lt\/produktas\/grimo-dazai-12ml-pudra\/#primaryimage\"},\"image\":{\"@id\":\"https:\/\/hobstop.ee\/lt\/produktas\/grimo-dazai-12ml-pudra\/#primaryimage\"},\"thumbnailUrl\":\"https:\/\/hobstop.ee\/media\/1252.jpg\",\"datePublished\":\"2014-12-09T10:51:27+00:00\",\"dateModified\":\"2014-12-09T10:51:27+00:00\",\"breadcrumb\":{\"@id\":\"https:\/\/hobstop.ee\/lt\/produktas\/grimo-dazai-12ml-pudra\/#breadcrumb\"},\"inLanguage\":\"lt\",\"potentialAction\":[{\"@type\":\"ReadAction\",\"target\":[\"https:\/\/hobstop.ee\/lt\/produktas\/grimo-dazai-12ml-pudra\/\"]}]},{\"@type\":\"ImageObject\",\"inLanguage\":\"lt\",\"@id\":\"https:\/\/hobstop.ee\/lt\/produktas\/grimo-dazai-12ml-pudra\/#primaryimage\",\"url\":\"https:\/\/hobstop.ee\/media\/1252.jpg\",\"contentUrl\":\"https:\/\/hobstop.ee\/media\/1252.jpg\",\"width\":1024,\"height\":768},{\"@type\":\"BreadcrumbList\",\"@id\":\"https:\/\/hobstop.ee\/lt\/produktas\/grimo-dazai-12ml-pudra\/#breadcrumb\",\"itemListElement\":[{\"@type\":\"ListItem\",\"position\":1,\"name\":\"Avaleht\",\"item\":\"https:\/\/hobstop.ee\/lt\/\"},{\"@type\":\"ListItem\",\"position\":2,\"name\":\"Parduotuv\u0117\",\"item\":\"https:\/\/hobstop.ee\/lt\/parduotuve\/\"},{\"@type\":\"ListItem\",\"position\":3,\"name\":\"Grimo da\u017eai 12ml pudra\"}]},{\"@type\":\"WebSite\",\"@id\":\"https:\/\/hobstop.ee\/lt\/#website\",\"url\":\"https:\/\/hobstop.ee\/lt\/\",\"name\":\"Skizze\",\"description\":\"Dail\u0117s, pom\u0117gi\u0173 ir mokykliniai reikm\u0117nys\",\"publisher\":{\"@id\":\"https:\/\/hobstop.ee\/lt\/#organization\"},\"potentialAction\":[{\"@type\":\"SearchAction\",\"target\":{\"@type\":\"EntryPoint\",\"urlTemplate\":\"https:\/\/hobstop.ee\/lt\/?s={search_term_string}\"},\"query-input\":{\"@type\":\"PropertyValueSpecification\",\"valueRequired\":true,\"valueName\":\"search_term_string\"}}],\"inLanguage\":\"lt\"},{\"@type\":\"Organization\",\"@id\":\"https:\/\/hobstop.ee\/lt\/#organization\",\"name\":\"Vunder AS\",\"url\":\"https:\/\/hobstop.ee\/lt\/\",\"logo\":{\"@type\":\"ImageObject\",\"inLanguage\":\"lt\",\"@id\":\"https:\/\/hobstop.ee\/lt\/#\/schema\/logo\/image\/\",\"url\":\"https:\/\/hobstop.ee\/media\/vunder-logo.png\",\"contentUrl\":\"https:\/\/hobstop.ee\/media\/vunder-logo.png\",\"width\":127,\"height\":55,\"caption\":\"Vunder AS\"},\"image\":{\"@id\":\"https:\/\/hobstop.ee\/lt\/#\/schema\/logo\/image\/\"},\"sameAs\":[\"http:\/\/www.facebook.com\/VunderSkizze\"]}]}<\/script>\n<!-- \/ Yoast SEO plugin. -->","yoast_head_json":{"title":"Grimo da\u017eai 12ml pudra &#8211; Skizze","robots":{"index":"noindex","follow":"follow","max-snippet":"max-snippet:-1","max-image-preview":"max-image-preview:large","max-video-preview":"max-video-preview:-1"},"og_locale":"lt_LT","og_type":"article","og_title":"Grimo da\u017eai 12ml pudra &#8211; Skizze","og_description":"Norint suteikti lengv\u0105 \u0161e\u0161\u0117l\u012f, grim\u0105-pudr\u0105 galima naudoti saus\u0105, o jei norite i\u0161gauti ry\u0161kias ir i\u0161skirtines linijas, mai\u0161ykite j\u0105 su vandeniu. Grimas-pudra puikiai tinka naudoti kaip grimo pagrind\u0105. Odai ji suteikia lengvo blizgumo. Galima tepti teptuku, kaip skaistalus. Jei norite naudoti sudr\u0117kint\u0105, nedidel\u012f kiek\u012f pudros \u012fberkite \u012f dangtel\u012f ir \u012fpilkite \u0161iek tiek vandens, kad pasidaryt\u0173 ko\u0161el\u0117. Gausis ry\u0161kioms ir blizgioms linijoms pie\u0161ti tinkamas nuostabus blizgantis skystis. Prie\u0161 u\u017esukdami dangtel\u012f, nepamir\u0161kite nuplauti! Jei naudojate saus\u0105, prie\u0161 tepdami \u0161epet\u0117l\u012f pastuksenkite \u012f indelio kra\u0161t\u0105 ir nukratykite pudros pertekli\u0173.","og_url":"https:\/\/hobstop.ee\/lt\/produktas\/grimo-dazai-12ml-pudra\/","og_site_name":"Skizze","article_publisher":"http:\/\/www.facebook.com\/VunderSkizze","og_image":[{"width":1024,"height":768,"url":"https:\/\/hobstop.ee\/media\/1252.jpg","type":"image\/jpeg"}],"twitter_card":"summary_large_image","schema":{"@context":"https:\/\/schema.org","@graph":[{"@type":"WebPage","@id":"https:\/\/hobstop.ee\/lt\/produktas\/grimo-dazai-12ml-pudra\/","url":"https:\/\/hobstop.ee\/lt\/produktas\/grimo-dazai-12ml-pudra\/","name":"Grimo da\u017eai 12ml pudra &#8211; Skizze","isPartOf":{"@id":"https:\/\/hobstop.ee\/lt\/#website"},"primaryImageOfPage":{"@id":"https:\/\/hobstop.ee\/lt\/produktas\/grimo-dazai-12ml-pudra\/#primaryimage"},"image":{"@id":"https:\/\/hobstop.ee\/lt\/produktas\/grimo-dazai-12ml-pudra\/#primaryimage"},"thumbnailUrl":"https:\/\/hobstop.ee\/media\/1252.jpg","datePublished":"2014-12-09T10:51:27+00:00","dateModified":"2014-12-09T10:51:27+00:00","breadcrumb":{"@id":"https:\/\/hobstop.ee\/lt\/produktas\/grimo-dazai-12ml-pudra\/#breadcrumb"},"inLanguage":"lt","potentialAction":[{"@type":"ReadAction","target":["https:\/\/hobstop.ee\/lt\/produktas\/grimo-dazai-12ml-pudra\/"]}]},{"@type":"ImageObject","inLanguage":"lt","@id":"https:\/\/hobstop.ee\/lt\/produktas\/grimo-dazai-12ml-pudra\/#primaryimage","url":"https:\/\/hobstop.ee\/media\/1252.jpg","contentUrl":"https:\/\/hobstop.ee\/media\/1252.jpg","width":1024,"height":768},{"@type":"BreadcrumbList","@id":"https:\/\/hobstop.ee\/lt\/produktas\/grimo-dazai-12ml-pudra\/#breadcrumb","itemListElement":[{"@type":"ListItem","position":1,"name":"Avaleht","item":"https:\/\/hobstop.ee\/lt\/"},{"@type":"ListItem","position":2,"name":"Parduotuv\u0117","item":"https:\/\/hobstop.ee\/lt\/parduotuve\/"},{"@type":"ListItem","position":3,"name":"Grimo da\u017eai 12ml pudra"}]},{"@type":"WebSite","@id":"https:\/\/hobstop.ee\/lt\/#website","url":"https:\/\/hobstop.ee\/lt\/","name":"Skizze","description":"Dail\u0117s, pom\u0117gi\u0173 ir mokykliniai reikm\u0117nys","publisher":{"@id":"https:\/\/hobstop.ee\/lt\/#organization"},"potentialAction":[{"@type":"SearchAction","target":{"@type":"EntryPoint","urlTemplate":"https:\/\/hobstop.ee\/lt\/?s={search_term_string}"},"query-input":{"@type":"PropertyValueSpecification","valueRequired":true,"valueName":"search_term_string"}}],"inLanguage":"lt"},{"@type":"Organization","@id":"https:\/\/hobstop.ee\/lt\/#organization","name":"Vunder AS","url":"https:\/\/hobstop.ee\/lt\/","logo":{"@type":"ImageObject","inLanguage":"lt","@id":"https:\/\/hobstop.ee\/lt\/#\/schema\/logo\/image\/","url":"https:\/\/hobstop.ee\/media\/vunder-logo.png","contentUrl":"https:\/\/hobstop.ee\/media\/vunder-logo.png","width":127,"height":55,"caption":"Vunder AS"},"image":{"@id":"https:\/\/hobstop.ee\/lt\/#\/schema\/logo\/image\/"},"sameAs":["http:\/\/www.facebook.com\/VunderSkizze"]}]}},"_links":{"self":[{"href":"https:\/\/hobstop.ee\/lt\/wp-json\/wp\/v2\/product\/23450","targetHints":{"allow":["GET"]}}],"collection":[{"href":"https:\/\/hobstop.ee\/lt\/wp-json\/wp\/v2\/product"}],"about":[{"href":"https:\/\/hobstop.ee\/lt\/wp-json\/wp\/v2\/types\/product"}],"replies":[{"embeddable":true,"href":"https:\/\/hobstop.ee\/lt\/wp-json\/wp\/v2\/comments?post=23450"}],"wp:featuredmedia":[{"embeddable":true,"href":"https:\/\/hobstop.ee\/lt\/wp-json\/wp\/v2\/media\/102835"}],"wp:attachment":[{"href":"https:\/\/hobstop.ee\/lt\/wp-json\/wp\/v2\/media?parent=23450"}],"wp:term":[{"taxonomy":"product_cat","embeddable":true,"href":"https:\/\/hobstop.ee\/lt\/wp-json\/wp\/v2\/product_cat?post=23450"},{"taxonomy":"product_tag","embeddable":true,"href":"https:\/\/hobstop.ee\/lt\/wp-json\/wp\/v2\/product_tag?post=23450"}],"curies":[{"name":"wp","href":"https:\/\/api.w.org\/{rel}","templated":true}]}}