{"id":23525,"date":"2014-12-09T12:51:52","date_gmt":"2014-12-09T10:51:52","guid":{"rendered":"https:\/\/sharks.ee\/vunder_2019.klient.veebimajutus.ee\/?post_type=product&#038;p=23525"},"modified":"2014-12-09T12:51:52","modified_gmt":"2014-12-09T10:51:52","slug":"kartonas-canson-ingres-vidalon-610g-80x120cm","status":"publish","type":"product","link":"https:\/\/hobstop.ee\/lt\/produktas\/kartonas-canson-ingres-vidalon-610g-80x120cm\/","title":{"rendered":"Kartonas Canson Ingres Vidalon 610g 80x120cm"},"content":{"rendered":"<p>Paspartu kartonas \u201eCanson Ingres Vidalon\u201c yra pagamintas i\u0161 pie\u0161imo popieriaus \u201eCanson Ingres Vidalon\u201c, o jo pagrindas yra i\u0161 tvirto kartono \u201eCanson\u201c. Paspartu kartonas, kurio sud\u0117tyje n\u0117ra r\u016bg\u010di\u0173 \u201eCanson Ingres Vidalon\u201c atitinka standarto ISO 9706 patvarumui keliamus reikalavimus, tod\u0117l yra itin tvirtas. Paspartu kartono \u201eCanson Ingres Vidalon\u201c apatinis sluoksnis yra labai mink\u0161tas, tod\u0117l j\u012f galima lengvai pjauti 45\u00b0 pjautuvu. Kaip ir paspartu kartonas \u201eCanson Mi-Teintes\u201c, \u0161i standi med\u017eiaga puikiai tinka pie\u0161ti pastele ir paspartu ruo\u0161imui.<br \/>\nPuikiai tinka meno k\u016briniams ir rankdarbiams r\u0117minti.<\/p>\n","protected":false},"excerpt":{"rendered":"<p>Paspartu kartonas \u201eCanson Ingres Vidalon\u201c yra pagamintas i\u0161 pie\u0161imo popieriaus \u201eCanson Ingres Vidalon\u201c, o jo pagrindas yra i\u0161 tvirto kartono \u201eCanson\u201c. Paspartu kartonas, kurio sud\u0117tyje n\u0117ra r\u016bg\u010di\u0173 \u201eCanson Ingres Vidalon\u201c atitinka standarto ISO 9706 patvarumui keliamus reikalavimus, tod\u0117l yra itin tvirtas. Paspartu kartono \u201eCanson Ingres Vidalon\u201c apatinis sluoksnis yra labai mink\u0161tas, tod\u0117l j\u012f galima lengvai pjauti 45\u00b0 pjautuvu. Kaip ir paspartu kartonas \u201eCanson Mi-Teintes\u201c, \u0161i standi med\u017eiaga puikiai tinka pie\u0161ti pastele ir paspartu ruo\u0161imui. Puikiai tinka meno k\u016briniams ir rankdarbiams r\u0117minti.<\/p>\n","protected":false},"featured_media":102979,"comment_status":"closed","ping_status":"closed","template":"","meta":{"_acf_changed":false,"ep_exclude_from_search":false},"product_cat":[14949,17922,18944],"product_tag":[],"class_list":{"0":"post-23525","1":"product","2":"type-product","3":"status-publish","4":"has-post-thumbnail","6":"product_cat-pastellpliiatsid","7":"product_cat-popieriaus-prekes","8":"product_cat-specialus-popierius-ir-kartonas","10":"first","11":"outofstock","12":"taxable","13":"shipping-taxable","14":"purchasable","15":"product-type-variable"},"acf":[],"yoast_head":"<!-- This site is optimized with the Yoast SEO plugin v24.1 - https:\/\/yoast.com\/wordpress\/plugins\/seo\/ -->\n<title>Kartonas Canson Ingres Vidalon 610g 80x120cm &#8211; Skizze<\/title>\n<meta name=\"robots\" content=\"noindex, follow, max-snippet:-1, max-image-preview:large, max-video-preview:-1\" \/>\n<meta property=\"og:locale\" content=\"lt_LT\" \/>\n<meta property=\"og:type\" content=\"article\" \/>\n<meta property=\"og:title\" content=\"Kartonas Canson Ingres Vidalon 610g 80x120cm &#8211; Skizze\" \/>\n<meta property=\"og:description\" content=\"Paspartu kartonas \u201eCanson Ingres Vidalon\u201c yra pagamintas i\u0161 pie\u0161imo popieriaus \u201eCanson Ingres Vidalon\u201c, o jo pagrindas yra i\u0161 tvirto kartono \u201eCanson\u201c. Paspartu kartonas, kurio sud\u0117tyje n\u0117ra r\u016bg\u010di\u0173 \u201eCanson Ingres Vidalon\u201c atitinka standarto ISO 9706 patvarumui keliamus reikalavimus, tod\u0117l yra itin tvirtas. Paspartu kartono \u201eCanson Ingres Vidalon\u201c apatinis sluoksnis yra labai mink\u0161tas, tod\u0117l j\u012f galima lengvai pjauti 45\u00b0 pjautuvu. Kaip ir paspartu kartonas \u201eCanson Mi-Teintes\u201c, \u0161i standi med\u017eiaga puikiai tinka pie\u0161ti pastele ir paspartu ruo\u0161imui. Puikiai tinka meno k\u016briniams ir rankdarbiams r\u0117minti.\" \/>\n<meta property=\"og:url\" content=\"https:\/\/hobstop.ee\/lt\/produktas\/kartonas-canson-ingres-vidalon-610g-80x120cm\/\" \/>\n<meta property=\"og:site_name\" content=\"Skizze\" \/>\n<meta property=\"article:publisher\" content=\"http:\/\/www.facebook.com\/VunderSkizze\" \/>\n<meta property=\"og:image\" content=\"https:\/\/hobstop.ee\/media\/1360.jpg\" \/>\n\t<meta property=\"og:image:width\" content=\"700\" \/>\n\t<meta property=\"og:image:height\" content=\"700\" \/>\n\t<meta property=\"og:image:type\" content=\"image\/jpeg\" \/>\n<meta name=\"twitter:card\" content=\"summary_large_image\" \/>\n<script type=\"application\/ld+json\" class=\"yoast-schema-graph\">{\"@context\":\"https:\/\/schema.org\",\"@graph\":[{\"@type\":\"WebPage\",\"@id\":\"https:\/\/hobstop.ee\/lt\/produktas\/kartonas-canson-ingres-vidalon-610g-80x120cm\/\",\"url\":\"https:\/\/hobstop.ee\/lt\/produktas\/kartonas-canson-ingres-vidalon-610g-80x120cm\/\",\"name\":\"Kartonas Canson Ingres Vidalon 610g 80x120cm &#8211; Skizze\",\"isPartOf\":{\"@id\":\"https:\/\/hobstop.ee\/lt\/#website\"},\"primaryImageOfPage\":{\"@id\":\"https:\/\/hobstop.ee\/lt\/produktas\/kartonas-canson-ingres-vidalon-610g-80x120cm\/#primaryimage\"},\"image\":{\"@id\":\"https:\/\/hobstop.ee\/lt\/produktas\/kartonas-canson-ingres-vidalon-610g-80x120cm\/#primaryimage\"},\"thumbnailUrl\":\"https:\/\/hobstop.ee\/media\/1360.jpg\",\"datePublished\":\"2014-12-09T10:51:52+00:00\",\"dateModified\":\"2014-12-09T10:51:52+00:00\",\"breadcrumb\":{\"@id\":\"https:\/\/hobstop.ee\/lt\/produktas\/kartonas-canson-ingres-vidalon-610g-80x120cm\/#breadcrumb\"},\"inLanguage\":\"lt\",\"potentialAction\":[{\"@type\":\"ReadAction\",\"target\":[\"https:\/\/hobstop.ee\/lt\/produktas\/kartonas-canson-ingres-vidalon-610g-80x120cm\/\"]}]},{\"@type\":\"ImageObject\",\"inLanguage\":\"lt\",\"@id\":\"https:\/\/hobstop.ee\/lt\/produktas\/kartonas-canson-ingres-vidalon-610g-80x120cm\/#primaryimage\",\"url\":\"https:\/\/hobstop.ee\/media\/1360.jpg\",\"contentUrl\":\"https:\/\/hobstop.ee\/media\/1360.jpg\",\"width\":700,\"height\":700},{\"@type\":\"BreadcrumbList\",\"@id\":\"https:\/\/hobstop.ee\/lt\/produktas\/kartonas-canson-ingres-vidalon-610g-80x120cm\/#breadcrumb\",\"itemListElement\":[{\"@type\":\"ListItem\",\"position\":1,\"name\":\"Avaleht\",\"item\":\"https:\/\/hobstop.ee\/lt\/\"},{\"@type\":\"ListItem\",\"position\":2,\"name\":\"Parduotuv\u0117\",\"item\":\"https:\/\/hobstop.ee\/lt\/parduotuve\/\"},{\"@type\":\"ListItem\",\"position\":3,\"name\":\"Kartonas Canson Ingres Vidalon 610g 80x120cm\"}]},{\"@type\":\"WebSite\",\"@id\":\"https:\/\/hobstop.ee\/lt\/#website\",\"url\":\"https:\/\/hobstop.ee\/lt\/\",\"name\":\"Skizze\",\"description\":\"Dail\u0117s, pom\u0117gi\u0173 ir mokykliniai reikm\u0117nys\",\"publisher\":{\"@id\":\"https:\/\/hobstop.ee\/lt\/#organization\"},\"potentialAction\":[{\"@type\":\"SearchAction\",\"target\":{\"@type\":\"EntryPoint\",\"urlTemplate\":\"https:\/\/hobstop.ee\/lt\/?s={search_term_string}\"},\"query-input\":{\"@type\":\"PropertyValueSpecification\",\"valueRequired\":true,\"valueName\":\"search_term_string\"}}],\"inLanguage\":\"lt\"},{\"@type\":\"Organization\",\"@id\":\"https:\/\/hobstop.ee\/lt\/#organization\",\"name\":\"Vunder AS\",\"url\":\"https:\/\/hobstop.ee\/lt\/\",\"logo\":{\"@type\":\"ImageObject\",\"inLanguage\":\"lt\",\"@id\":\"https:\/\/hobstop.ee\/lt\/#\/schema\/logo\/image\/\",\"url\":\"https:\/\/hobstop.ee\/media\/vunder-logo.png\",\"contentUrl\":\"https:\/\/hobstop.ee\/media\/vunder-logo.png\",\"width\":127,\"height\":55,\"caption\":\"Vunder AS\"},\"image\":{\"@id\":\"https:\/\/hobstop.ee\/lt\/#\/schema\/logo\/image\/\"},\"sameAs\":[\"http:\/\/www.facebook.com\/VunderSkizze\"]}]}<\/script>\n<!-- \/ Yoast SEO plugin. -->","yoast_head_json":{"title":"Kartonas Canson Ingres Vidalon 610g 80x120cm &#8211; Skizze","robots":{"index":"noindex","follow":"follow","max-snippet":"max-snippet:-1","max-image-preview":"max-image-preview:large","max-video-preview":"max-video-preview:-1"},"og_locale":"lt_LT","og_type":"article","og_title":"Kartonas Canson Ingres Vidalon 610g 80x120cm &#8211; Skizze","og_description":"Paspartu kartonas \u201eCanson Ingres Vidalon\u201c yra pagamintas i\u0161 pie\u0161imo popieriaus \u201eCanson Ingres Vidalon\u201c, o jo pagrindas yra i\u0161 tvirto kartono \u201eCanson\u201c. Paspartu kartonas, kurio sud\u0117tyje n\u0117ra r\u016bg\u010di\u0173 \u201eCanson Ingres Vidalon\u201c atitinka standarto ISO 9706 patvarumui keliamus reikalavimus, tod\u0117l yra itin tvirtas. Paspartu kartono \u201eCanson Ingres Vidalon\u201c apatinis sluoksnis yra labai mink\u0161tas, tod\u0117l j\u012f galima lengvai pjauti 45\u00b0 pjautuvu. Kaip ir paspartu kartonas \u201eCanson Mi-Teintes\u201c, \u0161i standi med\u017eiaga puikiai tinka pie\u0161ti pastele ir paspartu ruo\u0161imui. Puikiai tinka meno k\u016briniams ir rankdarbiams r\u0117minti.","og_url":"https:\/\/hobstop.ee\/lt\/produktas\/kartonas-canson-ingres-vidalon-610g-80x120cm\/","og_site_name":"Skizze","article_publisher":"http:\/\/www.facebook.com\/VunderSkizze","og_image":[{"width":700,"height":700,"url":"https:\/\/hobstop.ee\/media\/1360.jpg","type":"image\/jpeg"}],"twitter_card":"summary_large_image","schema":{"@context":"https:\/\/schema.org","@graph":[{"@type":"WebPage","@id":"https:\/\/hobstop.ee\/lt\/produktas\/kartonas-canson-ingres-vidalon-610g-80x120cm\/","url":"https:\/\/hobstop.ee\/lt\/produktas\/kartonas-canson-ingres-vidalon-610g-80x120cm\/","name":"Kartonas Canson Ingres Vidalon 610g 80x120cm &#8211; Skizze","isPartOf":{"@id":"https:\/\/hobstop.ee\/lt\/#website"},"primaryImageOfPage":{"@id":"https:\/\/hobstop.ee\/lt\/produktas\/kartonas-canson-ingres-vidalon-610g-80x120cm\/#primaryimage"},"image":{"@id":"https:\/\/hobstop.ee\/lt\/produktas\/kartonas-canson-ingres-vidalon-610g-80x120cm\/#primaryimage"},"thumbnailUrl":"https:\/\/hobstop.ee\/media\/1360.jpg","datePublished":"2014-12-09T10:51:52+00:00","dateModified":"2014-12-09T10:51:52+00:00","breadcrumb":{"@id":"https:\/\/hobstop.ee\/lt\/produktas\/kartonas-canson-ingres-vidalon-610g-80x120cm\/#breadcrumb"},"inLanguage":"lt","potentialAction":[{"@type":"ReadAction","target":["https:\/\/hobstop.ee\/lt\/produktas\/kartonas-canson-ingres-vidalon-610g-80x120cm\/"]}]},{"@type":"ImageObject","inLanguage":"lt","@id":"https:\/\/hobstop.ee\/lt\/produktas\/kartonas-canson-ingres-vidalon-610g-80x120cm\/#primaryimage","url":"https:\/\/hobstop.ee\/media\/1360.jpg","contentUrl":"https:\/\/hobstop.ee\/media\/1360.jpg","width":700,"height":700},{"@type":"BreadcrumbList","@id":"https:\/\/hobstop.ee\/lt\/produktas\/kartonas-canson-ingres-vidalon-610g-80x120cm\/#breadcrumb","itemListElement":[{"@type":"ListItem","position":1,"name":"Avaleht","item":"https:\/\/hobstop.ee\/lt\/"},{"@type":"ListItem","position":2,"name":"Parduotuv\u0117","item":"https:\/\/hobstop.ee\/lt\/parduotuve\/"},{"@type":"ListItem","position":3,"name":"Kartonas Canson Ingres Vidalon 610g 80x120cm"}]},{"@type":"WebSite","@id":"https:\/\/hobstop.ee\/lt\/#website","url":"https:\/\/hobstop.ee\/lt\/","name":"Skizze","description":"Dail\u0117s, pom\u0117gi\u0173 ir mokykliniai reikm\u0117nys","publisher":{"@id":"https:\/\/hobstop.ee\/lt\/#organization"},"potentialAction":[{"@type":"SearchAction","target":{"@type":"EntryPoint","urlTemplate":"https:\/\/hobstop.ee\/lt\/?s={search_term_string}"},"query-input":{"@type":"PropertyValueSpecification","valueRequired":true,"valueName":"search_term_string"}}],"inLanguage":"lt"},{"@type":"Organization","@id":"https:\/\/hobstop.ee\/lt\/#organization","name":"Vunder AS","url":"https:\/\/hobstop.ee\/lt\/","logo":{"@type":"ImageObject","inLanguage":"lt","@id":"https:\/\/hobstop.ee\/lt\/#\/schema\/logo\/image\/","url":"https:\/\/hobstop.ee\/media\/vunder-logo.png","contentUrl":"https:\/\/hobstop.ee\/media\/vunder-logo.png","width":127,"height":55,"caption":"Vunder AS"},"image":{"@id":"https:\/\/hobstop.ee\/lt\/#\/schema\/logo\/image\/"},"sameAs":["http:\/\/www.facebook.com\/VunderSkizze"]}]}},"_links":{"self":[{"href":"https:\/\/hobstop.ee\/lt\/wp-json\/wp\/v2\/product\/23525","targetHints":{"allow":["GET"]}}],"collection":[{"href":"https:\/\/hobstop.ee\/lt\/wp-json\/wp\/v2\/product"}],"about":[{"href":"https:\/\/hobstop.ee\/lt\/wp-json\/wp\/v2\/types\/product"}],"replies":[{"embeddable":true,"href":"https:\/\/hobstop.ee\/lt\/wp-json\/wp\/v2\/comments?post=23525"}],"wp:featuredmedia":[{"embeddable":true,"href":"https:\/\/hobstop.ee\/lt\/wp-json\/wp\/v2\/media\/102979"}],"wp:attachment":[{"href":"https:\/\/hobstop.ee\/lt\/wp-json\/wp\/v2\/media?parent=23525"}],"wp:term":[{"taxonomy":"product_cat","embeddable":true,"href":"https:\/\/hobstop.ee\/lt\/wp-json\/wp\/v2\/product_cat?post=23525"},{"taxonomy":"product_tag","embeddable":true,"href":"https:\/\/hobstop.ee\/lt\/wp-json\/wp\/v2\/product_tag?post=23525"}],"curies":[{"name":"wp","href":"https:\/\/api.w.org\/{rel}","templated":true}]}}