{"id":23587,"date":"2014-11-08T14:56:36","date_gmt":"2014-11-08T12:56:36","guid":{"rendered":"https:\/\/sharks.ee\/vunder_2019.klient.veebimajutus.ee\/?post_type=product&p=23587"},"modified":"2014-11-08T14:56:36","modified_gmt":"2014-11-08T11:56:36","slug":"teptukas-raphael-kevrin-3675-veduoklinis","status":"publish","type":"product","link":"https:\/\/hobstop.ee\/lt\/produktas\/teptukas-raphael-kevrin-3675-veduoklinis\/","title":{"rendered":"Teptukas Raphael Kevrin+ 3675 v\u0117duoklinis"},"content":{"rendered":"<p>Po dviej\u0173 met\u0173 trukusi\u0173 tyrim\u0173 ir mokslini\u0173 darb\u0173 \u201eRaphael\u201c suk\u016br\u0117 mangusto plaukelius imituojan\u010di\u0173 pluo\u0161t\u0173 mi\u0161in\u012f. \u0160is universalus ir patvarus idealus pluo\u0161tas tapo labai populiarus. Med\u017eiagoje dera nat\u016bralaus pluo\u0161to privalumai ir naujausi\u0173 \u201eRaphael\u201c sintetini\u0173 pluo\u0161t\u0173 atradimai. Teptukas labai tikslus ir puikiai dengiantis. Atsparumas pana\u0161us \u012f kiaul\u0117s \u0161eri\u0173 teptuko, o tikslumas ir lankstumas \u2013 \u012f sabalo. Nikeliuoto \u017ealvario \u017eiedas ir ilgas, juodas poliruotas kotelis su rusvos spalvos galiuku.<br \/>\nTapymo technika: aliejiniai da\u017eai<br \/>\nNaudojimas: \u0161e\u0161\u0117liavimas, spalv\u0173 i\u0161sklaidymas, poliravimas ir special\u016bs efektai<\/p>\n","protected":false},"excerpt":{"rendered":"<p>Po dviej\u0173 met\u0173 trukusi\u0173 tyrim\u0173 ir mokslini\u0173 darb\u0173 \u201eRaphael\u201c suk\u016br\u0117 mangusto plaukelius imituojan\u010di\u0173 pluo\u0161t\u0173 mi\u0161in\u012f. \u0160is universalus ir patvarus idealus pluo\u0161tas tapo labai populiarus. Med\u017eiagoje dera nat\u016bralaus pluo\u0161to privalumai ir naujausi\u0173 \u201eRaphael\u201c sintetini\u0173 pluo\u0161t\u0173 atradimai. Teptukas labai tikslus ir puikiai dengiantis. Atsparumas pana\u0161us \u012f kiaul\u0117s \u0161eri\u0173 teptuko, o tikslumas ir lankstumas \u2013 \u012f sabalo. Nikeliuoto \u017ealvario \u017eiedas ir ilgas, juodas poliruotas kotelis su rusvos spalvos galiuku. Tapymo technika: aliejiniai da\u017eai Naudojimas: \u0161e\u0161\u0117liavimas, spalv\u0173 i\u0161sklaidymas, poliravimas ir special\u016bs efektai<\/p>\n","protected":false},"featured_media":160919,"comment_status":"closed","ping_status":"closed","template":"","meta":{"_acf_changed":false,"ep_exclude_from_search":false},"product_cat":[16124,15042,18651],"product_tag":[],"class_list":{"0":"post-23587","1":"product","2":"type-product","3":"status-publish","4":"has-post-thumbnail","6":"product_cat-dailes-prekes","7":"product_cat-sintetiniai-teptukai-2","8":"product_cat-teptukai-ir-irankiai-tapymui","9":"pa_kma-3622","11":"first","12":"instock","13":"taxable","14":"shipping-taxable","15":"purchasable","16":"product-type-variable"},"acf":[],"yoast_head":"<!-- This site is optimized with the Yoast SEO plugin v24.1 - https:\/\/yoast.com\/wordpress\/plugins\/seo\/ -->\n<title>Teptukas Raphael Kevrin+ 3675 v\u0117duoklinis &#8211; Skizze<\/title>\n<meta name=\"robots\" content=\"noindex, follow, max-snippet:-1, max-image-preview:large, max-video-preview:-1\" \/>\n<meta property=\"og:locale\" content=\"lt_LT\" \/>\n<meta property=\"og:type\" content=\"article\" \/>\n<meta property=\"og:title\" content=\"Teptukas Raphael Kevrin+ 3675 v\u0117duoklinis &#8211; Skizze\" \/>\n<meta property=\"og:description\" content=\"Po dviej\u0173 met\u0173 trukusi\u0173 tyrim\u0173 ir mokslini\u0173 darb\u0173 \u201eRaphael\u201c suk\u016br\u0117 mangusto plaukelius imituojan\u010di\u0173 pluo\u0161t\u0173 mi\u0161in\u012f. \u0160is universalus ir patvarus idealus pluo\u0161tas tapo labai populiarus. Med\u017eiagoje dera nat\u016bralaus pluo\u0161to privalumai ir naujausi\u0173 \u201eRaphael\u201c sintetini\u0173 pluo\u0161t\u0173 atradimai. Teptukas labai tikslus ir puikiai dengiantis. Atsparumas pana\u0161us \u012f kiaul\u0117s \u0161eri\u0173 teptuko, o tikslumas ir lankstumas \u2013 \u012f sabalo. Nikeliuoto \u017ealvario \u017eiedas ir ilgas, juodas poliruotas kotelis su rusvos spalvos galiuku. Tapymo technika: aliejiniai da\u017eai Naudojimas: \u0161e\u0161\u0117liavimas, spalv\u0173 i\u0161sklaidymas, poliravimas ir special\u016bs efektai\" \/>\n<meta property=\"og:url\" content=\"https:\/\/hobstop.ee\/lt\/produktas\/teptukas-raphael-kevrin-3675-veduoklinis\/\" \/>\n<meta property=\"og:site_name\" content=\"Skizze\" \/>\n<meta property=\"article:publisher\" content=\"http:\/\/www.facebook.com\/VunderSkizze\" \/>\n<meta property=\"article:modified_time\" content=\"-0001-11-30T00:00:00+00:00\" \/>\n<meta property=\"og:image\" content=\"https:\/\/hobstop.ee\/media\/1422.jpg\" \/>\n\t<meta property=\"og:image:width\" content=\"1024\" \/>\n\t<meta property=\"og:image:height\" content=\"768\" \/>\n\t<meta property=\"og:image:type\" content=\"image\/jpeg\" \/>\n<meta name=\"twitter:card\" content=\"summary_large_image\" \/>\n<script type=\"application\/ld+json\" class=\"yoast-schema-graph\">{\"@context\":\"https:\/\/schema.org\",\"@graph\":[{\"@type\":\"WebPage\",\"@id\":\"https:\/\/hobstop.ee\/lt\/produktas\/teptukas-raphael-kevrin-3675-veduoklinis\/\",\"url\":\"https:\/\/hobstop.ee\/lt\/produktas\/teptukas-raphael-kevrin-3675-veduoklinis\/\",\"name\":\"Teptukas Raphael Kevrin+ 3675 v\u0117duoklinis &#8211; Skizze\",\"isPartOf\":{\"@id\":\"https:\/\/hobstop.ee\/lt\/#website\"},\"primaryImageOfPage\":{\"@id\":\"https:\/\/hobstop.ee\/lt\/produktas\/teptukas-raphael-kevrin-3675-veduoklinis\/#primaryimage\"},\"image\":{\"@id\":\"https:\/\/hobstop.ee\/lt\/produktas\/teptukas-raphael-kevrin-3675-veduoklinis\/#primaryimage\"},\"thumbnailUrl\":\"https:\/\/hobstop.ee\/media\/1422.jpg\",\"datePublished\":\"2014-11-08T12:56:36+00:00\",\"dateModified\":\"-0001-11-30T00:00:00+00:00\",\"breadcrumb\":{\"@id\":\"https:\/\/hobstop.ee\/lt\/produktas\/teptukas-raphael-kevrin-3675-veduoklinis\/#breadcrumb\"},\"inLanguage\":\"lt\",\"potentialAction\":[{\"@type\":\"ReadAction\",\"target\":[\"https:\/\/hobstop.ee\/lt\/produktas\/teptukas-raphael-kevrin-3675-veduoklinis\/\"]}]},{\"@type\":\"ImageObject\",\"inLanguage\":\"lt\",\"@id\":\"https:\/\/hobstop.ee\/lt\/produktas\/teptukas-raphael-kevrin-3675-veduoklinis\/#primaryimage\",\"url\":\"https:\/\/hobstop.ee\/media\/1422.jpg\",\"contentUrl\":\"https:\/\/hobstop.ee\/media\/1422.jpg\",\"width\":1024,\"height\":768},{\"@type\":\"BreadcrumbList\",\"@id\":\"https:\/\/hobstop.ee\/lt\/produktas\/teptukas-raphael-kevrin-3675-veduoklinis\/#breadcrumb\",\"itemListElement\":[{\"@type\":\"ListItem\",\"position\":1,\"name\":\"Avaleht\",\"item\":\"https:\/\/hobstop.ee\/lt\/\"},{\"@type\":\"ListItem\",\"position\":2,\"name\":\"Parduotuv\u0117\",\"item\":\"https:\/\/hobstop.ee\/lt\/parduotuve\/\"},{\"@type\":\"ListItem\",\"position\":3,\"name\":\"Teptukas Raphael Kevrin+ 3675 v\u0117duoklinis\"}]},{\"@type\":\"WebSite\",\"@id\":\"https:\/\/hobstop.ee\/lt\/#website\",\"url\":\"https:\/\/hobstop.ee\/lt\/\",\"name\":\"Skizze\",\"description\":\"Dail\u0117s, pom\u0117gi\u0173 ir mokykliniai reikm\u0117nys\",\"publisher\":{\"@id\":\"https:\/\/hobstop.ee\/lt\/#organization\"},\"potentialAction\":[{\"@type\":\"SearchAction\",\"target\":{\"@type\":\"EntryPoint\",\"urlTemplate\":\"https:\/\/hobstop.ee\/lt\/?s={search_term_string}\"},\"query-input\":{\"@type\":\"PropertyValueSpecification\",\"valueRequired\":true,\"valueName\":\"search_term_string\"}}],\"inLanguage\":\"lt\"},{\"@type\":\"Organization\",\"@id\":\"https:\/\/hobstop.ee\/lt\/#organization\",\"name\":\"Vunder AS\",\"url\":\"https:\/\/hobstop.ee\/lt\/\",\"logo\":{\"@type\":\"ImageObject\",\"inLanguage\":\"lt\",\"@id\":\"https:\/\/hobstop.ee\/lt\/#\/schema\/logo\/image\/\",\"url\":\"https:\/\/hobstop.ee\/media\/vunder-logo.png\",\"contentUrl\":\"https:\/\/hobstop.ee\/media\/vunder-logo.png\",\"width\":127,\"height\":55,\"caption\":\"Vunder AS\"},\"image\":{\"@id\":\"https:\/\/hobstop.ee\/lt\/#\/schema\/logo\/image\/\"},\"sameAs\":[\"http:\/\/www.facebook.com\/VunderSkizze\"]}]}<\/script>\n<!-- \/ Yoast SEO plugin. -->","yoast_head_json":{"title":"Teptukas Raphael Kevrin+ 3675 v\u0117duoklinis &#8211; Skizze","robots":{"index":"noindex","follow":"follow","max-snippet":"max-snippet:-1","max-image-preview":"max-image-preview:large","max-video-preview":"max-video-preview:-1"},"og_locale":"lt_LT","og_type":"article","og_title":"Teptukas Raphael Kevrin+ 3675 v\u0117duoklinis &#8211; Skizze","og_description":"Po dviej\u0173 met\u0173 trukusi\u0173 tyrim\u0173 ir mokslini\u0173 darb\u0173 \u201eRaphael\u201c suk\u016br\u0117 mangusto plaukelius imituojan\u010di\u0173 pluo\u0161t\u0173 mi\u0161in\u012f. \u0160is universalus ir patvarus idealus pluo\u0161tas tapo labai populiarus. Med\u017eiagoje dera nat\u016bralaus pluo\u0161to privalumai ir naujausi\u0173 \u201eRaphael\u201c sintetini\u0173 pluo\u0161t\u0173 atradimai. Teptukas labai tikslus ir puikiai dengiantis. Atsparumas pana\u0161us \u012f kiaul\u0117s \u0161eri\u0173 teptuko, o tikslumas ir lankstumas \u2013 \u012f sabalo. Nikeliuoto \u017ealvario \u017eiedas ir ilgas, juodas poliruotas kotelis su rusvos spalvos galiuku. Tapymo technika: aliejiniai da\u017eai Naudojimas: \u0161e\u0161\u0117liavimas, spalv\u0173 i\u0161sklaidymas, poliravimas ir special\u016bs efektai","og_url":"https:\/\/hobstop.ee\/lt\/produktas\/teptukas-raphael-kevrin-3675-veduoklinis\/","og_site_name":"Skizze","article_publisher":"http:\/\/www.facebook.com\/VunderSkizze","article_modified_time":"-0001-11-30T00:00:00+00:00","og_image":[{"width":1024,"height":768,"url":"https:\/\/hobstop.ee\/media\/1422.jpg","type":"image\/jpeg"}],"twitter_card":"summary_large_image","schema":{"@context":"https:\/\/schema.org","@graph":[{"@type":"WebPage","@id":"https:\/\/hobstop.ee\/lt\/produktas\/teptukas-raphael-kevrin-3675-veduoklinis\/","url":"https:\/\/hobstop.ee\/lt\/produktas\/teptukas-raphael-kevrin-3675-veduoklinis\/","name":"Teptukas Raphael Kevrin+ 3675 v\u0117duoklinis &#8211; Skizze","isPartOf":{"@id":"https:\/\/hobstop.ee\/lt\/#website"},"primaryImageOfPage":{"@id":"https:\/\/hobstop.ee\/lt\/produktas\/teptukas-raphael-kevrin-3675-veduoklinis\/#primaryimage"},"image":{"@id":"https:\/\/hobstop.ee\/lt\/produktas\/teptukas-raphael-kevrin-3675-veduoklinis\/#primaryimage"},"thumbnailUrl":"https:\/\/hobstop.ee\/media\/1422.jpg","datePublished":"2014-11-08T12:56:36+00:00","dateModified":"-0001-11-30T00:00:00+00:00","breadcrumb":{"@id":"https:\/\/hobstop.ee\/lt\/produktas\/teptukas-raphael-kevrin-3675-veduoklinis\/#breadcrumb"},"inLanguage":"lt","potentialAction":[{"@type":"ReadAction","target":["https:\/\/hobstop.ee\/lt\/produktas\/teptukas-raphael-kevrin-3675-veduoklinis\/"]}]},{"@type":"ImageObject","inLanguage":"lt","@id":"https:\/\/hobstop.ee\/lt\/produktas\/teptukas-raphael-kevrin-3675-veduoklinis\/#primaryimage","url":"https:\/\/hobstop.ee\/media\/1422.jpg","contentUrl":"https:\/\/hobstop.ee\/media\/1422.jpg","width":1024,"height":768},{"@type":"BreadcrumbList","@id":"https:\/\/hobstop.ee\/lt\/produktas\/teptukas-raphael-kevrin-3675-veduoklinis\/#breadcrumb","itemListElement":[{"@type":"ListItem","position":1,"name":"Avaleht","item":"https:\/\/hobstop.ee\/lt\/"},{"@type":"ListItem","position":2,"name":"Parduotuv\u0117","item":"https:\/\/hobstop.ee\/lt\/parduotuve\/"},{"@type":"ListItem","position":3,"name":"Teptukas Raphael Kevrin+ 3675 v\u0117duoklinis"}]},{"@type":"WebSite","@id":"https:\/\/hobstop.ee\/lt\/#website","url":"https:\/\/hobstop.ee\/lt\/","name":"Skizze","description":"Dail\u0117s, pom\u0117gi\u0173 ir mokykliniai reikm\u0117nys","publisher":{"@id":"https:\/\/hobstop.ee\/lt\/#organization"},"potentialAction":[{"@type":"SearchAction","target":{"@type":"EntryPoint","urlTemplate":"https:\/\/hobstop.ee\/lt\/?s={search_term_string}"},"query-input":{"@type":"PropertyValueSpecification","valueRequired":true,"valueName":"search_term_string"}}],"inLanguage":"lt"},{"@type":"Organization","@id":"https:\/\/hobstop.ee\/lt\/#organization","name":"Vunder AS","url":"https:\/\/hobstop.ee\/lt\/","logo":{"@type":"ImageObject","inLanguage":"lt","@id":"https:\/\/hobstop.ee\/lt\/#\/schema\/logo\/image\/","url":"https:\/\/hobstop.ee\/media\/vunder-logo.png","contentUrl":"https:\/\/hobstop.ee\/media\/vunder-logo.png","width":127,"height":55,"caption":"Vunder AS"},"image":{"@id":"https:\/\/hobstop.ee\/lt\/#\/schema\/logo\/image\/"},"sameAs":["http:\/\/www.facebook.com\/VunderSkizze"]}]}},"_links":{"self":[{"href":"https:\/\/hobstop.ee\/lt\/wp-json\/wp\/v2\/product\/23587","targetHints":{"allow":["GET"]}}],"collection":[{"href":"https:\/\/hobstop.ee\/lt\/wp-json\/wp\/v2\/product"}],"about":[{"href":"https:\/\/hobstop.ee\/lt\/wp-json\/wp\/v2\/types\/product"}],"replies":[{"embeddable":true,"href":"https:\/\/hobstop.ee\/lt\/wp-json\/wp\/v2\/comments?post=23587"}],"wp:featuredmedia":[{"embeddable":true,"href":"https:\/\/hobstop.ee\/lt\/wp-json\/wp\/v2\/media\/160919"}],"wp:attachment":[{"href":"https:\/\/hobstop.ee\/lt\/wp-json\/wp\/v2\/media?parent=23587"}],"wp:term":[{"taxonomy":"product_cat","embeddable":true,"href":"https:\/\/hobstop.ee\/lt\/wp-json\/wp\/v2\/product_cat?post=23587"},{"taxonomy":"product_tag","embeddable":true,"href":"https:\/\/hobstop.ee\/lt\/wp-json\/wp\/v2\/product_tag?post=23587"}],"curies":[{"name":"wp","href":"https:\/\/api.w.org\/{rel}","templated":true}]}}