{"id":236052,"date":"2015-11-06T10:38:46","date_gmt":"2015-11-06T08:38:46","guid":{"rendered":"https:\/\/sharks.ee\/vunder_2019\/lt\/product\/universalus-klijai-aleenes-original-tacky-tube\/"},"modified":"2015-11-06T10:38:46","modified_gmt":"2015-11-06T08:38:46","slug":"universalus-klijai-aleenes-original-tacky-tube","status":"publish","type":"product","link":"https:\/\/hobstop.ee\/lt\/produktas\/universalus-klijai-aleenes-original-tacky-tube\/","title":{"rendered":"Universal\u016bs klijai Aleene&#8217;s Original Tacky Tube"},"content":{"rendered":"<p>Auk\u0161\u010diausios kokyb\u0117s ir patikimus klijus \u201eAleene&#8217;s Original Tacky Glue\u201c jau beveik 50 met\u0173 naudoja rankdarbi\u0173 ir meno m\u0117g\u0117jai. Nenuodingi, itin universal\u016bs ir labai tvirtai klijuojantys \u201eOriginal Tacky Glue\u201c klijai tinka beveik visiems pavir\u0161iams suklijuoti. I\u0161 t\u016bbel\u0117s klijai i\u0161spaud\u017eiami lengvai, tod\u0117l u\u017etepti yra labai paprasta.<\/p>\n","protected":false},"excerpt":{"rendered":"<p>Auk\u0161\u010diausios kokyb\u0117s ir patikimus klijus \u201eAleene&#8217;s Original Tacky Glue\u201c jau beveik 50 met\u0173 naudoja rankdarbi\u0173 ir meno m\u0117g\u0117jai. Nenuodingi, itin universal\u016bs ir labai tvirtai klijuojantys \u201eOriginal Tacky Glue\u201c klijai tinka beveik visiems pavir\u0161iams suklijuoti. I\u0161 t\u016bbel\u0117s klijai i\u0161spaud\u017eiami lengvai, tod\u0117l u\u017etepti yra labai paprasta.<\/p>\n","protected":false},"featured_media":236232,"comment_status":"closed","ping_status":"closed","template":"","meta":{"_acf_changed":false,"ep_exclude_from_search":false},"product_cat":[17919,19847,19850],"product_tag":[],"class_list":{"0":"post-236052","1":"product","2":"type-product","3":"status-publish","4":"has-post-thumbnail","6":"product_cat-pomegiu-prekes","7":"product_cat-rankdarbiu-klijai","8":"product_cat-universalus-klijai","10":"first","11":"instock","12":"taxable","13":"shipping-taxable","14":"purchasable","15":"product-type-simple"},"acf":[],"yoast_head":"<!-- This site is optimized with the Yoast SEO plugin v24.1 - https:\/\/yoast.com\/wordpress\/plugins\/seo\/ -->\n<title>Universal\u016bs klijai Aleene&#039;s Original Tacky Tube &#8211; Skizze<\/title>\n<meta name=\"robots\" content=\"noindex, follow, max-snippet:-1, max-image-preview:large, max-video-preview:-1\" \/>\n<meta property=\"og:locale\" content=\"lt_LT\" \/>\n<meta property=\"og:type\" content=\"article\" \/>\n<meta property=\"og:title\" content=\"Universal\u016bs klijai Aleene&#039;s Original Tacky Tube &#8211; Skizze\" \/>\n<meta property=\"og:description\" content=\"Auk\u0161\u010diausios kokyb\u0117s ir patikimus klijus \u201eAleene&#8217;s Original Tacky Glue\u201c jau beveik 50 met\u0173 naudoja rankdarbi\u0173 ir meno m\u0117g\u0117jai. Nenuodingi, itin universal\u016bs ir labai tvirtai klijuojantys \u201eOriginal Tacky Glue\u201c klijai tinka beveik visiems pavir\u0161iams suklijuoti. I\u0161 t\u016bbel\u0117s klijai i\u0161spaud\u017eiami lengvai, tod\u0117l u\u017etepti yra labai paprasta.\" \/>\n<meta property=\"og:url\" content=\"https:\/\/hobstop.ee\/lt\/produktas\/universalus-klijai-aleenes-original-tacky-tube\/\" \/>\n<meta property=\"og:site_name\" content=\"Skizze\" \/>\n<meta property=\"article:publisher\" content=\"http:\/\/www.facebook.com\/VunderSkizze\" \/>\n<meta property=\"og:image\" content=\"https:\/\/hobstop.ee\/media\/4068.jpg\" \/>\n\t<meta property=\"og:image:width\" content=\"1024\" \/>\n\t<meta property=\"og:image:height\" content=\"768\" \/>\n\t<meta property=\"og:image:type\" content=\"image\/jpeg\" \/>\n<meta name=\"twitter:card\" content=\"summary_large_image\" \/>\n<script type=\"application\/ld+json\" class=\"yoast-schema-graph\">{\"@context\":\"https:\/\/schema.org\",\"@graph\":[{\"@type\":\"WebPage\",\"@id\":\"https:\/\/hobstop.ee\/lt\/produktas\/universalus-klijai-aleenes-original-tacky-tube\/\",\"url\":\"https:\/\/hobstop.ee\/lt\/produktas\/universalus-klijai-aleenes-original-tacky-tube\/\",\"name\":\"Universal\u016bs klijai Aleene's Original Tacky Tube &#8211; Skizze\",\"isPartOf\":{\"@id\":\"https:\/\/hobstop.ee\/lt\/#website\"},\"primaryImageOfPage\":{\"@id\":\"https:\/\/hobstop.ee\/lt\/produktas\/universalus-klijai-aleenes-original-tacky-tube\/#primaryimage\"},\"image\":{\"@id\":\"https:\/\/hobstop.ee\/lt\/produktas\/universalus-klijai-aleenes-original-tacky-tube\/#primaryimage\"},\"thumbnailUrl\":\"https:\/\/hobstop.ee\/media\/4068.jpg\",\"datePublished\":\"2015-11-06T08:38:46+00:00\",\"dateModified\":\"2015-11-06T08:38:46+00:00\",\"breadcrumb\":{\"@id\":\"https:\/\/hobstop.ee\/lt\/produktas\/universalus-klijai-aleenes-original-tacky-tube\/#breadcrumb\"},\"inLanguage\":\"lt\",\"potentialAction\":[{\"@type\":\"ReadAction\",\"target\":[\"https:\/\/hobstop.ee\/lt\/produktas\/universalus-klijai-aleenes-original-tacky-tube\/\"]}]},{\"@type\":\"ImageObject\",\"inLanguage\":\"lt\",\"@id\":\"https:\/\/hobstop.ee\/lt\/produktas\/universalus-klijai-aleenes-original-tacky-tube\/#primaryimage\",\"url\":\"https:\/\/hobstop.ee\/media\/4068.jpg\",\"contentUrl\":\"https:\/\/hobstop.ee\/media\/4068.jpg\",\"width\":1024,\"height\":768},{\"@type\":\"BreadcrumbList\",\"@id\":\"https:\/\/hobstop.ee\/lt\/produktas\/universalus-klijai-aleenes-original-tacky-tube\/#breadcrumb\",\"itemListElement\":[{\"@type\":\"ListItem\",\"position\":1,\"name\":\"Avaleht\",\"item\":\"https:\/\/hobstop.ee\/lt\/\"},{\"@type\":\"ListItem\",\"position\":2,\"name\":\"Parduotuv\u0117\",\"item\":\"https:\/\/hobstop.ee\/lt\/parduotuve\/\"},{\"@type\":\"ListItem\",\"position\":3,\"name\":\"Universal\u016bs klijai Aleene&#8217;s Original Tacky Tube\"}]},{\"@type\":\"WebSite\",\"@id\":\"https:\/\/hobstop.ee\/lt\/#website\",\"url\":\"https:\/\/hobstop.ee\/lt\/\",\"name\":\"Skizze\",\"description\":\"Dail\u0117s, pom\u0117gi\u0173 ir mokykliniai reikm\u0117nys\",\"publisher\":{\"@id\":\"https:\/\/hobstop.ee\/lt\/#organization\"},\"potentialAction\":[{\"@type\":\"SearchAction\",\"target\":{\"@type\":\"EntryPoint\",\"urlTemplate\":\"https:\/\/hobstop.ee\/lt\/?s={search_term_string}\"},\"query-input\":{\"@type\":\"PropertyValueSpecification\",\"valueRequired\":true,\"valueName\":\"search_term_string\"}}],\"inLanguage\":\"lt\"},{\"@type\":\"Organization\",\"@id\":\"https:\/\/hobstop.ee\/lt\/#organization\",\"name\":\"Vunder AS\",\"url\":\"https:\/\/hobstop.ee\/lt\/\",\"logo\":{\"@type\":\"ImageObject\",\"inLanguage\":\"lt\",\"@id\":\"https:\/\/hobstop.ee\/lt\/#\/schema\/logo\/image\/\",\"url\":\"https:\/\/hobstop.ee\/media\/vunder-logo.png\",\"contentUrl\":\"https:\/\/hobstop.ee\/media\/vunder-logo.png\",\"width\":127,\"height\":55,\"caption\":\"Vunder AS\"},\"image\":{\"@id\":\"https:\/\/hobstop.ee\/lt\/#\/schema\/logo\/image\/\"},\"sameAs\":[\"http:\/\/www.facebook.com\/VunderSkizze\"]}]}<\/script>\n<!-- \/ Yoast SEO plugin. -->","yoast_head_json":{"title":"Universal\u016bs klijai Aleene's Original Tacky Tube &#8211; Skizze","robots":{"index":"noindex","follow":"follow","max-snippet":"max-snippet:-1","max-image-preview":"max-image-preview:large","max-video-preview":"max-video-preview:-1"},"og_locale":"lt_LT","og_type":"article","og_title":"Universal\u016bs klijai Aleene's Original Tacky Tube &#8211; Skizze","og_description":"Auk\u0161\u010diausios kokyb\u0117s ir patikimus klijus \u201eAleene&#8217;s Original Tacky Glue\u201c jau beveik 50 met\u0173 naudoja rankdarbi\u0173 ir meno m\u0117g\u0117jai. Nenuodingi, itin universal\u016bs ir labai tvirtai klijuojantys \u201eOriginal Tacky Glue\u201c klijai tinka beveik visiems pavir\u0161iams suklijuoti. I\u0161 t\u016bbel\u0117s klijai i\u0161spaud\u017eiami lengvai, tod\u0117l u\u017etepti yra labai paprasta.","og_url":"https:\/\/hobstop.ee\/lt\/produktas\/universalus-klijai-aleenes-original-tacky-tube\/","og_site_name":"Skizze","article_publisher":"http:\/\/www.facebook.com\/VunderSkizze","og_image":[{"width":1024,"height":768,"url":"https:\/\/hobstop.ee\/media\/4068.jpg","type":"image\/jpeg"}],"twitter_card":"summary_large_image","schema":{"@context":"https:\/\/schema.org","@graph":[{"@type":"WebPage","@id":"https:\/\/hobstop.ee\/lt\/produktas\/universalus-klijai-aleenes-original-tacky-tube\/","url":"https:\/\/hobstop.ee\/lt\/produktas\/universalus-klijai-aleenes-original-tacky-tube\/","name":"Universal\u016bs klijai Aleene's Original Tacky Tube &#8211; Skizze","isPartOf":{"@id":"https:\/\/hobstop.ee\/lt\/#website"},"primaryImageOfPage":{"@id":"https:\/\/hobstop.ee\/lt\/produktas\/universalus-klijai-aleenes-original-tacky-tube\/#primaryimage"},"image":{"@id":"https:\/\/hobstop.ee\/lt\/produktas\/universalus-klijai-aleenes-original-tacky-tube\/#primaryimage"},"thumbnailUrl":"https:\/\/hobstop.ee\/media\/4068.jpg","datePublished":"2015-11-06T08:38:46+00:00","dateModified":"2015-11-06T08:38:46+00:00","breadcrumb":{"@id":"https:\/\/hobstop.ee\/lt\/produktas\/universalus-klijai-aleenes-original-tacky-tube\/#breadcrumb"},"inLanguage":"lt","potentialAction":[{"@type":"ReadAction","target":["https:\/\/hobstop.ee\/lt\/produktas\/universalus-klijai-aleenes-original-tacky-tube\/"]}]},{"@type":"ImageObject","inLanguage":"lt","@id":"https:\/\/hobstop.ee\/lt\/produktas\/universalus-klijai-aleenes-original-tacky-tube\/#primaryimage","url":"https:\/\/hobstop.ee\/media\/4068.jpg","contentUrl":"https:\/\/hobstop.ee\/media\/4068.jpg","width":1024,"height":768},{"@type":"BreadcrumbList","@id":"https:\/\/hobstop.ee\/lt\/produktas\/universalus-klijai-aleenes-original-tacky-tube\/#breadcrumb","itemListElement":[{"@type":"ListItem","position":1,"name":"Avaleht","item":"https:\/\/hobstop.ee\/lt\/"},{"@type":"ListItem","position":2,"name":"Parduotuv\u0117","item":"https:\/\/hobstop.ee\/lt\/parduotuve\/"},{"@type":"ListItem","position":3,"name":"Universal\u016bs klijai Aleene&#8217;s Original Tacky Tube"}]},{"@type":"WebSite","@id":"https:\/\/hobstop.ee\/lt\/#website","url":"https:\/\/hobstop.ee\/lt\/","name":"Skizze","description":"Dail\u0117s, pom\u0117gi\u0173 ir mokykliniai reikm\u0117nys","publisher":{"@id":"https:\/\/hobstop.ee\/lt\/#organization"},"potentialAction":[{"@type":"SearchAction","target":{"@type":"EntryPoint","urlTemplate":"https:\/\/hobstop.ee\/lt\/?s={search_term_string}"},"query-input":{"@type":"PropertyValueSpecification","valueRequired":true,"valueName":"search_term_string"}}],"inLanguage":"lt"},{"@type":"Organization","@id":"https:\/\/hobstop.ee\/lt\/#organization","name":"Vunder AS","url":"https:\/\/hobstop.ee\/lt\/","logo":{"@type":"ImageObject","inLanguage":"lt","@id":"https:\/\/hobstop.ee\/lt\/#\/schema\/logo\/image\/","url":"https:\/\/hobstop.ee\/media\/vunder-logo.png","contentUrl":"https:\/\/hobstop.ee\/media\/vunder-logo.png","width":127,"height":55,"caption":"Vunder AS"},"image":{"@id":"https:\/\/hobstop.ee\/lt\/#\/schema\/logo\/image\/"},"sameAs":["http:\/\/www.facebook.com\/VunderSkizze"]}]}},"_links":{"self":[{"href":"https:\/\/hobstop.ee\/lt\/wp-json\/wp\/v2\/product\/236052","targetHints":{"allow":["GET"]}}],"collection":[{"href":"https:\/\/hobstop.ee\/lt\/wp-json\/wp\/v2\/product"}],"about":[{"href":"https:\/\/hobstop.ee\/lt\/wp-json\/wp\/v2\/types\/product"}],"replies":[{"embeddable":true,"href":"https:\/\/hobstop.ee\/lt\/wp-json\/wp\/v2\/comments?post=236052"}],"wp:featuredmedia":[{"embeddable":true,"href":"https:\/\/hobstop.ee\/lt\/wp-json\/wp\/v2\/media\/236232"}],"wp:attachment":[{"href":"https:\/\/hobstop.ee\/lt\/wp-json\/wp\/v2\/media?parent=236052"}],"wp:term":[{"taxonomy":"product_cat","embeddable":true,"href":"https:\/\/hobstop.ee\/lt\/wp-json\/wp\/v2\/product_cat?post=236052"},{"taxonomy":"product_tag","embeddable":true,"href":"https:\/\/hobstop.ee\/lt\/wp-json\/wp\/v2\/product_tag?post=236052"}],"curies":[{"name":"wp","href":"https:\/\/api.w.org\/{rel}","templated":true}]}}