{"id":236064,"date":"2015-11-06T10:38:51","date_gmt":"2015-11-06T08:38:51","guid":{"rendered":"https:\/\/sharks.ee\/vunder_2019\/lt\/product\/tekstiles-klijai-aleenes-jewel-it-embellishing\/"},"modified":"2015-11-06T10:38:51","modified_gmt":"2015-11-06T08:38:51","slug":"tekstiles-klijai-aleenes-jewel-it-embellishing","status":"publish","type":"product","link":"https:\/\/hobstop.ee\/lt\/produktas\/tekstiles-klijai-aleenes-jewel-it-embellishing\/","title":{"rendered":"Tekstil\u0117s klijai Aleene&#8217;s Jewel-It Embellishing"},"content":{"rendered":"<p>Klijai \u201eAleene\u2019s Jewel-It Embellishing Glue\u201c tvirtai prie audinio priklijuoja brangakmenius ir papuo\u0161imus; dekoruotus daiktus galima skalbti. Greitai suklijuoja, i\u0161d\u017eiuv\u0119 yra skaidr\u016bs ir i\u0161lieka lankst\u016bs, tinka skalbiamiems ir neskalbiamiems audiniams. Tinka klijuoti tikrus ir netikrus brangakmenius, plastikinius ir stiklinius karoliukus, perlus ir dekoratyvinius \u017evynelius.<\/p>\n","protected":false},"excerpt":{"rendered":"<p>Klijai \u201eAleene\u2019s Jewel-It Embellishing Glue\u201c tvirtai prie audinio priklijuoja brangakmenius ir papuo\u0161imus; dekoruotus daiktus galima skalbti. Greitai suklijuoja, i\u0161d\u017eiuv\u0119 yra skaidr\u016bs ir i\u0161lieka lankst\u016bs, tinka skalbiamiems ir neskalbiamiems audiniams. Tinka klijuoti tikrus ir netikrus brangakmenius, plastikinius ir stiklinius karoliukus, perlus ir dekoratyvinius \u017evynelius.<\/p>\n","protected":false},"featured_media":236244,"comment_status":"closed","ping_status":"closed","template":"","meta":{"_acf_changed":false,"ep_exclude_from_search":false},"product_cat":[17919,19847,19853],"product_tag":[],"class_list":{"0":"post-236064","1":"product","2":"type-product","3":"status-publish","4":"has-post-thumbnail","6":"product_cat-pomegiu-prekes","7":"product_cat-rankdarbiu-klijai","8":"product_cat-tekstiles-klijai","10":"first","11":"instock","12":"taxable","13":"shipping-taxable","14":"purchasable","15":"product-type-simple"},"acf":[],"yoast_head":"<!-- This site is optimized with the Yoast SEO plugin v24.1 - https:\/\/yoast.com\/wordpress\/plugins\/seo\/ -->\n<title>Tekstil\u0117s klijai Aleene&#039;s Jewel-It Embellishing &#8211; Skizze<\/title>\n<meta name=\"robots\" content=\"noindex, follow, max-snippet:-1, max-image-preview:large, max-video-preview:-1\" \/>\n<meta property=\"og:locale\" content=\"lt_LT\" \/>\n<meta property=\"og:type\" content=\"article\" \/>\n<meta property=\"og:title\" content=\"Tekstil\u0117s klijai Aleene&#039;s Jewel-It Embellishing &#8211; Skizze\" \/>\n<meta property=\"og:description\" content=\"Klijai \u201eAleene\u2019s Jewel-It Embellishing Glue\u201c tvirtai prie audinio priklijuoja brangakmenius ir papuo\u0161imus; dekoruotus daiktus galima skalbti. Greitai suklijuoja, i\u0161d\u017eiuv\u0119 yra skaidr\u016bs ir i\u0161lieka lankst\u016bs, tinka skalbiamiems ir neskalbiamiems audiniams. Tinka klijuoti tikrus ir netikrus brangakmenius, plastikinius ir stiklinius karoliukus, perlus ir dekoratyvinius \u017evynelius.\" \/>\n<meta property=\"og:url\" content=\"https:\/\/hobstop.ee\/lt\/produktas\/tekstiles-klijai-aleenes-jewel-it-embellishing\/\" \/>\n<meta property=\"og:site_name\" content=\"Skizze\" \/>\n<meta property=\"article:publisher\" content=\"http:\/\/www.facebook.com\/VunderSkizze\" \/>\n<meta property=\"og:image\" content=\"https:\/\/hobstop.ee\/media\/4071.jpg\" \/>\n\t<meta property=\"og:image:width\" content=\"1024\" \/>\n\t<meta property=\"og:image:height\" content=\"768\" \/>\n\t<meta property=\"og:image:type\" content=\"image\/jpeg\" \/>\n<meta name=\"twitter:card\" content=\"summary_large_image\" \/>\n<script type=\"application\/ld+json\" class=\"yoast-schema-graph\">{\"@context\":\"https:\/\/schema.org\",\"@graph\":[{\"@type\":\"WebPage\",\"@id\":\"https:\/\/hobstop.ee\/lt\/produktas\/tekstiles-klijai-aleenes-jewel-it-embellishing\/\",\"url\":\"https:\/\/hobstop.ee\/lt\/produktas\/tekstiles-klijai-aleenes-jewel-it-embellishing\/\",\"name\":\"Tekstil\u0117s klijai Aleene's Jewel-It Embellishing &#8211; Skizze\",\"isPartOf\":{\"@id\":\"https:\/\/hobstop.ee\/lt\/#website\"},\"primaryImageOfPage\":{\"@id\":\"https:\/\/hobstop.ee\/lt\/produktas\/tekstiles-klijai-aleenes-jewel-it-embellishing\/#primaryimage\"},\"image\":{\"@id\":\"https:\/\/hobstop.ee\/lt\/produktas\/tekstiles-klijai-aleenes-jewel-it-embellishing\/#primaryimage\"},\"thumbnailUrl\":\"https:\/\/hobstop.ee\/media\/4071.jpg\",\"datePublished\":\"2015-11-06T08:38:51+00:00\",\"dateModified\":\"2015-11-06T08:38:51+00:00\",\"breadcrumb\":{\"@id\":\"https:\/\/hobstop.ee\/lt\/produktas\/tekstiles-klijai-aleenes-jewel-it-embellishing\/#breadcrumb\"},\"inLanguage\":\"lt\",\"potentialAction\":[{\"@type\":\"ReadAction\",\"target\":[\"https:\/\/hobstop.ee\/lt\/produktas\/tekstiles-klijai-aleenes-jewel-it-embellishing\/\"]}]},{\"@type\":\"ImageObject\",\"inLanguage\":\"lt\",\"@id\":\"https:\/\/hobstop.ee\/lt\/produktas\/tekstiles-klijai-aleenes-jewel-it-embellishing\/#primaryimage\",\"url\":\"https:\/\/hobstop.ee\/media\/4071.jpg\",\"contentUrl\":\"https:\/\/hobstop.ee\/media\/4071.jpg\",\"width\":1024,\"height\":768},{\"@type\":\"BreadcrumbList\",\"@id\":\"https:\/\/hobstop.ee\/lt\/produktas\/tekstiles-klijai-aleenes-jewel-it-embellishing\/#breadcrumb\",\"itemListElement\":[{\"@type\":\"ListItem\",\"position\":1,\"name\":\"Avaleht\",\"item\":\"https:\/\/hobstop.ee\/lt\/\"},{\"@type\":\"ListItem\",\"position\":2,\"name\":\"Parduotuv\u0117\",\"item\":\"https:\/\/hobstop.ee\/lt\/parduotuve\/\"},{\"@type\":\"ListItem\",\"position\":3,\"name\":\"Tekstil\u0117s klijai Aleene&#8217;s Jewel-It Embellishing\"}]},{\"@type\":\"WebSite\",\"@id\":\"https:\/\/hobstop.ee\/lt\/#website\",\"url\":\"https:\/\/hobstop.ee\/lt\/\",\"name\":\"Skizze\",\"description\":\"Dail\u0117s, pom\u0117gi\u0173 ir mokykliniai reikm\u0117nys\",\"publisher\":{\"@id\":\"https:\/\/hobstop.ee\/lt\/#organization\"},\"potentialAction\":[{\"@type\":\"SearchAction\",\"target\":{\"@type\":\"EntryPoint\",\"urlTemplate\":\"https:\/\/hobstop.ee\/lt\/?s={search_term_string}\"},\"query-input\":{\"@type\":\"PropertyValueSpecification\",\"valueRequired\":true,\"valueName\":\"search_term_string\"}}],\"inLanguage\":\"lt\"},{\"@type\":\"Organization\",\"@id\":\"https:\/\/hobstop.ee\/lt\/#organization\",\"name\":\"Vunder AS\",\"url\":\"https:\/\/hobstop.ee\/lt\/\",\"logo\":{\"@type\":\"ImageObject\",\"inLanguage\":\"lt\",\"@id\":\"https:\/\/hobstop.ee\/lt\/#\/schema\/logo\/image\/\",\"url\":\"https:\/\/hobstop.ee\/media\/vunder-logo.png\",\"contentUrl\":\"https:\/\/hobstop.ee\/media\/vunder-logo.png\",\"width\":127,\"height\":55,\"caption\":\"Vunder AS\"},\"image\":{\"@id\":\"https:\/\/hobstop.ee\/lt\/#\/schema\/logo\/image\/\"},\"sameAs\":[\"http:\/\/www.facebook.com\/VunderSkizze\"]}]}<\/script>\n<!-- \/ Yoast SEO plugin. -->","yoast_head_json":{"title":"Tekstil\u0117s klijai Aleene's Jewel-It Embellishing &#8211; Skizze","robots":{"index":"noindex","follow":"follow","max-snippet":"max-snippet:-1","max-image-preview":"max-image-preview:large","max-video-preview":"max-video-preview:-1"},"og_locale":"lt_LT","og_type":"article","og_title":"Tekstil\u0117s klijai Aleene's Jewel-It Embellishing &#8211; Skizze","og_description":"Klijai \u201eAleene\u2019s Jewel-It Embellishing Glue\u201c tvirtai prie audinio priklijuoja brangakmenius ir papuo\u0161imus; dekoruotus daiktus galima skalbti. Greitai suklijuoja, i\u0161d\u017eiuv\u0119 yra skaidr\u016bs ir i\u0161lieka lankst\u016bs, tinka skalbiamiems ir neskalbiamiems audiniams. Tinka klijuoti tikrus ir netikrus brangakmenius, plastikinius ir stiklinius karoliukus, perlus ir dekoratyvinius \u017evynelius.","og_url":"https:\/\/hobstop.ee\/lt\/produktas\/tekstiles-klijai-aleenes-jewel-it-embellishing\/","og_site_name":"Skizze","article_publisher":"http:\/\/www.facebook.com\/VunderSkizze","og_image":[{"width":1024,"height":768,"url":"https:\/\/hobstop.ee\/media\/4071.jpg","type":"image\/jpeg"}],"twitter_card":"summary_large_image","schema":{"@context":"https:\/\/schema.org","@graph":[{"@type":"WebPage","@id":"https:\/\/hobstop.ee\/lt\/produktas\/tekstiles-klijai-aleenes-jewel-it-embellishing\/","url":"https:\/\/hobstop.ee\/lt\/produktas\/tekstiles-klijai-aleenes-jewel-it-embellishing\/","name":"Tekstil\u0117s klijai Aleene's Jewel-It Embellishing &#8211; Skizze","isPartOf":{"@id":"https:\/\/hobstop.ee\/lt\/#website"},"primaryImageOfPage":{"@id":"https:\/\/hobstop.ee\/lt\/produktas\/tekstiles-klijai-aleenes-jewel-it-embellishing\/#primaryimage"},"image":{"@id":"https:\/\/hobstop.ee\/lt\/produktas\/tekstiles-klijai-aleenes-jewel-it-embellishing\/#primaryimage"},"thumbnailUrl":"https:\/\/hobstop.ee\/media\/4071.jpg","datePublished":"2015-11-06T08:38:51+00:00","dateModified":"2015-11-06T08:38:51+00:00","breadcrumb":{"@id":"https:\/\/hobstop.ee\/lt\/produktas\/tekstiles-klijai-aleenes-jewel-it-embellishing\/#breadcrumb"},"inLanguage":"lt","potentialAction":[{"@type":"ReadAction","target":["https:\/\/hobstop.ee\/lt\/produktas\/tekstiles-klijai-aleenes-jewel-it-embellishing\/"]}]},{"@type":"ImageObject","inLanguage":"lt","@id":"https:\/\/hobstop.ee\/lt\/produktas\/tekstiles-klijai-aleenes-jewel-it-embellishing\/#primaryimage","url":"https:\/\/hobstop.ee\/media\/4071.jpg","contentUrl":"https:\/\/hobstop.ee\/media\/4071.jpg","width":1024,"height":768},{"@type":"BreadcrumbList","@id":"https:\/\/hobstop.ee\/lt\/produktas\/tekstiles-klijai-aleenes-jewel-it-embellishing\/#breadcrumb","itemListElement":[{"@type":"ListItem","position":1,"name":"Avaleht","item":"https:\/\/hobstop.ee\/lt\/"},{"@type":"ListItem","position":2,"name":"Parduotuv\u0117","item":"https:\/\/hobstop.ee\/lt\/parduotuve\/"},{"@type":"ListItem","position":3,"name":"Tekstil\u0117s klijai Aleene&#8217;s Jewel-It Embellishing"}]},{"@type":"WebSite","@id":"https:\/\/hobstop.ee\/lt\/#website","url":"https:\/\/hobstop.ee\/lt\/","name":"Skizze","description":"Dail\u0117s, pom\u0117gi\u0173 ir mokykliniai reikm\u0117nys","publisher":{"@id":"https:\/\/hobstop.ee\/lt\/#organization"},"potentialAction":[{"@type":"SearchAction","target":{"@type":"EntryPoint","urlTemplate":"https:\/\/hobstop.ee\/lt\/?s={search_term_string}"},"query-input":{"@type":"PropertyValueSpecification","valueRequired":true,"valueName":"search_term_string"}}],"inLanguage":"lt"},{"@type":"Organization","@id":"https:\/\/hobstop.ee\/lt\/#organization","name":"Vunder AS","url":"https:\/\/hobstop.ee\/lt\/","logo":{"@type":"ImageObject","inLanguage":"lt","@id":"https:\/\/hobstop.ee\/lt\/#\/schema\/logo\/image\/","url":"https:\/\/hobstop.ee\/media\/vunder-logo.png","contentUrl":"https:\/\/hobstop.ee\/media\/vunder-logo.png","width":127,"height":55,"caption":"Vunder AS"},"image":{"@id":"https:\/\/hobstop.ee\/lt\/#\/schema\/logo\/image\/"},"sameAs":["http:\/\/www.facebook.com\/VunderSkizze"]}]}},"_links":{"self":[{"href":"https:\/\/hobstop.ee\/lt\/wp-json\/wp\/v2\/product\/236064","targetHints":{"allow":["GET"]}}],"collection":[{"href":"https:\/\/hobstop.ee\/lt\/wp-json\/wp\/v2\/product"}],"about":[{"href":"https:\/\/hobstop.ee\/lt\/wp-json\/wp\/v2\/types\/product"}],"replies":[{"embeddable":true,"href":"https:\/\/hobstop.ee\/lt\/wp-json\/wp\/v2\/comments?post=236064"}],"wp:featuredmedia":[{"embeddable":true,"href":"https:\/\/hobstop.ee\/lt\/wp-json\/wp\/v2\/media\/236244"}],"wp:attachment":[{"href":"https:\/\/hobstop.ee\/lt\/wp-json\/wp\/v2\/media?parent=236064"}],"wp:term":[{"taxonomy":"product_cat","embeddable":true,"href":"https:\/\/hobstop.ee\/lt\/wp-json\/wp\/v2\/product_cat?post=236064"},{"taxonomy":"product_tag","embeddable":true,"href":"https:\/\/hobstop.ee\/lt\/wp-json\/wp\/v2\/product_tag?post=236064"}],"curies":[{"name":"wp","href":"https:\/\/api.w.org\/{rel}","templated":true}]}}