{"id":236068,"date":"2015-11-06T10:38:52","date_gmt":"2015-11-06T08:38:52","guid":{"rendered":"https:\/\/sharks.ee\/vunder_2019\/lt\/product\/tekstiles-klijai-aleenes-stiffen-quik-fabric-stiffening-spray\/"},"modified":"2015-11-06T10:38:52","modified_gmt":"2015-11-06T08:38:52","slug":"tekstiles-klijai-aleenes-stiffen-quik-fabric-stiffening-spray","status":"publish","type":"product","link":"https:\/\/hobstop.ee\/lt\/produktas\/tekstiles-klijai-aleenes-stiffen-quik-fabric-stiffening-spray\/","title":{"rendered":"Tekstil\u0117s klijai Aleene&#8217;s Stiffen-Quik Fabric Stiffening Spray"},"content":{"rendered":"<p>Jums patiks \u0161is pur\u0161kiamas audini\u0173 standiklis \u201eAleene\u2019s Stiffen-Quik Fabric Stiffening Spray\u201c, kuriuo galima standinti ir formuoti audinius, nertas servet\u0117les bei juosteles. Pur\u0161kiamu buteliu labai patogu u\u017epurk\u0161ti reikiam\u0105 kiek\u012f standiklio nepaliekant nereikaling\u0173 d\u0117mi\u0173. Be to, Jums nereik\u0117s sukti ruo\u0161inio ir rizikuoti, kad \u0161is praras savo form\u0105.  D\u0117l savo sud\u0117ties standiklis \u201eStiffen-Quik\u201c greitai d\u017ei\u016bna, tod\u0117l ruo\u0161inys nepraras spalvos, o jei norite standesnio pavir\u0161iaus, galima purk\u0161ti daugiau nei vien\u0105 sluoksn\u012f. Standikl\u012f galima i\u0161 audinio i\u0161plauti ir jam suteikti nauj\u0105 form\u0105. Tinka formuoti kaspinus, lancetus, juosteles, audinius, servet\u0117les ir n\u0117rinius.<\/p>\n","protected":false},"excerpt":{"rendered":"<p>Jums patiks \u0161is pur\u0161kiamas audini\u0173 standiklis \u201eAleene\u2019s Stiffen-Quik Fabric Stiffening Spray\u201c, kuriuo galima standinti ir formuoti audinius, nertas servet\u0117les bei juosteles. Pur\u0161kiamu buteliu labai patogu u\u017epurk\u0161ti reikiam\u0105 kiek\u012f standiklio nepaliekant nereikaling\u0173 d\u0117mi\u0173. Be to, Jums nereik\u0117s sukti ruo\u0161inio ir rizikuoti, kad \u0161is praras savo form\u0105. D\u0117l savo sud\u0117ties standiklis \u201eStiffen-Quik\u201c greitai d\u017ei\u016bna, tod\u0117l ruo\u0161inys nepraras spalvos, o jei norite standesnio pavir\u0161iaus, galima purk\u0161ti daugiau nei vien\u0105 sluoksn\u012f. Standikl\u012f galima i\u0161 audinio i\u0161plauti ir jam suteikti nauj\u0105 form\u0105. Tinka formuoti kaspinus, lancetus, juosteles, audinius, servet\u0117les ir n\u0117rinius.<\/p>\n","protected":false},"featured_media":236248,"comment_status":"closed","ping_status":"closed","template":"","meta":{"_acf_changed":false,"ep_exclude_from_search":false},"product_cat":[17919,19847,19853],"product_tag":[],"class_list":{"0":"post-236068","1":"product","2":"type-product","3":"status-publish","4":"has-post-thumbnail","6":"product_cat-pomegiu-prekes","7":"product_cat-rankdarbiu-klijai","8":"product_cat-tekstiles-klijai","10":"first","11":"instock","12":"taxable","13":"shipping-taxable","14":"purchasable","15":"product-type-simple"},"acf":[],"yoast_head":"<!-- This site is optimized with the Yoast SEO plugin v24.1 - https:\/\/yoast.com\/wordpress\/plugins\/seo\/ -->\n<title>Tekstil\u0117s klijai Aleene&#039;s Stiffen-Quik Fabric Stiffening Spray &#8211; Skizze<\/title>\n<meta name=\"robots\" content=\"noindex, follow, max-snippet:-1, max-image-preview:large, max-video-preview:-1\" \/>\n<meta property=\"og:locale\" content=\"lt_LT\" \/>\n<meta property=\"og:type\" content=\"article\" \/>\n<meta property=\"og:title\" content=\"Tekstil\u0117s klijai Aleene&#039;s Stiffen-Quik Fabric Stiffening Spray &#8211; Skizze\" \/>\n<meta property=\"og:description\" content=\"Jums patiks \u0161is pur\u0161kiamas audini\u0173 standiklis \u201eAleene\u2019s Stiffen-Quik Fabric Stiffening Spray\u201c, kuriuo galima standinti ir formuoti audinius, nertas servet\u0117les bei juosteles. Pur\u0161kiamu buteliu labai patogu u\u017epurk\u0161ti reikiam\u0105 kiek\u012f standiklio nepaliekant nereikaling\u0173 d\u0117mi\u0173. Be to, Jums nereik\u0117s sukti ruo\u0161inio ir rizikuoti, kad \u0161is praras savo form\u0105. D\u0117l savo sud\u0117ties standiklis \u201eStiffen-Quik\u201c greitai d\u017ei\u016bna, tod\u0117l ruo\u0161inys nepraras spalvos, o jei norite standesnio pavir\u0161iaus, galima purk\u0161ti daugiau nei vien\u0105 sluoksn\u012f. Standikl\u012f galima i\u0161 audinio i\u0161plauti ir jam suteikti nauj\u0105 form\u0105. Tinka formuoti kaspinus, lancetus, juosteles, audinius, servet\u0117les ir n\u0117rinius.\" \/>\n<meta property=\"og:url\" content=\"https:\/\/hobstop.ee\/lt\/produktas\/tekstiles-klijai-aleenes-stiffen-quik-fabric-stiffening-spray\/\" \/>\n<meta property=\"og:site_name\" content=\"Skizze\" \/>\n<meta property=\"article:publisher\" content=\"http:\/\/www.facebook.com\/VunderSkizze\" \/>\n<meta property=\"og:image\" content=\"https:\/\/www.hobstop.ee\/media\/4072.jpg\" \/>\n\t<meta property=\"og:image:width\" content=\"1024\" \/>\n\t<meta property=\"og:image:height\" content=\"768\" \/>\n\t<meta property=\"og:image:type\" content=\"image\/jpeg\" \/>\n<meta name=\"twitter:card\" content=\"summary_large_image\" \/>\n<meta name=\"twitter:label1\" content=\"Est. reading time\" \/>\n\t<meta name=\"twitter:data1\" content=\"1 minute\" \/>\n<script type=\"application\/ld+json\" class=\"yoast-schema-graph\">{\"@context\":\"https:\/\/schema.org\",\"@graph\":[{\"@type\":\"WebPage\",\"@id\":\"https:\/\/hobstop.ee\/lt\/produktas\/tekstiles-klijai-aleenes-stiffen-quik-fabric-stiffening-spray\/\",\"url\":\"https:\/\/hobstop.ee\/lt\/produktas\/tekstiles-klijai-aleenes-stiffen-quik-fabric-stiffening-spray\/\",\"name\":\"Tekstil\u0117s klijai Aleene's Stiffen-Quik Fabric Stiffening Spray &#8211; Skizze\",\"isPartOf\":{\"@id\":\"https:\/\/hobstop.ee\/lt\/#website\"},\"primaryImageOfPage\":{\"@id\":\"https:\/\/hobstop.ee\/lt\/produktas\/tekstiles-klijai-aleenes-stiffen-quik-fabric-stiffening-spray\/#primaryimage\"},\"image\":{\"@id\":\"https:\/\/hobstop.ee\/lt\/produktas\/tekstiles-klijai-aleenes-stiffen-quik-fabric-stiffening-spray\/#primaryimage\"},\"thumbnailUrl\":\"https:\/\/hobstop.ee\/media\/4072.jpg\",\"datePublished\":\"2015-11-06T08:38:52+00:00\",\"dateModified\":\"2015-11-06T08:38:52+00:00\",\"breadcrumb\":{\"@id\":\"https:\/\/hobstop.ee\/lt\/produktas\/tekstiles-klijai-aleenes-stiffen-quik-fabric-stiffening-spray\/#breadcrumb\"},\"inLanguage\":\"lt\",\"potentialAction\":[{\"@type\":\"ReadAction\",\"target\":[\"https:\/\/hobstop.ee\/lt\/produktas\/tekstiles-klijai-aleenes-stiffen-quik-fabric-stiffening-spray\/\"]}]},{\"@type\":\"ImageObject\",\"inLanguage\":\"lt\",\"@id\":\"https:\/\/hobstop.ee\/lt\/produktas\/tekstiles-klijai-aleenes-stiffen-quik-fabric-stiffening-spray\/#primaryimage\",\"url\":\"https:\/\/hobstop.ee\/media\/4072.jpg\",\"contentUrl\":\"https:\/\/hobstop.ee\/media\/4072.jpg\",\"width\":1024,\"height\":768},{\"@type\":\"BreadcrumbList\",\"@id\":\"https:\/\/hobstop.ee\/lt\/produktas\/tekstiles-klijai-aleenes-stiffen-quik-fabric-stiffening-spray\/#breadcrumb\",\"itemListElement\":[{\"@type\":\"ListItem\",\"position\":1,\"name\":\"Avaleht\",\"item\":\"https:\/\/hobstop.ee\/lt\/\"},{\"@type\":\"ListItem\",\"position\":2,\"name\":\"Parduotuv\u0117\",\"item\":\"https:\/\/hobstop.ee\/lt\/parduotuve\/\"},{\"@type\":\"ListItem\",\"position\":3,\"name\":\"Tekstil\u0117s klijai Aleene&#8217;s Stiffen-Quik Fabric Stiffening Spray\"}]},{\"@type\":\"WebSite\",\"@id\":\"https:\/\/hobstop.ee\/lt\/#website\",\"url\":\"https:\/\/hobstop.ee\/lt\/\",\"name\":\"Skizze\",\"description\":\"Dail\u0117s, pom\u0117gi\u0173 ir mokykliniai reikm\u0117nys\",\"publisher\":{\"@id\":\"https:\/\/hobstop.ee\/lt\/#organization\"},\"potentialAction\":[{\"@type\":\"SearchAction\",\"target\":{\"@type\":\"EntryPoint\",\"urlTemplate\":\"https:\/\/hobstop.ee\/lt\/?s={search_term_string}\"},\"query-input\":{\"@type\":\"PropertyValueSpecification\",\"valueRequired\":true,\"valueName\":\"search_term_string\"}}],\"inLanguage\":\"lt\"},{\"@type\":\"Organization\",\"@id\":\"https:\/\/hobstop.ee\/lt\/#organization\",\"name\":\"Vunder AS\",\"url\":\"https:\/\/hobstop.ee\/lt\/\",\"logo\":{\"@type\":\"ImageObject\",\"inLanguage\":\"lt\",\"@id\":\"https:\/\/hobstop.ee\/lt\/#\/schema\/logo\/image\/\",\"url\":\"https:\/\/hobstop.ee\/media\/vunder-logo.png\",\"contentUrl\":\"https:\/\/hobstop.ee\/media\/vunder-logo.png\",\"width\":127,\"height\":55,\"caption\":\"Vunder AS\"},\"image\":{\"@id\":\"https:\/\/hobstop.ee\/lt\/#\/schema\/logo\/image\/\"},\"sameAs\":[\"http:\/\/www.facebook.com\/VunderSkizze\"]}]}<\/script>\n<!-- \/ Yoast SEO plugin. -->","yoast_head_json":{"title":"Tekstil\u0117s klijai Aleene's Stiffen-Quik Fabric Stiffening Spray &#8211; Skizze","robots":{"index":"noindex","follow":"follow","max-snippet":"max-snippet:-1","max-image-preview":"max-image-preview:large","max-video-preview":"max-video-preview:-1"},"og_locale":"lt_LT","og_type":"article","og_title":"Tekstil\u0117s klijai Aleene's Stiffen-Quik Fabric Stiffening Spray &#8211; Skizze","og_description":"Jums patiks \u0161is pur\u0161kiamas audini\u0173 standiklis \u201eAleene\u2019s Stiffen-Quik Fabric Stiffening Spray\u201c, kuriuo galima standinti ir formuoti audinius, nertas servet\u0117les bei juosteles. Pur\u0161kiamu buteliu labai patogu u\u017epurk\u0161ti reikiam\u0105 kiek\u012f standiklio nepaliekant nereikaling\u0173 d\u0117mi\u0173. Be to, Jums nereik\u0117s sukti ruo\u0161inio ir rizikuoti, kad \u0161is praras savo form\u0105. D\u0117l savo sud\u0117ties standiklis \u201eStiffen-Quik\u201c greitai d\u017ei\u016bna, tod\u0117l ruo\u0161inys nepraras spalvos, o jei norite standesnio pavir\u0161iaus, galima purk\u0161ti daugiau nei vien\u0105 sluoksn\u012f. Standikl\u012f galima i\u0161 audinio i\u0161plauti ir jam suteikti nauj\u0105 form\u0105. Tinka formuoti kaspinus, lancetus, juosteles, audinius, servet\u0117les ir n\u0117rinius.","og_url":"https:\/\/hobstop.ee\/lt\/produktas\/tekstiles-klijai-aleenes-stiffen-quik-fabric-stiffening-spray\/","og_site_name":"Skizze","article_publisher":"http:\/\/www.facebook.com\/VunderSkizze","og_image":[{"width":1024,"height":768,"url":"https:\/\/www.hobstop.ee\/media\/4072.jpg","type":"image\/jpeg"}],"twitter_card":"summary_large_image","twitter_misc":{"Est. reading time":"1 minute"},"schema":{"@context":"https:\/\/schema.org","@graph":[{"@type":"WebPage","@id":"https:\/\/hobstop.ee\/lt\/produktas\/tekstiles-klijai-aleenes-stiffen-quik-fabric-stiffening-spray\/","url":"https:\/\/hobstop.ee\/lt\/produktas\/tekstiles-klijai-aleenes-stiffen-quik-fabric-stiffening-spray\/","name":"Tekstil\u0117s klijai Aleene's Stiffen-Quik Fabric Stiffening Spray &#8211; Skizze","isPartOf":{"@id":"https:\/\/hobstop.ee\/lt\/#website"},"primaryImageOfPage":{"@id":"https:\/\/hobstop.ee\/lt\/produktas\/tekstiles-klijai-aleenes-stiffen-quik-fabric-stiffening-spray\/#primaryimage"},"image":{"@id":"https:\/\/hobstop.ee\/lt\/produktas\/tekstiles-klijai-aleenes-stiffen-quik-fabric-stiffening-spray\/#primaryimage"},"thumbnailUrl":"https:\/\/hobstop.ee\/media\/4072.jpg","datePublished":"2015-11-06T08:38:52+00:00","dateModified":"2015-11-06T08:38:52+00:00","breadcrumb":{"@id":"https:\/\/hobstop.ee\/lt\/produktas\/tekstiles-klijai-aleenes-stiffen-quik-fabric-stiffening-spray\/#breadcrumb"},"inLanguage":"lt","potentialAction":[{"@type":"ReadAction","target":["https:\/\/hobstop.ee\/lt\/produktas\/tekstiles-klijai-aleenes-stiffen-quik-fabric-stiffening-spray\/"]}]},{"@type":"ImageObject","inLanguage":"lt","@id":"https:\/\/hobstop.ee\/lt\/produktas\/tekstiles-klijai-aleenes-stiffen-quik-fabric-stiffening-spray\/#primaryimage","url":"https:\/\/hobstop.ee\/media\/4072.jpg","contentUrl":"https:\/\/hobstop.ee\/media\/4072.jpg","width":1024,"height":768},{"@type":"BreadcrumbList","@id":"https:\/\/hobstop.ee\/lt\/produktas\/tekstiles-klijai-aleenes-stiffen-quik-fabric-stiffening-spray\/#breadcrumb","itemListElement":[{"@type":"ListItem","position":1,"name":"Avaleht","item":"https:\/\/hobstop.ee\/lt\/"},{"@type":"ListItem","position":2,"name":"Parduotuv\u0117","item":"https:\/\/hobstop.ee\/lt\/parduotuve\/"},{"@type":"ListItem","position":3,"name":"Tekstil\u0117s klijai Aleene&#8217;s Stiffen-Quik Fabric Stiffening Spray"}]},{"@type":"WebSite","@id":"https:\/\/hobstop.ee\/lt\/#website","url":"https:\/\/hobstop.ee\/lt\/","name":"Skizze","description":"Dail\u0117s, pom\u0117gi\u0173 ir mokykliniai reikm\u0117nys","publisher":{"@id":"https:\/\/hobstop.ee\/lt\/#organization"},"potentialAction":[{"@type":"SearchAction","target":{"@type":"EntryPoint","urlTemplate":"https:\/\/hobstop.ee\/lt\/?s={search_term_string}"},"query-input":{"@type":"PropertyValueSpecification","valueRequired":true,"valueName":"search_term_string"}}],"inLanguage":"lt"},{"@type":"Organization","@id":"https:\/\/hobstop.ee\/lt\/#organization","name":"Vunder AS","url":"https:\/\/hobstop.ee\/lt\/","logo":{"@type":"ImageObject","inLanguage":"lt","@id":"https:\/\/hobstop.ee\/lt\/#\/schema\/logo\/image\/","url":"https:\/\/hobstop.ee\/media\/vunder-logo.png","contentUrl":"https:\/\/hobstop.ee\/media\/vunder-logo.png","width":127,"height":55,"caption":"Vunder AS"},"image":{"@id":"https:\/\/hobstop.ee\/lt\/#\/schema\/logo\/image\/"},"sameAs":["http:\/\/www.facebook.com\/VunderSkizze"]}]}},"_links":{"self":[{"href":"https:\/\/hobstop.ee\/lt\/wp-json\/wp\/v2\/product\/236068","targetHints":{"allow":["GET"]}}],"collection":[{"href":"https:\/\/hobstop.ee\/lt\/wp-json\/wp\/v2\/product"}],"about":[{"href":"https:\/\/hobstop.ee\/lt\/wp-json\/wp\/v2\/types\/product"}],"replies":[{"embeddable":true,"href":"https:\/\/hobstop.ee\/lt\/wp-json\/wp\/v2\/comments?post=236068"}],"wp:featuredmedia":[{"embeddable":true,"href":"https:\/\/hobstop.ee\/lt\/wp-json\/wp\/v2\/media\/236248"}],"wp:attachment":[{"href":"https:\/\/hobstop.ee\/lt\/wp-json\/wp\/v2\/media?parent=236068"}],"wp:term":[{"taxonomy":"product_cat","embeddable":true,"href":"https:\/\/hobstop.ee\/lt\/wp-json\/wp\/v2\/product_cat?post=236068"},{"taxonomy":"product_tag","embeddable":true,"href":"https:\/\/hobstop.ee\/lt\/wp-json\/wp\/v2\/product_tag?post=236068"}],"curies":[{"name":"wp","href":"https:\/\/api.w.org\/{rel}","templated":true}]}}