{"id":23607,"date":"2014-12-09T12:52:19","date_gmt":"2014-12-09T10:52:19","guid":{"rendered":"https:\/\/sharks.ee\/vunder_2019.klient.veebimajutus.ee\/?post_type=product&#038;p=23607"},"modified":"2014-12-09T12:52:19","modified_gmt":"2014-12-09T10:52:19","slug":"teptukas-raphael-sepia-acryl-8740-bright","status":"publish","type":"product","link":"https:\/\/hobstop.ee\/lt\/produktas\/teptukas-raphael-sepia-acryl-8740-bright\/","title":{"rendered":"Teptukas Raphael Sepia Acryl 8740 bright"},"content":{"rendered":"<p>\u201eSepia Acryl\u201c teptuko sintetinis persipyn\u0119s pluo\u0161tas itin tinka tapybai akriliniais da\u017eais. Lenkta pluo\u0161to forma ir tikslumas u\u017etikrina tiksl\u0173 pot\u0117p\u012f ant drob\u0117s. Tikslus pot\u0117pis u\u017ene\u0161ant da\u017eus, ta\u010diau i\u0161saugomos akrilo ypatyb\u0117s. Ilgas sodrios bordo spalvos kotelis su auksin\u0117s spalvos antgaliu.<br \/>\nTapymo technika: akriliniai da\u017eai<br \/>\nNaudojimas: nedideli pavir\u0161iai, matomi pot\u0117piai teptuku<\/p>\n","protected":false},"excerpt":{"rendered":"<p>\u201eSepia Acryl\u201c teptuko sintetinis persipyn\u0119s pluo\u0161tas itin tinka tapybai akriliniais da\u017eais. Lenkta pluo\u0161to forma ir tikslumas u\u017etikrina tiksl\u0173 pot\u0117p\u012f ant drob\u0117s. Tikslus pot\u0117pis u\u017ene\u0161ant da\u017eus, ta\u010diau i\u0161saugomos akrilo ypatyb\u0117s. Ilgas sodrios bordo spalvos kotelis su auksin\u0117s spalvos antgaliu. Tapymo technika: akriliniai da\u017eai Naudojimas: nedideli pavir\u0161iai, matomi pot\u0117piai teptuku<\/p>\n","protected":false},"featured_media":124321,"comment_status":"closed","ping_status":"closed","template":"","meta":{"_acf_changed":false,"ep_exclude_from_search":false},"product_cat":[16124,15042,18651],"product_tag":[],"class_list":{"0":"post-23607","1":"product","2":"type-product","3":"status-publish","4":"has-post-thumbnail","6":"product_cat-dailes-prekes","7":"product_cat-sintetiniai-teptukai-2","8":"product_cat-teptukai-ir-irankiai-tapymui","10":"first","11":"instock","12":"sale","13":"taxable","14":"shipping-taxable","15":"purchasable","16":"product-type-variable"},"acf":[],"yoast_head":"<!-- This site is optimized with the Yoast SEO plugin v24.1 - https:\/\/yoast.com\/wordpress\/plugins\/seo\/ -->\n<title>Teptukas Raphael Sepia Acryl 8740 bright &#8211; Skizze<\/title>\n<meta name=\"robots\" content=\"noindex, follow, max-snippet:-1, max-image-preview:large, max-video-preview:-1\" \/>\n<meta property=\"og:locale\" content=\"lt_LT\" \/>\n<meta property=\"og:type\" content=\"article\" \/>\n<meta property=\"og:title\" content=\"Teptukas Raphael Sepia Acryl 8740 bright &#8211; Skizze\" \/>\n<meta property=\"og:description\" content=\"\u201eSepia Acryl\u201c teptuko sintetinis persipyn\u0119s pluo\u0161tas itin tinka tapybai akriliniais da\u017eais. Lenkta pluo\u0161to forma ir tikslumas u\u017etikrina tiksl\u0173 pot\u0117p\u012f ant drob\u0117s. Tikslus pot\u0117pis u\u017ene\u0161ant da\u017eus, ta\u010diau i\u0161saugomos akrilo ypatyb\u0117s. Ilgas sodrios bordo spalvos kotelis su auksin\u0117s spalvos antgaliu. Tapymo technika: akriliniai da\u017eai Naudojimas: nedideli pavir\u0161iai, matomi pot\u0117piai teptuku\" \/>\n<meta property=\"og:url\" content=\"https:\/\/hobstop.ee\/lt\/produktas\/teptukas-raphael-sepia-acryl-8740-bright\/\" \/>\n<meta property=\"og:site_name\" content=\"Skizze\" \/>\n<meta property=\"article:publisher\" content=\"http:\/\/www.facebook.com\/VunderSkizze\" \/>\n<meta property=\"og:image\" content=\"https:\/\/hobstop.ee\/media\/1441.jpg\" \/>\n\t<meta property=\"og:image:width\" content=\"1024\" \/>\n\t<meta property=\"og:image:height\" content=\"768\" \/>\n\t<meta property=\"og:image:type\" content=\"image\/jpeg\" \/>\n<meta name=\"twitter:card\" content=\"summary_large_image\" \/>\n<script type=\"application\/ld+json\" class=\"yoast-schema-graph\">{\"@context\":\"https:\/\/schema.org\",\"@graph\":[{\"@type\":\"WebPage\",\"@id\":\"https:\/\/hobstop.ee\/lt\/produktas\/teptukas-raphael-sepia-acryl-8740-bright\/\",\"url\":\"https:\/\/hobstop.ee\/lt\/produktas\/teptukas-raphael-sepia-acryl-8740-bright\/\",\"name\":\"Teptukas Raphael Sepia Acryl 8740 bright &#8211; Skizze\",\"isPartOf\":{\"@id\":\"https:\/\/hobstop.ee\/lt\/#website\"},\"primaryImageOfPage\":{\"@id\":\"https:\/\/hobstop.ee\/lt\/produktas\/teptukas-raphael-sepia-acryl-8740-bright\/#primaryimage\"},\"image\":{\"@id\":\"https:\/\/hobstop.ee\/lt\/produktas\/teptukas-raphael-sepia-acryl-8740-bright\/#primaryimage\"},\"thumbnailUrl\":\"https:\/\/hobstop.ee\/media\/1441.jpg\",\"datePublished\":\"2014-12-09T10:52:19+00:00\",\"dateModified\":\"2014-12-09T10:52:19+00:00\",\"breadcrumb\":{\"@id\":\"https:\/\/hobstop.ee\/lt\/produktas\/teptukas-raphael-sepia-acryl-8740-bright\/#breadcrumb\"},\"inLanguage\":\"lt\",\"potentialAction\":[{\"@type\":\"ReadAction\",\"target\":[\"https:\/\/hobstop.ee\/lt\/produktas\/teptukas-raphael-sepia-acryl-8740-bright\/\"]}]},{\"@type\":\"ImageObject\",\"inLanguage\":\"lt\",\"@id\":\"https:\/\/hobstop.ee\/lt\/produktas\/teptukas-raphael-sepia-acryl-8740-bright\/#primaryimage\",\"url\":\"https:\/\/hobstop.ee\/media\/1441.jpg\",\"contentUrl\":\"https:\/\/hobstop.ee\/media\/1441.jpg\",\"width\":1024,\"height\":768},{\"@type\":\"BreadcrumbList\",\"@id\":\"https:\/\/hobstop.ee\/lt\/produktas\/teptukas-raphael-sepia-acryl-8740-bright\/#breadcrumb\",\"itemListElement\":[{\"@type\":\"ListItem\",\"position\":1,\"name\":\"Avaleht\",\"item\":\"https:\/\/hobstop.ee\/lt\/\"},{\"@type\":\"ListItem\",\"position\":2,\"name\":\"Parduotuv\u0117\",\"item\":\"https:\/\/hobstop.ee\/lt\/parduotuve\/\"},{\"@type\":\"ListItem\",\"position\":3,\"name\":\"Teptukas Raphael Sepia Acryl 8740 bright\"}]},{\"@type\":\"WebSite\",\"@id\":\"https:\/\/hobstop.ee\/lt\/#website\",\"url\":\"https:\/\/hobstop.ee\/lt\/\",\"name\":\"Skizze\",\"description\":\"Dail\u0117s, pom\u0117gi\u0173 ir mokykliniai reikm\u0117nys\",\"publisher\":{\"@id\":\"https:\/\/hobstop.ee\/lt\/#organization\"},\"potentialAction\":[{\"@type\":\"SearchAction\",\"target\":{\"@type\":\"EntryPoint\",\"urlTemplate\":\"https:\/\/hobstop.ee\/lt\/?s={search_term_string}\"},\"query-input\":{\"@type\":\"PropertyValueSpecification\",\"valueRequired\":true,\"valueName\":\"search_term_string\"}}],\"inLanguage\":\"lt\"},{\"@type\":\"Organization\",\"@id\":\"https:\/\/hobstop.ee\/lt\/#organization\",\"name\":\"Vunder AS\",\"url\":\"https:\/\/hobstop.ee\/lt\/\",\"logo\":{\"@type\":\"ImageObject\",\"inLanguage\":\"lt\",\"@id\":\"https:\/\/hobstop.ee\/lt\/#\/schema\/logo\/image\/\",\"url\":\"https:\/\/hobstop.ee\/media\/vunder-logo.png\",\"contentUrl\":\"https:\/\/hobstop.ee\/media\/vunder-logo.png\",\"width\":127,\"height\":55,\"caption\":\"Vunder AS\"},\"image\":{\"@id\":\"https:\/\/hobstop.ee\/lt\/#\/schema\/logo\/image\/\"},\"sameAs\":[\"http:\/\/www.facebook.com\/VunderSkizze\"]}]}<\/script>\n<!-- \/ Yoast SEO plugin. -->","yoast_head_json":{"title":"Teptukas Raphael Sepia Acryl 8740 bright &#8211; Skizze","robots":{"index":"noindex","follow":"follow","max-snippet":"max-snippet:-1","max-image-preview":"max-image-preview:large","max-video-preview":"max-video-preview:-1"},"og_locale":"lt_LT","og_type":"article","og_title":"Teptukas Raphael Sepia Acryl 8740 bright &#8211; Skizze","og_description":"\u201eSepia Acryl\u201c teptuko sintetinis persipyn\u0119s pluo\u0161tas itin tinka tapybai akriliniais da\u017eais. Lenkta pluo\u0161to forma ir tikslumas u\u017etikrina tiksl\u0173 pot\u0117p\u012f ant drob\u0117s. Tikslus pot\u0117pis u\u017ene\u0161ant da\u017eus, ta\u010diau i\u0161saugomos akrilo ypatyb\u0117s. Ilgas sodrios bordo spalvos kotelis su auksin\u0117s spalvos antgaliu. Tapymo technika: akriliniai da\u017eai Naudojimas: nedideli pavir\u0161iai, matomi pot\u0117piai teptuku","og_url":"https:\/\/hobstop.ee\/lt\/produktas\/teptukas-raphael-sepia-acryl-8740-bright\/","og_site_name":"Skizze","article_publisher":"http:\/\/www.facebook.com\/VunderSkizze","og_image":[{"width":1024,"height":768,"url":"https:\/\/hobstop.ee\/media\/1441.jpg","type":"image\/jpeg"}],"twitter_card":"summary_large_image","schema":{"@context":"https:\/\/schema.org","@graph":[{"@type":"WebPage","@id":"https:\/\/hobstop.ee\/lt\/produktas\/teptukas-raphael-sepia-acryl-8740-bright\/","url":"https:\/\/hobstop.ee\/lt\/produktas\/teptukas-raphael-sepia-acryl-8740-bright\/","name":"Teptukas Raphael Sepia Acryl 8740 bright &#8211; Skizze","isPartOf":{"@id":"https:\/\/hobstop.ee\/lt\/#website"},"primaryImageOfPage":{"@id":"https:\/\/hobstop.ee\/lt\/produktas\/teptukas-raphael-sepia-acryl-8740-bright\/#primaryimage"},"image":{"@id":"https:\/\/hobstop.ee\/lt\/produktas\/teptukas-raphael-sepia-acryl-8740-bright\/#primaryimage"},"thumbnailUrl":"https:\/\/hobstop.ee\/media\/1441.jpg","datePublished":"2014-12-09T10:52:19+00:00","dateModified":"2014-12-09T10:52:19+00:00","breadcrumb":{"@id":"https:\/\/hobstop.ee\/lt\/produktas\/teptukas-raphael-sepia-acryl-8740-bright\/#breadcrumb"},"inLanguage":"lt","potentialAction":[{"@type":"ReadAction","target":["https:\/\/hobstop.ee\/lt\/produktas\/teptukas-raphael-sepia-acryl-8740-bright\/"]}]},{"@type":"ImageObject","inLanguage":"lt","@id":"https:\/\/hobstop.ee\/lt\/produktas\/teptukas-raphael-sepia-acryl-8740-bright\/#primaryimage","url":"https:\/\/hobstop.ee\/media\/1441.jpg","contentUrl":"https:\/\/hobstop.ee\/media\/1441.jpg","width":1024,"height":768},{"@type":"BreadcrumbList","@id":"https:\/\/hobstop.ee\/lt\/produktas\/teptukas-raphael-sepia-acryl-8740-bright\/#breadcrumb","itemListElement":[{"@type":"ListItem","position":1,"name":"Avaleht","item":"https:\/\/hobstop.ee\/lt\/"},{"@type":"ListItem","position":2,"name":"Parduotuv\u0117","item":"https:\/\/hobstop.ee\/lt\/parduotuve\/"},{"@type":"ListItem","position":3,"name":"Teptukas Raphael Sepia Acryl 8740 bright"}]},{"@type":"WebSite","@id":"https:\/\/hobstop.ee\/lt\/#website","url":"https:\/\/hobstop.ee\/lt\/","name":"Skizze","description":"Dail\u0117s, pom\u0117gi\u0173 ir mokykliniai reikm\u0117nys","publisher":{"@id":"https:\/\/hobstop.ee\/lt\/#organization"},"potentialAction":[{"@type":"SearchAction","target":{"@type":"EntryPoint","urlTemplate":"https:\/\/hobstop.ee\/lt\/?s={search_term_string}"},"query-input":{"@type":"PropertyValueSpecification","valueRequired":true,"valueName":"search_term_string"}}],"inLanguage":"lt"},{"@type":"Organization","@id":"https:\/\/hobstop.ee\/lt\/#organization","name":"Vunder AS","url":"https:\/\/hobstop.ee\/lt\/","logo":{"@type":"ImageObject","inLanguage":"lt","@id":"https:\/\/hobstop.ee\/lt\/#\/schema\/logo\/image\/","url":"https:\/\/hobstop.ee\/media\/vunder-logo.png","contentUrl":"https:\/\/hobstop.ee\/media\/vunder-logo.png","width":127,"height":55,"caption":"Vunder AS"},"image":{"@id":"https:\/\/hobstop.ee\/lt\/#\/schema\/logo\/image\/"},"sameAs":["http:\/\/www.facebook.com\/VunderSkizze"]}]}},"_links":{"self":[{"href":"https:\/\/hobstop.ee\/lt\/wp-json\/wp\/v2\/product\/23607","targetHints":{"allow":["GET"]}}],"collection":[{"href":"https:\/\/hobstop.ee\/lt\/wp-json\/wp\/v2\/product"}],"about":[{"href":"https:\/\/hobstop.ee\/lt\/wp-json\/wp\/v2\/types\/product"}],"replies":[{"embeddable":true,"href":"https:\/\/hobstop.ee\/lt\/wp-json\/wp\/v2\/comments?post=23607"}],"wp:featuredmedia":[{"embeddable":true,"href":"https:\/\/hobstop.ee\/lt\/wp-json\/wp\/v2\/media\/124321"}],"wp:attachment":[{"href":"https:\/\/hobstop.ee\/lt\/wp-json\/wp\/v2\/media?parent=23607"}],"wp:term":[{"taxonomy":"product_cat","embeddable":true,"href":"https:\/\/hobstop.ee\/lt\/wp-json\/wp\/v2\/product_cat?post=23607"},{"taxonomy":"product_tag","embeddable":true,"href":"https:\/\/hobstop.ee\/lt\/wp-json\/wp\/v2\/product_tag?post=23607"}],"curies":[{"name":"wp","href":"https:\/\/api.w.org\/{rel}","templated":true}]}}