{"id":236080,"date":"2015-11-06T10:38:58","date_gmt":"2015-11-06T08:38:58","guid":{"rendered":"https:\/\/sharks.ee\/vunder_2019\/lt\/product\/specialus-klijai-aleenes-foamtastic\/"},"modified":"2015-11-06T10:38:58","modified_gmt":"2015-11-06T08:38:58","slug":"specialus-klijai-aleenes-foamtastic","status":"publish","type":"product","link":"https:\/\/hobstop.ee\/lt\/produktas\/specialus-klijai-aleenes-foamtastic\/","title":{"rendered":"Special\u016bs klijai Aleene&#8217;s Foamtastic"},"content":{"rendered":"<p>Klijai \u201eAleene\u2019s Foamtastic\u201c yra skirti beveik vis\u0173 r\u016b\u0161i\u0173 akytoms med\u017eiagoms klijuoti. \u0160iuos klijus galima naudoti vis\u0173 r\u016b\u0161i\u0173 papuo\u0161imams klijuoti ant akyt\u0173 med\u017eiag\u0173, klijuoja i\u0161 karto, ta\u010diau prireikus galima klijuojam\u0105 objekt\u0105 pataisyti. Tinka klijuoti rankdarbiams skirtas akytas med\u017eiagas, dirbtinius brangakmenius, karoliukus, sagas, papuo\u0161imus, s\u0117klas, nat\u016bralias med\u017eiagas ir g\u0117les.<\/p>\n","protected":false},"excerpt":{"rendered":"<p>Klijai \u201eAleene\u2019s Foamtastic\u201c yra skirti beveik vis\u0173 r\u016b\u0161i\u0173 akytoms med\u017eiagoms klijuoti. \u0160iuos klijus galima naudoti vis\u0173 r\u016b\u0161i\u0173 papuo\u0161imams klijuoti ant akyt\u0173 med\u017eiag\u0173, klijuoja i\u0161 karto, ta\u010diau prireikus galima klijuojam\u0105 objekt\u0105 pataisyti. Tinka klijuoti rankdarbiams skirtas akytas med\u017eiagas, dirbtinius brangakmenius, karoliukus, sagas, papuo\u0161imus, s\u0117klas, nat\u016bralias med\u017eiagas ir g\u0117les.<\/p>\n","protected":false},"featured_media":236256,"comment_status":"closed","ping_status":"closed","template":"","meta":{"_acf_changed":false,"ep_exclude_from_search":false},"product_cat":[19847,17919,19856],"product_tag":[],"class_list":{"0":"post-236080","1":"product","2":"type-product","3":"status-publish","4":"has-post-thumbnail","6":"product_cat-klijai-ir-lakai","7":"product_cat-pomegiu-prekes","8":"product_cat-specialus-klijai","10":"first","11":"instock","12":"taxable","13":"shipping-taxable","14":"purchasable","15":"product-type-simple"},"acf":[],"yoast_head":"<!-- This site is optimized with the Yoast SEO plugin v24.1 - https:\/\/yoast.com\/wordpress\/plugins\/seo\/ -->\n<title>Special\u016bs klijai Aleene&#039;s Foamtastic &#8211; Skizze<\/title>\n<meta name=\"robots\" content=\"noindex, follow, max-snippet:-1, max-image-preview:large, max-video-preview:-1\" \/>\n<meta property=\"og:locale\" content=\"lt_LT\" \/>\n<meta property=\"og:type\" content=\"article\" \/>\n<meta property=\"og:title\" content=\"Special\u016bs klijai Aleene&#039;s Foamtastic &#8211; Skizze\" \/>\n<meta property=\"og:description\" content=\"Klijai \u201eAleene\u2019s Foamtastic\u201c yra skirti beveik vis\u0173 r\u016b\u0161i\u0173 akytoms med\u017eiagoms klijuoti. \u0160iuos klijus galima naudoti vis\u0173 r\u016b\u0161i\u0173 papuo\u0161imams klijuoti ant akyt\u0173 med\u017eiag\u0173, klijuoja i\u0161 karto, ta\u010diau prireikus galima klijuojam\u0105 objekt\u0105 pataisyti. Tinka klijuoti rankdarbiams skirtas akytas med\u017eiagas, dirbtinius brangakmenius, karoliukus, sagas, papuo\u0161imus, s\u0117klas, nat\u016bralias med\u017eiagas ir g\u0117les.\" \/>\n<meta property=\"og:url\" content=\"https:\/\/hobstop.ee\/lt\/produktas\/specialus-klijai-aleenes-foamtastic\/\" \/>\n<meta property=\"og:site_name\" content=\"Skizze\" \/>\n<meta property=\"article:publisher\" content=\"http:\/\/www.facebook.com\/VunderSkizze\" \/>\n<meta property=\"og:image\" content=\"https:\/\/hobstop.ee\/media\/4075.jpg\" \/>\n\t<meta property=\"og:image:width\" content=\"1024\" \/>\n\t<meta property=\"og:image:height\" content=\"768\" \/>\n\t<meta property=\"og:image:type\" content=\"image\/jpeg\" \/>\n<meta name=\"twitter:card\" content=\"summary_large_image\" \/>\n<script type=\"application\/ld+json\" class=\"yoast-schema-graph\">{\"@context\":\"https:\/\/schema.org\",\"@graph\":[{\"@type\":\"WebPage\",\"@id\":\"https:\/\/hobstop.ee\/lt\/produktas\/specialus-klijai-aleenes-foamtastic\/\",\"url\":\"https:\/\/hobstop.ee\/lt\/produktas\/specialus-klijai-aleenes-foamtastic\/\",\"name\":\"Special\u016bs klijai Aleene's Foamtastic &#8211; Skizze\",\"isPartOf\":{\"@id\":\"https:\/\/hobstop.ee\/lt\/#website\"},\"primaryImageOfPage\":{\"@id\":\"https:\/\/hobstop.ee\/lt\/produktas\/specialus-klijai-aleenes-foamtastic\/#primaryimage\"},\"image\":{\"@id\":\"https:\/\/hobstop.ee\/lt\/produktas\/specialus-klijai-aleenes-foamtastic\/#primaryimage\"},\"thumbnailUrl\":\"https:\/\/hobstop.ee\/media\/4075.jpg\",\"datePublished\":\"2015-11-06T08:38:58+00:00\",\"dateModified\":\"2015-11-06T08:38:58+00:00\",\"breadcrumb\":{\"@id\":\"https:\/\/hobstop.ee\/lt\/produktas\/specialus-klijai-aleenes-foamtastic\/#breadcrumb\"},\"inLanguage\":\"lt\",\"potentialAction\":[{\"@type\":\"ReadAction\",\"target\":[\"https:\/\/hobstop.ee\/lt\/produktas\/specialus-klijai-aleenes-foamtastic\/\"]}]},{\"@type\":\"ImageObject\",\"inLanguage\":\"lt\",\"@id\":\"https:\/\/hobstop.ee\/lt\/produktas\/specialus-klijai-aleenes-foamtastic\/#primaryimage\",\"url\":\"https:\/\/hobstop.ee\/media\/4075.jpg\",\"contentUrl\":\"https:\/\/hobstop.ee\/media\/4075.jpg\",\"width\":1024,\"height\":768},{\"@type\":\"BreadcrumbList\",\"@id\":\"https:\/\/hobstop.ee\/lt\/produktas\/specialus-klijai-aleenes-foamtastic\/#breadcrumb\",\"itemListElement\":[{\"@type\":\"ListItem\",\"position\":1,\"name\":\"Avaleht\",\"item\":\"https:\/\/hobstop.ee\/lt\/\"},{\"@type\":\"ListItem\",\"position\":2,\"name\":\"Parduotuv\u0117\",\"item\":\"https:\/\/hobstop.ee\/lt\/parduotuve\/\"},{\"@type\":\"ListItem\",\"position\":3,\"name\":\"Special\u016bs klijai Aleene&#8217;s Foamtastic\"}]},{\"@type\":\"WebSite\",\"@id\":\"https:\/\/hobstop.ee\/lt\/#website\",\"url\":\"https:\/\/hobstop.ee\/lt\/\",\"name\":\"Skizze\",\"description\":\"Dail\u0117s, pom\u0117gi\u0173 ir mokykliniai reikm\u0117nys\",\"publisher\":{\"@id\":\"https:\/\/hobstop.ee\/lt\/#organization\"},\"potentialAction\":[{\"@type\":\"SearchAction\",\"target\":{\"@type\":\"EntryPoint\",\"urlTemplate\":\"https:\/\/hobstop.ee\/lt\/?s={search_term_string}\"},\"query-input\":{\"@type\":\"PropertyValueSpecification\",\"valueRequired\":true,\"valueName\":\"search_term_string\"}}],\"inLanguage\":\"lt\"},{\"@type\":\"Organization\",\"@id\":\"https:\/\/hobstop.ee\/lt\/#organization\",\"name\":\"Vunder AS\",\"url\":\"https:\/\/hobstop.ee\/lt\/\",\"logo\":{\"@type\":\"ImageObject\",\"inLanguage\":\"lt\",\"@id\":\"https:\/\/hobstop.ee\/lt\/#\/schema\/logo\/image\/\",\"url\":\"https:\/\/hobstop.ee\/media\/vunder-logo.png\",\"contentUrl\":\"https:\/\/hobstop.ee\/media\/vunder-logo.png\",\"width\":127,\"height\":55,\"caption\":\"Vunder AS\"},\"image\":{\"@id\":\"https:\/\/hobstop.ee\/lt\/#\/schema\/logo\/image\/\"},\"sameAs\":[\"http:\/\/www.facebook.com\/VunderSkizze\"]}]}<\/script>\n<!-- \/ Yoast SEO plugin. -->","yoast_head_json":{"title":"Special\u016bs klijai Aleene's Foamtastic &#8211; Skizze","robots":{"index":"noindex","follow":"follow","max-snippet":"max-snippet:-1","max-image-preview":"max-image-preview:large","max-video-preview":"max-video-preview:-1"},"og_locale":"lt_LT","og_type":"article","og_title":"Special\u016bs klijai Aleene's Foamtastic &#8211; Skizze","og_description":"Klijai \u201eAleene\u2019s Foamtastic\u201c yra skirti beveik vis\u0173 r\u016b\u0161i\u0173 akytoms med\u017eiagoms klijuoti. \u0160iuos klijus galima naudoti vis\u0173 r\u016b\u0161i\u0173 papuo\u0161imams klijuoti ant akyt\u0173 med\u017eiag\u0173, klijuoja i\u0161 karto, ta\u010diau prireikus galima klijuojam\u0105 objekt\u0105 pataisyti. Tinka klijuoti rankdarbiams skirtas akytas med\u017eiagas, dirbtinius brangakmenius, karoliukus, sagas, papuo\u0161imus, s\u0117klas, nat\u016bralias med\u017eiagas ir g\u0117les.","og_url":"https:\/\/hobstop.ee\/lt\/produktas\/specialus-klijai-aleenes-foamtastic\/","og_site_name":"Skizze","article_publisher":"http:\/\/www.facebook.com\/VunderSkizze","og_image":[{"width":1024,"height":768,"url":"https:\/\/hobstop.ee\/media\/4075.jpg","type":"image\/jpeg"}],"twitter_card":"summary_large_image","schema":{"@context":"https:\/\/schema.org","@graph":[{"@type":"WebPage","@id":"https:\/\/hobstop.ee\/lt\/produktas\/specialus-klijai-aleenes-foamtastic\/","url":"https:\/\/hobstop.ee\/lt\/produktas\/specialus-klijai-aleenes-foamtastic\/","name":"Special\u016bs klijai Aleene's Foamtastic &#8211; Skizze","isPartOf":{"@id":"https:\/\/hobstop.ee\/lt\/#website"},"primaryImageOfPage":{"@id":"https:\/\/hobstop.ee\/lt\/produktas\/specialus-klijai-aleenes-foamtastic\/#primaryimage"},"image":{"@id":"https:\/\/hobstop.ee\/lt\/produktas\/specialus-klijai-aleenes-foamtastic\/#primaryimage"},"thumbnailUrl":"https:\/\/hobstop.ee\/media\/4075.jpg","datePublished":"2015-11-06T08:38:58+00:00","dateModified":"2015-11-06T08:38:58+00:00","breadcrumb":{"@id":"https:\/\/hobstop.ee\/lt\/produktas\/specialus-klijai-aleenes-foamtastic\/#breadcrumb"},"inLanguage":"lt","potentialAction":[{"@type":"ReadAction","target":["https:\/\/hobstop.ee\/lt\/produktas\/specialus-klijai-aleenes-foamtastic\/"]}]},{"@type":"ImageObject","inLanguage":"lt","@id":"https:\/\/hobstop.ee\/lt\/produktas\/specialus-klijai-aleenes-foamtastic\/#primaryimage","url":"https:\/\/hobstop.ee\/media\/4075.jpg","contentUrl":"https:\/\/hobstop.ee\/media\/4075.jpg","width":1024,"height":768},{"@type":"BreadcrumbList","@id":"https:\/\/hobstop.ee\/lt\/produktas\/specialus-klijai-aleenes-foamtastic\/#breadcrumb","itemListElement":[{"@type":"ListItem","position":1,"name":"Avaleht","item":"https:\/\/hobstop.ee\/lt\/"},{"@type":"ListItem","position":2,"name":"Parduotuv\u0117","item":"https:\/\/hobstop.ee\/lt\/parduotuve\/"},{"@type":"ListItem","position":3,"name":"Special\u016bs klijai Aleene&#8217;s Foamtastic"}]},{"@type":"WebSite","@id":"https:\/\/hobstop.ee\/lt\/#website","url":"https:\/\/hobstop.ee\/lt\/","name":"Skizze","description":"Dail\u0117s, pom\u0117gi\u0173 ir mokykliniai reikm\u0117nys","publisher":{"@id":"https:\/\/hobstop.ee\/lt\/#organization"},"potentialAction":[{"@type":"SearchAction","target":{"@type":"EntryPoint","urlTemplate":"https:\/\/hobstop.ee\/lt\/?s={search_term_string}"},"query-input":{"@type":"PropertyValueSpecification","valueRequired":true,"valueName":"search_term_string"}}],"inLanguage":"lt"},{"@type":"Organization","@id":"https:\/\/hobstop.ee\/lt\/#organization","name":"Vunder AS","url":"https:\/\/hobstop.ee\/lt\/","logo":{"@type":"ImageObject","inLanguage":"lt","@id":"https:\/\/hobstop.ee\/lt\/#\/schema\/logo\/image\/","url":"https:\/\/hobstop.ee\/media\/vunder-logo.png","contentUrl":"https:\/\/hobstop.ee\/media\/vunder-logo.png","width":127,"height":55,"caption":"Vunder AS"},"image":{"@id":"https:\/\/hobstop.ee\/lt\/#\/schema\/logo\/image\/"},"sameAs":["http:\/\/www.facebook.com\/VunderSkizze"]}]}},"_links":{"self":[{"href":"https:\/\/hobstop.ee\/lt\/wp-json\/wp\/v2\/product\/236080","targetHints":{"allow":["GET"]}}],"collection":[{"href":"https:\/\/hobstop.ee\/lt\/wp-json\/wp\/v2\/product"}],"about":[{"href":"https:\/\/hobstop.ee\/lt\/wp-json\/wp\/v2\/types\/product"}],"replies":[{"embeddable":true,"href":"https:\/\/hobstop.ee\/lt\/wp-json\/wp\/v2\/comments?post=236080"}],"wp:featuredmedia":[{"embeddable":true,"href":"https:\/\/hobstop.ee\/lt\/wp-json\/wp\/v2\/media\/236256"}],"wp:attachment":[{"href":"https:\/\/hobstop.ee\/lt\/wp-json\/wp\/v2\/media?parent=236080"}],"wp:term":[{"taxonomy":"product_cat","embeddable":true,"href":"https:\/\/hobstop.ee\/lt\/wp-json\/wp\/v2\/product_cat?post=236080"},{"taxonomy":"product_tag","embeddable":true,"href":"https:\/\/hobstop.ee\/lt\/wp-json\/wp\/v2\/product_tag?post=236080"}],"curies":[{"name":"wp","href":"https:\/\/api.w.org\/{rel}","templated":true}]}}