{"id":236084,"date":"2015-11-06T10:39:00","date_gmt":"2015-11-06T08:39:00","guid":{"rendered":"https:\/\/sharks.ee\/vunder_2019\/lt\/product\/pramoniniai-klijai-aleenes-platinum-bond-super-fabric\/"},"modified":"2015-11-06T10:39:00","modified_gmt":"2015-11-06T08:39:00","slug":"pramoniniai-klijai-aleenes-platinum-bond-super-fabric","status":"publish","type":"product","link":"https:\/\/hobstop.ee\/lt\/produktas\/pramoniniai-klijai-aleenes-platinum-bond-super-fabric\/","title":{"rendered":"Pramoniniai klijai Aleene&#8217;s Platinum Bond Super Fabric"},"content":{"rendered":"<p>Tekstil\u0117s klijai \u201eAleene\u2019s Platinum Bond Super Fabric Textile Adhesive\u201c atitinka pramoniniams klijams taikomus standartus ir tvirtai prie tekstil\u0117s priklijuoja papuo\u0161imus. Dekoruotus daiktus galima skalbti skalbimo ma\u0161inoje ir d\u017eiovinti d\u017eiovykl\u0117je, i\u0161d\u017eiuv\u0119 klijai yra skaidr\u016bs ir i\u0161lieka lankst\u016bs. Skirti veltiniui, odai, d\u017einsiniam audiniui, drobei, satinui, netikriems brangakmeniams, sagoms, karoliukams, kaspinams, n\u0117riniams klijuoti.<\/p>\n","protected":false},"excerpt":{"rendered":"<p>Tekstil\u0117s klijai \u201eAleene\u2019s Platinum Bond Super Fabric Textile Adhesive\u201c atitinka pramoniniams klijams taikomus standartus ir tvirtai prie tekstil\u0117s priklijuoja papuo\u0161imus. Dekoruotus daiktus galima skalbti skalbimo ma\u0161inoje ir d\u017eiovinti d\u017eiovykl\u0117je, i\u0161d\u017eiuv\u0119 klijai yra skaidr\u016bs ir i\u0161lieka lankst\u016bs. Skirti veltiniui, odai, d\u017einsiniam audiniui, drobei, satinui, netikriems brangakmeniams, sagoms, karoliukams, kaspinams, n\u0117riniams klijuoti.<\/p>\n","protected":false},"featured_media":236260,"comment_status":"closed","ping_status":"closed","template":"","meta":{"_acf_changed":false,"ep_exclude_from_search":false},"product_cat":[17919,19859,19847],"product_tag":[],"class_list":{"0":"post-236084","1":"product","2":"type-product","3":"status-publish","4":"has-post-thumbnail","6":"product_cat-pomegiu-prekes","7":"product_cat-pramoniniai-klijai","8":"product_cat-rankdarbiu-klijai","10":"first","11":"instock","12":"taxable","13":"shipping-taxable","14":"purchasable","15":"product-type-simple"},"acf":[],"yoast_head":"<!-- This site is optimized with the Yoast SEO plugin v24.1 - https:\/\/yoast.com\/wordpress\/plugins\/seo\/ -->\n<title>Pramoniniai klijai Aleene&#039;s Platinum Bond Super Fabric &#8211; Skizze<\/title>\n<meta name=\"robots\" content=\"noindex, follow, max-snippet:-1, max-image-preview:large, max-video-preview:-1\" \/>\n<meta property=\"og:locale\" content=\"lt_LT\" \/>\n<meta property=\"og:type\" content=\"article\" \/>\n<meta property=\"og:title\" content=\"Pramoniniai klijai Aleene&#039;s Platinum Bond Super Fabric &#8211; Skizze\" \/>\n<meta property=\"og:description\" content=\"Tekstil\u0117s klijai \u201eAleene\u2019s Platinum Bond Super Fabric Textile Adhesive\u201c atitinka pramoniniams klijams taikomus standartus ir tvirtai prie tekstil\u0117s priklijuoja papuo\u0161imus. Dekoruotus daiktus galima skalbti skalbimo ma\u0161inoje ir d\u017eiovinti d\u017eiovykl\u0117je, i\u0161d\u017eiuv\u0119 klijai yra skaidr\u016bs ir i\u0161lieka lankst\u016bs. Skirti veltiniui, odai, d\u017einsiniam audiniui, drobei, satinui, netikriems brangakmeniams, sagoms, karoliukams, kaspinams, n\u0117riniams klijuoti.\" \/>\n<meta property=\"og:url\" content=\"https:\/\/hobstop.ee\/lt\/produktas\/pramoniniai-klijai-aleenes-platinum-bond-super-fabric\/\" \/>\n<meta property=\"og:site_name\" content=\"Skizze\" \/>\n<meta property=\"article:publisher\" content=\"http:\/\/www.facebook.com\/VunderSkizze\" \/>\n<meta property=\"og:image\" content=\"https:\/\/hobstop.ee\/media\/4076.jpg\" \/>\n\t<meta property=\"og:image:width\" content=\"1024\" \/>\n\t<meta property=\"og:image:height\" content=\"768\" \/>\n\t<meta property=\"og:image:type\" content=\"image\/jpeg\" \/>\n<meta name=\"twitter:card\" content=\"summary_large_image\" \/>\n<script type=\"application\/ld+json\" class=\"yoast-schema-graph\">{\"@context\":\"https:\/\/schema.org\",\"@graph\":[{\"@type\":\"WebPage\",\"@id\":\"https:\/\/hobstop.ee\/lt\/produktas\/pramoniniai-klijai-aleenes-platinum-bond-super-fabric\/\",\"url\":\"https:\/\/hobstop.ee\/lt\/produktas\/pramoniniai-klijai-aleenes-platinum-bond-super-fabric\/\",\"name\":\"Pramoniniai klijai Aleene's Platinum Bond Super Fabric &#8211; Skizze\",\"isPartOf\":{\"@id\":\"https:\/\/hobstop.ee\/lt\/#website\"},\"primaryImageOfPage\":{\"@id\":\"https:\/\/hobstop.ee\/lt\/produktas\/pramoniniai-klijai-aleenes-platinum-bond-super-fabric\/#primaryimage\"},\"image\":{\"@id\":\"https:\/\/hobstop.ee\/lt\/produktas\/pramoniniai-klijai-aleenes-platinum-bond-super-fabric\/#primaryimage\"},\"thumbnailUrl\":\"https:\/\/hobstop.ee\/media\/4076.jpg\",\"datePublished\":\"2015-11-06T08:39:00+00:00\",\"dateModified\":\"2015-11-06T08:39:00+00:00\",\"breadcrumb\":{\"@id\":\"https:\/\/hobstop.ee\/lt\/produktas\/pramoniniai-klijai-aleenes-platinum-bond-super-fabric\/#breadcrumb\"},\"inLanguage\":\"lt\",\"potentialAction\":[{\"@type\":\"ReadAction\",\"target\":[\"https:\/\/hobstop.ee\/lt\/produktas\/pramoniniai-klijai-aleenes-platinum-bond-super-fabric\/\"]}]},{\"@type\":\"ImageObject\",\"inLanguage\":\"lt\",\"@id\":\"https:\/\/hobstop.ee\/lt\/produktas\/pramoniniai-klijai-aleenes-platinum-bond-super-fabric\/#primaryimage\",\"url\":\"https:\/\/hobstop.ee\/media\/4076.jpg\",\"contentUrl\":\"https:\/\/hobstop.ee\/media\/4076.jpg\",\"width\":1024,\"height\":768},{\"@type\":\"BreadcrumbList\",\"@id\":\"https:\/\/hobstop.ee\/lt\/produktas\/pramoniniai-klijai-aleenes-platinum-bond-super-fabric\/#breadcrumb\",\"itemListElement\":[{\"@type\":\"ListItem\",\"position\":1,\"name\":\"Avaleht\",\"item\":\"https:\/\/hobstop.ee\/lt\/\"},{\"@type\":\"ListItem\",\"position\":2,\"name\":\"Parduotuv\u0117\",\"item\":\"https:\/\/hobstop.ee\/lt\/parduotuve\/\"},{\"@type\":\"ListItem\",\"position\":3,\"name\":\"Pramoniniai klijai Aleene&#8217;s Platinum Bond Super Fabric\"}]},{\"@type\":\"WebSite\",\"@id\":\"https:\/\/hobstop.ee\/lt\/#website\",\"url\":\"https:\/\/hobstop.ee\/lt\/\",\"name\":\"Skizze\",\"description\":\"Dail\u0117s, pom\u0117gi\u0173 ir mokykliniai reikm\u0117nys\",\"publisher\":{\"@id\":\"https:\/\/hobstop.ee\/lt\/#organization\"},\"potentialAction\":[{\"@type\":\"SearchAction\",\"target\":{\"@type\":\"EntryPoint\",\"urlTemplate\":\"https:\/\/hobstop.ee\/lt\/?s={search_term_string}\"},\"query-input\":{\"@type\":\"PropertyValueSpecification\",\"valueRequired\":true,\"valueName\":\"search_term_string\"}}],\"inLanguage\":\"lt\"},{\"@type\":\"Organization\",\"@id\":\"https:\/\/hobstop.ee\/lt\/#organization\",\"name\":\"Vunder AS\",\"url\":\"https:\/\/hobstop.ee\/lt\/\",\"logo\":{\"@type\":\"ImageObject\",\"inLanguage\":\"lt\",\"@id\":\"https:\/\/hobstop.ee\/lt\/#\/schema\/logo\/image\/\",\"url\":\"https:\/\/hobstop.ee\/media\/vunder-logo.png\",\"contentUrl\":\"https:\/\/hobstop.ee\/media\/vunder-logo.png\",\"width\":127,\"height\":55,\"caption\":\"Vunder AS\"},\"image\":{\"@id\":\"https:\/\/hobstop.ee\/lt\/#\/schema\/logo\/image\/\"},\"sameAs\":[\"http:\/\/www.facebook.com\/VunderSkizze\"]}]}<\/script>\n<!-- \/ Yoast SEO plugin. -->","yoast_head_json":{"title":"Pramoniniai klijai Aleene's Platinum Bond Super Fabric &#8211; Skizze","robots":{"index":"noindex","follow":"follow","max-snippet":"max-snippet:-1","max-image-preview":"max-image-preview:large","max-video-preview":"max-video-preview:-1"},"og_locale":"lt_LT","og_type":"article","og_title":"Pramoniniai klijai Aleene's Platinum Bond Super Fabric &#8211; Skizze","og_description":"Tekstil\u0117s klijai \u201eAleene\u2019s Platinum Bond Super Fabric Textile Adhesive\u201c atitinka pramoniniams klijams taikomus standartus ir tvirtai prie tekstil\u0117s priklijuoja papuo\u0161imus. Dekoruotus daiktus galima skalbti skalbimo ma\u0161inoje ir d\u017eiovinti d\u017eiovykl\u0117je, i\u0161d\u017eiuv\u0119 klijai yra skaidr\u016bs ir i\u0161lieka lankst\u016bs. Skirti veltiniui, odai, d\u017einsiniam audiniui, drobei, satinui, netikriems brangakmeniams, sagoms, karoliukams, kaspinams, n\u0117riniams klijuoti.","og_url":"https:\/\/hobstop.ee\/lt\/produktas\/pramoniniai-klijai-aleenes-platinum-bond-super-fabric\/","og_site_name":"Skizze","article_publisher":"http:\/\/www.facebook.com\/VunderSkizze","og_image":[{"width":1024,"height":768,"url":"https:\/\/hobstop.ee\/media\/4076.jpg","type":"image\/jpeg"}],"twitter_card":"summary_large_image","schema":{"@context":"https:\/\/schema.org","@graph":[{"@type":"WebPage","@id":"https:\/\/hobstop.ee\/lt\/produktas\/pramoniniai-klijai-aleenes-platinum-bond-super-fabric\/","url":"https:\/\/hobstop.ee\/lt\/produktas\/pramoniniai-klijai-aleenes-platinum-bond-super-fabric\/","name":"Pramoniniai klijai Aleene's Platinum Bond Super Fabric &#8211; Skizze","isPartOf":{"@id":"https:\/\/hobstop.ee\/lt\/#website"},"primaryImageOfPage":{"@id":"https:\/\/hobstop.ee\/lt\/produktas\/pramoniniai-klijai-aleenes-platinum-bond-super-fabric\/#primaryimage"},"image":{"@id":"https:\/\/hobstop.ee\/lt\/produktas\/pramoniniai-klijai-aleenes-platinum-bond-super-fabric\/#primaryimage"},"thumbnailUrl":"https:\/\/hobstop.ee\/media\/4076.jpg","datePublished":"2015-11-06T08:39:00+00:00","dateModified":"2015-11-06T08:39:00+00:00","breadcrumb":{"@id":"https:\/\/hobstop.ee\/lt\/produktas\/pramoniniai-klijai-aleenes-platinum-bond-super-fabric\/#breadcrumb"},"inLanguage":"lt","potentialAction":[{"@type":"ReadAction","target":["https:\/\/hobstop.ee\/lt\/produktas\/pramoniniai-klijai-aleenes-platinum-bond-super-fabric\/"]}]},{"@type":"ImageObject","inLanguage":"lt","@id":"https:\/\/hobstop.ee\/lt\/produktas\/pramoniniai-klijai-aleenes-platinum-bond-super-fabric\/#primaryimage","url":"https:\/\/hobstop.ee\/media\/4076.jpg","contentUrl":"https:\/\/hobstop.ee\/media\/4076.jpg","width":1024,"height":768},{"@type":"BreadcrumbList","@id":"https:\/\/hobstop.ee\/lt\/produktas\/pramoniniai-klijai-aleenes-platinum-bond-super-fabric\/#breadcrumb","itemListElement":[{"@type":"ListItem","position":1,"name":"Avaleht","item":"https:\/\/hobstop.ee\/lt\/"},{"@type":"ListItem","position":2,"name":"Parduotuv\u0117","item":"https:\/\/hobstop.ee\/lt\/parduotuve\/"},{"@type":"ListItem","position":3,"name":"Pramoniniai klijai Aleene&#8217;s Platinum Bond Super Fabric"}]},{"@type":"WebSite","@id":"https:\/\/hobstop.ee\/lt\/#website","url":"https:\/\/hobstop.ee\/lt\/","name":"Skizze","description":"Dail\u0117s, pom\u0117gi\u0173 ir mokykliniai reikm\u0117nys","publisher":{"@id":"https:\/\/hobstop.ee\/lt\/#organization"},"potentialAction":[{"@type":"SearchAction","target":{"@type":"EntryPoint","urlTemplate":"https:\/\/hobstop.ee\/lt\/?s={search_term_string}"},"query-input":{"@type":"PropertyValueSpecification","valueRequired":true,"valueName":"search_term_string"}}],"inLanguage":"lt"},{"@type":"Organization","@id":"https:\/\/hobstop.ee\/lt\/#organization","name":"Vunder AS","url":"https:\/\/hobstop.ee\/lt\/","logo":{"@type":"ImageObject","inLanguage":"lt","@id":"https:\/\/hobstop.ee\/lt\/#\/schema\/logo\/image\/","url":"https:\/\/hobstop.ee\/media\/vunder-logo.png","contentUrl":"https:\/\/hobstop.ee\/media\/vunder-logo.png","width":127,"height":55,"caption":"Vunder AS"},"image":{"@id":"https:\/\/hobstop.ee\/lt\/#\/schema\/logo\/image\/"},"sameAs":["http:\/\/www.facebook.com\/VunderSkizze"]}]}},"_links":{"self":[{"href":"https:\/\/hobstop.ee\/lt\/wp-json\/wp\/v2\/product\/236084","targetHints":{"allow":["GET"]}}],"collection":[{"href":"https:\/\/hobstop.ee\/lt\/wp-json\/wp\/v2\/product"}],"about":[{"href":"https:\/\/hobstop.ee\/lt\/wp-json\/wp\/v2\/types\/product"}],"replies":[{"embeddable":true,"href":"https:\/\/hobstop.ee\/lt\/wp-json\/wp\/v2\/comments?post=236084"}],"wp:featuredmedia":[{"embeddable":true,"href":"https:\/\/hobstop.ee\/lt\/wp-json\/wp\/v2\/media\/236260"}],"wp:attachment":[{"href":"https:\/\/hobstop.ee\/lt\/wp-json\/wp\/v2\/media?parent=236084"}],"wp:term":[{"taxonomy":"product_cat","embeddable":true,"href":"https:\/\/hobstop.ee\/lt\/wp-json\/wp\/v2\/product_cat?post=236084"},{"taxonomy":"product_tag","embeddable":true,"href":"https:\/\/hobstop.ee\/lt\/wp-json\/wp\/v2\/product_tag?post=236084"}],"curies":[{"name":"wp","href":"https:\/\/api.w.org\/{rel}","templated":true}]}}