{"id":23651,"date":"2014-12-09T12:52:40","date_gmt":"2014-12-09T10:52:40","guid":{"rendered":"https:\/\/sharks.ee\/vunder_2019.klient.veebimajutus.ee\/?post_type=product&#038;p=23651"},"modified":"2014-12-09T12:52:40","modified_gmt":"2014-12-09T10:52:40","slug":"piestukas-derwent-graphic-metaline-dezute","status":"publish","type":"product","link":"https:\/\/hobstop.ee\/lt\/produktas\/piestukas-derwent-graphic-metaline-dezute\/","title":{"rendered":"Pie\u0161tukas Derwent Graphic metalin\u0117 d\u0117\u017eut\u0117"},"content":{"rendered":"<p>Nuostabus pie\u0161inys prasideda \u010dia. Nepriklausomai nuo pie\u0161imo stiliaus ar pasirinktos med\u017eiagos, Jums prireiks \u012fprast\u0173, auk\u0161tos kokyb\u0117s grafitini\u0173 pie\u0161tuk\u0173. \u0160ie auk\u0161tos kokyb\u0117s pie\u0161tukai idealiai tinka \u012fvairi\u0173 r\u016b\u0161i\u0173 pie\u0161iniams ir eskizams. \u0160e\u0161iabriaun\u012f kotel\u012f yra patogu laikyti rankose, pie\u0161tuk\u0105 paprasta nusmailinti.<br \/>\n\u0160e\u0161iabriaunis 6.9mm kotelis, kietomis \u0161erdel\u0117mis \u2013 skersmuo 2.2mm, mink\u0161tomis \u0161erdel\u0117mis \u2013 skersmuo 3.5mm.<\/p>\n","protected":false},"excerpt":{"rendered":"<p>Nuostabus pie\u0161inys prasideda \u010dia. Nepriklausomai nuo pie\u0161imo stiliaus ar pasirinktos med\u017eiagos, Jums prireiks \u012fprast\u0173, auk\u0161tos kokyb\u0117s grafitini\u0173 pie\u0161tuk\u0173. \u0160ie auk\u0161tos kokyb\u0117s pie\u0161tukai idealiai tinka \u012fvairi\u0173 r\u016b\u0161i\u0173 pie\u0161iniams ir eskizams. \u0160e\u0161iabriaun\u012f kotel\u012f yra patogu laikyti rankose, pie\u0161tuk\u0105 paprasta nusmailinti. \u0160e\u0161iabriaunis 6.9mm kotelis, kietomis \u0161erdel\u0117mis \u2013 skersmuo 2.2mm, mink\u0161tomis \u0161erdel\u0117mis \u2013 skersmuo 3.5mm.<\/p>\n","protected":false},"featured_media":100800,"comment_status":"closed","ping_status":"closed","template":"","meta":{"_acf_changed":false,"ep_exclude_from_search":false},"product_cat":[16124,18989,18932],"product_tag":[],"class_list":{"0":"post-23651","1":"product","2":"type-product","3":"status-publish","4":"has-post-thumbnail","6":"product_cat-dailes-prekes","7":"product_cat-grafitiniai-piestukai-2","8":"product_cat-piesimo-reikmenys-3","10":"first","11":"instock","12":"taxable","13":"shipping-taxable","14":"purchasable","15":"product-type-variable"},"acf":[],"yoast_head":"<!-- This site is optimized with the Yoast SEO plugin v24.1 - https:\/\/yoast.com\/wordpress\/plugins\/seo\/ -->\n<title>Pie\u0161tukas Derwent Graphic metalin\u0117 d\u0117\u017eut\u0117 &#8211; Skizze<\/title>\n<meta name=\"robots\" content=\"noindex, follow, max-snippet:-1, max-image-preview:large, max-video-preview:-1\" \/>\n<meta property=\"og:locale\" content=\"lt_LT\" \/>\n<meta property=\"og:type\" content=\"article\" \/>\n<meta property=\"og:title\" content=\"Pie\u0161tukas Derwent Graphic metalin\u0117 d\u0117\u017eut\u0117 &#8211; Skizze\" \/>\n<meta property=\"og:description\" content=\"Nuostabus pie\u0161inys prasideda \u010dia. Nepriklausomai nuo pie\u0161imo stiliaus ar pasirinktos med\u017eiagos, Jums prireiks \u012fprast\u0173, auk\u0161tos kokyb\u0117s grafitini\u0173 pie\u0161tuk\u0173. \u0160ie auk\u0161tos kokyb\u0117s pie\u0161tukai idealiai tinka \u012fvairi\u0173 r\u016b\u0161i\u0173 pie\u0161iniams ir eskizams. \u0160e\u0161iabriaun\u012f kotel\u012f yra patogu laikyti rankose, pie\u0161tuk\u0105 paprasta nusmailinti. \u0160e\u0161iabriaunis 6.9mm kotelis, kietomis \u0161erdel\u0117mis \u2013 skersmuo 2.2mm, mink\u0161tomis \u0161erdel\u0117mis \u2013 skersmuo 3.5mm.\" \/>\n<meta property=\"og:url\" content=\"https:\/\/hobstop.ee\/lt\/produktas\/piestukas-derwent-graphic-metaline-dezute\/\" \/>\n<meta property=\"og:site_name\" content=\"Skizze\" \/>\n<meta property=\"article:publisher\" content=\"http:\/\/www.facebook.com\/VunderSkizze\" \/>\n<meta property=\"og:image\" content=\"https:\/\/hobstop.ee\/media\/1489.jpg\" \/>\n\t<meta property=\"og:image:width\" content=\"1024\" \/>\n\t<meta property=\"og:image:height\" content=\"768\" \/>\n\t<meta property=\"og:image:type\" content=\"image\/jpeg\" \/>\n<meta name=\"twitter:card\" content=\"summary_large_image\" \/>\n<script type=\"application\/ld+json\" class=\"yoast-schema-graph\">{\"@context\":\"https:\/\/schema.org\",\"@graph\":[{\"@type\":\"WebPage\",\"@id\":\"https:\/\/hobstop.ee\/lt\/produktas\/piestukas-derwent-graphic-metaline-dezute\/\",\"url\":\"https:\/\/hobstop.ee\/lt\/produktas\/piestukas-derwent-graphic-metaline-dezute\/\",\"name\":\"Pie\u0161tukas Derwent Graphic metalin\u0117 d\u0117\u017eut\u0117 &#8211; Skizze\",\"isPartOf\":{\"@id\":\"https:\/\/hobstop.ee\/lt\/#website\"},\"primaryImageOfPage\":{\"@id\":\"https:\/\/hobstop.ee\/lt\/produktas\/piestukas-derwent-graphic-metaline-dezute\/#primaryimage\"},\"image\":{\"@id\":\"https:\/\/hobstop.ee\/lt\/produktas\/piestukas-derwent-graphic-metaline-dezute\/#primaryimage\"},\"thumbnailUrl\":\"https:\/\/hobstop.ee\/media\/1489.jpg\",\"datePublished\":\"2014-12-09T10:52:40+00:00\",\"dateModified\":\"2014-12-09T10:52:40+00:00\",\"breadcrumb\":{\"@id\":\"https:\/\/hobstop.ee\/lt\/produktas\/piestukas-derwent-graphic-metaline-dezute\/#breadcrumb\"},\"inLanguage\":\"lt\",\"potentialAction\":[{\"@type\":\"ReadAction\",\"target\":[\"https:\/\/hobstop.ee\/lt\/produktas\/piestukas-derwent-graphic-metaline-dezute\/\"]}]},{\"@type\":\"ImageObject\",\"inLanguage\":\"lt\",\"@id\":\"https:\/\/hobstop.ee\/lt\/produktas\/piestukas-derwent-graphic-metaline-dezute\/#primaryimage\",\"url\":\"https:\/\/hobstop.ee\/media\/1489.jpg\",\"contentUrl\":\"https:\/\/hobstop.ee\/media\/1489.jpg\",\"width\":1024,\"height\":768},{\"@type\":\"BreadcrumbList\",\"@id\":\"https:\/\/hobstop.ee\/lt\/produktas\/piestukas-derwent-graphic-metaline-dezute\/#breadcrumb\",\"itemListElement\":[{\"@type\":\"ListItem\",\"position\":1,\"name\":\"Avaleht\",\"item\":\"https:\/\/hobstop.ee\/lt\/\"},{\"@type\":\"ListItem\",\"position\":2,\"name\":\"Parduotuv\u0117\",\"item\":\"https:\/\/hobstop.ee\/lt\/parduotuve\/\"},{\"@type\":\"ListItem\",\"position\":3,\"name\":\"Pie\u0161tukas Derwent Graphic metalin\u0117 d\u0117\u017eut\u0117\"}]},{\"@type\":\"WebSite\",\"@id\":\"https:\/\/hobstop.ee\/lt\/#website\",\"url\":\"https:\/\/hobstop.ee\/lt\/\",\"name\":\"Skizze\",\"description\":\"Dail\u0117s, pom\u0117gi\u0173 ir mokykliniai reikm\u0117nys\",\"publisher\":{\"@id\":\"https:\/\/hobstop.ee\/lt\/#organization\"},\"potentialAction\":[{\"@type\":\"SearchAction\",\"target\":{\"@type\":\"EntryPoint\",\"urlTemplate\":\"https:\/\/hobstop.ee\/lt\/?s={search_term_string}\"},\"query-input\":{\"@type\":\"PropertyValueSpecification\",\"valueRequired\":true,\"valueName\":\"search_term_string\"}}],\"inLanguage\":\"lt\"},{\"@type\":\"Organization\",\"@id\":\"https:\/\/hobstop.ee\/lt\/#organization\",\"name\":\"Vunder AS\",\"url\":\"https:\/\/hobstop.ee\/lt\/\",\"logo\":{\"@type\":\"ImageObject\",\"inLanguage\":\"lt\",\"@id\":\"https:\/\/hobstop.ee\/lt\/#\/schema\/logo\/image\/\",\"url\":\"https:\/\/hobstop.ee\/media\/vunder-logo.png\",\"contentUrl\":\"https:\/\/hobstop.ee\/media\/vunder-logo.png\",\"width\":127,\"height\":55,\"caption\":\"Vunder AS\"},\"image\":{\"@id\":\"https:\/\/hobstop.ee\/lt\/#\/schema\/logo\/image\/\"},\"sameAs\":[\"http:\/\/www.facebook.com\/VunderSkizze\"]}]}<\/script>\n<!-- \/ Yoast SEO plugin. -->","yoast_head_json":{"title":"Pie\u0161tukas Derwent Graphic metalin\u0117 d\u0117\u017eut\u0117 &#8211; Skizze","robots":{"index":"noindex","follow":"follow","max-snippet":"max-snippet:-1","max-image-preview":"max-image-preview:large","max-video-preview":"max-video-preview:-1"},"og_locale":"lt_LT","og_type":"article","og_title":"Pie\u0161tukas Derwent Graphic metalin\u0117 d\u0117\u017eut\u0117 &#8211; Skizze","og_description":"Nuostabus pie\u0161inys prasideda \u010dia. Nepriklausomai nuo pie\u0161imo stiliaus ar pasirinktos med\u017eiagos, Jums prireiks \u012fprast\u0173, auk\u0161tos kokyb\u0117s grafitini\u0173 pie\u0161tuk\u0173. \u0160ie auk\u0161tos kokyb\u0117s pie\u0161tukai idealiai tinka \u012fvairi\u0173 r\u016b\u0161i\u0173 pie\u0161iniams ir eskizams. \u0160e\u0161iabriaun\u012f kotel\u012f yra patogu laikyti rankose, pie\u0161tuk\u0105 paprasta nusmailinti. \u0160e\u0161iabriaunis 6.9mm kotelis, kietomis \u0161erdel\u0117mis \u2013 skersmuo 2.2mm, mink\u0161tomis \u0161erdel\u0117mis \u2013 skersmuo 3.5mm.","og_url":"https:\/\/hobstop.ee\/lt\/produktas\/piestukas-derwent-graphic-metaline-dezute\/","og_site_name":"Skizze","article_publisher":"http:\/\/www.facebook.com\/VunderSkizze","og_image":[{"width":1024,"height":768,"url":"https:\/\/hobstop.ee\/media\/1489.jpg","type":"image\/jpeg"}],"twitter_card":"summary_large_image","schema":{"@context":"https:\/\/schema.org","@graph":[{"@type":"WebPage","@id":"https:\/\/hobstop.ee\/lt\/produktas\/piestukas-derwent-graphic-metaline-dezute\/","url":"https:\/\/hobstop.ee\/lt\/produktas\/piestukas-derwent-graphic-metaline-dezute\/","name":"Pie\u0161tukas Derwent Graphic metalin\u0117 d\u0117\u017eut\u0117 &#8211; Skizze","isPartOf":{"@id":"https:\/\/hobstop.ee\/lt\/#website"},"primaryImageOfPage":{"@id":"https:\/\/hobstop.ee\/lt\/produktas\/piestukas-derwent-graphic-metaline-dezute\/#primaryimage"},"image":{"@id":"https:\/\/hobstop.ee\/lt\/produktas\/piestukas-derwent-graphic-metaline-dezute\/#primaryimage"},"thumbnailUrl":"https:\/\/hobstop.ee\/media\/1489.jpg","datePublished":"2014-12-09T10:52:40+00:00","dateModified":"2014-12-09T10:52:40+00:00","breadcrumb":{"@id":"https:\/\/hobstop.ee\/lt\/produktas\/piestukas-derwent-graphic-metaline-dezute\/#breadcrumb"},"inLanguage":"lt","potentialAction":[{"@type":"ReadAction","target":["https:\/\/hobstop.ee\/lt\/produktas\/piestukas-derwent-graphic-metaline-dezute\/"]}]},{"@type":"ImageObject","inLanguage":"lt","@id":"https:\/\/hobstop.ee\/lt\/produktas\/piestukas-derwent-graphic-metaline-dezute\/#primaryimage","url":"https:\/\/hobstop.ee\/media\/1489.jpg","contentUrl":"https:\/\/hobstop.ee\/media\/1489.jpg","width":1024,"height":768},{"@type":"BreadcrumbList","@id":"https:\/\/hobstop.ee\/lt\/produktas\/piestukas-derwent-graphic-metaline-dezute\/#breadcrumb","itemListElement":[{"@type":"ListItem","position":1,"name":"Avaleht","item":"https:\/\/hobstop.ee\/lt\/"},{"@type":"ListItem","position":2,"name":"Parduotuv\u0117","item":"https:\/\/hobstop.ee\/lt\/parduotuve\/"},{"@type":"ListItem","position":3,"name":"Pie\u0161tukas Derwent Graphic metalin\u0117 d\u0117\u017eut\u0117"}]},{"@type":"WebSite","@id":"https:\/\/hobstop.ee\/lt\/#website","url":"https:\/\/hobstop.ee\/lt\/","name":"Skizze","description":"Dail\u0117s, pom\u0117gi\u0173 ir mokykliniai reikm\u0117nys","publisher":{"@id":"https:\/\/hobstop.ee\/lt\/#organization"},"potentialAction":[{"@type":"SearchAction","target":{"@type":"EntryPoint","urlTemplate":"https:\/\/hobstop.ee\/lt\/?s={search_term_string}"},"query-input":{"@type":"PropertyValueSpecification","valueRequired":true,"valueName":"search_term_string"}}],"inLanguage":"lt"},{"@type":"Organization","@id":"https:\/\/hobstop.ee\/lt\/#organization","name":"Vunder AS","url":"https:\/\/hobstop.ee\/lt\/","logo":{"@type":"ImageObject","inLanguage":"lt","@id":"https:\/\/hobstop.ee\/lt\/#\/schema\/logo\/image\/","url":"https:\/\/hobstop.ee\/media\/vunder-logo.png","contentUrl":"https:\/\/hobstop.ee\/media\/vunder-logo.png","width":127,"height":55,"caption":"Vunder AS"},"image":{"@id":"https:\/\/hobstop.ee\/lt\/#\/schema\/logo\/image\/"},"sameAs":["http:\/\/www.facebook.com\/VunderSkizze"]}]}},"_links":{"self":[{"href":"https:\/\/hobstop.ee\/lt\/wp-json\/wp\/v2\/product\/23651","targetHints":{"allow":["GET"]}}],"collection":[{"href":"https:\/\/hobstop.ee\/lt\/wp-json\/wp\/v2\/product"}],"about":[{"href":"https:\/\/hobstop.ee\/lt\/wp-json\/wp\/v2\/types\/product"}],"replies":[{"embeddable":true,"href":"https:\/\/hobstop.ee\/lt\/wp-json\/wp\/v2\/comments?post=23651"}],"wp:featuredmedia":[{"embeddable":true,"href":"https:\/\/hobstop.ee\/lt\/wp-json\/wp\/v2\/media\/100800"}],"wp:attachment":[{"href":"https:\/\/hobstop.ee\/lt\/wp-json\/wp\/v2\/media?parent=23651"}],"wp:term":[{"taxonomy":"product_cat","embeddable":true,"href":"https:\/\/hobstop.ee\/lt\/wp-json\/wp\/v2\/product_cat?post=23651"},{"taxonomy":"product_tag","embeddable":true,"href":"https:\/\/hobstop.ee\/lt\/wp-json\/wp\/v2\/product_tag?post=23651"}],"curies":[{"name":"wp","href":"https:\/\/api.w.org\/{rel}","templated":true}]}}