{"id":236537,"date":"2015-11-24T22:36:39","date_gmt":"2015-11-24T20:36:39","guid":{"rendered":"https:\/\/sharks.ee\/vunder_2019\/lt\/product\/spaudas-blockwallah\/"},"modified":"2015-11-24T22:36:39","modified_gmt":"2015-11-24T20:36:39","slug":"spaudas-blockwallah","status":"publish","type":"product","link":"https:\/\/hobstop.ee\/lt\/produktas\/spaudas-blockwallah\/","title":{"rendered":"Spaudas Blockwallah"},"content":{"rendered":"<p>Modernaus ir tradicinio dizaino nat\u016bral\u016bs \u201eBlockwallah\u201c spaudai i\u0161 medienos. Puikiai tinka spaudams ant audinio, molio ir k\u016bno daryti. Spaudus patogu laikyti rankose, jie yra universaliai naudojami. Spaudai \u201eBlockwallah\u201c geriausiai tinka darbui su vandens pagrindu pagamintais da\u017eais.<\/p>\n","protected":false},"excerpt":{"rendered":"<p>Modernaus ir tradicinio dizaino nat\u016bral\u016bs \u201eBlockwallah\u201c spaudai i\u0161 medienos. Puikiai tinka spaudams ant audinio, molio ir k\u016bno daryti. Spaudus patogu laikyti rankose, jie yra universaliai naudojami. Spaudai \u201eBlockwallah\u201c geriausiai tinka darbui su vandens pagrindu pagamintais da\u017eais.<\/p>\n","protected":false},"featured_media":237125,"comment_status":"closed","ping_status":"closed","template":"","meta":{"_acf_changed":false,"ep_exclude_from_search":false},"product_cat":[239,17919,20022],"product_tag":[],"class_list":{"0":"post-236537","1":"product","2":"type-product","3":"status-publish","4":"has-post-thumbnail","6":"product_cat-aerosoolvarvid","7":"product_cat-pomegiu-prekes","8":"product_cat-sablonai-ir-antspaudai","10":"first","11":"instock","12":"taxable","13":"shipping-taxable","14":"product-type-simple"},"acf":[],"yoast_head":"<!-- This site is optimized with the Yoast SEO plugin v24.1 - https:\/\/yoast.com\/wordpress\/plugins\/seo\/ -->\n<title>Spaudas Blockwallah &#8211; Skizze<\/title>\n<meta name=\"robots\" content=\"noindex, follow, max-snippet:-1, max-image-preview:large, max-video-preview:-1\" \/>\n<meta property=\"og:locale\" content=\"lt_LT\" \/>\n<meta property=\"og:type\" content=\"article\" \/>\n<meta property=\"og:title\" content=\"Spaudas Blockwallah &#8211; Skizze\" \/>\n<meta property=\"og:description\" content=\"Modernaus ir tradicinio dizaino nat\u016bral\u016bs \u201eBlockwallah\u201c spaudai i\u0161 medienos. Puikiai tinka spaudams ant audinio, molio ir k\u016bno daryti. Spaudus patogu laikyti rankose, jie yra universaliai naudojami. Spaudai \u201eBlockwallah\u201c geriausiai tinka darbui su vandens pagrindu pagamintais da\u017eais.\" \/>\n<meta property=\"og:url\" content=\"https:\/\/hobstop.ee\/lt\/produktas\/spaudas-blockwallah\/\" \/>\n<meta property=\"og:site_name\" content=\"Skizze\" \/>\n<meta property=\"article:publisher\" content=\"http:\/\/www.facebook.com\/VunderSkizze\" \/>\n<meta property=\"og:image\" content=\"https:\/\/hobstop.ee\/media\/3879.jpg\" \/>\n\t<meta property=\"og:image:width\" content=\"1024\" \/>\n\t<meta property=\"og:image:height\" content=\"768\" \/>\n\t<meta property=\"og:image:type\" content=\"image\/jpeg\" \/>\n<meta name=\"twitter:card\" content=\"summary_large_image\" \/>\n<script type=\"application\/ld+json\" class=\"yoast-schema-graph\">{\"@context\":\"https:\/\/schema.org\",\"@graph\":[{\"@type\":\"WebPage\",\"@id\":\"https:\/\/hobstop.ee\/lt\/produktas\/spaudas-blockwallah\/\",\"url\":\"https:\/\/hobstop.ee\/lt\/produktas\/spaudas-blockwallah\/\",\"name\":\"Spaudas Blockwallah &#8211; Skizze\",\"isPartOf\":{\"@id\":\"https:\/\/hobstop.ee\/lt\/#website\"},\"primaryImageOfPage\":{\"@id\":\"https:\/\/hobstop.ee\/lt\/produktas\/spaudas-blockwallah\/#primaryimage\"},\"image\":{\"@id\":\"https:\/\/hobstop.ee\/lt\/produktas\/spaudas-blockwallah\/#primaryimage\"},\"thumbnailUrl\":\"https:\/\/hobstop.ee\/media\/3879.jpg\",\"datePublished\":\"2015-11-24T20:36:39+00:00\",\"dateModified\":\"2015-11-24T20:36:39+00:00\",\"breadcrumb\":{\"@id\":\"https:\/\/hobstop.ee\/lt\/produktas\/spaudas-blockwallah\/#breadcrumb\"},\"inLanguage\":\"lt\",\"potentialAction\":[{\"@type\":\"ReadAction\",\"target\":[\"https:\/\/hobstop.ee\/lt\/produktas\/spaudas-blockwallah\/\"]}]},{\"@type\":\"ImageObject\",\"inLanguage\":\"lt\",\"@id\":\"https:\/\/hobstop.ee\/lt\/produktas\/spaudas-blockwallah\/#primaryimage\",\"url\":\"https:\/\/hobstop.ee\/media\/3879.jpg\",\"contentUrl\":\"https:\/\/hobstop.ee\/media\/3879.jpg\",\"width\":1024,\"height\":768},{\"@type\":\"BreadcrumbList\",\"@id\":\"https:\/\/hobstop.ee\/lt\/produktas\/spaudas-blockwallah\/#breadcrumb\",\"itemListElement\":[{\"@type\":\"ListItem\",\"position\":1,\"name\":\"Avaleht\",\"item\":\"https:\/\/hobstop.ee\/lt\/\"},{\"@type\":\"ListItem\",\"position\":2,\"name\":\"Parduotuv\u0117\",\"item\":\"https:\/\/hobstop.ee\/lt\/parduotuve\/\"},{\"@type\":\"ListItem\",\"position\":3,\"name\":\"Spaudas Blockwallah\"}]},{\"@type\":\"WebSite\",\"@id\":\"https:\/\/hobstop.ee\/lt\/#website\",\"url\":\"https:\/\/hobstop.ee\/lt\/\",\"name\":\"Skizze\",\"description\":\"Dail\u0117s, pom\u0117gi\u0173 ir mokykliniai reikm\u0117nys\",\"publisher\":{\"@id\":\"https:\/\/hobstop.ee\/lt\/#organization\"},\"potentialAction\":[{\"@type\":\"SearchAction\",\"target\":{\"@type\":\"EntryPoint\",\"urlTemplate\":\"https:\/\/hobstop.ee\/lt\/?s={search_term_string}\"},\"query-input\":{\"@type\":\"PropertyValueSpecification\",\"valueRequired\":true,\"valueName\":\"search_term_string\"}}],\"inLanguage\":\"lt\"},{\"@type\":\"Organization\",\"@id\":\"https:\/\/hobstop.ee\/lt\/#organization\",\"name\":\"Vunder AS\",\"url\":\"https:\/\/hobstop.ee\/lt\/\",\"logo\":{\"@type\":\"ImageObject\",\"inLanguage\":\"lt\",\"@id\":\"https:\/\/hobstop.ee\/lt\/#\/schema\/logo\/image\/\",\"url\":\"https:\/\/hobstop.ee\/media\/vunder-logo.png\",\"contentUrl\":\"https:\/\/hobstop.ee\/media\/vunder-logo.png\",\"width\":127,\"height\":55,\"caption\":\"Vunder AS\"},\"image\":{\"@id\":\"https:\/\/hobstop.ee\/lt\/#\/schema\/logo\/image\/\"},\"sameAs\":[\"http:\/\/www.facebook.com\/VunderSkizze\"]}]}<\/script>\n<!-- \/ Yoast SEO plugin. -->","yoast_head_json":{"title":"Spaudas Blockwallah &#8211; Skizze","robots":{"index":"noindex","follow":"follow","max-snippet":"max-snippet:-1","max-image-preview":"max-image-preview:large","max-video-preview":"max-video-preview:-1"},"og_locale":"lt_LT","og_type":"article","og_title":"Spaudas Blockwallah &#8211; Skizze","og_description":"Modernaus ir tradicinio dizaino nat\u016bral\u016bs \u201eBlockwallah\u201c spaudai i\u0161 medienos. Puikiai tinka spaudams ant audinio, molio ir k\u016bno daryti. Spaudus patogu laikyti rankose, jie yra universaliai naudojami. Spaudai \u201eBlockwallah\u201c geriausiai tinka darbui su vandens pagrindu pagamintais da\u017eais.","og_url":"https:\/\/hobstop.ee\/lt\/produktas\/spaudas-blockwallah\/","og_site_name":"Skizze","article_publisher":"http:\/\/www.facebook.com\/VunderSkizze","og_image":[{"width":1024,"height":768,"url":"https:\/\/hobstop.ee\/media\/3879.jpg","type":"image\/jpeg"}],"twitter_card":"summary_large_image","schema":{"@context":"https:\/\/schema.org","@graph":[{"@type":"WebPage","@id":"https:\/\/hobstop.ee\/lt\/produktas\/spaudas-blockwallah\/","url":"https:\/\/hobstop.ee\/lt\/produktas\/spaudas-blockwallah\/","name":"Spaudas Blockwallah &#8211; Skizze","isPartOf":{"@id":"https:\/\/hobstop.ee\/lt\/#website"},"primaryImageOfPage":{"@id":"https:\/\/hobstop.ee\/lt\/produktas\/spaudas-blockwallah\/#primaryimage"},"image":{"@id":"https:\/\/hobstop.ee\/lt\/produktas\/spaudas-blockwallah\/#primaryimage"},"thumbnailUrl":"https:\/\/hobstop.ee\/media\/3879.jpg","datePublished":"2015-11-24T20:36:39+00:00","dateModified":"2015-11-24T20:36:39+00:00","breadcrumb":{"@id":"https:\/\/hobstop.ee\/lt\/produktas\/spaudas-blockwallah\/#breadcrumb"},"inLanguage":"lt","potentialAction":[{"@type":"ReadAction","target":["https:\/\/hobstop.ee\/lt\/produktas\/spaudas-blockwallah\/"]}]},{"@type":"ImageObject","inLanguage":"lt","@id":"https:\/\/hobstop.ee\/lt\/produktas\/spaudas-blockwallah\/#primaryimage","url":"https:\/\/hobstop.ee\/media\/3879.jpg","contentUrl":"https:\/\/hobstop.ee\/media\/3879.jpg","width":1024,"height":768},{"@type":"BreadcrumbList","@id":"https:\/\/hobstop.ee\/lt\/produktas\/spaudas-blockwallah\/#breadcrumb","itemListElement":[{"@type":"ListItem","position":1,"name":"Avaleht","item":"https:\/\/hobstop.ee\/lt\/"},{"@type":"ListItem","position":2,"name":"Parduotuv\u0117","item":"https:\/\/hobstop.ee\/lt\/parduotuve\/"},{"@type":"ListItem","position":3,"name":"Spaudas Blockwallah"}]},{"@type":"WebSite","@id":"https:\/\/hobstop.ee\/lt\/#website","url":"https:\/\/hobstop.ee\/lt\/","name":"Skizze","description":"Dail\u0117s, pom\u0117gi\u0173 ir mokykliniai reikm\u0117nys","publisher":{"@id":"https:\/\/hobstop.ee\/lt\/#organization"},"potentialAction":[{"@type":"SearchAction","target":{"@type":"EntryPoint","urlTemplate":"https:\/\/hobstop.ee\/lt\/?s={search_term_string}"},"query-input":{"@type":"PropertyValueSpecification","valueRequired":true,"valueName":"search_term_string"}}],"inLanguage":"lt"},{"@type":"Organization","@id":"https:\/\/hobstop.ee\/lt\/#organization","name":"Vunder AS","url":"https:\/\/hobstop.ee\/lt\/","logo":{"@type":"ImageObject","inLanguage":"lt","@id":"https:\/\/hobstop.ee\/lt\/#\/schema\/logo\/image\/","url":"https:\/\/hobstop.ee\/media\/vunder-logo.png","contentUrl":"https:\/\/hobstop.ee\/media\/vunder-logo.png","width":127,"height":55,"caption":"Vunder AS"},"image":{"@id":"https:\/\/hobstop.ee\/lt\/#\/schema\/logo\/image\/"},"sameAs":["http:\/\/www.facebook.com\/VunderSkizze"]}]}},"_links":{"self":[{"href":"https:\/\/hobstop.ee\/lt\/wp-json\/wp\/v2\/product\/236537","targetHints":{"allow":["GET"]}}],"collection":[{"href":"https:\/\/hobstop.ee\/lt\/wp-json\/wp\/v2\/product"}],"about":[{"href":"https:\/\/hobstop.ee\/lt\/wp-json\/wp\/v2\/types\/product"}],"replies":[{"embeddable":true,"href":"https:\/\/hobstop.ee\/lt\/wp-json\/wp\/v2\/comments?post=236537"}],"wp:featuredmedia":[{"embeddable":true,"href":"https:\/\/hobstop.ee\/lt\/wp-json\/wp\/v2\/media\/237125"}],"wp:attachment":[{"href":"https:\/\/hobstop.ee\/lt\/wp-json\/wp\/v2\/media?parent=236537"}],"wp:term":[{"taxonomy":"product_cat","embeddable":true,"href":"https:\/\/hobstop.ee\/lt\/wp-json\/wp\/v2\/product_cat?post=236537"},{"taxonomy":"product_tag","embeddable":true,"href":"https:\/\/hobstop.ee\/lt\/wp-json\/wp\/v2\/product_tag?post=236537"}],"curies":[{"name":"wp","href":"https:\/\/api.w.org\/{rel}","templated":true}]}}