{"id":236549,"date":"2015-11-24T22:36:50","date_gmt":"2015-11-24T20:36:50","guid":{"rendered":"https:\/\/sharks.ee\/vunder_2019\/lt\/product\/skylamusiai-lucky-8\/"},"modified":"2015-11-24T22:36:50","modified_gmt":"2015-11-24T20:36:50","slug":"skylamusiai-lucky-8","status":"publish","type":"product","link":"https:\/\/hobstop.ee\/lt\/produktas\/skylamusiai-lucky-8\/","title":{"rendered":"Skylamu\u0161iai Lucky 8"},"content":{"rendered":"<p>Dirbdami su skylamu\u0161iu \u201eLucky 8\u201c patirsite tikr\u0105 malonum\u0105. Tys skylamu\u0161iai viename paver\u010dia 30,5&#215;30,5 cm dyd\u017eio skrebinimo popieri\u0173 labai gra\u017eiu skyl\u0117mis ornamentuotu lapu. Galima pasirinkti, kur mu\u0161ti skyles \u2013 lapo pakra\u0161tyje, viduryje ar daryti j\u0173 derin\u012f. I\u0161 kit\u0173 dyd\u017ei\u0173 lap\u0173 galima daryti unikalias formas ir ra\u0161tus. Skylamu\u0161is tinka \u012fvairiems popieriaus darbams \u2013 skrebinimui, atvirut\u0117ms ir pan.<\/p>\n","protected":false},"excerpt":{"rendered":"<p>Dirbdami su skylamu\u0161iu \u201eLucky 8\u201c patirsite tikr\u0105 malonum\u0105. Tys skylamu\u0161iai viename paver\u010dia 30,5&#215;30,5 cm dyd\u017eio skrebinimo popieri\u0173 labai gra\u017eiu skyl\u0117mis ornamentuotu lapu. Galima pasirinkti, kur mu\u0161ti skyles \u2013 lapo pakra\u0161tyje, viduryje ar daryti j\u0173 derin\u012f. I\u0161 kit\u0173 dyd\u017ei\u0173 lap\u0173 galima daryti unikalias formas ir ra\u0161tus. Skylamu\u0161is tinka \u012fvairiems popieriaus darbams \u2013 skrebinimui, atvirut\u0117ms ir pan.<\/p>\n","protected":false},"featured_media":237137,"comment_status":"closed","ping_status":"closed","template":"","meta":{"_acf_changed":false,"ep_exclude_from_search":false},"product_cat":[17919,19876,19705],"product_tag":[],"class_list":{"0":"post-236549","1":"product","2":"type-product","3":"status-publish","4":"has-post-thumbnail","6":"product_cat-pomegiu-prekes","7":"product_cat-popieriaus-menas","8":"product_cat-skylamusiai-2","10":"first","11":"instock","12":"taxable","13":"shipping-taxable","14":"purchasable","15":"product-type-simple"},"acf":[],"yoast_head":"<!-- This site is optimized with the Yoast SEO plugin v24.1 - https:\/\/yoast.com\/wordpress\/plugins\/seo\/ -->\n<title>Skylamu\u0161iai Lucky 8 &#8211; Skizze<\/title>\n<meta name=\"robots\" content=\"noindex, follow, max-snippet:-1, max-image-preview:large, max-video-preview:-1\" \/>\n<meta property=\"og:locale\" content=\"lt_LT\" \/>\n<meta property=\"og:type\" content=\"article\" \/>\n<meta property=\"og:title\" content=\"Skylamu\u0161iai Lucky 8 &#8211; Skizze\" \/>\n<meta property=\"og:description\" content=\"Dirbdami su skylamu\u0161iu \u201eLucky 8\u201c patirsite tikr\u0105 malonum\u0105. Tys skylamu\u0161iai viename paver\u010dia 30,5&#215;30,5 cm dyd\u017eio skrebinimo popieri\u0173 labai gra\u017eiu skyl\u0117mis ornamentuotu lapu. Galima pasirinkti, kur mu\u0161ti skyles \u2013 lapo pakra\u0161tyje, viduryje ar daryti j\u0173 derin\u012f. I\u0161 kit\u0173 dyd\u017ei\u0173 lap\u0173 galima daryti unikalias formas ir ra\u0161tus. Skylamu\u0161is tinka \u012fvairiems popieriaus darbams \u2013 skrebinimui, atvirut\u0117ms ir pan.\" \/>\n<meta property=\"og:url\" content=\"https:\/\/hobstop.ee\/lt\/produktas\/skylamusiai-lucky-8\/\" \/>\n<meta property=\"og:site_name\" content=\"Skizze\" \/>\n<meta property=\"article:publisher\" content=\"http:\/\/www.facebook.com\/VunderSkizze\" \/>\n<meta property=\"og:image\" content=\"https:\/\/www.hobstop.ee\/media\/4052.jpg\" \/>\n\t<meta property=\"og:image:width\" content=\"1024\" \/>\n\t<meta property=\"og:image:height\" content=\"768\" \/>\n\t<meta property=\"og:image:type\" content=\"image\/jpeg\" \/>\n<meta name=\"twitter:card\" content=\"summary_large_image\" \/>\n<script type=\"application\/ld+json\" class=\"yoast-schema-graph\">{\"@context\":\"https:\/\/schema.org\",\"@graph\":[{\"@type\":\"WebPage\",\"@id\":\"https:\/\/hobstop.ee\/lt\/produktas\/skylamusiai-lucky-8\/\",\"url\":\"https:\/\/hobstop.ee\/lt\/produktas\/skylamusiai-lucky-8\/\",\"name\":\"Skylamu\u0161iai Lucky 8 &#8211; Skizze\",\"isPartOf\":{\"@id\":\"https:\/\/www.hobstop.ee\/lt\/#website\"},\"primaryImageOfPage\":{\"@id\":\"https:\/\/hobstop.ee\/lt\/produktas\/skylamusiai-lucky-8\/#primaryimage\"},\"image\":{\"@id\":\"https:\/\/hobstop.ee\/lt\/produktas\/skylamusiai-lucky-8\/#primaryimage\"},\"thumbnailUrl\":\"https:\/\/hobstop.ee\/media\/4052.jpg\",\"datePublished\":\"2015-11-24T20:36:50+00:00\",\"dateModified\":\"2015-11-24T20:36:50+00:00\",\"breadcrumb\":{\"@id\":\"https:\/\/hobstop.ee\/lt\/produktas\/skylamusiai-lucky-8\/#breadcrumb\"},\"inLanguage\":\"lt\",\"potentialAction\":[{\"@type\":\"ReadAction\",\"target\":[\"https:\/\/hobstop.ee\/lt\/produktas\/skylamusiai-lucky-8\/\"]}]},{\"@type\":\"ImageObject\",\"inLanguage\":\"lt\",\"@id\":\"https:\/\/hobstop.ee\/lt\/produktas\/skylamusiai-lucky-8\/#primaryimage\",\"url\":\"https:\/\/hobstop.ee\/media\/4052.jpg\",\"contentUrl\":\"https:\/\/hobstop.ee\/media\/4052.jpg\",\"width\":1024,\"height\":768},{\"@type\":\"BreadcrumbList\",\"@id\":\"https:\/\/hobstop.ee\/lt\/produktas\/skylamusiai-lucky-8\/#breadcrumb\",\"itemListElement\":[{\"@type\":\"ListItem\",\"position\":1,\"name\":\"Avaleht\",\"item\":\"https:\/\/hobstop.ee\/lt\/\"},{\"@type\":\"ListItem\",\"position\":2,\"name\":\"Parduotuv\u0117\",\"item\":\"https:\/\/www.hobstop.ee\/lt\/parduotuve\/\"},{\"@type\":\"ListItem\",\"position\":3,\"name\":\"Skylamu\u0161iai Lucky 8\"}]},{\"@type\":\"WebSite\",\"@id\":\"https:\/\/www.hobstop.ee\/lt\/#website\",\"url\":\"https:\/\/www.hobstop.ee\/lt\/\",\"name\":\"Skizze\",\"description\":\"Dail\u0117s, pom\u0117gi\u0173 ir mokykliniai reikm\u0117nys\",\"publisher\":{\"@id\":\"https:\/\/www.hobstop.ee\/lt\/#organization\"},\"potentialAction\":[{\"@type\":\"SearchAction\",\"target\":{\"@type\":\"EntryPoint\",\"urlTemplate\":\"https:\/\/www.hobstop.ee\/lt\/?s={search_term_string}\"},\"query-input\":{\"@type\":\"PropertyValueSpecification\",\"valueRequired\":true,\"valueName\":\"search_term_string\"}}],\"inLanguage\":\"lt\"},{\"@type\":\"Organization\",\"@id\":\"https:\/\/www.hobstop.ee\/lt\/#organization\",\"name\":\"Vunder AS\",\"url\":\"https:\/\/www.hobstop.ee\/lt\/\",\"logo\":{\"@type\":\"ImageObject\",\"inLanguage\":\"lt\",\"@id\":\"https:\/\/www.hobstop.ee\/lt\/#\/schema\/logo\/image\/\",\"url\":\"https:\/\/hobstop.ee\/media\/vunder-logo.png\",\"contentUrl\":\"https:\/\/hobstop.ee\/media\/vunder-logo.png\",\"width\":127,\"height\":55,\"caption\":\"Vunder AS\"},\"image\":{\"@id\":\"https:\/\/www.hobstop.ee\/lt\/#\/schema\/logo\/image\/\"},\"sameAs\":[\"http:\/\/www.facebook.com\/VunderSkizze\"]}]}<\/script>\n<!-- \/ Yoast SEO plugin. -->","yoast_head_json":{"title":"Skylamu\u0161iai Lucky 8 &#8211; Skizze","robots":{"index":"noindex","follow":"follow","max-snippet":"max-snippet:-1","max-image-preview":"max-image-preview:large","max-video-preview":"max-video-preview:-1"},"og_locale":"lt_LT","og_type":"article","og_title":"Skylamu\u0161iai Lucky 8 &#8211; Skizze","og_description":"Dirbdami su skylamu\u0161iu \u201eLucky 8\u201c patirsite tikr\u0105 malonum\u0105. Tys skylamu\u0161iai viename paver\u010dia 30,5&#215;30,5 cm dyd\u017eio skrebinimo popieri\u0173 labai gra\u017eiu skyl\u0117mis ornamentuotu lapu. Galima pasirinkti, kur mu\u0161ti skyles \u2013 lapo pakra\u0161tyje, viduryje ar daryti j\u0173 derin\u012f. I\u0161 kit\u0173 dyd\u017ei\u0173 lap\u0173 galima daryti unikalias formas ir ra\u0161tus. Skylamu\u0161is tinka \u012fvairiems popieriaus darbams \u2013 skrebinimui, atvirut\u0117ms ir pan.","og_url":"https:\/\/hobstop.ee\/lt\/produktas\/skylamusiai-lucky-8\/","og_site_name":"Skizze","article_publisher":"http:\/\/www.facebook.com\/VunderSkizze","og_image":[{"width":1024,"height":768,"url":"https:\/\/www.hobstop.ee\/media\/4052.jpg","type":"image\/jpeg"}],"twitter_card":"summary_large_image","schema":{"@context":"https:\/\/schema.org","@graph":[{"@type":"WebPage","@id":"https:\/\/hobstop.ee\/lt\/produktas\/skylamusiai-lucky-8\/","url":"https:\/\/hobstop.ee\/lt\/produktas\/skylamusiai-lucky-8\/","name":"Skylamu\u0161iai Lucky 8 &#8211; Skizze","isPartOf":{"@id":"https:\/\/www.hobstop.ee\/lt\/#website"},"primaryImageOfPage":{"@id":"https:\/\/hobstop.ee\/lt\/produktas\/skylamusiai-lucky-8\/#primaryimage"},"image":{"@id":"https:\/\/hobstop.ee\/lt\/produktas\/skylamusiai-lucky-8\/#primaryimage"},"thumbnailUrl":"https:\/\/hobstop.ee\/media\/4052.jpg","datePublished":"2015-11-24T20:36:50+00:00","dateModified":"2015-11-24T20:36:50+00:00","breadcrumb":{"@id":"https:\/\/hobstop.ee\/lt\/produktas\/skylamusiai-lucky-8\/#breadcrumb"},"inLanguage":"lt","potentialAction":[{"@type":"ReadAction","target":["https:\/\/hobstop.ee\/lt\/produktas\/skylamusiai-lucky-8\/"]}]},{"@type":"ImageObject","inLanguage":"lt","@id":"https:\/\/hobstop.ee\/lt\/produktas\/skylamusiai-lucky-8\/#primaryimage","url":"https:\/\/hobstop.ee\/media\/4052.jpg","contentUrl":"https:\/\/hobstop.ee\/media\/4052.jpg","width":1024,"height":768},{"@type":"BreadcrumbList","@id":"https:\/\/hobstop.ee\/lt\/produktas\/skylamusiai-lucky-8\/#breadcrumb","itemListElement":[{"@type":"ListItem","position":1,"name":"Avaleht","item":"https:\/\/hobstop.ee\/lt\/"},{"@type":"ListItem","position":2,"name":"Parduotuv\u0117","item":"https:\/\/www.hobstop.ee\/lt\/parduotuve\/"},{"@type":"ListItem","position":3,"name":"Skylamu\u0161iai Lucky 8"}]},{"@type":"WebSite","@id":"https:\/\/www.hobstop.ee\/lt\/#website","url":"https:\/\/www.hobstop.ee\/lt\/","name":"Skizze","description":"Dail\u0117s, pom\u0117gi\u0173 ir mokykliniai reikm\u0117nys","publisher":{"@id":"https:\/\/www.hobstop.ee\/lt\/#organization"},"potentialAction":[{"@type":"SearchAction","target":{"@type":"EntryPoint","urlTemplate":"https:\/\/www.hobstop.ee\/lt\/?s={search_term_string}"},"query-input":{"@type":"PropertyValueSpecification","valueRequired":true,"valueName":"search_term_string"}}],"inLanguage":"lt"},{"@type":"Organization","@id":"https:\/\/www.hobstop.ee\/lt\/#organization","name":"Vunder AS","url":"https:\/\/www.hobstop.ee\/lt\/","logo":{"@type":"ImageObject","inLanguage":"lt","@id":"https:\/\/www.hobstop.ee\/lt\/#\/schema\/logo\/image\/","url":"https:\/\/hobstop.ee\/media\/vunder-logo.png","contentUrl":"https:\/\/hobstop.ee\/media\/vunder-logo.png","width":127,"height":55,"caption":"Vunder AS"},"image":{"@id":"https:\/\/www.hobstop.ee\/lt\/#\/schema\/logo\/image\/"},"sameAs":["http:\/\/www.facebook.com\/VunderSkizze"]}]}},"_links":{"self":[{"href":"https:\/\/hobstop.ee\/lt\/wp-json\/wp\/v2\/product\/236549","targetHints":{"allow":["GET"]}}],"collection":[{"href":"https:\/\/hobstop.ee\/lt\/wp-json\/wp\/v2\/product"}],"about":[{"href":"https:\/\/hobstop.ee\/lt\/wp-json\/wp\/v2\/types\/product"}],"replies":[{"embeddable":true,"href":"https:\/\/hobstop.ee\/lt\/wp-json\/wp\/v2\/comments?post=236549"}],"wp:featuredmedia":[{"embeddable":true,"href":"https:\/\/hobstop.ee\/lt\/wp-json\/wp\/v2\/media\/237137"}],"wp:attachment":[{"href":"https:\/\/hobstop.ee\/lt\/wp-json\/wp\/v2\/media?parent=236549"}],"wp:term":[{"taxonomy":"product_cat","embeddable":true,"href":"https:\/\/hobstop.ee\/lt\/wp-json\/wp\/v2\/product_cat?post=236549"},{"taxonomy":"product_tag","embeddable":true,"href":"https:\/\/hobstop.ee\/lt\/wp-json\/wp\/v2\/product_tag?post=236549"}],"curies":[{"name":"wp","href":"https:\/\/api.w.org\/{rel}","templated":true}]}}