{"id":23674,"date":"2014-12-09T12:52:50","date_gmt":"2014-12-09T10:52:50","guid":{"rendered":"https:\/\/sharks.ee\/vunder_2019.klient.veebimajutus.ee\/?post_type=product&#038;p=23674"},"modified":"2014-12-09T12:52:50","modified_gmt":"2014-12-09T10:52:50","slug":"presuota-anglis-derwent","status":"publish","type":"product","link":"https:\/\/hobstop.ee\/lt\/produktas\/presuota-anglis-derwent\/","title":{"rendered":"Presuota anglis Derwent"},"content":{"rendered":"<p>Blokelio formos presuota anglis yra suformuota i\u0161 kietos, kampuotos med\u017eio anglies, kuria galima sukurti gilias, ry\u0161kias linijas, ji savo tekst\u016bra visi\u0161kai skiriasi nuo grafito. Blokelio \u0161on\u0105 galima naudoti pla\u010dioms, ilgoms linijoms, o plonuoju galu galima br\u0117\u017eti plonas linijas.<br \/>\nKeturkamp\u0117 8mm kreidel\u0117, ilgis 75mm.<\/p>\n","protected":false},"excerpt":{"rendered":"<p>Blokelio formos presuota anglis yra suformuota i\u0161 kietos, kampuotos med\u017eio anglies, kuria galima sukurti gilias, ry\u0161kias linijas, ji savo tekst\u016bra visi\u0161kai skiriasi nuo grafito. Blokelio \u0161on\u0105 galima naudoti pla\u010dioms, ilgoms linijoms, o plonuoju galu galima br\u0117\u017eti plonas linijas. Keturkamp\u0117 8mm kreidel\u0117, ilgis 75mm.<\/p>\n","protected":false},"featured_media":103291,"comment_status":"closed","ping_status":"closed","template":"","meta":{"_acf_changed":false,"ep_exclude_from_search":false},"product_cat":[14969,16124,18932],"product_tag":[],"class_list":{"0":"post-23674","1":"product","2":"type-product","3":"status-publish","4":"has-post-thumbnail","6":"product_cat-tooriistad-ja-tarvikud","7":"product_cat-dailes-prekes","8":"product_cat-piesimo-reikmenys-3","10":"first","11":"outofstock","12":"taxable","13":"shipping-taxable","14":"purchasable","15":"product-type-variable"},"acf":[],"yoast_head":"<!-- This site is optimized with the Yoast SEO plugin v24.1 - https:\/\/yoast.com\/wordpress\/plugins\/seo\/ -->\n<title>Presuota anglis Derwent &#8211; Skizze<\/title>\n<meta name=\"robots\" content=\"noindex, follow, max-snippet:-1, max-image-preview:large, max-video-preview:-1\" \/>\n<meta property=\"og:locale\" content=\"lt_LT\" \/>\n<meta property=\"og:type\" content=\"article\" \/>\n<meta property=\"og:title\" content=\"Presuota anglis Derwent &#8211; Skizze\" \/>\n<meta property=\"og:description\" content=\"Blokelio formos presuota anglis yra suformuota i\u0161 kietos, kampuotos med\u017eio anglies, kuria galima sukurti gilias, ry\u0161kias linijas, ji savo tekst\u016bra visi\u0161kai skiriasi nuo grafito. Blokelio \u0161on\u0105 galima naudoti pla\u010dioms, ilgoms linijoms, o plonuoju galu galima br\u0117\u017eti plonas linijas. Keturkamp\u0117 8mm kreidel\u0117, ilgis 75mm.\" \/>\n<meta property=\"og:url\" content=\"https:\/\/hobstop.ee\/lt\/produktas\/presuota-anglis-derwent\/\" \/>\n<meta property=\"og:site_name\" content=\"Skizze\" \/>\n<meta property=\"article:publisher\" content=\"http:\/\/www.facebook.com\/VunderSkizze\" \/>\n<meta property=\"og:image\" content=\"https:\/\/www.hobstop.ee\/media\/1525.jpg\" \/>\n\t<meta property=\"og:image:width\" content=\"1024\" \/>\n\t<meta property=\"og:image:height\" content=\"768\" \/>\n\t<meta property=\"og:image:type\" content=\"image\/jpeg\" \/>\n<meta name=\"twitter:card\" content=\"summary_large_image\" \/>\n<script type=\"application\/ld+json\" class=\"yoast-schema-graph\">{\"@context\":\"https:\/\/schema.org\",\"@graph\":[{\"@type\":\"WebPage\",\"@id\":\"https:\/\/hobstop.ee\/lt\/produktas\/presuota-anglis-derwent\/\",\"url\":\"https:\/\/hobstop.ee\/lt\/produktas\/presuota-anglis-derwent\/\",\"name\":\"Presuota anglis Derwent &#8211; Skizze\",\"isPartOf\":{\"@id\":\"https:\/\/hobstop.ee\/lt\/#website\"},\"primaryImageOfPage\":{\"@id\":\"https:\/\/hobstop.ee\/lt\/produktas\/presuota-anglis-derwent\/#primaryimage\"},\"image\":{\"@id\":\"https:\/\/hobstop.ee\/lt\/produktas\/presuota-anglis-derwent\/#primaryimage\"},\"thumbnailUrl\":\"https:\/\/hobstop.ee\/media\/1525.jpg\",\"datePublished\":\"2014-12-09T10:52:50+00:00\",\"dateModified\":\"2014-12-09T10:52:50+00:00\",\"breadcrumb\":{\"@id\":\"https:\/\/hobstop.ee\/lt\/produktas\/presuota-anglis-derwent\/#breadcrumb\"},\"inLanguage\":\"lt\",\"potentialAction\":[{\"@type\":\"ReadAction\",\"target\":[\"https:\/\/hobstop.ee\/lt\/produktas\/presuota-anglis-derwent\/\"]}]},{\"@type\":\"ImageObject\",\"inLanguage\":\"lt\",\"@id\":\"https:\/\/hobstop.ee\/lt\/produktas\/presuota-anglis-derwent\/#primaryimage\",\"url\":\"https:\/\/hobstop.ee\/media\/1525.jpg\",\"contentUrl\":\"https:\/\/hobstop.ee\/media\/1525.jpg\",\"width\":1024,\"height\":768},{\"@type\":\"BreadcrumbList\",\"@id\":\"https:\/\/hobstop.ee\/lt\/produktas\/presuota-anglis-derwent\/#breadcrumb\",\"itemListElement\":[{\"@type\":\"ListItem\",\"position\":1,\"name\":\"Avaleht\",\"item\":\"https:\/\/hobstop.ee\/lt\/\"},{\"@type\":\"ListItem\",\"position\":2,\"name\":\"Parduotuv\u0117\",\"item\":\"https:\/\/hobstop.ee\/lt\/parduotuve\/\"},{\"@type\":\"ListItem\",\"position\":3,\"name\":\"Presuota anglis Derwent\"}]},{\"@type\":\"WebSite\",\"@id\":\"https:\/\/hobstop.ee\/lt\/#website\",\"url\":\"https:\/\/hobstop.ee\/lt\/\",\"name\":\"Skizze\",\"description\":\"Dail\u0117s, pom\u0117gi\u0173 ir mokykliniai reikm\u0117nys\",\"publisher\":{\"@id\":\"https:\/\/hobstop.ee\/lt\/#organization\"},\"potentialAction\":[{\"@type\":\"SearchAction\",\"target\":{\"@type\":\"EntryPoint\",\"urlTemplate\":\"https:\/\/hobstop.ee\/lt\/?s={search_term_string}\"},\"query-input\":{\"@type\":\"PropertyValueSpecification\",\"valueRequired\":true,\"valueName\":\"search_term_string\"}}],\"inLanguage\":\"lt\"},{\"@type\":\"Organization\",\"@id\":\"https:\/\/hobstop.ee\/lt\/#organization\",\"name\":\"Vunder AS\",\"url\":\"https:\/\/hobstop.ee\/lt\/\",\"logo\":{\"@type\":\"ImageObject\",\"inLanguage\":\"lt\",\"@id\":\"https:\/\/hobstop.ee\/lt\/#\/schema\/logo\/image\/\",\"url\":\"https:\/\/hobstop.ee\/media\/vunder-logo.png\",\"contentUrl\":\"https:\/\/hobstop.ee\/media\/vunder-logo.png\",\"width\":127,\"height\":55,\"caption\":\"Vunder AS\"},\"image\":{\"@id\":\"https:\/\/hobstop.ee\/lt\/#\/schema\/logo\/image\/\"},\"sameAs\":[\"http:\/\/www.facebook.com\/VunderSkizze\"]}]}<\/script>\n<!-- \/ Yoast SEO plugin. -->","yoast_head_json":{"title":"Presuota anglis Derwent &#8211; Skizze","robots":{"index":"noindex","follow":"follow","max-snippet":"max-snippet:-1","max-image-preview":"max-image-preview:large","max-video-preview":"max-video-preview:-1"},"og_locale":"lt_LT","og_type":"article","og_title":"Presuota anglis Derwent &#8211; Skizze","og_description":"Blokelio formos presuota anglis yra suformuota i\u0161 kietos, kampuotos med\u017eio anglies, kuria galima sukurti gilias, ry\u0161kias linijas, ji savo tekst\u016bra visi\u0161kai skiriasi nuo grafito. Blokelio \u0161on\u0105 galima naudoti pla\u010dioms, ilgoms linijoms, o plonuoju galu galima br\u0117\u017eti plonas linijas. Keturkamp\u0117 8mm kreidel\u0117, ilgis 75mm.","og_url":"https:\/\/hobstop.ee\/lt\/produktas\/presuota-anglis-derwent\/","og_site_name":"Skizze","article_publisher":"http:\/\/www.facebook.com\/VunderSkizze","og_image":[{"width":1024,"height":768,"url":"https:\/\/www.hobstop.ee\/media\/1525.jpg","type":"image\/jpeg"}],"twitter_card":"summary_large_image","schema":{"@context":"https:\/\/schema.org","@graph":[{"@type":"WebPage","@id":"https:\/\/hobstop.ee\/lt\/produktas\/presuota-anglis-derwent\/","url":"https:\/\/hobstop.ee\/lt\/produktas\/presuota-anglis-derwent\/","name":"Presuota anglis Derwent &#8211; Skizze","isPartOf":{"@id":"https:\/\/hobstop.ee\/lt\/#website"},"primaryImageOfPage":{"@id":"https:\/\/hobstop.ee\/lt\/produktas\/presuota-anglis-derwent\/#primaryimage"},"image":{"@id":"https:\/\/hobstop.ee\/lt\/produktas\/presuota-anglis-derwent\/#primaryimage"},"thumbnailUrl":"https:\/\/hobstop.ee\/media\/1525.jpg","datePublished":"2014-12-09T10:52:50+00:00","dateModified":"2014-12-09T10:52:50+00:00","breadcrumb":{"@id":"https:\/\/hobstop.ee\/lt\/produktas\/presuota-anglis-derwent\/#breadcrumb"},"inLanguage":"lt","potentialAction":[{"@type":"ReadAction","target":["https:\/\/hobstop.ee\/lt\/produktas\/presuota-anglis-derwent\/"]}]},{"@type":"ImageObject","inLanguage":"lt","@id":"https:\/\/hobstop.ee\/lt\/produktas\/presuota-anglis-derwent\/#primaryimage","url":"https:\/\/hobstop.ee\/media\/1525.jpg","contentUrl":"https:\/\/hobstop.ee\/media\/1525.jpg","width":1024,"height":768},{"@type":"BreadcrumbList","@id":"https:\/\/hobstop.ee\/lt\/produktas\/presuota-anglis-derwent\/#breadcrumb","itemListElement":[{"@type":"ListItem","position":1,"name":"Avaleht","item":"https:\/\/hobstop.ee\/lt\/"},{"@type":"ListItem","position":2,"name":"Parduotuv\u0117","item":"https:\/\/hobstop.ee\/lt\/parduotuve\/"},{"@type":"ListItem","position":3,"name":"Presuota anglis Derwent"}]},{"@type":"WebSite","@id":"https:\/\/hobstop.ee\/lt\/#website","url":"https:\/\/hobstop.ee\/lt\/","name":"Skizze","description":"Dail\u0117s, pom\u0117gi\u0173 ir mokykliniai reikm\u0117nys","publisher":{"@id":"https:\/\/hobstop.ee\/lt\/#organization"},"potentialAction":[{"@type":"SearchAction","target":{"@type":"EntryPoint","urlTemplate":"https:\/\/hobstop.ee\/lt\/?s={search_term_string}"},"query-input":{"@type":"PropertyValueSpecification","valueRequired":true,"valueName":"search_term_string"}}],"inLanguage":"lt"},{"@type":"Organization","@id":"https:\/\/hobstop.ee\/lt\/#organization","name":"Vunder AS","url":"https:\/\/hobstop.ee\/lt\/","logo":{"@type":"ImageObject","inLanguage":"lt","@id":"https:\/\/hobstop.ee\/lt\/#\/schema\/logo\/image\/","url":"https:\/\/hobstop.ee\/media\/vunder-logo.png","contentUrl":"https:\/\/hobstop.ee\/media\/vunder-logo.png","width":127,"height":55,"caption":"Vunder AS"},"image":{"@id":"https:\/\/hobstop.ee\/lt\/#\/schema\/logo\/image\/"},"sameAs":["http:\/\/www.facebook.com\/VunderSkizze"]}]}},"_links":{"self":[{"href":"https:\/\/hobstop.ee\/lt\/wp-json\/wp\/v2\/product\/23674","targetHints":{"allow":["GET"]}}],"collection":[{"href":"https:\/\/hobstop.ee\/lt\/wp-json\/wp\/v2\/product"}],"about":[{"href":"https:\/\/hobstop.ee\/lt\/wp-json\/wp\/v2\/types\/product"}],"replies":[{"embeddable":true,"href":"https:\/\/hobstop.ee\/lt\/wp-json\/wp\/v2\/comments?post=23674"}],"wp:featuredmedia":[{"embeddable":true,"href":"https:\/\/hobstop.ee\/lt\/wp-json\/wp\/v2\/media\/103291"}],"wp:attachment":[{"href":"https:\/\/hobstop.ee\/lt\/wp-json\/wp\/v2\/media?parent=23674"}],"wp:term":[{"taxonomy":"product_cat","embeddable":true,"href":"https:\/\/hobstop.ee\/lt\/wp-json\/wp\/v2\/product_cat?post=23674"},{"taxonomy":"product_tag","embeddable":true,"href":"https:\/\/hobstop.ee\/lt\/wp-json\/wp\/v2\/product_tag?post=23674"}],"curies":[{"name":"wp","href":"https:\/\/api.w.org\/{rel}","templated":true}]}}