{"id":23749,"date":"2014-12-09T12:53:23","date_gmt":"2014-12-09T10:53:23","guid":{"rendered":"https:\/\/sharks.ee\/vunder_2019.klient.veebimajutus.ee\/?post_type=product&#038;p=23749"},"modified":"2014-12-09T12:53:23","modified_gmt":"2014-12-09T10:53:23","slug":"serveteliu-lakas-aqua-satin-matt","status":"publish","type":"product","link":"https:\/\/hobstop.ee\/lt\/produktas\/serveteliu-lakas-aqua-satin-matt\/","title":{"rendered":"Servet\u0117li\u0173 lakas Aqua Satin Matt"},"content":{"rendered":"<p>Vandens pagrindu gleiv\u0117ms atsparus skaidrus lakas \u201eMarabu aqua Varnish\u201c puikiai tinka naudoti dar\u017eeliuose, mokyklose, meno b\u016breliuose ir m\u0117g\u0117jams. Skaidrus lakas labai gerai dengia popieri\u0173, karton\u0105, modeliavimo mol\u012f, medien\u0105, metal\u0105, akmen\u012f, medienos plau\u0161\u0173 plok\u0161tes ir dekupa\u017eo technika dekoruojamus daiktus. Apsaugine skaidria pl\u0117vele tinka padengti visus daiktus, nuda\u017eytus atmosferos poveikiui atspariais \u201eMarabu\u201c da\u017eais. I\u0161d\u017eiuvusius galima liesti po 30 minu\u010di\u0173. I\u0161 karto po naudojimo \u0161epet\u0117lius reikia i\u0161plauti vandeniu. Puikiai limpantis lakas \u201eMarabu aqua Varnish\u201c yra atsparus vandeniui ir \u0161viesos poveikiui. Pakuot\u0117je esantis ir u\u017eteptas lakas \u201eAqua Varnish\u201c atrodo neskaidrus, ta\u010diau d\u017ei\u016bstant tampa skaidrus. Laku netinka lakuoti da\u017eyt\u0173 pavir\u0161i\u0173 ir vandeniui neatspariomis med\u017eiagomis padengt\u0173 pavir\u0161i\u0173.<\/p>\n","protected":false},"excerpt":{"rendered":"<p>Vandens pagrindu gleiv\u0117ms atsparus skaidrus lakas \u201eMarabu aqua Varnish\u201c puikiai tinka naudoti dar\u017eeliuose, mokyklose, meno b\u016breliuose ir m\u0117g\u0117jams. Skaidrus lakas labai gerai dengia popieri\u0173, karton\u0105, modeliavimo mol\u012f, medien\u0105, metal\u0105, akmen\u012f, medienos plau\u0161\u0173 plok\u0161tes ir dekupa\u017eo technika dekoruojamus daiktus. Apsaugine skaidria pl\u0117vele tinka padengti visus daiktus, nuda\u017eytus atmosferos poveikiui atspariais \u201eMarabu\u201c da\u017eais. I\u0161d\u017eiuvusius galima liesti po 30 minu\u010di\u0173. I\u0161 karto po naudojimo \u0161epet\u0117lius reikia i\u0161plauti vandeniu. Puikiai limpantis lakas \u201eMarabu aqua Varnish\u201c yra atsparus vandeniui ir \u0161viesos poveikiui. Pakuot\u0117je esantis ir u\u017eteptas lakas \u201eAqua Varnish\u201c atrodo neskaidrus, ta\u010diau d\u017ei\u016bstant tampa skaidrus. Laku netinka lakuoti da\u017eyt\u0173 pavir\u0161i\u0173 ir vandeniui neatspariomis med\u017eiagomis padengt\u0173 pavir\u0161i\u0173.<\/p>\n","protected":false},"featured_media":352756,"comment_status":"closed","ping_status":"closed","template":"","meta":{"_acf_changed":false,"ep_exclude_from_search":false},"product_cat":[239,18962,17919],"product_tag":[],"class_list":{"0":"post-23749","1":"product","2":"type-product","3":"status-publish","4":"has-post-thumbnail","6":"product_cat-aerosoolvarvid","7":"product_cat-lakas-dekupazui","8":"product_cat-pomegiu-prekes","10":"first","11":"outofstock","12":"taxable","13":"shipping-taxable","14":"purchasable","15":"product-type-variable"},"acf":[],"yoast_head":"<!-- This site is optimized with the Yoast SEO plugin v24.1 - https:\/\/yoast.com\/wordpress\/plugins\/seo\/ -->\n<title>Servet\u0117li\u0173 lakas Aqua Satin Matt &#8211; Skizze<\/title>\n<meta name=\"robots\" content=\"noindex, follow, max-snippet:-1, max-image-preview:large, max-video-preview:-1\" \/>\n<meta property=\"og:locale\" content=\"lt_LT\" \/>\n<meta property=\"og:type\" content=\"article\" \/>\n<meta property=\"og:title\" content=\"Servet\u0117li\u0173 lakas Aqua Satin Matt &#8211; Skizze\" \/>\n<meta property=\"og:description\" content=\"Vandens pagrindu gleiv\u0117ms atsparus skaidrus lakas \u201eMarabu aqua Varnish\u201c puikiai tinka naudoti dar\u017eeliuose, mokyklose, meno b\u016breliuose ir m\u0117g\u0117jams. Skaidrus lakas labai gerai dengia popieri\u0173, karton\u0105, modeliavimo mol\u012f, medien\u0105, metal\u0105, akmen\u012f, medienos plau\u0161\u0173 plok\u0161tes ir dekupa\u017eo technika dekoruojamus daiktus. Apsaugine skaidria pl\u0117vele tinka padengti visus daiktus, nuda\u017eytus atmosferos poveikiui atspariais \u201eMarabu\u201c da\u017eais. I\u0161d\u017eiuvusius galima liesti po 30 minu\u010di\u0173. I\u0161 karto po naudojimo \u0161epet\u0117lius reikia i\u0161plauti vandeniu. Puikiai limpantis lakas \u201eMarabu aqua Varnish\u201c yra atsparus vandeniui ir \u0161viesos poveikiui. Pakuot\u0117je esantis ir u\u017eteptas lakas \u201eAqua Varnish\u201c atrodo neskaidrus, ta\u010diau d\u017ei\u016bstant tampa skaidrus. Laku netinka lakuoti da\u017eyt\u0173 pavir\u0161i\u0173 ir vandeniui neatspariomis med\u017eiagomis padengt\u0173 pavir\u0161i\u0173.\" \/>\n<meta property=\"og:url\" content=\"https:\/\/hobstop.ee\/lt\/produktas\/serveteliu-lakas-aqua-satin-matt\/\" \/>\n<meta property=\"og:site_name\" content=\"Skizze\" \/>\n<meta property=\"article:publisher\" content=\"http:\/\/www.facebook.com\/VunderSkizze\" \/>\n<meta property=\"og:image\" content=\"https:\/\/hobstop.ee\/media\/1636.jpg\" \/>\n\t<meta property=\"og:image:width\" content=\"1024\" \/>\n\t<meta property=\"og:image:height\" content=\"768\" \/>\n\t<meta property=\"og:image:type\" content=\"image\/jpeg\" \/>\n<meta name=\"twitter:card\" content=\"summary_large_image\" \/>\n<meta name=\"twitter:label1\" content=\"Est. reading time\" \/>\n\t<meta name=\"twitter:data1\" content=\"1 minute\" \/>\n<script type=\"application\/ld+json\" class=\"yoast-schema-graph\">{\"@context\":\"https:\/\/schema.org\",\"@graph\":[{\"@type\":\"WebPage\",\"@id\":\"https:\/\/hobstop.ee\/lt\/produktas\/serveteliu-lakas-aqua-satin-matt\/\",\"url\":\"https:\/\/hobstop.ee\/lt\/produktas\/serveteliu-lakas-aqua-satin-matt\/\",\"name\":\"Servet\u0117li\u0173 lakas Aqua Satin Matt &#8211; Skizze\",\"isPartOf\":{\"@id\":\"https:\/\/hobstop.ee\/lt\/#website\"},\"primaryImageOfPage\":{\"@id\":\"https:\/\/hobstop.ee\/lt\/produktas\/serveteliu-lakas-aqua-satin-matt\/#primaryimage\"},\"image\":{\"@id\":\"https:\/\/hobstop.ee\/lt\/produktas\/serveteliu-lakas-aqua-satin-matt\/#primaryimage\"},\"thumbnailUrl\":\"https:\/\/hobstop.ee\/media\/1636.jpg\",\"datePublished\":\"2014-12-09T10:53:23+00:00\",\"dateModified\":\"2014-12-09T10:53:23+00:00\",\"breadcrumb\":{\"@id\":\"https:\/\/hobstop.ee\/lt\/produktas\/serveteliu-lakas-aqua-satin-matt\/#breadcrumb\"},\"inLanguage\":\"lt\",\"potentialAction\":[{\"@type\":\"ReadAction\",\"target\":[\"https:\/\/hobstop.ee\/lt\/produktas\/serveteliu-lakas-aqua-satin-matt\/\"]}]},{\"@type\":\"ImageObject\",\"inLanguage\":\"lt\",\"@id\":\"https:\/\/hobstop.ee\/lt\/produktas\/serveteliu-lakas-aqua-satin-matt\/#primaryimage\",\"url\":\"https:\/\/hobstop.ee\/media\/1636.jpg\",\"contentUrl\":\"https:\/\/hobstop.ee\/media\/1636.jpg\",\"width\":1024,\"height\":768},{\"@type\":\"BreadcrumbList\",\"@id\":\"https:\/\/hobstop.ee\/lt\/produktas\/serveteliu-lakas-aqua-satin-matt\/#breadcrumb\",\"itemListElement\":[{\"@type\":\"ListItem\",\"position\":1,\"name\":\"Avaleht\",\"item\":\"https:\/\/hobstop.ee\/lt\/\"},{\"@type\":\"ListItem\",\"position\":2,\"name\":\"Parduotuv\u0117\",\"item\":\"https:\/\/hobstop.ee\/lt\/parduotuve\/\"},{\"@type\":\"ListItem\",\"position\":3,\"name\":\"Servet\u0117li\u0173 lakas Aqua Satin Matt\"}]},{\"@type\":\"WebSite\",\"@id\":\"https:\/\/hobstop.ee\/lt\/#website\",\"url\":\"https:\/\/hobstop.ee\/lt\/\",\"name\":\"Skizze\",\"description\":\"Dail\u0117s, pom\u0117gi\u0173 ir mokykliniai reikm\u0117nys\",\"publisher\":{\"@id\":\"https:\/\/hobstop.ee\/lt\/#organization\"},\"potentialAction\":[{\"@type\":\"SearchAction\",\"target\":{\"@type\":\"EntryPoint\",\"urlTemplate\":\"https:\/\/hobstop.ee\/lt\/?s={search_term_string}\"},\"query-input\":{\"@type\":\"PropertyValueSpecification\",\"valueRequired\":true,\"valueName\":\"search_term_string\"}}],\"inLanguage\":\"lt\"},{\"@type\":\"Organization\",\"@id\":\"https:\/\/hobstop.ee\/lt\/#organization\",\"name\":\"Vunder AS\",\"url\":\"https:\/\/hobstop.ee\/lt\/\",\"logo\":{\"@type\":\"ImageObject\",\"inLanguage\":\"lt\",\"@id\":\"https:\/\/hobstop.ee\/lt\/#\/schema\/logo\/image\/\",\"url\":\"https:\/\/hobstop.ee\/media\/vunder-logo.png\",\"contentUrl\":\"https:\/\/hobstop.ee\/media\/vunder-logo.png\",\"width\":127,\"height\":55,\"caption\":\"Vunder AS\"},\"image\":{\"@id\":\"https:\/\/hobstop.ee\/lt\/#\/schema\/logo\/image\/\"},\"sameAs\":[\"http:\/\/www.facebook.com\/VunderSkizze\"]}]}<\/script>\n<!-- \/ Yoast SEO plugin. -->","yoast_head_json":{"title":"Servet\u0117li\u0173 lakas Aqua Satin Matt &#8211; Skizze","robots":{"index":"noindex","follow":"follow","max-snippet":"max-snippet:-1","max-image-preview":"max-image-preview:large","max-video-preview":"max-video-preview:-1"},"og_locale":"lt_LT","og_type":"article","og_title":"Servet\u0117li\u0173 lakas Aqua Satin Matt &#8211; Skizze","og_description":"Vandens pagrindu gleiv\u0117ms atsparus skaidrus lakas \u201eMarabu aqua Varnish\u201c puikiai tinka naudoti dar\u017eeliuose, mokyklose, meno b\u016breliuose ir m\u0117g\u0117jams. Skaidrus lakas labai gerai dengia popieri\u0173, karton\u0105, modeliavimo mol\u012f, medien\u0105, metal\u0105, akmen\u012f, medienos plau\u0161\u0173 plok\u0161tes ir dekupa\u017eo technika dekoruojamus daiktus. Apsaugine skaidria pl\u0117vele tinka padengti visus daiktus, nuda\u017eytus atmosferos poveikiui atspariais \u201eMarabu\u201c da\u017eais. I\u0161d\u017eiuvusius galima liesti po 30 minu\u010di\u0173. I\u0161 karto po naudojimo \u0161epet\u0117lius reikia i\u0161plauti vandeniu. Puikiai limpantis lakas \u201eMarabu aqua Varnish\u201c yra atsparus vandeniui ir \u0161viesos poveikiui. Pakuot\u0117je esantis ir u\u017eteptas lakas \u201eAqua Varnish\u201c atrodo neskaidrus, ta\u010diau d\u017ei\u016bstant tampa skaidrus. Laku netinka lakuoti da\u017eyt\u0173 pavir\u0161i\u0173 ir vandeniui neatspariomis med\u017eiagomis padengt\u0173 pavir\u0161i\u0173.","og_url":"https:\/\/hobstop.ee\/lt\/produktas\/serveteliu-lakas-aqua-satin-matt\/","og_site_name":"Skizze","article_publisher":"http:\/\/www.facebook.com\/VunderSkizze","og_image":[{"width":1024,"height":768,"url":"https:\/\/hobstop.ee\/media\/1636.jpg","type":"image\/jpeg"}],"twitter_card":"summary_large_image","twitter_misc":{"Est. reading time":"1 minute"},"schema":{"@context":"https:\/\/schema.org","@graph":[{"@type":"WebPage","@id":"https:\/\/hobstop.ee\/lt\/produktas\/serveteliu-lakas-aqua-satin-matt\/","url":"https:\/\/hobstop.ee\/lt\/produktas\/serveteliu-lakas-aqua-satin-matt\/","name":"Servet\u0117li\u0173 lakas Aqua Satin Matt &#8211; Skizze","isPartOf":{"@id":"https:\/\/hobstop.ee\/lt\/#website"},"primaryImageOfPage":{"@id":"https:\/\/hobstop.ee\/lt\/produktas\/serveteliu-lakas-aqua-satin-matt\/#primaryimage"},"image":{"@id":"https:\/\/hobstop.ee\/lt\/produktas\/serveteliu-lakas-aqua-satin-matt\/#primaryimage"},"thumbnailUrl":"https:\/\/hobstop.ee\/media\/1636.jpg","datePublished":"2014-12-09T10:53:23+00:00","dateModified":"2014-12-09T10:53:23+00:00","breadcrumb":{"@id":"https:\/\/hobstop.ee\/lt\/produktas\/serveteliu-lakas-aqua-satin-matt\/#breadcrumb"},"inLanguage":"lt","potentialAction":[{"@type":"ReadAction","target":["https:\/\/hobstop.ee\/lt\/produktas\/serveteliu-lakas-aqua-satin-matt\/"]}]},{"@type":"ImageObject","inLanguage":"lt","@id":"https:\/\/hobstop.ee\/lt\/produktas\/serveteliu-lakas-aqua-satin-matt\/#primaryimage","url":"https:\/\/hobstop.ee\/media\/1636.jpg","contentUrl":"https:\/\/hobstop.ee\/media\/1636.jpg","width":1024,"height":768},{"@type":"BreadcrumbList","@id":"https:\/\/hobstop.ee\/lt\/produktas\/serveteliu-lakas-aqua-satin-matt\/#breadcrumb","itemListElement":[{"@type":"ListItem","position":1,"name":"Avaleht","item":"https:\/\/hobstop.ee\/lt\/"},{"@type":"ListItem","position":2,"name":"Parduotuv\u0117","item":"https:\/\/hobstop.ee\/lt\/parduotuve\/"},{"@type":"ListItem","position":3,"name":"Servet\u0117li\u0173 lakas Aqua Satin Matt"}]},{"@type":"WebSite","@id":"https:\/\/hobstop.ee\/lt\/#website","url":"https:\/\/hobstop.ee\/lt\/","name":"Skizze","description":"Dail\u0117s, pom\u0117gi\u0173 ir mokykliniai reikm\u0117nys","publisher":{"@id":"https:\/\/hobstop.ee\/lt\/#organization"},"potentialAction":[{"@type":"SearchAction","target":{"@type":"EntryPoint","urlTemplate":"https:\/\/hobstop.ee\/lt\/?s={search_term_string}"},"query-input":{"@type":"PropertyValueSpecification","valueRequired":true,"valueName":"search_term_string"}}],"inLanguage":"lt"},{"@type":"Organization","@id":"https:\/\/hobstop.ee\/lt\/#organization","name":"Vunder AS","url":"https:\/\/hobstop.ee\/lt\/","logo":{"@type":"ImageObject","inLanguage":"lt","@id":"https:\/\/hobstop.ee\/lt\/#\/schema\/logo\/image\/","url":"https:\/\/hobstop.ee\/media\/vunder-logo.png","contentUrl":"https:\/\/hobstop.ee\/media\/vunder-logo.png","width":127,"height":55,"caption":"Vunder AS"},"image":{"@id":"https:\/\/hobstop.ee\/lt\/#\/schema\/logo\/image\/"},"sameAs":["http:\/\/www.facebook.com\/VunderSkizze"]}]}},"_links":{"self":[{"href":"https:\/\/hobstop.ee\/lt\/wp-json\/wp\/v2\/product\/23749","targetHints":{"allow":["GET"]}}],"collection":[{"href":"https:\/\/hobstop.ee\/lt\/wp-json\/wp\/v2\/product"}],"about":[{"href":"https:\/\/hobstop.ee\/lt\/wp-json\/wp\/v2\/types\/product"}],"replies":[{"embeddable":true,"href":"https:\/\/hobstop.ee\/lt\/wp-json\/wp\/v2\/comments?post=23749"}],"wp:featuredmedia":[{"embeddable":true,"href":"https:\/\/hobstop.ee\/lt\/wp-json\/wp\/v2\/media\/352756"}],"wp:attachment":[{"href":"https:\/\/hobstop.ee\/lt\/wp-json\/wp\/v2\/media?parent=23749"}],"wp:term":[{"taxonomy":"product_cat","embeddable":true,"href":"https:\/\/hobstop.ee\/lt\/wp-json\/wp\/v2\/product_cat?post=23749"},{"taxonomy":"product_tag","embeddable":true,"href":"https:\/\/hobstop.ee\/lt\/wp-json\/wp\/v2\/product_tag?post=23749"}],"curies":[{"name":"wp","href":"https:\/\/api.w.org\/{rel}","templated":true}]}}