{"id":23761,"date":"2014-11-08T15:16:55","date_gmt":"2014-11-08T13:16:55","guid":{"rendered":"https:\/\/sharks.ee\/vunder_2019.klient.veebimajutus.ee\/?post_type=product&p=23761"},"modified":"2014-11-08T15:16:55","modified_gmt":"2014-11-08T12:16:55","slug":"silkas-ritinyje-chiffon-3-5","status":"publish","type":"product","link":"https:\/\/hobstop.ee\/lt\/produktas\/silkas-ritinyje-chiffon-3-5\/","title":{"rendered":"\u0160ilkas ritinyje Chiffon 3.5"},"content":{"rendered":"<p>\u0160io itin plono audinio audimas tradicin\u0117mis kin\u0173 audimo stakl\u0117mis yra tikras pasiekimas. Audinys yra aud\u017eiamas i\u0161 to paties pluo\u0161to kaip ir Pong\u00e9 05, ta\u010diau skiriasi vienu niuansu: norint i\u0161gauti krepo efekt\u0105, Chiffon 3.5 si\u016blai yra plonai susukami. I\u0161 \u0161io susukto pluo\u0161to yra gaminami tiek ataudai, tiek ir apmatai. Da\u017eai nesilieja taip laisvai kaip ant pon\u017e\u0117, spalvos atrodo dar skaistesn\u0117s, nes audinys yra labai plonas. Labiausiai tinka \u0161alik\u0117liams ir skarel\u0117ms. Tai \u2013 retai suaustas, mink\u0161tas ir gerai krintantis audinys, puikiai tinkantis i\u0161skirtiniams ir itin lengviems Nuno technika atliekamiems darbams. Lengvi \u0161alik\u0117liai, krintan\u010dios suknel\u0117s \u2013 net ir pradedantieji gal\u0117s padaryti k\u0105 tik nori.<\/p>\n","protected":false},"excerpt":{"rendered":"<p>\u0160io itin plono audinio audimas tradicin\u0117mis kin\u0173 audimo stakl\u0117mis yra tikras pasiekimas. Audinys yra aud\u017eiamas i\u0161 to paties pluo\u0161to kaip ir Pong\u00e9 05, ta\u010diau skiriasi vienu niuansu: norint i\u0161gauti krepo efekt\u0105, Chiffon 3.5 si\u016blai yra plonai susukami. I\u0161 \u0161io susukto pluo\u0161to yra gaminami tiek ataudai, tiek ir apmatai. Da\u017eai nesilieja taip laisvai kaip ant pon\u017e\u0117, spalvos atrodo dar skaistesn\u0117s, nes audinys yra labai plonas. Labiausiai tinka \u0161alik\u0117liams ir skarel\u0117ms. Tai \u2013 retai suaustas, mink\u0161tas ir gerai krintantis audinys, puikiai tinkantis i\u0161skirtiniams ir itin lengviems Nuno technika atliekamiems darbams. Lengvi \u0161alik\u0117liai, krintan\u010dios suknel\u0117s \u2013 net ir pradedantieji gal\u0117s padaryti k\u0105 tik nori.<\/p>\n","protected":false},"featured_media":144857,"comment_status":"closed","ping_status":"closed","template":"","meta":{"_acf_changed":false,"ep_exclude_from_search":false},"product_cat":[17919,14986,18306],"product_tag":[],"class_list":{"0":"post-23761","1":"product","2":"type-product","3":"status-publish","4":"has-post-thumbnail","6":"product_cat-pomegiu-prekes","7":"product_cat-ruosinys","8":"product_cat-silkas","9":"pa_kma-4103","11":"first","12":"instock","13":"taxable","14":"shipping-taxable","15":"purchasable","16":"product-type-variable"},"acf":[],"yoast_head":"<!-- This site is optimized with the Yoast SEO plugin v24.1 - https:\/\/yoast.com\/wordpress\/plugins\/seo\/ -->\n<title>\u0160ilkas ritinyje Chiffon 3.5 &#8211; Skizze<\/title>\n<meta name=\"robots\" content=\"noindex, follow, max-snippet:-1, max-image-preview:large, max-video-preview:-1\" \/>\n<meta property=\"og:locale\" content=\"lt_LT\" \/>\n<meta property=\"og:type\" content=\"article\" \/>\n<meta property=\"og:title\" content=\"\u0160ilkas ritinyje Chiffon 3.5 &#8211; Skizze\" \/>\n<meta property=\"og:description\" content=\"\u0160io itin plono audinio audimas tradicin\u0117mis kin\u0173 audimo stakl\u0117mis yra tikras pasiekimas. Audinys yra aud\u017eiamas i\u0161 to paties pluo\u0161to kaip ir Pong\u00e9 05, ta\u010diau skiriasi vienu niuansu: norint i\u0161gauti krepo efekt\u0105, Chiffon 3.5 si\u016blai yra plonai susukami. I\u0161 \u0161io susukto pluo\u0161to yra gaminami tiek ataudai, tiek ir apmatai. Da\u017eai nesilieja taip laisvai kaip ant pon\u017e\u0117, spalvos atrodo dar skaistesn\u0117s, nes audinys yra labai plonas. Labiausiai tinka \u0161alik\u0117liams ir skarel\u0117ms. Tai \u2013 retai suaustas, mink\u0161tas ir gerai krintantis audinys, puikiai tinkantis i\u0161skirtiniams ir itin lengviems Nuno technika atliekamiems darbams. Lengvi \u0161alik\u0117liai, krintan\u010dios suknel\u0117s \u2013 net ir pradedantieji gal\u0117s padaryti k\u0105 tik nori.\" \/>\n<meta property=\"og:url\" content=\"https:\/\/hobstop.ee\/lt\/produktas\/silkas-ritinyje-chiffon-3-5\/\" \/>\n<meta property=\"og:site_name\" content=\"Skizze\" \/>\n<meta property=\"article:publisher\" content=\"http:\/\/www.facebook.com\/VunderSkizze\" \/>\n<meta property=\"article:modified_time\" content=\"-0001-11-30T00:00:00+00:00\" \/>\n<meta property=\"og:image\" content=\"https:\/\/hobstop.ee\/media\/1660.jpg\" \/>\n\t<meta property=\"og:image:width\" content=\"270\" \/>\n\t<meta property=\"og:image:height\" content=\"223\" \/>\n\t<meta property=\"og:image:type\" content=\"image\/jpeg\" \/>\n<meta name=\"twitter:card\" content=\"summary_large_image\" \/>\n<meta name=\"twitter:label1\" content=\"Est. reading time\" \/>\n\t<meta name=\"twitter:data1\" content=\"1 minute\" \/>\n<script type=\"application\/ld+json\" class=\"yoast-schema-graph\">{\"@context\":\"https:\/\/schema.org\",\"@graph\":[{\"@type\":\"WebPage\",\"@id\":\"https:\/\/hobstop.ee\/lt\/produktas\/silkas-ritinyje-chiffon-3-5\/\",\"url\":\"https:\/\/hobstop.ee\/lt\/produktas\/silkas-ritinyje-chiffon-3-5\/\",\"name\":\"\u0160ilkas ritinyje Chiffon 3.5 &#8211; Skizze\",\"isPartOf\":{\"@id\":\"https:\/\/hobstop.ee\/lt\/#website\"},\"primaryImageOfPage\":{\"@id\":\"https:\/\/hobstop.ee\/lt\/produktas\/silkas-ritinyje-chiffon-3-5\/#primaryimage\"},\"image\":{\"@id\":\"https:\/\/hobstop.ee\/lt\/produktas\/silkas-ritinyje-chiffon-3-5\/#primaryimage\"},\"thumbnailUrl\":\"https:\/\/hobstop.ee\/media\/1660.jpg\",\"datePublished\":\"2014-11-08T13:16:55+00:00\",\"dateModified\":\"-0001-11-30T00:00:00+00:00\",\"breadcrumb\":{\"@id\":\"https:\/\/hobstop.ee\/lt\/produktas\/silkas-ritinyje-chiffon-3-5\/#breadcrumb\"},\"inLanguage\":\"lt\",\"potentialAction\":[{\"@type\":\"ReadAction\",\"target\":[\"https:\/\/hobstop.ee\/lt\/produktas\/silkas-ritinyje-chiffon-3-5\/\"]}]},{\"@type\":\"ImageObject\",\"inLanguage\":\"lt\",\"@id\":\"https:\/\/hobstop.ee\/lt\/produktas\/silkas-ritinyje-chiffon-3-5\/#primaryimage\",\"url\":\"https:\/\/hobstop.ee\/media\/1660.jpg\",\"contentUrl\":\"https:\/\/hobstop.ee\/media\/1660.jpg\",\"width\":270,\"height\":223},{\"@type\":\"BreadcrumbList\",\"@id\":\"https:\/\/hobstop.ee\/lt\/produktas\/silkas-ritinyje-chiffon-3-5\/#breadcrumb\",\"itemListElement\":[{\"@type\":\"ListItem\",\"position\":1,\"name\":\"Avaleht\",\"item\":\"https:\/\/hobstop.ee\/lt\/\"},{\"@type\":\"ListItem\",\"position\":2,\"name\":\"Parduotuv\u0117\",\"item\":\"https:\/\/hobstop.ee\/lt\/parduotuve\/\"},{\"@type\":\"ListItem\",\"position\":3,\"name\":\"\u0160ilkas ritinyje Chiffon 3.5\"}]},{\"@type\":\"WebSite\",\"@id\":\"https:\/\/hobstop.ee\/lt\/#website\",\"url\":\"https:\/\/hobstop.ee\/lt\/\",\"name\":\"Skizze\",\"description\":\"Dail\u0117s, pom\u0117gi\u0173 ir mokykliniai reikm\u0117nys\",\"publisher\":{\"@id\":\"https:\/\/hobstop.ee\/lt\/#organization\"},\"potentialAction\":[{\"@type\":\"SearchAction\",\"target\":{\"@type\":\"EntryPoint\",\"urlTemplate\":\"https:\/\/hobstop.ee\/lt\/?s={search_term_string}\"},\"query-input\":{\"@type\":\"PropertyValueSpecification\",\"valueRequired\":true,\"valueName\":\"search_term_string\"}}],\"inLanguage\":\"lt\"},{\"@type\":\"Organization\",\"@id\":\"https:\/\/hobstop.ee\/lt\/#organization\",\"name\":\"Vunder AS\",\"url\":\"https:\/\/hobstop.ee\/lt\/\",\"logo\":{\"@type\":\"ImageObject\",\"inLanguage\":\"lt\",\"@id\":\"https:\/\/hobstop.ee\/lt\/#\/schema\/logo\/image\/\",\"url\":\"https:\/\/hobstop.ee\/media\/vunder-logo.png\",\"contentUrl\":\"https:\/\/hobstop.ee\/media\/vunder-logo.png\",\"width\":127,\"height\":55,\"caption\":\"Vunder AS\"},\"image\":{\"@id\":\"https:\/\/hobstop.ee\/lt\/#\/schema\/logo\/image\/\"},\"sameAs\":[\"http:\/\/www.facebook.com\/VunderSkizze\"]}]}<\/script>\n<!-- \/ Yoast SEO plugin. -->","yoast_head_json":{"title":"\u0160ilkas ritinyje Chiffon 3.5 &#8211; Skizze","robots":{"index":"noindex","follow":"follow","max-snippet":"max-snippet:-1","max-image-preview":"max-image-preview:large","max-video-preview":"max-video-preview:-1"},"og_locale":"lt_LT","og_type":"article","og_title":"\u0160ilkas ritinyje Chiffon 3.5 &#8211; Skizze","og_description":"\u0160io itin plono audinio audimas tradicin\u0117mis kin\u0173 audimo stakl\u0117mis yra tikras pasiekimas. Audinys yra aud\u017eiamas i\u0161 to paties pluo\u0161to kaip ir Pong\u00e9 05, ta\u010diau skiriasi vienu niuansu: norint i\u0161gauti krepo efekt\u0105, Chiffon 3.5 si\u016blai yra plonai susukami. I\u0161 \u0161io susukto pluo\u0161to yra gaminami tiek ataudai, tiek ir apmatai. Da\u017eai nesilieja taip laisvai kaip ant pon\u017e\u0117, spalvos atrodo dar skaistesn\u0117s, nes audinys yra labai plonas. Labiausiai tinka \u0161alik\u0117liams ir skarel\u0117ms. Tai \u2013 retai suaustas, mink\u0161tas ir gerai krintantis audinys, puikiai tinkantis i\u0161skirtiniams ir itin lengviems Nuno technika atliekamiems darbams. Lengvi \u0161alik\u0117liai, krintan\u010dios suknel\u0117s \u2013 net ir pradedantieji gal\u0117s padaryti k\u0105 tik nori.","og_url":"https:\/\/hobstop.ee\/lt\/produktas\/silkas-ritinyje-chiffon-3-5\/","og_site_name":"Skizze","article_publisher":"http:\/\/www.facebook.com\/VunderSkizze","article_modified_time":"-0001-11-30T00:00:00+00:00","og_image":[{"width":270,"height":223,"url":"https:\/\/hobstop.ee\/media\/1660.jpg","type":"image\/jpeg"}],"twitter_card":"summary_large_image","twitter_misc":{"Est. reading time":"1 minute"},"schema":{"@context":"https:\/\/schema.org","@graph":[{"@type":"WebPage","@id":"https:\/\/hobstop.ee\/lt\/produktas\/silkas-ritinyje-chiffon-3-5\/","url":"https:\/\/hobstop.ee\/lt\/produktas\/silkas-ritinyje-chiffon-3-5\/","name":"\u0160ilkas ritinyje Chiffon 3.5 &#8211; Skizze","isPartOf":{"@id":"https:\/\/hobstop.ee\/lt\/#website"},"primaryImageOfPage":{"@id":"https:\/\/hobstop.ee\/lt\/produktas\/silkas-ritinyje-chiffon-3-5\/#primaryimage"},"image":{"@id":"https:\/\/hobstop.ee\/lt\/produktas\/silkas-ritinyje-chiffon-3-5\/#primaryimage"},"thumbnailUrl":"https:\/\/hobstop.ee\/media\/1660.jpg","datePublished":"2014-11-08T13:16:55+00:00","dateModified":"-0001-11-30T00:00:00+00:00","breadcrumb":{"@id":"https:\/\/hobstop.ee\/lt\/produktas\/silkas-ritinyje-chiffon-3-5\/#breadcrumb"},"inLanguage":"lt","potentialAction":[{"@type":"ReadAction","target":["https:\/\/hobstop.ee\/lt\/produktas\/silkas-ritinyje-chiffon-3-5\/"]}]},{"@type":"ImageObject","inLanguage":"lt","@id":"https:\/\/hobstop.ee\/lt\/produktas\/silkas-ritinyje-chiffon-3-5\/#primaryimage","url":"https:\/\/hobstop.ee\/media\/1660.jpg","contentUrl":"https:\/\/hobstop.ee\/media\/1660.jpg","width":270,"height":223},{"@type":"BreadcrumbList","@id":"https:\/\/hobstop.ee\/lt\/produktas\/silkas-ritinyje-chiffon-3-5\/#breadcrumb","itemListElement":[{"@type":"ListItem","position":1,"name":"Avaleht","item":"https:\/\/hobstop.ee\/lt\/"},{"@type":"ListItem","position":2,"name":"Parduotuv\u0117","item":"https:\/\/hobstop.ee\/lt\/parduotuve\/"},{"@type":"ListItem","position":3,"name":"\u0160ilkas ritinyje Chiffon 3.5"}]},{"@type":"WebSite","@id":"https:\/\/hobstop.ee\/lt\/#website","url":"https:\/\/hobstop.ee\/lt\/","name":"Skizze","description":"Dail\u0117s, pom\u0117gi\u0173 ir mokykliniai reikm\u0117nys","publisher":{"@id":"https:\/\/hobstop.ee\/lt\/#organization"},"potentialAction":[{"@type":"SearchAction","target":{"@type":"EntryPoint","urlTemplate":"https:\/\/hobstop.ee\/lt\/?s={search_term_string}"},"query-input":{"@type":"PropertyValueSpecification","valueRequired":true,"valueName":"search_term_string"}}],"inLanguage":"lt"},{"@type":"Organization","@id":"https:\/\/hobstop.ee\/lt\/#organization","name":"Vunder AS","url":"https:\/\/hobstop.ee\/lt\/","logo":{"@type":"ImageObject","inLanguage":"lt","@id":"https:\/\/hobstop.ee\/lt\/#\/schema\/logo\/image\/","url":"https:\/\/hobstop.ee\/media\/vunder-logo.png","contentUrl":"https:\/\/hobstop.ee\/media\/vunder-logo.png","width":127,"height":55,"caption":"Vunder AS"},"image":{"@id":"https:\/\/hobstop.ee\/lt\/#\/schema\/logo\/image\/"},"sameAs":["http:\/\/www.facebook.com\/VunderSkizze"]}]}},"_links":{"self":[{"href":"https:\/\/hobstop.ee\/lt\/wp-json\/wp\/v2\/product\/23761","targetHints":{"allow":["GET"]}}],"collection":[{"href":"https:\/\/hobstop.ee\/lt\/wp-json\/wp\/v2\/product"}],"about":[{"href":"https:\/\/hobstop.ee\/lt\/wp-json\/wp\/v2\/types\/product"}],"replies":[{"embeddable":true,"href":"https:\/\/hobstop.ee\/lt\/wp-json\/wp\/v2\/comments?post=23761"}],"wp:featuredmedia":[{"embeddable":true,"href":"https:\/\/hobstop.ee\/lt\/wp-json\/wp\/v2\/media\/144857"}],"wp:attachment":[{"href":"https:\/\/hobstop.ee\/lt\/wp-json\/wp\/v2\/media?parent=23761"}],"wp:term":[{"taxonomy":"product_cat","embeddable":true,"href":"https:\/\/hobstop.ee\/lt\/wp-json\/wp\/v2\/product_cat?post=23761"},{"taxonomy":"product_tag","embeddable":true,"href":"https:\/\/hobstop.ee\/lt\/wp-json\/wp\/v2\/product_tag?post=23761"}],"curies":[{"name":"wp","href":"https:\/\/api.w.org\/{rel}","templated":true}]}}