{"id":237942,"date":"2015-12-02T19:26:26","date_gmt":"2015-12-02T17:26:26","guid":{"rendered":"https:\/\/sharks.ee\/vunder_2019\/lt\/product\/spalvinimo-knyga-colouring-book-for-flower-lovers\/"},"modified":"2015-12-02T19:26:26","modified_gmt":"2015-12-02T17:26:26","slug":"spalvinimo-knyga-colouring-book-for-flower-lovers","status":"publish","type":"product","link":"https:\/\/hobstop.ee\/lt\/produktas\/spalvinimo-knyga-colouring-book-for-flower-lovers\/","title":{"rendered":"Spalvinimo knyga \u201eColouring Book for Flower Lovers\u201c"},"content":{"rendered":"<p>\u201eColouring Book for Flower Lovers\u201c g\u0117li\u0173 myl\u0117tojams skirta spalvinimo knygel\u0117 su laukini\u0173 ir siurrealistini\u0173 augal\u0173 motyvais, pirmiausia yra skirta suaugusiems, ta\u010diau tinka ir jaunimui. Knygoje yra 48 spalvinimo ir keli autor\u0117s jau nuspalvinti puslapiai, kurie suteiks id\u0117j\u0173. Pie\u0161ini\u0173 dailinink\u0117 yra Anu Purre, ji taip pat ir apipavidalino knyg\u0105. \u012e\u017eangoje rasite spalvinimo patarim\u0173. Paskutiniais metais visame pasaulyje yra i\u0161leista daug stres\u0105 ma\u017einan\u010di\u0173 spalvinimo knyg\u0173, kurios tampa vis populiaresn\u0117s. \u201eColouring Book for Flower Lovers\u201c yra Anu Purre esti\u0161kos spalvinimo knygos \u201eSpalvinimo knyga g\u0117li\u0173 myl\u0117tojams\u201c versija angl\u0173 kalba. Tai \u2013 pirmoji Estijos autori\u0173 \u0161ios pakraipos knyga. Kelias savaites buvusi tarp populiariausi\u0173, \u0161i knyga i\u0161 knygyn\u0173 dingo labai greitai.<\/p>\n","protected":false},"excerpt":{"rendered":"<p>\u201eColouring Book for Flower Lovers\u201c g\u0117li\u0173 myl\u0117tojams skirta spalvinimo knygel\u0117 su laukini\u0173 ir siurrealistini\u0173 augal\u0173 motyvais, pirmiausia yra skirta suaugusiems, ta\u010diau tinka ir jaunimui. Knygoje yra 48 spalvinimo ir keli autor\u0117s jau nuspalvinti puslapiai, kurie suteiks id\u0117j\u0173. Pie\u0161ini\u0173 dailinink\u0117 yra Anu Purre, ji taip pat ir apipavidalino knyg\u0105. \u012e\u017eangoje rasite spalvinimo patarim\u0173. Paskutiniais metais visame pasaulyje yra i\u0161leista daug stres\u0105 ma\u017einan\u010di\u0173 spalvinimo knyg\u0173, kurios tampa vis populiaresn\u0117s. \u201eColouring Book for Flower Lovers\u201c yra Anu Purre esti\u0161kos spalvinimo knygos \u201eSpalvinimo knyga g\u0117li\u0173 myl\u0117tojams\u201c versija angl\u0173 kalba. Tai \u2013 pirmoji Estijos autori\u0173 \u0161ios pakraipos knyga. Kelias savaites buvusi tarp populiariausi\u0173, \u0161i knyga i\u0161 knygyn\u0173 dingo labai greitai.<\/p>\n","protected":false},"featured_media":238205,"comment_status":"closed","ping_status":"closed","template":"","meta":{"_acf_changed":false,"ep_exclude_from_search":false},"product_cat":[16124,18755,18932],"product_tag":[],"class_list":{"0":"post-237942","1":"product","2":"type-product","3":"status-publish","4":"has-post-thumbnail","6":"product_cat-dailes-prekes","7":"product_cat-ivairus-22","8":"product_cat-piesimo-reikmenys-3","10":"first","11":"instock","12":"taxable","13":"shipping-taxable","14":"purchasable","15":"product-type-simple"},"acf":[],"yoast_head":"<!-- This site is optimized with the Yoast SEO plugin v24.1 - https:\/\/yoast.com\/wordpress\/plugins\/seo\/ -->\n<title>Spalvinimo knyga \u201eColouring Book for Flower Lovers\u201c &#8211; Skizze<\/title>\n<meta name=\"robots\" content=\"noindex, follow, max-snippet:-1, max-image-preview:large, max-video-preview:-1\" \/>\n<meta property=\"og:locale\" content=\"lt_LT\" \/>\n<meta property=\"og:type\" content=\"article\" \/>\n<meta property=\"og:title\" content=\"Spalvinimo knyga \u201eColouring Book for Flower Lovers\u201c &#8211; Skizze\" \/>\n<meta property=\"og:description\" content=\"\u201eColouring Book for Flower Lovers\u201c g\u0117li\u0173 myl\u0117tojams skirta spalvinimo knygel\u0117 su laukini\u0173 ir siurrealistini\u0173 augal\u0173 motyvais, pirmiausia yra skirta suaugusiems, ta\u010diau tinka ir jaunimui. Knygoje yra 48 spalvinimo ir keli autor\u0117s jau nuspalvinti puslapiai, kurie suteiks id\u0117j\u0173. Pie\u0161ini\u0173 dailinink\u0117 yra Anu Purre, ji taip pat ir apipavidalino knyg\u0105. \u012e\u017eangoje rasite spalvinimo patarim\u0173. Paskutiniais metais visame pasaulyje yra i\u0161leista daug stres\u0105 ma\u017einan\u010di\u0173 spalvinimo knyg\u0173, kurios tampa vis populiaresn\u0117s. \u201eColouring Book for Flower Lovers\u201c yra Anu Purre esti\u0161kos spalvinimo knygos \u201eSpalvinimo knyga g\u0117li\u0173 myl\u0117tojams\u201c versija angl\u0173 kalba. Tai \u2013 pirmoji Estijos autori\u0173 \u0161ios pakraipos knyga. Kelias savaites buvusi tarp populiariausi\u0173, \u0161i knyga i\u0161 knygyn\u0173 dingo labai greitai.\" \/>\n<meta property=\"og:url\" content=\"https:\/\/hobstop.ee\/lt\/produktas\/spalvinimo-knyga-colouring-book-for-flower-lovers\/\" \/>\n<meta property=\"og:site_name\" content=\"Skizze\" \/>\n<meta property=\"article:publisher\" content=\"http:\/\/www.facebook.com\/VunderSkizze\" \/>\n<meta property=\"og:image\" content=\"https:\/\/hobstop.ee\/media\/4115.jpg\" \/>\n\t<meta property=\"og:image:width\" content=\"1024\" \/>\n\t<meta property=\"og:image:height\" content=\"768\" \/>\n\t<meta property=\"og:image:type\" content=\"image\/jpeg\" \/>\n<meta name=\"twitter:card\" content=\"summary_large_image\" \/>\n<meta name=\"twitter:label1\" content=\"Est. reading time\" \/>\n\t<meta name=\"twitter:data1\" content=\"1 minute\" \/>\n<script type=\"application\/ld+json\" class=\"yoast-schema-graph\">{\"@context\":\"https:\/\/schema.org\",\"@graph\":[{\"@type\":\"WebPage\",\"@id\":\"https:\/\/hobstop.ee\/lt\/produktas\/spalvinimo-knyga-colouring-book-for-flower-lovers\/\",\"url\":\"https:\/\/hobstop.ee\/lt\/produktas\/spalvinimo-knyga-colouring-book-for-flower-lovers\/\",\"name\":\"Spalvinimo knyga \u201eColouring Book for Flower Lovers\u201c &#8211; Skizze\",\"isPartOf\":{\"@id\":\"https:\/\/hobstop.ee\/lt\/#website\"},\"primaryImageOfPage\":{\"@id\":\"https:\/\/hobstop.ee\/lt\/produktas\/spalvinimo-knyga-colouring-book-for-flower-lovers\/#primaryimage\"},\"image\":{\"@id\":\"https:\/\/hobstop.ee\/lt\/produktas\/spalvinimo-knyga-colouring-book-for-flower-lovers\/#primaryimage\"},\"thumbnailUrl\":\"https:\/\/hobstop.ee\/media\/4115.jpg\",\"datePublished\":\"2015-12-02T17:26:26+00:00\",\"dateModified\":\"2015-12-02T17:26:26+00:00\",\"breadcrumb\":{\"@id\":\"https:\/\/hobstop.ee\/lt\/produktas\/spalvinimo-knyga-colouring-book-for-flower-lovers\/#breadcrumb\"},\"inLanguage\":\"lt\",\"potentialAction\":[{\"@type\":\"ReadAction\",\"target\":[\"https:\/\/hobstop.ee\/lt\/produktas\/spalvinimo-knyga-colouring-book-for-flower-lovers\/\"]}]},{\"@type\":\"ImageObject\",\"inLanguage\":\"lt\",\"@id\":\"https:\/\/hobstop.ee\/lt\/produktas\/spalvinimo-knyga-colouring-book-for-flower-lovers\/#primaryimage\",\"url\":\"https:\/\/hobstop.ee\/media\/4115.jpg\",\"contentUrl\":\"https:\/\/hobstop.ee\/media\/4115.jpg\",\"width\":1024,\"height\":768},{\"@type\":\"BreadcrumbList\",\"@id\":\"https:\/\/hobstop.ee\/lt\/produktas\/spalvinimo-knyga-colouring-book-for-flower-lovers\/#breadcrumb\",\"itemListElement\":[{\"@type\":\"ListItem\",\"position\":1,\"name\":\"Avaleht\",\"item\":\"https:\/\/hobstop.ee\/lt\/\"},{\"@type\":\"ListItem\",\"position\":2,\"name\":\"Parduotuv\u0117\",\"item\":\"https:\/\/hobstop.ee\/lt\/parduotuve\/\"},{\"@type\":\"ListItem\",\"position\":3,\"name\":\"Spalvinimo knyga \u201eColouring Book for Flower Lovers\u201c\"}]},{\"@type\":\"WebSite\",\"@id\":\"https:\/\/hobstop.ee\/lt\/#website\",\"url\":\"https:\/\/hobstop.ee\/lt\/\",\"name\":\"Skizze\",\"description\":\"Dail\u0117s, pom\u0117gi\u0173 ir mokykliniai reikm\u0117nys\",\"publisher\":{\"@id\":\"https:\/\/hobstop.ee\/lt\/#organization\"},\"potentialAction\":[{\"@type\":\"SearchAction\",\"target\":{\"@type\":\"EntryPoint\",\"urlTemplate\":\"https:\/\/hobstop.ee\/lt\/?s={search_term_string}\"},\"query-input\":{\"@type\":\"PropertyValueSpecification\",\"valueRequired\":true,\"valueName\":\"search_term_string\"}}],\"inLanguage\":\"lt\"},{\"@type\":\"Organization\",\"@id\":\"https:\/\/hobstop.ee\/lt\/#organization\",\"name\":\"Vunder AS\",\"url\":\"https:\/\/hobstop.ee\/lt\/\",\"logo\":{\"@type\":\"ImageObject\",\"inLanguage\":\"lt\",\"@id\":\"https:\/\/hobstop.ee\/lt\/#\/schema\/logo\/image\/\",\"url\":\"https:\/\/hobstop.ee\/media\/vunder-logo.png\",\"contentUrl\":\"https:\/\/hobstop.ee\/media\/vunder-logo.png\",\"width\":127,\"height\":55,\"caption\":\"Vunder AS\"},\"image\":{\"@id\":\"https:\/\/hobstop.ee\/lt\/#\/schema\/logo\/image\/\"},\"sameAs\":[\"http:\/\/www.facebook.com\/VunderSkizze\"]}]}<\/script>\n<!-- \/ Yoast SEO plugin. -->","yoast_head_json":{"title":"Spalvinimo knyga \u201eColouring Book for Flower Lovers\u201c &#8211; Skizze","robots":{"index":"noindex","follow":"follow","max-snippet":"max-snippet:-1","max-image-preview":"max-image-preview:large","max-video-preview":"max-video-preview:-1"},"og_locale":"lt_LT","og_type":"article","og_title":"Spalvinimo knyga \u201eColouring Book for Flower Lovers\u201c &#8211; Skizze","og_description":"\u201eColouring Book for Flower Lovers\u201c g\u0117li\u0173 myl\u0117tojams skirta spalvinimo knygel\u0117 su laukini\u0173 ir siurrealistini\u0173 augal\u0173 motyvais, pirmiausia yra skirta suaugusiems, ta\u010diau tinka ir jaunimui. Knygoje yra 48 spalvinimo ir keli autor\u0117s jau nuspalvinti puslapiai, kurie suteiks id\u0117j\u0173. Pie\u0161ini\u0173 dailinink\u0117 yra Anu Purre, ji taip pat ir apipavidalino knyg\u0105. \u012e\u017eangoje rasite spalvinimo patarim\u0173. Paskutiniais metais visame pasaulyje yra i\u0161leista daug stres\u0105 ma\u017einan\u010di\u0173 spalvinimo knyg\u0173, kurios tampa vis populiaresn\u0117s. \u201eColouring Book for Flower Lovers\u201c yra Anu Purre esti\u0161kos spalvinimo knygos \u201eSpalvinimo knyga g\u0117li\u0173 myl\u0117tojams\u201c versija angl\u0173 kalba. Tai \u2013 pirmoji Estijos autori\u0173 \u0161ios pakraipos knyga. Kelias savaites buvusi tarp populiariausi\u0173, \u0161i knyga i\u0161 knygyn\u0173 dingo labai greitai.","og_url":"https:\/\/hobstop.ee\/lt\/produktas\/spalvinimo-knyga-colouring-book-for-flower-lovers\/","og_site_name":"Skizze","article_publisher":"http:\/\/www.facebook.com\/VunderSkizze","og_image":[{"width":1024,"height":768,"url":"https:\/\/hobstop.ee\/media\/4115.jpg","type":"image\/jpeg"}],"twitter_card":"summary_large_image","twitter_misc":{"Est. reading time":"1 minute"},"schema":{"@context":"https:\/\/schema.org","@graph":[{"@type":"WebPage","@id":"https:\/\/hobstop.ee\/lt\/produktas\/spalvinimo-knyga-colouring-book-for-flower-lovers\/","url":"https:\/\/hobstop.ee\/lt\/produktas\/spalvinimo-knyga-colouring-book-for-flower-lovers\/","name":"Spalvinimo knyga \u201eColouring Book for Flower Lovers\u201c &#8211; Skizze","isPartOf":{"@id":"https:\/\/hobstop.ee\/lt\/#website"},"primaryImageOfPage":{"@id":"https:\/\/hobstop.ee\/lt\/produktas\/spalvinimo-knyga-colouring-book-for-flower-lovers\/#primaryimage"},"image":{"@id":"https:\/\/hobstop.ee\/lt\/produktas\/spalvinimo-knyga-colouring-book-for-flower-lovers\/#primaryimage"},"thumbnailUrl":"https:\/\/hobstop.ee\/media\/4115.jpg","datePublished":"2015-12-02T17:26:26+00:00","dateModified":"2015-12-02T17:26:26+00:00","breadcrumb":{"@id":"https:\/\/hobstop.ee\/lt\/produktas\/spalvinimo-knyga-colouring-book-for-flower-lovers\/#breadcrumb"},"inLanguage":"lt","potentialAction":[{"@type":"ReadAction","target":["https:\/\/hobstop.ee\/lt\/produktas\/spalvinimo-knyga-colouring-book-for-flower-lovers\/"]}]},{"@type":"ImageObject","inLanguage":"lt","@id":"https:\/\/hobstop.ee\/lt\/produktas\/spalvinimo-knyga-colouring-book-for-flower-lovers\/#primaryimage","url":"https:\/\/hobstop.ee\/media\/4115.jpg","contentUrl":"https:\/\/hobstop.ee\/media\/4115.jpg","width":1024,"height":768},{"@type":"BreadcrumbList","@id":"https:\/\/hobstop.ee\/lt\/produktas\/spalvinimo-knyga-colouring-book-for-flower-lovers\/#breadcrumb","itemListElement":[{"@type":"ListItem","position":1,"name":"Avaleht","item":"https:\/\/hobstop.ee\/lt\/"},{"@type":"ListItem","position":2,"name":"Parduotuv\u0117","item":"https:\/\/hobstop.ee\/lt\/parduotuve\/"},{"@type":"ListItem","position":3,"name":"Spalvinimo knyga \u201eColouring Book for Flower Lovers\u201c"}]},{"@type":"WebSite","@id":"https:\/\/hobstop.ee\/lt\/#website","url":"https:\/\/hobstop.ee\/lt\/","name":"Skizze","description":"Dail\u0117s, pom\u0117gi\u0173 ir mokykliniai reikm\u0117nys","publisher":{"@id":"https:\/\/hobstop.ee\/lt\/#organization"},"potentialAction":[{"@type":"SearchAction","target":{"@type":"EntryPoint","urlTemplate":"https:\/\/hobstop.ee\/lt\/?s={search_term_string}"},"query-input":{"@type":"PropertyValueSpecification","valueRequired":true,"valueName":"search_term_string"}}],"inLanguage":"lt"},{"@type":"Organization","@id":"https:\/\/hobstop.ee\/lt\/#organization","name":"Vunder AS","url":"https:\/\/hobstop.ee\/lt\/","logo":{"@type":"ImageObject","inLanguage":"lt","@id":"https:\/\/hobstop.ee\/lt\/#\/schema\/logo\/image\/","url":"https:\/\/hobstop.ee\/media\/vunder-logo.png","contentUrl":"https:\/\/hobstop.ee\/media\/vunder-logo.png","width":127,"height":55,"caption":"Vunder AS"},"image":{"@id":"https:\/\/hobstop.ee\/lt\/#\/schema\/logo\/image\/"},"sameAs":["http:\/\/www.facebook.com\/VunderSkizze"]}]}},"_links":{"self":[{"href":"https:\/\/hobstop.ee\/lt\/wp-json\/wp\/v2\/product\/237942","targetHints":{"allow":["GET"]}}],"collection":[{"href":"https:\/\/hobstop.ee\/lt\/wp-json\/wp\/v2\/product"}],"about":[{"href":"https:\/\/hobstop.ee\/lt\/wp-json\/wp\/v2\/types\/product"}],"replies":[{"embeddable":true,"href":"https:\/\/hobstop.ee\/lt\/wp-json\/wp\/v2\/comments?post=237942"}],"wp:featuredmedia":[{"embeddable":true,"href":"https:\/\/hobstop.ee\/lt\/wp-json\/wp\/v2\/media\/238205"}],"wp:attachment":[{"href":"https:\/\/hobstop.ee\/lt\/wp-json\/wp\/v2\/media?parent=237942"}],"wp:term":[{"taxonomy":"product_cat","embeddable":true,"href":"https:\/\/hobstop.ee\/lt\/wp-json\/wp\/v2\/product_cat?post=237942"},{"taxonomy":"product_tag","embeddable":true,"href":"https:\/\/hobstop.ee\/lt\/wp-json\/wp\/v2\/product_tag?post=237942"}],"curies":[{"name":"wp","href":"https:\/\/api.w.org\/{rel}","templated":true}]}}