{"id":238514,"date":"2015-12-15T15:47:51","date_gmt":"2015-12-15T13:47:51","guid":{"rendered":"http:\/\/www.vunder.ee\/lt\/product\/kristolinis-karoliukas-swarovski-elements-becharmed-pave-slim-81101-13-5mm\/"},"modified":"2015-12-15T15:47:51","modified_gmt":"2015-12-15T13:47:51","slug":"kristolinis-karoliukas-swarovski-becharmed-pave-slim-81101-13-5mm","status":"publish","type":"product","link":"https:\/\/hobstop.ee\/lt\/produktas\/kristolinis-karoliukas-swarovski-becharmed-pave-slim-81101-13-5mm\/","title":{"rendered":"Kri\u0161tolinis karoliukas Swarovski BeCharmed Pave slim 81101 13.5mm"},"content":{"rendered":"<p>Tviskan\u010di\u0173 blizgi\u0173, ta\u010diau prakti\u0161k\u0173, funkcionali\u0173 ir universali\u0173 \u201eBeCharmed\u201c karoliuk\u0173 asortimentas leis nevar\u017eomai pasireik\u0161ti J\u016bs\u0173 fantazijai. Vis\u0173 \u201eBeCharmed\u201c karoliuk\u0173 vidin\u0117 dalis yra pagaminta i\u0161 auk\u0161tos kokyb\u0117s ner\u016bdijan\u010dio plieno, o i\u0161orin\u0117 yra padengta Swarovskio kri\u0161tolu; karoliukuose yra 4,5 mm skyl\u0117, per kuri\u0105 galima praverti odos ar gumos dir\u017eel\u012f arba viel\u0105. Karoliuk\u0173 \u201eBeCharmed\u201c galimyb\u0117s yra berib\u0117s \u2013 galite pasigaminti klasikinio, romanti\u0161ko ir prabangaus ar net pank\u0173 ar metalist\u0173 stiliaus v\u0117rini\u0173, apyranki\u0173, rakt\u0173 pakabuk\u0173 ir papuo\u0161al\u0173 rinkini\u0173. \u201eCREATE YOUR STYLE with SWAROVSKI ELEMENTS\u201c prek\u0117s \u017eenklas u\u017etikrina geriausi\u0105 Austrijos kristal\u0173 kokyb\u0119!<\/p>\n","protected":false},"excerpt":{"rendered":"<p>Tviskan\u010di\u0173 blizgi\u0173, ta\u010diau prakti\u0161k\u0173, funkcionali\u0173 ir universali\u0173 \u201eBeCharmed\u201c karoliuk\u0173 asortimentas leis nevar\u017eomai pasireik\u0161ti J\u016bs\u0173 fantazijai. Vis\u0173 \u201eBeCharmed\u201c karoliuk\u0173 vidin\u0117 dalis yra pagaminta i\u0161 auk\u0161tos kokyb\u0117s ner\u016bdijan\u010dio plieno, o i\u0161orin\u0117 yra padengta Swarovskio kri\u0161tolu; karoliukuose yra 4,5 mm skyl\u0117, per kuri\u0105 galima praverti odos ar gumos dir\u017eel\u012f arba viel\u0105. Karoliuk\u0173 \u201eBeCharmed\u201c galimyb\u0117s yra berib\u0117s \u2013 galite pasigaminti klasikinio, romanti\u0161ko ir prabangaus ar net pank\u0173 ar metalist\u0173 stiliaus v\u0117rini\u0173, apyranki\u0173, rakt\u0173 pakabuk\u0173 ir papuo\u0161al\u0173 rinkini\u0173. \u201eCREATE YOUR STYLE with SWAROVSKI ELEMENTS\u201c prek\u0117s \u017eenklas u\u017etikrina geriausi\u0105 Austrijos kristal\u0173 kokyb\u0119!<\/p>\n","protected":false},"featured_media":238970,"comment_status":"closed","ping_status":"closed","template":"","meta":{"_acf_changed":false,"ep_exclude_from_search":false},"product_cat":[19690,19688,17919],"product_tag":[],"class_list":{"0":"post-238514","1":"product","2":"type-product","3":"status-publish","4":"has-post-thumbnail","6":"product_cat-kristalai","7":"product_cat-papuosalu-ruosimas","8":"product_cat-pomegiu-prekes","10":"first","11":"instock","12":"taxable","13":"shipping-taxable","14":"product-type-simple"},"acf":[],"yoast_head":"<!-- This site is optimized with the Yoast SEO plugin v24.1 - https:\/\/yoast.com\/wordpress\/plugins\/seo\/ -->\n<title>Kri\u0161tolinis karoliukas Swarovski BeCharmed Pave slim 81101 13.5mm &#8211; Skizze<\/title>\n<meta name=\"robots\" content=\"noindex, follow, max-snippet:-1, max-image-preview:large, max-video-preview:-1\" \/>\n<meta property=\"og:locale\" content=\"lt_LT\" \/>\n<meta property=\"og:type\" content=\"article\" \/>\n<meta property=\"og:title\" content=\"Kri\u0161tolinis karoliukas Swarovski BeCharmed Pave slim 81101 13.5mm &#8211; Skizze\" \/>\n<meta property=\"og:description\" content=\"Tviskan\u010di\u0173 blizgi\u0173, ta\u010diau prakti\u0161k\u0173, funkcionali\u0173 ir universali\u0173 \u201eBeCharmed\u201c karoliuk\u0173 asortimentas leis nevar\u017eomai pasireik\u0161ti J\u016bs\u0173 fantazijai. Vis\u0173 \u201eBeCharmed\u201c karoliuk\u0173 vidin\u0117 dalis yra pagaminta i\u0161 auk\u0161tos kokyb\u0117s ner\u016bdijan\u010dio plieno, o i\u0161orin\u0117 yra padengta Swarovskio kri\u0161tolu; karoliukuose yra 4,5 mm skyl\u0117, per kuri\u0105 galima praverti odos ar gumos dir\u017eel\u012f arba viel\u0105. Karoliuk\u0173 \u201eBeCharmed\u201c galimyb\u0117s yra berib\u0117s \u2013 galite pasigaminti klasikinio, romanti\u0161ko ir prabangaus ar net pank\u0173 ar metalist\u0173 stiliaus v\u0117rini\u0173, apyranki\u0173, rakt\u0173 pakabuk\u0173 ir papuo\u0161al\u0173 rinkini\u0173. \u201eCREATE YOUR STYLE with SWAROVSKI ELEMENTS\u201c prek\u0117s \u017eenklas u\u017etikrina geriausi\u0105 Austrijos kristal\u0173 kokyb\u0119!\" \/>\n<meta property=\"og:url\" content=\"https:\/\/hobstop.ee\/lt\/produktas\/kristolinis-karoliukas-swarovski-becharmed-pave-slim-81101-13-5mm\/\" \/>\n<meta property=\"og:site_name\" content=\"Skizze\" \/>\n<meta property=\"article:publisher\" content=\"http:\/\/www.facebook.com\/VunderSkizze\" \/>\n<meta property=\"og:image\" content=\"https:\/\/hobstop.ee\/media\/4122.jpg\" \/>\n\t<meta property=\"og:image:width\" content=\"1024\" \/>\n\t<meta property=\"og:image:height\" content=\"768\" \/>\n\t<meta property=\"og:image:type\" content=\"image\/jpeg\" \/>\n<meta name=\"twitter:card\" content=\"summary_large_image\" \/>\n<meta name=\"twitter:label1\" content=\"Est. reading time\" \/>\n\t<meta name=\"twitter:data1\" content=\"1 minute\" \/>\n<script type=\"application\/ld+json\" class=\"yoast-schema-graph\">{\"@context\":\"https:\/\/schema.org\",\"@graph\":[{\"@type\":\"WebPage\",\"@id\":\"https:\/\/hobstop.ee\/lt\/produktas\/kristolinis-karoliukas-swarovski-becharmed-pave-slim-81101-13-5mm\/\",\"url\":\"https:\/\/hobstop.ee\/lt\/produktas\/kristolinis-karoliukas-swarovski-becharmed-pave-slim-81101-13-5mm\/\",\"name\":\"Kri\u0161tolinis karoliukas Swarovski BeCharmed Pave slim 81101 13.5mm &#8211; Skizze\",\"isPartOf\":{\"@id\":\"https:\/\/hobstop.ee\/lt\/#website\"},\"primaryImageOfPage\":{\"@id\":\"https:\/\/hobstop.ee\/lt\/produktas\/kristolinis-karoliukas-swarovski-becharmed-pave-slim-81101-13-5mm\/#primaryimage\"},\"image\":{\"@id\":\"https:\/\/hobstop.ee\/lt\/produktas\/kristolinis-karoliukas-swarovski-becharmed-pave-slim-81101-13-5mm\/#primaryimage\"},\"thumbnailUrl\":\"https:\/\/hobstop.ee\/media\/4122.jpg\",\"datePublished\":\"2015-12-15T13:47:51+00:00\",\"dateModified\":\"2015-12-15T13:47:51+00:00\",\"breadcrumb\":{\"@id\":\"https:\/\/hobstop.ee\/lt\/produktas\/kristolinis-karoliukas-swarovski-becharmed-pave-slim-81101-13-5mm\/#breadcrumb\"},\"inLanguage\":\"lt\",\"potentialAction\":[{\"@type\":\"ReadAction\",\"target\":[\"https:\/\/hobstop.ee\/lt\/produktas\/kristolinis-karoliukas-swarovski-becharmed-pave-slim-81101-13-5mm\/\"]}]},{\"@type\":\"ImageObject\",\"inLanguage\":\"lt\",\"@id\":\"https:\/\/hobstop.ee\/lt\/produktas\/kristolinis-karoliukas-swarovski-becharmed-pave-slim-81101-13-5mm\/#primaryimage\",\"url\":\"https:\/\/hobstop.ee\/media\/4122.jpg\",\"contentUrl\":\"https:\/\/hobstop.ee\/media\/4122.jpg\",\"width\":1024,\"height\":768},{\"@type\":\"BreadcrumbList\",\"@id\":\"https:\/\/hobstop.ee\/lt\/produktas\/kristolinis-karoliukas-swarovski-becharmed-pave-slim-81101-13-5mm\/#breadcrumb\",\"itemListElement\":[{\"@type\":\"ListItem\",\"position\":1,\"name\":\"Avaleht\",\"item\":\"https:\/\/hobstop.ee\/lt\/\"},{\"@type\":\"ListItem\",\"position\":2,\"name\":\"Parduotuv\u0117\",\"item\":\"https:\/\/hobstop.ee\/lt\/parduotuve\/\"},{\"@type\":\"ListItem\",\"position\":3,\"name\":\"Kri\u0161tolinis karoliukas Swarovski BeCharmed Pave slim 81101 13.5mm\"}]},{\"@type\":\"WebSite\",\"@id\":\"https:\/\/hobstop.ee\/lt\/#website\",\"url\":\"https:\/\/hobstop.ee\/lt\/\",\"name\":\"Skizze\",\"description\":\"Dail\u0117s, pom\u0117gi\u0173 ir mokykliniai reikm\u0117nys\",\"publisher\":{\"@id\":\"https:\/\/hobstop.ee\/lt\/#organization\"},\"potentialAction\":[{\"@type\":\"SearchAction\",\"target\":{\"@type\":\"EntryPoint\",\"urlTemplate\":\"https:\/\/hobstop.ee\/lt\/?s={search_term_string}\"},\"query-input\":{\"@type\":\"PropertyValueSpecification\",\"valueRequired\":true,\"valueName\":\"search_term_string\"}}],\"inLanguage\":\"lt\"},{\"@type\":\"Organization\",\"@id\":\"https:\/\/hobstop.ee\/lt\/#organization\",\"name\":\"Vunder AS\",\"url\":\"https:\/\/hobstop.ee\/lt\/\",\"logo\":{\"@type\":\"ImageObject\",\"inLanguage\":\"lt\",\"@id\":\"https:\/\/hobstop.ee\/lt\/#\/schema\/logo\/image\/\",\"url\":\"https:\/\/hobstop.ee\/media\/vunder-logo.png\",\"contentUrl\":\"https:\/\/hobstop.ee\/media\/vunder-logo.png\",\"width\":127,\"height\":55,\"caption\":\"Vunder AS\"},\"image\":{\"@id\":\"https:\/\/hobstop.ee\/lt\/#\/schema\/logo\/image\/\"},\"sameAs\":[\"http:\/\/www.facebook.com\/VunderSkizze\"]}]}<\/script>\n<!-- \/ Yoast SEO plugin. -->","yoast_head_json":{"title":"Kri\u0161tolinis karoliukas Swarovski BeCharmed Pave slim 81101 13.5mm &#8211; Skizze","robots":{"index":"noindex","follow":"follow","max-snippet":"max-snippet:-1","max-image-preview":"max-image-preview:large","max-video-preview":"max-video-preview:-1"},"og_locale":"lt_LT","og_type":"article","og_title":"Kri\u0161tolinis karoliukas Swarovski BeCharmed Pave slim 81101 13.5mm &#8211; Skizze","og_description":"Tviskan\u010di\u0173 blizgi\u0173, ta\u010diau prakti\u0161k\u0173, funkcionali\u0173 ir universali\u0173 \u201eBeCharmed\u201c karoliuk\u0173 asortimentas leis nevar\u017eomai pasireik\u0161ti J\u016bs\u0173 fantazijai. Vis\u0173 \u201eBeCharmed\u201c karoliuk\u0173 vidin\u0117 dalis yra pagaminta i\u0161 auk\u0161tos kokyb\u0117s ner\u016bdijan\u010dio plieno, o i\u0161orin\u0117 yra padengta Swarovskio kri\u0161tolu; karoliukuose yra 4,5 mm skyl\u0117, per kuri\u0105 galima praverti odos ar gumos dir\u017eel\u012f arba viel\u0105. Karoliuk\u0173 \u201eBeCharmed\u201c galimyb\u0117s yra berib\u0117s \u2013 galite pasigaminti klasikinio, romanti\u0161ko ir prabangaus ar net pank\u0173 ar metalist\u0173 stiliaus v\u0117rini\u0173, apyranki\u0173, rakt\u0173 pakabuk\u0173 ir papuo\u0161al\u0173 rinkini\u0173. \u201eCREATE YOUR STYLE with SWAROVSKI ELEMENTS\u201c prek\u0117s \u017eenklas u\u017etikrina geriausi\u0105 Austrijos kristal\u0173 kokyb\u0119!","og_url":"https:\/\/hobstop.ee\/lt\/produktas\/kristolinis-karoliukas-swarovski-becharmed-pave-slim-81101-13-5mm\/","og_site_name":"Skizze","article_publisher":"http:\/\/www.facebook.com\/VunderSkizze","og_image":[{"width":1024,"height":768,"url":"https:\/\/hobstop.ee\/media\/4122.jpg","type":"image\/jpeg"}],"twitter_card":"summary_large_image","twitter_misc":{"Est. reading time":"1 minute"},"schema":{"@context":"https:\/\/schema.org","@graph":[{"@type":"WebPage","@id":"https:\/\/hobstop.ee\/lt\/produktas\/kristolinis-karoliukas-swarovski-becharmed-pave-slim-81101-13-5mm\/","url":"https:\/\/hobstop.ee\/lt\/produktas\/kristolinis-karoliukas-swarovski-becharmed-pave-slim-81101-13-5mm\/","name":"Kri\u0161tolinis karoliukas Swarovski BeCharmed Pave slim 81101 13.5mm &#8211; Skizze","isPartOf":{"@id":"https:\/\/hobstop.ee\/lt\/#website"},"primaryImageOfPage":{"@id":"https:\/\/hobstop.ee\/lt\/produktas\/kristolinis-karoliukas-swarovski-becharmed-pave-slim-81101-13-5mm\/#primaryimage"},"image":{"@id":"https:\/\/hobstop.ee\/lt\/produktas\/kristolinis-karoliukas-swarovski-becharmed-pave-slim-81101-13-5mm\/#primaryimage"},"thumbnailUrl":"https:\/\/hobstop.ee\/media\/4122.jpg","datePublished":"2015-12-15T13:47:51+00:00","dateModified":"2015-12-15T13:47:51+00:00","breadcrumb":{"@id":"https:\/\/hobstop.ee\/lt\/produktas\/kristolinis-karoliukas-swarovski-becharmed-pave-slim-81101-13-5mm\/#breadcrumb"},"inLanguage":"lt","potentialAction":[{"@type":"ReadAction","target":["https:\/\/hobstop.ee\/lt\/produktas\/kristolinis-karoliukas-swarovski-becharmed-pave-slim-81101-13-5mm\/"]}]},{"@type":"ImageObject","inLanguage":"lt","@id":"https:\/\/hobstop.ee\/lt\/produktas\/kristolinis-karoliukas-swarovski-becharmed-pave-slim-81101-13-5mm\/#primaryimage","url":"https:\/\/hobstop.ee\/media\/4122.jpg","contentUrl":"https:\/\/hobstop.ee\/media\/4122.jpg","width":1024,"height":768},{"@type":"BreadcrumbList","@id":"https:\/\/hobstop.ee\/lt\/produktas\/kristolinis-karoliukas-swarovski-becharmed-pave-slim-81101-13-5mm\/#breadcrumb","itemListElement":[{"@type":"ListItem","position":1,"name":"Avaleht","item":"https:\/\/hobstop.ee\/lt\/"},{"@type":"ListItem","position":2,"name":"Parduotuv\u0117","item":"https:\/\/hobstop.ee\/lt\/parduotuve\/"},{"@type":"ListItem","position":3,"name":"Kri\u0161tolinis karoliukas Swarovski BeCharmed Pave slim 81101 13.5mm"}]},{"@type":"WebSite","@id":"https:\/\/hobstop.ee\/lt\/#website","url":"https:\/\/hobstop.ee\/lt\/","name":"Skizze","description":"Dail\u0117s, pom\u0117gi\u0173 ir mokykliniai reikm\u0117nys","publisher":{"@id":"https:\/\/hobstop.ee\/lt\/#organization"},"potentialAction":[{"@type":"SearchAction","target":{"@type":"EntryPoint","urlTemplate":"https:\/\/hobstop.ee\/lt\/?s={search_term_string}"},"query-input":{"@type":"PropertyValueSpecification","valueRequired":true,"valueName":"search_term_string"}}],"inLanguage":"lt"},{"@type":"Organization","@id":"https:\/\/hobstop.ee\/lt\/#organization","name":"Vunder AS","url":"https:\/\/hobstop.ee\/lt\/","logo":{"@type":"ImageObject","inLanguage":"lt","@id":"https:\/\/hobstop.ee\/lt\/#\/schema\/logo\/image\/","url":"https:\/\/hobstop.ee\/media\/vunder-logo.png","contentUrl":"https:\/\/hobstop.ee\/media\/vunder-logo.png","width":127,"height":55,"caption":"Vunder AS"},"image":{"@id":"https:\/\/hobstop.ee\/lt\/#\/schema\/logo\/image\/"},"sameAs":["http:\/\/www.facebook.com\/VunderSkizze"]}]}},"_links":{"self":[{"href":"https:\/\/hobstop.ee\/lt\/wp-json\/wp\/v2\/product\/238514","targetHints":{"allow":["GET"]}}],"collection":[{"href":"https:\/\/hobstop.ee\/lt\/wp-json\/wp\/v2\/product"}],"about":[{"href":"https:\/\/hobstop.ee\/lt\/wp-json\/wp\/v2\/types\/product"}],"replies":[{"embeddable":true,"href":"https:\/\/hobstop.ee\/lt\/wp-json\/wp\/v2\/comments?post=238514"}],"wp:featuredmedia":[{"embeddable":true,"href":"https:\/\/hobstop.ee\/lt\/wp-json\/wp\/v2\/media\/238970"}],"wp:attachment":[{"href":"https:\/\/hobstop.ee\/lt\/wp-json\/wp\/v2\/media?parent=238514"}],"wp:term":[{"taxonomy":"product_cat","embeddable":true,"href":"https:\/\/hobstop.ee\/lt\/wp-json\/wp\/v2\/product_cat?post=238514"},{"taxonomy":"product_tag","embeddable":true,"href":"https:\/\/hobstop.ee\/lt\/wp-json\/wp\/v2\/product_tag?post=238514"}],"curies":[{"name":"wp","href":"https:\/\/api.w.org\/{rel}","templated":true}]}}