{"id":238530,"date":"2015-12-15T15:48:11","date_gmt":"2015-12-15T13:48:11","guid":{"rendered":"http:\/\/www.vunder.ee\/lt\/product\/kristolinis-karoliukas-swarovski-elements-strele-5748-12mm\/"},"modified":"2015-12-15T15:48:11","modified_gmt":"2015-12-15T13:48:11","slug":"kristolinis-karoliukas-swarovski-strele-5748-12mm","status":"publish","type":"product","link":"https:\/\/hobstop.ee\/lt\/produktas\/kristolinis-karoliukas-swarovski-strele-5748-12mm\/","title":{"rendered":"Kri\u0161tolinis karoliukas Swarovski str\u0117l\u0117 5748 12mm"},"content":{"rendered":"<p>SWAROWSKI ELEMENTS k\u016brybines galimybes riboja tik J\u016bs\u0173 vaizduot\u0117! Nuostabiais Swarovski kri\u0161tolo karoliukais sukursite nepakartojamus juvelyrinius dirbinius ir papuo\u0161ite nam\u0173 interjer\u0105. Unikali Swarovski karoliuk\u0173 ypatyb\u0117 \u2013 taip vadinama \u0161vari kaip kri\u0161tolas anga sukuria dar ry\u0161kesn\u0119 spalv\u0105, u\u017eapvalinti abu kra\u0161tai angos apsaugo v\u0117rinio si\u016bl\u0105 ir palengvina v\u0117rim\u0105. \u201eCREATE YOUR STYLE with SWAROVSKI ELEMENTS\u201c prek\u0117s \u017eenklas u\u017etikrina geriausi\u0105 Austrijos kristal\u0173 kokyb\u0119!<\/p>\n","protected":false},"excerpt":{"rendered":"<p>SWAROWSKI ELEMENTS k\u016brybines galimybes riboja tik J\u016bs\u0173 vaizduot\u0117! Nuostabiais Swarovski kri\u0161tolo karoliukais sukursite nepakartojamus juvelyrinius dirbinius ir papuo\u0161ite nam\u0173 interjer\u0105. Unikali Swarovski karoliuk\u0173 ypatyb\u0117 \u2013 taip vadinama \u0161vari kaip kri\u0161tolas anga sukuria dar ry\u0161kesn\u0119 spalv\u0105, u\u017eapvalinti abu kra\u0161tai angos apsaugo v\u0117rinio si\u016bl\u0105 ir palengvina v\u0117rim\u0105. \u201eCREATE YOUR STYLE with SWAROVSKI ELEMENTS\u201c prek\u0117s \u017eenklas u\u017etikrina geriausi\u0105 Austrijos kristal\u0173 kokyb\u0119!<\/p>\n","protected":false},"featured_media":238986,"comment_status":"closed","ping_status":"closed","template":"","meta":{"_acf_changed":false,"ep_exclude_from_search":false},"product_cat":[19690,19688,17919],"product_tag":[],"class_list":{"0":"post-238530","1":"product","2":"type-product","3":"status-publish","4":"has-post-thumbnail","6":"product_cat-kristalai","7":"product_cat-papuosalu-ruosimas","8":"product_cat-pomegiu-prekes","10":"first","11":"instock","12":"taxable","13":"shipping-taxable","14":"purchasable","15":"product-type-simple"},"acf":[],"yoast_head":"<!-- This site is optimized with the Yoast SEO plugin v24.1 - https:\/\/yoast.com\/wordpress\/plugins\/seo\/ -->\n<title>Kri\u0161tolinis karoliukas Swarovski str\u0117l\u0117 5748 12mm &#8211; Skizze<\/title>\n<meta name=\"robots\" content=\"noindex, follow, max-snippet:-1, max-image-preview:large, max-video-preview:-1\" \/>\n<meta property=\"og:locale\" content=\"lt_LT\" \/>\n<meta property=\"og:type\" content=\"article\" \/>\n<meta property=\"og:title\" content=\"Kri\u0161tolinis karoliukas Swarovski str\u0117l\u0117 5748 12mm &#8211; Skizze\" \/>\n<meta property=\"og:description\" content=\"SWAROWSKI ELEMENTS k\u016brybines galimybes riboja tik J\u016bs\u0173 vaizduot\u0117! Nuostabiais Swarovski kri\u0161tolo karoliukais sukursite nepakartojamus juvelyrinius dirbinius ir papuo\u0161ite nam\u0173 interjer\u0105. Unikali Swarovski karoliuk\u0173 ypatyb\u0117 \u2013 taip vadinama \u0161vari kaip kri\u0161tolas anga sukuria dar ry\u0161kesn\u0119 spalv\u0105, u\u017eapvalinti abu kra\u0161tai angos apsaugo v\u0117rinio si\u016bl\u0105 ir palengvina v\u0117rim\u0105. \u201eCREATE YOUR STYLE with SWAROVSKI ELEMENTS\u201c prek\u0117s \u017eenklas u\u017etikrina geriausi\u0105 Austrijos kristal\u0173 kokyb\u0119!\" \/>\n<meta property=\"og:url\" content=\"https:\/\/hobstop.ee\/lt\/produktas\/kristolinis-karoliukas-swarovski-strele-5748-12mm\/\" \/>\n<meta property=\"og:site_name\" content=\"Skizze\" \/>\n<meta property=\"article:publisher\" content=\"http:\/\/www.facebook.com\/VunderSkizze\" \/>\n<meta property=\"og:image\" content=\"https:\/\/hobstop.ee\/media\/4129.jpg\" \/>\n\t<meta property=\"og:image:width\" content=\"1024\" \/>\n\t<meta property=\"og:image:height\" content=\"768\" \/>\n\t<meta property=\"og:image:type\" content=\"image\/jpeg\" \/>\n<meta name=\"twitter:card\" content=\"summary_large_image\" \/>\n<script type=\"application\/ld+json\" class=\"yoast-schema-graph\">{\"@context\":\"https:\/\/schema.org\",\"@graph\":[{\"@type\":\"WebPage\",\"@id\":\"https:\/\/hobstop.ee\/lt\/produktas\/kristolinis-karoliukas-swarovski-strele-5748-12mm\/\",\"url\":\"https:\/\/hobstop.ee\/lt\/produktas\/kristolinis-karoliukas-swarovski-strele-5748-12mm\/\",\"name\":\"Kri\u0161tolinis karoliukas Swarovski str\u0117l\u0117 5748 12mm &#8211; Skizze\",\"isPartOf\":{\"@id\":\"https:\/\/hobstop.ee\/lt\/#website\"},\"primaryImageOfPage\":{\"@id\":\"https:\/\/hobstop.ee\/lt\/produktas\/kristolinis-karoliukas-swarovski-strele-5748-12mm\/#primaryimage\"},\"image\":{\"@id\":\"https:\/\/hobstop.ee\/lt\/produktas\/kristolinis-karoliukas-swarovski-strele-5748-12mm\/#primaryimage\"},\"thumbnailUrl\":\"https:\/\/hobstop.ee\/media\/4129.jpg\",\"datePublished\":\"2015-12-15T13:48:11+00:00\",\"dateModified\":\"2015-12-15T13:48:11+00:00\",\"breadcrumb\":{\"@id\":\"https:\/\/hobstop.ee\/lt\/produktas\/kristolinis-karoliukas-swarovski-strele-5748-12mm\/#breadcrumb\"},\"inLanguage\":\"lt\",\"potentialAction\":[{\"@type\":\"ReadAction\",\"target\":[\"https:\/\/hobstop.ee\/lt\/produktas\/kristolinis-karoliukas-swarovski-strele-5748-12mm\/\"]}]},{\"@type\":\"ImageObject\",\"inLanguage\":\"lt\",\"@id\":\"https:\/\/hobstop.ee\/lt\/produktas\/kristolinis-karoliukas-swarovski-strele-5748-12mm\/#primaryimage\",\"url\":\"https:\/\/hobstop.ee\/media\/4129.jpg\",\"contentUrl\":\"https:\/\/hobstop.ee\/media\/4129.jpg\",\"width\":1024,\"height\":768},{\"@type\":\"BreadcrumbList\",\"@id\":\"https:\/\/hobstop.ee\/lt\/produktas\/kristolinis-karoliukas-swarovski-strele-5748-12mm\/#breadcrumb\",\"itemListElement\":[{\"@type\":\"ListItem\",\"position\":1,\"name\":\"Avaleht\",\"item\":\"https:\/\/hobstop.ee\/lt\/\"},{\"@type\":\"ListItem\",\"position\":2,\"name\":\"Parduotuv\u0117\",\"item\":\"https:\/\/hobstop.ee\/lt\/parduotuve\/\"},{\"@type\":\"ListItem\",\"position\":3,\"name\":\"Kri\u0161tolinis karoliukas Swarovski str\u0117l\u0117 5748 12mm\"}]},{\"@type\":\"WebSite\",\"@id\":\"https:\/\/hobstop.ee\/lt\/#website\",\"url\":\"https:\/\/hobstop.ee\/lt\/\",\"name\":\"Skizze\",\"description\":\"Dail\u0117s, pom\u0117gi\u0173 ir mokykliniai reikm\u0117nys\",\"publisher\":{\"@id\":\"https:\/\/hobstop.ee\/lt\/#organization\"},\"potentialAction\":[{\"@type\":\"SearchAction\",\"target\":{\"@type\":\"EntryPoint\",\"urlTemplate\":\"https:\/\/hobstop.ee\/lt\/?s={search_term_string}\"},\"query-input\":{\"@type\":\"PropertyValueSpecification\",\"valueRequired\":true,\"valueName\":\"search_term_string\"}}],\"inLanguage\":\"lt\"},{\"@type\":\"Organization\",\"@id\":\"https:\/\/hobstop.ee\/lt\/#organization\",\"name\":\"Vunder AS\",\"url\":\"https:\/\/hobstop.ee\/lt\/\",\"logo\":{\"@type\":\"ImageObject\",\"inLanguage\":\"lt\",\"@id\":\"https:\/\/hobstop.ee\/lt\/#\/schema\/logo\/image\/\",\"url\":\"https:\/\/hobstop.ee\/media\/vunder-logo.png\",\"contentUrl\":\"https:\/\/hobstop.ee\/media\/vunder-logo.png\",\"width\":127,\"height\":55,\"caption\":\"Vunder AS\"},\"image\":{\"@id\":\"https:\/\/hobstop.ee\/lt\/#\/schema\/logo\/image\/\"},\"sameAs\":[\"http:\/\/www.facebook.com\/VunderSkizze\"]}]}<\/script>\n<!-- \/ Yoast SEO plugin. -->","yoast_head_json":{"title":"Kri\u0161tolinis karoliukas Swarovski str\u0117l\u0117 5748 12mm &#8211; Skizze","robots":{"index":"noindex","follow":"follow","max-snippet":"max-snippet:-1","max-image-preview":"max-image-preview:large","max-video-preview":"max-video-preview:-1"},"og_locale":"lt_LT","og_type":"article","og_title":"Kri\u0161tolinis karoliukas Swarovski str\u0117l\u0117 5748 12mm &#8211; Skizze","og_description":"SWAROWSKI ELEMENTS k\u016brybines galimybes riboja tik J\u016bs\u0173 vaizduot\u0117! Nuostabiais Swarovski kri\u0161tolo karoliukais sukursite nepakartojamus juvelyrinius dirbinius ir papuo\u0161ite nam\u0173 interjer\u0105. Unikali Swarovski karoliuk\u0173 ypatyb\u0117 \u2013 taip vadinama \u0161vari kaip kri\u0161tolas anga sukuria dar ry\u0161kesn\u0119 spalv\u0105, u\u017eapvalinti abu kra\u0161tai angos apsaugo v\u0117rinio si\u016bl\u0105 ir palengvina v\u0117rim\u0105. \u201eCREATE YOUR STYLE with SWAROVSKI ELEMENTS\u201c prek\u0117s \u017eenklas u\u017etikrina geriausi\u0105 Austrijos kristal\u0173 kokyb\u0119!","og_url":"https:\/\/hobstop.ee\/lt\/produktas\/kristolinis-karoliukas-swarovski-strele-5748-12mm\/","og_site_name":"Skizze","article_publisher":"http:\/\/www.facebook.com\/VunderSkizze","og_image":[{"width":1024,"height":768,"url":"https:\/\/hobstop.ee\/media\/4129.jpg","type":"image\/jpeg"}],"twitter_card":"summary_large_image","schema":{"@context":"https:\/\/schema.org","@graph":[{"@type":"WebPage","@id":"https:\/\/hobstop.ee\/lt\/produktas\/kristolinis-karoliukas-swarovski-strele-5748-12mm\/","url":"https:\/\/hobstop.ee\/lt\/produktas\/kristolinis-karoliukas-swarovski-strele-5748-12mm\/","name":"Kri\u0161tolinis karoliukas Swarovski str\u0117l\u0117 5748 12mm &#8211; Skizze","isPartOf":{"@id":"https:\/\/hobstop.ee\/lt\/#website"},"primaryImageOfPage":{"@id":"https:\/\/hobstop.ee\/lt\/produktas\/kristolinis-karoliukas-swarovski-strele-5748-12mm\/#primaryimage"},"image":{"@id":"https:\/\/hobstop.ee\/lt\/produktas\/kristolinis-karoliukas-swarovski-strele-5748-12mm\/#primaryimage"},"thumbnailUrl":"https:\/\/hobstop.ee\/media\/4129.jpg","datePublished":"2015-12-15T13:48:11+00:00","dateModified":"2015-12-15T13:48:11+00:00","breadcrumb":{"@id":"https:\/\/hobstop.ee\/lt\/produktas\/kristolinis-karoliukas-swarovski-strele-5748-12mm\/#breadcrumb"},"inLanguage":"lt","potentialAction":[{"@type":"ReadAction","target":["https:\/\/hobstop.ee\/lt\/produktas\/kristolinis-karoliukas-swarovski-strele-5748-12mm\/"]}]},{"@type":"ImageObject","inLanguage":"lt","@id":"https:\/\/hobstop.ee\/lt\/produktas\/kristolinis-karoliukas-swarovski-strele-5748-12mm\/#primaryimage","url":"https:\/\/hobstop.ee\/media\/4129.jpg","contentUrl":"https:\/\/hobstop.ee\/media\/4129.jpg","width":1024,"height":768},{"@type":"BreadcrumbList","@id":"https:\/\/hobstop.ee\/lt\/produktas\/kristolinis-karoliukas-swarovski-strele-5748-12mm\/#breadcrumb","itemListElement":[{"@type":"ListItem","position":1,"name":"Avaleht","item":"https:\/\/hobstop.ee\/lt\/"},{"@type":"ListItem","position":2,"name":"Parduotuv\u0117","item":"https:\/\/hobstop.ee\/lt\/parduotuve\/"},{"@type":"ListItem","position":3,"name":"Kri\u0161tolinis karoliukas Swarovski str\u0117l\u0117 5748 12mm"}]},{"@type":"WebSite","@id":"https:\/\/hobstop.ee\/lt\/#website","url":"https:\/\/hobstop.ee\/lt\/","name":"Skizze","description":"Dail\u0117s, pom\u0117gi\u0173 ir mokykliniai reikm\u0117nys","publisher":{"@id":"https:\/\/hobstop.ee\/lt\/#organization"},"potentialAction":[{"@type":"SearchAction","target":{"@type":"EntryPoint","urlTemplate":"https:\/\/hobstop.ee\/lt\/?s={search_term_string}"},"query-input":{"@type":"PropertyValueSpecification","valueRequired":true,"valueName":"search_term_string"}}],"inLanguage":"lt"},{"@type":"Organization","@id":"https:\/\/hobstop.ee\/lt\/#organization","name":"Vunder AS","url":"https:\/\/hobstop.ee\/lt\/","logo":{"@type":"ImageObject","inLanguage":"lt","@id":"https:\/\/hobstop.ee\/lt\/#\/schema\/logo\/image\/","url":"https:\/\/hobstop.ee\/media\/vunder-logo.png","contentUrl":"https:\/\/hobstop.ee\/media\/vunder-logo.png","width":127,"height":55,"caption":"Vunder AS"},"image":{"@id":"https:\/\/hobstop.ee\/lt\/#\/schema\/logo\/image\/"},"sameAs":["http:\/\/www.facebook.com\/VunderSkizze"]}]}},"_links":{"self":[{"href":"https:\/\/hobstop.ee\/lt\/wp-json\/wp\/v2\/product\/238530","targetHints":{"allow":["GET"]}}],"collection":[{"href":"https:\/\/hobstop.ee\/lt\/wp-json\/wp\/v2\/product"}],"about":[{"href":"https:\/\/hobstop.ee\/lt\/wp-json\/wp\/v2\/types\/product"}],"replies":[{"embeddable":true,"href":"https:\/\/hobstop.ee\/lt\/wp-json\/wp\/v2\/comments?post=238530"}],"wp:featuredmedia":[{"embeddable":true,"href":"https:\/\/hobstop.ee\/lt\/wp-json\/wp\/v2\/media\/238986"}],"wp:attachment":[{"href":"https:\/\/hobstop.ee\/lt\/wp-json\/wp\/v2\/media?parent=238530"}],"wp:term":[{"taxonomy":"product_cat","embeddable":true,"href":"https:\/\/hobstop.ee\/lt\/wp-json\/wp\/v2\/product_cat?post=238530"},{"taxonomy":"product_tag","embeddable":true,"href":"https:\/\/hobstop.ee\/lt\/wp-json\/wp\/v2\/product_tag?post=238530"}],"curies":[{"name":"wp","href":"https:\/\/api.w.org\/{rel}","templated":true}]}}