{"id":23869,"date":"2014-12-09T12:54:28","date_gmt":"2014-12-09T10:54:28","guid":{"rendered":"https:\/\/sharks.ee\/vunder_2019.klient.veebimajutus.ee\/?post_type=product&#038;p=23869"},"modified":"2014-12-09T12:54:28","modified_gmt":"2014-12-09T10:54:28","slug":"tekstiles-dazai-marabu-textil-metallic-50ml","status":"publish","type":"product","link":"https:\/\/hobstop.ee\/lt\/produktas\/tekstiles-dazai-marabu-textil-metallic-50ml\/","title":{"rendered":"Tekstil\u0117s da\u017eai Marabu Textil Metallic 50ml"},"content":{"rendered":"<p>Da\u017eai \u201eMarabu Textil Metallic\u201c ant audinio sukuria eleganti\u0161k\u0105 metalo blizgesio efekt\u0105. Vandens pagrindu pagaminti matiniai tekstil\u0117s da\u017eai tinka \u0161viesiems ir tamsiems audiniams (medvilniniai ir mi\u0161rios sud\u0117ties audiniai, kuriuose yra ne daugiau kaip 20 proc. sintetikos). U\u017efiksavus da\u017eus (lygintuvu arba pakaitinus 8 minutes 150\u00b0 C orkait\u0117je), audin\u012f galima skalbti ne auk\u0161tesn\u0117je nei 40 \u00b0C temperat\u016broje.<\/p>\n","protected":false},"excerpt":{"rendered":"<p>Da\u017eai \u201eMarabu Textil Metallic\u201c ant audinio sukuria eleganti\u0161k\u0105 metalo blizgesio efekt\u0105. Vandens pagrindu pagaminti matiniai tekstil\u0117s da\u017eai tinka \u0161viesiems ir tamsiems audiniams (medvilniniai ir mi\u0161rios sud\u0117ties audiniai, kuriuose yra ne daugiau kaip 20 proc. sintetikos). U\u017efiksavus da\u017eus (lygintuvu arba pakaitinus 8 minutes 150\u00b0 C orkait\u0117je), audin\u012f galima skalbti ne auk\u0161tesn\u0117je nei 40 \u00b0C temperat\u016broje.<\/p>\n","protected":false},"featured_media":0,"comment_status":"closed","ping_status":"closed","template":"","meta":{"_acf_changed":false,"ep_exclude_from_search":false},"product_cat":[17919,14893,18213],"product_tag":[],"class_list":{"0":"post-23869","1":"product","2":"type-product","3":"status-publish","5":"product_cat-pomegiu-prekes","6":"product_cat-tekstilei","7":"product_cat-tekstiles-dazai","9":"first","10":"instock","11":"sale","12":"taxable","13":"shipping-taxable","14":"purchasable","15":"product-type-variable"},"acf":[],"yoast_head":"<!-- This site is optimized with the Yoast SEO plugin v24.1 - https:\/\/yoast.com\/wordpress\/plugins\/seo\/ -->\n<title>Tekstil\u0117s da\u017eai Marabu Textil Metallic 50ml &#8211; Skizze<\/title>\n<meta name=\"robots\" content=\"noindex, follow, max-snippet:-1, max-image-preview:large, max-video-preview:-1\" \/>\n<meta property=\"og:locale\" content=\"lt_LT\" \/>\n<meta property=\"og:type\" content=\"article\" \/>\n<meta property=\"og:title\" content=\"Tekstil\u0117s da\u017eai Marabu Textil Metallic 50ml &#8211; Skizze\" \/>\n<meta property=\"og:description\" content=\"Da\u017eai \u201eMarabu Textil Metallic\u201c ant audinio sukuria eleganti\u0161k\u0105 metalo blizgesio efekt\u0105. Vandens pagrindu pagaminti matiniai tekstil\u0117s da\u017eai tinka \u0161viesiems ir tamsiems audiniams (medvilniniai ir mi\u0161rios sud\u0117ties audiniai, kuriuose yra ne daugiau kaip 20 proc. sintetikos). U\u017efiksavus da\u017eus (lygintuvu arba pakaitinus 8 minutes 150\u00b0 C orkait\u0117je), audin\u012f galima skalbti ne auk\u0161tesn\u0117je nei 40 \u00b0C temperat\u016broje.\" \/>\n<meta property=\"og:url\" content=\"https:\/\/hobstop.ee\/lt\/produktas\/tekstiles-dazai-marabu-textil-metallic-50ml\/\" \/>\n<meta property=\"og:site_name\" content=\"Skizze\" \/>\n<meta property=\"article:publisher\" content=\"http:\/\/www.facebook.com\/VunderSkizze\" \/>\n<meta name=\"twitter:card\" content=\"summary_large_image\" \/>\n<script type=\"application\/ld+json\" class=\"yoast-schema-graph\">{\"@context\":\"https:\/\/schema.org\",\"@graph\":[{\"@type\":\"WebPage\",\"@id\":\"https:\/\/hobstop.ee\/lt\/produktas\/tekstiles-dazai-marabu-textil-metallic-50ml\/\",\"url\":\"https:\/\/hobstop.ee\/lt\/produktas\/tekstiles-dazai-marabu-textil-metallic-50ml\/\",\"name\":\"Tekstil\u0117s da\u017eai Marabu Textil Metallic 50ml &#8211; Skizze\",\"isPartOf\":{\"@id\":\"https:\/\/hobstop.ee\/lt\/#website\"},\"datePublished\":\"2014-12-09T10:54:28+00:00\",\"dateModified\":\"2014-12-09T10:54:28+00:00\",\"breadcrumb\":{\"@id\":\"https:\/\/hobstop.ee\/lt\/produktas\/tekstiles-dazai-marabu-textil-metallic-50ml\/#breadcrumb\"},\"inLanguage\":\"lt\",\"potentialAction\":[{\"@type\":\"ReadAction\",\"target\":[\"https:\/\/hobstop.ee\/lt\/produktas\/tekstiles-dazai-marabu-textil-metallic-50ml\/\"]}]},{\"@type\":\"BreadcrumbList\",\"@id\":\"https:\/\/hobstop.ee\/lt\/produktas\/tekstiles-dazai-marabu-textil-metallic-50ml\/#breadcrumb\",\"itemListElement\":[{\"@type\":\"ListItem\",\"position\":1,\"name\":\"Avaleht\",\"item\":\"https:\/\/hobstop.ee\/lt\/\"},{\"@type\":\"ListItem\",\"position\":2,\"name\":\"Parduotuv\u0117\",\"item\":\"https:\/\/hobstop.ee\/lt\/parduotuve\/\"},{\"@type\":\"ListItem\",\"position\":3,\"name\":\"Tekstil\u0117s da\u017eai Marabu Textil Metallic 50ml\"}]},{\"@type\":\"WebSite\",\"@id\":\"https:\/\/hobstop.ee\/lt\/#website\",\"url\":\"https:\/\/hobstop.ee\/lt\/\",\"name\":\"Skizze\",\"description\":\"Dail\u0117s, pom\u0117gi\u0173 ir mokykliniai reikm\u0117nys\",\"publisher\":{\"@id\":\"https:\/\/hobstop.ee\/lt\/#organization\"},\"potentialAction\":[{\"@type\":\"SearchAction\",\"target\":{\"@type\":\"EntryPoint\",\"urlTemplate\":\"https:\/\/hobstop.ee\/lt\/?s={search_term_string}\"},\"query-input\":{\"@type\":\"PropertyValueSpecification\",\"valueRequired\":true,\"valueName\":\"search_term_string\"}}],\"inLanguage\":\"lt\"},{\"@type\":\"Organization\",\"@id\":\"https:\/\/hobstop.ee\/lt\/#organization\",\"name\":\"Vunder AS\",\"url\":\"https:\/\/hobstop.ee\/lt\/\",\"logo\":{\"@type\":\"ImageObject\",\"inLanguage\":\"lt\",\"@id\":\"https:\/\/hobstop.ee\/lt\/#\/schema\/logo\/image\/\",\"url\":\"https:\/\/hobstop.ee\/media\/vunder-logo.png\",\"contentUrl\":\"https:\/\/hobstop.ee\/media\/vunder-logo.png\",\"width\":127,\"height\":55,\"caption\":\"Vunder AS\"},\"image\":{\"@id\":\"https:\/\/hobstop.ee\/lt\/#\/schema\/logo\/image\/\"},\"sameAs\":[\"http:\/\/www.facebook.com\/VunderSkizze\"]}]}<\/script>\n<!-- \/ Yoast SEO plugin. -->","yoast_head_json":{"title":"Tekstil\u0117s da\u017eai Marabu Textil Metallic 50ml &#8211; Skizze","robots":{"index":"noindex","follow":"follow","max-snippet":"max-snippet:-1","max-image-preview":"max-image-preview:large","max-video-preview":"max-video-preview:-1"},"og_locale":"lt_LT","og_type":"article","og_title":"Tekstil\u0117s da\u017eai Marabu Textil Metallic 50ml &#8211; Skizze","og_description":"Da\u017eai \u201eMarabu Textil Metallic\u201c ant audinio sukuria eleganti\u0161k\u0105 metalo blizgesio efekt\u0105. Vandens pagrindu pagaminti matiniai tekstil\u0117s da\u017eai tinka \u0161viesiems ir tamsiems audiniams (medvilniniai ir mi\u0161rios sud\u0117ties audiniai, kuriuose yra ne daugiau kaip 20 proc. sintetikos). U\u017efiksavus da\u017eus (lygintuvu arba pakaitinus 8 minutes 150\u00b0 C orkait\u0117je), audin\u012f galima skalbti ne auk\u0161tesn\u0117je nei 40 \u00b0C temperat\u016broje.","og_url":"https:\/\/hobstop.ee\/lt\/produktas\/tekstiles-dazai-marabu-textil-metallic-50ml\/","og_site_name":"Skizze","article_publisher":"http:\/\/www.facebook.com\/VunderSkizze","twitter_card":"summary_large_image","schema":{"@context":"https:\/\/schema.org","@graph":[{"@type":"WebPage","@id":"https:\/\/hobstop.ee\/lt\/produktas\/tekstiles-dazai-marabu-textil-metallic-50ml\/","url":"https:\/\/hobstop.ee\/lt\/produktas\/tekstiles-dazai-marabu-textil-metallic-50ml\/","name":"Tekstil\u0117s da\u017eai Marabu Textil Metallic 50ml &#8211; Skizze","isPartOf":{"@id":"https:\/\/hobstop.ee\/lt\/#website"},"datePublished":"2014-12-09T10:54:28+00:00","dateModified":"2014-12-09T10:54:28+00:00","breadcrumb":{"@id":"https:\/\/hobstop.ee\/lt\/produktas\/tekstiles-dazai-marabu-textil-metallic-50ml\/#breadcrumb"},"inLanguage":"lt","potentialAction":[{"@type":"ReadAction","target":["https:\/\/hobstop.ee\/lt\/produktas\/tekstiles-dazai-marabu-textil-metallic-50ml\/"]}]},{"@type":"BreadcrumbList","@id":"https:\/\/hobstop.ee\/lt\/produktas\/tekstiles-dazai-marabu-textil-metallic-50ml\/#breadcrumb","itemListElement":[{"@type":"ListItem","position":1,"name":"Avaleht","item":"https:\/\/hobstop.ee\/lt\/"},{"@type":"ListItem","position":2,"name":"Parduotuv\u0117","item":"https:\/\/hobstop.ee\/lt\/parduotuve\/"},{"@type":"ListItem","position":3,"name":"Tekstil\u0117s da\u017eai Marabu Textil Metallic 50ml"}]},{"@type":"WebSite","@id":"https:\/\/hobstop.ee\/lt\/#website","url":"https:\/\/hobstop.ee\/lt\/","name":"Skizze","description":"Dail\u0117s, pom\u0117gi\u0173 ir mokykliniai reikm\u0117nys","publisher":{"@id":"https:\/\/hobstop.ee\/lt\/#organization"},"potentialAction":[{"@type":"SearchAction","target":{"@type":"EntryPoint","urlTemplate":"https:\/\/hobstop.ee\/lt\/?s={search_term_string}"},"query-input":{"@type":"PropertyValueSpecification","valueRequired":true,"valueName":"search_term_string"}}],"inLanguage":"lt"},{"@type":"Organization","@id":"https:\/\/hobstop.ee\/lt\/#organization","name":"Vunder AS","url":"https:\/\/hobstop.ee\/lt\/","logo":{"@type":"ImageObject","inLanguage":"lt","@id":"https:\/\/hobstop.ee\/lt\/#\/schema\/logo\/image\/","url":"https:\/\/hobstop.ee\/media\/vunder-logo.png","contentUrl":"https:\/\/hobstop.ee\/media\/vunder-logo.png","width":127,"height":55,"caption":"Vunder AS"},"image":{"@id":"https:\/\/hobstop.ee\/lt\/#\/schema\/logo\/image\/"},"sameAs":["http:\/\/www.facebook.com\/VunderSkizze"]}]}},"_links":{"self":[{"href":"https:\/\/hobstop.ee\/lt\/wp-json\/wp\/v2\/product\/23869","targetHints":{"allow":["GET"]}}],"collection":[{"href":"https:\/\/hobstop.ee\/lt\/wp-json\/wp\/v2\/product"}],"about":[{"href":"https:\/\/hobstop.ee\/lt\/wp-json\/wp\/v2\/types\/product"}],"replies":[{"embeddable":true,"href":"https:\/\/hobstop.ee\/lt\/wp-json\/wp\/v2\/comments?post=23869"}],"wp:attachment":[{"href":"https:\/\/hobstop.ee\/lt\/wp-json\/wp\/v2\/media?parent=23869"}],"wp:term":[{"taxonomy":"product_cat","embeddable":true,"href":"https:\/\/hobstop.ee\/lt\/wp-json\/wp\/v2\/product_cat?post=23869"},{"taxonomy":"product_tag","embeddable":true,"href":"https:\/\/hobstop.ee\/lt\/wp-json\/wp\/v2\/product_tag?post=23869"}],"curies":[{"name":"wp","href":"https:\/\/api.w.org\/{rel}","templated":true}]}}