{"id":23897,"date":"2014-12-09T12:54:35","date_gmt":"2014-12-09T10:54:35","guid":{"rendered":"https:\/\/sharks.ee\/vunder_2019.klient.veebimajutus.ee\/?post_type=product&#038;p=23897"},"modified":"2014-12-09T12:54:35","modified_gmt":"2014-12-09T10:54:35","slug":"tusinukas-istrinamas-pilot-frixion","status":"publish","type":"product","link":"https:\/\/hobstop.ee\/lt\/produktas\/tusinukas-istrinamas-pilot-frixion\/","title":{"rendered":"Tu\u0161inukas i\u0161trinamas Pilot Frixion"},"content":{"rendered":"<p>I\u0161trinamas, temperat\u016bros skirtumams jautrus tu\u0161as. Tekst\u0105 galima pa\u017eym\u0117ti, \u017eymes i\u0161trinti ir v\u0117l pa\u017eym\u0117ti, o tekstas i\u0161liks nepa\u017eeistas. D\u0117l i\u0161trinamo ra\u0161alo \u201ePilot FriXion\u201c ra\u0161ikliai negali b\u016bti naudojami para\u0161ams, teisiniams dokumentams, egzaminams ar kitiems i\u0161liekam\u0105j\u0105 vert\u0119 turintiems dokumentams.<br \/>\n&#8211; Guma padengta apatin\u0117 dalis<br \/>\n&#8211; Sumu\u0161imams atsparus rutuliukas i\u0161 volframo ir karbido<br \/>\n&#8211; Kei\u010diama \u0161erdel\u0117<\/p>\n","protected":false},"excerpt":{"rendered":"<p>I\u0161trinamas, temperat\u016bros skirtumams jautrus tu\u0161as. Tekst\u0105 galima pa\u017eym\u0117ti, \u017eymes i\u0161trinti ir v\u0117l pa\u017eym\u0117ti, o tekstas i\u0161liks nepa\u017eeistas. D\u0117l i\u0161trinamo ra\u0161alo \u201ePilot FriXion\u201c ra\u0161ikliai negali b\u016bti naudojami para\u0161ams, teisiniams dokumentams, egzaminams ar kitiems i\u0161liekam\u0105j\u0105 vert\u0119 turintiems dokumentams. &#8211; Guma padengta apatin\u0117 dalis &#8211; Sumu\u0161imams atsparus rutuliukas i\u0161 volframo ir karbido &#8211; Kei\u010diama \u0161erdel\u0117<\/p>\n","protected":false},"featured_media":160595,"comment_status":"closed","ping_status":"closed","template":"","meta":{"_acf_changed":false,"ep_exclude_from_search":false},"product_cat":[17042,19696],"product_tag":[],"class_list":{"0":"post-23897","1":"product","2":"type-product","3":"status-publish","4":"has-post-thumbnail","6":"product_cat-rasymo-priemones-2","7":"product_cat-sratinukai","8":"pa_kma-4328","9":"pa_kma-4329","10":"pa_kma-4331","12":"first","13":"instock","14":"taxable","15":"shipping-taxable","16":"purchasable","17":"product-type-variable"},"acf":[],"yoast_head":"<!-- This site is optimized with the Yoast SEO plugin v24.1 - https:\/\/yoast.com\/wordpress\/plugins\/seo\/ -->\n<title>Tu\u0161inukas i\u0161trinamas Pilot Frixion &#8211; Skizze<\/title>\n<meta name=\"robots\" content=\"noindex, follow, max-snippet:-1, max-image-preview:large, max-video-preview:-1\" \/>\n<meta property=\"og:locale\" content=\"lt_LT\" \/>\n<meta property=\"og:type\" content=\"article\" \/>\n<meta property=\"og:title\" content=\"Tu\u0161inukas i\u0161trinamas Pilot Frixion &#8211; Skizze\" \/>\n<meta property=\"og:description\" content=\"I\u0161trinamas, temperat\u016bros skirtumams jautrus tu\u0161as. Tekst\u0105 galima pa\u017eym\u0117ti, \u017eymes i\u0161trinti ir v\u0117l pa\u017eym\u0117ti, o tekstas i\u0161liks nepa\u017eeistas. D\u0117l i\u0161trinamo ra\u0161alo \u201ePilot FriXion\u201c ra\u0161ikliai negali b\u016bti naudojami para\u0161ams, teisiniams dokumentams, egzaminams ar kitiems i\u0161liekam\u0105j\u0105 vert\u0119 turintiems dokumentams. &#8211; Guma padengta apatin\u0117 dalis &#8211; Sumu\u0161imams atsparus rutuliukas i\u0161 volframo ir karbido &#8211; Kei\u010diama \u0161erdel\u0117\" \/>\n<meta property=\"og:url\" content=\"https:\/\/hobstop.ee\/lt\/produktas\/tusinukas-istrinamas-pilot-frixion\/\" \/>\n<meta property=\"og:site_name\" content=\"Skizze\" \/>\n<meta property=\"article:publisher\" content=\"http:\/\/www.facebook.com\/VunderSkizze\" \/>\n<meta property=\"article:modified_time\" content=\"2014-12-09T10:54:35+00:00\" \/>\n<meta property=\"og:image\" content=\"https:\/\/www.hobstop.ee\/media\/1886.jpg\" \/>\n\t<meta property=\"og:image:width\" content=\"1024\" \/>\n\t<meta property=\"og:image:height\" content=\"768\" \/>\n\t<meta property=\"og:image:type\" content=\"image\/jpeg\" \/>\n<meta name=\"twitter:card\" content=\"summary_large_image\" \/>\n<script type=\"application\/ld+json\" class=\"yoast-schema-graph\">{\"@context\":\"https:\/\/schema.org\",\"@graph\":[{\"@type\":\"WebPage\",\"@id\":\"https:\/\/hobstop.ee\/lt\/produktas\/tusinukas-istrinamas-pilot-frixion\/\",\"url\":\"https:\/\/hobstop.ee\/lt\/produktas\/tusinukas-istrinamas-pilot-frixion\/\",\"name\":\"Tu\u0161inukas i\u0161trinamas Pilot Frixion &#8211; Skizze\",\"isPartOf\":{\"@id\":\"https:\/\/hobstop.ee\/lt\/#website\"},\"primaryImageOfPage\":{\"@id\":\"https:\/\/hobstop.ee\/lt\/produktas\/tusinukas-istrinamas-pilot-frixion\/#primaryimage\"},\"image\":{\"@id\":\"https:\/\/hobstop.ee\/lt\/produktas\/tusinukas-istrinamas-pilot-frixion\/#primaryimage\"},\"thumbnailUrl\":\"https:\/\/hobstop.ee\/media\/1886.jpg\",\"datePublished\":\"-0001-11-30T00:00:00+00:00\",\"dateModified\":\"2014-12-09T10:54:35+00:00\",\"breadcrumb\":{\"@id\":\"https:\/\/hobstop.ee\/lt\/produktas\/tusinukas-istrinamas-pilot-frixion\/#breadcrumb\"},\"inLanguage\":\"lt\",\"potentialAction\":[{\"@type\":\"ReadAction\",\"target\":[\"https:\/\/hobstop.ee\/lt\/produktas\/tusinukas-istrinamas-pilot-frixion\/\"]}]},{\"@type\":\"ImageObject\",\"inLanguage\":\"lt\",\"@id\":\"https:\/\/hobstop.ee\/lt\/produktas\/tusinukas-istrinamas-pilot-frixion\/#primaryimage\",\"url\":\"https:\/\/hobstop.ee\/media\/1886.jpg\",\"contentUrl\":\"https:\/\/hobstop.ee\/media\/1886.jpg\",\"width\":1024,\"height\":768},{\"@type\":\"BreadcrumbList\",\"@id\":\"https:\/\/hobstop.ee\/lt\/produktas\/tusinukas-istrinamas-pilot-frixion\/#breadcrumb\",\"itemListElement\":[{\"@type\":\"ListItem\",\"position\":1,\"name\":\"Avaleht\",\"item\":\"https:\/\/hobstop.ee\/lt\/\"},{\"@type\":\"ListItem\",\"position\":2,\"name\":\"Parduotuv\u0117\",\"item\":\"https:\/\/hobstop.ee\/lt\/parduotuve\/\"},{\"@type\":\"ListItem\",\"position\":3,\"name\":\"Tu\u0161inukas i\u0161trinamas Pilot Frixion\"}]},{\"@type\":\"WebSite\",\"@id\":\"https:\/\/hobstop.ee\/lt\/#website\",\"url\":\"https:\/\/hobstop.ee\/lt\/\",\"name\":\"Skizze\",\"description\":\"Dail\u0117s, pom\u0117gi\u0173 ir mokykliniai reikm\u0117nys\",\"publisher\":{\"@id\":\"https:\/\/hobstop.ee\/lt\/#organization\"},\"potentialAction\":[{\"@type\":\"SearchAction\",\"target\":{\"@type\":\"EntryPoint\",\"urlTemplate\":\"https:\/\/hobstop.ee\/lt\/?s={search_term_string}\"},\"query-input\":{\"@type\":\"PropertyValueSpecification\",\"valueRequired\":true,\"valueName\":\"search_term_string\"}}],\"inLanguage\":\"lt\"},{\"@type\":\"Organization\",\"@id\":\"https:\/\/hobstop.ee\/lt\/#organization\",\"name\":\"Vunder AS\",\"url\":\"https:\/\/hobstop.ee\/lt\/\",\"logo\":{\"@type\":\"ImageObject\",\"inLanguage\":\"lt\",\"@id\":\"https:\/\/hobstop.ee\/lt\/#\/schema\/logo\/image\/\",\"url\":\"https:\/\/hobstop.ee\/media\/vunder-logo.png\",\"contentUrl\":\"https:\/\/hobstop.ee\/media\/vunder-logo.png\",\"width\":127,\"height\":55,\"caption\":\"Vunder AS\"},\"image\":{\"@id\":\"https:\/\/hobstop.ee\/lt\/#\/schema\/logo\/image\/\"},\"sameAs\":[\"http:\/\/www.facebook.com\/VunderSkizze\"]}]}<\/script>\n<!-- \/ Yoast SEO plugin. -->","yoast_head_json":{"title":"Tu\u0161inukas i\u0161trinamas Pilot Frixion &#8211; Skizze","robots":{"index":"noindex","follow":"follow","max-snippet":"max-snippet:-1","max-image-preview":"max-image-preview:large","max-video-preview":"max-video-preview:-1"},"og_locale":"lt_LT","og_type":"article","og_title":"Tu\u0161inukas i\u0161trinamas Pilot Frixion &#8211; Skizze","og_description":"I\u0161trinamas, temperat\u016bros skirtumams jautrus tu\u0161as. Tekst\u0105 galima pa\u017eym\u0117ti, \u017eymes i\u0161trinti ir v\u0117l pa\u017eym\u0117ti, o tekstas i\u0161liks nepa\u017eeistas. D\u0117l i\u0161trinamo ra\u0161alo \u201ePilot FriXion\u201c ra\u0161ikliai negali b\u016bti naudojami para\u0161ams, teisiniams dokumentams, egzaminams ar kitiems i\u0161liekam\u0105j\u0105 vert\u0119 turintiems dokumentams. &#8211; Guma padengta apatin\u0117 dalis &#8211; Sumu\u0161imams atsparus rutuliukas i\u0161 volframo ir karbido &#8211; Kei\u010diama \u0161erdel\u0117","og_url":"https:\/\/hobstop.ee\/lt\/produktas\/tusinukas-istrinamas-pilot-frixion\/","og_site_name":"Skizze","article_publisher":"http:\/\/www.facebook.com\/VunderSkizze","article_modified_time":"2014-12-09T10:54:35+00:00","og_image":[{"width":1024,"height":768,"url":"https:\/\/www.hobstop.ee\/media\/1886.jpg","type":"image\/jpeg"}],"twitter_card":"summary_large_image","schema":{"@context":"https:\/\/schema.org","@graph":[{"@type":"WebPage","@id":"https:\/\/hobstop.ee\/lt\/produktas\/tusinukas-istrinamas-pilot-frixion\/","url":"https:\/\/hobstop.ee\/lt\/produktas\/tusinukas-istrinamas-pilot-frixion\/","name":"Tu\u0161inukas i\u0161trinamas Pilot Frixion &#8211; Skizze","isPartOf":{"@id":"https:\/\/hobstop.ee\/lt\/#website"},"primaryImageOfPage":{"@id":"https:\/\/hobstop.ee\/lt\/produktas\/tusinukas-istrinamas-pilot-frixion\/#primaryimage"},"image":{"@id":"https:\/\/hobstop.ee\/lt\/produktas\/tusinukas-istrinamas-pilot-frixion\/#primaryimage"},"thumbnailUrl":"https:\/\/hobstop.ee\/media\/1886.jpg","datePublished":"-0001-11-30T00:00:00+00:00","dateModified":"2014-12-09T10:54:35+00:00","breadcrumb":{"@id":"https:\/\/hobstop.ee\/lt\/produktas\/tusinukas-istrinamas-pilot-frixion\/#breadcrumb"},"inLanguage":"lt","potentialAction":[{"@type":"ReadAction","target":["https:\/\/hobstop.ee\/lt\/produktas\/tusinukas-istrinamas-pilot-frixion\/"]}]},{"@type":"ImageObject","inLanguage":"lt","@id":"https:\/\/hobstop.ee\/lt\/produktas\/tusinukas-istrinamas-pilot-frixion\/#primaryimage","url":"https:\/\/hobstop.ee\/media\/1886.jpg","contentUrl":"https:\/\/hobstop.ee\/media\/1886.jpg","width":1024,"height":768},{"@type":"BreadcrumbList","@id":"https:\/\/hobstop.ee\/lt\/produktas\/tusinukas-istrinamas-pilot-frixion\/#breadcrumb","itemListElement":[{"@type":"ListItem","position":1,"name":"Avaleht","item":"https:\/\/hobstop.ee\/lt\/"},{"@type":"ListItem","position":2,"name":"Parduotuv\u0117","item":"https:\/\/hobstop.ee\/lt\/parduotuve\/"},{"@type":"ListItem","position":3,"name":"Tu\u0161inukas i\u0161trinamas Pilot Frixion"}]},{"@type":"WebSite","@id":"https:\/\/hobstop.ee\/lt\/#website","url":"https:\/\/hobstop.ee\/lt\/","name":"Skizze","description":"Dail\u0117s, pom\u0117gi\u0173 ir mokykliniai reikm\u0117nys","publisher":{"@id":"https:\/\/hobstop.ee\/lt\/#organization"},"potentialAction":[{"@type":"SearchAction","target":{"@type":"EntryPoint","urlTemplate":"https:\/\/hobstop.ee\/lt\/?s={search_term_string}"},"query-input":{"@type":"PropertyValueSpecification","valueRequired":true,"valueName":"search_term_string"}}],"inLanguage":"lt"},{"@type":"Organization","@id":"https:\/\/hobstop.ee\/lt\/#organization","name":"Vunder AS","url":"https:\/\/hobstop.ee\/lt\/","logo":{"@type":"ImageObject","inLanguage":"lt","@id":"https:\/\/hobstop.ee\/lt\/#\/schema\/logo\/image\/","url":"https:\/\/hobstop.ee\/media\/vunder-logo.png","contentUrl":"https:\/\/hobstop.ee\/media\/vunder-logo.png","width":127,"height":55,"caption":"Vunder AS"},"image":{"@id":"https:\/\/hobstop.ee\/lt\/#\/schema\/logo\/image\/"},"sameAs":["http:\/\/www.facebook.com\/VunderSkizze"]}]}},"_links":{"self":[{"href":"https:\/\/hobstop.ee\/lt\/wp-json\/wp\/v2\/product\/23897","targetHints":{"allow":["GET"]}}],"collection":[{"href":"https:\/\/hobstop.ee\/lt\/wp-json\/wp\/v2\/product"}],"about":[{"href":"https:\/\/hobstop.ee\/lt\/wp-json\/wp\/v2\/types\/product"}],"replies":[{"embeddable":true,"href":"https:\/\/hobstop.ee\/lt\/wp-json\/wp\/v2\/comments?post=23897"}],"wp:featuredmedia":[{"embeddable":true,"href":"https:\/\/hobstop.ee\/lt\/wp-json\/wp\/v2\/media\/160595"}],"wp:attachment":[{"href":"https:\/\/hobstop.ee\/lt\/wp-json\/wp\/v2\/media?parent=23897"}],"wp:term":[{"taxonomy":"product_cat","embeddable":true,"href":"https:\/\/hobstop.ee\/lt\/wp-json\/wp\/v2\/product_cat?post=23897"},{"taxonomy":"product_tag","embeddable":true,"href":"https:\/\/hobstop.ee\/lt\/wp-json\/wp\/v2\/product_tag?post=23897"}],"curies":[{"name":"wp","href":"https:\/\/api.w.org\/{rel}","templated":true}]}}