{"id":239424,"date":"2015-12-16T11:10:10","date_gmt":"2015-12-16T09:10:10","guid":{"rendered":"http:\/\/www.vunder.ee\/lt\/product\/perlo-karoliukas-swarovski-elements-5811-16mm\/"},"modified":"2015-12-16T11:10:10","modified_gmt":"2015-12-16T09:10:10","slug":"perlo-karoliukas-swarovski-5811-16mm","status":"publish","type":"product","link":"https:\/\/hobstop.ee\/lt\/produktas\/perlo-karoliukas-swarovski-5811-16mm\/","title":{"rendered":"Perlo karoliukas Swarovski 5811 16mm"},"content":{"rendered":"<p>Dirbtiniai perlai yra puiki tikr\u0173j\u0173 perl\u0173 kopija \u2013 pana\u0161us j\u0173 svoris ir savyb\u0117s, jie prisitaiko prie odos temperat\u016bros, atspar\u016bs trynimui, \u012fb\u0117\u017eimams, kvepalams, prakaitui ir ultravioletiniams spinduliams. Tai \u2013vieninteliai dirbtiniai kri\u0161tolo pagrindo perlai su naujovi\u0161ku, glotniai lygiu perliniu apvalkalu.<\/p>\n","protected":false},"excerpt":{"rendered":"<p>Dirbtiniai perlai yra puiki tikr\u0173j\u0173 perl\u0173 kopija \u2013 pana\u0161us j\u0173 svoris ir savyb\u0117s, jie prisitaiko prie odos temperat\u016bros, atspar\u016bs trynimui, \u012fb\u0117\u017eimams, kvepalams, prakaitui ir ultravioletiniams spinduliams. Tai \u2013vieninteliai dirbtiniai kri\u0161tolo pagrindo perlai su naujovi\u0161ku, glotniai lygiu perliniu apvalkalu.<\/p>\n","protected":false},"featured_media":239496,"comment_status":"closed","ping_status":"closed","template":"","meta":{"_acf_changed":false,"ep_exclude_from_search":false},"product_cat":[19690,19688,17919],"product_tag":[],"class_list":{"0":"post-239424","1":"product","2":"type-product","3":"status-publish","4":"has-post-thumbnail","6":"product_cat-kristalai","7":"product_cat-papuosalu-ruosimas","8":"product_cat-pomegiu-prekes","10":"first","11":"instock","12":"taxable","13":"shipping-taxable","14":"purchasable","15":"product-type-simple"},"acf":[],"yoast_head":"<!-- This site is optimized with the Yoast SEO plugin v24.1 - https:\/\/yoast.com\/wordpress\/plugins\/seo\/ -->\n<title>Perlo karoliukas Swarovski 5811 16mm &#8211; Skizze<\/title>\n<meta name=\"robots\" content=\"noindex, follow, max-snippet:-1, max-image-preview:large, max-video-preview:-1\" \/>\n<meta property=\"og:locale\" content=\"lt_LT\" \/>\n<meta property=\"og:type\" content=\"article\" \/>\n<meta property=\"og:title\" content=\"Perlo karoliukas Swarovski 5811 16mm &#8211; Skizze\" \/>\n<meta property=\"og:description\" content=\"Dirbtiniai perlai yra puiki tikr\u0173j\u0173 perl\u0173 kopija \u2013 pana\u0161us j\u0173 svoris ir savyb\u0117s, jie prisitaiko prie odos temperat\u016bros, atspar\u016bs trynimui, \u012fb\u0117\u017eimams, kvepalams, prakaitui ir ultravioletiniams spinduliams. Tai \u2013vieninteliai dirbtiniai kri\u0161tolo pagrindo perlai su naujovi\u0161ku, glotniai lygiu perliniu apvalkalu.\" \/>\n<meta property=\"og:url\" content=\"https:\/\/hobstop.ee\/lt\/produktas\/perlo-karoliukas-swarovski-5811-16mm\/\" \/>\n<meta property=\"og:site_name\" content=\"Skizze\" \/>\n<meta property=\"article:publisher\" content=\"http:\/\/www.facebook.com\/VunderSkizze\" \/>\n<meta property=\"og:image\" content=\"https:\/\/hobstop.ee\/media\/4126.jpg\" \/>\n\t<meta property=\"og:image:width\" content=\"1024\" \/>\n\t<meta property=\"og:image:height\" content=\"768\" \/>\n\t<meta property=\"og:image:type\" content=\"image\/jpeg\" \/>\n<meta name=\"twitter:card\" content=\"summary_large_image\" \/>\n<script type=\"application\/ld+json\" class=\"yoast-schema-graph\">{\"@context\":\"https:\/\/schema.org\",\"@graph\":[{\"@type\":\"WebPage\",\"@id\":\"https:\/\/hobstop.ee\/lt\/produktas\/perlo-karoliukas-swarovski-5811-16mm\/\",\"url\":\"https:\/\/hobstop.ee\/lt\/produktas\/perlo-karoliukas-swarovski-5811-16mm\/\",\"name\":\"Perlo karoliukas Swarovski 5811 16mm &#8211; Skizze\",\"isPartOf\":{\"@id\":\"https:\/\/hobstop.ee\/lt\/#website\"},\"primaryImageOfPage\":{\"@id\":\"https:\/\/hobstop.ee\/lt\/produktas\/perlo-karoliukas-swarovski-5811-16mm\/#primaryimage\"},\"image\":{\"@id\":\"https:\/\/hobstop.ee\/lt\/produktas\/perlo-karoliukas-swarovski-5811-16mm\/#primaryimage\"},\"thumbnailUrl\":\"https:\/\/hobstop.ee\/media\/4126.jpg\",\"datePublished\":\"2015-12-16T09:10:10+00:00\",\"dateModified\":\"2015-12-16T09:10:10+00:00\",\"breadcrumb\":{\"@id\":\"https:\/\/hobstop.ee\/lt\/produktas\/perlo-karoliukas-swarovski-5811-16mm\/#breadcrumb\"},\"inLanguage\":\"lt\",\"potentialAction\":[{\"@type\":\"ReadAction\",\"target\":[\"https:\/\/hobstop.ee\/lt\/produktas\/perlo-karoliukas-swarovski-5811-16mm\/\"]}]},{\"@type\":\"ImageObject\",\"inLanguage\":\"lt\",\"@id\":\"https:\/\/hobstop.ee\/lt\/produktas\/perlo-karoliukas-swarovski-5811-16mm\/#primaryimage\",\"url\":\"https:\/\/hobstop.ee\/media\/4126.jpg\",\"contentUrl\":\"https:\/\/hobstop.ee\/media\/4126.jpg\",\"width\":1024,\"height\":768},{\"@type\":\"BreadcrumbList\",\"@id\":\"https:\/\/hobstop.ee\/lt\/produktas\/perlo-karoliukas-swarovski-5811-16mm\/#breadcrumb\",\"itemListElement\":[{\"@type\":\"ListItem\",\"position\":1,\"name\":\"Avaleht\",\"item\":\"https:\/\/hobstop.ee\/lt\/\"},{\"@type\":\"ListItem\",\"position\":2,\"name\":\"Parduotuv\u0117\",\"item\":\"https:\/\/hobstop.ee\/lt\/parduotuve\/\"},{\"@type\":\"ListItem\",\"position\":3,\"name\":\"Perlo karoliukas Swarovski 5811 16mm\"}]},{\"@type\":\"WebSite\",\"@id\":\"https:\/\/hobstop.ee\/lt\/#website\",\"url\":\"https:\/\/hobstop.ee\/lt\/\",\"name\":\"Skizze\",\"description\":\"Dail\u0117s, pom\u0117gi\u0173 ir mokykliniai reikm\u0117nys\",\"publisher\":{\"@id\":\"https:\/\/hobstop.ee\/lt\/#organization\"},\"potentialAction\":[{\"@type\":\"SearchAction\",\"target\":{\"@type\":\"EntryPoint\",\"urlTemplate\":\"https:\/\/hobstop.ee\/lt\/?s={search_term_string}\"},\"query-input\":{\"@type\":\"PropertyValueSpecification\",\"valueRequired\":true,\"valueName\":\"search_term_string\"}}],\"inLanguage\":\"lt\"},{\"@type\":\"Organization\",\"@id\":\"https:\/\/hobstop.ee\/lt\/#organization\",\"name\":\"Vunder AS\",\"url\":\"https:\/\/hobstop.ee\/lt\/\",\"logo\":{\"@type\":\"ImageObject\",\"inLanguage\":\"lt\",\"@id\":\"https:\/\/hobstop.ee\/lt\/#\/schema\/logo\/image\/\",\"url\":\"https:\/\/hobstop.ee\/media\/vunder-logo.png\",\"contentUrl\":\"https:\/\/hobstop.ee\/media\/vunder-logo.png\",\"width\":127,\"height\":55,\"caption\":\"Vunder AS\"},\"image\":{\"@id\":\"https:\/\/hobstop.ee\/lt\/#\/schema\/logo\/image\/\"},\"sameAs\":[\"http:\/\/www.facebook.com\/VunderSkizze\"]}]}<\/script>\n<!-- \/ Yoast SEO plugin. -->","yoast_head_json":{"title":"Perlo karoliukas Swarovski 5811 16mm &#8211; Skizze","robots":{"index":"noindex","follow":"follow","max-snippet":"max-snippet:-1","max-image-preview":"max-image-preview:large","max-video-preview":"max-video-preview:-1"},"og_locale":"lt_LT","og_type":"article","og_title":"Perlo karoliukas Swarovski 5811 16mm &#8211; Skizze","og_description":"Dirbtiniai perlai yra puiki tikr\u0173j\u0173 perl\u0173 kopija \u2013 pana\u0161us j\u0173 svoris ir savyb\u0117s, jie prisitaiko prie odos temperat\u016bros, atspar\u016bs trynimui, \u012fb\u0117\u017eimams, kvepalams, prakaitui ir ultravioletiniams spinduliams. Tai \u2013vieninteliai dirbtiniai kri\u0161tolo pagrindo perlai su naujovi\u0161ku, glotniai lygiu perliniu apvalkalu.","og_url":"https:\/\/hobstop.ee\/lt\/produktas\/perlo-karoliukas-swarovski-5811-16mm\/","og_site_name":"Skizze","article_publisher":"http:\/\/www.facebook.com\/VunderSkizze","og_image":[{"width":1024,"height":768,"url":"https:\/\/hobstop.ee\/media\/4126.jpg","type":"image\/jpeg"}],"twitter_card":"summary_large_image","schema":{"@context":"https:\/\/schema.org","@graph":[{"@type":"WebPage","@id":"https:\/\/hobstop.ee\/lt\/produktas\/perlo-karoliukas-swarovski-5811-16mm\/","url":"https:\/\/hobstop.ee\/lt\/produktas\/perlo-karoliukas-swarovski-5811-16mm\/","name":"Perlo karoliukas Swarovski 5811 16mm &#8211; Skizze","isPartOf":{"@id":"https:\/\/hobstop.ee\/lt\/#website"},"primaryImageOfPage":{"@id":"https:\/\/hobstop.ee\/lt\/produktas\/perlo-karoliukas-swarovski-5811-16mm\/#primaryimage"},"image":{"@id":"https:\/\/hobstop.ee\/lt\/produktas\/perlo-karoliukas-swarovski-5811-16mm\/#primaryimage"},"thumbnailUrl":"https:\/\/hobstop.ee\/media\/4126.jpg","datePublished":"2015-12-16T09:10:10+00:00","dateModified":"2015-12-16T09:10:10+00:00","breadcrumb":{"@id":"https:\/\/hobstop.ee\/lt\/produktas\/perlo-karoliukas-swarovski-5811-16mm\/#breadcrumb"},"inLanguage":"lt","potentialAction":[{"@type":"ReadAction","target":["https:\/\/hobstop.ee\/lt\/produktas\/perlo-karoliukas-swarovski-5811-16mm\/"]}]},{"@type":"ImageObject","inLanguage":"lt","@id":"https:\/\/hobstop.ee\/lt\/produktas\/perlo-karoliukas-swarovski-5811-16mm\/#primaryimage","url":"https:\/\/hobstop.ee\/media\/4126.jpg","contentUrl":"https:\/\/hobstop.ee\/media\/4126.jpg","width":1024,"height":768},{"@type":"BreadcrumbList","@id":"https:\/\/hobstop.ee\/lt\/produktas\/perlo-karoliukas-swarovski-5811-16mm\/#breadcrumb","itemListElement":[{"@type":"ListItem","position":1,"name":"Avaleht","item":"https:\/\/hobstop.ee\/lt\/"},{"@type":"ListItem","position":2,"name":"Parduotuv\u0117","item":"https:\/\/hobstop.ee\/lt\/parduotuve\/"},{"@type":"ListItem","position":3,"name":"Perlo karoliukas Swarovski 5811 16mm"}]},{"@type":"WebSite","@id":"https:\/\/hobstop.ee\/lt\/#website","url":"https:\/\/hobstop.ee\/lt\/","name":"Skizze","description":"Dail\u0117s, pom\u0117gi\u0173 ir mokykliniai reikm\u0117nys","publisher":{"@id":"https:\/\/hobstop.ee\/lt\/#organization"},"potentialAction":[{"@type":"SearchAction","target":{"@type":"EntryPoint","urlTemplate":"https:\/\/hobstop.ee\/lt\/?s={search_term_string}"},"query-input":{"@type":"PropertyValueSpecification","valueRequired":true,"valueName":"search_term_string"}}],"inLanguage":"lt"},{"@type":"Organization","@id":"https:\/\/hobstop.ee\/lt\/#organization","name":"Vunder AS","url":"https:\/\/hobstop.ee\/lt\/","logo":{"@type":"ImageObject","inLanguage":"lt","@id":"https:\/\/hobstop.ee\/lt\/#\/schema\/logo\/image\/","url":"https:\/\/hobstop.ee\/media\/vunder-logo.png","contentUrl":"https:\/\/hobstop.ee\/media\/vunder-logo.png","width":127,"height":55,"caption":"Vunder AS"},"image":{"@id":"https:\/\/hobstop.ee\/lt\/#\/schema\/logo\/image\/"},"sameAs":["http:\/\/www.facebook.com\/VunderSkizze"]}]}},"_links":{"self":[{"href":"https:\/\/hobstop.ee\/lt\/wp-json\/wp\/v2\/product\/239424","targetHints":{"allow":["GET"]}}],"collection":[{"href":"https:\/\/hobstop.ee\/lt\/wp-json\/wp\/v2\/product"}],"about":[{"href":"https:\/\/hobstop.ee\/lt\/wp-json\/wp\/v2\/types\/product"}],"replies":[{"embeddable":true,"href":"https:\/\/hobstop.ee\/lt\/wp-json\/wp\/v2\/comments?post=239424"}],"wp:featuredmedia":[{"embeddable":true,"href":"https:\/\/hobstop.ee\/lt\/wp-json\/wp\/v2\/media\/239496"}],"wp:attachment":[{"href":"https:\/\/hobstop.ee\/lt\/wp-json\/wp\/v2\/media?parent=239424"}],"wp:term":[{"taxonomy":"product_cat","embeddable":true,"href":"https:\/\/hobstop.ee\/lt\/wp-json\/wp\/v2\/product_cat?post=239424"},{"taxonomy":"product_tag","embeddable":true,"href":"https:\/\/hobstop.ee\/lt\/wp-json\/wp\/v2\/product_tag?post=239424"}],"curies":[{"name":"wp","href":"https:\/\/api.w.org\/{rel}","templated":true}]}}