{"id":23974,"date":"2014-12-09T12:55:01","date_gmt":"2014-12-09T10:55:01","guid":{"rendered":"https:\/\/sharks.ee\/vunder_2019.klient.veebimajutus.ee\/?post_type=product&#038;p=23974"},"modified":"2014-12-09T12:55:01","modified_gmt":"2014-12-09T10:55:01","slug":"torseras-daylight-ultimate","status":"publish","type":"product","link":"https:\/\/hobstop.ee\/lt\/produktas\/torseras-daylight-ultimate\/","title":{"rendered":"Tor\u0161eras Daylight Ultimate"},"content":{"rendered":"<p>Klasikiniai antikvarinio stiliaus &#8220;Ultimate&#8221; grindiniai \u0161viestuvai savo stiliumi ir dizainu tobulai prisitaikys prie J\u016bs\u0173 nam\u0173. J\u0173 lanksti vir\u0161\u016bn\u0117 leid\u017eia \u0161velni\u0105 ir prie spalv\u0173 prisiderinan\u010di\u0105 20W Daylight  (100W ekvivalento) \u0161vies\u0105 tiksliai nukreipti Jums pageidaujama kryptimi. Unikalus spyruoklin\u0117s spynel\u0117s mechanizmas suteikia galimyb\u0119 lengvai keisti \u0161viestuvo auk\u0161t\u012f. \u0160is \u0161viestuvas yra parduodamas kartu su trimis prie jo pritvirtinamais priedais: rankdarbi\u0173 pad\u0117klu su dangteliu, dokument\u0173 laikikliu ir didintuvu.<\/p>\n","protected":false},"excerpt":{"rendered":"<p>Klasikiniai antikvarinio stiliaus &#8220;Ultimate&#8221; grindiniai \u0161viestuvai savo stiliumi ir dizainu tobulai prisitaikys prie J\u016bs\u0173 nam\u0173. J\u0173 lanksti vir\u0161\u016bn\u0117 leid\u017eia \u0161velni\u0105 ir prie spalv\u0173 prisiderinan\u010di\u0105 20W Daylight (100W ekvivalento) \u0161vies\u0105 tiksliai nukreipti Jums pageidaujama kryptimi. Unikalus spyruoklin\u0117s spynel\u0117s mechanizmas suteikia galimyb\u0119 lengvai keisti \u0161viestuvo auk\u0161t\u012f. \u0160is \u0161viestuvas yra parduodamas kartu su trimis prie jo pritvirtinamais priedais: rankdarbi\u0173 pad\u0117klu su dangteliu, dokument\u0173 laikikliu ir didintuvu.<\/p>\n","protected":false},"featured_media":103919,"comment_status":"closed","ping_status":"closed","template":"","meta":{"_acf_changed":false,"ep_exclude_from_search":false},"product_cat":[18799,19703],"product_tag":[],"class_list":{"0":"post-23974","1":"product","2":"type-product","3":"status-publish","4":"has-post-thumbnail","6":"product_cat-sviestuvai-2","7":"product_cat-torserai-2","9":"first","10":"outofstock","11":"taxable","12":"shipping-taxable","13":"purchasable","14":"product-type-variable"},"acf":[],"yoast_head":"<!-- This site is optimized with the Yoast SEO plugin v24.1 - https:\/\/yoast.com\/wordpress\/plugins\/seo\/ -->\n<title>Tor\u0161eras Daylight Ultimate &#8211; Skizze<\/title>\n<meta name=\"robots\" content=\"noindex, follow, max-snippet:-1, max-image-preview:large, max-video-preview:-1\" \/>\n<meta property=\"og:locale\" content=\"lt_LT\" \/>\n<meta property=\"og:type\" content=\"article\" \/>\n<meta property=\"og:title\" content=\"Tor\u0161eras Daylight Ultimate &#8211; Skizze\" \/>\n<meta property=\"og:description\" content=\"Klasikiniai antikvarinio stiliaus &#8220;Ultimate&#8221; grindiniai \u0161viestuvai savo stiliumi ir dizainu tobulai prisitaikys prie J\u016bs\u0173 nam\u0173. J\u0173 lanksti vir\u0161\u016bn\u0117 leid\u017eia \u0161velni\u0105 ir prie spalv\u0173 prisiderinan\u010di\u0105 20W Daylight (100W ekvivalento) \u0161vies\u0105 tiksliai nukreipti Jums pageidaujama kryptimi. Unikalus spyruoklin\u0117s spynel\u0117s mechanizmas suteikia galimyb\u0119 lengvai keisti \u0161viestuvo auk\u0161t\u012f. \u0160is \u0161viestuvas yra parduodamas kartu su trimis prie jo pritvirtinamais priedais: rankdarbi\u0173 pad\u0117klu su dangteliu, dokument\u0173 laikikliu ir didintuvu.\" \/>\n<meta property=\"og:url\" content=\"https:\/\/hobstop.ee\/lt\/produktas\/torseras-daylight-ultimate\/\" \/>\n<meta property=\"og:site_name\" content=\"Skizze\" \/>\n<meta property=\"article:publisher\" content=\"http:\/\/www.facebook.com\/VunderSkizze\" \/>\n<meta property=\"og:image\" content=\"https:\/\/hobstop.ee\/media\/1973.jpg\" \/>\n\t<meta property=\"og:image:width\" content=\"1024\" \/>\n\t<meta property=\"og:image:height\" content=\"768\" \/>\n\t<meta property=\"og:image:type\" content=\"image\/jpeg\" \/>\n<meta name=\"twitter:card\" content=\"summary_large_image\" \/>\n<script type=\"application\/ld+json\" class=\"yoast-schema-graph\">{\"@context\":\"https:\/\/schema.org\",\"@graph\":[{\"@type\":\"WebPage\",\"@id\":\"https:\/\/hobstop.ee\/lt\/produktas\/torseras-daylight-ultimate\/\",\"url\":\"https:\/\/hobstop.ee\/lt\/produktas\/torseras-daylight-ultimate\/\",\"name\":\"Tor\u0161eras Daylight Ultimate &#8211; Skizze\",\"isPartOf\":{\"@id\":\"https:\/\/hobstop.ee\/lt\/#website\"},\"primaryImageOfPage\":{\"@id\":\"https:\/\/hobstop.ee\/lt\/produktas\/torseras-daylight-ultimate\/#primaryimage\"},\"image\":{\"@id\":\"https:\/\/hobstop.ee\/lt\/produktas\/torseras-daylight-ultimate\/#primaryimage\"},\"thumbnailUrl\":\"https:\/\/hobstop.ee\/media\/1973.jpg\",\"datePublished\":\"2014-12-09T10:55:01+00:00\",\"dateModified\":\"2014-12-09T10:55:01+00:00\",\"breadcrumb\":{\"@id\":\"https:\/\/hobstop.ee\/lt\/produktas\/torseras-daylight-ultimate\/#breadcrumb\"},\"inLanguage\":\"lt\",\"potentialAction\":[{\"@type\":\"ReadAction\",\"target\":[\"https:\/\/hobstop.ee\/lt\/produktas\/torseras-daylight-ultimate\/\"]}]},{\"@type\":\"ImageObject\",\"inLanguage\":\"lt\",\"@id\":\"https:\/\/hobstop.ee\/lt\/produktas\/torseras-daylight-ultimate\/#primaryimage\",\"url\":\"https:\/\/hobstop.ee\/media\/1973.jpg\",\"contentUrl\":\"https:\/\/hobstop.ee\/media\/1973.jpg\",\"width\":1024,\"height\":768},{\"@type\":\"BreadcrumbList\",\"@id\":\"https:\/\/hobstop.ee\/lt\/produktas\/torseras-daylight-ultimate\/#breadcrumb\",\"itemListElement\":[{\"@type\":\"ListItem\",\"position\":1,\"name\":\"Avaleht\",\"item\":\"https:\/\/hobstop.ee\/lt\/\"},{\"@type\":\"ListItem\",\"position\":2,\"name\":\"Parduotuv\u0117\",\"item\":\"https:\/\/hobstop.ee\/lt\/parduotuve\/\"},{\"@type\":\"ListItem\",\"position\":3,\"name\":\"Tor\u0161eras Daylight Ultimate\"}]},{\"@type\":\"WebSite\",\"@id\":\"https:\/\/hobstop.ee\/lt\/#website\",\"url\":\"https:\/\/hobstop.ee\/lt\/\",\"name\":\"Skizze\",\"description\":\"Dail\u0117s, pom\u0117gi\u0173 ir mokykliniai reikm\u0117nys\",\"publisher\":{\"@id\":\"https:\/\/hobstop.ee\/lt\/#organization\"},\"potentialAction\":[{\"@type\":\"SearchAction\",\"target\":{\"@type\":\"EntryPoint\",\"urlTemplate\":\"https:\/\/hobstop.ee\/lt\/?s={search_term_string}\"},\"query-input\":{\"@type\":\"PropertyValueSpecification\",\"valueRequired\":true,\"valueName\":\"search_term_string\"}}],\"inLanguage\":\"lt\"},{\"@type\":\"Organization\",\"@id\":\"https:\/\/hobstop.ee\/lt\/#organization\",\"name\":\"Vunder AS\",\"url\":\"https:\/\/hobstop.ee\/lt\/\",\"logo\":{\"@type\":\"ImageObject\",\"inLanguage\":\"lt\",\"@id\":\"https:\/\/hobstop.ee\/lt\/#\/schema\/logo\/image\/\",\"url\":\"https:\/\/hobstop.ee\/media\/vunder-logo.png\",\"contentUrl\":\"https:\/\/hobstop.ee\/media\/vunder-logo.png\",\"width\":127,\"height\":55,\"caption\":\"Vunder AS\"},\"image\":{\"@id\":\"https:\/\/hobstop.ee\/lt\/#\/schema\/logo\/image\/\"},\"sameAs\":[\"http:\/\/www.facebook.com\/VunderSkizze\"]}]}<\/script>\n<!-- \/ Yoast SEO plugin. -->","yoast_head_json":{"title":"Tor\u0161eras Daylight Ultimate &#8211; Skizze","robots":{"index":"noindex","follow":"follow","max-snippet":"max-snippet:-1","max-image-preview":"max-image-preview:large","max-video-preview":"max-video-preview:-1"},"og_locale":"lt_LT","og_type":"article","og_title":"Tor\u0161eras Daylight Ultimate &#8211; Skizze","og_description":"Klasikiniai antikvarinio stiliaus &#8220;Ultimate&#8221; grindiniai \u0161viestuvai savo stiliumi ir dizainu tobulai prisitaikys prie J\u016bs\u0173 nam\u0173. J\u0173 lanksti vir\u0161\u016bn\u0117 leid\u017eia \u0161velni\u0105 ir prie spalv\u0173 prisiderinan\u010di\u0105 20W Daylight (100W ekvivalento) \u0161vies\u0105 tiksliai nukreipti Jums pageidaujama kryptimi. Unikalus spyruoklin\u0117s spynel\u0117s mechanizmas suteikia galimyb\u0119 lengvai keisti \u0161viestuvo auk\u0161t\u012f. \u0160is \u0161viestuvas yra parduodamas kartu su trimis prie jo pritvirtinamais priedais: rankdarbi\u0173 pad\u0117klu su dangteliu, dokument\u0173 laikikliu ir didintuvu.","og_url":"https:\/\/hobstop.ee\/lt\/produktas\/torseras-daylight-ultimate\/","og_site_name":"Skizze","article_publisher":"http:\/\/www.facebook.com\/VunderSkizze","og_image":[{"width":1024,"height":768,"url":"https:\/\/hobstop.ee\/media\/1973.jpg","type":"image\/jpeg"}],"twitter_card":"summary_large_image","schema":{"@context":"https:\/\/schema.org","@graph":[{"@type":"WebPage","@id":"https:\/\/hobstop.ee\/lt\/produktas\/torseras-daylight-ultimate\/","url":"https:\/\/hobstop.ee\/lt\/produktas\/torseras-daylight-ultimate\/","name":"Tor\u0161eras Daylight Ultimate &#8211; Skizze","isPartOf":{"@id":"https:\/\/hobstop.ee\/lt\/#website"},"primaryImageOfPage":{"@id":"https:\/\/hobstop.ee\/lt\/produktas\/torseras-daylight-ultimate\/#primaryimage"},"image":{"@id":"https:\/\/hobstop.ee\/lt\/produktas\/torseras-daylight-ultimate\/#primaryimage"},"thumbnailUrl":"https:\/\/hobstop.ee\/media\/1973.jpg","datePublished":"2014-12-09T10:55:01+00:00","dateModified":"2014-12-09T10:55:01+00:00","breadcrumb":{"@id":"https:\/\/hobstop.ee\/lt\/produktas\/torseras-daylight-ultimate\/#breadcrumb"},"inLanguage":"lt","potentialAction":[{"@type":"ReadAction","target":["https:\/\/hobstop.ee\/lt\/produktas\/torseras-daylight-ultimate\/"]}]},{"@type":"ImageObject","inLanguage":"lt","@id":"https:\/\/hobstop.ee\/lt\/produktas\/torseras-daylight-ultimate\/#primaryimage","url":"https:\/\/hobstop.ee\/media\/1973.jpg","contentUrl":"https:\/\/hobstop.ee\/media\/1973.jpg","width":1024,"height":768},{"@type":"BreadcrumbList","@id":"https:\/\/hobstop.ee\/lt\/produktas\/torseras-daylight-ultimate\/#breadcrumb","itemListElement":[{"@type":"ListItem","position":1,"name":"Avaleht","item":"https:\/\/hobstop.ee\/lt\/"},{"@type":"ListItem","position":2,"name":"Parduotuv\u0117","item":"https:\/\/hobstop.ee\/lt\/parduotuve\/"},{"@type":"ListItem","position":3,"name":"Tor\u0161eras Daylight Ultimate"}]},{"@type":"WebSite","@id":"https:\/\/hobstop.ee\/lt\/#website","url":"https:\/\/hobstop.ee\/lt\/","name":"Skizze","description":"Dail\u0117s, pom\u0117gi\u0173 ir mokykliniai reikm\u0117nys","publisher":{"@id":"https:\/\/hobstop.ee\/lt\/#organization"},"potentialAction":[{"@type":"SearchAction","target":{"@type":"EntryPoint","urlTemplate":"https:\/\/hobstop.ee\/lt\/?s={search_term_string}"},"query-input":{"@type":"PropertyValueSpecification","valueRequired":true,"valueName":"search_term_string"}}],"inLanguage":"lt"},{"@type":"Organization","@id":"https:\/\/hobstop.ee\/lt\/#organization","name":"Vunder AS","url":"https:\/\/hobstop.ee\/lt\/","logo":{"@type":"ImageObject","inLanguage":"lt","@id":"https:\/\/hobstop.ee\/lt\/#\/schema\/logo\/image\/","url":"https:\/\/hobstop.ee\/media\/vunder-logo.png","contentUrl":"https:\/\/hobstop.ee\/media\/vunder-logo.png","width":127,"height":55,"caption":"Vunder AS"},"image":{"@id":"https:\/\/hobstop.ee\/lt\/#\/schema\/logo\/image\/"},"sameAs":["http:\/\/www.facebook.com\/VunderSkizze"]}]}},"_links":{"self":[{"href":"https:\/\/hobstop.ee\/lt\/wp-json\/wp\/v2\/product\/23974","targetHints":{"allow":["GET"]}}],"collection":[{"href":"https:\/\/hobstop.ee\/lt\/wp-json\/wp\/v2\/product"}],"about":[{"href":"https:\/\/hobstop.ee\/lt\/wp-json\/wp\/v2\/types\/product"}],"replies":[{"embeddable":true,"href":"https:\/\/hobstop.ee\/lt\/wp-json\/wp\/v2\/comments?post=23974"}],"wp:featuredmedia":[{"embeddable":true,"href":"https:\/\/hobstop.ee\/lt\/wp-json\/wp\/v2\/media\/103919"}],"wp:attachment":[{"href":"https:\/\/hobstop.ee\/lt\/wp-json\/wp\/v2\/media?parent=23974"}],"wp:term":[{"taxonomy":"product_cat","embeddable":true,"href":"https:\/\/hobstop.ee\/lt\/wp-json\/wp\/v2\/product_cat?post=23974"},{"taxonomy":"product_tag","embeddable":true,"href":"https:\/\/hobstop.ee\/lt\/wp-json\/wp\/v2\/product_tag?post=23974"}],"curies":[{"name":"wp","href":"https:\/\/api.w.org\/{rel}","templated":true}]}}