{"id":23995,"date":"2014-12-09T12:55:09","date_gmt":"2014-12-09T10:55:09","guid":{"rendered":"https:\/\/sharks.ee\/vunder_2019.klient.veebimajutus.ee\/?post_type=product&#038;p=23995"},"modified":"2014-12-09T12:55:09","modified_gmt":"2014-12-09T10:55:09","slug":"flomasteris-giotto-be-be","status":"publish","type":"product","link":"https:\/\/hobstop.ee\/lt\/produktas\/flomasteris-giotto-be-be\/","title":{"rendered":"Flomasteris Giotto be-be"},"content":{"rendered":"<p>Su \u201eGiotto Be-Be\u201c flomasteriais vaik\u0173 vaizduot\u0117 yra visi\u0161kai saugi, o spalvinimui n\u0117ra rib\u0173! Dideli flomasteriai tinka labai ma\u017eiems vaikams. Nenuodingi, lengvai nuplaunami nuo rank\u0173 ir audini\u0173, dermatologi\u0161kai patikrinti. Dangteliai su skylut\u0117mis. Dangeliai sukurti taip, kad vaikas negal\u0117t\u0173 paspringti. Vaikams pritaikytas fiksatorius, itin ilgas, tvirtai suimamas galiukas, skersmuo 5mm.<br \/>\nIlgis 14cm<\/p>\n","protected":false},"excerpt":{"rendered":"<p>Su \u201eGiotto Be-Be\u201c flomasteriais vaik\u0173 vaizduot\u0117 yra visi\u0161kai saugi, o spalvinimui n\u0117ra rib\u0173! Dideli flomasteriai tinka labai ma\u017eiems vaikams. Nenuodingi, lengvai nuplaunami nuo rank\u0173 ir audini\u0173, dermatologi\u0161kai patikrinti. Dangteliai su skylut\u0117mis. Dangeliai sukurti taip, kad vaikas negal\u0117t\u0173 paspringti. Vaikams pritaikytas fiksatorius, itin ilgas, tvirtai suimamas galiukas, skersmuo 5mm. Ilgis 14cm<\/p>\n","protected":false},"featured_media":355048,"comment_status":"closed","ping_status":"closed","template":"","meta":{"_acf_changed":false,"ep_exclude_from_search":false},"product_cat":[20390,20396,19836],"product_tag":[],"class_list":{"0":"post-23995","1":"product","2":"type-product","3":"status-publish","4":"has-post-thumbnail","6":"product_cat-dailes-prekes-2","7":"product_cat-piesimas-2","8":"product_cat-vaiku-laisvalaikio-prekes","10":"first","11":"instock","12":"taxable","13":"shipping-taxable","14":"purchasable","15":"product-type-variable"},"acf":[],"yoast_head":"<!-- This site is optimized with the Yoast SEO plugin v24.1 - https:\/\/yoast.com\/wordpress\/plugins\/seo\/ -->\n<title>Flomasteris Giotto be-be &#8211; Skizze<\/title>\n<meta name=\"robots\" content=\"noindex, follow, max-snippet:-1, max-image-preview:large, max-video-preview:-1\" \/>\n<meta property=\"og:locale\" content=\"lt_LT\" \/>\n<meta property=\"og:type\" content=\"article\" \/>\n<meta property=\"og:title\" content=\"Flomasteris Giotto be-be &#8211; Skizze\" \/>\n<meta property=\"og:description\" content=\"Su \u201eGiotto Be-Be\u201c flomasteriais vaik\u0173 vaizduot\u0117 yra visi\u0161kai saugi, o spalvinimui n\u0117ra rib\u0173! Dideli flomasteriai tinka labai ma\u017eiems vaikams. Nenuodingi, lengvai nuplaunami nuo rank\u0173 ir audini\u0173, dermatologi\u0161kai patikrinti. Dangteliai su skylut\u0117mis. Dangeliai sukurti taip, kad vaikas negal\u0117t\u0173 paspringti. Vaikams pritaikytas fiksatorius, itin ilgas, tvirtai suimamas galiukas, skersmuo 5mm. Ilgis 14cm\" \/>\n<meta property=\"og:url\" content=\"https:\/\/hobstop.ee\/lt\/produktas\/flomasteris-giotto-be-be\/\" \/>\n<meta property=\"og:site_name\" content=\"Skizze\" \/>\n<meta property=\"article:publisher\" content=\"http:\/\/www.facebook.com\/VunderSkizze\" \/>\n<meta property=\"og:image\" content=\"https:\/\/hobstop.ee\/media\/2010.jpg\" \/>\n\t<meta property=\"og:image:width\" content=\"1024\" \/>\n\t<meta property=\"og:image:height\" content=\"768\" \/>\n\t<meta property=\"og:image:type\" content=\"image\/jpeg\" \/>\n<meta name=\"twitter:card\" content=\"summary_large_image\" \/>\n<script type=\"application\/ld+json\" class=\"yoast-schema-graph\">{\"@context\":\"https:\/\/schema.org\",\"@graph\":[{\"@type\":\"WebPage\",\"@id\":\"https:\/\/hobstop.ee\/lt\/produktas\/flomasteris-giotto-be-be\/\",\"url\":\"https:\/\/hobstop.ee\/lt\/produktas\/flomasteris-giotto-be-be\/\",\"name\":\"Flomasteris Giotto be-be &#8211; Skizze\",\"isPartOf\":{\"@id\":\"https:\/\/hobstop.ee\/lt\/#website\"},\"primaryImageOfPage\":{\"@id\":\"https:\/\/hobstop.ee\/lt\/produktas\/flomasteris-giotto-be-be\/#primaryimage\"},\"image\":{\"@id\":\"https:\/\/hobstop.ee\/lt\/produktas\/flomasteris-giotto-be-be\/#primaryimage\"},\"thumbnailUrl\":\"https:\/\/hobstop.ee\/media\/2010.jpg\",\"datePublished\":\"2014-12-09T10:55:09+00:00\",\"dateModified\":\"2014-12-09T10:55:09+00:00\",\"breadcrumb\":{\"@id\":\"https:\/\/hobstop.ee\/lt\/produktas\/flomasteris-giotto-be-be\/#breadcrumb\"},\"inLanguage\":\"lt\",\"potentialAction\":[{\"@type\":\"ReadAction\",\"target\":[\"https:\/\/hobstop.ee\/lt\/produktas\/flomasteris-giotto-be-be\/\"]}]},{\"@type\":\"ImageObject\",\"inLanguage\":\"lt\",\"@id\":\"https:\/\/hobstop.ee\/lt\/produktas\/flomasteris-giotto-be-be\/#primaryimage\",\"url\":\"https:\/\/hobstop.ee\/media\/2010.jpg\",\"contentUrl\":\"https:\/\/hobstop.ee\/media\/2010.jpg\",\"width\":1024,\"height\":768},{\"@type\":\"BreadcrumbList\",\"@id\":\"https:\/\/hobstop.ee\/lt\/produktas\/flomasteris-giotto-be-be\/#breadcrumb\",\"itemListElement\":[{\"@type\":\"ListItem\",\"position\":1,\"name\":\"Avaleht\",\"item\":\"https:\/\/hobstop.ee\/lt\/\"},{\"@type\":\"ListItem\",\"position\":2,\"name\":\"Parduotuv\u0117\",\"item\":\"https:\/\/hobstop.ee\/lt\/parduotuve\/\"},{\"@type\":\"ListItem\",\"position\":3,\"name\":\"Flomasteris Giotto be-be\"}]},{\"@type\":\"WebSite\",\"@id\":\"https:\/\/hobstop.ee\/lt\/#website\",\"url\":\"https:\/\/hobstop.ee\/lt\/\",\"name\":\"Skizze\",\"description\":\"Dail\u0117s, pom\u0117gi\u0173 ir mokykliniai reikm\u0117nys\",\"publisher\":{\"@id\":\"https:\/\/hobstop.ee\/lt\/#organization\"},\"potentialAction\":[{\"@type\":\"SearchAction\",\"target\":{\"@type\":\"EntryPoint\",\"urlTemplate\":\"https:\/\/hobstop.ee\/lt\/?s={search_term_string}\"},\"query-input\":{\"@type\":\"PropertyValueSpecification\",\"valueRequired\":true,\"valueName\":\"search_term_string\"}}],\"inLanguage\":\"lt\"},{\"@type\":\"Organization\",\"@id\":\"https:\/\/hobstop.ee\/lt\/#organization\",\"name\":\"Vunder AS\",\"url\":\"https:\/\/hobstop.ee\/lt\/\",\"logo\":{\"@type\":\"ImageObject\",\"inLanguage\":\"lt\",\"@id\":\"https:\/\/hobstop.ee\/lt\/#\/schema\/logo\/image\/\",\"url\":\"https:\/\/hobstop.ee\/media\/vunder-logo.png\",\"contentUrl\":\"https:\/\/hobstop.ee\/media\/vunder-logo.png\",\"width\":127,\"height\":55,\"caption\":\"Vunder AS\"},\"image\":{\"@id\":\"https:\/\/hobstop.ee\/lt\/#\/schema\/logo\/image\/\"},\"sameAs\":[\"http:\/\/www.facebook.com\/VunderSkizze\"]}]}<\/script>\n<!-- \/ Yoast SEO plugin. -->","yoast_head_json":{"title":"Flomasteris Giotto be-be &#8211; Skizze","robots":{"index":"noindex","follow":"follow","max-snippet":"max-snippet:-1","max-image-preview":"max-image-preview:large","max-video-preview":"max-video-preview:-1"},"og_locale":"lt_LT","og_type":"article","og_title":"Flomasteris Giotto be-be &#8211; Skizze","og_description":"Su \u201eGiotto Be-Be\u201c flomasteriais vaik\u0173 vaizduot\u0117 yra visi\u0161kai saugi, o spalvinimui n\u0117ra rib\u0173! Dideli flomasteriai tinka labai ma\u017eiems vaikams. Nenuodingi, lengvai nuplaunami nuo rank\u0173 ir audini\u0173, dermatologi\u0161kai patikrinti. Dangteliai su skylut\u0117mis. Dangeliai sukurti taip, kad vaikas negal\u0117t\u0173 paspringti. Vaikams pritaikytas fiksatorius, itin ilgas, tvirtai suimamas galiukas, skersmuo 5mm. Ilgis 14cm","og_url":"https:\/\/hobstop.ee\/lt\/produktas\/flomasteris-giotto-be-be\/","og_site_name":"Skizze","article_publisher":"http:\/\/www.facebook.com\/VunderSkizze","og_image":[{"width":1024,"height":768,"url":"https:\/\/hobstop.ee\/media\/2010.jpg","type":"image\/jpeg"}],"twitter_card":"summary_large_image","schema":{"@context":"https:\/\/schema.org","@graph":[{"@type":"WebPage","@id":"https:\/\/hobstop.ee\/lt\/produktas\/flomasteris-giotto-be-be\/","url":"https:\/\/hobstop.ee\/lt\/produktas\/flomasteris-giotto-be-be\/","name":"Flomasteris Giotto be-be &#8211; Skizze","isPartOf":{"@id":"https:\/\/hobstop.ee\/lt\/#website"},"primaryImageOfPage":{"@id":"https:\/\/hobstop.ee\/lt\/produktas\/flomasteris-giotto-be-be\/#primaryimage"},"image":{"@id":"https:\/\/hobstop.ee\/lt\/produktas\/flomasteris-giotto-be-be\/#primaryimage"},"thumbnailUrl":"https:\/\/hobstop.ee\/media\/2010.jpg","datePublished":"2014-12-09T10:55:09+00:00","dateModified":"2014-12-09T10:55:09+00:00","breadcrumb":{"@id":"https:\/\/hobstop.ee\/lt\/produktas\/flomasteris-giotto-be-be\/#breadcrumb"},"inLanguage":"lt","potentialAction":[{"@type":"ReadAction","target":["https:\/\/hobstop.ee\/lt\/produktas\/flomasteris-giotto-be-be\/"]}]},{"@type":"ImageObject","inLanguage":"lt","@id":"https:\/\/hobstop.ee\/lt\/produktas\/flomasteris-giotto-be-be\/#primaryimage","url":"https:\/\/hobstop.ee\/media\/2010.jpg","contentUrl":"https:\/\/hobstop.ee\/media\/2010.jpg","width":1024,"height":768},{"@type":"BreadcrumbList","@id":"https:\/\/hobstop.ee\/lt\/produktas\/flomasteris-giotto-be-be\/#breadcrumb","itemListElement":[{"@type":"ListItem","position":1,"name":"Avaleht","item":"https:\/\/hobstop.ee\/lt\/"},{"@type":"ListItem","position":2,"name":"Parduotuv\u0117","item":"https:\/\/hobstop.ee\/lt\/parduotuve\/"},{"@type":"ListItem","position":3,"name":"Flomasteris Giotto be-be"}]},{"@type":"WebSite","@id":"https:\/\/hobstop.ee\/lt\/#website","url":"https:\/\/hobstop.ee\/lt\/","name":"Skizze","description":"Dail\u0117s, pom\u0117gi\u0173 ir mokykliniai reikm\u0117nys","publisher":{"@id":"https:\/\/hobstop.ee\/lt\/#organization"},"potentialAction":[{"@type":"SearchAction","target":{"@type":"EntryPoint","urlTemplate":"https:\/\/hobstop.ee\/lt\/?s={search_term_string}"},"query-input":{"@type":"PropertyValueSpecification","valueRequired":true,"valueName":"search_term_string"}}],"inLanguage":"lt"},{"@type":"Organization","@id":"https:\/\/hobstop.ee\/lt\/#organization","name":"Vunder AS","url":"https:\/\/hobstop.ee\/lt\/","logo":{"@type":"ImageObject","inLanguage":"lt","@id":"https:\/\/hobstop.ee\/lt\/#\/schema\/logo\/image\/","url":"https:\/\/hobstop.ee\/media\/vunder-logo.png","contentUrl":"https:\/\/hobstop.ee\/media\/vunder-logo.png","width":127,"height":55,"caption":"Vunder AS"},"image":{"@id":"https:\/\/hobstop.ee\/lt\/#\/schema\/logo\/image\/"},"sameAs":["http:\/\/www.facebook.com\/VunderSkizze"]}]}},"_links":{"self":[{"href":"https:\/\/hobstop.ee\/lt\/wp-json\/wp\/v2\/product\/23995","targetHints":{"allow":["GET"]}}],"collection":[{"href":"https:\/\/hobstop.ee\/lt\/wp-json\/wp\/v2\/product"}],"about":[{"href":"https:\/\/hobstop.ee\/lt\/wp-json\/wp\/v2\/types\/product"}],"replies":[{"embeddable":true,"href":"https:\/\/hobstop.ee\/lt\/wp-json\/wp\/v2\/comments?post=23995"}],"wp:featuredmedia":[{"embeddable":true,"href":"https:\/\/hobstop.ee\/lt\/wp-json\/wp\/v2\/media\/355048"}],"wp:attachment":[{"href":"https:\/\/hobstop.ee\/lt\/wp-json\/wp\/v2\/media?parent=23995"}],"wp:term":[{"taxonomy":"product_cat","embeddable":true,"href":"https:\/\/hobstop.ee\/lt\/wp-json\/wp\/v2\/product_cat?post=23995"},{"taxonomy":"product_tag","embeddable":true,"href":"https:\/\/hobstop.ee\/lt\/wp-json\/wp\/v2\/product_tag?post=23995"}],"curies":[{"name":"wp","href":"https:\/\/api.w.org\/{rel}","templated":true}]}}