{"id":24019,"date":"2014-12-09T12:55:17","date_gmt":"2014-12-09T10:55:17","guid":{"rendered":"https:\/\/sharks.ee\/vunder_2019.klient.veebimajutus.ee\/?post_type=product&#038;p=24019"},"modified":"2014-12-09T12:55:17","modified_gmt":"2014-12-09T10:55:17","slug":"lipdymo-mase-das","status":"publish","type":"product","link":"https:\/\/hobstop.ee\/lt\/produktas\/lipdymo-mase-das\/","title":{"rendered":"Lipdymo mas\u0117 DAS"},"content":{"rendered":"<p>Nuo 1968-\u0173j\u0173 met\u0173 \u201eDas\u201c \u017einomas visiems, kas domisi lipdymu: tinka \u012fvairioms technikoms \u2013 bareljefams, skulpt\u016brai, mozaikai ir dangoms. Lengvai i\u0161lyginamas, leid\u017eia sukurti tvirtus ir patvarius, bet kokiomis s\u0105lygomis naudojamos k\u016brinius. Galima dekoruoti universaliais da\u017eais ir \u017eymekliais. Nat\u016brali med\u017eiaga, ore savaime kiet\u0117ja, nereikia i\u0161degti. Puiki galimyb\u0117 \u201esuformuoti\u201c ir \u201enulipdyti\u201c savo gyvenim\u0105. Tinka naudoti ant \u012fvairaus pagrindo \u2013 medienos, atviruk\u0173, terakotos. Dekoruoti galima plakat\u0173 da\u017eais ir laku. I\u0161 \u201eDas\u201c pagaminti daiktai yra tvirti ir patvar\u016bs.<\/p>\n","protected":false},"excerpt":{"rendered":"<p>Nuo 1968-\u0173j\u0173 met\u0173 \u201eDas\u201c \u017einomas visiems, kas domisi lipdymu: tinka \u012fvairioms technikoms \u2013 bareljefams, skulpt\u016brai, mozaikai ir dangoms. Lengvai i\u0161lyginamas, leid\u017eia sukurti tvirtus ir patvarius, bet kokiomis s\u0105lygomis naudojamos k\u016brinius. Galima dekoruoti universaliais da\u017eais ir \u017eymekliais. Nat\u016brali med\u017eiaga, ore savaime kiet\u0117ja, nereikia i\u0161degti. Puiki galimyb\u0117 \u201esuformuoti\u201c ir \u201enulipdyti\u201c savo gyvenim\u0105. Tinka naudoti ant \u012fvairaus pagrindo \u2013 medienos, atviruk\u0173, terakotos. Dekoruoti galima plakat\u0173 da\u017eais ir laku. I\u0161 \u201eDas\u201c pagaminti daiktai yra tvirti ir patvar\u016bs.<\/p>\n","protected":false},"featured_media":104011,"comment_status":"closed","ping_status":"closed","template":"","meta":{"_acf_changed":false,"ep_exclude_from_search":false},"product_cat":[20087,18192,17919],"product_tag":[],"class_list":{"0":"post-24019","1":"product","2":"type-product","3":"status-publish","4":"has-post-thumbnail","6":"product_cat-medziagos-ir-priemones-lipdymui","7":"product_cat-molis","8":"product_cat-pomegiu-prekes","10":"first","11":"instock","12":"taxable","13":"shipping-taxable","14":"purchasable","15":"product-type-variable"},"acf":[],"yoast_head":"<!-- This site is optimized with the Yoast SEO plugin v24.1 - https:\/\/yoast.com\/wordpress\/plugins\/seo\/ -->\n<title>Lipdymo mas\u0117 DAS &#8211; Skizze<\/title>\n<meta name=\"robots\" content=\"noindex, follow, max-snippet:-1, max-image-preview:large, max-video-preview:-1\" \/>\n<meta property=\"og:locale\" content=\"lt_LT\" \/>\n<meta property=\"og:type\" content=\"article\" \/>\n<meta property=\"og:title\" content=\"Lipdymo mas\u0117 DAS &#8211; Skizze\" \/>\n<meta property=\"og:description\" content=\"Nuo 1968-\u0173j\u0173 met\u0173 \u201eDas\u201c \u017einomas visiems, kas domisi lipdymu: tinka \u012fvairioms technikoms \u2013 bareljefams, skulpt\u016brai, mozaikai ir dangoms. Lengvai i\u0161lyginamas, leid\u017eia sukurti tvirtus ir patvarius, bet kokiomis s\u0105lygomis naudojamos k\u016brinius. Galima dekoruoti universaliais da\u017eais ir \u017eymekliais. Nat\u016brali med\u017eiaga, ore savaime kiet\u0117ja, nereikia i\u0161degti. Puiki galimyb\u0117 \u201esuformuoti\u201c ir \u201enulipdyti\u201c savo gyvenim\u0105. Tinka naudoti ant \u012fvairaus pagrindo \u2013 medienos, atviruk\u0173, terakotos. Dekoruoti galima plakat\u0173 da\u017eais ir laku. I\u0161 \u201eDas\u201c pagaminti daiktai yra tvirti ir patvar\u016bs.\" \/>\n<meta property=\"og:url\" content=\"https:\/\/hobstop.ee\/lt\/produktas\/lipdymo-mase-das\/\" \/>\n<meta property=\"og:site_name\" content=\"Skizze\" \/>\n<meta property=\"article:publisher\" content=\"http:\/\/www.facebook.com\/VunderSkizze\" \/>\n<meta property=\"og:image\" content=\"https:\/\/hobstop.ee\/media\/2029.jpg\" \/>\n\t<meta property=\"og:image:width\" content=\"1024\" \/>\n\t<meta property=\"og:image:height\" content=\"768\" \/>\n\t<meta property=\"og:image:type\" content=\"image\/jpeg\" \/>\n<meta name=\"twitter:card\" content=\"summary_large_image\" \/>\n<script type=\"application\/ld+json\" class=\"yoast-schema-graph\">{\"@context\":\"https:\/\/schema.org\",\"@graph\":[{\"@type\":\"WebPage\",\"@id\":\"https:\/\/hobstop.ee\/lt\/produktas\/lipdymo-mase-das\/\",\"url\":\"https:\/\/hobstop.ee\/lt\/produktas\/lipdymo-mase-das\/\",\"name\":\"Lipdymo mas\u0117 DAS &#8211; Skizze\",\"isPartOf\":{\"@id\":\"https:\/\/hobstop.ee\/lt\/#website\"},\"primaryImageOfPage\":{\"@id\":\"https:\/\/hobstop.ee\/lt\/produktas\/lipdymo-mase-das\/#primaryimage\"},\"image\":{\"@id\":\"https:\/\/hobstop.ee\/lt\/produktas\/lipdymo-mase-das\/#primaryimage\"},\"thumbnailUrl\":\"https:\/\/hobstop.ee\/media\/2029.jpg\",\"datePublished\":\"2014-12-09T10:55:17+00:00\",\"dateModified\":\"2014-12-09T10:55:17+00:00\",\"breadcrumb\":{\"@id\":\"https:\/\/hobstop.ee\/lt\/produktas\/lipdymo-mase-das\/#breadcrumb\"},\"inLanguage\":\"lt\",\"potentialAction\":[{\"@type\":\"ReadAction\",\"target\":[\"https:\/\/hobstop.ee\/lt\/produktas\/lipdymo-mase-das\/\"]}]},{\"@type\":\"ImageObject\",\"inLanguage\":\"lt\",\"@id\":\"https:\/\/hobstop.ee\/lt\/produktas\/lipdymo-mase-das\/#primaryimage\",\"url\":\"https:\/\/hobstop.ee\/media\/2029.jpg\",\"contentUrl\":\"https:\/\/hobstop.ee\/media\/2029.jpg\",\"width\":1024,\"height\":768},{\"@type\":\"BreadcrumbList\",\"@id\":\"https:\/\/hobstop.ee\/lt\/produktas\/lipdymo-mase-das\/#breadcrumb\",\"itemListElement\":[{\"@type\":\"ListItem\",\"position\":1,\"name\":\"Avaleht\",\"item\":\"https:\/\/hobstop.ee\/lt\/\"},{\"@type\":\"ListItem\",\"position\":2,\"name\":\"Parduotuv\u0117\",\"item\":\"https:\/\/hobstop.ee\/lt\/parduotuve\/\"},{\"@type\":\"ListItem\",\"position\":3,\"name\":\"Lipdymo mas\u0117 DAS\"}]},{\"@type\":\"WebSite\",\"@id\":\"https:\/\/hobstop.ee\/lt\/#website\",\"url\":\"https:\/\/hobstop.ee\/lt\/\",\"name\":\"Skizze\",\"description\":\"Dail\u0117s, pom\u0117gi\u0173 ir mokykliniai reikm\u0117nys\",\"publisher\":{\"@id\":\"https:\/\/hobstop.ee\/lt\/#organization\"},\"potentialAction\":[{\"@type\":\"SearchAction\",\"target\":{\"@type\":\"EntryPoint\",\"urlTemplate\":\"https:\/\/hobstop.ee\/lt\/?s={search_term_string}\"},\"query-input\":{\"@type\":\"PropertyValueSpecification\",\"valueRequired\":true,\"valueName\":\"search_term_string\"}}],\"inLanguage\":\"lt\"},{\"@type\":\"Organization\",\"@id\":\"https:\/\/hobstop.ee\/lt\/#organization\",\"name\":\"Vunder AS\",\"url\":\"https:\/\/hobstop.ee\/lt\/\",\"logo\":{\"@type\":\"ImageObject\",\"inLanguage\":\"lt\",\"@id\":\"https:\/\/hobstop.ee\/lt\/#\/schema\/logo\/image\/\",\"url\":\"https:\/\/hobstop.ee\/media\/vunder-logo.png\",\"contentUrl\":\"https:\/\/hobstop.ee\/media\/vunder-logo.png\",\"width\":127,\"height\":55,\"caption\":\"Vunder AS\"},\"image\":{\"@id\":\"https:\/\/hobstop.ee\/lt\/#\/schema\/logo\/image\/\"},\"sameAs\":[\"http:\/\/www.facebook.com\/VunderSkizze\"]}]}<\/script>\n<!-- \/ Yoast SEO plugin. -->","yoast_head_json":{"title":"Lipdymo mas\u0117 DAS &#8211; Skizze","robots":{"index":"noindex","follow":"follow","max-snippet":"max-snippet:-1","max-image-preview":"max-image-preview:large","max-video-preview":"max-video-preview:-1"},"og_locale":"lt_LT","og_type":"article","og_title":"Lipdymo mas\u0117 DAS &#8211; Skizze","og_description":"Nuo 1968-\u0173j\u0173 met\u0173 \u201eDas\u201c \u017einomas visiems, kas domisi lipdymu: tinka \u012fvairioms technikoms \u2013 bareljefams, skulpt\u016brai, mozaikai ir dangoms. Lengvai i\u0161lyginamas, leid\u017eia sukurti tvirtus ir patvarius, bet kokiomis s\u0105lygomis naudojamos k\u016brinius. Galima dekoruoti universaliais da\u017eais ir \u017eymekliais. Nat\u016brali med\u017eiaga, ore savaime kiet\u0117ja, nereikia i\u0161degti. Puiki galimyb\u0117 \u201esuformuoti\u201c ir \u201enulipdyti\u201c savo gyvenim\u0105. Tinka naudoti ant \u012fvairaus pagrindo \u2013 medienos, atviruk\u0173, terakotos. Dekoruoti galima plakat\u0173 da\u017eais ir laku. I\u0161 \u201eDas\u201c pagaminti daiktai yra tvirti ir patvar\u016bs.","og_url":"https:\/\/hobstop.ee\/lt\/produktas\/lipdymo-mase-das\/","og_site_name":"Skizze","article_publisher":"http:\/\/www.facebook.com\/VunderSkizze","og_image":[{"width":1024,"height":768,"url":"https:\/\/hobstop.ee\/media\/2029.jpg","type":"image\/jpeg"}],"twitter_card":"summary_large_image","schema":{"@context":"https:\/\/schema.org","@graph":[{"@type":"WebPage","@id":"https:\/\/hobstop.ee\/lt\/produktas\/lipdymo-mase-das\/","url":"https:\/\/hobstop.ee\/lt\/produktas\/lipdymo-mase-das\/","name":"Lipdymo mas\u0117 DAS &#8211; Skizze","isPartOf":{"@id":"https:\/\/hobstop.ee\/lt\/#website"},"primaryImageOfPage":{"@id":"https:\/\/hobstop.ee\/lt\/produktas\/lipdymo-mase-das\/#primaryimage"},"image":{"@id":"https:\/\/hobstop.ee\/lt\/produktas\/lipdymo-mase-das\/#primaryimage"},"thumbnailUrl":"https:\/\/hobstop.ee\/media\/2029.jpg","datePublished":"2014-12-09T10:55:17+00:00","dateModified":"2014-12-09T10:55:17+00:00","breadcrumb":{"@id":"https:\/\/hobstop.ee\/lt\/produktas\/lipdymo-mase-das\/#breadcrumb"},"inLanguage":"lt","potentialAction":[{"@type":"ReadAction","target":["https:\/\/hobstop.ee\/lt\/produktas\/lipdymo-mase-das\/"]}]},{"@type":"ImageObject","inLanguage":"lt","@id":"https:\/\/hobstop.ee\/lt\/produktas\/lipdymo-mase-das\/#primaryimage","url":"https:\/\/hobstop.ee\/media\/2029.jpg","contentUrl":"https:\/\/hobstop.ee\/media\/2029.jpg","width":1024,"height":768},{"@type":"BreadcrumbList","@id":"https:\/\/hobstop.ee\/lt\/produktas\/lipdymo-mase-das\/#breadcrumb","itemListElement":[{"@type":"ListItem","position":1,"name":"Avaleht","item":"https:\/\/hobstop.ee\/lt\/"},{"@type":"ListItem","position":2,"name":"Parduotuv\u0117","item":"https:\/\/hobstop.ee\/lt\/parduotuve\/"},{"@type":"ListItem","position":3,"name":"Lipdymo mas\u0117 DAS"}]},{"@type":"WebSite","@id":"https:\/\/hobstop.ee\/lt\/#website","url":"https:\/\/hobstop.ee\/lt\/","name":"Skizze","description":"Dail\u0117s, pom\u0117gi\u0173 ir mokykliniai reikm\u0117nys","publisher":{"@id":"https:\/\/hobstop.ee\/lt\/#organization"},"potentialAction":[{"@type":"SearchAction","target":{"@type":"EntryPoint","urlTemplate":"https:\/\/hobstop.ee\/lt\/?s={search_term_string}"},"query-input":{"@type":"PropertyValueSpecification","valueRequired":true,"valueName":"search_term_string"}}],"inLanguage":"lt"},{"@type":"Organization","@id":"https:\/\/hobstop.ee\/lt\/#organization","name":"Vunder AS","url":"https:\/\/hobstop.ee\/lt\/","logo":{"@type":"ImageObject","inLanguage":"lt","@id":"https:\/\/hobstop.ee\/lt\/#\/schema\/logo\/image\/","url":"https:\/\/hobstop.ee\/media\/vunder-logo.png","contentUrl":"https:\/\/hobstop.ee\/media\/vunder-logo.png","width":127,"height":55,"caption":"Vunder AS"},"image":{"@id":"https:\/\/hobstop.ee\/lt\/#\/schema\/logo\/image\/"},"sameAs":["http:\/\/www.facebook.com\/VunderSkizze"]}]}},"_links":{"self":[{"href":"https:\/\/hobstop.ee\/lt\/wp-json\/wp\/v2\/product\/24019","targetHints":{"allow":["GET"]}}],"collection":[{"href":"https:\/\/hobstop.ee\/lt\/wp-json\/wp\/v2\/product"}],"about":[{"href":"https:\/\/hobstop.ee\/lt\/wp-json\/wp\/v2\/types\/product"}],"replies":[{"embeddable":true,"href":"https:\/\/hobstop.ee\/lt\/wp-json\/wp\/v2\/comments?post=24019"}],"wp:featuredmedia":[{"embeddable":true,"href":"https:\/\/hobstop.ee\/lt\/wp-json\/wp\/v2\/media\/104011"}],"wp:attachment":[{"href":"https:\/\/hobstop.ee\/lt\/wp-json\/wp\/v2\/media?parent=24019"}],"wp:term":[{"taxonomy":"product_cat","embeddable":true,"href":"https:\/\/hobstop.ee\/lt\/wp-json\/wp\/v2\/product_cat?post=24019"},{"taxonomy":"product_tag","embeddable":true,"href":"https:\/\/hobstop.ee\/lt\/wp-json\/wp\/v2\/product_tag?post=24019"}],"curies":[{"name":"wp","href":"https:\/\/api.w.org\/{rel}","templated":true}]}}