{"id":24061,"date":"2014-12-09T12:55:33","date_gmt":"2014-12-09T10:55:33","guid":{"rendered":"https:\/\/sharks.ee\/vunder_2019.klient.veebimajutus.ee\/?post_type=product&#038;p=24061"},"modified":"2014-12-09T12:55:33","modified_gmt":"2014-12-09T10:55:33","slug":"spalvotas-piestukas-derwent-metallic","status":"publish","type":"product","link":"https:\/\/hobstop.ee\/lt\/produktas\/spalvotas-piestukas-derwent-metallic\/","title":{"rendered":"Spalvotas pie\u0161tukas Derwent Metallic"},"content":{"rendered":"<p>\u0160ie ry\u0161k\u016bs ir blizg\u016bs pie\u0161tukai J\u016bs\u0173 pie\u0161iniams suteiks spindesio. Geriausiai j\u0173 efektas yra matyti ant tamsaus fono. Juos galima naudoti atskirai arba su kitomis priemon\u0117mis ir suteikti pie\u0161iniams blizgaus ry\u0161kumo ir i\u0161ry\u0161kinti \u0161viesesnes vietas. Pie\u0161tukas \u201eDerwent Metallic\u201c yra tirpus vandenyje, tod\u0117l juo galima sukurti \u012fdomius efektus i\u0161 linij\u0173 ir i\u0161liet\u0173 detali\u0173. Puikiai tinka visiems k\u016brybiniams projektams.<br \/>\n\u0160e\u0161iabriaunis 6.9mm kotelis, \u0161erdel\u0117s skersmuo: 3.4mm.<\/p>\n","protected":false},"excerpt":{"rendered":"<p>\u0160ie ry\u0161k\u016bs ir blizg\u016bs pie\u0161tukai J\u016bs\u0173 pie\u0161iniams suteiks spindesio. Geriausiai j\u0173 efektas yra matyti ant tamsaus fono. Juos galima naudoti atskirai arba su kitomis priemon\u0117mis ir suteikti pie\u0161iniams blizgaus ry\u0161kumo ir i\u0161ry\u0161kinti \u0161viesesnes vietas. Pie\u0161tukas \u201eDerwent Metallic\u201c yra tirpus vandenyje, tod\u0117l juo galima sukurti \u012fdomius efektus i\u0161 linij\u0173 ir i\u0161liet\u0173 detali\u0173. Puikiai tinka visiems k\u016brybiniams projektams. \u0160e\u0161iabriaunis 6.9mm kotelis, \u0161erdel\u0117s skersmuo: 3.4mm.<\/p>\n","protected":false},"featured_media":104083,"comment_status":"closed","ping_status":"closed","template":"","meta":{"_acf_changed":false,"ep_exclude_from_search":false},"product_cat":[16124,18932,15017],"product_tag":[],"class_list":{"0":"post-24061","1":"product","2":"type-product","3":"status-publish","4":"has-post-thumbnail","6":"product_cat-dailes-prekes","7":"product_cat-piesimo-reikmenys-3","8":"product_cat-olivarvid","10":"first","11":"instock","12":"taxable","13":"shipping-taxable","14":"purchasable","15":"product-type-variable"},"acf":[],"yoast_head":"<!-- This site is optimized with the Yoast SEO plugin v24.1 - https:\/\/yoast.com\/wordpress\/plugins\/seo\/ -->\n<title>Spalvotas pie\u0161tukas Derwent Metallic &#8211; Skizze<\/title>\n<meta name=\"robots\" content=\"noindex, follow, max-snippet:-1, max-image-preview:large, max-video-preview:-1\" \/>\n<meta property=\"og:locale\" content=\"lt_LT\" \/>\n<meta property=\"og:type\" content=\"article\" \/>\n<meta property=\"og:title\" content=\"Spalvotas pie\u0161tukas Derwent Metallic &#8211; Skizze\" \/>\n<meta property=\"og:description\" content=\"\u0160ie ry\u0161k\u016bs ir blizg\u016bs pie\u0161tukai J\u016bs\u0173 pie\u0161iniams suteiks spindesio. Geriausiai j\u0173 efektas yra matyti ant tamsaus fono. Juos galima naudoti atskirai arba su kitomis priemon\u0117mis ir suteikti pie\u0161iniams blizgaus ry\u0161kumo ir i\u0161ry\u0161kinti \u0161viesesnes vietas. Pie\u0161tukas \u201eDerwent Metallic\u201c yra tirpus vandenyje, tod\u0117l juo galima sukurti \u012fdomius efektus i\u0161 linij\u0173 ir i\u0161liet\u0173 detali\u0173. Puikiai tinka visiems k\u016brybiniams projektams. \u0160e\u0161iabriaunis 6.9mm kotelis, \u0161erdel\u0117s skersmuo: 3.4mm.\" \/>\n<meta property=\"og:url\" content=\"https:\/\/hobstop.ee\/lt\/produktas\/spalvotas-piestukas-derwent-metallic\/\" \/>\n<meta property=\"og:site_name\" content=\"Skizze\" \/>\n<meta property=\"article:publisher\" content=\"http:\/\/www.facebook.com\/VunderSkizze\" \/>\n<meta property=\"og:image\" content=\"https:\/\/hobstop.ee\/media\/2062.jpg\" \/>\n\t<meta property=\"og:image:width\" content=\"1024\" \/>\n\t<meta property=\"og:image:height\" content=\"768\" \/>\n\t<meta property=\"og:image:type\" content=\"image\/jpeg\" \/>\n<meta name=\"twitter:card\" content=\"summary_large_image\" \/>\n<script type=\"application\/ld+json\" class=\"yoast-schema-graph\">{\"@context\":\"https:\/\/schema.org\",\"@graph\":[{\"@type\":\"WebPage\",\"@id\":\"https:\/\/hobstop.ee\/lt\/produktas\/spalvotas-piestukas-derwent-metallic\/\",\"url\":\"https:\/\/hobstop.ee\/lt\/produktas\/spalvotas-piestukas-derwent-metallic\/\",\"name\":\"Spalvotas pie\u0161tukas Derwent Metallic &#8211; Skizze\",\"isPartOf\":{\"@id\":\"https:\/\/hobstop.ee\/lt\/#website\"},\"primaryImageOfPage\":{\"@id\":\"https:\/\/hobstop.ee\/lt\/produktas\/spalvotas-piestukas-derwent-metallic\/#primaryimage\"},\"image\":{\"@id\":\"https:\/\/hobstop.ee\/lt\/produktas\/spalvotas-piestukas-derwent-metallic\/#primaryimage\"},\"thumbnailUrl\":\"https:\/\/hobstop.ee\/media\/2062.jpg\",\"datePublished\":\"2014-12-09T10:55:33+00:00\",\"dateModified\":\"2014-12-09T10:55:33+00:00\",\"breadcrumb\":{\"@id\":\"https:\/\/hobstop.ee\/lt\/produktas\/spalvotas-piestukas-derwent-metallic\/#breadcrumb\"},\"inLanguage\":\"lt\",\"potentialAction\":[{\"@type\":\"ReadAction\",\"target\":[\"https:\/\/hobstop.ee\/lt\/produktas\/spalvotas-piestukas-derwent-metallic\/\"]}]},{\"@type\":\"ImageObject\",\"inLanguage\":\"lt\",\"@id\":\"https:\/\/hobstop.ee\/lt\/produktas\/spalvotas-piestukas-derwent-metallic\/#primaryimage\",\"url\":\"https:\/\/hobstop.ee\/media\/2062.jpg\",\"contentUrl\":\"https:\/\/hobstop.ee\/media\/2062.jpg\",\"width\":1024,\"height\":768},{\"@type\":\"BreadcrumbList\",\"@id\":\"https:\/\/hobstop.ee\/lt\/produktas\/spalvotas-piestukas-derwent-metallic\/#breadcrumb\",\"itemListElement\":[{\"@type\":\"ListItem\",\"position\":1,\"name\":\"Avaleht\",\"item\":\"https:\/\/hobstop.ee\/lt\/\"},{\"@type\":\"ListItem\",\"position\":2,\"name\":\"Parduotuv\u0117\",\"item\":\"https:\/\/hobstop.ee\/lt\/parduotuve\/\"},{\"@type\":\"ListItem\",\"position\":3,\"name\":\"Spalvotas pie\u0161tukas Derwent Metallic\"}]},{\"@type\":\"WebSite\",\"@id\":\"https:\/\/hobstop.ee\/lt\/#website\",\"url\":\"https:\/\/hobstop.ee\/lt\/\",\"name\":\"Skizze\",\"description\":\"Dail\u0117s, pom\u0117gi\u0173 ir mokykliniai reikm\u0117nys\",\"publisher\":{\"@id\":\"https:\/\/hobstop.ee\/lt\/#organization\"},\"potentialAction\":[{\"@type\":\"SearchAction\",\"target\":{\"@type\":\"EntryPoint\",\"urlTemplate\":\"https:\/\/hobstop.ee\/lt\/?s={search_term_string}\"},\"query-input\":{\"@type\":\"PropertyValueSpecification\",\"valueRequired\":true,\"valueName\":\"search_term_string\"}}],\"inLanguage\":\"lt\"},{\"@type\":\"Organization\",\"@id\":\"https:\/\/hobstop.ee\/lt\/#organization\",\"name\":\"Vunder AS\",\"url\":\"https:\/\/hobstop.ee\/lt\/\",\"logo\":{\"@type\":\"ImageObject\",\"inLanguage\":\"lt\",\"@id\":\"https:\/\/hobstop.ee\/lt\/#\/schema\/logo\/image\/\",\"url\":\"https:\/\/hobstop.ee\/media\/vunder-logo.png\",\"contentUrl\":\"https:\/\/hobstop.ee\/media\/vunder-logo.png\",\"width\":127,\"height\":55,\"caption\":\"Vunder AS\"},\"image\":{\"@id\":\"https:\/\/hobstop.ee\/lt\/#\/schema\/logo\/image\/\"},\"sameAs\":[\"http:\/\/www.facebook.com\/VunderSkizze\"]}]}<\/script>\n<!-- \/ Yoast SEO plugin. -->","yoast_head_json":{"title":"Spalvotas pie\u0161tukas Derwent Metallic &#8211; Skizze","robots":{"index":"noindex","follow":"follow","max-snippet":"max-snippet:-1","max-image-preview":"max-image-preview:large","max-video-preview":"max-video-preview:-1"},"og_locale":"lt_LT","og_type":"article","og_title":"Spalvotas pie\u0161tukas Derwent Metallic &#8211; Skizze","og_description":"\u0160ie ry\u0161k\u016bs ir blizg\u016bs pie\u0161tukai J\u016bs\u0173 pie\u0161iniams suteiks spindesio. Geriausiai j\u0173 efektas yra matyti ant tamsaus fono. Juos galima naudoti atskirai arba su kitomis priemon\u0117mis ir suteikti pie\u0161iniams blizgaus ry\u0161kumo ir i\u0161ry\u0161kinti \u0161viesesnes vietas. Pie\u0161tukas \u201eDerwent Metallic\u201c yra tirpus vandenyje, tod\u0117l juo galima sukurti \u012fdomius efektus i\u0161 linij\u0173 ir i\u0161liet\u0173 detali\u0173. Puikiai tinka visiems k\u016brybiniams projektams. \u0160e\u0161iabriaunis 6.9mm kotelis, \u0161erdel\u0117s skersmuo: 3.4mm.","og_url":"https:\/\/hobstop.ee\/lt\/produktas\/spalvotas-piestukas-derwent-metallic\/","og_site_name":"Skizze","article_publisher":"http:\/\/www.facebook.com\/VunderSkizze","og_image":[{"width":1024,"height":768,"url":"https:\/\/hobstop.ee\/media\/2062.jpg","type":"image\/jpeg"}],"twitter_card":"summary_large_image","schema":{"@context":"https:\/\/schema.org","@graph":[{"@type":"WebPage","@id":"https:\/\/hobstop.ee\/lt\/produktas\/spalvotas-piestukas-derwent-metallic\/","url":"https:\/\/hobstop.ee\/lt\/produktas\/spalvotas-piestukas-derwent-metallic\/","name":"Spalvotas pie\u0161tukas Derwent Metallic &#8211; Skizze","isPartOf":{"@id":"https:\/\/hobstop.ee\/lt\/#website"},"primaryImageOfPage":{"@id":"https:\/\/hobstop.ee\/lt\/produktas\/spalvotas-piestukas-derwent-metallic\/#primaryimage"},"image":{"@id":"https:\/\/hobstop.ee\/lt\/produktas\/spalvotas-piestukas-derwent-metallic\/#primaryimage"},"thumbnailUrl":"https:\/\/hobstop.ee\/media\/2062.jpg","datePublished":"2014-12-09T10:55:33+00:00","dateModified":"2014-12-09T10:55:33+00:00","breadcrumb":{"@id":"https:\/\/hobstop.ee\/lt\/produktas\/spalvotas-piestukas-derwent-metallic\/#breadcrumb"},"inLanguage":"lt","potentialAction":[{"@type":"ReadAction","target":["https:\/\/hobstop.ee\/lt\/produktas\/spalvotas-piestukas-derwent-metallic\/"]}]},{"@type":"ImageObject","inLanguage":"lt","@id":"https:\/\/hobstop.ee\/lt\/produktas\/spalvotas-piestukas-derwent-metallic\/#primaryimage","url":"https:\/\/hobstop.ee\/media\/2062.jpg","contentUrl":"https:\/\/hobstop.ee\/media\/2062.jpg","width":1024,"height":768},{"@type":"BreadcrumbList","@id":"https:\/\/hobstop.ee\/lt\/produktas\/spalvotas-piestukas-derwent-metallic\/#breadcrumb","itemListElement":[{"@type":"ListItem","position":1,"name":"Avaleht","item":"https:\/\/hobstop.ee\/lt\/"},{"@type":"ListItem","position":2,"name":"Parduotuv\u0117","item":"https:\/\/hobstop.ee\/lt\/parduotuve\/"},{"@type":"ListItem","position":3,"name":"Spalvotas pie\u0161tukas Derwent Metallic"}]},{"@type":"WebSite","@id":"https:\/\/hobstop.ee\/lt\/#website","url":"https:\/\/hobstop.ee\/lt\/","name":"Skizze","description":"Dail\u0117s, pom\u0117gi\u0173 ir mokykliniai reikm\u0117nys","publisher":{"@id":"https:\/\/hobstop.ee\/lt\/#organization"},"potentialAction":[{"@type":"SearchAction","target":{"@type":"EntryPoint","urlTemplate":"https:\/\/hobstop.ee\/lt\/?s={search_term_string}"},"query-input":{"@type":"PropertyValueSpecification","valueRequired":true,"valueName":"search_term_string"}}],"inLanguage":"lt"},{"@type":"Organization","@id":"https:\/\/hobstop.ee\/lt\/#organization","name":"Vunder AS","url":"https:\/\/hobstop.ee\/lt\/","logo":{"@type":"ImageObject","inLanguage":"lt","@id":"https:\/\/hobstop.ee\/lt\/#\/schema\/logo\/image\/","url":"https:\/\/hobstop.ee\/media\/vunder-logo.png","contentUrl":"https:\/\/hobstop.ee\/media\/vunder-logo.png","width":127,"height":55,"caption":"Vunder AS"},"image":{"@id":"https:\/\/hobstop.ee\/lt\/#\/schema\/logo\/image\/"},"sameAs":["http:\/\/www.facebook.com\/VunderSkizze"]}]}},"_links":{"self":[{"href":"https:\/\/hobstop.ee\/lt\/wp-json\/wp\/v2\/product\/24061","targetHints":{"allow":["GET"]}}],"collection":[{"href":"https:\/\/hobstop.ee\/lt\/wp-json\/wp\/v2\/product"}],"about":[{"href":"https:\/\/hobstop.ee\/lt\/wp-json\/wp\/v2\/types\/product"}],"replies":[{"embeddable":true,"href":"https:\/\/hobstop.ee\/lt\/wp-json\/wp\/v2\/comments?post=24061"}],"wp:featuredmedia":[{"embeddable":true,"href":"https:\/\/hobstop.ee\/lt\/wp-json\/wp\/v2\/media\/104083"}],"wp:attachment":[{"href":"https:\/\/hobstop.ee\/lt\/wp-json\/wp\/v2\/media?parent=24061"}],"wp:term":[{"taxonomy":"product_cat","embeddable":true,"href":"https:\/\/hobstop.ee\/lt\/wp-json\/wp\/v2\/product_cat?post=24061"},{"taxonomy":"product_tag","embeddable":true,"href":"https:\/\/hobstop.ee\/lt\/wp-json\/wp\/v2\/product_tag?post=24061"}],"curies":[{"name":"wp","href":"https:\/\/api.w.org\/{rel}","templated":true}]}}