{"id":24071,"date":"2014-12-09T12:55:38","date_gmt":"2014-12-09T10:55:38","guid":{"rendered":"https:\/\/sharks.ee\/vunder_2019.klient.veebimajutus.ee\/?post_type=product&#038;p=24071"},"modified":"2014-12-09T12:55:38","modified_gmt":"2014-12-09T10:55:38","slug":"aliejines-pasteles-sennelier","status":"publish","type":"product","link":"https:\/\/hobstop.ee\/lt\/produktas\/aliejines-pasteles-sennelier\/","title":{"rendered":"Aliejin\u0117s pastel\u0117s Sennelier"},"content":{"rendered":"<p>Aliejin\u0117je pastel\u0117je \u201eSennelier\u201c i\u0161naudojamos visos \u201eSennelier\u201c da\u017euose esan\u010di\u0173 med\u017eiag\u0173 savyb\u0117s \u2013 auk\u0161\u010diausios kokyb\u0117s pigmentai, itin \u0161vari ri\u0161amoji med\u017eiaga ir mineralinis va\u0161kas. Pigmentai yra malami su inerti\u0161ka, ned\u017ei\u016bstan\u010dia ri\u0161am\u0105ja med\u017eiaga, kuri nesioksiduoja ir nedaro \u012ftakos sluoksnio stabilumui ar pavir\u0161iui. \u0160i bazin\u0117 med\u017eiaga v\u0117liau sumai\u0161oma su va\u0161ku (pH \u2013 neutralus). Mi\u0161inio vientisumas \u201eSennelier\u201c pastel\u0117ms suteikia unikal\u0173 alyvingum\u0105 ir kremin\u0119 tekst\u016br\u0105, leisdamas nevar\u017eomai naudoti i\u0161rai\u0161kos priemon\u0117s. Aliejini\u0173 pasteli\u0173 \u201eSennelier\u201c sud\u0117tyje yra itin daug pigmento, tod\u0117l jomis yra paprasta pie\u0161ti, jos labai ry\u0161kios ir atsparios \u0161viesai (i\u0161skyrus metalinius ir fluorescuojan\u010dius atspalvius).<br \/>\nd=9.5mm, ilgis 63.5mm<\/p>\n","protected":false},"excerpt":{"rendered":"<p>Aliejin\u0117je pastel\u0117je \u201eSennelier\u201c i\u0161naudojamos visos \u201eSennelier\u201c da\u017euose esan\u010di\u0173 med\u017eiag\u0173 savyb\u0117s \u2013 auk\u0161\u010diausios kokyb\u0117s pigmentai, itin \u0161vari ri\u0161amoji med\u017eiaga ir mineralinis va\u0161kas. Pigmentai yra malami su inerti\u0161ka, ned\u017ei\u016bstan\u010dia ri\u0161am\u0105ja med\u017eiaga, kuri nesioksiduoja ir nedaro \u012ftakos sluoksnio stabilumui ar pavir\u0161iui. \u0160i bazin\u0117 med\u017eiaga v\u0117liau sumai\u0161oma su va\u0161ku (pH \u2013 neutralus). Mi\u0161inio vientisumas \u201eSennelier\u201c pastel\u0117ms suteikia unikal\u0173 alyvingum\u0105 ir kremin\u0119 tekst\u016br\u0105, leisdamas nevar\u017eomai naudoti i\u0161rai\u0161kos priemon\u0117s. Aliejini\u0173 pasteli\u0173 \u201eSennelier\u201c sud\u0117tyje yra itin daug pigmento, tod\u0117l jomis yra paprasta pie\u0161ti, jos labai ry\u0161kios ir atsparios \u0161viesai (i\u0161skyrus metalinius ir fluorescuojan\u010dius atspalvius). d=9.5mm, ilgis 63.5mm<\/p>\n","protected":false},"featured_media":145377,"comment_status":"closed","ping_status":"closed","template":"","meta":{"_acf_changed":false,"ep_exclude_from_search":false},"product_cat":[15019,16124,18932],"product_tag":[],"class_list":{"0":"post-24071","1":"product","2":"type-product","3":"status-publish","4":"has-post-thumbnail","6":"product_cat-vihikud","7":"product_cat-dailes-prekes","8":"product_cat-piesimo-reikmenys-3","9":"pa_kma-4939","10":"pa_kma-4973","12":"first","13":"instock","14":"taxable","15":"shipping-taxable","16":"purchasable","17":"product-type-variable"},"acf":[],"yoast_head":"<!-- This site is optimized with the Yoast SEO plugin v24.1 - https:\/\/yoast.com\/wordpress\/plugins\/seo\/ -->\n<title>Aliejin\u0117s pastel\u0117s Sennelier &#8211; Skizze<\/title>\n<meta name=\"robots\" content=\"noindex, follow, max-snippet:-1, max-image-preview:large, max-video-preview:-1\" \/>\n<meta property=\"og:locale\" content=\"lt_LT\" \/>\n<meta property=\"og:type\" content=\"article\" \/>\n<meta property=\"og:title\" content=\"Aliejin\u0117s pastel\u0117s Sennelier &#8211; Skizze\" \/>\n<meta property=\"og:description\" content=\"Aliejin\u0117je pastel\u0117je \u201eSennelier\u201c i\u0161naudojamos visos \u201eSennelier\u201c da\u017euose esan\u010di\u0173 med\u017eiag\u0173 savyb\u0117s \u2013 auk\u0161\u010diausios kokyb\u0117s pigmentai, itin \u0161vari ri\u0161amoji med\u017eiaga ir mineralinis va\u0161kas. Pigmentai yra malami su inerti\u0161ka, ned\u017ei\u016bstan\u010dia ri\u0161am\u0105ja med\u017eiaga, kuri nesioksiduoja ir nedaro \u012ftakos sluoksnio stabilumui ar pavir\u0161iui. \u0160i bazin\u0117 med\u017eiaga v\u0117liau sumai\u0161oma su va\u0161ku (pH \u2013 neutralus). Mi\u0161inio vientisumas \u201eSennelier\u201c pastel\u0117ms suteikia unikal\u0173 alyvingum\u0105 ir kremin\u0119 tekst\u016br\u0105, leisdamas nevar\u017eomai naudoti i\u0161rai\u0161kos priemon\u0117s. Aliejini\u0173 pasteli\u0173 \u201eSennelier\u201c sud\u0117tyje yra itin daug pigmento, tod\u0117l jomis yra paprasta pie\u0161ti, jos labai ry\u0161kios ir atsparios \u0161viesai (i\u0161skyrus metalinius ir fluorescuojan\u010dius atspalvius). d=9.5mm, ilgis 63.5mm\" \/>\n<meta property=\"og:url\" content=\"https:\/\/hobstop.ee\/lt\/produktas\/aliejines-pasteles-sennelier\/\" \/>\n<meta property=\"og:site_name\" content=\"Skizze\" \/>\n<meta property=\"article:publisher\" content=\"http:\/\/www.facebook.com\/VunderSkizze\" \/>\n<meta property=\"og:image\" content=\"https:\/\/hobstop.ee\/media\/2070.jpg\" \/>\n\t<meta property=\"og:image:width\" content=\"1024\" \/>\n\t<meta property=\"og:image:height\" content=\"768\" \/>\n\t<meta property=\"og:image:type\" content=\"image\/jpeg\" \/>\n<meta name=\"twitter:card\" content=\"summary_large_image\" \/>\n<meta name=\"twitter:label1\" content=\"Est. reading time\" \/>\n\t<meta name=\"twitter:data1\" content=\"1 minute\" \/>\n<script type=\"application\/ld+json\" class=\"yoast-schema-graph\">{\"@context\":\"https:\/\/schema.org\",\"@graph\":[{\"@type\":\"WebPage\",\"@id\":\"https:\/\/hobstop.ee\/lt\/produktas\/aliejines-pasteles-sennelier\/\",\"url\":\"https:\/\/hobstop.ee\/lt\/produktas\/aliejines-pasteles-sennelier\/\",\"name\":\"Aliejin\u0117s pastel\u0117s Sennelier &#8211; Skizze\",\"isPartOf\":{\"@id\":\"https:\/\/hobstop.ee\/lt\/#website\"},\"primaryImageOfPage\":{\"@id\":\"https:\/\/hobstop.ee\/lt\/produktas\/aliejines-pasteles-sennelier\/#primaryimage\"},\"image\":{\"@id\":\"https:\/\/hobstop.ee\/lt\/produktas\/aliejines-pasteles-sennelier\/#primaryimage\"},\"thumbnailUrl\":\"https:\/\/hobstop.ee\/media\/2070.jpg\",\"datePublished\":\"2014-12-09T10:55:38+00:00\",\"dateModified\":\"2014-12-09T10:55:38+00:00\",\"breadcrumb\":{\"@id\":\"https:\/\/hobstop.ee\/lt\/produktas\/aliejines-pasteles-sennelier\/#breadcrumb\"},\"inLanguage\":\"lt\",\"potentialAction\":[{\"@type\":\"ReadAction\",\"target\":[\"https:\/\/hobstop.ee\/lt\/produktas\/aliejines-pasteles-sennelier\/\"]}]},{\"@type\":\"ImageObject\",\"inLanguage\":\"lt\",\"@id\":\"https:\/\/hobstop.ee\/lt\/produktas\/aliejines-pasteles-sennelier\/#primaryimage\",\"url\":\"https:\/\/hobstop.ee\/media\/2070.jpg\",\"contentUrl\":\"https:\/\/hobstop.ee\/media\/2070.jpg\",\"width\":1024,\"height\":768},{\"@type\":\"BreadcrumbList\",\"@id\":\"https:\/\/hobstop.ee\/lt\/produktas\/aliejines-pasteles-sennelier\/#breadcrumb\",\"itemListElement\":[{\"@type\":\"ListItem\",\"position\":1,\"name\":\"Avaleht\",\"item\":\"https:\/\/hobstop.ee\/lt\/\"},{\"@type\":\"ListItem\",\"position\":2,\"name\":\"Parduotuv\u0117\",\"item\":\"https:\/\/hobstop.ee\/lt\/parduotuve\/\"},{\"@type\":\"ListItem\",\"position\":3,\"name\":\"Aliejin\u0117s pastel\u0117s Sennelier\"}]},{\"@type\":\"WebSite\",\"@id\":\"https:\/\/hobstop.ee\/lt\/#website\",\"url\":\"https:\/\/hobstop.ee\/lt\/\",\"name\":\"Skizze\",\"description\":\"Dail\u0117s, pom\u0117gi\u0173 ir mokykliniai reikm\u0117nys\",\"publisher\":{\"@id\":\"https:\/\/hobstop.ee\/lt\/#organization\"},\"potentialAction\":[{\"@type\":\"SearchAction\",\"target\":{\"@type\":\"EntryPoint\",\"urlTemplate\":\"https:\/\/hobstop.ee\/lt\/?s={search_term_string}\"},\"query-input\":{\"@type\":\"PropertyValueSpecification\",\"valueRequired\":true,\"valueName\":\"search_term_string\"}}],\"inLanguage\":\"lt\"},{\"@type\":\"Organization\",\"@id\":\"https:\/\/hobstop.ee\/lt\/#organization\",\"name\":\"Vunder AS\",\"url\":\"https:\/\/hobstop.ee\/lt\/\",\"logo\":{\"@type\":\"ImageObject\",\"inLanguage\":\"lt\",\"@id\":\"https:\/\/hobstop.ee\/lt\/#\/schema\/logo\/image\/\",\"url\":\"https:\/\/hobstop.ee\/media\/vunder-logo.png\",\"contentUrl\":\"https:\/\/hobstop.ee\/media\/vunder-logo.png\",\"width\":127,\"height\":55,\"caption\":\"Vunder AS\"},\"image\":{\"@id\":\"https:\/\/hobstop.ee\/lt\/#\/schema\/logo\/image\/\"},\"sameAs\":[\"http:\/\/www.facebook.com\/VunderSkizze\"]}]}<\/script>\n<!-- \/ Yoast SEO plugin. -->","yoast_head_json":{"title":"Aliejin\u0117s pastel\u0117s Sennelier &#8211; Skizze","robots":{"index":"noindex","follow":"follow","max-snippet":"max-snippet:-1","max-image-preview":"max-image-preview:large","max-video-preview":"max-video-preview:-1"},"og_locale":"lt_LT","og_type":"article","og_title":"Aliejin\u0117s pastel\u0117s Sennelier &#8211; Skizze","og_description":"Aliejin\u0117je pastel\u0117je \u201eSennelier\u201c i\u0161naudojamos visos \u201eSennelier\u201c da\u017euose esan\u010di\u0173 med\u017eiag\u0173 savyb\u0117s \u2013 auk\u0161\u010diausios kokyb\u0117s pigmentai, itin \u0161vari ri\u0161amoji med\u017eiaga ir mineralinis va\u0161kas. Pigmentai yra malami su inerti\u0161ka, ned\u017ei\u016bstan\u010dia ri\u0161am\u0105ja med\u017eiaga, kuri nesioksiduoja ir nedaro \u012ftakos sluoksnio stabilumui ar pavir\u0161iui. \u0160i bazin\u0117 med\u017eiaga v\u0117liau sumai\u0161oma su va\u0161ku (pH \u2013 neutralus). Mi\u0161inio vientisumas \u201eSennelier\u201c pastel\u0117ms suteikia unikal\u0173 alyvingum\u0105 ir kremin\u0119 tekst\u016br\u0105, leisdamas nevar\u017eomai naudoti i\u0161rai\u0161kos priemon\u0117s. Aliejini\u0173 pasteli\u0173 \u201eSennelier\u201c sud\u0117tyje yra itin daug pigmento, tod\u0117l jomis yra paprasta pie\u0161ti, jos labai ry\u0161kios ir atsparios \u0161viesai (i\u0161skyrus metalinius ir fluorescuojan\u010dius atspalvius). d=9.5mm, ilgis 63.5mm","og_url":"https:\/\/hobstop.ee\/lt\/produktas\/aliejines-pasteles-sennelier\/","og_site_name":"Skizze","article_publisher":"http:\/\/www.facebook.com\/VunderSkizze","og_image":[{"width":1024,"height":768,"url":"https:\/\/hobstop.ee\/media\/2070.jpg","type":"image\/jpeg"}],"twitter_card":"summary_large_image","twitter_misc":{"Est. reading time":"1 minute"},"schema":{"@context":"https:\/\/schema.org","@graph":[{"@type":"WebPage","@id":"https:\/\/hobstop.ee\/lt\/produktas\/aliejines-pasteles-sennelier\/","url":"https:\/\/hobstop.ee\/lt\/produktas\/aliejines-pasteles-sennelier\/","name":"Aliejin\u0117s pastel\u0117s Sennelier &#8211; Skizze","isPartOf":{"@id":"https:\/\/hobstop.ee\/lt\/#website"},"primaryImageOfPage":{"@id":"https:\/\/hobstop.ee\/lt\/produktas\/aliejines-pasteles-sennelier\/#primaryimage"},"image":{"@id":"https:\/\/hobstop.ee\/lt\/produktas\/aliejines-pasteles-sennelier\/#primaryimage"},"thumbnailUrl":"https:\/\/hobstop.ee\/media\/2070.jpg","datePublished":"2014-12-09T10:55:38+00:00","dateModified":"2014-12-09T10:55:38+00:00","breadcrumb":{"@id":"https:\/\/hobstop.ee\/lt\/produktas\/aliejines-pasteles-sennelier\/#breadcrumb"},"inLanguage":"lt","potentialAction":[{"@type":"ReadAction","target":["https:\/\/hobstop.ee\/lt\/produktas\/aliejines-pasteles-sennelier\/"]}]},{"@type":"ImageObject","inLanguage":"lt","@id":"https:\/\/hobstop.ee\/lt\/produktas\/aliejines-pasteles-sennelier\/#primaryimage","url":"https:\/\/hobstop.ee\/media\/2070.jpg","contentUrl":"https:\/\/hobstop.ee\/media\/2070.jpg","width":1024,"height":768},{"@type":"BreadcrumbList","@id":"https:\/\/hobstop.ee\/lt\/produktas\/aliejines-pasteles-sennelier\/#breadcrumb","itemListElement":[{"@type":"ListItem","position":1,"name":"Avaleht","item":"https:\/\/hobstop.ee\/lt\/"},{"@type":"ListItem","position":2,"name":"Parduotuv\u0117","item":"https:\/\/hobstop.ee\/lt\/parduotuve\/"},{"@type":"ListItem","position":3,"name":"Aliejin\u0117s pastel\u0117s Sennelier"}]},{"@type":"WebSite","@id":"https:\/\/hobstop.ee\/lt\/#website","url":"https:\/\/hobstop.ee\/lt\/","name":"Skizze","description":"Dail\u0117s, pom\u0117gi\u0173 ir mokykliniai reikm\u0117nys","publisher":{"@id":"https:\/\/hobstop.ee\/lt\/#organization"},"potentialAction":[{"@type":"SearchAction","target":{"@type":"EntryPoint","urlTemplate":"https:\/\/hobstop.ee\/lt\/?s={search_term_string}"},"query-input":{"@type":"PropertyValueSpecification","valueRequired":true,"valueName":"search_term_string"}}],"inLanguage":"lt"},{"@type":"Organization","@id":"https:\/\/hobstop.ee\/lt\/#organization","name":"Vunder AS","url":"https:\/\/hobstop.ee\/lt\/","logo":{"@type":"ImageObject","inLanguage":"lt","@id":"https:\/\/hobstop.ee\/lt\/#\/schema\/logo\/image\/","url":"https:\/\/hobstop.ee\/media\/vunder-logo.png","contentUrl":"https:\/\/hobstop.ee\/media\/vunder-logo.png","width":127,"height":55,"caption":"Vunder AS"},"image":{"@id":"https:\/\/hobstop.ee\/lt\/#\/schema\/logo\/image\/"},"sameAs":["http:\/\/www.facebook.com\/VunderSkizze"]}]}},"_links":{"self":[{"href":"https:\/\/hobstop.ee\/lt\/wp-json\/wp\/v2\/product\/24071","targetHints":{"allow":["GET"]}}],"collection":[{"href":"https:\/\/hobstop.ee\/lt\/wp-json\/wp\/v2\/product"}],"about":[{"href":"https:\/\/hobstop.ee\/lt\/wp-json\/wp\/v2\/types\/product"}],"replies":[{"embeddable":true,"href":"https:\/\/hobstop.ee\/lt\/wp-json\/wp\/v2\/comments?post=24071"}],"wp:featuredmedia":[{"embeddable":true,"href":"https:\/\/hobstop.ee\/lt\/wp-json\/wp\/v2\/media\/145377"}],"wp:attachment":[{"href":"https:\/\/hobstop.ee\/lt\/wp-json\/wp\/v2\/media?parent=24071"}],"wp:term":[{"taxonomy":"product_cat","embeddable":true,"href":"https:\/\/hobstop.ee\/lt\/wp-json\/wp\/v2\/product_cat?post=24071"},{"taxonomy":"product_tag","embeddable":true,"href":"https:\/\/hobstop.ee\/lt\/wp-json\/wp\/v2\/product_tag?post=24071"}],"curies":[{"name":"wp","href":"https:\/\/api.w.org\/{rel}","templated":true}]}}