{"id":24260,"date":"2014-12-09T12:58:20","date_gmt":"2014-12-09T10:58:20","guid":{"rendered":"https:\/\/sharks.ee\/vunder_2019.klient.veebimajutus.ee\/?post_type=product&#038;p=24260"},"modified":"2014-12-09T12:58:20","modified_gmt":"2014-12-09T10:58:20","slug":"silko-dazai-marabu-silk-250ml","status":"publish","type":"product","link":"https:\/\/hobstop.ee\/lt\/produktas\/silko-dazai-marabu-silk-250ml\/","title":{"rendered":"\u0160ilko da\u017eai Marabu Silk 250ml"},"content":{"rendered":"<p>Intensyvi\u0173 spalv\u0173 \u0161ilko da\u017eais \u201eMarabu Silk\u201c gal\u0117site dekoruoti \u0161ilkines skareles ir pana\u0161ius daiktus. Ry\u0161kios spindin\u010dios ir tekios spalvos. Vandens pagrindu pagaminti \u0161ilko da\u017eai u\u017efiksuojami lygintuvu. Juos tinka naudoti mokyklose, meno b\u016breliuose, m\u0117g\u0117jams ir profesionalams. Yra itin atspar\u016bs \u0161viesos poveikiui. Galima skiesti vandeniu. Da\u017eai \u201eMarabu Silk\u201c puikiai tinka \u012fvairi\u0173 r\u016b\u0161i\u0173 \u0161ilkui ir ploniems medvilniniams audiniams da\u017eyti. U\u017efiksavus da\u017eus (lygintuvu arba pakaitinus 8 minutes 150\u00b0 C orkait\u0117je), \u201eMarabu Silk\u201c da\u017eais nuda\u017eyt\u0105 audin\u012f galima valyti cheminiu b\u016bdu.<\/p>\n","protected":false},"excerpt":{"rendered":"<p>Intensyvi\u0173 spalv\u0173 \u0161ilko da\u017eais \u201eMarabu Silk\u201c gal\u0117site dekoruoti \u0161ilkines skareles ir pana\u0161ius daiktus. Ry\u0161kios spindin\u010dios ir tekios spalvos. Vandens pagrindu pagaminti \u0161ilko da\u017eai u\u017efiksuojami lygintuvu. Juos tinka naudoti mokyklose, meno b\u016breliuose, m\u0117g\u0117jams ir profesionalams. Yra itin atspar\u016bs \u0161viesos poveikiui. Galima skiesti vandeniu. Da\u017eai \u201eMarabu Silk\u201c puikiai tinka \u012fvairi\u0173 r\u016b\u0161i\u0173 \u0161ilkui ir ploniems medvilniniams audiniams da\u017eyti. U\u017efiksavus da\u017eus (lygintuvu arba pakaitinus 8 minutes 150\u00b0 C orkait\u0117je), \u201eMarabu Silk\u201c da\u017eais nuda\u017eyt\u0105 audin\u012f galima valyti cheminiu b\u016bdu.<\/p>\n","protected":false},"featured_media":0,"comment_status":"closed","ping_status":"closed","template":"","meta":{"_acf_changed":false,"ep_exclude_from_search":false},"product_cat":[14990,17919,14893],"product_tag":[],"class_list":{"0":"post-24260","1":"product","2":"type-product","3":"status-publish","5":"product_cat-loikenoad","6":"product_cat-pomegiu-prekes","7":"product_cat-tekstilei-ir-odai","9":"first","10":"instock","11":"sale","12":"taxable","13":"shipping-taxable","14":"purchasable","15":"product-type-variable"},"acf":[],"yoast_head":"<!-- This site is optimized with the Yoast SEO plugin v24.1 - https:\/\/yoast.com\/wordpress\/plugins\/seo\/ -->\n<title>\u0160ilko da\u017eai Marabu Silk 250ml &#8211; Skizze<\/title>\n<meta name=\"robots\" content=\"noindex, follow, max-snippet:-1, max-image-preview:large, max-video-preview:-1\" \/>\n<meta property=\"og:locale\" content=\"lt_LT\" \/>\n<meta property=\"og:type\" content=\"article\" \/>\n<meta property=\"og:title\" content=\"\u0160ilko da\u017eai Marabu Silk 250ml &#8211; Skizze\" \/>\n<meta property=\"og:description\" content=\"Intensyvi\u0173 spalv\u0173 \u0161ilko da\u017eais \u201eMarabu Silk\u201c gal\u0117site dekoruoti \u0161ilkines skareles ir pana\u0161ius daiktus. Ry\u0161kios spindin\u010dios ir tekios spalvos. Vandens pagrindu pagaminti \u0161ilko da\u017eai u\u017efiksuojami lygintuvu. Juos tinka naudoti mokyklose, meno b\u016breliuose, m\u0117g\u0117jams ir profesionalams. Yra itin atspar\u016bs \u0161viesos poveikiui. Galima skiesti vandeniu. Da\u017eai \u201eMarabu Silk\u201c puikiai tinka \u012fvairi\u0173 r\u016b\u0161i\u0173 \u0161ilkui ir ploniems medvilniniams audiniams da\u017eyti. U\u017efiksavus da\u017eus (lygintuvu arba pakaitinus 8 minutes 150\u00b0 C orkait\u0117je), \u201eMarabu Silk\u201c da\u017eais nuda\u017eyt\u0105 audin\u012f galima valyti cheminiu b\u016bdu.\" \/>\n<meta property=\"og:url\" content=\"https:\/\/hobstop.ee\/lt\/produktas\/silko-dazai-marabu-silk-250ml\/\" \/>\n<meta property=\"og:site_name\" content=\"Skizze\" \/>\n<meta property=\"article:publisher\" content=\"http:\/\/www.facebook.com\/VunderSkizze\" \/>\n<meta name=\"twitter:card\" content=\"summary_large_image\" \/>\n<script type=\"application\/ld+json\" class=\"yoast-schema-graph\">{\"@context\":\"https:\/\/schema.org\",\"@graph\":[{\"@type\":\"WebPage\",\"@id\":\"https:\/\/hobstop.ee\/lt\/produktas\/silko-dazai-marabu-silk-250ml\/\",\"url\":\"https:\/\/hobstop.ee\/lt\/produktas\/silko-dazai-marabu-silk-250ml\/\",\"name\":\"\u0160ilko da\u017eai Marabu Silk 250ml &#8211; Skizze\",\"isPartOf\":{\"@id\":\"https:\/\/hobstop.ee\/lt\/#website\"},\"datePublished\":\"2014-12-09T10:58:20+00:00\",\"dateModified\":\"2014-12-09T10:58:20+00:00\",\"breadcrumb\":{\"@id\":\"https:\/\/hobstop.ee\/lt\/produktas\/silko-dazai-marabu-silk-250ml\/#breadcrumb\"},\"inLanguage\":\"lt\",\"potentialAction\":[{\"@type\":\"ReadAction\",\"target\":[\"https:\/\/hobstop.ee\/lt\/produktas\/silko-dazai-marabu-silk-250ml\/\"]}]},{\"@type\":\"BreadcrumbList\",\"@id\":\"https:\/\/hobstop.ee\/lt\/produktas\/silko-dazai-marabu-silk-250ml\/#breadcrumb\",\"itemListElement\":[{\"@type\":\"ListItem\",\"position\":1,\"name\":\"Avaleht\",\"item\":\"https:\/\/hobstop.ee\/lt\/\"},{\"@type\":\"ListItem\",\"position\":2,\"name\":\"Parduotuv\u0117\",\"item\":\"https:\/\/hobstop.ee\/lt\/parduotuve\/\"},{\"@type\":\"ListItem\",\"position\":3,\"name\":\"\u0160ilko da\u017eai Marabu Silk 250ml\"}]},{\"@type\":\"WebSite\",\"@id\":\"https:\/\/hobstop.ee\/lt\/#website\",\"url\":\"https:\/\/hobstop.ee\/lt\/\",\"name\":\"Skizze\",\"description\":\"Dail\u0117s, pom\u0117gi\u0173 ir mokykliniai reikm\u0117nys\",\"publisher\":{\"@id\":\"https:\/\/hobstop.ee\/lt\/#organization\"},\"potentialAction\":[{\"@type\":\"SearchAction\",\"target\":{\"@type\":\"EntryPoint\",\"urlTemplate\":\"https:\/\/hobstop.ee\/lt\/?s={search_term_string}\"},\"query-input\":{\"@type\":\"PropertyValueSpecification\",\"valueRequired\":true,\"valueName\":\"search_term_string\"}}],\"inLanguage\":\"lt\"},{\"@type\":\"Organization\",\"@id\":\"https:\/\/hobstop.ee\/lt\/#organization\",\"name\":\"Vunder AS\",\"url\":\"https:\/\/hobstop.ee\/lt\/\",\"logo\":{\"@type\":\"ImageObject\",\"inLanguage\":\"lt\",\"@id\":\"https:\/\/hobstop.ee\/lt\/#\/schema\/logo\/image\/\",\"url\":\"https:\/\/hobstop.ee\/media\/vunder-logo.png\",\"contentUrl\":\"https:\/\/hobstop.ee\/media\/vunder-logo.png\",\"width\":127,\"height\":55,\"caption\":\"Vunder AS\"},\"image\":{\"@id\":\"https:\/\/hobstop.ee\/lt\/#\/schema\/logo\/image\/\"},\"sameAs\":[\"http:\/\/www.facebook.com\/VunderSkizze\"]}]}<\/script>\n<!-- \/ Yoast SEO plugin. -->","yoast_head_json":{"title":"\u0160ilko da\u017eai Marabu Silk 250ml &#8211; Skizze","robots":{"index":"noindex","follow":"follow","max-snippet":"max-snippet:-1","max-image-preview":"max-image-preview:large","max-video-preview":"max-video-preview:-1"},"og_locale":"lt_LT","og_type":"article","og_title":"\u0160ilko da\u017eai Marabu Silk 250ml &#8211; Skizze","og_description":"Intensyvi\u0173 spalv\u0173 \u0161ilko da\u017eais \u201eMarabu Silk\u201c gal\u0117site dekoruoti \u0161ilkines skareles ir pana\u0161ius daiktus. Ry\u0161kios spindin\u010dios ir tekios spalvos. Vandens pagrindu pagaminti \u0161ilko da\u017eai u\u017efiksuojami lygintuvu. Juos tinka naudoti mokyklose, meno b\u016breliuose, m\u0117g\u0117jams ir profesionalams. Yra itin atspar\u016bs \u0161viesos poveikiui. Galima skiesti vandeniu. Da\u017eai \u201eMarabu Silk\u201c puikiai tinka \u012fvairi\u0173 r\u016b\u0161i\u0173 \u0161ilkui ir ploniems medvilniniams audiniams da\u017eyti. U\u017efiksavus da\u017eus (lygintuvu arba pakaitinus 8 minutes 150\u00b0 C orkait\u0117je), \u201eMarabu Silk\u201c da\u017eais nuda\u017eyt\u0105 audin\u012f galima valyti cheminiu b\u016bdu.","og_url":"https:\/\/hobstop.ee\/lt\/produktas\/silko-dazai-marabu-silk-250ml\/","og_site_name":"Skizze","article_publisher":"http:\/\/www.facebook.com\/VunderSkizze","twitter_card":"summary_large_image","schema":{"@context":"https:\/\/schema.org","@graph":[{"@type":"WebPage","@id":"https:\/\/hobstop.ee\/lt\/produktas\/silko-dazai-marabu-silk-250ml\/","url":"https:\/\/hobstop.ee\/lt\/produktas\/silko-dazai-marabu-silk-250ml\/","name":"\u0160ilko da\u017eai Marabu Silk 250ml &#8211; Skizze","isPartOf":{"@id":"https:\/\/hobstop.ee\/lt\/#website"},"datePublished":"2014-12-09T10:58:20+00:00","dateModified":"2014-12-09T10:58:20+00:00","breadcrumb":{"@id":"https:\/\/hobstop.ee\/lt\/produktas\/silko-dazai-marabu-silk-250ml\/#breadcrumb"},"inLanguage":"lt","potentialAction":[{"@type":"ReadAction","target":["https:\/\/hobstop.ee\/lt\/produktas\/silko-dazai-marabu-silk-250ml\/"]}]},{"@type":"BreadcrumbList","@id":"https:\/\/hobstop.ee\/lt\/produktas\/silko-dazai-marabu-silk-250ml\/#breadcrumb","itemListElement":[{"@type":"ListItem","position":1,"name":"Avaleht","item":"https:\/\/hobstop.ee\/lt\/"},{"@type":"ListItem","position":2,"name":"Parduotuv\u0117","item":"https:\/\/hobstop.ee\/lt\/parduotuve\/"},{"@type":"ListItem","position":3,"name":"\u0160ilko da\u017eai Marabu Silk 250ml"}]},{"@type":"WebSite","@id":"https:\/\/hobstop.ee\/lt\/#website","url":"https:\/\/hobstop.ee\/lt\/","name":"Skizze","description":"Dail\u0117s, pom\u0117gi\u0173 ir mokykliniai reikm\u0117nys","publisher":{"@id":"https:\/\/hobstop.ee\/lt\/#organization"},"potentialAction":[{"@type":"SearchAction","target":{"@type":"EntryPoint","urlTemplate":"https:\/\/hobstop.ee\/lt\/?s={search_term_string}"},"query-input":{"@type":"PropertyValueSpecification","valueRequired":true,"valueName":"search_term_string"}}],"inLanguage":"lt"},{"@type":"Organization","@id":"https:\/\/hobstop.ee\/lt\/#organization","name":"Vunder AS","url":"https:\/\/hobstop.ee\/lt\/","logo":{"@type":"ImageObject","inLanguage":"lt","@id":"https:\/\/hobstop.ee\/lt\/#\/schema\/logo\/image\/","url":"https:\/\/hobstop.ee\/media\/vunder-logo.png","contentUrl":"https:\/\/hobstop.ee\/media\/vunder-logo.png","width":127,"height":55,"caption":"Vunder AS"},"image":{"@id":"https:\/\/hobstop.ee\/lt\/#\/schema\/logo\/image\/"},"sameAs":["http:\/\/www.facebook.com\/VunderSkizze"]}]}},"_links":{"self":[{"href":"https:\/\/hobstop.ee\/lt\/wp-json\/wp\/v2\/product\/24260","targetHints":{"allow":["GET"]}}],"collection":[{"href":"https:\/\/hobstop.ee\/lt\/wp-json\/wp\/v2\/product"}],"about":[{"href":"https:\/\/hobstop.ee\/lt\/wp-json\/wp\/v2\/types\/product"}],"replies":[{"embeddable":true,"href":"https:\/\/hobstop.ee\/lt\/wp-json\/wp\/v2\/comments?post=24260"}],"wp:attachment":[{"href":"https:\/\/hobstop.ee\/lt\/wp-json\/wp\/v2\/media?parent=24260"}],"wp:term":[{"taxonomy":"product_cat","embeddable":true,"href":"https:\/\/hobstop.ee\/lt\/wp-json\/wp\/v2\/product_cat?post=24260"},{"taxonomy":"product_tag","embeddable":true,"href":"https:\/\/hobstop.ee\/lt\/wp-json\/wp\/v2\/product_tag?post=24260"}],"curies":[{"name":"wp","href":"https:\/\/api.w.org\/{rel}","templated":true}]}}