{"id":24277,"date":"2014-12-09T12:58:28","date_gmt":"2014-12-09T10:58:28","guid":{"rendered":"https:\/\/sharks.ee\/vunder_2019.klient.veebimajutus.ee\/?post_type=product&#038;p=24277"},"modified":"2014-12-09T12:58:28","modified_gmt":"2014-12-09T10:58:28","slug":"teptukas-raphael-mixacryl-8750-bright","status":"publish","type":"product","link":"https:\/\/hobstop.ee\/lt\/produktas\/teptukas-raphael-mixacryl-8750-bright\/","title":{"rendered":"Teptukas Raphael Mixacryl 8750 bright"},"content":{"rendered":"<p>\u201eMixacyl\u201c yra i\u0161 sintetini\u0173 ir nat\u016brali\u0173 plaukeli\u0173 pagamintas akrilini\u0173 da\u017e\u0173 teptukas. \u0160is naujas \u201eRaphael\u201c gaminys savyje apjungia \u0161ias \u0161ereli\u0173 savybes: sintetiniai plaukeliai suteikia tiesiogin\u012f prisilietimo jausm\u0105 , kuris idealiai tinka impasto ir reljefiniams efektams, tuo pa\u010diu i\u0161laikydamas puikias spalvines savybes, kuri\u0173 yra laukiama i\u0161 teptuk\u0173 su nat\u016braliais \u0161ereliais. Persipyn\u0119 teptuko plaukeliai duod\u0105 ger\u0105 rezultat\u0105 dirbant storu teptuku ir u\u017etikrina tiksl\u0173 ko pot\u0117p\u012f ant drob\u0117s, net ir ant nelygi\u0173 pavir\u0161i\u0173. Tai leid\u017eia tepant da\u017eus i\u0161laikyti nat\u016bral\u0173 plaukeli\u0173 linkim\u0105, o panaudotas ir d\u017ei\u016bdamas teptukas atstato savo form\u0105, net ir po ilgo naudojimo.<br \/>\nTapymo technika: akriliniai da\u017eai<br \/>\nNaudojimas: nedideli pavir\u0161iai, matomi pot\u0117piai teptuku<\/p>\n","protected":false},"excerpt":{"rendered":"<p>\u201eMixacyl\u201c yra i\u0161 sintetini\u0173 ir nat\u016brali\u0173 plaukeli\u0173 pagamintas akrilini\u0173 da\u017e\u0173 teptukas. \u0160is naujas \u201eRaphael\u201c gaminys savyje apjungia \u0161ias \u0161ereli\u0173 savybes: sintetiniai plaukeliai suteikia tiesiogin\u012f prisilietimo jausm\u0105 , kuris idealiai tinka impasto ir reljefiniams efektams, tuo pa\u010diu i\u0161laikydamas puikias spalvines savybes, kuri\u0173 yra laukiama i\u0161 teptuk\u0173 su nat\u016braliais \u0161ereliais. Persipyn\u0119 teptuko plaukeliai duod\u0105 ger\u0105 rezultat\u0105 dirbant storu teptuku ir u\u017etikrina tiksl\u0173 ko pot\u0117p\u012f ant drob\u0117s, net ir ant nelygi\u0173 pavir\u0161i\u0173. Tai leid\u017eia tepant da\u017eus i\u0161laikyti nat\u016bral\u0173 plaukeli\u0173 linkim\u0105, o panaudotas ir d\u017ei\u016bdamas teptukas atstato savo form\u0105, net ir po ilgo naudojimo. Tapymo technika: akriliniai da\u017eai Naudojimas: nedideli pavir\u0161iai, matomi pot\u0117piai teptuku<\/p>\n","protected":false},"featured_media":0,"comment_status":"closed","ping_status":"closed","template":"","meta":{"_acf_changed":false,"ep_exclude_from_search":false},"product_cat":[16124,18768,18651],"product_tag":[],"class_list":{"0":"post-24277","1":"product","2":"type-product","3":"status-publish","5":"product_cat-dailes-prekes","6":"product_cat-ivairus-26","7":"product_cat-teptukai-ir-irankiai-tapymui","9":"first","10":"instock","11":"sale","12":"taxable","13":"shipping-taxable","14":"purchasable","15":"product-type-variable"},"acf":[],"yoast_head":"<!-- This site is optimized with the Yoast SEO plugin v24.1 - https:\/\/yoast.com\/wordpress\/plugins\/seo\/ -->\n<title>Teptukas Raphael Mixacryl 8750 bright &#8211; Skizze<\/title>\n<meta name=\"robots\" content=\"noindex, follow, max-snippet:-1, max-image-preview:large, max-video-preview:-1\" \/>\n<meta property=\"og:locale\" content=\"lt_LT\" \/>\n<meta property=\"og:type\" content=\"article\" \/>\n<meta property=\"og:title\" content=\"Teptukas Raphael Mixacryl 8750 bright &#8211; Skizze\" \/>\n<meta property=\"og:description\" content=\"\u201eMixacyl\u201c yra i\u0161 sintetini\u0173 ir nat\u016brali\u0173 plaukeli\u0173 pagamintas akrilini\u0173 da\u017e\u0173 teptukas. \u0160is naujas \u201eRaphael\u201c gaminys savyje apjungia \u0161ias \u0161ereli\u0173 savybes: sintetiniai plaukeliai suteikia tiesiogin\u012f prisilietimo jausm\u0105 , kuris idealiai tinka impasto ir reljefiniams efektams, tuo pa\u010diu i\u0161laikydamas puikias spalvines savybes, kuri\u0173 yra laukiama i\u0161 teptuk\u0173 su nat\u016braliais \u0161ereliais. Persipyn\u0119 teptuko plaukeliai duod\u0105 ger\u0105 rezultat\u0105 dirbant storu teptuku ir u\u017etikrina tiksl\u0173 ko pot\u0117p\u012f ant drob\u0117s, net ir ant nelygi\u0173 pavir\u0161i\u0173. Tai leid\u017eia tepant da\u017eus i\u0161laikyti nat\u016bral\u0173 plaukeli\u0173 linkim\u0105, o panaudotas ir d\u017ei\u016bdamas teptukas atstato savo form\u0105, net ir po ilgo naudojimo. Tapymo technika: akriliniai da\u017eai Naudojimas: nedideli pavir\u0161iai, matomi pot\u0117piai teptuku\" \/>\n<meta property=\"og:url\" content=\"https:\/\/hobstop.ee\/lt\/produktas\/teptukas-raphael-mixacryl-8750-bright\/\" \/>\n<meta property=\"og:site_name\" content=\"Skizze\" \/>\n<meta property=\"article:publisher\" content=\"http:\/\/www.facebook.com\/VunderSkizze\" \/>\n<meta name=\"twitter:card\" content=\"summary_large_image\" \/>\n<meta name=\"twitter:label1\" content=\"Est. reading time\" \/>\n\t<meta name=\"twitter:data1\" content=\"1 minute\" \/>\n<script type=\"application\/ld+json\" class=\"yoast-schema-graph\">{\"@context\":\"https:\/\/schema.org\",\"@graph\":[{\"@type\":\"WebPage\",\"@id\":\"https:\/\/hobstop.ee\/lt\/produktas\/teptukas-raphael-mixacryl-8750-bright\/\",\"url\":\"https:\/\/hobstop.ee\/lt\/produktas\/teptukas-raphael-mixacryl-8750-bright\/\",\"name\":\"Teptukas Raphael Mixacryl 8750 bright &#8211; Skizze\",\"isPartOf\":{\"@id\":\"https:\/\/hobstop.ee\/lt\/#website\"},\"datePublished\":\"2014-12-09T10:58:28+00:00\",\"dateModified\":\"2014-12-09T10:58:28+00:00\",\"breadcrumb\":{\"@id\":\"https:\/\/hobstop.ee\/lt\/produktas\/teptukas-raphael-mixacryl-8750-bright\/#breadcrumb\"},\"inLanguage\":\"lt\",\"potentialAction\":[{\"@type\":\"ReadAction\",\"target\":[\"https:\/\/hobstop.ee\/lt\/produktas\/teptukas-raphael-mixacryl-8750-bright\/\"]}]},{\"@type\":\"BreadcrumbList\",\"@id\":\"https:\/\/hobstop.ee\/lt\/produktas\/teptukas-raphael-mixacryl-8750-bright\/#breadcrumb\",\"itemListElement\":[{\"@type\":\"ListItem\",\"position\":1,\"name\":\"Avaleht\",\"item\":\"https:\/\/hobstop.ee\/lt\/\"},{\"@type\":\"ListItem\",\"position\":2,\"name\":\"Parduotuv\u0117\",\"item\":\"https:\/\/hobstop.ee\/lt\/parduotuve\/\"},{\"@type\":\"ListItem\",\"position\":3,\"name\":\"Teptukas Raphael Mixacryl 8750 bright\"}]},{\"@type\":\"WebSite\",\"@id\":\"https:\/\/hobstop.ee\/lt\/#website\",\"url\":\"https:\/\/hobstop.ee\/lt\/\",\"name\":\"Skizze\",\"description\":\"Dail\u0117s, pom\u0117gi\u0173 ir mokykliniai reikm\u0117nys\",\"publisher\":{\"@id\":\"https:\/\/hobstop.ee\/lt\/#organization\"},\"potentialAction\":[{\"@type\":\"SearchAction\",\"target\":{\"@type\":\"EntryPoint\",\"urlTemplate\":\"https:\/\/hobstop.ee\/lt\/?s={search_term_string}\"},\"query-input\":{\"@type\":\"PropertyValueSpecification\",\"valueRequired\":true,\"valueName\":\"search_term_string\"}}],\"inLanguage\":\"lt\"},{\"@type\":\"Organization\",\"@id\":\"https:\/\/hobstop.ee\/lt\/#organization\",\"name\":\"Vunder AS\",\"url\":\"https:\/\/hobstop.ee\/lt\/\",\"logo\":{\"@type\":\"ImageObject\",\"inLanguage\":\"lt\",\"@id\":\"https:\/\/hobstop.ee\/lt\/#\/schema\/logo\/image\/\",\"url\":\"https:\/\/hobstop.ee\/media\/vunder-logo.png\",\"contentUrl\":\"https:\/\/hobstop.ee\/media\/vunder-logo.png\",\"width\":127,\"height\":55,\"caption\":\"Vunder AS\"},\"image\":{\"@id\":\"https:\/\/hobstop.ee\/lt\/#\/schema\/logo\/image\/\"},\"sameAs\":[\"http:\/\/www.facebook.com\/VunderSkizze\"]}]}<\/script>\n<!-- \/ Yoast SEO plugin. -->","yoast_head_json":{"title":"Teptukas Raphael Mixacryl 8750 bright &#8211; Skizze","robots":{"index":"noindex","follow":"follow","max-snippet":"max-snippet:-1","max-image-preview":"max-image-preview:large","max-video-preview":"max-video-preview:-1"},"og_locale":"lt_LT","og_type":"article","og_title":"Teptukas Raphael Mixacryl 8750 bright &#8211; Skizze","og_description":"\u201eMixacyl\u201c yra i\u0161 sintetini\u0173 ir nat\u016brali\u0173 plaukeli\u0173 pagamintas akrilini\u0173 da\u017e\u0173 teptukas. \u0160is naujas \u201eRaphael\u201c gaminys savyje apjungia \u0161ias \u0161ereli\u0173 savybes: sintetiniai plaukeliai suteikia tiesiogin\u012f prisilietimo jausm\u0105 , kuris idealiai tinka impasto ir reljefiniams efektams, tuo pa\u010diu i\u0161laikydamas puikias spalvines savybes, kuri\u0173 yra laukiama i\u0161 teptuk\u0173 su nat\u016braliais \u0161ereliais. Persipyn\u0119 teptuko plaukeliai duod\u0105 ger\u0105 rezultat\u0105 dirbant storu teptuku ir u\u017etikrina tiksl\u0173 ko pot\u0117p\u012f ant drob\u0117s, net ir ant nelygi\u0173 pavir\u0161i\u0173. Tai leid\u017eia tepant da\u017eus i\u0161laikyti nat\u016bral\u0173 plaukeli\u0173 linkim\u0105, o panaudotas ir d\u017ei\u016bdamas teptukas atstato savo form\u0105, net ir po ilgo naudojimo. Tapymo technika: akriliniai da\u017eai Naudojimas: nedideli pavir\u0161iai, matomi pot\u0117piai teptuku","og_url":"https:\/\/hobstop.ee\/lt\/produktas\/teptukas-raphael-mixacryl-8750-bright\/","og_site_name":"Skizze","article_publisher":"http:\/\/www.facebook.com\/VunderSkizze","twitter_card":"summary_large_image","twitter_misc":{"Est. reading time":"1 minute"},"schema":{"@context":"https:\/\/schema.org","@graph":[{"@type":"WebPage","@id":"https:\/\/hobstop.ee\/lt\/produktas\/teptukas-raphael-mixacryl-8750-bright\/","url":"https:\/\/hobstop.ee\/lt\/produktas\/teptukas-raphael-mixacryl-8750-bright\/","name":"Teptukas Raphael Mixacryl 8750 bright &#8211; Skizze","isPartOf":{"@id":"https:\/\/hobstop.ee\/lt\/#website"},"datePublished":"2014-12-09T10:58:28+00:00","dateModified":"2014-12-09T10:58:28+00:00","breadcrumb":{"@id":"https:\/\/hobstop.ee\/lt\/produktas\/teptukas-raphael-mixacryl-8750-bright\/#breadcrumb"},"inLanguage":"lt","potentialAction":[{"@type":"ReadAction","target":["https:\/\/hobstop.ee\/lt\/produktas\/teptukas-raphael-mixacryl-8750-bright\/"]}]},{"@type":"BreadcrumbList","@id":"https:\/\/hobstop.ee\/lt\/produktas\/teptukas-raphael-mixacryl-8750-bright\/#breadcrumb","itemListElement":[{"@type":"ListItem","position":1,"name":"Avaleht","item":"https:\/\/hobstop.ee\/lt\/"},{"@type":"ListItem","position":2,"name":"Parduotuv\u0117","item":"https:\/\/hobstop.ee\/lt\/parduotuve\/"},{"@type":"ListItem","position":3,"name":"Teptukas Raphael Mixacryl 8750 bright"}]},{"@type":"WebSite","@id":"https:\/\/hobstop.ee\/lt\/#website","url":"https:\/\/hobstop.ee\/lt\/","name":"Skizze","description":"Dail\u0117s, pom\u0117gi\u0173 ir mokykliniai reikm\u0117nys","publisher":{"@id":"https:\/\/hobstop.ee\/lt\/#organization"},"potentialAction":[{"@type":"SearchAction","target":{"@type":"EntryPoint","urlTemplate":"https:\/\/hobstop.ee\/lt\/?s={search_term_string}"},"query-input":{"@type":"PropertyValueSpecification","valueRequired":true,"valueName":"search_term_string"}}],"inLanguage":"lt"},{"@type":"Organization","@id":"https:\/\/hobstop.ee\/lt\/#organization","name":"Vunder AS","url":"https:\/\/hobstop.ee\/lt\/","logo":{"@type":"ImageObject","inLanguage":"lt","@id":"https:\/\/hobstop.ee\/lt\/#\/schema\/logo\/image\/","url":"https:\/\/hobstop.ee\/media\/vunder-logo.png","contentUrl":"https:\/\/hobstop.ee\/media\/vunder-logo.png","width":127,"height":55,"caption":"Vunder AS"},"image":{"@id":"https:\/\/hobstop.ee\/lt\/#\/schema\/logo\/image\/"},"sameAs":["http:\/\/www.facebook.com\/VunderSkizze"]}]}},"_links":{"self":[{"href":"https:\/\/hobstop.ee\/lt\/wp-json\/wp\/v2\/product\/24277","targetHints":{"allow":["GET"]}}],"collection":[{"href":"https:\/\/hobstop.ee\/lt\/wp-json\/wp\/v2\/product"}],"about":[{"href":"https:\/\/hobstop.ee\/lt\/wp-json\/wp\/v2\/types\/product"}],"replies":[{"embeddable":true,"href":"https:\/\/hobstop.ee\/lt\/wp-json\/wp\/v2\/comments?post=24277"}],"wp:attachment":[{"href":"https:\/\/hobstop.ee\/lt\/wp-json\/wp\/v2\/media?parent=24277"}],"wp:term":[{"taxonomy":"product_cat","embeddable":true,"href":"https:\/\/hobstop.ee\/lt\/wp-json\/wp\/v2\/product_cat?post=24277"},{"taxonomy":"product_tag","embeddable":true,"href":"https:\/\/hobstop.ee\/lt\/wp-json\/wp\/v2\/product_tag?post=24277"}],"curies":[{"name":"wp","href":"https:\/\/api.w.org\/{rel}","templated":true}]}}