{"id":243303,"date":"2015-12-17T13:48:28","date_gmt":"2015-12-17T11:48:28","guid":{"rendered":"http:\/\/www.vunder.ee\/lt\/product\/quilling-pakabinamas-remelis-rayher\/"},"modified":"2015-12-17T13:48:28","modified_gmt":"2015-12-17T11:48:28","slug":"quilling-pakabinamas-remelis-rayher","status":"publish","type":"product","link":"https:\/\/hobstop.ee\/lt\/produktas\/quilling-pakabinamas-remelis-rayher\/","title":{"rendered":"Quilling pakabinamas r\u0117melis Rayher"},"content":{"rendered":"<p>Kvilingas yra \u0161imtme\u010dius \u017einoma meno r\u016b\u0161is \u2013 itin kruop\u0161\u010di\u0173 dekoracij\u0173 darymas i\u0161 siaur\u0173 popieriaus juosteli\u0173. Pakabinamiems papuo\u0161imams labai patogu naudoti kvilingo r\u0117m\u0105, kurio viduje ir i\u0161or\u0117je galima daryti \u012fvairius papuo\u0161imus kvilingo technika.<\/p>\n","protected":false},"excerpt":{"rendered":"<p>Kvilingas yra \u0161imtme\u010dius \u017einoma meno r\u016b\u0161is \u2013 itin kruop\u0161\u010di\u0173 dekoracij\u0173 darymas i\u0161 siaur\u0173 popieriaus juosteli\u0173. Pakabinamiems papuo\u0161imams labai patogu naudoti kvilingo r\u0117m\u0105, kurio viduje ir i\u0161or\u0117je galima daryti \u012fvairius papuo\u0161imus kvilingo technika.<\/p>\n","protected":false},"featured_media":243343,"comment_status":"closed","ping_status":"closed","template":"","meta":{"_acf_changed":false,"ep_exclude_from_search":false},"product_cat":[17919,19876,19889],"product_tag":[],"class_list":{"0":"post-243303","1":"product","2":"type-product","3":"status-publish","4":"has-post-thumbnail","6":"product_cat-pomegiu-prekes","7":"product_cat-popieriaus-menas","8":"product_cat-quilling-lt","10":"first","11":"instock","12":"taxable","13":"shipping-taxable","14":"purchasable","15":"product-type-simple"},"acf":[],"yoast_head":"<!-- This site is optimized with the Yoast SEO plugin v24.1 - https:\/\/yoast.com\/wordpress\/plugins\/seo\/ -->\n<title>Quilling pakabinamas r\u0117melis Rayher &#8211; Skizze<\/title>\n<meta name=\"robots\" content=\"noindex, follow, max-snippet:-1, max-image-preview:large, max-video-preview:-1\" \/>\n<meta property=\"og:locale\" content=\"lt_LT\" \/>\n<meta property=\"og:type\" content=\"article\" \/>\n<meta property=\"og:title\" content=\"Quilling pakabinamas r\u0117melis Rayher &#8211; Skizze\" \/>\n<meta property=\"og:description\" content=\"Kvilingas yra \u0161imtme\u010dius \u017einoma meno r\u016b\u0161is \u2013 itin kruop\u0161\u010di\u0173 dekoracij\u0173 darymas i\u0161 siaur\u0173 popieriaus juosteli\u0173. Pakabinamiems papuo\u0161imams labai patogu naudoti kvilingo r\u0117m\u0105, kurio viduje ir i\u0161or\u0117je galima daryti \u012fvairius papuo\u0161imus kvilingo technika.\" \/>\n<meta property=\"og:url\" content=\"https:\/\/hobstop.ee\/lt\/produktas\/quilling-pakabinamas-remelis-rayher\/\" \/>\n<meta property=\"og:site_name\" content=\"Skizze\" \/>\n<meta property=\"article:publisher\" content=\"http:\/\/www.facebook.com\/VunderSkizze\" \/>\n<meta property=\"og:image\" content=\"https:\/\/www.hobstop.ee\/media\/4055.jpg\" \/>\n\t<meta property=\"og:image:width\" content=\"1024\" \/>\n\t<meta property=\"og:image:height\" content=\"768\" \/>\n\t<meta property=\"og:image:type\" content=\"image\/jpeg\" \/>\n<meta name=\"twitter:card\" content=\"summary_large_image\" \/>\n<script type=\"application\/ld+json\" class=\"yoast-schema-graph\">{\"@context\":\"https:\/\/schema.org\",\"@graph\":[{\"@type\":\"WebPage\",\"@id\":\"https:\/\/hobstop.ee\/lt\/produktas\/quilling-pakabinamas-remelis-rayher\/\",\"url\":\"https:\/\/hobstop.ee\/lt\/produktas\/quilling-pakabinamas-remelis-rayher\/\",\"name\":\"Quilling pakabinamas r\u0117melis Rayher &#8211; Skizze\",\"isPartOf\":{\"@id\":\"https:\/\/hobstop.ee\/lt\/#website\"},\"primaryImageOfPage\":{\"@id\":\"https:\/\/hobstop.ee\/lt\/produktas\/quilling-pakabinamas-remelis-rayher\/#primaryimage\"},\"image\":{\"@id\":\"https:\/\/hobstop.ee\/lt\/produktas\/quilling-pakabinamas-remelis-rayher\/#primaryimage\"},\"thumbnailUrl\":\"https:\/\/hobstop.ee\/media\/4055.jpg\",\"datePublished\":\"2015-12-17T11:48:28+00:00\",\"dateModified\":\"2015-12-17T11:48:28+00:00\",\"breadcrumb\":{\"@id\":\"https:\/\/hobstop.ee\/lt\/produktas\/quilling-pakabinamas-remelis-rayher\/#breadcrumb\"},\"inLanguage\":\"lt\",\"potentialAction\":[{\"@type\":\"ReadAction\",\"target\":[\"https:\/\/hobstop.ee\/lt\/produktas\/quilling-pakabinamas-remelis-rayher\/\"]}]},{\"@type\":\"ImageObject\",\"inLanguage\":\"lt\",\"@id\":\"https:\/\/hobstop.ee\/lt\/produktas\/quilling-pakabinamas-remelis-rayher\/#primaryimage\",\"url\":\"https:\/\/hobstop.ee\/media\/4055.jpg\",\"contentUrl\":\"https:\/\/hobstop.ee\/media\/4055.jpg\",\"width\":1024,\"height\":768},{\"@type\":\"BreadcrumbList\",\"@id\":\"https:\/\/hobstop.ee\/lt\/produktas\/quilling-pakabinamas-remelis-rayher\/#breadcrumb\",\"itemListElement\":[{\"@type\":\"ListItem\",\"position\":1,\"name\":\"Avaleht\",\"item\":\"https:\/\/hobstop.ee\/lt\/\"},{\"@type\":\"ListItem\",\"position\":2,\"name\":\"Parduotuv\u0117\",\"item\":\"https:\/\/hobstop.ee\/lt\/parduotuve\/\"},{\"@type\":\"ListItem\",\"position\":3,\"name\":\"Quilling pakabinamas r\u0117melis Rayher\"}]},{\"@type\":\"WebSite\",\"@id\":\"https:\/\/hobstop.ee\/lt\/#website\",\"url\":\"https:\/\/hobstop.ee\/lt\/\",\"name\":\"Skizze\",\"description\":\"Dail\u0117s, pom\u0117gi\u0173 ir mokykliniai reikm\u0117nys\",\"publisher\":{\"@id\":\"https:\/\/hobstop.ee\/lt\/#organization\"},\"potentialAction\":[{\"@type\":\"SearchAction\",\"target\":{\"@type\":\"EntryPoint\",\"urlTemplate\":\"https:\/\/hobstop.ee\/lt\/?s={search_term_string}\"},\"query-input\":{\"@type\":\"PropertyValueSpecification\",\"valueRequired\":true,\"valueName\":\"search_term_string\"}}],\"inLanguage\":\"lt\"},{\"@type\":\"Organization\",\"@id\":\"https:\/\/hobstop.ee\/lt\/#organization\",\"name\":\"Vunder AS\",\"url\":\"https:\/\/hobstop.ee\/lt\/\",\"logo\":{\"@type\":\"ImageObject\",\"inLanguage\":\"lt\",\"@id\":\"https:\/\/hobstop.ee\/lt\/#\/schema\/logo\/image\/\",\"url\":\"https:\/\/hobstop.ee\/media\/vunder-logo.png\",\"contentUrl\":\"https:\/\/hobstop.ee\/media\/vunder-logo.png\",\"width\":127,\"height\":55,\"caption\":\"Vunder AS\"},\"image\":{\"@id\":\"https:\/\/hobstop.ee\/lt\/#\/schema\/logo\/image\/\"},\"sameAs\":[\"http:\/\/www.facebook.com\/VunderSkizze\"]}]}<\/script>\n<!-- \/ Yoast SEO plugin. -->","yoast_head_json":{"title":"Quilling pakabinamas r\u0117melis Rayher &#8211; Skizze","robots":{"index":"noindex","follow":"follow","max-snippet":"max-snippet:-1","max-image-preview":"max-image-preview:large","max-video-preview":"max-video-preview:-1"},"og_locale":"lt_LT","og_type":"article","og_title":"Quilling pakabinamas r\u0117melis Rayher &#8211; Skizze","og_description":"Kvilingas yra \u0161imtme\u010dius \u017einoma meno r\u016b\u0161is \u2013 itin kruop\u0161\u010di\u0173 dekoracij\u0173 darymas i\u0161 siaur\u0173 popieriaus juosteli\u0173. Pakabinamiems papuo\u0161imams labai patogu naudoti kvilingo r\u0117m\u0105, kurio viduje ir i\u0161or\u0117je galima daryti \u012fvairius papuo\u0161imus kvilingo technika.","og_url":"https:\/\/hobstop.ee\/lt\/produktas\/quilling-pakabinamas-remelis-rayher\/","og_site_name":"Skizze","article_publisher":"http:\/\/www.facebook.com\/VunderSkizze","og_image":[{"width":1024,"height":768,"url":"https:\/\/www.hobstop.ee\/media\/4055.jpg","type":"image\/jpeg"}],"twitter_card":"summary_large_image","schema":{"@context":"https:\/\/schema.org","@graph":[{"@type":"WebPage","@id":"https:\/\/hobstop.ee\/lt\/produktas\/quilling-pakabinamas-remelis-rayher\/","url":"https:\/\/hobstop.ee\/lt\/produktas\/quilling-pakabinamas-remelis-rayher\/","name":"Quilling pakabinamas r\u0117melis Rayher &#8211; Skizze","isPartOf":{"@id":"https:\/\/hobstop.ee\/lt\/#website"},"primaryImageOfPage":{"@id":"https:\/\/hobstop.ee\/lt\/produktas\/quilling-pakabinamas-remelis-rayher\/#primaryimage"},"image":{"@id":"https:\/\/hobstop.ee\/lt\/produktas\/quilling-pakabinamas-remelis-rayher\/#primaryimage"},"thumbnailUrl":"https:\/\/hobstop.ee\/media\/4055.jpg","datePublished":"2015-12-17T11:48:28+00:00","dateModified":"2015-12-17T11:48:28+00:00","breadcrumb":{"@id":"https:\/\/hobstop.ee\/lt\/produktas\/quilling-pakabinamas-remelis-rayher\/#breadcrumb"},"inLanguage":"lt","potentialAction":[{"@type":"ReadAction","target":["https:\/\/hobstop.ee\/lt\/produktas\/quilling-pakabinamas-remelis-rayher\/"]}]},{"@type":"ImageObject","inLanguage":"lt","@id":"https:\/\/hobstop.ee\/lt\/produktas\/quilling-pakabinamas-remelis-rayher\/#primaryimage","url":"https:\/\/hobstop.ee\/media\/4055.jpg","contentUrl":"https:\/\/hobstop.ee\/media\/4055.jpg","width":1024,"height":768},{"@type":"BreadcrumbList","@id":"https:\/\/hobstop.ee\/lt\/produktas\/quilling-pakabinamas-remelis-rayher\/#breadcrumb","itemListElement":[{"@type":"ListItem","position":1,"name":"Avaleht","item":"https:\/\/hobstop.ee\/lt\/"},{"@type":"ListItem","position":2,"name":"Parduotuv\u0117","item":"https:\/\/hobstop.ee\/lt\/parduotuve\/"},{"@type":"ListItem","position":3,"name":"Quilling pakabinamas r\u0117melis Rayher"}]},{"@type":"WebSite","@id":"https:\/\/hobstop.ee\/lt\/#website","url":"https:\/\/hobstop.ee\/lt\/","name":"Skizze","description":"Dail\u0117s, pom\u0117gi\u0173 ir mokykliniai reikm\u0117nys","publisher":{"@id":"https:\/\/hobstop.ee\/lt\/#organization"},"potentialAction":[{"@type":"SearchAction","target":{"@type":"EntryPoint","urlTemplate":"https:\/\/hobstop.ee\/lt\/?s={search_term_string}"},"query-input":{"@type":"PropertyValueSpecification","valueRequired":true,"valueName":"search_term_string"}}],"inLanguage":"lt"},{"@type":"Organization","@id":"https:\/\/hobstop.ee\/lt\/#organization","name":"Vunder AS","url":"https:\/\/hobstop.ee\/lt\/","logo":{"@type":"ImageObject","inLanguage":"lt","@id":"https:\/\/hobstop.ee\/lt\/#\/schema\/logo\/image\/","url":"https:\/\/hobstop.ee\/media\/vunder-logo.png","contentUrl":"https:\/\/hobstop.ee\/media\/vunder-logo.png","width":127,"height":55,"caption":"Vunder AS"},"image":{"@id":"https:\/\/hobstop.ee\/lt\/#\/schema\/logo\/image\/"},"sameAs":["http:\/\/www.facebook.com\/VunderSkizze"]}]}},"_links":{"self":[{"href":"https:\/\/hobstop.ee\/lt\/wp-json\/wp\/v2\/product\/243303","targetHints":{"allow":["GET"]}}],"collection":[{"href":"https:\/\/hobstop.ee\/lt\/wp-json\/wp\/v2\/product"}],"about":[{"href":"https:\/\/hobstop.ee\/lt\/wp-json\/wp\/v2\/types\/product"}],"replies":[{"embeddable":true,"href":"https:\/\/hobstop.ee\/lt\/wp-json\/wp\/v2\/comments?post=243303"}],"wp:featuredmedia":[{"embeddable":true,"href":"https:\/\/hobstop.ee\/lt\/wp-json\/wp\/v2\/media\/243343"}],"wp:attachment":[{"href":"https:\/\/hobstop.ee\/lt\/wp-json\/wp\/v2\/media?parent=243303"}],"wp:term":[{"taxonomy":"product_cat","embeddable":true,"href":"https:\/\/hobstop.ee\/lt\/wp-json\/wp\/v2\/product_cat?post=243303"},{"taxonomy":"product_tag","embeddable":true,"href":"https:\/\/hobstop.ee\/lt\/wp-json\/wp\/v2\/product_tag?post=243303"}],"curies":[{"name":"wp","href":"https:\/\/api.w.org\/{rel}","templated":true}]}}