{"id":24346,"date":"2014-12-09T12:58:51","date_gmt":"2014-12-09T10:58:51","guid":{"rendered":"https:\/\/sharks.ee\/vunder_2019.klient.veebimajutus.ee\/?post_type=product&#038;p=24346"},"modified":"2014-12-09T12:58:51","modified_gmt":"2014-12-09T10:58:51","slug":"deco-matt-50ml","status":"publish","type":"product","link":"https:\/\/hobstop.ee\/lt\/produktas\/deco-matt-50ml\/","title":{"rendered":"Deco Matt 50ml"},"content":{"rendered":"<p>Spalvos namams suteikia gyvumo ir k\u016brybai n\u0117ra rib\u0173! Akrilini\u0173 da\u017e\u0173 \u201eLefranc&#038;Bourgeois Deco\u201c kremin\u0117 konsistencija puikiai tinka \u012fvairiems pavir\u0161iams dekoruoti, pakanka tik vieno da\u017e\u0173 sluoksnio. Akrilinius da\u017eus \u201eDeco Matt\u201c galima naudoti vienus arba juos mai\u0161yti, jais da\u017eyti galima tiek ma\u017eus, tiek ir didelius plotus. Puikiai prikimba prie \u012fvairi\u0173 pavir\u0161i\u0173 \u2013 medienos, gipso, kartono, popieriaus, tapet\u0173, plastilino, druskos te\u0161los, \u017evaki\u0173, lipni\u0173 juosteli\u0173 ir t.t..<br \/>\nDengiamumas: 0.8m\u00b2\/100ml<\/p>\n","protected":false},"excerpt":{"rendered":"<p>Spalvos namams suteikia gyvumo ir k\u016brybai n\u0117ra rib\u0173! Akrilini\u0173 da\u017e\u0173 \u201eLefranc&#038;Bourgeois Deco\u201c kremin\u0117 konsistencija puikiai tinka \u012fvairiems pavir\u0161iams dekoruoti, pakanka tik vieno da\u017e\u0173 sluoksnio. Akrilinius da\u017eus \u201eDeco Matt\u201c galima naudoti vienus arba juos mai\u0161yti, jais da\u017eyti galima tiek ma\u017eus, tiek ir didelius plotus. Puikiai prikimba prie \u012fvairi\u0173 pavir\u0161i\u0173 \u2013 medienos, gipso, kartono, popieriaus, tapet\u0173, plastilino, druskos te\u0161los, \u017evaki\u0173, lipni\u0173 juosteli\u0173 ir t.t.. Dengiamumas: 0.8m\u00b2\/100ml<\/p>\n","protected":false},"featured_media":104623,"comment_status":"closed","ping_status":"closed","template":"","meta":{"_acf_changed":false,"ep_exclude_from_search":false},"product_cat":[18202,239,17919],"product_tag":[],"class_list":{"0":"post-24346","1":"product","2":"type-product","3":"status-publish","4":"has-post-thumbnail","6":"product_cat-dekoratyviniai-dazai","7":"product_cat-aerosoolvarvid","8":"product_cat-pomegiu-prekes","10":"first","11":"instock","12":"sale","13":"taxable","14":"shipping-taxable","15":"purchasable","16":"product-type-variable"},"acf":[],"yoast_head":"<!-- This site is optimized with the Yoast SEO plugin v24.1 - https:\/\/yoast.com\/wordpress\/plugins\/seo\/ -->\n<title>Deco Matt 50ml &#8211; Skizze<\/title>\n<meta name=\"robots\" content=\"noindex, follow, max-snippet:-1, max-image-preview:large, max-video-preview:-1\" \/>\n<meta property=\"og:locale\" content=\"lt_LT\" \/>\n<meta property=\"og:type\" content=\"article\" \/>\n<meta property=\"og:title\" content=\"Deco Matt 50ml &#8211; Skizze\" \/>\n<meta property=\"og:description\" content=\"Spalvos namams suteikia gyvumo ir k\u016brybai n\u0117ra rib\u0173! Akrilini\u0173 da\u017e\u0173 \u201eLefranc&#038;Bourgeois Deco\u201c kremin\u0117 konsistencija puikiai tinka \u012fvairiems pavir\u0161iams dekoruoti, pakanka tik vieno da\u017e\u0173 sluoksnio. Akrilinius da\u017eus \u201eDeco Matt\u201c galima naudoti vienus arba juos mai\u0161yti, jais da\u017eyti galima tiek ma\u017eus, tiek ir didelius plotus. Puikiai prikimba prie \u012fvairi\u0173 pavir\u0161i\u0173 \u2013 medienos, gipso, kartono, popieriaus, tapet\u0173, plastilino, druskos te\u0161los, \u017evaki\u0173, lipni\u0173 juosteli\u0173 ir t.t.. Dengiamumas: 0.8m\u00b2\/100ml\" \/>\n<meta property=\"og:url\" content=\"https:\/\/hobstop.ee\/lt\/produktas\/deco-matt-50ml\/\" \/>\n<meta property=\"og:site_name\" content=\"Skizze\" \/>\n<meta property=\"article:publisher\" content=\"http:\/\/www.facebook.com\/VunderSkizze\" \/>\n<meta property=\"og:image\" content=\"https:\/\/hobstop.ee\/media\/2369.jpg\" \/>\n\t<meta property=\"og:image:width\" content=\"1024\" \/>\n\t<meta property=\"og:image:height\" content=\"768\" \/>\n\t<meta property=\"og:image:type\" content=\"image\/jpeg\" \/>\n<meta name=\"twitter:card\" content=\"summary_large_image\" \/>\n<script type=\"application\/ld+json\" class=\"yoast-schema-graph\">{\"@context\":\"https:\/\/schema.org\",\"@graph\":[{\"@type\":\"WebPage\",\"@id\":\"https:\/\/hobstop.ee\/lt\/produktas\/deco-matt-50ml\/\",\"url\":\"https:\/\/hobstop.ee\/lt\/produktas\/deco-matt-50ml\/\",\"name\":\"Deco Matt 50ml &#8211; Skizze\",\"isPartOf\":{\"@id\":\"https:\/\/hobstop.ee\/lt\/#website\"},\"primaryImageOfPage\":{\"@id\":\"https:\/\/hobstop.ee\/lt\/produktas\/deco-matt-50ml\/#primaryimage\"},\"image\":{\"@id\":\"https:\/\/hobstop.ee\/lt\/produktas\/deco-matt-50ml\/#primaryimage\"},\"thumbnailUrl\":\"https:\/\/hobstop.ee\/media\/2369.jpg\",\"datePublished\":\"2014-12-09T10:58:51+00:00\",\"dateModified\":\"2014-12-09T10:58:51+00:00\",\"breadcrumb\":{\"@id\":\"https:\/\/hobstop.ee\/lt\/produktas\/deco-matt-50ml\/#breadcrumb\"},\"inLanguage\":\"lt\",\"potentialAction\":[{\"@type\":\"ReadAction\",\"target\":[\"https:\/\/hobstop.ee\/lt\/produktas\/deco-matt-50ml\/\"]}]},{\"@type\":\"ImageObject\",\"inLanguage\":\"lt\",\"@id\":\"https:\/\/hobstop.ee\/lt\/produktas\/deco-matt-50ml\/#primaryimage\",\"url\":\"https:\/\/hobstop.ee\/media\/2369.jpg\",\"contentUrl\":\"https:\/\/hobstop.ee\/media\/2369.jpg\",\"width\":1024,\"height\":768},{\"@type\":\"BreadcrumbList\",\"@id\":\"https:\/\/hobstop.ee\/lt\/produktas\/deco-matt-50ml\/#breadcrumb\",\"itemListElement\":[{\"@type\":\"ListItem\",\"position\":1,\"name\":\"Avaleht\",\"item\":\"https:\/\/hobstop.ee\/lt\/\"},{\"@type\":\"ListItem\",\"position\":2,\"name\":\"Parduotuv\u0117\",\"item\":\"https:\/\/hobstop.ee\/lt\/parduotuve\/\"},{\"@type\":\"ListItem\",\"position\":3,\"name\":\"Deco Matt 50ml\"}]},{\"@type\":\"WebSite\",\"@id\":\"https:\/\/hobstop.ee\/lt\/#website\",\"url\":\"https:\/\/hobstop.ee\/lt\/\",\"name\":\"Skizze\",\"description\":\"Dail\u0117s, pom\u0117gi\u0173 ir mokykliniai reikm\u0117nys\",\"publisher\":{\"@id\":\"https:\/\/hobstop.ee\/lt\/#organization\"},\"potentialAction\":[{\"@type\":\"SearchAction\",\"target\":{\"@type\":\"EntryPoint\",\"urlTemplate\":\"https:\/\/hobstop.ee\/lt\/?s={search_term_string}\"},\"query-input\":{\"@type\":\"PropertyValueSpecification\",\"valueRequired\":true,\"valueName\":\"search_term_string\"}}],\"inLanguage\":\"lt\"},{\"@type\":\"Organization\",\"@id\":\"https:\/\/hobstop.ee\/lt\/#organization\",\"name\":\"Vunder AS\",\"url\":\"https:\/\/hobstop.ee\/lt\/\",\"logo\":{\"@type\":\"ImageObject\",\"inLanguage\":\"lt\",\"@id\":\"https:\/\/hobstop.ee\/lt\/#\/schema\/logo\/image\/\",\"url\":\"https:\/\/hobstop.ee\/media\/vunder-logo.png\",\"contentUrl\":\"https:\/\/hobstop.ee\/media\/vunder-logo.png\",\"width\":127,\"height\":55,\"caption\":\"Vunder AS\"},\"image\":{\"@id\":\"https:\/\/hobstop.ee\/lt\/#\/schema\/logo\/image\/\"},\"sameAs\":[\"http:\/\/www.facebook.com\/VunderSkizze\"]}]}<\/script>\n<!-- \/ Yoast SEO plugin. -->","yoast_head_json":{"title":"Deco Matt 50ml &#8211; Skizze","robots":{"index":"noindex","follow":"follow","max-snippet":"max-snippet:-1","max-image-preview":"max-image-preview:large","max-video-preview":"max-video-preview:-1"},"og_locale":"lt_LT","og_type":"article","og_title":"Deco Matt 50ml &#8211; Skizze","og_description":"Spalvos namams suteikia gyvumo ir k\u016brybai n\u0117ra rib\u0173! Akrilini\u0173 da\u017e\u0173 \u201eLefranc&#038;Bourgeois Deco\u201c kremin\u0117 konsistencija puikiai tinka \u012fvairiems pavir\u0161iams dekoruoti, pakanka tik vieno da\u017e\u0173 sluoksnio. Akrilinius da\u017eus \u201eDeco Matt\u201c galima naudoti vienus arba juos mai\u0161yti, jais da\u017eyti galima tiek ma\u017eus, tiek ir didelius plotus. Puikiai prikimba prie \u012fvairi\u0173 pavir\u0161i\u0173 \u2013 medienos, gipso, kartono, popieriaus, tapet\u0173, plastilino, druskos te\u0161los, \u017evaki\u0173, lipni\u0173 juosteli\u0173 ir t.t.. Dengiamumas: 0.8m\u00b2\/100ml","og_url":"https:\/\/hobstop.ee\/lt\/produktas\/deco-matt-50ml\/","og_site_name":"Skizze","article_publisher":"http:\/\/www.facebook.com\/VunderSkizze","og_image":[{"width":1024,"height":768,"url":"https:\/\/hobstop.ee\/media\/2369.jpg","type":"image\/jpeg"}],"twitter_card":"summary_large_image","schema":{"@context":"https:\/\/schema.org","@graph":[{"@type":"WebPage","@id":"https:\/\/hobstop.ee\/lt\/produktas\/deco-matt-50ml\/","url":"https:\/\/hobstop.ee\/lt\/produktas\/deco-matt-50ml\/","name":"Deco Matt 50ml &#8211; Skizze","isPartOf":{"@id":"https:\/\/hobstop.ee\/lt\/#website"},"primaryImageOfPage":{"@id":"https:\/\/hobstop.ee\/lt\/produktas\/deco-matt-50ml\/#primaryimage"},"image":{"@id":"https:\/\/hobstop.ee\/lt\/produktas\/deco-matt-50ml\/#primaryimage"},"thumbnailUrl":"https:\/\/hobstop.ee\/media\/2369.jpg","datePublished":"2014-12-09T10:58:51+00:00","dateModified":"2014-12-09T10:58:51+00:00","breadcrumb":{"@id":"https:\/\/hobstop.ee\/lt\/produktas\/deco-matt-50ml\/#breadcrumb"},"inLanguage":"lt","potentialAction":[{"@type":"ReadAction","target":["https:\/\/hobstop.ee\/lt\/produktas\/deco-matt-50ml\/"]}]},{"@type":"ImageObject","inLanguage":"lt","@id":"https:\/\/hobstop.ee\/lt\/produktas\/deco-matt-50ml\/#primaryimage","url":"https:\/\/hobstop.ee\/media\/2369.jpg","contentUrl":"https:\/\/hobstop.ee\/media\/2369.jpg","width":1024,"height":768},{"@type":"BreadcrumbList","@id":"https:\/\/hobstop.ee\/lt\/produktas\/deco-matt-50ml\/#breadcrumb","itemListElement":[{"@type":"ListItem","position":1,"name":"Avaleht","item":"https:\/\/hobstop.ee\/lt\/"},{"@type":"ListItem","position":2,"name":"Parduotuv\u0117","item":"https:\/\/hobstop.ee\/lt\/parduotuve\/"},{"@type":"ListItem","position":3,"name":"Deco Matt 50ml"}]},{"@type":"WebSite","@id":"https:\/\/hobstop.ee\/lt\/#website","url":"https:\/\/hobstop.ee\/lt\/","name":"Skizze","description":"Dail\u0117s, pom\u0117gi\u0173 ir mokykliniai reikm\u0117nys","publisher":{"@id":"https:\/\/hobstop.ee\/lt\/#organization"},"potentialAction":[{"@type":"SearchAction","target":{"@type":"EntryPoint","urlTemplate":"https:\/\/hobstop.ee\/lt\/?s={search_term_string}"},"query-input":{"@type":"PropertyValueSpecification","valueRequired":true,"valueName":"search_term_string"}}],"inLanguage":"lt"},{"@type":"Organization","@id":"https:\/\/hobstop.ee\/lt\/#organization","name":"Vunder AS","url":"https:\/\/hobstop.ee\/lt\/","logo":{"@type":"ImageObject","inLanguage":"lt","@id":"https:\/\/hobstop.ee\/lt\/#\/schema\/logo\/image\/","url":"https:\/\/hobstop.ee\/media\/vunder-logo.png","contentUrl":"https:\/\/hobstop.ee\/media\/vunder-logo.png","width":127,"height":55,"caption":"Vunder AS"},"image":{"@id":"https:\/\/hobstop.ee\/lt\/#\/schema\/logo\/image\/"},"sameAs":["http:\/\/www.facebook.com\/VunderSkizze"]}]}},"_links":{"self":[{"href":"https:\/\/hobstop.ee\/lt\/wp-json\/wp\/v2\/product\/24346","targetHints":{"allow":["GET"]}}],"collection":[{"href":"https:\/\/hobstop.ee\/lt\/wp-json\/wp\/v2\/product"}],"about":[{"href":"https:\/\/hobstop.ee\/lt\/wp-json\/wp\/v2\/types\/product"}],"replies":[{"embeddable":true,"href":"https:\/\/hobstop.ee\/lt\/wp-json\/wp\/v2\/comments?post=24346"}],"wp:featuredmedia":[{"embeddable":true,"href":"https:\/\/hobstop.ee\/lt\/wp-json\/wp\/v2\/media\/104623"}],"wp:attachment":[{"href":"https:\/\/hobstop.ee\/lt\/wp-json\/wp\/v2\/media?parent=24346"}],"wp:term":[{"taxonomy":"product_cat","embeddable":true,"href":"https:\/\/hobstop.ee\/lt\/wp-json\/wp\/v2\/product_cat?post=24346"},{"taxonomy":"product_tag","embeddable":true,"href":"https:\/\/hobstop.ee\/lt\/wp-json\/wp\/v2\/product_tag?post=24346"}],"curies":[{"name":"wp","href":"https:\/\/api.w.org\/{rel}","templated":true}]}}