{"id":24354,"date":"2014-12-09T12:58:54","date_gmt":"2014-12-09T10:58:54","guid":{"rendered":"https:\/\/sharks.ee\/vunder_2019.klient.veebimajutus.ee\/?post_type=product&#038;p=24354"},"modified":"2014-12-09T12:58:54","modified_gmt":"2014-12-09T10:58:54","slug":"teptukas-raphael-impasto-8782-filbert","status":"publish","type":"product","link":"https:\/\/hobstop.ee\/lt\/produktas\/teptukas-raphael-impasto-8782-filbert\/","title":{"rendered":"Teptukas Raphael Impasto 8782 filbert"},"content":{"rendered":"<p>\u201eRaphael Impasto\u201c teptukuose yra naudojami nat\u016bral\u016bs jau\u010dio ausies \u0161ereliai, kurie yra vertinami d\u0117l j\u0173 patvarumo ir atsparumo. Pluo\u0161to kokyb\u0117 yra puikus kompromisas tarp sabalo plaukeli\u0173 ir \u0161eri\u0173. Mink\u0161to teptuko prisilietimu galima su\u0161velninti, sluoksniuoti ir formuoti. Jau\u010dio ausies teptuk\u0173 serija yra labai populiari tarp dailinink\u0173 ir tinka visoms da\u017e\u0173 r\u016b\u0161ims. Su nikeliuoto \u017ealvario mova, ilgu rusvu lakuotu koteliu ir rudu galiuku.<br \/>\nTapymo technika: aliejiniai da\u017eai<br \/>\nNaudojimas: modeliams, akcentams ir glaz\u016bravimui<\/p>\n","protected":false},"excerpt":{"rendered":"<p>\u201eRaphael Impasto\u201c teptukuose yra naudojami nat\u016bral\u016bs jau\u010dio ausies \u0161ereliai, kurie yra vertinami d\u0117l j\u0173 patvarumo ir atsparumo. Pluo\u0161to kokyb\u0117 yra puikus kompromisas tarp sabalo plaukeli\u0173 ir \u0161eri\u0173. Mink\u0161to teptuko prisilietimu galima su\u0161velninti, sluoksniuoti ir formuoti. Jau\u010dio ausies teptuk\u0173 serija yra labai populiari tarp dailinink\u0173 ir tinka visoms da\u017e\u0173 r\u016b\u0161ims. Su nikeliuoto \u017ealvario mova, ilgu rusvu lakuotu koteliu ir rudu galiuku. Tapymo technika: aliejiniai da\u017eai Naudojimas: modeliams, akcentams ir glaz\u016bravimui<\/p>\n","protected":false},"featured_media":119628,"comment_status":"closed","ping_status":"closed","template":"","meta":{"_acf_changed":false,"ep_exclude_from_search":false},"product_cat":[16124,15040,18651],"product_tag":[],"class_list":{"0":"post-24354","1":"product","2":"type-product","3":"status-publish","4":"has-post-thumbnail","6":"product_cat-dailes-prekes","7":"product_cat-jaucio-plauko-teptukai","8":"product_cat-teptukai-ir-irankiai-tapymui","10":"first","11":"outofstock","12":"sale","13":"taxable","14":"shipping-taxable","15":"purchasable","16":"product-type-variable"},"acf":[],"yoast_head":"<!-- This site is optimized with the Yoast SEO plugin v24.1 - https:\/\/yoast.com\/wordpress\/plugins\/seo\/ -->\n<title>Teptukas Raphael Impasto 8782 filbert &#8211; Skizze<\/title>\n<meta name=\"robots\" content=\"noindex, follow, max-snippet:-1, max-image-preview:large, max-video-preview:-1\" \/>\n<meta property=\"og:locale\" content=\"lt_LT\" \/>\n<meta property=\"og:type\" content=\"article\" \/>\n<meta property=\"og:title\" content=\"Teptukas Raphael Impasto 8782 filbert &#8211; Skizze\" \/>\n<meta property=\"og:description\" content=\"\u201eRaphael Impasto\u201c teptukuose yra naudojami nat\u016bral\u016bs jau\u010dio ausies \u0161ereliai, kurie yra vertinami d\u0117l j\u0173 patvarumo ir atsparumo. Pluo\u0161to kokyb\u0117 yra puikus kompromisas tarp sabalo plaukeli\u0173 ir \u0161eri\u0173. Mink\u0161to teptuko prisilietimu galima su\u0161velninti, sluoksniuoti ir formuoti. Jau\u010dio ausies teptuk\u0173 serija yra labai populiari tarp dailinink\u0173 ir tinka visoms da\u017e\u0173 r\u016b\u0161ims. Su nikeliuoto \u017ealvario mova, ilgu rusvu lakuotu koteliu ir rudu galiuku. Tapymo technika: aliejiniai da\u017eai Naudojimas: modeliams, akcentams ir glaz\u016bravimui\" \/>\n<meta property=\"og:url\" content=\"https:\/\/hobstop.ee\/lt\/produktas\/teptukas-raphael-impasto-8782-filbert\/\" \/>\n<meta property=\"og:site_name\" content=\"Skizze\" \/>\n<meta property=\"article:publisher\" content=\"http:\/\/www.facebook.com\/VunderSkizze\" \/>\n<meta property=\"og:image\" content=\"https:\/\/hobstop.ee\/media\/2380.jpg\" \/>\n\t<meta property=\"og:image:width\" content=\"1024\" \/>\n\t<meta property=\"og:image:height\" content=\"768\" \/>\n\t<meta property=\"og:image:type\" content=\"image\/jpeg\" \/>\n<meta name=\"twitter:card\" content=\"summary_large_image\" \/>\n<script type=\"application\/ld+json\" class=\"yoast-schema-graph\">{\"@context\":\"https:\/\/schema.org\",\"@graph\":[{\"@type\":\"WebPage\",\"@id\":\"https:\/\/hobstop.ee\/lt\/produktas\/teptukas-raphael-impasto-8782-filbert\/\",\"url\":\"https:\/\/hobstop.ee\/lt\/produktas\/teptukas-raphael-impasto-8782-filbert\/\",\"name\":\"Teptukas Raphael Impasto 8782 filbert &#8211; Skizze\",\"isPartOf\":{\"@id\":\"https:\/\/hobstop.ee\/lt\/#website\"},\"primaryImageOfPage\":{\"@id\":\"https:\/\/hobstop.ee\/lt\/produktas\/teptukas-raphael-impasto-8782-filbert\/#primaryimage\"},\"image\":{\"@id\":\"https:\/\/hobstop.ee\/lt\/produktas\/teptukas-raphael-impasto-8782-filbert\/#primaryimage\"},\"thumbnailUrl\":\"https:\/\/hobstop.ee\/media\/2380.jpg\",\"datePublished\":\"2014-12-09T10:58:54+00:00\",\"dateModified\":\"2014-12-09T10:58:54+00:00\",\"breadcrumb\":{\"@id\":\"https:\/\/hobstop.ee\/lt\/produktas\/teptukas-raphael-impasto-8782-filbert\/#breadcrumb\"},\"inLanguage\":\"lt\",\"potentialAction\":[{\"@type\":\"ReadAction\",\"target\":[\"https:\/\/hobstop.ee\/lt\/produktas\/teptukas-raphael-impasto-8782-filbert\/\"]}]},{\"@type\":\"ImageObject\",\"inLanguage\":\"lt\",\"@id\":\"https:\/\/hobstop.ee\/lt\/produktas\/teptukas-raphael-impasto-8782-filbert\/#primaryimage\",\"url\":\"https:\/\/hobstop.ee\/media\/2380.jpg\",\"contentUrl\":\"https:\/\/hobstop.ee\/media\/2380.jpg\",\"width\":1024,\"height\":768},{\"@type\":\"BreadcrumbList\",\"@id\":\"https:\/\/hobstop.ee\/lt\/produktas\/teptukas-raphael-impasto-8782-filbert\/#breadcrumb\",\"itemListElement\":[{\"@type\":\"ListItem\",\"position\":1,\"name\":\"Avaleht\",\"item\":\"https:\/\/hobstop.ee\/lt\/\"},{\"@type\":\"ListItem\",\"position\":2,\"name\":\"Parduotuv\u0117\",\"item\":\"https:\/\/hobstop.ee\/lt\/parduotuve\/\"},{\"@type\":\"ListItem\",\"position\":3,\"name\":\"Teptukas Raphael Impasto 8782 filbert\"}]},{\"@type\":\"WebSite\",\"@id\":\"https:\/\/hobstop.ee\/lt\/#website\",\"url\":\"https:\/\/hobstop.ee\/lt\/\",\"name\":\"Skizze\",\"description\":\"Dail\u0117s, pom\u0117gi\u0173 ir mokykliniai reikm\u0117nys\",\"publisher\":{\"@id\":\"https:\/\/hobstop.ee\/lt\/#organization\"},\"potentialAction\":[{\"@type\":\"SearchAction\",\"target\":{\"@type\":\"EntryPoint\",\"urlTemplate\":\"https:\/\/hobstop.ee\/lt\/?s={search_term_string}\"},\"query-input\":{\"@type\":\"PropertyValueSpecification\",\"valueRequired\":true,\"valueName\":\"search_term_string\"}}],\"inLanguage\":\"lt\"},{\"@type\":\"Organization\",\"@id\":\"https:\/\/hobstop.ee\/lt\/#organization\",\"name\":\"Vunder AS\",\"url\":\"https:\/\/hobstop.ee\/lt\/\",\"logo\":{\"@type\":\"ImageObject\",\"inLanguage\":\"lt\",\"@id\":\"https:\/\/hobstop.ee\/lt\/#\/schema\/logo\/image\/\",\"url\":\"https:\/\/hobstop.ee\/media\/vunder-logo.png\",\"contentUrl\":\"https:\/\/hobstop.ee\/media\/vunder-logo.png\",\"width\":127,\"height\":55,\"caption\":\"Vunder AS\"},\"image\":{\"@id\":\"https:\/\/hobstop.ee\/lt\/#\/schema\/logo\/image\/\"},\"sameAs\":[\"http:\/\/www.facebook.com\/VunderSkizze\"]}]}<\/script>\n<!-- \/ Yoast SEO plugin. -->","yoast_head_json":{"title":"Teptukas Raphael Impasto 8782 filbert &#8211; Skizze","robots":{"index":"noindex","follow":"follow","max-snippet":"max-snippet:-1","max-image-preview":"max-image-preview:large","max-video-preview":"max-video-preview:-1"},"og_locale":"lt_LT","og_type":"article","og_title":"Teptukas Raphael Impasto 8782 filbert &#8211; Skizze","og_description":"\u201eRaphael Impasto\u201c teptukuose yra naudojami nat\u016bral\u016bs jau\u010dio ausies \u0161ereliai, kurie yra vertinami d\u0117l j\u0173 patvarumo ir atsparumo. Pluo\u0161to kokyb\u0117 yra puikus kompromisas tarp sabalo plaukeli\u0173 ir \u0161eri\u0173. Mink\u0161to teptuko prisilietimu galima su\u0161velninti, sluoksniuoti ir formuoti. Jau\u010dio ausies teptuk\u0173 serija yra labai populiari tarp dailinink\u0173 ir tinka visoms da\u017e\u0173 r\u016b\u0161ims. Su nikeliuoto \u017ealvario mova, ilgu rusvu lakuotu koteliu ir rudu galiuku. Tapymo technika: aliejiniai da\u017eai Naudojimas: modeliams, akcentams ir glaz\u016bravimui","og_url":"https:\/\/hobstop.ee\/lt\/produktas\/teptukas-raphael-impasto-8782-filbert\/","og_site_name":"Skizze","article_publisher":"http:\/\/www.facebook.com\/VunderSkizze","og_image":[{"width":1024,"height":768,"url":"https:\/\/hobstop.ee\/media\/2380.jpg","type":"image\/jpeg"}],"twitter_card":"summary_large_image","schema":{"@context":"https:\/\/schema.org","@graph":[{"@type":"WebPage","@id":"https:\/\/hobstop.ee\/lt\/produktas\/teptukas-raphael-impasto-8782-filbert\/","url":"https:\/\/hobstop.ee\/lt\/produktas\/teptukas-raphael-impasto-8782-filbert\/","name":"Teptukas Raphael Impasto 8782 filbert &#8211; Skizze","isPartOf":{"@id":"https:\/\/hobstop.ee\/lt\/#website"},"primaryImageOfPage":{"@id":"https:\/\/hobstop.ee\/lt\/produktas\/teptukas-raphael-impasto-8782-filbert\/#primaryimage"},"image":{"@id":"https:\/\/hobstop.ee\/lt\/produktas\/teptukas-raphael-impasto-8782-filbert\/#primaryimage"},"thumbnailUrl":"https:\/\/hobstop.ee\/media\/2380.jpg","datePublished":"2014-12-09T10:58:54+00:00","dateModified":"2014-12-09T10:58:54+00:00","breadcrumb":{"@id":"https:\/\/hobstop.ee\/lt\/produktas\/teptukas-raphael-impasto-8782-filbert\/#breadcrumb"},"inLanguage":"lt","potentialAction":[{"@type":"ReadAction","target":["https:\/\/hobstop.ee\/lt\/produktas\/teptukas-raphael-impasto-8782-filbert\/"]}]},{"@type":"ImageObject","inLanguage":"lt","@id":"https:\/\/hobstop.ee\/lt\/produktas\/teptukas-raphael-impasto-8782-filbert\/#primaryimage","url":"https:\/\/hobstop.ee\/media\/2380.jpg","contentUrl":"https:\/\/hobstop.ee\/media\/2380.jpg","width":1024,"height":768},{"@type":"BreadcrumbList","@id":"https:\/\/hobstop.ee\/lt\/produktas\/teptukas-raphael-impasto-8782-filbert\/#breadcrumb","itemListElement":[{"@type":"ListItem","position":1,"name":"Avaleht","item":"https:\/\/hobstop.ee\/lt\/"},{"@type":"ListItem","position":2,"name":"Parduotuv\u0117","item":"https:\/\/hobstop.ee\/lt\/parduotuve\/"},{"@type":"ListItem","position":3,"name":"Teptukas Raphael Impasto 8782 filbert"}]},{"@type":"WebSite","@id":"https:\/\/hobstop.ee\/lt\/#website","url":"https:\/\/hobstop.ee\/lt\/","name":"Skizze","description":"Dail\u0117s, pom\u0117gi\u0173 ir mokykliniai reikm\u0117nys","publisher":{"@id":"https:\/\/hobstop.ee\/lt\/#organization"},"potentialAction":[{"@type":"SearchAction","target":{"@type":"EntryPoint","urlTemplate":"https:\/\/hobstop.ee\/lt\/?s={search_term_string}"},"query-input":{"@type":"PropertyValueSpecification","valueRequired":true,"valueName":"search_term_string"}}],"inLanguage":"lt"},{"@type":"Organization","@id":"https:\/\/hobstop.ee\/lt\/#organization","name":"Vunder AS","url":"https:\/\/hobstop.ee\/lt\/","logo":{"@type":"ImageObject","inLanguage":"lt","@id":"https:\/\/hobstop.ee\/lt\/#\/schema\/logo\/image\/","url":"https:\/\/hobstop.ee\/media\/vunder-logo.png","contentUrl":"https:\/\/hobstop.ee\/media\/vunder-logo.png","width":127,"height":55,"caption":"Vunder AS"},"image":{"@id":"https:\/\/hobstop.ee\/lt\/#\/schema\/logo\/image\/"},"sameAs":["http:\/\/www.facebook.com\/VunderSkizze"]}]}},"_links":{"self":[{"href":"https:\/\/hobstop.ee\/lt\/wp-json\/wp\/v2\/product\/24354","targetHints":{"allow":["GET"]}}],"collection":[{"href":"https:\/\/hobstop.ee\/lt\/wp-json\/wp\/v2\/product"}],"about":[{"href":"https:\/\/hobstop.ee\/lt\/wp-json\/wp\/v2\/types\/product"}],"replies":[{"embeddable":true,"href":"https:\/\/hobstop.ee\/lt\/wp-json\/wp\/v2\/comments?post=24354"}],"wp:featuredmedia":[{"embeddable":true,"href":"https:\/\/hobstop.ee\/lt\/wp-json\/wp\/v2\/media\/119628"}],"wp:attachment":[{"href":"https:\/\/hobstop.ee\/lt\/wp-json\/wp\/v2\/media?parent=24354"}],"wp:term":[{"taxonomy":"product_cat","embeddable":true,"href":"https:\/\/hobstop.ee\/lt\/wp-json\/wp\/v2\/product_cat?post=24354"},{"taxonomy":"product_tag","embeddable":true,"href":"https:\/\/hobstop.ee\/lt\/wp-json\/wp\/v2\/product_tag?post=24354"}],"curies":[{"name":"wp","href":"https:\/\/api.w.org\/{rel}","templated":true}]}}