{"id":24358,"date":"2014-12-09T12:58:55","date_gmt":"2014-12-09T10:58:55","guid":{"rendered":"https:\/\/sharks.ee\/vunder_2019.klient.veebimajutus.ee\/?post_type=product&#038;p=24358"},"modified":"2014-12-09T12:58:55","modified_gmt":"2014-12-09T10:58:55","slug":"teptukas-raphael-petit-gris-pur-916-plokscias","status":"publish","type":"product","link":"https:\/\/hobstop.ee\/lt\/produktas\/teptukas-raphael-petit-gris-pur-916-plokscias\/","title":{"rendered":"Teptukas Raphael Petit-Gris Pur 916 plok\u0161\u010dias"},"content":{"rendered":"<p>Idealiai tinka ilgiems pot\u0117piams ant popieriaus, neb\u016btina imti da\u017e\u0173 i\u0161 palet\u0117s. Unikal\u016bs tu\u0161\u010diaviduriai teptuko \u0161ereliai sugeria da\u017eus tarsi \u0161iaudelis. Vover\u0117s plaukeliai yra geriausi i\u0161 vis\u0173 \u012fmanom\u0173 nat\u016brali\u0173 plaukeli\u0173 ir kuriais yra pasiekiamas itin geras kapiliari\u0161kumas. Juodas kotelis su nikeliuoto \u017ealvario antgaliu.<br \/>\nTapymo technika: akvareliniai da\u017eai<br \/>\nNaudojimas: tapyba akvarele, fonas<\/p>\n","protected":false},"excerpt":{"rendered":"<p>Idealiai tinka ilgiems pot\u0117piams ant popieriaus, neb\u016btina imti da\u017e\u0173 i\u0161 palet\u0117s. Unikal\u016bs tu\u0161\u010diaviduriai teptuko \u0161ereliai sugeria da\u017eus tarsi \u0161iaudelis. Vover\u0117s plaukeliai yra geriausi i\u0161 vis\u0173 \u012fmanom\u0173 nat\u016brali\u0173 plaukeli\u0173 ir kuriais yra pasiekiamas itin geras kapiliari\u0161kumas. Juodas kotelis su nikeliuoto \u017ealvario antgaliu. Tapymo technika: akvareliniai da\u017eai Naudojimas: tapyba akvarele, fonas<\/p>\n","protected":false},"featured_media":129352,"comment_status":"closed","ping_status":"closed","template":"","meta":{"_acf_changed":false,"ep_exclude_from_search":false},"product_cat":[16124,18651,18384],"product_tag":[],"class_list":{"0":"post-24358","1":"product","2":"type-product","3":"status-publish","4":"has-post-thumbnail","6":"product_cat-dailes-prekes","7":"product_cat-teptukai-ir-irankiai-tapymui","8":"product_cat-voveres-plauko-teptukai-2","10":"first","11":"instock","12":"taxable","13":"shipping-taxable","14":"purchasable","15":"product-type-variable"},"acf":[],"yoast_head":"<!-- This site is optimized with the Yoast SEO plugin v24.1 - https:\/\/yoast.com\/wordpress\/plugins\/seo\/ -->\n<title>Teptukas Raphael Petit-Gris Pur 916 plok\u0161\u010dias &#8211; Skizze<\/title>\n<meta name=\"robots\" content=\"noindex, follow, max-snippet:-1, max-image-preview:large, max-video-preview:-1\" \/>\n<meta property=\"og:locale\" content=\"lt_LT\" \/>\n<meta property=\"og:type\" content=\"article\" \/>\n<meta property=\"og:title\" content=\"Teptukas Raphael Petit-Gris Pur 916 plok\u0161\u010dias &#8211; Skizze\" \/>\n<meta property=\"og:description\" content=\"Idealiai tinka ilgiems pot\u0117piams ant popieriaus, neb\u016btina imti da\u017e\u0173 i\u0161 palet\u0117s. Unikal\u016bs tu\u0161\u010diaviduriai teptuko \u0161ereliai sugeria da\u017eus tarsi \u0161iaudelis. Vover\u0117s plaukeliai yra geriausi i\u0161 vis\u0173 \u012fmanom\u0173 nat\u016brali\u0173 plaukeli\u0173 ir kuriais yra pasiekiamas itin geras kapiliari\u0161kumas. Juodas kotelis su nikeliuoto \u017ealvario antgaliu. Tapymo technika: akvareliniai da\u017eai Naudojimas: tapyba akvarele, fonas\" \/>\n<meta property=\"og:url\" content=\"https:\/\/hobstop.ee\/lt\/produktas\/teptukas-raphael-petit-gris-pur-916-plokscias\/\" \/>\n<meta property=\"og:site_name\" content=\"Skizze\" \/>\n<meta property=\"article:publisher\" content=\"http:\/\/www.facebook.com\/VunderSkizze\" \/>\n<meta property=\"og:image\" content=\"https:\/\/hobstop.ee\/media\/2382.jpg\" \/>\n\t<meta property=\"og:image:width\" content=\"1024\" \/>\n\t<meta property=\"og:image:height\" content=\"768\" \/>\n\t<meta property=\"og:image:type\" content=\"image\/jpeg\" \/>\n<meta name=\"twitter:card\" content=\"summary_large_image\" \/>\n<script type=\"application\/ld+json\" class=\"yoast-schema-graph\">{\"@context\":\"https:\/\/schema.org\",\"@graph\":[{\"@type\":\"WebPage\",\"@id\":\"https:\/\/hobstop.ee\/lt\/produktas\/teptukas-raphael-petit-gris-pur-916-plokscias\/\",\"url\":\"https:\/\/hobstop.ee\/lt\/produktas\/teptukas-raphael-petit-gris-pur-916-plokscias\/\",\"name\":\"Teptukas Raphael Petit-Gris Pur 916 plok\u0161\u010dias &#8211; Skizze\",\"isPartOf\":{\"@id\":\"https:\/\/hobstop.ee\/lt\/#website\"},\"primaryImageOfPage\":{\"@id\":\"https:\/\/hobstop.ee\/lt\/produktas\/teptukas-raphael-petit-gris-pur-916-plokscias\/#primaryimage\"},\"image\":{\"@id\":\"https:\/\/hobstop.ee\/lt\/produktas\/teptukas-raphael-petit-gris-pur-916-plokscias\/#primaryimage\"},\"thumbnailUrl\":\"https:\/\/hobstop.ee\/media\/2382.jpg\",\"datePublished\":\"2014-12-09T10:58:55+00:00\",\"dateModified\":\"2014-12-09T10:58:55+00:00\",\"breadcrumb\":{\"@id\":\"https:\/\/hobstop.ee\/lt\/produktas\/teptukas-raphael-petit-gris-pur-916-plokscias\/#breadcrumb\"},\"inLanguage\":\"lt\",\"potentialAction\":[{\"@type\":\"ReadAction\",\"target\":[\"https:\/\/hobstop.ee\/lt\/produktas\/teptukas-raphael-petit-gris-pur-916-plokscias\/\"]}]},{\"@type\":\"ImageObject\",\"inLanguage\":\"lt\",\"@id\":\"https:\/\/hobstop.ee\/lt\/produktas\/teptukas-raphael-petit-gris-pur-916-plokscias\/#primaryimage\",\"url\":\"https:\/\/hobstop.ee\/media\/2382.jpg\",\"contentUrl\":\"https:\/\/hobstop.ee\/media\/2382.jpg\",\"width\":1024,\"height\":768},{\"@type\":\"BreadcrumbList\",\"@id\":\"https:\/\/hobstop.ee\/lt\/produktas\/teptukas-raphael-petit-gris-pur-916-plokscias\/#breadcrumb\",\"itemListElement\":[{\"@type\":\"ListItem\",\"position\":1,\"name\":\"Avaleht\",\"item\":\"https:\/\/hobstop.ee\/lt\/\"},{\"@type\":\"ListItem\",\"position\":2,\"name\":\"Parduotuv\u0117\",\"item\":\"https:\/\/hobstop.ee\/lt\/parduotuve\/\"},{\"@type\":\"ListItem\",\"position\":3,\"name\":\"Teptukas Raphael Petit-Gris Pur 916 plok\u0161\u010dias\"}]},{\"@type\":\"WebSite\",\"@id\":\"https:\/\/hobstop.ee\/lt\/#website\",\"url\":\"https:\/\/hobstop.ee\/lt\/\",\"name\":\"Skizze\",\"description\":\"Dail\u0117s, pom\u0117gi\u0173 ir mokykliniai reikm\u0117nys\",\"publisher\":{\"@id\":\"https:\/\/hobstop.ee\/lt\/#organization\"},\"potentialAction\":[{\"@type\":\"SearchAction\",\"target\":{\"@type\":\"EntryPoint\",\"urlTemplate\":\"https:\/\/hobstop.ee\/lt\/?s={search_term_string}\"},\"query-input\":{\"@type\":\"PropertyValueSpecification\",\"valueRequired\":true,\"valueName\":\"search_term_string\"}}],\"inLanguage\":\"lt\"},{\"@type\":\"Organization\",\"@id\":\"https:\/\/hobstop.ee\/lt\/#organization\",\"name\":\"Vunder AS\",\"url\":\"https:\/\/hobstop.ee\/lt\/\",\"logo\":{\"@type\":\"ImageObject\",\"inLanguage\":\"lt\",\"@id\":\"https:\/\/hobstop.ee\/lt\/#\/schema\/logo\/image\/\",\"url\":\"https:\/\/hobstop.ee\/media\/vunder-logo.png\",\"contentUrl\":\"https:\/\/hobstop.ee\/media\/vunder-logo.png\",\"width\":127,\"height\":55,\"caption\":\"Vunder AS\"},\"image\":{\"@id\":\"https:\/\/hobstop.ee\/lt\/#\/schema\/logo\/image\/\"},\"sameAs\":[\"http:\/\/www.facebook.com\/VunderSkizze\"]}]}<\/script>\n<!-- \/ Yoast SEO plugin. -->","yoast_head_json":{"title":"Teptukas Raphael Petit-Gris Pur 916 plok\u0161\u010dias &#8211; Skizze","robots":{"index":"noindex","follow":"follow","max-snippet":"max-snippet:-1","max-image-preview":"max-image-preview:large","max-video-preview":"max-video-preview:-1"},"og_locale":"lt_LT","og_type":"article","og_title":"Teptukas Raphael Petit-Gris Pur 916 plok\u0161\u010dias &#8211; Skizze","og_description":"Idealiai tinka ilgiems pot\u0117piams ant popieriaus, neb\u016btina imti da\u017e\u0173 i\u0161 palet\u0117s. Unikal\u016bs tu\u0161\u010diaviduriai teptuko \u0161ereliai sugeria da\u017eus tarsi \u0161iaudelis. Vover\u0117s plaukeliai yra geriausi i\u0161 vis\u0173 \u012fmanom\u0173 nat\u016brali\u0173 plaukeli\u0173 ir kuriais yra pasiekiamas itin geras kapiliari\u0161kumas. Juodas kotelis su nikeliuoto \u017ealvario antgaliu. Tapymo technika: akvareliniai da\u017eai Naudojimas: tapyba akvarele, fonas","og_url":"https:\/\/hobstop.ee\/lt\/produktas\/teptukas-raphael-petit-gris-pur-916-plokscias\/","og_site_name":"Skizze","article_publisher":"http:\/\/www.facebook.com\/VunderSkizze","og_image":[{"width":1024,"height":768,"url":"https:\/\/hobstop.ee\/media\/2382.jpg","type":"image\/jpeg"}],"twitter_card":"summary_large_image","schema":{"@context":"https:\/\/schema.org","@graph":[{"@type":"WebPage","@id":"https:\/\/hobstop.ee\/lt\/produktas\/teptukas-raphael-petit-gris-pur-916-plokscias\/","url":"https:\/\/hobstop.ee\/lt\/produktas\/teptukas-raphael-petit-gris-pur-916-plokscias\/","name":"Teptukas Raphael Petit-Gris Pur 916 plok\u0161\u010dias &#8211; Skizze","isPartOf":{"@id":"https:\/\/hobstop.ee\/lt\/#website"},"primaryImageOfPage":{"@id":"https:\/\/hobstop.ee\/lt\/produktas\/teptukas-raphael-petit-gris-pur-916-plokscias\/#primaryimage"},"image":{"@id":"https:\/\/hobstop.ee\/lt\/produktas\/teptukas-raphael-petit-gris-pur-916-plokscias\/#primaryimage"},"thumbnailUrl":"https:\/\/hobstop.ee\/media\/2382.jpg","datePublished":"2014-12-09T10:58:55+00:00","dateModified":"2014-12-09T10:58:55+00:00","breadcrumb":{"@id":"https:\/\/hobstop.ee\/lt\/produktas\/teptukas-raphael-petit-gris-pur-916-plokscias\/#breadcrumb"},"inLanguage":"lt","potentialAction":[{"@type":"ReadAction","target":["https:\/\/hobstop.ee\/lt\/produktas\/teptukas-raphael-petit-gris-pur-916-plokscias\/"]}]},{"@type":"ImageObject","inLanguage":"lt","@id":"https:\/\/hobstop.ee\/lt\/produktas\/teptukas-raphael-petit-gris-pur-916-plokscias\/#primaryimage","url":"https:\/\/hobstop.ee\/media\/2382.jpg","contentUrl":"https:\/\/hobstop.ee\/media\/2382.jpg","width":1024,"height":768},{"@type":"BreadcrumbList","@id":"https:\/\/hobstop.ee\/lt\/produktas\/teptukas-raphael-petit-gris-pur-916-plokscias\/#breadcrumb","itemListElement":[{"@type":"ListItem","position":1,"name":"Avaleht","item":"https:\/\/hobstop.ee\/lt\/"},{"@type":"ListItem","position":2,"name":"Parduotuv\u0117","item":"https:\/\/hobstop.ee\/lt\/parduotuve\/"},{"@type":"ListItem","position":3,"name":"Teptukas Raphael Petit-Gris Pur 916 plok\u0161\u010dias"}]},{"@type":"WebSite","@id":"https:\/\/hobstop.ee\/lt\/#website","url":"https:\/\/hobstop.ee\/lt\/","name":"Skizze","description":"Dail\u0117s, pom\u0117gi\u0173 ir mokykliniai reikm\u0117nys","publisher":{"@id":"https:\/\/hobstop.ee\/lt\/#organization"},"potentialAction":[{"@type":"SearchAction","target":{"@type":"EntryPoint","urlTemplate":"https:\/\/hobstop.ee\/lt\/?s={search_term_string}"},"query-input":{"@type":"PropertyValueSpecification","valueRequired":true,"valueName":"search_term_string"}}],"inLanguage":"lt"},{"@type":"Organization","@id":"https:\/\/hobstop.ee\/lt\/#organization","name":"Vunder AS","url":"https:\/\/hobstop.ee\/lt\/","logo":{"@type":"ImageObject","inLanguage":"lt","@id":"https:\/\/hobstop.ee\/lt\/#\/schema\/logo\/image\/","url":"https:\/\/hobstop.ee\/media\/vunder-logo.png","contentUrl":"https:\/\/hobstop.ee\/media\/vunder-logo.png","width":127,"height":55,"caption":"Vunder AS"},"image":{"@id":"https:\/\/hobstop.ee\/lt\/#\/schema\/logo\/image\/"},"sameAs":["http:\/\/www.facebook.com\/VunderSkizze"]}]}},"_links":{"self":[{"href":"https:\/\/hobstop.ee\/lt\/wp-json\/wp\/v2\/product\/24358","targetHints":{"allow":["GET"]}}],"collection":[{"href":"https:\/\/hobstop.ee\/lt\/wp-json\/wp\/v2\/product"}],"about":[{"href":"https:\/\/hobstop.ee\/lt\/wp-json\/wp\/v2\/types\/product"}],"replies":[{"embeddable":true,"href":"https:\/\/hobstop.ee\/lt\/wp-json\/wp\/v2\/comments?post=24358"}],"wp:featuredmedia":[{"embeddable":true,"href":"https:\/\/hobstop.ee\/lt\/wp-json\/wp\/v2\/media\/129352"}],"wp:attachment":[{"href":"https:\/\/hobstop.ee\/lt\/wp-json\/wp\/v2\/media?parent=24358"}],"wp:term":[{"taxonomy":"product_cat","embeddable":true,"href":"https:\/\/hobstop.ee\/lt\/wp-json\/wp\/v2\/product_cat?post=24358"},{"taxonomy":"product_tag","embeddable":true,"href":"https:\/\/hobstop.ee\/lt\/wp-json\/wp\/v2\/product_tag?post=24358"}],"curies":[{"name":"wp","href":"https:\/\/api.w.org\/{rel}","templated":true}]}}