{"id":243597,"date":"2015-12-22T11:29:55","date_gmt":"2015-12-22T09:29:55","guid":{"rendered":"http:\/\/www.vunder.ee\/lt\/product\/lipdymo-mase-apli-fun-dough-28g\/"},"modified":"2015-12-22T11:29:55","modified_gmt":"2015-12-22T09:29:55","slug":"lipdymo-mase-apli-fun-dough-28g","status":"publish","type":"product","link":"https:\/\/hobstop.ee\/lt\/produktas\/lipdymo-mase-apli-fun-dough-28g\/","title":{"rendered":"Lipdymo mas\u0117 Apli Fun Dough 28g"},"content":{"rendered":"<p>\u201eApli Fun Dough\u201c yra mink\u0161ta, lengvai formuojama ir neskylanti, ore kiet\u0117janti lipdymo mas\u0117. Spalvos tarpusavyje lengvai mai\u0161omos, lipdinio pavir\u0161ius yra lygus ir mink\u0161tas tarsi \u0161ilkas. Netepa rank\u0173 ir darbini\u0173 pavir\u0161i\u0173. Idealiai tinka vaik\u0173 rankdarbiams ir fantazijos ugdymui. Komplekte yra \u012fvairi\u0173 spalv\u0173 lipdymo masi\u0173 ir papildom\u0173 priemoni\u0173 komplekte pavaizduotai fig\u016brai nulipdyti.<\/p>\n","protected":false},"excerpt":{"rendered":"<p>\u201eApli Fun Dough\u201c yra mink\u0161ta, lengvai formuojama ir neskylanti, ore kiet\u0117janti lipdymo mas\u0117. Spalvos tarpusavyje lengvai mai\u0161omos, lipdinio pavir\u0161ius yra lygus ir mink\u0161tas tarsi \u0161ilkas. Netepa rank\u0173 ir darbini\u0173 pavir\u0161i\u0173. Idealiai tinka vaik\u0173 rankdarbiams ir fantazijos ugdymui. Komplekte yra \u012fvairi\u0173 spalv\u0173 lipdymo masi\u0173 ir papildom\u0173 priemoni\u0173 komplekte pavaizduotai fig\u016brai nulipdyti.<\/p>\n","protected":false},"featured_media":0,"comment_status":"closed","ping_status":"closed","template":"","meta":{"_acf_changed":false,"ep_exclude_from_search":false},"product_cat":[20096,14886,235],"product_tag":[],"class_list":{"0":"post-243597","1":"product","2":"type-product","3":"status-publish","5":"product_cat-maziems-vaikams","6":"product_cat-vee-baasil-varvid","7":"product_cat-mokyklines-prekes","9":"first","10":"instock","11":"taxable","12":"shipping-taxable","13":"purchasable","14":"product-type-simple"},"acf":[],"yoast_head":"<!-- This site is optimized with the Yoast SEO plugin v24.1 - https:\/\/yoast.com\/wordpress\/plugins\/seo\/ -->\n<title>Lipdymo mas\u0117 Apli Fun Dough 28g &#8211; Skizze<\/title>\n<meta name=\"robots\" content=\"noindex, follow, max-snippet:-1, max-image-preview:large, max-video-preview:-1\" \/>\n<meta property=\"og:locale\" content=\"lt_LT\" \/>\n<meta property=\"og:type\" content=\"article\" \/>\n<meta property=\"og:title\" content=\"Lipdymo mas\u0117 Apli Fun Dough 28g &#8211; Skizze\" \/>\n<meta property=\"og:description\" content=\"\u201eApli Fun Dough\u201c yra mink\u0161ta, lengvai formuojama ir neskylanti, ore kiet\u0117janti lipdymo mas\u0117. Spalvos tarpusavyje lengvai mai\u0161omos, lipdinio pavir\u0161ius yra lygus ir mink\u0161tas tarsi \u0161ilkas. Netepa rank\u0173 ir darbini\u0173 pavir\u0161i\u0173. Idealiai tinka vaik\u0173 rankdarbiams ir fantazijos ugdymui. Komplekte yra \u012fvairi\u0173 spalv\u0173 lipdymo masi\u0173 ir papildom\u0173 priemoni\u0173 komplekte pavaizduotai fig\u016brai nulipdyti.\" \/>\n<meta property=\"og:url\" content=\"https:\/\/hobstop.ee\/lt\/produktas\/lipdymo-mase-apli-fun-dough-28g\/\" \/>\n<meta property=\"og:site_name\" content=\"Skizze\" \/>\n<meta property=\"article:publisher\" content=\"http:\/\/www.facebook.com\/VunderSkizze\" \/>\n<meta name=\"twitter:card\" content=\"summary_large_image\" \/>\n<script type=\"application\/ld+json\" class=\"yoast-schema-graph\">{\"@context\":\"https:\/\/schema.org\",\"@graph\":[{\"@type\":\"WebPage\",\"@id\":\"https:\/\/hobstop.ee\/lt\/produktas\/lipdymo-mase-apli-fun-dough-28g\/\",\"url\":\"https:\/\/hobstop.ee\/lt\/produktas\/lipdymo-mase-apli-fun-dough-28g\/\",\"name\":\"Lipdymo mas\u0117 Apli Fun Dough 28g &#8211; Skizze\",\"isPartOf\":{\"@id\":\"https:\/\/hobstop.ee\/lt\/#website\"},\"datePublished\":\"2015-12-22T09:29:55+00:00\",\"dateModified\":\"2015-12-22T09:29:55+00:00\",\"breadcrumb\":{\"@id\":\"https:\/\/hobstop.ee\/lt\/produktas\/lipdymo-mase-apli-fun-dough-28g\/#breadcrumb\"},\"inLanguage\":\"lt\",\"potentialAction\":[{\"@type\":\"ReadAction\",\"target\":[\"https:\/\/hobstop.ee\/lt\/produktas\/lipdymo-mase-apli-fun-dough-28g\/\"]}]},{\"@type\":\"BreadcrumbList\",\"@id\":\"https:\/\/hobstop.ee\/lt\/produktas\/lipdymo-mase-apli-fun-dough-28g\/#breadcrumb\",\"itemListElement\":[{\"@type\":\"ListItem\",\"position\":1,\"name\":\"Avaleht\",\"item\":\"https:\/\/hobstop.ee\/lt\/\"},{\"@type\":\"ListItem\",\"position\":2,\"name\":\"Parduotuv\u0117\",\"item\":\"https:\/\/hobstop.ee\/lt\/parduotuve\/\"},{\"@type\":\"ListItem\",\"position\":3,\"name\":\"Lipdymo mas\u0117 Apli Fun Dough 28g\"}]},{\"@type\":\"WebSite\",\"@id\":\"https:\/\/hobstop.ee\/lt\/#website\",\"url\":\"https:\/\/hobstop.ee\/lt\/\",\"name\":\"Skizze\",\"description\":\"Dail\u0117s, pom\u0117gi\u0173 ir mokykliniai reikm\u0117nys\",\"publisher\":{\"@id\":\"https:\/\/hobstop.ee\/lt\/#organization\"},\"potentialAction\":[{\"@type\":\"SearchAction\",\"target\":{\"@type\":\"EntryPoint\",\"urlTemplate\":\"https:\/\/hobstop.ee\/lt\/?s={search_term_string}\"},\"query-input\":{\"@type\":\"PropertyValueSpecification\",\"valueRequired\":true,\"valueName\":\"search_term_string\"}}],\"inLanguage\":\"lt\"},{\"@type\":\"Organization\",\"@id\":\"https:\/\/hobstop.ee\/lt\/#organization\",\"name\":\"Vunder AS\",\"url\":\"https:\/\/hobstop.ee\/lt\/\",\"logo\":{\"@type\":\"ImageObject\",\"inLanguage\":\"lt\",\"@id\":\"https:\/\/hobstop.ee\/lt\/#\/schema\/logo\/image\/\",\"url\":\"https:\/\/hobstop.ee\/media\/vunder-logo.png\",\"contentUrl\":\"https:\/\/hobstop.ee\/media\/vunder-logo.png\",\"width\":127,\"height\":55,\"caption\":\"Vunder AS\"},\"image\":{\"@id\":\"https:\/\/hobstop.ee\/lt\/#\/schema\/logo\/image\/\"},\"sameAs\":[\"http:\/\/www.facebook.com\/VunderSkizze\"]}]}<\/script>\n<!-- \/ Yoast SEO plugin. -->","yoast_head_json":{"title":"Lipdymo mas\u0117 Apli Fun Dough 28g &#8211; Skizze","robots":{"index":"noindex","follow":"follow","max-snippet":"max-snippet:-1","max-image-preview":"max-image-preview:large","max-video-preview":"max-video-preview:-1"},"og_locale":"lt_LT","og_type":"article","og_title":"Lipdymo mas\u0117 Apli Fun Dough 28g &#8211; Skizze","og_description":"\u201eApli Fun Dough\u201c yra mink\u0161ta, lengvai formuojama ir neskylanti, ore kiet\u0117janti lipdymo mas\u0117. Spalvos tarpusavyje lengvai mai\u0161omos, lipdinio pavir\u0161ius yra lygus ir mink\u0161tas tarsi \u0161ilkas. Netepa rank\u0173 ir darbini\u0173 pavir\u0161i\u0173. Idealiai tinka vaik\u0173 rankdarbiams ir fantazijos ugdymui. Komplekte yra \u012fvairi\u0173 spalv\u0173 lipdymo masi\u0173 ir papildom\u0173 priemoni\u0173 komplekte pavaizduotai fig\u016brai nulipdyti.","og_url":"https:\/\/hobstop.ee\/lt\/produktas\/lipdymo-mase-apli-fun-dough-28g\/","og_site_name":"Skizze","article_publisher":"http:\/\/www.facebook.com\/VunderSkizze","twitter_card":"summary_large_image","schema":{"@context":"https:\/\/schema.org","@graph":[{"@type":"WebPage","@id":"https:\/\/hobstop.ee\/lt\/produktas\/lipdymo-mase-apli-fun-dough-28g\/","url":"https:\/\/hobstop.ee\/lt\/produktas\/lipdymo-mase-apli-fun-dough-28g\/","name":"Lipdymo mas\u0117 Apli Fun Dough 28g &#8211; Skizze","isPartOf":{"@id":"https:\/\/hobstop.ee\/lt\/#website"},"datePublished":"2015-12-22T09:29:55+00:00","dateModified":"2015-12-22T09:29:55+00:00","breadcrumb":{"@id":"https:\/\/hobstop.ee\/lt\/produktas\/lipdymo-mase-apli-fun-dough-28g\/#breadcrumb"},"inLanguage":"lt","potentialAction":[{"@type":"ReadAction","target":["https:\/\/hobstop.ee\/lt\/produktas\/lipdymo-mase-apli-fun-dough-28g\/"]}]},{"@type":"BreadcrumbList","@id":"https:\/\/hobstop.ee\/lt\/produktas\/lipdymo-mase-apli-fun-dough-28g\/#breadcrumb","itemListElement":[{"@type":"ListItem","position":1,"name":"Avaleht","item":"https:\/\/hobstop.ee\/lt\/"},{"@type":"ListItem","position":2,"name":"Parduotuv\u0117","item":"https:\/\/hobstop.ee\/lt\/parduotuve\/"},{"@type":"ListItem","position":3,"name":"Lipdymo mas\u0117 Apli Fun Dough 28g"}]},{"@type":"WebSite","@id":"https:\/\/hobstop.ee\/lt\/#website","url":"https:\/\/hobstop.ee\/lt\/","name":"Skizze","description":"Dail\u0117s, pom\u0117gi\u0173 ir mokykliniai reikm\u0117nys","publisher":{"@id":"https:\/\/hobstop.ee\/lt\/#organization"},"potentialAction":[{"@type":"SearchAction","target":{"@type":"EntryPoint","urlTemplate":"https:\/\/hobstop.ee\/lt\/?s={search_term_string}"},"query-input":{"@type":"PropertyValueSpecification","valueRequired":true,"valueName":"search_term_string"}}],"inLanguage":"lt"},{"@type":"Organization","@id":"https:\/\/hobstop.ee\/lt\/#organization","name":"Vunder AS","url":"https:\/\/hobstop.ee\/lt\/","logo":{"@type":"ImageObject","inLanguage":"lt","@id":"https:\/\/hobstop.ee\/lt\/#\/schema\/logo\/image\/","url":"https:\/\/hobstop.ee\/media\/vunder-logo.png","contentUrl":"https:\/\/hobstop.ee\/media\/vunder-logo.png","width":127,"height":55,"caption":"Vunder AS"},"image":{"@id":"https:\/\/hobstop.ee\/lt\/#\/schema\/logo\/image\/"},"sameAs":["http:\/\/www.facebook.com\/VunderSkizze"]}]}},"_links":{"self":[{"href":"https:\/\/hobstop.ee\/lt\/wp-json\/wp\/v2\/product\/243597","targetHints":{"allow":["GET"]}}],"collection":[{"href":"https:\/\/hobstop.ee\/lt\/wp-json\/wp\/v2\/product"}],"about":[{"href":"https:\/\/hobstop.ee\/lt\/wp-json\/wp\/v2\/types\/product"}],"replies":[{"embeddable":true,"href":"https:\/\/hobstop.ee\/lt\/wp-json\/wp\/v2\/comments?post=243597"}],"wp:attachment":[{"href":"https:\/\/hobstop.ee\/lt\/wp-json\/wp\/v2\/media?parent=243597"}],"wp:term":[{"taxonomy":"product_cat","embeddable":true,"href":"https:\/\/hobstop.ee\/lt\/wp-json\/wp\/v2\/product_cat?post=243597"},{"taxonomy":"product_tag","embeddable":true,"href":"https:\/\/hobstop.ee\/lt\/wp-json\/wp\/v2\/product_tag?post=243597"}],"curies":[{"name":"wp","href":"https:\/\/api.w.org\/{rel}","templated":true}]}}