{"id":243605,"date":"2015-12-22T11:29:58","date_gmt":"2015-12-22T09:29:58","guid":{"rendered":"http:\/\/www.vunder.ee\/lt\/product\/piesimo-bloknotas-canson-kids-200g\/"},"modified":"2015-12-22T11:29:58","modified_gmt":"2015-12-22T09:29:58","slug":"piesimo-bloknotas-canson-kids-200g","status":"publish","type":"product","link":"https:\/\/hobstop.ee\/lt\/produktas\/piesimo-bloknotas-canson-kids-200g\/","title":{"rendered":"Pie\u0161imo bloknotas Canson Kids 200g"},"content":{"rendered":"<p>Jau kelis de\u0161imtme\u010dius pie\u0161imo popierius \u201eCanson\u201c padeda vaikams puikiai praleisti laisvalaik\u012f. D\u0117ka savo patirties, \u201eCanson\u201c skatina ma\u017eylius pie\u0161ti, tapyti ir kurti ant naujos r\u016b\u0161ies popieriaus, kuris yra skirtas \u012fkv\u0117pti vaikus.<br \/>\nVaikams skirti pie\u0161imo bloknotai \u201eCanson\u201c puikiai tinka net ir ma\u017eiems vaikams. Pagaminti i\u0161 tikro \u201eCanson\u201c pie\u0161imo popieriaus, sunk\u016bs ir lygios tekst\u016bros lapai puikiai tinka pie\u0161imui gua\u0161u, nes nereikia baimintis, kad gua\u0161as prasisunks \u012f kit\u0105 popieriaus pus\u0119.<\/p>\n","protected":false},"excerpt":{"rendered":"<p>Jau kelis de\u0161imtme\u010dius pie\u0161imo popierius \u201eCanson\u201c padeda vaikams puikiai praleisti laisvalaik\u012f. D\u0117ka savo patirties, \u201eCanson\u201c skatina ma\u017eylius pie\u0161ti, tapyti ir kurti ant naujos r\u016b\u0161ies popieriaus, kuris yra skirtas \u012fkv\u0117pti vaikus. Vaikams skirti pie\u0161imo bloknotai \u201eCanson\u201c puikiai tinka net ir ma\u017eiems vaikams. Pagaminti i\u0161 tikro \u201eCanson\u201c pie\u0161imo popieriaus, sunk\u016bs ir lygios tekst\u016bros lapai puikiai tinka pie\u0161imui gua\u0161u, nes nereikia baimintis, kad gua\u0161as prasisunks \u012f kit\u0105 popieriaus pus\u0119.<\/p>\n","protected":false},"featured_media":243701,"comment_status":"closed","ping_status":"closed","template":"","meta":{"_acf_changed":false,"ep_exclude_from_search":false},"product_cat":[18941,19013,17922],"product_tag":[],"class_list":{"0":"post-243605","1":"product","2":"type-product","3":"status-publish","4":"has-post-thumbnail","6":"product_cat-mokykla-2","7":"product_cat-piesimo-sasiuviniaibloknotai","8":"product_cat-popieriaus-prekes","10":"first","11":"instock","12":"taxable","13":"shipping-taxable","14":"purchasable","15":"product-type-simple"},"acf":[],"yoast_head":"<!-- This site is optimized with the Yoast SEO plugin v24.1 - https:\/\/yoast.com\/wordpress\/plugins\/seo\/ -->\n<title>Pie\u0161imo bloknotas Canson Kids 200g &#8211; Skizze<\/title>\n<meta name=\"robots\" content=\"noindex, follow, max-snippet:-1, max-image-preview:large, max-video-preview:-1\" \/>\n<meta property=\"og:locale\" content=\"lt_LT\" \/>\n<meta property=\"og:type\" content=\"article\" \/>\n<meta property=\"og:title\" content=\"Pie\u0161imo bloknotas Canson Kids 200g &#8211; Skizze\" \/>\n<meta property=\"og:description\" content=\"Jau kelis de\u0161imtme\u010dius pie\u0161imo popierius \u201eCanson\u201c padeda vaikams puikiai praleisti laisvalaik\u012f. D\u0117ka savo patirties, \u201eCanson\u201c skatina ma\u017eylius pie\u0161ti, tapyti ir kurti ant naujos r\u016b\u0161ies popieriaus, kuris yra skirtas \u012fkv\u0117pti vaikus. Vaikams skirti pie\u0161imo bloknotai \u201eCanson\u201c puikiai tinka net ir ma\u017eiems vaikams. Pagaminti i\u0161 tikro \u201eCanson\u201c pie\u0161imo popieriaus, sunk\u016bs ir lygios tekst\u016bros lapai puikiai tinka pie\u0161imui gua\u0161u, nes nereikia baimintis, kad gua\u0161as prasisunks \u012f kit\u0105 popieriaus pus\u0119.\" \/>\n<meta property=\"og:url\" content=\"https:\/\/hobstop.ee\/lt\/produktas\/piesimo-bloknotas-canson-kids-200g\/\" \/>\n<meta property=\"og:site_name\" content=\"Skizze\" \/>\n<meta property=\"article:publisher\" content=\"http:\/\/www.facebook.com\/VunderSkizze\" \/>\n<meta property=\"og:image\" content=\"https:\/\/hobstop.ee\/media\/4154.jpg\" \/>\n\t<meta property=\"og:image:width\" content=\"1024\" \/>\n\t<meta property=\"og:image:height\" content=\"768\" \/>\n\t<meta property=\"og:image:type\" content=\"image\/jpeg\" \/>\n<meta name=\"twitter:card\" content=\"summary_large_image\" \/>\n<script type=\"application\/ld+json\" class=\"yoast-schema-graph\">{\"@context\":\"https:\/\/schema.org\",\"@graph\":[{\"@type\":\"WebPage\",\"@id\":\"https:\/\/hobstop.ee\/lt\/produktas\/piesimo-bloknotas-canson-kids-200g\/\",\"url\":\"https:\/\/hobstop.ee\/lt\/produktas\/piesimo-bloknotas-canson-kids-200g\/\",\"name\":\"Pie\u0161imo bloknotas Canson Kids 200g &#8211; Skizze\",\"isPartOf\":{\"@id\":\"https:\/\/hobstop.ee\/lt\/#website\"},\"primaryImageOfPage\":{\"@id\":\"https:\/\/hobstop.ee\/lt\/produktas\/piesimo-bloknotas-canson-kids-200g\/#primaryimage\"},\"image\":{\"@id\":\"https:\/\/hobstop.ee\/lt\/produktas\/piesimo-bloknotas-canson-kids-200g\/#primaryimage\"},\"thumbnailUrl\":\"https:\/\/hobstop.ee\/media\/4154.jpg\",\"datePublished\":\"2015-12-22T09:29:58+00:00\",\"dateModified\":\"2015-12-22T09:29:58+00:00\",\"breadcrumb\":{\"@id\":\"https:\/\/hobstop.ee\/lt\/produktas\/piesimo-bloknotas-canson-kids-200g\/#breadcrumb\"},\"inLanguage\":\"lt\",\"potentialAction\":[{\"@type\":\"ReadAction\",\"target\":[\"https:\/\/hobstop.ee\/lt\/produktas\/piesimo-bloknotas-canson-kids-200g\/\"]}]},{\"@type\":\"ImageObject\",\"inLanguage\":\"lt\",\"@id\":\"https:\/\/hobstop.ee\/lt\/produktas\/piesimo-bloknotas-canson-kids-200g\/#primaryimage\",\"url\":\"https:\/\/hobstop.ee\/media\/4154.jpg\",\"contentUrl\":\"https:\/\/hobstop.ee\/media\/4154.jpg\",\"width\":1024,\"height\":768},{\"@type\":\"BreadcrumbList\",\"@id\":\"https:\/\/hobstop.ee\/lt\/produktas\/piesimo-bloknotas-canson-kids-200g\/#breadcrumb\",\"itemListElement\":[{\"@type\":\"ListItem\",\"position\":1,\"name\":\"Avaleht\",\"item\":\"https:\/\/hobstop.ee\/lt\/\"},{\"@type\":\"ListItem\",\"position\":2,\"name\":\"Parduotuv\u0117\",\"item\":\"https:\/\/hobstop.ee\/lt\/parduotuve\/\"},{\"@type\":\"ListItem\",\"position\":3,\"name\":\"Pie\u0161imo bloknotas Canson Kids 200g\"}]},{\"@type\":\"WebSite\",\"@id\":\"https:\/\/hobstop.ee\/lt\/#website\",\"url\":\"https:\/\/hobstop.ee\/lt\/\",\"name\":\"Skizze\",\"description\":\"Dail\u0117s, pom\u0117gi\u0173 ir mokykliniai reikm\u0117nys\",\"publisher\":{\"@id\":\"https:\/\/hobstop.ee\/lt\/#organization\"},\"potentialAction\":[{\"@type\":\"SearchAction\",\"target\":{\"@type\":\"EntryPoint\",\"urlTemplate\":\"https:\/\/hobstop.ee\/lt\/?s={search_term_string}\"},\"query-input\":{\"@type\":\"PropertyValueSpecification\",\"valueRequired\":true,\"valueName\":\"search_term_string\"}}],\"inLanguage\":\"lt\"},{\"@type\":\"Organization\",\"@id\":\"https:\/\/hobstop.ee\/lt\/#organization\",\"name\":\"Vunder AS\",\"url\":\"https:\/\/hobstop.ee\/lt\/\",\"logo\":{\"@type\":\"ImageObject\",\"inLanguage\":\"lt\",\"@id\":\"https:\/\/hobstop.ee\/lt\/#\/schema\/logo\/image\/\",\"url\":\"https:\/\/hobstop.ee\/media\/vunder-logo.png\",\"contentUrl\":\"https:\/\/hobstop.ee\/media\/vunder-logo.png\",\"width\":127,\"height\":55,\"caption\":\"Vunder AS\"},\"image\":{\"@id\":\"https:\/\/hobstop.ee\/lt\/#\/schema\/logo\/image\/\"},\"sameAs\":[\"http:\/\/www.facebook.com\/VunderSkizze\"]}]}<\/script>\n<!-- \/ Yoast SEO plugin. -->","yoast_head_json":{"title":"Pie\u0161imo bloknotas Canson Kids 200g &#8211; Skizze","robots":{"index":"noindex","follow":"follow","max-snippet":"max-snippet:-1","max-image-preview":"max-image-preview:large","max-video-preview":"max-video-preview:-1"},"og_locale":"lt_LT","og_type":"article","og_title":"Pie\u0161imo bloknotas Canson Kids 200g &#8211; Skizze","og_description":"Jau kelis de\u0161imtme\u010dius pie\u0161imo popierius \u201eCanson\u201c padeda vaikams puikiai praleisti laisvalaik\u012f. D\u0117ka savo patirties, \u201eCanson\u201c skatina ma\u017eylius pie\u0161ti, tapyti ir kurti ant naujos r\u016b\u0161ies popieriaus, kuris yra skirtas \u012fkv\u0117pti vaikus. Vaikams skirti pie\u0161imo bloknotai \u201eCanson\u201c puikiai tinka net ir ma\u017eiems vaikams. Pagaminti i\u0161 tikro \u201eCanson\u201c pie\u0161imo popieriaus, sunk\u016bs ir lygios tekst\u016bros lapai puikiai tinka pie\u0161imui gua\u0161u, nes nereikia baimintis, kad gua\u0161as prasisunks \u012f kit\u0105 popieriaus pus\u0119.","og_url":"https:\/\/hobstop.ee\/lt\/produktas\/piesimo-bloknotas-canson-kids-200g\/","og_site_name":"Skizze","article_publisher":"http:\/\/www.facebook.com\/VunderSkizze","og_image":[{"width":1024,"height":768,"url":"https:\/\/hobstop.ee\/media\/4154.jpg","type":"image\/jpeg"}],"twitter_card":"summary_large_image","schema":{"@context":"https:\/\/schema.org","@graph":[{"@type":"WebPage","@id":"https:\/\/hobstop.ee\/lt\/produktas\/piesimo-bloknotas-canson-kids-200g\/","url":"https:\/\/hobstop.ee\/lt\/produktas\/piesimo-bloknotas-canson-kids-200g\/","name":"Pie\u0161imo bloknotas Canson Kids 200g &#8211; Skizze","isPartOf":{"@id":"https:\/\/hobstop.ee\/lt\/#website"},"primaryImageOfPage":{"@id":"https:\/\/hobstop.ee\/lt\/produktas\/piesimo-bloknotas-canson-kids-200g\/#primaryimage"},"image":{"@id":"https:\/\/hobstop.ee\/lt\/produktas\/piesimo-bloknotas-canson-kids-200g\/#primaryimage"},"thumbnailUrl":"https:\/\/hobstop.ee\/media\/4154.jpg","datePublished":"2015-12-22T09:29:58+00:00","dateModified":"2015-12-22T09:29:58+00:00","breadcrumb":{"@id":"https:\/\/hobstop.ee\/lt\/produktas\/piesimo-bloknotas-canson-kids-200g\/#breadcrumb"},"inLanguage":"lt","potentialAction":[{"@type":"ReadAction","target":["https:\/\/hobstop.ee\/lt\/produktas\/piesimo-bloknotas-canson-kids-200g\/"]}]},{"@type":"ImageObject","inLanguage":"lt","@id":"https:\/\/hobstop.ee\/lt\/produktas\/piesimo-bloknotas-canson-kids-200g\/#primaryimage","url":"https:\/\/hobstop.ee\/media\/4154.jpg","contentUrl":"https:\/\/hobstop.ee\/media\/4154.jpg","width":1024,"height":768},{"@type":"BreadcrumbList","@id":"https:\/\/hobstop.ee\/lt\/produktas\/piesimo-bloknotas-canson-kids-200g\/#breadcrumb","itemListElement":[{"@type":"ListItem","position":1,"name":"Avaleht","item":"https:\/\/hobstop.ee\/lt\/"},{"@type":"ListItem","position":2,"name":"Parduotuv\u0117","item":"https:\/\/hobstop.ee\/lt\/parduotuve\/"},{"@type":"ListItem","position":3,"name":"Pie\u0161imo bloknotas Canson Kids 200g"}]},{"@type":"WebSite","@id":"https:\/\/hobstop.ee\/lt\/#website","url":"https:\/\/hobstop.ee\/lt\/","name":"Skizze","description":"Dail\u0117s, pom\u0117gi\u0173 ir mokykliniai reikm\u0117nys","publisher":{"@id":"https:\/\/hobstop.ee\/lt\/#organization"},"potentialAction":[{"@type":"SearchAction","target":{"@type":"EntryPoint","urlTemplate":"https:\/\/hobstop.ee\/lt\/?s={search_term_string}"},"query-input":{"@type":"PropertyValueSpecification","valueRequired":true,"valueName":"search_term_string"}}],"inLanguage":"lt"},{"@type":"Organization","@id":"https:\/\/hobstop.ee\/lt\/#organization","name":"Vunder AS","url":"https:\/\/hobstop.ee\/lt\/","logo":{"@type":"ImageObject","inLanguage":"lt","@id":"https:\/\/hobstop.ee\/lt\/#\/schema\/logo\/image\/","url":"https:\/\/hobstop.ee\/media\/vunder-logo.png","contentUrl":"https:\/\/hobstop.ee\/media\/vunder-logo.png","width":127,"height":55,"caption":"Vunder AS"},"image":{"@id":"https:\/\/hobstop.ee\/lt\/#\/schema\/logo\/image\/"},"sameAs":["http:\/\/www.facebook.com\/VunderSkizze"]}]}},"_links":{"self":[{"href":"https:\/\/hobstop.ee\/lt\/wp-json\/wp\/v2\/product\/243605","targetHints":{"allow":["GET"]}}],"collection":[{"href":"https:\/\/hobstop.ee\/lt\/wp-json\/wp\/v2\/product"}],"about":[{"href":"https:\/\/hobstop.ee\/lt\/wp-json\/wp\/v2\/types\/product"}],"replies":[{"embeddable":true,"href":"https:\/\/hobstop.ee\/lt\/wp-json\/wp\/v2\/comments?post=243605"}],"wp:featuredmedia":[{"embeddable":true,"href":"https:\/\/hobstop.ee\/lt\/wp-json\/wp\/v2\/media\/243701"}],"wp:attachment":[{"href":"https:\/\/hobstop.ee\/lt\/wp-json\/wp\/v2\/media?parent=243605"}],"wp:term":[{"taxonomy":"product_cat","embeddable":true,"href":"https:\/\/hobstop.ee\/lt\/wp-json\/wp\/v2\/product_cat?post=243605"},{"taxonomy":"product_tag","embeddable":true,"href":"https:\/\/hobstop.ee\/lt\/wp-json\/wp\/v2\/product_tag?post=243605"}],"curies":[{"name":"wp","href":"https:\/\/api.w.org\/{rel}","templated":true}]}}