{"id":24370,"date":"2014-12-09T12:59:02","date_gmt":"2014-12-09T10:59:02","guid":{"rendered":"https:\/\/sharks.ee\/vunder_2019.klient.veebimajutus.ee\/?post_type=product&#038;p=24370"},"modified":"2014-12-09T12:59:02","modified_gmt":"2014-12-09T10:59:02","slug":"teptukas-raphael-kaerell-blue-8264-kampinis","status":"publish","type":"product","link":"https:\/\/hobstop.ee\/lt\/produktas\/teptukas-raphael-kaerell-blue-8264-kampinis\/","title":{"rendered":"Teptukas Raphael Kaerell Blue 8264 kampinis"},"content":{"rendered":"<p>Plonas sintetinis pluo\u0161tas \u201eKaerel Blue\u201c tinka bet kokiems darbams ant \u012fvairi\u0173 pavir\u0161i\u0173. \u0160ie teptukai trumpais koteliais gerai i\u0161laiko savo form\u0105 ir tvirtai laiko plaukelius. Puikiai tinka tapybai su akrilu, gua\u0161u, tempera, akvarele ir kitomis m\u0117g\u0117ji\u0161komis technikomis. Ma\u017eiau tikslus nei \u201eSepija\u201c pluo\u0161tas. Trumpas pranc\u016bzi\u0161kas m\u0117lynas lakuotas kotelis su nikeliuoto \u017ealvario antgaliu.<br \/>\nTapymo technika: universali (akrilas, akvarel\u0117, tekstil\u0117, \u0161ilkas ir t.t.)<br \/>\nNaudojimas: ta\u0161k\u0173 ir pakra\u0161\u010di\u0173 tapyba, kaligrafija<\/p>\n","protected":false},"excerpt":{"rendered":"<p>Plonas sintetinis pluo\u0161tas \u201eKaerel Blue\u201c tinka bet kokiems darbams ant \u012fvairi\u0173 pavir\u0161i\u0173. \u0160ie teptukai trumpais koteliais gerai i\u0161laiko savo form\u0105 ir tvirtai laiko plaukelius. Puikiai tinka tapybai su akrilu, gua\u0161u, tempera, akvarele ir kitomis m\u0117g\u0117ji\u0161komis technikomis. Ma\u017eiau tikslus nei \u201eSepija\u201c pluo\u0161tas. Trumpas pranc\u016bzi\u0161kas m\u0117lynas lakuotas kotelis su nikeliuoto \u017ealvario antgaliu. Tapymo technika: universali (akrilas, akvarel\u0117, tekstil\u0117, \u0161ilkas ir t.t.) Naudojimas: ta\u0161k\u0173 ir pakra\u0161\u010di\u0173 tapyba, kaligrafija<\/p>\n","protected":false},"featured_media":129392,"comment_status":"closed","ping_status":"closed","template":"","meta":{"_acf_changed":false,"ep_exclude_from_search":false},"product_cat":[17919,14962,16177],"product_tag":[],"class_list":{"0":"post-24370","1":"product","2":"type-product","3":"status-publish","4":"has-post-thumbnail","6":"product_cat-pomegiu-prekes","7":"product_cat-harilikud-pliiatsid","8":"product_cat-teptukai","10":"first","11":"instock","12":"taxable","13":"shipping-taxable","14":"purchasable","15":"product-type-variable"},"acf":[],"yoast_head":"<!-- This site is optimized with the Yoast SEO plugin v24.1 - https:\/\/yoast.com\/wordpress\/plugins\/seo\/ -->\n<title>Teptukas Raphael Kaerell Blue 8264 kampinis &#8211; Skizze<\/title>\n<meta name=\"robots\" content=\"noindex, follow, max-snippet:-1, max-image-preview:large, max-video-preview:-1\" \/>\n<meta property=\"og:locale\" content=\"lt_LT\" \/>\n<meta property=\"og:type\" content=\"article\" \/>\n<meta property=\"og:title\" content=\"Teptukas Raphael Kaerell Blue 8264 kampinis &#8211; Skizze\" \/>\n<meta property=\"og:description\" content=\"Plonas sintetinis pluo\u0161tas \u201eKaerel Blue\u201c tinka bet kokiems darbams ant \u012fvairi\u0173 pavir\u0161i\u0173. \u0160ie teptukai trumpais koteliais gerai i\u0161laiko savo form\u0105 ir tvirtai laiko plaukelius. Puikiai tinka tapybai su akrilu, gua\u0161u, tempera, akvarele ir kitomis m\u0117g\u0117ji\u0161komis technikomis. Ma\u017eiau tikslus nei \u201eSepija\u201c pluo\u0161tas. Trumpas pranc\u016bzi\u0161kas m\u0117lynas lakuotas kotelis su nikeliuoto \u017ealvario antgaliu. Tapymo technika: universali (akrilas, akvarel\u0117, tekstil\u0117, \u0161ilkas ir t.t.) Naudojimas: ta\u0161k\u0173 ir pakra\u0161\u010di\u0173 tapyba, kaligrafija\" \/>\n<meta property=\"og:url\" content=\"https:\/\/hobstop.ee\/lt\/produktas\/teptukas-raphael-kaerell-blue-8264-kampinis\/\" \/>\n<meta property=\"og:site_name\" content=\"Skizze\" \/>\n<meta property=\"article:publisher\" content=\"http:\/\/www.facebook.com\/VunderSkizze\" \/>\n<meta property=\"og:image\" content=\"https:\/\/hobstop.ee\/media\/2388.jpg\" \/>\n\t<meta property=\"og:image:width\" content=\"1024\" \/>\n\t<meta property=\"og:image:height\" content=\"768\" \/>\n\t<meta property=\"og:image:type\" content=\"image\/jpeg\" \/>\n<meta name=\"twitter:card\" content=\"summary_large_image\" \/>\n<script type=\"application\/ld+json\" class=\"yoast-schema-graph\">{\"@context\":\"https:\/\/schema.org\",\"@graph\":[{\"@type\":\"WebPage\",\"@id\":\"https:\/\/hobstop.ee\/lt\/produktas\/teptukas-raphael-kaerell-blue-8264-kampinis\/\",\"url\":\"https:\/\/hobstop.ee\/lt\/produktas\/teptukas-raphael-kaerell-blue-8264-kampinis\/\",\"name\":\"Teptukas Raphael Kaerell Blue 8264 kampinis &#8211; Skizze\",\"isPartOf\":{\"@id\":\"https:\/\/hobstop.ee\/lt\/#website\"},\"primaryImageOfPage\":{\"@id\":\"https:\/\/hobstop.ee\/lt\/produktas\/teptukas-raphael-kaerell-blue-8264-kampinis\/#primaryimage\"},\"image\":{\"@id\":\"https:\/\/hobstop.ee\/lt\/produktas\/teptukas-raphael-kaerell-blue-8264-kampinis\/#primaryimage\"},\"thumbnailUrl\":\"https:\/\/hobstop.ee\/media\/2388.jpg\",\"datePublished\":\"2014-12-09T10:59:02+00:00\",\"dateModified\":\"2014-12-09T10:59:02+00:00\",\"breadcrumb\":{\"@id\":\"https:\/\/hobstop.ee\/lt\/produktas\/teptukas-raphael-kaerell-blue-8264-kampinis\/#breadcrumb\"},\"inLanguage\":\"lt\",\"potentialAction\":[{\"@type\":\"ReadAction\",\"target\":[\"https:\/\/hobstop.ee\/lt\/produktas\/teptukas-raphael-kaerell-blue-8264-kampinis\/\"]}]},{\"@type\":\"ImageObject\",\"inLanguage\":\"lt\",\"@id\":\"https:\/\/hobstop.ee\/lt\/produktas\/teptukas-raphael-kaerell-blue-8264-kampinis\/#primaryimage\",\"url\":\"https:\/\/hobstop.ee\/media\/2388.jpg\",\"contentUrl\":\"https:\/\/hobstop.ee\/media\/2388.jpg\",\"width\":1024,\"height\":768},{\"@type\":\"BreadcrumbList\",\"@id\":\"https:\/\/hobstop.ee\/lt\/produktas\/teptukas-raphael-kaerell-blue-8264-kampinis\/#breadcrumb\",\"itemListElement\":[{\"@type\":\"ListItem\",\"position\":1,\"name\":\"Avaleht\",\"item\":\"https:\/\/hobstop.ee\/lt\/\"},{\"@type\":\"ListItem\",\"position\":2,\"name\":\"Parduotuv\u0117\",\"item\":\"https:\/\/hobstop.ee\/lt\/parduotuve\/\"},{\"@type\":\"ListItem\",\"position\":3,\"name\":\"Teptukas Raphael Kaerell Blue 8264 kampinis\"}]},{\"@type\":\"WebSite\",\"@id\":\"https:\/\/hobstop.ee\/lt\/#website\",\"url\":\"https:\/\/hobstop.ee\/lt\/\",\"name\":\"Skizze\",\"description\":\"Dail\u0117s, pom\u0117gi\u0173 ir mokykliniai reikm\u0117nys\",\"publisher\":{\"@id\":\"https:\/\/hobstop.ee\/lt\/#organization\"},\"potentialAction\":[{\"@type\":\"SearchAction\",\"target\":{\"@type\":\"EntryPoint\",\"urlTemplate\":\"https:\/\/hobstop.ee\/lt\/?s={search_term_string}\"},\"query-input\":{\"@type\":\"PropertyValueSpecification\",\"valueRequired\":true,\"valueName\":\"search_term_string\"}}],\"inLanguage\":\"lt\"},{\"@type\":\"Organization\",\"@id\":\"https:\/\/hobstop.ee\/lt\/#organization\",\"name\":\"Vunder AS\",\"url\":\"https:\/\/hobstop.ee\/lt\/\",\"logo\":{\"@type\":\"ImageObject\",\"inLanguage\":\"lt\",\"@id\":\"https:\/\/hobstop.ee\/lt\/#\/schema\/logo\/image\/\",\"url\":\"https:\/\/hobstop.ee\/media\/vunder-logo.png\",\"contentUrl\":\"https:\/\/hobstop.ee\/media\/vunder-logo.png\",\"width\":127,\"height\":55,\"caption\":\"Vunder AS\"},\"image\":{\"@id\":\"https:\/\/hobstop.ee\/lt\/#\/schema\/logo\/image\/\"},\"sameAs\":[\"http:\/\/www.facebook.com\/VunderSkizze\"]}]}<\/script>\n<!-- \/ Yoast SEO plugin. -->","yoast_head_json":{"title":"Teptukas Raphael Kaerell Blue 8264 kampinis &#8211; Skizze","robots":{"index":"noindex","follow":"follow","max-snippet":"max-snippet:-1","max-image-preview":"max-image-preview:large","max-video-preview":"max-video-preview:-1"},"og_locale":"lt_LT","og_type":"article","og_title":"Teptukas Raphael Kaerell Blue 8264 kampinis &#8211; Skizze","og_description":"Plonas sintetinis pluo\u0161tas \u201eKaerel Blue\u201c tinka bet kokiems darbams ant \u012fvairi\u0173 pavir\u0161i\u0173. \u0160ie teptukai trumpais koteliais gerai i\u0161laiko savo form\u0105 ir tvirtai laiko plaukelius. Puikiai tinka tapybai su akrilu, gua\u0161u, tempera, akvarele ir kitomis m\u0117g\u0117ji\u0161komis technikomis. Ma\u017eiau tikslus nei \u201eSepija\u201c pluo\u0161tas. Trumpas pranc\u016bzi\u0161kas m\u0117lynas lakuotas kotelis su nikeliuoto \u017ealvario antgaliu. Tapymo technika: universali (akrilas, akvarel\u0117, tekstil\u0117, \u0161ilkas ir t.t.) Naudojimas: ta\u0161k\u0173 ir pakra\u0161\u010di\u0173 tapyba, kaligrafija","og_url":"https:\/\/hobstop.ee\/lt\/produktas\/teptukas-raphael-kaerell-blue-8264-kampinis\/","og_site_name":"Skizze","article_publisher":"http:\/\/www.facebook.com\/VunderSkizze","og_image":[{"width":1024,"height":768,"url":"https:\/\/hobstop.ee\/media\/2388.jpg","type":"image\/jpeg"}],"twitter_card":"summary_large_image","schema":{"@context":"https:\/\/schema.org","@graph":[{"@type":"WebPage","@id":"https:\/\/hobstop.ee\/lt\/produktas\/teptukas-raphael-kaerell-blue-8264-kampinis\/","url":"https:\/\/hobstop.ee\/lt\/produktas\/teptukas-raphael-kaerell-blue-8264-kampinis\/","name":"Teptukas Raphael Kaerell Blue 8264 kampinis &#8211; Skizze","isPartOf":{"@id":"https:\/\/hobstop.ee\/lt\/#website"},"primaryImageOfPage":{"@id":"https:\/\/hobstop.ee\/lt\/produktas\/teptukas-raphael-kaerell-blue-8264-kampinis\/#primaryimage"},"image":{"@id":"https:\/\/hobstop.ee\/lt\/produktas\/teptukas-raphael-kaerell-blue-8264-kampinis\/#primaryimage"},"thumbnailUrl":"https:\/\/hobstop.ee\/media\/2388.jpg","datePublished":"2014-12-09T10:59:02+00:00","dateModified":"2014-12-09T10:59:02+00:00","breadcrumb":{"@id":"https:\/\/hobstop.ee\/lt\/produktas\/teptukas-raphael-kaerell-blue-8264-kampinis\/#breadcrumb"},"inLanguage":"lt","potentialAction":[{"@type":"ReadAction","target":["https:\/\/hobstop.ee\/lt\/produktas\/teptukas-raphael-kaerell-blue-8264-kampinis\/"]}]},{"@type":"ImageObject","inLanguage":"lt","@id":"https:\/\/hobstop.ee\/lt\/produktas\/teptukas-raphael-kaerell-blue-8264-kampinis\/#primaryimage","url":"https:\/\/hobstop.ee\/media\/2388.jpg","contentUrl":"https:\/\/hobstop.ee\/media\/2388.jpg","width":1024,"height":768},{"@type":"BreadcrumbList","@id":"https:\/\/hobstop.ee\/lt\/produktas\/teptukas-raphael-kaerell-blue-8264-kampinis\/#breadcrumb","itemListElement":[{"@type":"ListItem","position":1,"name":"Avaleht","item":"https:\/\/hobstop.ee\/lt\/"},{"@type":"ListItem","position":2,"name":"Parduotuv\u0117","item":"https:\/\/hobstop.ee\/lt\/parduotuve\/"},{"@type":"ListItem","position":3,"name":"Teptukas Raphael Kaerell Blue 8264 kampinis"}]},{"@type":"WebSite","@id":"https:\/\/hobstop.ee\/lt\/#website","url":"https:\/\/hobstop.ee\/lt\/","name":"Skizze","description":"Dail\u0117s, pom\u0117gi\u0173 ir mokykliniai reikm\u0117nys","publisher":{"@id":"https:\/\/hobstop.ee\/lt\/#organization"},"potentialAction":[{"@type":"SearchAction","target":{"@type":"EntryPoint","urlTemplate":"https:\/\/hobstop.ee\/lt\/?s={search_term_string}"},"query-input":{"@type":"PropertyValueSpecification","valueRequired":true,"valueName":"search_term_string"}}],"inLanguage":"lt"},{"@type":"Organization","@id":"https:\/\/hobstop.ee\/lt\/#organization","name":"Vunder AS","url":"https:\/\/hobstop.ee\/lt\/","logo":{"@type":"ImageObject","inLanguage":"lt","@id":"https:\/\/hobstop.ee\/lt\/#\/schema\/logo\/image\/","url":"https:\/\/hobstop.ee\/media\/vunder-logo.png","contentUrl":"https:\/\/hobstop.ee\/media\/vunder-logo.png","width":127,"height":55,"caption":"Vunder AS"},"image":{"@id":"https:\/\/hobstop.ee\/lt\/#\/schema\/logo\/image\/"},"sameAs":["http:\/\/www.facebook.com\/VunderSkizze"]}]}},"_links":{"self":[{"href":"https:\/\/hobstop.ee\/lt\/wp-json\/wp\/v2\/product\/24370","targetHints":{"allow":["GET"]}}],"collection":[{"href":"https:\/\/hobstop.ee\/lt\/wp-json\/wp\/v2\/product"}],"about":[{"href":"https:\/\/hobstop.ee\/lt\/wp-json\/wp\/v2\/types\/product"}],"replies":[{"embeddable":true,"href":"https:\/\/hobstop.ee\/lt\/wp-json\/wp\/v2\/comments?post=24370"}],"wp:featuredmedia":[{"embeddable":true,"href":"https:\/\/hobstop.ee\/lt\/wp-json\/wp\/v2\/media\/129392"}],"wp:attachment":[{"href":"https:\/\/hobstop.ee\/lt\/wp-json\/wp\/v2\/media?parent=24370"}],"wp:term":[{"taxonomy":"product_cat","embeddable":true,"href":"https:\/\/hobstop.ee\/lt\/wp-json\/wp\/v2\/product_cat?post=24370"},{"taxonomy":"product_tag","embeddable":true,"href":"https:\/\/hobstop.ee\/lt\/wp-json\/wp\/v2\/product_tag?post=24370"}],"curies":[{"name":"wp","href":"https:\/\/api.w.org\/{rel}","templated":true}]}}