{"id":24427,"date":"2014-12-09T12:59:25","date_gmt":"2014-12-09T10:59:25","guid":{"rendered":"https:\/\/sharks.ee\/vunder_2019.klient.veebimajutus.ee\/?post_type=product&#038;p=24427"},"modified":"2014-12-09T12:59:25","modified_gmt":"2014-12-09T10:59:25","slug":"dazai-su-magneto-efektu","status":"publish","type":"product","link":"https:\/\/hobstop.ee\/lt\/produktas\/dazai-su-magneto-efektu\/","title":{"rendered":"Da\u017eai su magneto efektu"},"content":{"rendered":"<p>Vandens pagrindu pagaminta i\u0161d\u017eiuvusi matin\u0117 akrilo priemon\u0117 sukuria magnetin\u012f pavir\u0161i\u0173. Priemon\u0117 \u201eMarabu Magnet\u201c yra atspari vandeniui ir \u0161viesos poveikiui. Priemone \u201eMarabu Magnet\u201c galima dengti ne tik sienas. Magnetin\u012f pavir\u0161i\u0173 galima sukurti ant medienos, MDF plok\u0161\u010di\u0173, metalo, popieriaus ir net \u012fr\u0117mintos drob\u0117s. Priemone padengt\u0105 pavir\u0161i\u0173 tinka nuda\u017eyti akriliniais arba specialiais ra\u0161omosios lentos da\u017eais. Ant tokio pavir\u0161iaus galima ra\u0161yti kreida ar magnetais prikabinti svarbius skelbimus ir kitus dokumentus.<br \/>\nDengiamumas: 0.9m\u00b2\/100ml<\/p>\n","protected":false},"excerpt":{"rendered":"<p>Vandens pagrindu pagaminta i\u0161d\u017eiuvusi matin\u0117 akrilo priemon\u0117 sukuria magnetin\u012f pavir\u0161i\u0173. Priemon\u0117 \u201eMarabu Magnet\u201c yra atspari vandeniui ir \u0161viesos poveikiui. Priemone \u201eMarabu Magnet\u201c galima dengti ne tik sienas. Magnetin\u012f pavir\u0161i\u0173 galima sukurti ant medienos, MDF plok\u0161\u010di\u0173, metalo, popieriaus ir net \u012fr\u0117mintos drob\u0117s. Priemone padengt\u0105 pavir\u0161i\u0173 tinka nuda\u017eyti akriliniais arba specialiais ra\u0161omosios lentos da\u017eais. Ant tokio pavir\u0161iaus galima ra\u0161yti kreida ar magnetais prikabinti svarbius skelbimus ir kitus dokumentus. Dengiamumas: 0.9m\u00b2\/100ml<\/p>\n","protected":false},"featured_media":0,"comment_status":"closed","ping_status":"closed","template":"","meta":{"_acf_changed":false,"ep_exclude_from_search":false},"product_cat":[239,18723,17919],"product_tag":[],"class_list":{"0":"post-24427","1":"product","2":"type-product","3":"status-publish","5":"product_cat-dekoratyviniai-dazai-2","6":"product_cat-kita","7":"product_cat-pomegiu-prekes","9":"first","10":"outofstock","11":"sale","12":"taxable","13":"shipping-taxable","14":"purchasable","15":"product-type-variable"},"acf":[],"yoast_head":"<!-- This site is optimized with the Yoast SEO plugin v24.1 - https:\/\/yoast.com\/wordpress\/plugins\/seo\/ -->\n<title>Da\u017eai su magneto efektu &#8211; Skizze<\/title>\n<meta name=\"robots\" content=\"noindex, follow, max-snippet:-1, max-image-preview:large, max-video-preview:-1\" \/>\n<meta property=\"og:locale\" content=\"lt_LT\" \/>\n<meta property=\"og:type\" content=\"article\" \/>\n<meta property=\"og:title\" content=\"Da\u017eai su magneto efektu &#8211; Skizze\" \/>\n<meta property=\"og:description\" content=\"Vandens pagrindu pagaminta i\u0161d\u017eiuvusi matin\u0117 akrilo priemon\u0117 sukuria magnetin\u012f pavir\u0161i\u0173. Priemon\u0117 \u201eMarabu Magnet\u201c yra atspari vandeniui ir \u0161viesos poveikiui. Priemone \u201eMarabu Magnet\u201c galima dengti ne tik sienas. Magnetin\u012f pavir\u0161i\u0173 galima sukurti ant medienos, MDF plok\u0161\u010di\u0173, metalo, popieriaus ir net \u012fr\u0117mintos drob\u0117s. Priemone padengt\u0105 pavir\u0161i\u0173 tinka nuda\u017eyti akriliniais arba specialiais ra\u0161omosios lentos da\u017eais. Ant tokio pavir\u0161iaus galima ra\u0161yti kreida ar magnetais prikabinti svarbius skelbimus ir kitus dokumentus. Dengiamumas: 0.9m\u00b2\/100ml\" \/>\n<meta property=\"og:url\" content=\"https:\/\/hobstop.ee\/lt\/produktas\/dazai-su-magneto-efektu\/\" \/>\n<meta property=\"og:site_name\" content=\"Skizze\" \/>\n<meta property=\"article:publisher\" content=\"http:\/\/www.facebook.com\/VunderSkizze\" \/>\n<meta name=\"twitter:card\" content=\"summary_large_image\" \/>\n<script type=\"application\/ld+json\" class=\"yoast-schema-graph\">{\"@context\":\"https:\/\/schema.org\",\"@graph\":[{\"@type\":\"WebPage\",\"@id\":\"https:\/\/hobstop.ee\/lt\/produktas\/dazai-su-magneto-efektu\/\",\"url\":\"https:\/\/hobstop.ee\/lt\/produktas\/dazai-su-magneto-efektu\/\",\"name\":\"Da\u017eai su magneto efektu &#8211; Skizze\",\"isPartOf\":{\"@id\":\"https:\/\/www.hobstop.ee\/lt\/#website\"},\"datePublished\":\"2014-12-09T10:59:25+00:00\",\"dateModified\":\"2014-12-09T10:59:25+00:00\",\"breadcrumb\":{\"@id\":\"https:\/\/hobstop.ee\/lt\/produktas\/dazai-su-magneto-efektu\/#breadcrumb\"},\"inLanguage\":\"lt\",\"potentialAction\":[{\"@type\":\"ReadAction\",\"target\":[\"https:\/\/hobstop.ee\/lt\/produktas\/dazai-su-magneto-efektu\/\"]}]},{\"@type\":\"BreadcrumbList\",\"@id\":\"https:\/\/hobstop.ee\/lt\/produktas\/dazai-su-magneto-efektu\/#breadcrumb\",\"itemListElement\":[{\"@type\":\"ListItem\",\"position\":1,\"name\":\"Avaleht\",\"item\":\"https:\/\/hobstop.ee\/lt\/\"},{\"@type\":\"ListItem\",\"position\":2,\"name\":\"Parduotuv\u0117\",\"item\":\"https:\/\/www.hobstop.ee\/lt\/parduotuve\/\"},{\"@type\":\"ListItem\",\"position\":3,\"name\":\"Da\u017eai su magneto efektu\"}]},{\"@type\":\"WebSite\",\"@id\":\"https:\/\/www.hobstop.ee\/lt\/#website\",\"url\":\"https:\/\/www.hobstop.ee\/lt\/\",\"name\":\"Skizze\",\"description\":\"Dail\u0117s, pom\u0117gi\u0173 ir mokykliniai reikm\u0117nys\",\"publisher\":{\"@id\":\"https:\/\/www.hobstop.ee\/lt\/#organization\"},\"potentialAction\":[{\"@type\":\"SearchAction\",\"target\":{\"@type\":\"EntryPoint\",\"urlTemplate\":\"https:\/\/www.hobstop.ee\/lt\/?s={search_term_string}\"},\"query-input\":{\"@type\":\"PropertyValueSpecification\",\"valueRequired\":true,\"valueName\":\"search_term_string\"}}],\"inLanguage\":\"lt\"},{\"@type\":\"Organization\",\"@id\":\"https:\/\/www.hobstop.ee\/lt\/#organization\",\"name\":\"Vunder AS\",\"url\":\"https:\/\/www.hobstop.ee\/lt\/\",\"logo\":{\"@type\":\"ImageObject\",\"inLanguage\":\"lt\",\"@id\":\"https:\/\/www.hobstop.ee\/lt\/#\/schema\/logo\/image\/\",\"url\":\"https:\/\/hobstop.ee\/media\/vunder-logo.png\",\"contentUrl\":\"https:\/\/hobstop.ee\/media\/vunder-logo.png\",\"width\":127,\"height\":55,\"caption\":\"Vunder AS\"},\"image\":{\"@id\":\"https:\/\/www.hobstop.ee\/lt\/#\/schema\/logo\/image\/\"},\"sameAs\":[\"http:\/\/www.facebook.com\/VunderSkizze\"]}]}<\/script>\n<!-- \/ Yoast SEO plugin. -->","yoast_head_json":{"title":"Da\u017eai su magneto efektu &#8211; Skizze","robots":{"index":"noindex","follow":"follow","max-snippet":"max-snippet:-1","max-image-preview":"max-image-preview:large","max-video-preview":"max-video-preview:-1"},"og_locale":"lt_LT","og_type":"article","og_title":"Da\u017eai su magneto efektu &#8211; Skizze","og_description":"Vandens pagrindu pagaminta i\u0161d\u017eiuvusi matin\u0117 akrilo priemon\u0117 sukuria magnetin\u012f pavir\u0161i\u0173. Priemon\u0117 \u201eMarabu Magnet\u201c yra atspari vandeniui ir \u0161viesos poveikiui. Priemone \u201eMarabu Magnet\u201c galima dengti ne tik sienas. Magnetin\u012f pavir\u0161i\u0173 galima sukurti ant medienos, MDF plok\u0161\u010di\u0173, metalo, popieriaus ir net \u012fr\u0117mintos drob\u0117s. Priemone padengt\u0105 pavir\u0161i\u0173 tinka nuda\u017eyti akriliniais arba specialiais ra\u0161omosios lentos da\u017eais. Ant tokio pavir\u0161iaus galima ra\u0161yti kreida ar magnetais prikabinti svarbius skelbimus ir kitus dokumentus. Dengiamumas: 0.9m\u00b2\/100ml","og_url":"https:\/\/hobstop.ee\/lt\/produktas\/dazai-su-magneto-efektu\/","og_site_name":"Skizze","article_publisher":"http:\/\/www.facebook.com\/VunderSkizze","twitter_card":"summary_large_image","schema":{"@context":"https:\/\/schema.org","@graph":[{"@type":"WebPage","@id":"https:\/\/hobstop.ee\/lt\/produktas\/dazai-su-magneto-efektu\/","url":"https:\/\/hobstop.ee\/lt\/produktas\/dazai-su-magneto-efektu\/","name":"Da\u017eai su magneto efektu &#8211; Skizze","isPartOf":{"@id":"https:\/\/www.hobstop.ee\/lt\/#website"},"datePublished":"2014-12-09T10:59:25+00:00","dateModified":"2014-12-09T10:59:25+00:00","breadcrumb":{"@id":"https:\/\/hobstop.ee\/lt\/produktas\/dazai-su-magneto-efektu\/#breadcrumb"},"inLanguage":"lt","potentialAction":[{"@type":"ReadAction","target":["https:\/\/hobstop.ee\/lt\/produktas\/dazai-su-magneto-efektu\/"]}]},{"@type":"BreadcrumbList","@id":"https:\/\/hobstop.ee\/lt\/produktas\/dazai-su-magneto-efektu\/#breadcrumb","itemListElement":[{"@type":"ListItem","position":1,"name":"Avaleht","item":"https:\/\/hobstop.ee\/lt\/"},{"@type":"ListItem","position":2,"name":"Parduotuv\u0117","item":"https:\/\/www.hobstop.ee\/lt\/parduotuve\/"},{"@type":"ListItem","position":3,"name":"Da\u017eai su magneto efektu"}]},{"@type":"WebSite","@id":"https:\/\/www.hobstop.ee\/lt\/#website","url":"https:\/\/www.hobstop.ee\/lt\/","name":"Skizze","description":"Dail\u0117s, pom\u0117gi\u0173 ir mokykliniai reikm\u0117nys","publisher":{"@id":"https:\/\/www.hobstop.ee\/lt\/#organization"},"potentialAction":[{"@type":"SearchAction","target":{"@type":"EntryPoint","urlTemplate":"https:\/\/www.hobstop.ee\/lt\/?s={search_term_string}"},"query-input":{"@type":"PropertyValueSpecification","valueRequired":true,"valueName":"search_term_string"}}],"inLanguage":"lt"},{"@type":"Organization","@id":"https:\/\/www.hobstop.ee\/lt\/#organization","name":"Vunder AS","url":"https:\/\/www.hobstop.ee\/lt\/","logo":{"@type":"ImageObject","inLanguage":"lt","@id":"https:\/\/www.hobstop.ee\/lt\/#\/schema\/logo\/image\/","url":"https:\/\/hobstop.ee\/media\/vunder-logo.png","contentUrl":"https:\/\/hobstop.ee\/media\/vunder-logo.png","width":127,"height":55,"caption":"Vunder AS"},"image":{"@id":"https:\/\/www.hobstop.ee\/lt\/#\/schema\/logo\/image\/"},"sameAs":["http:\/\/www.facebook.com\/VunderSkizze"]}]}},"_links":{"self":[{"href":"https:\/\/hobstop.ee\/lt\/wp-json\/wp\/v2\/product\/24427","targetHints":{"allow":["GET"]}}],"collection":[{"href":"https:\/\/hobstop.ee\/lt\/wp-json\/wp\/v2\/product"}],"about":[{"href":"https:\/\/hobstop.ee\/lt\/wp-json\/wp\/v2\/types\/product"}],"replies":[{"embeddable":true,"href":"https:\/\/hobstop.ee\/lt\/wp-json\/wp\/v2\/comments?post=24427"}],"wp:attachment":[{"href":"https:\/\/hobstop.ee\/lt\/wp-json\/wp\/v2\/media?parent=24427"}],"wp:term":[{"taxonomy":"product_cat","embeddable":true,"href":"https:\/\/hobstop.ee\/lt\/wp-json\/wp\/v2\/product_cat?post=24427"},{"taxonomy":"product_tag","embeddable":true,"href":"https:\/\/hobstop.ee\/lt\/wp-json\/wp\/v2\/product_tag?post=24427"}],"curies":[{"name":"wp","href":"https:\/\/api.w.org\/{rel}","templated":true}]}}