{"id":244645,"date":"2015-12-31T11:47:25","date_gmt":"2015-12-31T09:47:25","guid":{"rendered":"http:\/\/www.vunder.ee\/lt\/product\/sablonas-marabu-silhouette-30x30cm\/"},"modified":"2015-12-31T11:47:25","modified_gmt":"2015-12-31T09:47:25","slug":"sablonas-marabu-silhouette-30x30cm","status":"publish","type":"product","link":"https:\/\/hobstop.ee\/lt\/produktas\/sablonas-marabu-silhouette-30x30cm\/","title":{"rendered":"\u0160ablonas Marabu Silhouette 30x30cm"},"content":{"rendered":"<p>Sukurkite puikius atvirukus, dekoruokite paveiksl\u0173 r\u0117mus ar mar\u0161kin\u0117lius \u2013 k\u016brybingumui n\u0117ra rib\u0173. Trafaretai \u201eSilhouette\u201c tinka dekoruoti tekstilei, popieriui, paveiksl\u0173 r\u0117mus, medienos dirbinius, taip pat ir kitus pavir\u0161ius. Jie puikiai tinka mad\u0173 dizaineriams, skrebinimui, meninei \u017eurnalistikai ir \u012fvairiems medij\u0173 meno darbams. \u201eMarabu\u201c studijos trafaret\u0173 dizainas leid\u017eia sukurti individual\u0173 stili\u0173, trafaretus galima naudoti apverstus, veidrodiniu b\u016bdu ar individualiems projektams. Juostomis sujungtus trafaretus galima i\u0161kirpti ir panaudoti atskiriems darbams. Patvarius trafaretus galima naudoti \u012fvairioms reikm\u0117ms, juos lengva valyti, galima panaudoti i\u0161 naujo. Sud\u0117tyje n\u0117ra PVC. Atraskite begalinius derinius su akriliniais ir tekstil\u0117s da\u017eais. Trafaretus \u201eMarabu Silhouette\u201c derindami su tekstil\u0117s da\u017eais \u201eMarabu Fashion Spray\u201c, ant tekstil\u0117s dirbini\u0173 galite sukurti nuostabius efektus.<\/p>\n","protected":false},"excerpt":{"rendered":"<p>Sukurkite puikius atvirukus, dekoruokite paveiksl\u0173 r\u0117mus ar mar\u0161kin\u0117lius \u2013 k\u016brybingumui n\u0117ra rib\u0173. Trafaretai \u201eSilhouette\u201c tinka dekoruoti tekstilei, popieriui, paveiksl\u0173 r\u0117mus, medienos dirbinius, taip pat ir kitus pavir\u0161ius. Jie puikiai tinka mad\u0173 dizaineriams, skrebinimui, meninei \u017eurnalistikai ir \u012fvairiems medij\u0173 meno darbams. \u201eMarabu\u201c studijos trafaret\u0173 dizainas leid\u017eia sukurti individual\u0173 stili\u0173, trafaretus galima naudoti apverstus, veidrodiniu b\u016bdu ar individualiems projektams. Juostomis sujungtus trafaretus galima i\u0161kirpti ir panaudoti atskiriems darbams. Patvarius trafaretus galima naudoti \u012fvairioms reikm\u0117ms, juos lengva valyti, galima panaudoti i\u0161 naujo. Sud\u0117tyje n\u0117ra PVC. Atraskite begalinius derinius su akriliniais ir tekstil\u0117s da\u017eais. Trafaretus \u201eMarabu Silhouette\u201c derindami su tekstil\u0117s da\u017eais \u201eMarabu Fashion Spray\u201c, ant tekstil\u0117s dirbini\u0173 galite sukurti nuostabius efektus.<\/p>\n","protected":false},"featured_media":244817,"comment_status":"closed","ping_status":"closed","template":"","meta":{"_acf_changed":false,"ep_exclude_from_search":false},"product_cat":[239,17919,20022],"product_tag":[],"class_list":{"0":"post-244645","1":"product","2":"type-product","3":"status-publish","4":"has-post-thumbnail","6":"product_cat-aerosoolvarvid","7":"product_cat-pomegiu-prekes","8":"product_cat-sablonai-ir-antspaudai","10":"first","11":"instock","12":"taxable","13":"shipping-taxable","14":"purchasable","15":"product-type-simple"},"acf":[],"yoast_head":"<!-- This site is optimized with the Yoast SEO plugin v24.1 - https:\/\/yoast.com\/wordpress\/plugins\/seo\/ -->\n<title>\u0160ablonas Marabu Silhouette 30x30cm &#8211; Skizze<\/title>\n<meta name=\"robots\" content=\"noindex, follow, max-snippet:-1, max-image-preview:large, max-video-preview:-1\" \/>\n<meta property=\"og:locale\" content=\"lt_LT\" \/>\n<meta property=\"og:type\" content=\"article\" \/>\n<meta property=\"og:title\" content=\"\u0160ablonas Marabu Silhouette 30x30cm &#8211; Skizze\" \/>\n<meta property=\"og:description\" content=\"Sukurkite puikius atvirukus, dekoruokite paveiksl\u0173 r\u0117mus ar mar\u0161kin\u0117lius \u2013 k\u016brybingumui n\u0117ra rib\u0173. Trafaretai \u201eSilhouette\u201c tinka dekoruoti tekstilei, popieriui, paveiksl\u0173 r\u0117mus, medienos dirbinius, taip pat ir kitus pavir\u0161ius. Jie puikiai tinka mad\u0173 dizaineriams, skrebinimui, meninei \u017eurnalistikai ir \u012fvairiems medij\u0173 meno darbams. \u201eMarabu\u201c studijos trafaret\u0173 dizainas leid\u017eia sukurti individual\u0173 stili\u0173, trafaretus galima naudoti apverstus, veidrodiniu b\u016bdu ar individualiems projektams. Juostomis sujungtus trafaretus galima i\u0161kirpti ir panaudoti atskiriems darbams. Patvarius trafaretus galima naudoti \u012fvairioms reikm\u0117ms, juos lengva valyti, galima panaudoti i\u0161 naujo. Sud\u0117tyje n\u0117ra PVC. Atraskite begalinius derinius su akriliniais ir tekstil\u0117s da\u017eais. Trafaretus \u201eMarabu Silhouette\u201c derindami su tekstil\u0117s da\u017eais \u201eMarabu Fashion Spray\u201c, ant tekstil\u0117s dirbini\u0173 galite sukurti nuostabius efektus.\" \/>\n<meta property=\"og:url\" content=\"https:\/\/hobstop.ee\/lt\/produktas\/sablonas-marabu-silhouette-30x30cm\/\" \/>\n<meta property=\"og:site_name\" content=\"Skizze\" \/>\n<meta property=\"article:publisher\" content=\"http:\/\/www.facebook.com\/VunderSkizze\" \/>\n<meta property=\"og:image\" content=\"https:\/\/www.hobstop.ee\/media\/4161.jpg\" \/>\n\t<meta property=\"og:image:width\" content=\"1024\" \/>\n\t<meta property=\"og:image:height\" content=\"768\" \/>\n\t<meta property=\"og:image:type\" content=\"image\/jpeg\" \/>\n<meta name=\"twitter:card\" content=\"summary_large_image\" \/>\n<meta name=\"twitter:label1\" content=\"Est. reading time\" \/>\n\t<meta name=\"twitter:data1\" content=\"1 minute\" \/>\n<script type=\"application\/ld+json\" class=\"yoast-schema-graph\">{\"@context\":\"https:\/\/schema.org\",\"@graph\":[{\"@type\":\"WebPage\",\"@id\":\"https:\/\/hobstop.ee\/lt\/produktas\/sablonas-marabu-silhouette-30x30cm\/\",\"url\":\"https:\/\/hobstop.ee\/lt\/produktas\/sablonas-marabu-silhouette-30x30cm\/\",\"name\":\"\u0160ablonas Marabu Silhouette 30x30cm &#8211; Skizze\",\"isPartOf\":{\"@id\":\"https:\/\/hobstop.ee\/lt\/#website\"},\"primaryImageOfPage\":{\"@id\":\"https:\/\/hobstop.ee\/lt\/produktas\/sablonas-marabu-silhouette-30x30cm\/#primaryimage\"},\"image\":{\"@id\":\"https:\/\/hobstop.ee\/lt\/produktas\/sablonas-marabu-silhouette-30x30cm\/#primaryimage\"},\"thumbnailUrl\":\"https:\/\/hobstop.ee\/media\/4161.jpg\",\"datePublished\":\"2015-12-31T09:47:25+00:00\",\"dateModified\":\"2015-12-31T09:47:25+00:00\",\"breadcrumb\":{\"@id\":\"https:\/\/hobstop.ee\/lt\/produktas\/sablonas-marabu-silhouette-30x30cm\/#breadcrumb\"},\"inLanguage\":\"lt\",\"potentialAction\":[{\"@type\":\"ReadAction\",\"target\":[\"https:\/\/hobstop.ee\/lt\/produktas\/sablonas-marabu-silhouette-30x30cm\/\"]}]},{\"@type\":\"ImageObject\",\"inLanguage\":\"lt\",\"@id\":\"https:\/\/hobstop.ee\/lt\/produktas\/sablonas-marabu-silhouette-30x30cm\/#primaryimage\",\"url\":\"https:\/\/hobstop.ee\/media\/4161.jpg\",\"contentUrl\":\"https:\/\/hobstop.ee\/media\/4161.jpg\",\"width\":1024,\"height\":768},{\"@type\":\"BreadcrumbList\",\"@id\":\"https:\/\/hobstop.ee\/lt\/produktas\/sablonas-marabu-silhouette-30x30cm\/#breadcrumb\",\"itemListElement\":[{\"@type\":\"ListItem\",\"position\":1,\"name\":\"Avaleht\",\"item\":\"https:\/\/hobstop.ee\/lt\/\"},{\"@type\":\"ListItem\",\"position\":2,\"name\":\"Parduotuv\u0117\",\"item\":\"https:\/\/hobstop.ee\/lt\/parduotuve\/\"},{\"@type\":\"ListItem\",\"position\":3,\"name\":\"\u0160ablonas Marabu Silhouette 30x30cm\"}]},{\"@type\":\"WebSite\",\"@id\":\"https:\/\/hobstop.ee\/lt\/#website\",\"url\":\"https:\/\/hobstop.ee\/lt\/\",\"name\":\"Skizze\",\"description\":\"Dail\u0117s, pom\u0117gi\u0173 ir mokykliniai reikm\u0117nys\",\"publisher\":{\"@id\":\"https:\/\/hobstop.ee\/lt\/#organization\"},\"potentialAction\":[{\"@type\":\"SearchAction\",\"target\":{\"@type\":\"EntryPoint\",\"urlTemplate\":\"https:\/\/hobstop.ee\/lt\/?s={search_term_string}\"},\"query-input\":{\"@type\":\"PropertyValueSpecification\",\"valueRequired\":true,\"valueName\":\"search_term_string\"}}],\"inLanguage\":\"lt\"},{\"@type\":\"Organization\",\"@id\":\"https:\/\/hobstop.ee\/lt\/#organization\",\"name\":\"Vunder AS\",\"url\":\"https:\/\/hobstop.ee\/lt\/\",\"logo\":{\"@type\":\"ImageObject\",\"inLanguage\":\"lt\",\"@id\":\"https:\/\/hobstop.ee\/lt\/#\/schema\/logo\/image\/\",\"url\":\"https:\/\/hobstop.ee\/media\/vunder-logo.png\",\"contentUrl\":\"https:\/\/hobstop.ee\/media\/vunder-logo.png\",\"width\":127,\"height\":55,\"caption\":\"Vunder AS\"},\"image\":{\"@id\":\"https:\/\/hobstop.ee\/lt\/#\/schema\/logo\/image\/\"},\"sameAs\":[\"http:\/\/www.facebook.com\/VunderSkizze\"]}]}<\/script>\n<!-- \/ Yoast SEO plugin. -->","yoast_head_json":{"title":"\u0160ablonas Marabu Silhouette 30x30cm &#8211; Skizze","robots":{"index":"noindex","follow":"follow","max-snippet":"max-snippet:-1","max-image-preview":"max-image-preview:large","max-video-preview":"max-video-preview:-1"},"og_locale":"lt_LT","og_type":"article","og_title":"\u0160ablonas Marabu Silhouette 30x30cm &#8211; Skizze","og_description":"Sukurkite puikius atvirukus, dekoruokite paveiksl\u0173 r\u0117mus ar mar\u0161kin\u0117lius \u2013 k\u016brybingumui n\u0117ra rib\u0173. Trafaretai \u201eSilhouette\u201c tinka dekoruoti tekstilei, popieriui, paveiksl\u0173 r\u0117mus, medienos dirbinius, taip pat ir kitus pavir\u0161ius. Jie puikiai tinka mad\u0173 dizaineriams, skrebinimui, meninei \u017eurnalistikai ir \u012fvairiems medij\u0173 meno darbams. \u201eMarabu\u201c studijos trafaret\u0173 dizainas leid\u017eia sukurti individual\u0173 stili\u0173, trafaretus galima naudoti apverstus, veidrodiniu b\u016bdu ar individualiems projektams. Juostomis sujungtus trafaretus galima i\u0161kirpti ir panaudoti atskiriems darbams. Patvarius trafaretus galima naudoti \u012fvairioms reikm\u0117ms, juos lengva valyti, galima panaudoti i\u0161 naujo. Sud\u0117tyje n\u0117ra PVC. Atraskite begalinius derinius su akriliniais ir tekstil\u0117s da\u017eais. Trafaretus \u201eMarabu Silhouette\u201c derindami su tekstil\u0117s da\u017eais \u201eMarabu Fashion Spray\u201c, ant tekstil\u0117s dirbini\u0173 galite sukurti nuostabius efektus.","og_url":"https:\/\/hobstop.ee\/lt\/produktas\/sablonas-marabu-silhouette-30x30cm\/","og_site_name":"Skizze","article_publisher":"http:\/\/www.facebook.com\/VunderSkizze","og_image":[{"width":1024,"height":768,"url":"https:\/\/www.hobstop.ee\/media\/4161.jpg","type":"image\/jpeg"}],"twitter_card":"summary_large_image","twitter_misc":{"Est. reading time":"1 minute"},"schema":{"@context":"https:\/\/schema.org","@graph":[{"@type":"WebPage","@id":"https:\/\/hobstop.ee\/lt\/produktas\/sablonas-marabu-silhouette-30x30cm\/","url":"https:\/\/hobstop.ee\/lt\/produktas\/sablonas-marabu-silhouette-30x30cm\/","name":"\u0160ablonas Marabu Silhouette 30x30cm &#8211; Skizze","isPartOf":{"@id":"https:\/\/hobstop.ee\/lt\/#website"},"primaryImageOfPage":{"@id":"https:\/\/hobstop.ee\/lt\/produktas\/sablonas-marabu-silhouette-30x30cm\/#primaryimage"},"image":{"@id":"https:\/\/hobstop.ee\/lt\/produktas\/sablonas-marabu-silhouette-30x30cm\/#primaryimage"},"thumbnailUrl":"https:\/\/hobstop.ee\/media\/4161.jpg","datePublished":"2015-12-31T09:47:25+00:00","dateModified":"2015-12-31T09:47:25+00:00","breadcrumb":{"@id":"https:\/\/hobstop.ee\/lt\/produktas\/sablonas-marabu-silhouette-30x30cm\/#breadcrumb"},"inLanguage":"lt","potentialAction":[{"@type":"ReadAction","target":["https:\/\/hobstop.ee\/lt\/produktas\/sablonas-marabu-silhouette-30x30cm\/"]}]},{"@type":"ImageObject","inLanguage":"lt","@id":"https:\/\/hobstop.ee\/lt\/produktas\/sablonas-marabu-silhouette-30x30cm\/#primaryimage","url":"https:\/\/hobstop.ee\/media\/4161.jpg","contentUrl":"https:\/\/hobstop.ee\/media\/4161.jpg","width":1024,"height":768},{"@type":"BreadcrumbList","@id":"https:\/\/hobstop.ee\/lt\/produktas\/sablonas-marabu-silhouette-30x30cm\/#breadcrumb","itemListElement":[{"@type":"ListItem","position":1,"name":"Avaleht","item":"https:\/\/hobstop.ee\/lt\/"},{"@type":"ListItem","position":2,"name":"Parduotuv\u0117","item":"https:\/\/hobstop.ee\/lt\/parduotuve\/"},{"@type":"ListItem","position":3,"name":"\u0160ablonas Marabu Silhouette 30x30cm"}]},{"@type":"WebSite","@id":"https:\/\/hobstop.ee\/lt\/#website","url":"https:\/\/hobstop.ee\/lt\/","name":"Skizze","description":"Dail\u0117s, pom\u0117gi\u0173 ir mokykliniai reikm\u0117nys","publisher":{"@id":"https:\/\/hobstop.ee\/lt\/#organization"},"potentialAction":[{"@type":"SearchAction","target":{"@type":"EntryPoint","urlTemplate":"https:\/\/hobstop.ee\/lt\/?s={search_term_string}"},"query-input":{"@type":"PropertyValueSpecification","valueRequired":true,"valueName":"search_term_string"}}],"inLanguage":"lt"},{"@type":"Organization","@id":"https:\/\/hobstop.ee\/lt\/#organization","name":"Vunder AS","url":"https:\/\/hobstop.ee\/lt\/","logo":{"@type":"ImageObject","inLanguage":"lt","@id":"https:\/\/hobstop.ee\/lt\/#\/schema\/logo\/image\/","url":"https:\/\/hobstop.ee\/media\/vunder-logo.png","contentUrl":"https:\/\/hobstop.ee\/media\/vunder-logo.png","width":127,"height":55,"caption":"Vunder AS"},"image":{"@id":"https:\/\/hobstop.ee\/lt\/#\/schema\/logo\/image\/"},"sameAs":["http:\/\/www.facebook.com\/VunderSkizze"]}]}},"_links":{"self":[{"href":"https:\/\/hobstop.ee\/lt\/wp-json\/wp\/v2\/product\/244645","targetHints":{"allow":["GET"]}}],"collection":[{"href":"https:\/\/hobstop.ee\/lt\/wp-json\/wp\/v2\/product"}],"about":[{"href":"https:\/\/hobstop.ee\/lt\/wp-json\/wp\/v2\/types\/product"}],"replies":[{"embeddable":true,"href":"https:\/\/hobstop.ee\/lt\/wp-json\/wp\/v2\/comments?post=244645"}],"wp:featuredmedia":[{"embeddable":true,"href":"https:\/\/hobstop.ee\/lt\/wp-json\/wp\/v2\/media\/244817"}],"wp:attachment":[{"href":"https:\/\/hobstop.ee\/lt\/wp-json\/wp\/v2\/media?parent=244645"}],"wp:term":[{"taxonomy":"product_cat","embeddable":true,"href":"https:\/\/hobstop.ee\/lt\/wp-json\/wp\/v2\/product_cat?post=244645"},{"taxonomy":"product_tag","embeddable":true,"href":"https:\/\/hobstop.ee\/lt\/wp-json\/wp\/v2\/product_tag?post=244645"}],"curies":[{"name":"wp","href":"https:\/\/api.w.org\/{rel}","templated":true}]}}