{"id":245287,"date":"2016-01-13T14:04:29","date_gmt":"2016-01-13T12:04:29","guid":{"rendered":"http:\/\/www.vunder.ee\/lt\/product\/kinu-kaligrafijos-teptuku-rinkinys-manuscript-ozka\/"},"modified":"2016-01-13T14:04:29","modified_gmt":"2016-01-13T12:04:29","slug":"kinu-kaligrafijos-teptuku-rinkinys-manuscript-ozka","status":"publish","type":"product","link":"https:\/\/hobstop.ee\/lt\/produktas\/kinu-kaligrafijos-teptuku-rinkinys-manuscript-ozka\/","title":{"rendered":"Kin\u0173 kaligrafijos teptuk\u0173 rinkinys Manuscript o\u017eka"},"content":{"rendered":"<p>Specialus kin\u0173 kaligrafijos teptukas, pagamintas i\u0161 o\u017ekos plauk\u0173, jo bambukinis kotelis dekoruotas juodu ragu ir kin\u0173 ornamentais. I\u0161 o\u017ekos plaukeli\u0173 pagaminto teptuko galiukas yra mink\u0161tas, tod\u0117l pot\u0117pis yra lankstus. D\u0117l teptuko galiuko tekst\u016bros ir strukt\u016bros teptukas \u012fgeria daugiau tu\u0161o, tod\u0117l pot\u0117piai yra ilgesni. Puikiai tinka kin\u0173 kaligrafijai ir pie\u0161iniams tu\u0161u. Naudoti tik su tu\u0161u ir vandens pagrindu pagamintais da\u017eais.<\/p>\n","protected":false},"excerpt":{"rendered":"<p>Specialus kin\u0173 kaligrafijos teptukas, pagamintas i\u0161 o\u017ekos plauk\u0173, jo bambukinis kotelis dekoruotas juodu ragu ir kin\u0173 ornamentais. I\u0161 o\u017ekos plaukeli\u0173 pagaminto teptuko galiukas yra mink\u0161tas, tod\u0117l pot\u0117pis yra lankstus. D\u0117l teptuko galiuko tekst\u016bros ir strukt\u016bros teptukas \u012fgeria daugiau tu\u0161o, tod\u0117l pot\u0117piai yra ilgesni. Puikiai tinka kin\u0173 kaligrafijai ir pie\u0161iniams tu\u0161u. Naudoti tik su tu\u0161u ir vandens pagrindu pagamintais da\u017eais.<\/p>\n","protected":false},"featured_media":245447,"comment_status":"closed","ping_status":"closed","template":"","meta":{"_acf_changed":false,"ep_exclude_from_search":false},"product_cat":[16124,14880,19780],"product_tag":[],"class_list":{"0":"post-245287","1":"product","2":"type-product","3":"status-publish","4":"has-post-thumbnail","6":"product_cat-dailes-prekes","7":"product_cat-kiirkoitjad","8":"product_cat-teptukai-4","10":"first","11":"outofstock","12":"taxable","13":"shipping-taxable","14":"purchasable","15":"product-type-simple"},"acf":[],"yoast_head":"<!-- This site is optimized with the Yoast SEO plugin v24.1 - https:\/\/yoast.com\/wordpress\/plugins\/seo\/ -->\n<title>Kin\u0173 kaligrafijos teptuk\u0173 rinkinys Manuscript o\u017eka &#8211; Skizze<\/title>\n<meta name=\"robots\" content=\"noindex, follow, max-snippet:-1, max-image-preview:large, max-video-preview:-1\" \/>\n<meta property=\"og:locale\" content=\"lt_LT\" \/>\n<meta property=\"og:type\" content=\"article\" \/>\n<meta property=\"og:title\" content=\"Kin\u0173 kaligrafijos teptuk\u0173 rinkinys Manuscript o\u017eka &#8211; Skizze\" \/>\n<meta property=\"og:description\" content=\"Specialus kin\u0173 kaligrafijos teptukas, pagamintas i\u0161 o\u017ekos plauk\u0173, jo bambukinis kotelis dekoruotas juodu ragu ir kin\u0173 ornamentais. I\u0161 o\u017ekos plaukeli\u0173 pagaminto teptuko galiukas yra mink\u0161tas, tod\u0117l pot\u0117pis yra lankstus. D\u0117l teptuko galiuko tekst\u016bros ir strukt\u016bros teptukas \u012fgeria daugiau tu\u0161o, tod\u0117l pot\u0117piai yra ilgesni. Puikiai tinka kin\u0173 kaligrafijai ir pie\u0161iniams tu\u0161u. Naudoti tik su tu\u0161u ir vandens pagrindu pagamintais da\u017eais.\" \/>\n<meta property=\"og:url\" content=\"https:\/\/hobstop.ee\/lt\/produktas\/kinu-kaligrafijos-teptuku-rinkinys-manuscript-ozka\/\" \/>\n<meta property=\"og:site_name\" content=\"Skizze\" \/>\n<meta property=\"article:publisher\" content=\"http:\/\/www.facebook.com\/VunderSkizze\" \/>\n<meta property=\"og:image\" content=\"https:\/\/hobstop.ee\/media\/3914.JPG\" \/>\n\t<meta property=\"og:image:width\" content=\"1024\" \/>\n\t<meta property=\"og:image:height\" content=\"768\" \/>\n\t<meta property=\"og:image:type\" content=\"image\/jpeg\" \/>\n<meta name=\"twitter:card\" content=\"summary_large_image\" \/>\n<script type=\"application\/ld+json\" class=\"yoast-schema-graph\">{\"@context\":\"https:\/\/schema.org\",\"@graph\":[{\"@type\":\"WebPage\",\"@id\":\"https:\/\/hobstop.ee\/lt\/produktas\/kinu-kaligrafijos-teptuku-rinkinys-manuscript-ozka\/\",\"url\":\"https:\/\/hobstop.ee\/lt\/produktas\/kinu-kaligrafijos-teptuku-rinkinys-manuscript-ozka\/\",\"name\":\"Kin\u0173 kaligrafijos teptuk\u0173 rinkinys Manuscript o\u017eka &#8211; Skizze\",\"isPartOf\":{\"@id\":\"https:\/\/hobstop.ee\/lt\/#website\"},\"primaryImageOfPage\":{\"@id\":\"https:\/\/hobstop.ee\/lt\/produktas\/kinu-kaligrafijos-teptuku-rinkinys-manuscript-ozka\/#primaryimage\"},\"image\":{\"@id\":\"https:\/\/hobstop.ee\/lt\/produktas\/kinu-kaligrafijos-teptuku-rinkinys-manuscript-ozka\/#primaryimage\"},\"thumbnailUrl\":\"https:\/\/hobstop.ee\/media\/3914.JPG\",\"datePublished\":\"2016-01-13T12:04:29+00:00\",\"dateModified\":\"2016-01-13T12:04:29+00:00\",\"breadcrumb\":{\"@id\":\"https:\/\/hobstop.ee\/lt\/produktas\/kinu-kaligrafijos-teptuku-rinkinys-manuscript-ozka\/#breadcrumb\"},\"inLanguage\":\"lt\",\"potentialAction\":[{\"@type\":\"ReadAction\",\"target\":[\"https:\/\/hobstop.ee\/lt\/produktas\/kinu-kaligrafijos-teptuku-rinkinys-manuscript-ozka\/\"]}]},{\"@type\":\"ImageObject\",\"inLanguage\":\"lt\",\"@id\":\"https:\/\/hobstop.ee\/lt\/produktas\/kinu-kaligrafijos-teptuku-rinkinys-manuscript-ozka\/#primaryimage\",\"url\":\"https:\/\/hobstop.ee\/media\/3914.JPG\",\"contentUrl\":\"https:\/\/hobstop.ee\/media\/3914.JPG\",\"width\":1024,\"height\":768},{\"@type\":\"BreadcrumbList\",\"@id\":\"https:\/\/hobstop.ee\/lt\/produktas\/kinu-kaligrafijos-teptuku-rinkinys-manuscript-ozka\/#breadcrumb\",\"itemListElement\":[{\"@type\":\"ListItem\",\"position\":1,\"name\":\"Avaleht\",\"item\":\"https:\/\/hobstop.ee\/lt\/\"},{\"@type\":\"ListItem\",\"position\":2,\"name\":\"Parduotuv\u0117\",\"item\":\"https:\/\/hobstop.ee\/lt\/parduotuve\/\"},{\"@type\":\"ListItem\",\"position\":3,\"name\":\"Kin\u0173 kaligrafijos teptuk\u0173 rinkinys Manuscript o\u017eka\"}]},{\"@type\":\"WebSite\",\"@id\":\"https:\/\/hobstop.ee\/lt\/#website\",\"url\":\"https:\/\/hobstop.ee\/lt\/\",\"name\":\"Skizze\",\"description\":\"Dail\u0117s, pom\u0117gi\u0173 ir mokykliniai reikm\u0117nys\",\"publisher\":{\"@id\":\"https:\/\/hobstop.ee\/lt\/#organization\"},\"potentialAction\":[{\"@type\":\"SearchAction\",\"target\":{\"@type\":\"EntryPoint\",\"urlTemplate\":\"https:\/\/hobstop.ee\/lt\/?s={search_term_string}\"},\"query-input\":{\"@type\":\"PropertyValueSpecification\",\"valueRequired\":true,\"valueName\":\"search_term_string\"}}],\"inLanguage\":\"lt\"},{\"@type\":\"Organization\",\"@id\":\"https:\/\/hobstop.ee\/lt\/#organization\",\"name\":\"Vunder AS\",\"url\":\"https:\/\/hobstop.ee\/lt\/\",\"logo\":{\"@type\":\"ImageObject\",\"inLanguage\":\"lt\",\"@id\":\"https:\/\/hobstop.ee\/lt\/#\/schema\/logo\/image\/\",\"url\":\"https:\/\/hobstop.ee\/media\/vunder-logo.png\",\"contentUrl\":\"https:\/\/hobstop.ee\/media\/vunder-logo.png\",\"width\":127,\"height\":55,\"caption\":\"Vunder AS\"},\"image\":{\"@id\":\"https:\/\/hobstop.ee\/lt\/#\/schema\/logo\/image\/\"},\"sameAs\":[\"http:\/\/www.facebook.com\/VunderSkizze\"]}]}<\/script>\n<!-- \/ Yoast SEO plugin. -->","yoast_head_json":{"title":"Kin\u0173 kaligrafijos teptuk\u0173 rinkinys Manuscript o\u017eka &#8211; Skizze","robots":{"index":"noindex","follow":"follow","max-snippet":"max-snippet:-1","max-image-preview":"max-image-preview:large","max-video-preview":"max-video-preview:-1"},"og_locale":"lt_LT","og_type":"article","og_title":"Kin\u0173 kaligrafijos teptuk\u0173 rinkinys Manuscript o\u017eka &#8211; Skizze","og_description":"Specialus kin\u0173 kaligrafijos teptukas, pagamintas i\u0161 o\u017ekos plauk\u0173, jo bambukinis kotelis dekoruotas juodu ragu ir kin\u0173 ornamentais. I\u0161 o\u017ekos plaukeli\u0173 pagaminto teptuko galiukas yra mink\u0161tas, tod\u0117l pot\u0117pis yra lankstus. D\u0117l teptuko galiuko tekst\u016bros ir strukt\u016bros teptukas \u012fgeria daugiau tu\u0161o, tod\u0117l pot\u0117piai yra ilgesni. Puikiai tinka kin\u0173 kaligrafijai ir pie\u0161iniams tu\u0161u. Naudoti tik su tu\u0161u ir vandens pagrindu pagamintais da\u017eais.","og_url":"https:\/\/hobstop.ee\/lt\/produktas\/kinu-kaligrafijos-teptuku-rinkinys-manuscript-ozka\/","og_site_name":"Skizze","article_publisher":"http:\/\/www.facebook.com\/VunderSkizze","og_image":[{"width":1024,"height":768,"url":"https:\/\/hobstop.ee\/media\/3914.JPG","type":"image\/jpeg"}],"twitter_card":"summary_large_image","schema":{"@context":"https:\/\/schema.org","@graph":[{"@type":"WebPage","@id":"https:\/\/hobstop.ee\/lt\/produktas\/kinu-kaligrafijos-teptuku-rinkinys-manuscript-ozka\/","url":"https:\/\/hobstop.ee\/lt\/produktas\/kinu-kaligrafijos-teptuku-rinkinys-manuscript-ozka\/","name":"Kin\u0173 kaligrafijos teptuk\u0173 rinkinys Manuscript o\u017eka &#8211; Skizze","isPartOf":{"@id":"https:\/\/hobstop.ee\/lt\/#website"},"primaryImageOfPage":{"@id":"https:\/\/hobstop.ee\/lt\/produktas\/kinu-kaligrafijos-teptuku-rinkinys-manuscript-ozka\/#primaryimage"},"image":{"@id":"https:\/\/hobstop.ee\/lt\/produktas\/kinu-kaligrafijos-teptuku-rinkinys-manuscript-ozka\/#primaryimage"},"thumbnailUrl":"https:\/\/hobstop.ee\/media\/3914.JPG","datePublished":"2016-01-13T12:04:29+00:00","dateModified":"2016-01-13T12:04:29+00:00","breadcrumb":{"@id":"https:\/\/hobstop.ee\/lt\/produktas\/kinu-kaligrafijos-teptuku-rinkinys-manuscript-ozka\/#breadcrumb"},"inLanguage":"lt","potentialAction":[{"@type":"ReadAction","target":["https:\/\/hobstop.ee\/lt\/produktas\/kinu-kaligrafijos-teptuku-rinkinys-manuscript-ozka\/"]}]},{"@type":"ImageObject","inLanguage":"lt","@id":"https:\/\/hobstop.ee\/lt\/produktas\/kinu-kaligrafijos-teptuku-rinkinys-manuscript-ozka\/#primaryimage","url":"https:\/\/hobstop.ee\/media\/3914.JPG","contentUrl":"https:\/\/hobstop.ee\/media\/3914.JPG","width":1024,"height":768},{"@type":"BreadcrumbList","@id":"https:\/\/hobstop.ee\/lt\/produktas\/kinu-kaligrafijos-teptuku-rinkinys-manuscript-ozka\/#breadcrumb","itemListElement":[{"@type":"ListItem","position":1,"name":"Avaleht","item":"https:\/\/hobstop.ee\/lt\/"},{"@type":"ListItem","position":2,"name":"Parduotuv\u0117","item":"https:\/\/hobstop.ee\/lt\/parduotuve\/"},{"@type":"ListItem","position":3,"name":"Kin\u0173 kaligrafijos teptuk\u0173 rinkinys Manuscript o\u017eka"}]},{"@type":"WebSite","@id":"https:\/\/hobstop.ee\/lt\/#website","url":"https:\/\/hobstop.ee\/lt\/","name":"Skizze","description":"Dail\u0117s, pom\u0117gi\u0173 ir mokykliniai reikm\u0117nys","publisher":{"@id":"https:\/\/hobstop.ee\/lt\/#organization"},"potentialAction":[{"@type":"SearchAction","target":{"@type":"EntryPoint","urlTemplate":"https:\/\/hobstop.ee\/lt\/?s={search_term_string}"},"query-input":{"@type":"PropertyValueSpecification","valueRequired":true,"valueName":"search_term_string"}}],"inLanguage":"lt"},{"@type":"Organization","@id":"https:\/\/hobstop.ee\/lt\/#organization","name":"Vunder AS","url":"https:\/\/hobstop.ee\/lt\/","logo":{"@type":"ImageObject","inLanguage":"lt","@id":"https:\/\/hobstop.ee\/lt\/#\/schema\/logo\/image\/","url":"https:\/\/hobstop.ee\/media\/vunder-logo.png","contentUrl":"https:\/\/hobstop.ee\/media\/vunder-logo.png","width":127,"height":55,"caption":"Vunder AS"},"image":{"@id":"https:\/\/hobstop.ee\/lt\/#\/schema\/logo\/image\/"},"sameAs":["http:\/\/www.facebook.com\/VunderSkizze"]}]}},"_links":{"self":[{"href":"https:\/\/hobstop.ee\/lt\/wp-json\/wp\/v2\/product\/245287","targetHints":{"allow":["GET"]}}],"collection":[{"href":"https:\/\/hobstop.ee\/lt\/wp-json\/wp\/v2\/product"}],"about":[{"href":"https:\/\/hobstop.ee\/lt\/wp-json\/wp\/v2\/types\/product"}],"replies":[{"embeddable":true,"href":"https:\/\/hobstop.ee\/lt\/wp-json\/wp\/v2\/comments?post=245287"}],"wp:featuredmedia":[{"embeddable":true,"href":"https:\/\/hobstop.ee\/lt\/wp-json\/wp\/v2\/media\/245447"}],"wp:attachment":[{"href":"https:\/\/hobstop.ee\/lt\/wp-json\/wp\/v2\/media?parent=245287"}],"wp:term":[{"taxonomy":"product_cat","embeddable":true,"href":"https:\/\/hobstop.ee\/lt\/wp-json\/wp\/v2\/product_cat?post=245287"},{"taxonomy":"product_tag","embeddable":true,"href":"https:\/\/hobstop.ee\/lt\/wp-json\/wp\/v2\/product_tag?post=245287"}],"curies":[{"name":"wp","href":"https:\/\/api.w.org\/{rel}","templated":true}]}}