{"id":245291,"date":"2016-01-13T14:04:31","date_gmt":"2016-01-13T12:04:31","guid":{"rendered":"http:\/\/www.vunder.ee\/lt\/product\/sasiuvinis-eskizams-derwent-graphik-inspire-me\/"},"modified":"2016-01-13T14:04:31","modified_gmt":"2016-01-13T12:04:31","slug":"sasiuvinis-eskizams-derwent-graphik-inspire-me","status":"publish","type":"product","link":"https:\/\/hobstop.ee\/lt\/produktas\/sasiuvinis-eskizams-derwent-graphik-inspire-me\/","title":{"rendered":"S\u0105siuvinis eskizams Derwent Graphik Inspire Me"},"content":{"rendered":"<p>Eskiz\u0173 bloknoto \u201eDerwent Inspire Me\u201c neblunkantys skirting\u0173 r\u016b\u0161i\u0173 lapai (lapo svoris 120g\/m2) suteks Jums nauj\u0173 id\u0117j\u0173. Bloknote yra 32 puslapiai su nery\u0161kiais, i\u0161 ta\u0161k\u0173, trikampi\u0173, sta\u010diakampi\u0173 ir \u0161e\u0161iakampi\u0173 (kiekvieno po 8 puslapius) sudarytais ra\u0161tais, kurie \u012fkv\u0117ps J\u016bs\u0173 fantazij\u0105, ir 50 \u0161vari\u0173 lap\u0173.<\/p>\n","protected":false},"excerpt":{"rendered":"<p>Eskiz\u0173 bloknoto \u201eDerwent Inspire Me\u201c neblunkantys skirting\u0173 r\u016b\u0161i\u0173 lapai (lapo svoris 120g\/m2) suteks Jums nauj\u0173 id\u0117j\u0173. Bloknote yra 32 puslapiai su nery\u0161kiais, i\u0161 ta\u0161k\u0173, trikampi\u0173, sta\u010diakampi\u0173 ir \u0161e\u0161iakampi\u0173 (kiekvieno po 8 puslapius) sudarytais ra\u0161tais, kurie \u012fkv\u0117ps J\u016bs\u0173 fantazij\u0105, ir 50 \u0161vari\u0173 lap\u0173.<\/p>\n","protected":false},"featured_media":0,"comment_status":"closed","ping_status":"closed","template":"","meta":{"_acf_changed":false,"ep_exclude_from_search":false},"product_cat":[19025,17922,18944],"product_tag":[],"class_list":{"0":"post-245291","1":"product","2":"type-product","3":"status-publish","5":"product_cat-piesimo-popierius-ir-bloknotai","6":"product_cat-popieriaus-prekes","7":"product_cat-specialus-popierius-ir-kartonas","9":"first","10":"instock","11":"taxable","12":"shipping-taxable","13":"purchasable","14":"product-type-simple"},"acf":[],"yoast_head":"<!-- This site is optimized with the Yoast SEO plugin v24.1 - https:\/\/yoast.com\/wordpress\/plugins\/seo\/ -->\n<title>S\u0105siuvinis eskizams Derwent Graphik Inspire Me &#8211; Skizze<\/title>\n<meta name=\"robots\" content=\"noindex, follow, max-snippet:-1, max-image-preview:large, max-video-preview:-1\" \/>\n<meta property=\"og:locale\" content=\"lt_LT\" \/>\n<meta property=\"og:type\" content=\"article\" \/>\n<meta property=\"og:title\" content=\"S\u0105siuvinis eskizams Derwent Graphik Inspire Me &#8211; Skizze\" \/>\n<meta property=\"og:description\" content=\"Eskiz\u0173 bloknoto \u201eDerwent Inspire Me\u201c neblunkantys skirting\u0173 r\u016b\u0161i\u0173 lapai (lapo svoris 120g\/m2) suteks Jums nauj\u0173 id\u0117j\u0173. Bloknote yra 32 puslapiai su nery\u0161kiais, i\u0161 ta\u0161k\u0173, trikampi\u0173, sta\u010diakampi\u0173 ir \u0161e\u0161iakampi\u0173 (kiekvieno po 8 puslapius) sudarytais ra\u0161tais, kurie \u012fkv\u0117ps J\u016bs\u0173 fantazij\u0105, ir 50 \u0161vari\u0173 lap\u0173.\" \/>\n<meta property=\"og:url\" content=\"https:\/\/hobstop.ee\/lt\/produktas\/sasiuvinis-eskizams-derwent-graphik-inspire-me\/\" \/>\n<meta property=\"og:site_name\" content=\"Skizze\" \/>\n<meta property=\"article:publisher\" content=\"http:\/\/www.facebook.com\/VunderSkizze\" \/>\n<meta name=\"twitter:card\" content=\"summary_large_image\" \/>\n<script type=\"application\/ld+json\" class=\"yoast-schema-graph\">{\"@context\":\"https:\/\/schema.org\",\"@graph\":[{\"@type\":\"WebPage\",\"@id\":\"https:\/\/hobstop.ee\/lt\/produktas\/sasiuvinis-eskizams-derwent-graphik-inspire-me\/\",\"url\":\"https:\/\/hobstop.ee\/lt\/produktas\/sasiuvinis-eskizams-derwent-graphik-inspire-me\/\",\"name\":\"S\u0105siuvinis eskizams Derwent Graphik Inspire Me &#8211; Skizze\",\"isPartOf\":{\"@id\":\"https:\/\/hobstop.ee\/lt\/#website\"},\"datePublished\":\"2016-01-13T12:04:31+00:00\",\"dateModified\":\"2016-01-13T12:04:31+00:00\",\"breadcrumb\":{\"@id\":\"https:\/\/hobstop.ee\/lt\/produktas\/sasiuvinis-eskizams-derwent-graphik-inspire-me\/#breadcrumb\"},\"inLanguage\":\"lt\",\"potentialAction\":[{\"@type\":\"ReadAction\",\"target\":[\"https:\/\/hobstop.ee\/lt\/produktas\/sasiuvinis-eskizams-derwent-graphik-inspire-me\/\"]}]},{\"@type\":\"BreadcrumbList\",\"@id\":\"https:\/\/hobstop.ee\/lt\/produktas\/sasiuvinis-eskizams-derwent-graphik-inspire-me\/#breadcrumb\",\"itemListElement\":[{\"@type\":\"ListItem\",\"position\":1,\"name\":\"Avaleht\",\"item\":\"https:\/\/hobstop.ee\/lt\/\"},{\"@type\":\"ListItem\",\"position\":2,\"name\":\"Parduotuv\u0117\",\"item\":\"https:\/\/hobstop.ee\/lt\/parduotuve\/\"},{\"@type\":\"ListItem\",\"position\":3,\"name\":\"S\u0105siuvinis eskizams Derwent Graphik Inspire Me\"}]},{\"@type\":\"WebSite\",\"@id\":\"https:\/\/hobstop.ee\/lt\/#website\",\"url\":\"https:\/\/hobstop.ee\/lt\/\",\"name\":\"Skizze\",\"description\":\"Dail\u0117s, pom\u0117gi\u0173 ir mokykliniai reikm\u0117nys\",\"publisher\":{\"@id\":\"https:\/\/hobstop.ee\/lt\/#organization\"},\"potentialAction\":[{\"@type\":\"SearchAction\",\"target\":{\"@type\":\"EntryPoint\",\"urlTemplate\":\"https:\/\/hobstop.ee\/lt\/?s={search_term_string}\"},\"query-input\":{\"@type\":\"PropertyValueSpecification\",\"valueRequired\":true,\"valueName\":\"search_term_string\"}}],\"inLanguage\":\"lt\"},{\"@type\":\"Organization\",\"@id\":\"https:\/\/hobstop.ee\/lt\/#organization\",\"name\":\"Vunder AS\",\"url\":\"https:\/\/hobstop.ee\/lt\/\",\"logo\":{\"@type\":\"ImageObject\",\"inLanguage\":\"lt\",\"@id\":\"https:\/\/hobstop.ee\/lt\/#\/schema\/logo\/image\/\",\"url\":\"https:\/\/hobstop.ee\/media\/vunder-logo.png\",\"contentUrl\":\"https:\/\/hobstop.ee\/media\/vunder-logo.png\",\"width\":127,\"height\":55,\"caption\":\"Vunder AS\"},\"image\":{\"@id\":\"https:\/\/hobstop.ee\/lt\/#\/schema\/logo\/image\/\"},\"sameAs\":[\"http:\/\/www.facebook.com\/VunderSkizze\"]}]}<\/script>\n<!-- \/ Yoast SEO plugin. -->","yoast_head_json":{"title":"S\u0105siuvinis eskizams Derwent Graphik Inspire Me &#8211; Skizze","robots":{"index":"noindex","follow":"follow","max-snippet":"max-snippet:-1","max-image-preview":"max-image-preview:large","max-video-preview":"max-video-preview:-1"},"og_locale":"lt_LT","og_type":"article","og_title":"S\u0105siuvinis eskizams Derwent Graphik Inspire Me &#8211; Skizze","og_description":"Eskiz\u0173 bloknoto \u201eDerwent Inspire Me\u201c neblunkantys skirting\u0173 r\u016b\u0161i\u0173 lapai (lapo svoris 120g\/m2) suteks Jums nauj\u0173 id\u0117j\u0173. Bloknote yra 32 puslapiai su nery\u0161kiais, i\u0161 ta\u0161k\u0173, trikampi\u0173, sta\u010diakampi\u0173 ir \u0161e\u0161iakampi\u0173 (kiekvieno po 8 puslapius) sudarytais ra\u0161tais, kurie \u012fkv\u0117ps J\u016bs\u0173 fantazij\u0105, ir 50 \u0161vari\u0173 lap\u0173.","og_url":"https:\/\/hobstop.ee\/lt\/produktas\/sasiuvinis-eskizams-derwent-graphik-inspire-me\/","og_site_name":"Skizze","article_publisher":"http:\/\/www.facebook.com\/VunderSkizze","twitter_card":"summary_large_image","schema":{"@context":"https:\/\/schema.org","@graph":[{"@type":"WebPage","@id":"https:\/\/hobstop.ee\/lt\/produktas\/sasiuvinis-eskizams-derwent-graphik-inspire-me\/","url":"https:\/\/hobstop.ee\/lt\/produktas\/sasiuvinis-eskizams-derwent-graphik-inspire-me\/","name":"S\u0105siuvinis eskizams Derwent Graphik Inspire Me &#8211; Skizze","isPartOf":{"@id":"https:\/\/hobstop.ee\/lt\/#website"},"datePublished":"2016-01-13T12:04:31+00:00","dateModified":"2016-01-13T12:04:31+00:00","breadcrumb":{"@id":"https:\/\/hobstop.ee\/lt\/produktas\/sasiuvinis-eskizams-derwent-graphik-inspire-me\/#breadcrumb"},"inLanguage":"lt","potentialAction":[{"@type":"ReadAction","target":["https:\/\/hobstop.ee\/lt\/produktas\/sasiuvinis-eskizams-derwent-graphik-inspire-me\/"]}]},{"@type":"BreadcrumbList","@id":"https:\/\/hobstop.ee\/lt\/produktas\/sasiuvinis-eskizams-derwent-graphik-inspire-me\/#breadcrumb","itemListElement":[{"@type":"ListItem","position":1,"name":"Avaleht","item":"https:\/\/hobstop.ee\/lt\/"},{"@type":"ListItem","position":2,"name":"Parduotuv\u0117","item":"https:\/\/hobstop.ee\/lt\/parduotuve\/"},{"@type":"ListItem","position":3,"name":"S\u0105siuvinis eskizams Derwent Graphik Inspire Me"}]},{"@type":"WebSite","@id":"https:\/\/hobstop.ee\/lt\/#website","url":"https:\/\/hobstop.ee\/lt\/","name":"Skizze","description":"Dail\u0117s, pom\u0117gi\u0173 ir mokykliniai reikm\u0117nys","publisher":{"@id":"https:\/\/hobstop.ee\/lt\/#organization"},"potentialAction":[{"@type":"SearchAction","target":{"@type":"EntryPoint","urlTemplate":"https:\/\/hobstop.ee\/lt\/?s={search_term_string}"},"query-input":{"@type":"PropertyValueSpecification","valueRequired":true,"valueName":"search_term_string"}}],"inLanguage":"lt"},{"@type":"Organization","@id":"https:\/\/hobstop.ee\/lt\/#organization","name":"Vunder AS","url":"https:\/\/hobstop.ee\/lt\/","logo":{"@type":"ImageObject","inLanguage":"lt","@id":"https:\/\/hobstop.ee\/lt\/#\/schema\/logo\/image\/","url":"https:\/\/hobstop.ee\/media\/vunder-logo.png","contentUrl":"https:\/\/hobstop.ee\/media\/vunder-logo.png","width":127,"height":55,"caption":"Vunder AS"},"image":{"@id":"https:\/\/hobstop.ee\/lt\/#\/schema\/logo\/image\/"},"sameAs":["http:\/\/www.facebook.com\/VunderSkizze"]}]}},"_links":{"self":[{"href":"https:\/\/hobstop.ee\/lt\/wp-json\/wp\/v2\/product\/245291","targetHints":{"allow":["GET"]}}],"collection":[{"href":"https:\/\/hobstop.ee\/lt\/wp-json\/wp\/v2\/product"}],"about":[{"href":"https:\/\/hobstop.ee\/lt\/wp-json\/wp\/v2\/types\/product"}],"replies":[{"embeddable":true,"href":"https:\/\/hobstop.ee\/lt\/wp-json\/wp\/v2\/comments?post=245291"}],"wp:attachment":[{"href":"https:\/\/hobstop.ee\/lt\/wp-json\/wp\/v2\/media?parent=245291"}],"wp:term":[{"taxonomy":"product_cat","embeddable":true,"href":"https:\/\/hobstop.ee\/lt\/wp-json\/wp\/v2\/product_cat?post=245291"},{"taxonomy":"product_tag","embeddable":true,"href":"https:\/\/hobstop.ee\/lt\/wp-json\/wp\/v2\/product_tag?post=245291"}],"curies":[{"name":"wp","href":"https:\/\/api.w.org\/{rel}","templated":true}]}}